{"id":9995,"date":"2026-02-28T14:31:08","date_gmt":"2026-02-28T11:31:08","guid":{"rendered":"https:\/\/www.kapi.ltd\/urun\/ic-oda-kapisi\/"},"modified":"2026-03-08T09:21:59","modified_gmt":"2026-03-08T06:21:59","slug":"ic-oda-kapisi","status":"publish","type":"product","link":"https:\/\/www.kapi.ltd\/sq\/urun\/ic-oda-kapisi\/","title":{"rendered":"i\u00e7 oda kap\u0131s\u0131"},"content":{"rendered":"<div class=\"relative basis-auto flex-col -mb-(--composer-overlap-px) [--composer-overlap-px:28px] grow flex\">\n<div class=\"flex flex-col text-sm pb-25\">\n<article class=\"text-token-text-primary w-full focus:outline-none [--shadow-height:45px] has-data-writing-block:pointer-events-none has-data-writing-block:-mt-(--shadow-height) has-data-writing-block:pt-(--shadow-height) [&amp;:has([data-writing-block])&gt;*]:pointer-events-auto scroll-mt-[calc(var(--header-height)+min(200px,max(70px,20svh)))]\" dir=\"auto\" tabindex=\"-1\" data-turn-id=\"request-WEB:2b9e6435-ceff-4ba4-bf60-66abfd099f94-4\" data-testid=\"conversation-turn-6\" data-scroll-anchor=\"true\" data-turn=\"assistant\">\n<div class=\"text-base my-auto mx-auto pb-10 [--thread-content-margin:--spacing(4)] @w-sm\/main:[--thread-content-margin:--spacing(6)] @w-lg\/main:[--thread-content-margin:--spacing(16)] px-(--thread-content-margin)\">\n<div class=\"[--thread-content-max-width:40rem] @w-lg\/main:[--thread-content-max-width:48rem] mx-auto max-w-(--thread-content-max-width) flex-1 group\/turn-messages focus-visible:outline-hidden relative flex w-full min-w-0 flex-col agent-turn\" tabindex=\"-1\">\n<div class=\"flex max-w-full flex-col grow\">\n<div class=\"min-h-8 text-message relative flex w-full flex-col items-end gap-2 text-start break-words whitespace-normal [.text-message+&amp;]:mt-1\" dir=\"auto\" data-message-author-role=\"assistant\" data-message-id=\"7e3d4023-93e5-4f40-b9b4-ca2e1a7065cc\" data-message-model-slug=\"gpt-5-2\">\n<div class=\"flex w-full flex-col gap-1 empty:hidden first:pt-[1px]\">\n<div class=\"markdown prose dark:prose-invert w-full wrap-break-word light markdown-new-styling\">\n<div class=\"flex flex-col text-sm\">\n<article class=\"text-token-text-primary w-full focus:outline-none [--shadow-height:45px] has-data-writing-block:pointer-events-none has-data-writing-block:-mt-(--shadow-height) has-data-writing-block:pt-(--shadow-height) [&amp;:has([data-writing-block])&gt;*]:pointer-events-auto scroll-mt-[calc(var(--header-height)+min(200px,max(70px,20svh)))]\" dir=\"auto\" tabindex=\"-1\" data-turn-id=\"request-WEB:cd5deb19-94c9-483e-9ebf-bd612e199c7a-4\" data-testid=\"conversation-turn-10\" data-scroll-anchor=\"true\" data-turn=\"assistant\">\n<div class=\"text-base my-auto mx-auto pb-10 [--thread-content-margin:--spacing(4)] @w-sm\/main:[--thread-content-margin:--spacing(6)] @w-lg\/main:[--thread-content-margin:--spacing(16)] px-(--thread-content-margin)\">\n<div class=\"[--thread-content-max-width:40rem] @w-lg\/main:[--thread-content-max-width:48rem] mx-auto max-w-(--thread-content-max-width) flex-1 group\/turn-messages focus-visible:outline-hidden relative flex w-full min-w-0 flex-col agent-turn\" tabindex=\"-1\">\n<div class=\"flex max-w-full flex-col grow\">\n<div class=\"min-h-8 text-message relative flex w-full flex-col items-end gap-2 text-start break-words whitespace-normal [.text-message+&amp;]:mt-1\" dir=\"auto\" data-message-author-role=\"assistant\" data-message-id=\"b96b74e1-3daa-4b7d-9619-2887dd84cbb3\" data-message-model-slug=\"gpt-5-2\">\n<div class=\"flex w-full flex-col gap-1 empty:hidden first:pt-[1px]\">\n<div class=\"markdown prose dark:prose-invert w-full wrap-break-word light markdown-new-styling\">\n<h3 data-start=\"0\" data-end=\"67\"><strong data-start=\"4\" data-end=\"67\">\u0130\u00e7 Oda Kap\u0131lar\u0131: Estetik ve Fonksiyonellik \u0130\u00e7in Do\u011fru Se\u00e7im<\/strong><\/h3>\n<p data-start=\"69\" data-end=\"479\">\u0130\u00e7 mekanlarda kullan\u0131lan kap\u0131lar, sadece odalar\u0131 ay\u0131rmakla kalmaz, ayn\u0131 zamanda ya\u015fam alan\u0131n\u0131n genel dekorasyonuna da katk\u0131 sa\u011flar. <strong data-start=\"201\" data-end=\"220\">\u0130\u00e7 oda kap\u0131lar\u0131<\/strong> hem fonksiyonel hem de estetik a\u00e7\u0131dan \u00f6nemli bir rol oynar. Bu yaz\u0131m\u0131zda, <strong data-start=\"295\" data-end=\"311\">oda kap\u0131lar\u0131<\/strong>, <strong data-start=\"313\" data-end=\"330\">i\u00e7 oda kap\u0131s\u0131<\/strong> ve <strong data-start=\"334\" data-end=\"355\">i\u00e7 kap\u0131 modelleri<\/strong> gibi anahtar kelimeleri kullanarak, i\u00e7 kap\u0131lar\u0131n ne kadar \u00f6nemli oldu\u011funu ve do\u011fru se\u00e7im yapman\u0131n ipu\u00e7lar\u0131n\u0131 inceleyece\u011fiz.<\/p>\n<h4 data-start=\"481\" data-end=\"523\"><strong data-start=\"486\" data-end=\"523\">\u0130\u00e7 Oda Kap\u0131lar\u0131: Neden \u00d6nemlidir?<\/strong><\/h4>\n<p data-start=\"525\" data-end=\"836\"><strong data-start=\"525\" data-end=\"544\">\u0130\u00e7 oda kap\u0131lar\u0131<\/strong>, evdeki her odan\u0131n birbirinden ayr\u0131lmas\u0131n\u0131 sa\u011flayarak gizlili\u011fi, ses yal\u0131t\u0131m\u0131n\u0131 ve g\u00fcvenli\u011fi art\u0131r\u0131r. Ancak bir kap\u0131, i\u015flevselli\u011fi kadar tasar\u0131m\u0131yla da \u00f6nemlidir. <strong data-start=\"708\" data-end=\"722\">\u0130\u00e7 kap\u0131lar<\/strong>, evdeki di\u011fer dekoratif unsurlarla uyumlu olmal\u0131, ayn\u0131 zamanda pratik kullan\u0131m\u0131 da g\u00f6z \u00f6n\u00fcnde bulundurulmal\u0131d\u0131r.<\/p>\n<p data-start=\"838\" data-end=\"1230\"><strong data-start=\"838\" data-end=\"855\">\u0130\u00e7 oda kap\u0131s\u0131<\/strong>, ya\u015fam alanlar\u0131n\u0131 birbirinden ay\u0131ran \u00f6nemli bir unsurdur. Genellikle yatak odas\u0131, banyo, oturma odas\u0131 gibi farkl\u0131 alanlarda kullan\u0131lan <strong data-start=\"991\" data-end=\"1005\">i\u00e7 kap\u0131lar<\/strong>, evin i\u00e7 mekan\u0131ndaki genel estetikle uyum sa\u011flamal\u0131d\u0131r. Ayr\u0131ca, <strong data-start=\"1070\" data-end=\"1087\">i\u00e7 oda kap\u0131s\u0131<\/strong> se\u00e7imi, mekan\u0131n fonksiyonelli\u011fini de art\u0131ran bir unsurdur. \u00d6rne\u011fin, ses ge\u00e7irmez bir kap\u0131, \u00f6zellikle evdeki yatak odalar\u0131 i\u00e7in ideal olabilir.<\/p>\n<h4 data-start=\"1232\" data-end=\"1288\"><strong data-start=\"1237\" data-end=\"1288\">\u0130\u00e7 Kap\u0131 Modelleri: Farkl\u0131 Se\u00e7enekler ve Tarzlar<\/strong><\/h4>\n<p data-start=\"1290\" data-end=\"1607\"><strong data-start=\"1290\" data-end=\"1311\">\u0130\u00e7 kap\u0131 modelleri<\/strong>, \u00e7e\u015fitli tarzlarda ve tasar\u0131mlarda mevcuttur. Bu modeller aras\u0131nda sade ve minimalist \u00e7izgilerden, detayl\u0131 ve klasik tasar\u0131mlara kadar her zevke hitap eden se\u00e7enekler bulunmaktad\u0131r. <strong data-start=\"1494\" data-end=\"1511\">\u0130\u00e7 oda kap\u0131s\u0131<\/strong> tasar\u0131m\u0131, hem kullan\u0131ld\u0131\u011f\u0131 mek\u00e2n\u0131n tarz\u0131na hem de odan\u0131n i\u015flevine g\u00f6re de\u011fi\u015fiklik g\u00f6sterebilir.<\/p>\n<ul data-start=\"1609\" data-end=\"2433\">\n<li data-start=\"1609\" data-end=\"1787\">\n<p data-start=\"1611\" data-end=\"1787\"><strong data-start=\"1611\" data-end=\"1629\">D\u00fcz \u0130\u00e7 Kap\u0131lar<\/strong>: Modern i\u00e7 mekanlar i\u00e7in en uygun se\u00e7eneklerden biridir. Minimalist bir g\u00f6r\u00fcn\u00fcm sa\u011flar, \u00f6zellikle <strong data-start=\"1728\" data-end=\"1746\">i\u00e7 kap\u0131 modeli<\/strong> arayanlar i\u00e7in \u015f\u0131kl\u0131\u011f\u0131 \u00f6n plana \u00e7\u0131kar\u0131r.<\/p>\n<\/li>\n<li data-start=\"1788\" data-end=\"1989\">\n<p data-start=\"1790\" data-end=\"1989\"><strong data-start=\"1790\" data-end=\"1810\">Panel \u0130\u00e7 Kap\u0131lar<\/strong>: Klasik tasar\u0131mlar\u0131 severler i\u00e7in idealdir. Panel detaylar\u0131, zarif ve \u015f\u0131k bir g\u00f6r\u00fcn\u00fcm olu\u015fturur. Bu tarz <strong data-start=\"1916\" data-end=\"1930\">i\u00e7 kap\u0131lar<\/strong> \u00f6zellikle geleneksel tarzda dekorasyonlarda tercih edilir.<\/p>\n<\/li>\n<li data-start=\"1990\" data-end=\"2231\">\n<p data-start=\"1992\" data-end=\"2231\"><strong data-start=\"1992\" data-end=\"2012\">Caml\u0131 \u0130\u00e7 Kap\u0131lar<\/strong>: I\u015f\u0131k ge\u00e7i\u015fini art\u0131ran caml\u0131 modeller, daha ferah ve a\u00e7\u0131k bir g\u00f6r\u00fcn\u00fcm sa\u011flar. Ayr\u0131ca, <strong data-start=\"2099\" data-end=\"2116\">i\u00e7 oda kap\u0131s\u0131<\/strong> ile odalar aras\u0131nda g\u00f6rsel bir ba\u011flant\u0131 olu\u015fturur. Bu tarz kap\u0131lar, modern i\u00e7 mekanlarda yayg\u0131n olarak kullan\u0131l\u0131r.<\/p>\n<\/li>\n<li data-start=\"2232\" data-end=\"2433\">\n<p data-start=\"2234\" data-end=\"2433\"><strong data-start=\"2234\" data-end=\"2254\">Ah\u015fap \u0130\u00e7 Kap\u0131lar<\/strong>: Do\u011fal ve s\u0131cak bir atmosfer yarat\u0131r. Ah\u015fap kap\u0131lar, hem geleneksel hem de modern dekorasyonlarda kullan\u0131labilir. Do\u011fal ah\u015fap dokusu, her t\u00fcrl\u00fc i\u00e7 mekanda zarif bir hava yarat\u0131r.<\/p>\n<\/li>\n<\/ul>\n<h4 data-start=\"2435\" data-end=\"2489\"><strong data-start=\"2440\" data-end=\"2489\">\u0130\u00e7 Kap\u0131lar: Dayan\u0131kl\u0131l\u0131k ve Estetik Bir Arada<\/strong><\/h4>\n<p data-start=\"2491\" data-end=\"2862\"><strong data-start=\"2491\" data-end=\"2505\">\u0130\u00e7 kap\u0131lar<\/strong>, sadece tasar\u0131mla s\u0131n\u0131rl\u0131 kalmaz, ayn\u0131 zamanda dayan\u0131kl\u0131l\u0131\u011f\u0131 da g\u00f6z \u00f6n\u00fcnde bulundurulmal\u0131d\u0131r. <strong data-start=\"2600\" data-end=\"2617\">\u0130\u00e7 oda kap\u0131s\u0131<\/strong> se\u00e7erken, kullan\u0131lan malzemenin kalitesi olduk\u00e7a \u00f6nemlidir. Ah\u015fap, MDF, PVC ve metal gibi farkl\u0131 malzemeler, kap\u0131lar\u0131n dayan\u0131kl\u0131l\u0131\u011f\u0131n\u0131 etkiler. \u00d6zellikle i\u00e7 mekanlarda s\u00fcrekli a\u00e7\u0131l\u0131p kapanan kap\u0131lar i\u00e7in dayan\u0131kl\u0131 malzemeler tercih edilmelidir.<\/p>\n<ul data-start=\"2864\" data-end=\"3358\">\n<li data-start=\"2864\" data-end=\"3060\">\n<p data-start=\"2866\" data-end=\"3060\"><strong data-start=\"2866\" data-end=\"2884\">MDF \u0130\u00e7 Kap\u0131lar<\/strong>: Modern tasar\u0131mlarda olduk\u00e7a yayg\u0131n bir tercih olan MDF, dayan\u0131kl\u0131 ve uygun fiyatl\u0131 bir malzemedir. Ayr\u0131ca, MDF kap\u0131lar boyanabilir ve farkl\u0131 renk se\u00e7enekleriyle \u00fcretilebilir.<\/p>\n<\/li>\n<li data-start=\"3061\" data-end=\"3218\">\n<p data-start=\"3063\" data-end=\"3218\"><strong data-start=\"3063\" data-end=\"3081\">PVC \u0130\u00e7 Kap\u0131lar<\/strong>: Suya dayan\u0131kl\u0131 olmalar\u0131 nedeniyle, nemli ortamlarda (banyo, mutfak) tercih edilir. PVC kap\u0131lar, kolay temizlenebilir ve uzun \u00f6m\u00fcrl\u00fcd\u00fcr.<\/p>\n<\/li>\n<li data-start=\"3219\" data-end=\"3358\">\n<p data-start=\"3221\" data-end=\"3358\"><strong data-start=\"3221\" data-end=\"3241\">Ah\u015fap \u0130\u00e7 Kap\u0131lar<\/strong>: Ah\u015fap kap\u0131lar do\u011fal g\u00f6r\u00fcn\u00fcmleriyle i\u00e7 mekanlara s\u0131cakl\u0131k katar. Ah\u015fap malzeme, geleneksel ve \u015f\u0131k bir g\u00f6r\u00fcnt\u00fc sunar.<\/p>\n<\/li>\n<\/ul>\n<h4 data-start=\"3360\" data-end=\"3406\"><strong data-start=\"3365\" data-end=\"3406\">\u0130\u00e7 Oda Kap\u0131lar\u0131 ve Mekanlara Uygunluk<\/strong><\/h4>\n<p data-start=\"3408\" data-end=\"3787\"><strong data-start=\"3408\" data-end=\"3427\">\u0130\u00e7 oda kap\u0131lar\u0131<\/strong>, sadece odalar\u0131 ay\u0131rmakla kalmaz, ayn\u0131 zamanda mekan\u0131n d\u00fczenini ve kullan\u0131m\u0131n\u0131 da iyile\u015ftirir. Do\u011fru <strong data-start=\"3529\" data-end=\"3547\">i\u00e7 kap\u0131 modeli<\/strong>, odan\u0131n fonksiyonunu art\u0131rabilir. \u00d6rne\u011fin, <strong data-start=\"3591\" data-end=\"3616\">ses yal\u0131t\u0131ml\u0131 kap\u0131lar<\/strong> \u00f6zellikle yatak odalar\u0131 ve \u00e7al\u0131\u015fma odalar\u0131 i\u00e7in ideal olabilirken, <strong data-start=\"3684\" data-end=\"3701\">caml\u0131 kap\u0131lar<\/strong> daha a\u00e7\u0131k ve geni\u015f bir g\u00f6r\u00fcn\u00fcm sa\u011flayarak, \u00f6zellikle k\u00fc\u00e7\u00fck odalar i\u00e7in kullan\u0131\u015fl\u0131d\u0131r.<\/p>\n<h4 data-start=\"3789\" data-end=\"3849\"><strong data-start=\"3794\" data-end=\"3849\">Sonu\u00e7: \u0130\u00e7 Oda Kap\u0131lar\u0131 ile \u015e\u0131kl\u0131k ve Fonksiyonellik<\/strong><\/h4>\n<p data-start=\"3851\" data-end=\"4246\"><strong data-start=\"3851\" data-end=\"3870\">\u0130\u00e7 oda kap\u0131lar\u0131<\/strong>, estetik ve fonksiyonellik a\u00e7\u0131s\u0131ndan \u00f6nemli bir rol oynar. <strong data-start=\"3930\" data-end=\"3951\">\u0130\u00e7 kap\u0131 modelleri<\/strong>, her tarzda ve her ihtiyaca uygun se\u00e7enekler sunar. <strong data-start=\"4004\" data-end=\"4021\">\u0130\u00e7 oda kap\u0131s\u0131<\/strong> se\u00e7erken, mekan\u0131n dekorasyonunu ve kullan\u0131m amac\u0131n\u0131 g\u00f6z \u00f6n\u00fcnde bulundurarak en uygun tercihi yapmak gerekir. Do\u011fru <strong data-start=\"4137\" data-end=\"4155\">i\u00e7 kap\u0131 modeli<\/strong> ile hem \u015f\u0131k bir i\u00e7 mekan olu\u015fturabilir hem de odalar\u0131n fonksiyonelli\u011fini art\u0131rabilirsiniz.<\/p>\n<\/div>\n<\/div>\n<\/div>\n<\/div>\n<\/div>\n<\/div>\n<\/article>\n<\/div>\n<\/div>\n<\/div>\n<\/div>\n<\/div>\n<\/div>\n<\/div>\n<\/article>\n<\/div>\n<\/div>\n","protected":false},"excerpt":{"rendered":"<p>\u0130\u00e7 Oda Kap\u0131lar\u0131: Estetik ve Fonksiyonellik \u0130\u00e7in Do\u011fru Se\u00e7im \u0130\u00e7 mekanlarda kullan\u0131lan kap\u0131lar, sadece odalar\u0131 ay\u0131rmakla kalmaz, ayn\u0131 zamanda ya\u015fam alan\u0131n\u0131n genel dekorasyonuna da katk\u0131 sa\u011flar. \u0130\u00e7 oda kap\u0131lar\u0131 hem fonksiyonel hem de estetik a\u00e7\u0131dan \u00f6nemli bir rol oynar. Bu yaz\u0131m\u0131zda, oda kap\u0131lar\u0131, i\u00e7 oda kap\u0131s\u0131 ve i\u00e7 kap\u0131 modelleri gibi anahtar kelimeleri kullanarak, i\u00e7<\/p>\n","protected":false},"featured_media":9996,"template":"","meta":{"_bbp_topic_count":0,"_bbp_reply_count":0,"_bbp_total_topic_count":0,"_bbp_total_reply_count":0,"_bbp_voice_count":0,"_bbp_anonymous_reply_count":0,"_bbp_topic_count_hidden":0,"_bbp_reply_count_hidden":0,"_bbp_forum_subforum_count":0},"product_brand":[],"product_cat":[784,897],"product_tag":[],"class_list":{"0":"post-9995","1":"product","2":"type-product","3":"status-publish","4":"has-post-thumbnail","6":"product_cat-dere-e-lyer","7":"product_cat-dere-membrane","9":"first","10":"instock","11":"shipping-taxable","12":"product-type-simple","13":"prodpage-classic"},"yoast_head":"<!-- This site is optimized with the Yoast SEO Premium plugin v26.6 (Yoast SEO v27.3) - https:\/\/yoast.com\/product\/yoast-seo-premium-wordpress\/ -->\n<title>i\u00e7 oda kap\u0131s\u0131 - \u0130\u00e7 Oda Kap\u0131lar\u0131 - \u00c7elik kap\u0131 modelleri - apartman kap\u0131lar\u0131<\/title>\n<meta name=\"robots\" content=\"index, follow, max-snippet:-1, max-image-preview:large, max-video-preview:-1\" \/>\n<link rel=\"canonical\" href=\"https:\/\/www.kapi.ltd\/sq\/urun\/ic-oda-kapisi\/\" \/>\n<meta property=\"og:locale\" content=\"sq_AL\" \/>\n<meta property=\"og:type\" content=\"article\" \/>\n<meta property=\"og:title\" content=\"i\u00e7 oda kap\u0131s\u0131\" \/>\n<meta property=\"og:description\" content=\"\u0130\u00e7 Oda Kap\u0131lar\u0131: Estetik ve Fonksiyonellik \u0130\u00e7in Do\u011fru Se\u00e7im \u0130\u00e7 mekanlarda kullan\u0131lan kap\u0131lar, sadece odalar\u0131 ay\u0131rmakla kalmaz, ayn\u0131 zamanda ya\u015fam alan\u0131n\u0131n genel dekorasyonuna da katk\u0131 sa\u011flar. \u0130\u00e7 oda kap\u0131lar\u0131 hem fonksiyonel hem de estetik a\u00e7\u0131dan \u00f6nemli bir rol oynar. Bu yaz\u0131m\u0131zda, oda kap\u0131lar\u0131, i\u00e7 oda kap\u0131s\u0131 ve i\u00e7 kap\u0131 modelleri gibi anahtar kelimeleri kullanarak, i\u00e7\" \/>\n<meta property=\"og:url\" content=\"https:\/\/www.kapi.ltd\/sq\/urun\/ic-oda-kapisi\/\" \/>\n<meta property=\"og:site_name\" content=\"\u0130\u00e7 Oda Kap\u0131lar\u0131 - \u00c7elik kap\u0131 modelleri - apartman kap\u0131lar\u0131\" \/>\n<meta property=\"article:modified_time\" content=\"2026-03-08T06:21:59+00:00\" \/>\n<meta name=\"twitter:card\" content=\"summary_large_image\" \/>\n<meta name=\"twitter:label1\" content=\"Est. reading time\" \/>\n\t<meta name=\"twitter:data1\" content=\"4 minuta\" \/>\n<script type=\"application\/ld+json\" class=\"yoast-schema-graph\">{\"@context\":\"https:\\\/\\\/schema.org\",\"@graph\":[{\"@type\":\"WebPage\",\"@id\":\"https:\\\/\\\/www.kapi.ltd\\\/sq\\\/urun\\\/ic-oda-kapisi\\\/\",\"url\":\"https:\\\/\\\/www.kapi.ltd\\\/sq\\\/urun\\\/ic-oda-kapisi\\\/\",\"name\":\"i\u00e7 oda kap\u0131s\u0131 - \u0130\u00e7 Oda Kap\u0131lar\u0131 - \u00c7elik kap\u0131 modelleri - apartman kap\u0131lar\u0131\",\"isPartOf\":{\"@id\":\"https:\\\/\\\/www.kapi.ltd\\\/sq\\\/#website\"},\"primaryImageOfPage\":{\"@id\":\"https:\\\/\\\/www.kapi.ltd\\\/sq\\\/urun\\\/ic-oda-kapisi\\\/#primaryimage\"},\"image\":{\"@id\":\"https:\\\/\\\/www.kapi.ltd\\\/sq\\\/urun\\\/ic-oda-kapisi\\\/#primaryimage\"},\"thumbnailUrl\":\"https:\\\/\\\/www.kapi.ltd\\\/wp-content\\\/uploads\\\/2026\\\/02\\\/ic-oda-kapisi.webp\",\"datePublished\":\"2026-02-28T11:31:08+00:00\",\"dateModified\":\"2026-03-08T06:21:59+00:00\",\"breadcrumb\":{\"@id\":\"https:\\\/\\\/www.kapi.ltd\\\/sq\\\/urun\\\/ic-oda-kapisi\\\/#breadcrumb\"},\"inLanguage\":\"sq\",\"potentialAction\":[{\"@type\":\"ReadAction\",\"target\":[\"https:\\\/\\\/www.kapi.ltd\\\/sq\\\/urun\\\/ic-oda-kapisi\\\/\"]}]},{\"@type\":\"ImageObject\",\"inLanguage\":\"sq\",\"@id\":\"https:\\\/\\\/www.kapi.ltd\\\/sq\\\/urun\\\/ic-oda-kapisi\\\/#primaryimage\",\"url\":\"https:\\\/\\\/www.kapi.ltd\\\/wp-content\\\/uploads\\\/2026\\\/02\\\/ic-oda-kapisi.webp\",\"contentUrl\":\"https:\\\/\\\/www.kapi.ltd\\\/wp-content\\\/uploads\\\/2026\\\/02\\\/ic-oda-kapisi.webp\",\"width\":500,\"height\":750,\"caption\":\"i\u00e7 oda kap\u0131s\u0131\"},{\"@type\":\"BreadcrumbList\",\"@id\":\"https:\\\/\\\/www.kapi.ltd\\\/sq\\\/urun\\\/ic-oda-kapisi\\\/#breadcrumb\",\"itemListElement\":[{\"@type\":\"ListItem\",\"position\":1,\"name\":\"Anasayfa\",\"item\":\"https:\\\/\\\/www.kapi.ltd\\\/sq\\\/\"},{\"@type\":\"ListItem\",\"position\":2,\"name\":\"ic-kapi-celik-kapi-modelleri\",\"item\":\"https:\\\/\\\/www.kapi.ltd\\\/?page_id=4263\"},{\"@type\":\"ListItem\",\"position\":3,\"name\":\"i\u00e7 oda kap\u0131s\u0131\"}]},{\"@type\":\"WebSite\",\"@id\":\"https:\\\/\\\/www.kapi.ltd\\\/sq\\\/#website\",\"url\":\"https:\\\/\\\/www.kapi.ltd\\\/sq\\\/\",\"name\":\"\u0130\u00e7 Kap\u0131 Ve \u00c7elik Kap\u0131 Modelleri\",\"description\":\"T\u00fcrkiye Kap\u0131 Modelleri Merkezi\",\"potentialAction\":[{\"@type\":\"SearchAction\",\"target\":{\"@type\":\"EntryPoint\",\"urlTemplate\":\"https:\\\/\\\/www.kapi.ltd\\\/sq\\\/?s={search_term_string}\"},\"query-input\":{\"@type\":\"PropertyValueSpecification\",\"valueRequired\":true,\"valueName\":\"search_term_string\"}}],\"inLanguage\":\"sq\"}]}<\/script>\n<!-- \/ Yoast SEO Premium plugin. -->","yoast_head_json":{"title":"i\u00e7 oda kap\u0131s\u0131 - \u0130\u00e7 Oda Kap\u0131lar\u0131 - \u00c7elik kap\u0131 modelleri - apartman kap\u0131lar\u0131","robots":{"index":"index","follow":"follow","max-snippet":"max-snippet:-1","max-image-preview":"max-image-preview:large","max-video-preview":"max-video-preview:-1"},"canonical":"https:\/\/www.kapi.ltd\/sq\/urun\/ic-oda-kapisi\/","og_locale":"sq_AL","og_type":"article","og_title":"i\u00e7 oda kap\u0131s\u0131","og_description":"\u0130\u00e7 Oda Kap\u0131lar\u0131: Estetik ve Fonksiyonellik \u0130\u00e7in Do\u011fru Se\u00e7im \u0130\u00e7 mekanlarda kullan\u0131lan kap\u0131lar, sadece odalar\u0131 ay\u0131rmakla kalmaz, ayn\u0131 zamanda ya\u015fam alan\u0131n\u0131n genel dekorasyonuna da katk\u0131 sa\u011flar. \u0130\u00e7 oda kap\u0131lar\u0131 hem fonksiyonel hem de estetik a\u00e7\u0131dan \u00f6nemli bir rol oynar. Bu yaz\u0131m\u0131zda, oda kap\u0131lar\u0131, i\u00e7 oda kap\u0131s\u0131 ve i\u00e7 kap\u0131 modelleri gibi anahtar kelimeleri kullanarak, i\u00e7","og_url":"https:\/\/www.kapi.ltd\/sq\/urun\/ic-oda-kapisi\/","og_site_name":"\u0130\u00e7 Oda Kap\u0131lar\u0131 - \u00c7elik kap\u0131 modelleri - apartman kap\u0131lar\u0131","article_modified_time":"2026-03-08T06:21:59+00:00","twitter_card":"summary_large_image","twitter_misc":{"Est. reading time":"4 minuta"},"schema":{"@context":"https:\/\/schema.org","@graph":[{"@type":"WebPage","@id":"https:\/\/www.kapi.ltd\/sq\/urun\/ic-oda-kapisi\/","url":"https:\/\/www.kapi.ltd\/sq\/urun\/ic-oda-kapisi\/","name":"i\u00e7 oda kap\u0131s\u0131 - \u0130\u00e7 Oda Kap\u0131lar\u0131 - \u00c7elik kap\u0131 modelleri - apartman kap\u0131lar\u0131","isPartOf":{"@id":"https:\/\/www.kapi.ltd\/sq\/#website"},"primaryImageOfPage":{"@id":"https:\/\/www.kapi.ltd\/sq\/urun\/ic-oda-kapisi\/#primaryimage"},"image":{"@id":"https:\/\/www.kapi.ltd\/sq\/urun\/ic-oda-kapisi\/#primaryimage"},"thumbnailUrl":"https:\/\/www.kapi.ltd\/wp-content\/uploads\/2026\/02\/ic-oda-kapisi.webp","datePublished":"2026-02-28T11:31:08+00:00","dateModified":"2026-03-08T06:21:59+00:00","breadcrumb":{"@id":"https:\/\/www.kapi.ltd\/sq\/urun\/ic-oda-kapisi\/#breadcrumb"},"inLanguage":"sq","potentialAction":[{"@type":"ReadAction","target":["https:\/\/www.kapi.ltd\/sq\/urun\/ic-oda-kapisi\/"]}]},{"@type":"ImageObject","inLanguage":"sq","@id":"https:\/\/www.kapi.ltd\/sq\/urun\/ic-oda-kapisi\/#primaryimage","url":"https:\/\/www.kapi.ltd\/wp-content\/uploads\/2026\/02\/ic-oda-kapisi.webp","contentUrl":"https:\/\/www.kapi.ltd\/wp-content\/uploads\/2026\/02\/ic-oda-kapisi.webp","width":500,"height":750,"caption":"i\u00e7 oda kap\u0131s\u0131"},{"@type":"BreadcrumbList","@id":"https:\/\/www.kapi.ltd\/sq\/urun\/ic-oda-kapisi\/#breadcrumb","itemListElement":[{"@type":"ListItem","position":1,"name":"Anasayfa","item":"https:\/\/www.kapi.ltd\/sq\/"},{"@type":"ListItem","position":2,"name":"ic-kapi-celik-kapi-modelleri","item":"https:\/\/www.kapi.ltd\/?page_id=4263"},{"@type":"ListItem","position":3,"name":"i\u00e7 oda kap\u0131s\u0131"}]},{"@type":"WebSite","@id":"https:\/\/www.kapi.ltd\/sq\/#website","url":"https:\/\/www.kapi.ltd\/sq\/","name":"\u0130\u00e7 Kap\u0131 Ve \u00c7elik Kap\u0131 Modelleri","description":"T\u00fcrkiye Kap\u0131 Modelleri Merkezi","potentialAction":[{"@type":"SearchAction","target":{"@type":"EntryPoint","urlTemplate":"https:\/\/www.kapi.ltd\/sq\/?s={search_term_string}"},"query-input":{"@type":"PropertyValueSpecification","valueRequired":true,"valueName":"search_term_string"}}],"inLanguage":"sq"}]}},"_links":{"self":[{"href":"https:\/\/www.kapi.ltd\/sq\/wp-json\/wp\/v2\/product\/9995","targetHints":{"allow":["GET"]}}],"collection":[{"href":"https:\/\/www.kapi.ltd\/sq\/wp-json\/wp\/v2\/product"}],"about":[{"href":"https:\/\/www.kapi.ltd\/sq\/wp-json\/wp\/v2\/types\/product"}],"version-history":[{"count":0,"href":"https:\/\/www.kapi.ltd\/sq\/wp-json\/wp\/v2\/product\/9995\/revisions"}],"wp:featuredmedia":[{"embeddable":true,"href":"https:\/\/www.kapi.ltd\/sq\/wp-json\/wp\/v2\/media\/9996"}],"wp:attachment":[{"href":"https:\/\/www.kapi.ltd\/sq\/wp-json\/wp\/v2\/media?parent=9995"}],"wp:term":[{"taxonomy":"product_brand","embeddable":true,"href":"https:\/\/www.kapi.ltd\/sq\/wp-json\/wp\/v2\/product_brand?post=9995"},{"taxonomy":"product_cat","embeddable":true,"href":"https:\/\/www.kapi.ltd\/sq\/wp-json\/wp\/v2\/product_cat?post=9995"},{"taxonomy":"product_tag","embeddable":true,"href":"https:\/\/www.kapi.ltd\/sq\/wp-json\/wp\/v2\/product_tag?post=9995"}],"curies":[{"name":"wp","href":"https:\/\/api.w.org\/{rel}","templated":true}]}}