{"id":9767,"date":"2026-02-28T13:51:50","date_gmt":"2026-02-28T10:51:50","guid":{"rendered":"https:\/\/www.kapi.ltd\/urun\/pvc-oda-kapisi\/"},"modified":"2026-03-02T16:40:38","modified_gmt":"2026-03-02T13:40:38","slug":"dere-dhome-pvc","status":"publish","type":"product","link":"https:\/\/www.kapi.ltd\/sq\/urun\/dere-dhome-pvc\/","title":{"rendered":"Der\u00eb dhome PVC"},"content":{"rendered":"<p>Dyert e Brendshme PVC: Dizajne Moderne dhe Opsione t\u00eb Q\u00ebndrueshme<\/p>\n<p>Dyert e p\u00ebrdorura n\u00eb hap\u00ebsirat e brendshme nuk jan\u00eb vet\u00ebm funksionale, por edhe element\u00eb t\u00eb r\u00ebnd\u00ebsish\u00ebm q\u00eb plot\u00ebsojn\u00eb dekorin e sht\u00ebpis\u00eb. N\u00eb vitet e fundit, dyert e brendshme PVC jan\u00eb b\u00ebr\u00eb nj\u00eb opsion popullor p\u00ebr shkak t\u00eb q\u00ebndrueshm\u00ebris\u00eb, estetik\u00ebs dhe \u00e7mimeve t\u00eb p\u00ebrballueshme. N\u00eb k\u00ebt\u00eb artikull, ne do t\u00eb ofrojm\u00eb informacion n\u00eb lidhje me dyert e brendshme, modelet e dyerve t\u00eb brendshme dhe modelet e dyerve PVC, dhe do t\u00eb ofrojm\u00eb k\u00ebshilla se si k\u00ebto dyer mund t\u00eb p\u00ebrdoren n\u00eb hap\u00ebsirat e brendshme.<\/p>\n<p>Dyert e Brendshme PVC: Q\u00ebndrueshm\u00ebria dhe Estetika e Kombinuar<\/p>\n<p>Dyert e brendshme PVC jan\u00eb dyer t\u00eb b\u00ebra nga materiali polivinil klorur (PVC). K\u00ebto dyer ofrojn\u00eb nj\u00eb larmi t\u00eb pasur estetike, nd\u00ebrsa jan\u00eb jet\u00ebgjat\u00eb dhe t\u00eb q\u00ebndrueshme. Me gam\u00ebn e tyre t\u00eb gjer\u00eb t\u00eb opsioneve, ato p\u00ebrshtaten me t\u00eb gjitha llojet e dekorimit t\u00eb brendsh\u00ebm. Vetit\u00eb e materialit PVC i b\u00ebjn\u00eb k\u00ebto dyer ideale, ve\u00e7an\u00ebrisht p\u00ebr mjedise me lag\u00ebshti, banjo dhe kuzhina. Struktura e tyre rezistente ndaj ujit siguron q\u00eb dyert e brendshme PVC t\u00eb mund t\u00eb p\u00ebrdoren n\u00eb m\u00ebnyr\u00eb t\u00eb sh\u00ebndetshme dhe estetike p\u00ebr shum\u00eb vite.<\/p>\n<p>Dyert PVC jan\u00eb m\u00eb t\u00eb lehta dhe m\u00eb t\u00eb lehta p\u00ebr t&#8217;u mir\u00ebmbajtur sesa materialet e tjera tradicionale si druri dhe metali. Ato gjithashtu t\u00ebrheqin \u00e7do shije me opsionet e tyre t\u00eb ndryshme t\u00eb ngjyrave dhe teksturave. Modelet e dyerve PVC ofrojn\u00eb nj\u00eb gam\u00eb t\u00eb gjer\u00eb opsionesh, si moderne ashtu edhe klasike n\u00eb stil. K\u00ebto modele p\u00ebrfshijn\u00eb dizajne t\u00eb thjeshta, me panel ose me xham.<\/p>\n<p>Dyert e Dhom\u00ebs: Shtoni Eleganc\u00eb n\u00eb Hap\u00ebsir\u00ebn Tuaj<\/p>\n<p>Dyert e dhom\u00ebs jan\u00eb nj\u00eb nga element\u00ebt m\u00eb t\u00eb r\u00ebnd\u00ebsish\u00ebm p\u00ebr hap\u00ebsirat e brendshme. Ato jo vet\u00ebm q\u00eb ndajn\u00eb dhomat, por edhe p\u00ebrcaktojn\u00eb atmosfer\u00ebn e p\u00ebrgjithshme t\u00eb hap\u00ebsir\u00ebs. Modelet e dyerve t\u00eb dhom\u00ebs jan\u00eb mjaft t\u00eb larmishme p\u00ebr sa i p\u00ebrket dizajnit. Ekzistojn\u00eb dyer t\u00eb p\u00ebrshtatshme p\u00ebr stile t\u00eb ndryshme dekorimi si moderne, klasike, minimaliste dhe rustike. Dyert e dhom\u00ebs PVC e kan\u00eb zgjeruar k\u00ebt\u00eb larmi dhe luajn\u00eb nj\u00eb rol t\u00eb r\u00ebnd\u00ebsish\u00ebm n\u00eb p\u00ebrshtatjen me stile t\u00eb ndryshme n\u00eb hap\u00ebsirat e brendshme.<\/p>\n<p>Modelet e dyerve t\u00eb dhom\u00ebs n\u00eb p\u00ebrgjith\u00ebsi ndryshojn\u00eb sipas dizajnit t\u00eb tyre. Dyert e thjeshta t\u00eb dhom\u00ebs PVC preferohen n\u00eb nj\u00eb ambient modern, nd\u00ebrsa dyert e dhom\u00ebs PVC me panel ose me xham mund t\u00eb preferohen n\u00eb nj\u00eb ambient m\u00eb tradicional. Modelet me xham jan\u00eb ideale p\u00ebr t\u00eb krijuar nj\u00eb atmosfer\u00eb m\u00eb t\u00eb gjer\u00eb dhe m\u00eb t\u00eb ndritshme n\u00eb hap\u00ebsirat e brendshme. P\u00ebrve\u00e7 k\u00ebsaj, dyert me xham lejojn\u00eb q\u00eb drita natyrale t\u00eb kaloj\u00eb, duke krijuar transparenc\u00eb vizuale midis dhomave.<\/p>\n<p>Modelet e Dyerve PVC: Opsione Estetike dhe t\u00eb P\u00ebrballueshme<\/p>\n<p>Shum\u00ebllojshm\u00ebria e modeleve t\u00eb dyerve PVC ofron mund\u00ebsi q\u00eb i p\u00ebrshtaten \u00e7do nevoje. Dyert PVC ofrojn\u00eb avantazhe si estetike ashtu edhe praktike. Nd\u00ebrsa dyert e brendshme prej PVC jan\u00eb m\u00eb ekonomike p\u00ebr sa i p\u00ebrket \u00e7mimit, ato preferohen shpesh p\u00ebr shkak t\u00eb q\u00ebndrueshm\u00ebris\u00eb dhe stilit t\u00eb tyre. Ato ofrojn\u00eb avantazhe t\u00eb tilla si izolim i lart\u00eb i z\u00ebrit dhe rezistenc\u00eb ndaj ujit dhe lag\u00ebshtis\u00eb. K\u00ebto dyer jan\u00eb ideale p\u00ebr p\u00ebrdorim afatgjat\u00eb, ve\u00e7an\u00ebrisht n\u00eb zyra, sht\u00ebpi, apartamente dhe hap\u00ebsira t\u00eb tjera t\u00eb brendshme.<\/p>\n<p>Dyert prej PVC prodhohen n\u00eb ngjyra dhe modele t\u00eb ndryshme. P\u00ebrve\u00e7 toneve natyrale si e bardha, kremi dhe kafeja, ekzistojn\u00eb edhe ngjyra dhe modele m\u00eb t\u00eb theksuara p\u00ebr hap\u00ebsirat moderne. Modelet e dyerve prej PVC mund t\u00eb personalizohen gjithashtu me aksesor\u00eb p\u00ebr dyer. Pajisje t\u00eb tilla si brava, doreza dhe sisteme menteshash mund t\u00eb dizajnohen p\u00ebr t\u00eb rritur funksionalitetin e secil\u00ebs der\u00eb.<\/p>\n<p>P\u00ebrfundim: Brend\u00ebsi elegante dhe t\u00eb q\u00ebndrueshme me dyer t\u00eb brendshme prej PVC<\/p>\n<p>Dyert e brendshme prej PVC ofrojn\u00eb nj\u00eb mund\u00ebsi t\u00eb shk\u00eblqyer p\u00ebr hap\u00ebsirat e brendshme p\u00ebr shkak t\u00eb q\u00ebndrueshm\u00ebris\u00eb, stilit dhe \u00e7mimit t\u00eb p\u00ebrballuesh\u00ebm. Fal\u00eb modeleve t\u00eb ndryshme t\u00eb dyerve t\u00eb brendshme dhe dizenjove t\u00eb dyerve prej PVC, ka dyer n\u00eb dispozicion q\u00eb i p\u00ebrshtaten \u00e7do stili dekorimi dhe buxheti. K\u00ebto dyer, t\u00eb p\u00ebrshtatshme si p\u00ebr ambiente t\u00eb brendshme moderne ashtu edhe p\u00ebr ato klasike, dallohen p\u00ebr jet\u00ebgjat\u00ebsin\u00eb e tyre t\u00eb gjat\u00eb. N\u00ebse jeni duke k\u00ebrkuar stil dhe q\u00ebndrueshm\u00ebri n\u00eb ambientet tuaja t\u00eb brendshme, dyert e brendshme prej PVC do t\u00eb jen\u00eb zgjedhja e duhur.<\/p>\n","protected":false},"excerpt":{"rendered":"<p>Dyert e Brendshme PVC: Dizajne Moderne dhe Opsione t\u00eb Q\u00ebndrueshme Dyert e p\u00ebrdorura n\u00eb hap\u00ebsirat e brendshme nuk jan\u00eb vet\u00ebm funksionale, por edhe element\u00eb t\u00eb r\u00ebnd\u00ebsish\u00ebm q\u00eb plot\u00ebsojn\u00eb dekorin e sht\u00ebpis\u00eb. N\u00eb vitet e fundit, dyert e brendshme PVC jan\u00eb b\u00ebr\u00eb nj\u00eb opsion popullor p\u00ebr shkak t\u00eb q\u00ebndrueshm\u00ebris\u00eb, estetik\u00ebs dhe \u00e7mimeve t\u00eb p\u00ebrballueshme. N\u00eb k\u00ebt\u00eb<\/p>\n","protected":false},"featured_media":9768,"template":"","meta":{"_bbp_topic_count":0,"_bbp_reply_count":0,"_bbp_total_topic_count":0,"_bbp_total_reply_count":0,"_bbp_voice_count":0,"_bbp_anonymous_reply_count":0,"_bbp_topic_count_hidden":0,"_bbp_reply_count_hidden":0,"_bbp_forum_subforum_count":0},"product_brand":[],"product_cat":[897],"product_tag":[],"class_list":{"0":"post-9767","1":"product","2":"type-product","3":"status-publish","4":"has-post-thumbnail","6":"product_cat-dere-membrane","8":"first","9":"instock","10":"shipping-taxable","11":"product-type-simple","12":"prodpage-classic"},"yoast_head":"<!-- This site is optimized with the Yoast SEO Premium plugin v26.6 (Yoast SEO v27.4) - https:\/\/yoast.com\/product\/yoast-seo-premium-wordpress\/ -->\n<title>Der\u00eb dhome PVC<\/title>\n<meta name=\"description\" content=\"Dyert e brendshme prej PVC ofrojn\u00eb si estetik\u00eb ashtu edhe q\u00ebndrueshm\u00ebri. Kombinoni stilin dhe funksionalitetin me modele t\u00eb ndryshme t\u00eb dyerve t\u00eb brendshme.\" \/>\n<meta name=\"robots\" content=\"index, follow, max-snippet:-1, max-image-preview:large, max-video-preview:-1\" \/>\n<link rel=\"canonical\" href=\"https:\/\/www.kapi.ltd\/sq\/urun\/dere-dhome-pvc\/\" \/>\n<meta property=\"og:locale\" content=\"sq_AL\" \/>\n<meta property=\"og:type\" content=\"article\" \/>\n<meta property=\"og:title\" content=\"Der\u00eb dhome PVC\" \/>\n<meta property=\"og:description\" content=\"Dyert e brendshme prej PVC ofrojn\u00eb si estetik\u00eb ashtu edhe q\u00ebndrueshm\u00ebri. Kombinoni stilin dhe funksionalitetin me modele t\u00eb ndryshme t\u00eb dyerve t\u00eb brendshme.\" \/>\n<meta property=\"og:url\" content=\"https:\/\/www.kapi.ltd\/sq\/urun\/dere-dhome-pvc\/\" \/>\n<meta property=\"og:site_name\" content=\"\u0130\u00e7 Oda Kap\u0131lar\u0131 - \u00c7elik kap\u0131 modelleri - apartman kap\u0131lar\u0131\" \/>\n<meta property=\"article:modified_time\" content=\"2026-03-02T13:40:38+00:00\" \/>\n<meta property=\"og:image\" content=\"https:\/\/www.kapi.ltd\/wp-content\/uploads\/2026\/02\/pvc-oda-kapisi.webp\" \/>\n\t<meta property=\"og:image:width\" content=\"500\" \/>\n\t<meta property=\"og:image:height\" content=\"750\" \/>\n\t<meta property=\"og:image:type\" content=\"image\/webp\" \/>\n<meta name=\"twitter:card\" content=\"summary_large_image\" \/>\n<meta name=\"twitter:label1\" content=\"Est. reading time\" \/>\n\t<meta name=\"twitter:data1\" content=\"5 minuta\" \/>\n<script type=\"application\/ld+json\" class=\"yoast-schema-graph\">{\"@context\":\"https:\\\/\\\/schema.org\",\"@graph\":[{\"@type\":\"WebPage\",\"@id\":\"https:\\\/\\\/www.kapi.ltd\\\/sq\\\/urun\\\/dere-dhome-pvc\\\/\",\"url\":\"https:\\\/\\\/www.kapi.ltd\\\/sq\\\/urun\\\/dere-dhome-pvc\\\/\",\"name\":\"Der\u00eb dhome PVC\",\"isPartOf\":{\"@id\":\"https:\\\/\\\/www.kapi.ltd\\\/sq\\\/#website\"},\"primaryImageOfPage\":{\"@id\":\"https:\\\/\\\/www.kapi.ltd\\\/sq\\\/urun\\\/dere-dhome-pvc\\\/#primaryimage\"},\"image\":{\"@id\":\"https:\\\/\\\/www.kapi.ltd\\\/sq\\\/urun\\\/dere-dhome-pvc\\\/#primaryimage\"},\"thumbnailUrl\":\"https:\\\/\\\/www.kapi.ltd\\\/wp-content\\\/uploads\\\/2026\\\/02\\\/pvc-oda-kapisi.webp\",\"datePublished\":\"2026-02-28T10:51:50+00:00\",\"dateModified\":\"2026-03-02T13:40:38+00:00\",\"description\":\"Dyert e brendshme prej PVC ofrojn\u00eb si estetik\u00eb ashtu edhe q\u00ebndrueshm\u00ebri. Kombinoni stilin dhe funksionalitetin me modele t\u00eb ndryshme t\u00eb dyerve t\u00eb brendshme.\",\"breadcrumb\":{\"@id\":\"https:\\\/\\\/www.kapi.ltd\\\/sq\\\/urun\\\/dere-dhome-pvc\\\/#breadcrumb\"},\"inLanguage\":\"sq\",\"potentialAction\":[{\"@type\":\"ReadAction\",\"target\":[\"https:\\\/\\\/www.kapi.ltd\\\/sq\\\/urun\\\/dere-dhome-pvc\\\/\"]}]},{\"@type\":\"ImageObject\",\"inLanguage\":\"sq\",\"@id\":\"https:\\\/\\\/www.kapi.ltd\\\/sq\\\/urun\\\/dere-dhome-pvc\\\/#primaryimage\",\"url\":\"https:\\\/\\\/www.kapi.ltd\\\/wp-content\\\/uploads\\\/2026\\\/02\\\/pvc-oda-kapisi.webp\",\"contentUrl\":\"https:\\\/\\\/www.kapi.ltd\\\/wp-content\\\/uploads\\\/2026\\\/02\\\/pvc-oda-kapisi.webp\",\"width\":500,\"height\":750,\"caption\":\"pvc oda kap\u0131s\u0131\"},{\"@type\":\"BreadcrumbList\",\"@id\":\"https:\\\/\\\/www.kapi.ltd\\\/sq\\\/urun\\\/dere-dhome-pvc\\\/#breadcrumb\",\"itemListElement\":[{\"@type\":\"ListItem\",\"position\":1,\"name\":\"Anasayfa\",\"item\":\"https:\\\/\\\/www.kapi.ltd\\\/sq\\\/\"},{\"@type\":\"ListItem\",\"position\":2,\"name\":\"ic-kapi-celik-kapi-modelleri\",\"item\":\"https:\\\/\\\/www.kapi.ltd\\\/?page_id=4263\"},{\"@type\":\"ListItem\",\"position\":3,\"name\":\"Der\u00eb dhome PVC\"}]},{\"@type\":\"WebSite\",\"@id\":\"https:\\\/\\\/www.kapi.ltd\\\/sq\\\/#website\",\"url\":\"https:\\\/\\\/www.kapi.ltd\\\/sq\\\/\",\"name\":\"\u0130\u00e7 Kap\u0131 Ve \u00c7elik Kap\u0131 Modelleri\",\"description\":\"T\u00fcrkiye Kap\u0131 Modelleri Merkezi\",\"potentialAction\":[{\"@type\":\"SearchAction\",\"target\":{\"@type\":\"EntryPoint\",\"urlTemplate\":\"https:\\\/\\\/www.kapi.ltd\\\/sq\\\/?s={search_term_string}\"},\"query-input\":{\"@type\":\"PropertyValueSpecification\",\"valueRequired\":true,\"valueName\":\"search_term_string\"}}],\"inLanguage\":\"sq\"}]}<\/script>\n<!-- \/ Yoast SEO Premium plugin. -->","yoast_head_json":{"title":"Der\u00eb dhome PVC","description":"Dyert e brendshme prej PVC ofrojn\u00eb si estetik\u00eb ashtu edhe q\u00ebndrueshm\u00ebri. Kombinoni stilin dhe funksionalitetin me modele t\u00eb ndryshme t\u00eb dyerve t\u00eb brendshme.","robots":{"index":"index","follow":"follow","max-snippet":"max-snippet:-1","max-image-preview":"max-image-preview:large","max-video-preview":"max-video-preview:-1"},"canonical":"https:\/\/www.kapi.ltd\/sq\/urun\/dere-dhome-pvc\/","og_locale":"sq_AL","og_type":"article","og_title":"Der\u00eb dhome PVC","og_description":"Dyert e brendshme prej PVC ofrojn\u00eb si estetik\u00eb ashtu edhe q\u00ebndrueshm\u00ebri. Kombinoni stilin dhe funksionalitetin me modele t\u00eb ndryshme t\u00eb dyerve t\u00eb brendshme.","og_url":"https:\/\/www.kapi.ltd\/sq\/urun\/dere-dhome-pvc\/","og_site_name":"\u0130\u00e7 Oda Kap\u0131lar\u0131 - \u00c7elik kap\u0131 modelleri - apartman kap\u0131lar\u0131","article_modified_time":"2026-03-02T13:40:38+00:00","og_image":[{"width":500,"height":750,"url":"https:\/\/www.kapi.ltd\/wp-content\/uploads\/2026\/02\/pvc-oda-kapisi.webp","type":"image\/webp"}],"twitter_card":"summary_large_image","twitter_misc":{"Est. reading time":"5 minuta"},"schema":{"@context":"https:\/\/schema.org","@graph":[{"@type":"WebPage","@id":"https:\/\/www.kapi.ltd\/sq\/urun\/dere-dhome-pvc\/","url":"https:\/\/www.kapi.ltd\/sq\/urun\/dere-dhome-pvc\/","name":"Der\u00eb dhome PVC","isPartOf":{"@id":"https:\/\/www.kapi.ltd\/sq\/#website"},"primaryImageOfPage":{"@id":"https:\/\/www.kapi.ltd\/sq\/urun\/dere-dhome-pvc\/#primaryimage"},"image":{"@id":"https:\/\/www.kapi.ltd\/sq\/urun\/dere-dhome-pvc\/#primaryimage"},"thumbnailUrl":"https:\/\/www.kapi.ltd\/wp-content\/uploads\/2026\/02\/pvc-oda-kapisi.webp","datePublished":"2026-02-28T10:51:50+00:00","dateModified":"2026-03-02T13:40:38+00:00","description":"Dyert e brendshme prej PVC ofrojn\u00eb si estetik\u00eb ashtu edhe q\u00ebndrueshm\u00ebri. Kombinoni stilin dhe funksionalitetin me modele t\u00eb ndryshme t\u00eb dyerve t\u00eb brendshme.","breadcrumb":{"@id":"https:\/\/www.kapi.ltd\/sq\/urun\/dere-dhome-pvc\/#breadcrumb"},"inLanguage":"sq","potentialAction":[{"@type":"ReadAction","target":["https:\/\/www.kapi.ltd\/sq\/urun\/dere-dhome-pvc\/"]}]},{"@type":"ImageObject","inLanguage":"sq","@id":"https:\/\/www.kapi.ltd\/sq\/urun\/dere-dhome-pvc\/#primaryimage","url":"https:\/\/www.kapi.ltd\/wp-content\/uploads\/2026\/02\/pvc-oda-kapisi.webp","contentUrl":"https:\/\/www.kapi.ltd\/wp-content\/uploads\/2026\/02\/pvc-oda-kapisi.webp","width":500,"height":750,"caption":"pvc oda kap\u0131s\u0131"},{"@type":"BreadcrumbList","@id":"https:\/\/www.kapi.ltd\/sq\/urun\/dere-dhome-pvc\/#breadcrumb","itemListElement":[{"@type":"ListItem","position":1,"name":"Anasayfa","item":"https:\/\/www.kapi.ltd\/sq\/"},{"@type":"ListItem","position":2,"name":"ic-kapi-celik-kapi-modelleri","item":"https:\/\/www.kapi.ltd\/?page_id=4263"},{"@type":"ListItem","position":3,"name":"Der\u00eb dhome PVC"}]},{"@type":"WebSite","@id":"https:\/\/www.kapi.ltd\/sq\/#website","url":"https:\/\/www.kapi.ltd\/sq\/","name":"\u0130\u00e7 Kap\u0131 Ve \u00c7elik Kap\u0131 Modelleri","description":"T\u00fcrkiye Kap\u0131 Modelleri Merkezi","potentialAction":[{"@type":"SearchAction","target":{"@type":"EntryPoint","urlTemplate":"https:\/\/www.kapi.ltd\/sq\/?s={search_term_string}"},"query-input":{"@type":"PropertyValueSpecification","valueRequired":true,"valueName":"search_term_string"}}],"inLanguage":"sq"}]}},"_links":{"self":[{"href":"https:\/\/www.kapi.ltd\/sq\/wp-json\/wp\/v2\/product\/9767","targetHints":{"allow":["GET"]}}],"collection":[{"href":"https:\/\/www.kapi.ltd\/sq\/wp-json\/wp\/v2\/product"}],"about":[{"href":"https:\/\/www.kapi.ltd\/sq\/wp-json\/wp\/v2\/types\/product"}],"version-history":[{"count":3,"href":"https:\/\/www.kapi.ltd\/sq\/wp-json\/wp\/v2\/product\/9767\/revisions"}],"predecessor-version":[{"id":9880,"href":"https:\/\/www.kapi.ltd\/sq\/wp-json\/wp\/v2\/product\/9767\/revisions\/9880"}],"wp:featuredmedia":[{"embeddable":true,"href":"https:\/\/www.kapi.ltd\/sq\/wp-json\/wp\/v2\/media\/9768"}],"wp:attachment":[{"href":"https:\/\/www.kapi.ltd\/sq\/wp-json\/wp\/v2\/media?parent=9767"}],"wp:term":[{"taxonomy":"product_brand","embeddable":true,"href":"https:\/\/www.kapi.ltd\/sq\/wp-json\/wp\/v2\/product_brand?post=9767"},{"taxonomy":"product_cat","embeddable":true,"href":"https:\/\/www.kapi.ltd\/sq\/wp-json\/wp\/v2\/product_cat?post=9767"},{"taxonomy":"product_tag","embeddable":true,"href":"https:\/\/www.kapi.ltd\/sq\/wp-json\/wp\/v2\/product_tag?post=9767"}],"curies":[{"name":"wp","href":"https:\/\/api.w.org\/{rel}","templated":true}]}}