{"id":9715,"date":"2025-09-14T06:49:59","date_gmt":"2025-09-14T06:49:59","guid":{"rendered":"https:\/\/www.kapi.ltd\/urun\/orumcek-desenli-parlak-celik-kapi-modeli-2\/"},"modified":"2026-02-27T23:41:09","modified_gmt":"2026-02-27T20:41:09","slug":"orumcek-desenli-parlak-celik-kapi-modeli-2","status":"publish","type":"product","link":"https:\/\/www.kapi.ltd\/sq\/urun\/orumcek-desenli-parlak-celik-kapi-modeli-2\/","title":{"rendered":"\u00d6r\u00fcmcek Desenli Parlak \u00c7elik Kap\u0131 Modeli"},"content":{"rendered":"<h2 data-start=\"0\" data-end=\"52\"><strong data-start=\"0\" data-end=\"52\">L\u00fcks \u00c7elik Kap\u0131 Tasar\u0131m\u0131: G\u00fcvenli ve \u015e\u0131k Se\u00e7enek<\/strong><\/h2>\n<p data-start=\"54\" data-end=\"439\">Evinizin veya ofisinizin giri\u015fini ba\u015ftan a\u015fa\u011f\u0131ya yenilemek istiyorsan\u0131z, \u015f\u0131kl\u0131\u011f\u0131 ve g\u00fcvenli\u011fi bir arada sunan \u00e7elik kap\u0131lar m\u00fckemmel bir se\u00e7enek olabilir. Yeni modelimizde, <strong data-start=\"227\" data-end=\"241\">\u00e7elik kap\u0131<\/strong>, <strong data-start=\"243\" data-end=\"264\">\u00e7elik kap\u0131 modeli<\/strong> ve <strong data-start=\"268\" data-end=\"287\">l\u00fcks \u00e7elik kap\u0131<\/strong> tasar\u0131mlar\u0131yla hem g\u00fcvenli\u011fi hem de esteti\u011fi birle\u015ftiriyoruz. Bu kap\u0131, her detay\u0131nda zarafeti ve fonksiyonelli\u011fi bar\u0131nd\u0131ran modern bir tasar\u0131m sunuyor.<\/p>\n<p data-start=\"441\" data-end=\"999\">Kap\u0131 kasas\u0131, <strong data-start=\"454\" data-end=\"476\">oval l\u00fcks tasar\u0131m\u0131<\/strong> ile g\u00f6z al\u0131c\u0131 bir uyum i\u00e7inde. Ah\u015fap g\u00f6r\u00fcn\u00fcml\u00fc bambu rengindeki kasa, i\u00e7 mekan\u0131n\u0131za do\u011fal bir s\u0131cakl\u0131k katarken modern bir dokunu\u015f da yarat\u0131yor. Oval hatlara sahip bu <strong data-start=\"644\" data-end=\"663\">l\u00fcks \u00e7elik kap\u0131<\/strong> kasas\u0131, \u00f6zellikle geni\u015f giri\u015f alanlar\u0131nda \u015f\u0131kl\u0131\u011f\u0131 ve ferahl\u0131\u011f\u0131 artt\u0131rarak g\u00f6z kama\u015ft\u0131r\u0131c\u0131 bir etki b\u0131rak\u0131yor. Bambu rengiyle birlikte kullan\u0131lan <strong data-start=\"809\" data-end=\"829\">bambu \u00e7elik kap\u0131<\/strong> deseni, hem g\u00f6rsel hem de hissiyat a\u00e7\u0131s\u0131ndan evinize veya i\u015f yerinize s\u0131cak ve zarif bir hava kat\u0131yor. Bu tasar\u0131m, \u00e7a\u011fda\u015f bir ya\u015fam alan\u0131 arayanlar i\u00e7in ideal bir se\u00e7im.<\/p>\n<p data-start=\"1001\" data-end=\"1490\">G\u00fcvenlik her \u015feyden \u00f6nce gelir, bu y\u00fczden <strong data-start=\"1043\" data-end=\"1057\">\u00e7elik kap\u0131<\/strong> modellerimizde \u00e7ift kilitli g\u00fcvenlik sistemi yer almaktad\u0131r. Bu \u00f6zellik, evinizi ya da ofisinizi d\u0131\u015f etkenlere kar\u015f\u0131 korumak i\u00e7in son derece etkili bir \u00e7\u00f6z\u00fcm sunuyor. <strong data-start=\"1225\" data-end=\"1252\">\u00c7elik kap\u0131 aksesuarlar\u0131<\/strong>, hem tasar\u0131m\u0131 tamamlayacak \u015fekilde se\u00e7ildi hem de dayan\u0131kl\u0131l\u0131k ve uzun \u00f6m\u00fcrl\u00fcl\u00fck a\u00e7\u0131s\u0131ndan en \u00fcst d\u00fczeyde kaliteye sahip. \u00c7ift kilitli sistem, ekstra g\u00fcvenlik sa\u011flayarak sevdiklerinizin ve de\u011ferli e\u015fyalar\u0131n\u0131z\u0131n korunmas\u0131na yard\u0131mc\u0131 olur.<\/p>\n<p data-start=\"1492\" data-end=\"1790\">Yaya \u015feklinde tasarlanm\u0131\u015f olan <strong data-start=\"1523\" data-end=\"1548\">\u00e7elik kap\u0131 \u00e7ekme kolu<\/strong>, <strong data-start=\"1550\" data-end=\"1568\">\u00f6r\u00fcmcek deseni<\/strong> ile m\u00fckemmel bir uyum i\u00e7inde. Kolun zarif hatlar\u0131, sadece i\u015flevsellik a\u00e7\u0131s\u0131ndan de\u011fil, g\u00f6rsel a\u00e7\u0131dan da tasar\u0131m\u0131 tamaml\u0131yor. Her detayda kusursuz bir uyum arayanlar i\u00e7in bu kap\u0131, estetik ve i\u015flevselli\u011fi bir arada sunuyor.<\/p>\n<p data-start=\"1792\" data-end=\"2193\">Modern g\u00f6r\u00fcn\u00fcm\u00fcn yan\u0131 s\u0131ra, sa\u011flaml\u0131k da bu \u00e7elik kap\u0131 modelinin \u00f6ne \u00e7\u0131kan \u00f6zelliklerinden biridir. <strong data-start=\"1892\" data-end=\"1912\">Bambu \u00e7elik kap\u0131<\/strong> tasar\u0131m\u0131, <strong data-start=\"1923\" data-end=\"1956\">bambu renkli kabartmal\u0131 desen<\/strong> ile birle\u015ferek, parlak siyah kap\u0131 g\u00f6be\u011fi ile harika bir kontrast yarat\u0131yor. Bu tasar\u0131m, sadece \u015f\u0131k ve l\u00fcks de\u011fil, ayn\u0131 zamanda dayan\u0131kl\u0131 ve uzun \u00f6m\u00fcrl\u00fcd\u00fcr. Kap\u0131n\u0131n sa\u011flam yap\u0131s\u0131, g\u00fcvenli\u011finizin yan\u0131 s\u0131ra y\u0131llarca s\u00fcrecek kullan\u0131m sunar.<\/p>\n<p data-start=\"2195\" data-end=\"2618\" data-is-last-node=\"\" data-is-only-node=\"\">Sonu\u00e7 olarak, bu <strong data-start=\"2212\" data-end=\"2238\">l\u00fcks \u00e7elik kap\u0131 modeli<\/strong> modern, zarif ve g\u00fcvenli bir giri\u015f alan\u0131 yaratmak isteyenler i\u00e7in m\u00fckemmel bir tercihtir. <strong data-start=\"2329\" data-end=\"2343\">\u00c7elik kap\u0131<\/strong>, <strong data-start=\"2345\" data-end=\"2364\">l\u00fcks \u00e7elik kap\u0131<\/strong>, <strong data-start=\"2366\" data-end=\"2393\">bambu \u00e7elik kap\u0131 deseni<\/strong> ve <strong data-start=\"2397\" data-end=\"2424\">\u00e7elik kap\u0131 aksesuarlar\u0131<\/strong> gibi unsurlar, sadece estetik de\u011fil, ayn\u0131 zamanda uzun vadeli g\u00fcvenli\u011fi de \u00f6n planda tutmaktad\u0131r. Giri\u015f alan\u0131n\u0131z\u0131 d\u00f6n\u00fc\u015ft\u00fcrmek ve her anlamda fark yaratmak i\u00e7in bu tasar\u0131m\u0131 tercih edebilirsiniz.<\/p>\n","protected":false},"excerpt":{"rendered":"<p>L\u00fcks \u00c7elik Kap\u0131 Tasar\u0131m\u0131: G\u00fcvenli ve \u015e\u0131k Se\u00e7enek Evinizin veya ofisinizin giri\u015fini ba\u015ftan a\u015fa\u011f\u0131ya yenilemek istiyorsan\u0131z, \u015f\u0131kl\u0131\u011f\u0131 ve g\u00fcvenli\u011fi bir arada sunan \u00e7elik kap\u0131lar m\u00fckemmel bir se\u00e7enek olabilir. Yeni modelimizde, \u00e7elik kap\u0131, \u00e7elik kap\u0131 modeli ve l\u00fcks \u00e7elik kap\u0131 tasar\u0131mlar\u0131yla hem g\u00fcvenli\u011fi hem de esteti\u011fi birle\u015ftiriyoruz. Bu kap\u0131, her detay\u0131nda zarafeti ve fonksiyonelli\u011fi bar\u0131nd\u0131ran modern<\/p>\n","protected":false},"featured_media":8563,"template":"","meta":{"_bbp_topic_count":0,"_bbp_reply_count":0,"_bbp_total_topic_count":0,"_bbp_total_reply_count":0,"_bbp_voice_count":0,"_bbp_anonymous_reply_count":0,"_bbp_topic_count_hidden":0,"_bbp_reply_count_hidden":0,"_bbp_forum_subforum_count":0},"product_brand":[],"product_cat":[894],"product_tag":[],"class_list":{"0":"post-9715","1":"product","2":"type-product","3":"status-publish","4":"has-post-thumbnail","6":"product_cat-dyer-te-blinduara-te-stampuara","8":"first","9":"instock","10":"shipping-taxable","11":"product-type-simple","12":"prodpage-classic"},"yoast_head":"<!-- This site is optimized with the Yoast SEO Premium plugin v26.6 (Yoast SEO v27.4) - https:\/\/yoast.com\/product\/yoast-seo-premium-wordpress\/ -->\n<title>\u00d6r\u00fcmcek Desenli Parlak \u00c7elik Kap\u0131 Modeli - \u0130\u00e7 Oda Kap\u0131lar\u0131 - \u00c7elik kap\u0131 modelleri - apartman kap\u0131lar\u0131<\/title>\n<meta name=\"robots\" content=\"index, follow, max-snippet:-1, max-image-preview:large, max-video-preview:-1\" \/>\n<link rel=\"canonical\" href=\"https:\/\/www.kapi.ltd\/sq\/urun\/orumcek-desenli-parlak-celik-kapi-modeli-2\/\" \/>\n<meta property=\"og:locale\" content=\"sq_AL\" \/>\n<meta property=\"og:type\" content=\"article\" \/>\n<meta property=\"og:title\" content=\"\u00d6r\u00fcmcek Desenli Parlak \u00c7elik Kap\u0131 Modeli\" \/>\n<meta property=\"og:description\" content=\"L\u00fcks \u00c7elik Kap\u0131 Tasar\u0131m\u0131: G\u00fcvenli ve \u015e\u0131k Se\u00e7enek Evinizin veya ofisinizin giri\u015fini ba\u015ftan a\u015fa\u011f\u0131ya yenilemek istiyorsan\u0131z, \u015f\u0131kl\u0131\u011f\u0131 ve g\u00fcvenli\u011fi bir arada sunan \u00e7elik kap\u0131lar m\u00fckemmel bir se\u00e7enek olabilir. Yeni modelimizde, \u00e7elik kap\u0131, \u00e7elik kap\u0131 modeli ve l\u00fcks \u00e7elik kap\u0131 tasar\u0131mlar\u0131yla hem g\u00fcvenli\u011fi hem de esteti\u011fi birle\u015ftiriyoruz. Bu kap\u0131, her detay\u0131nda zarafeti ve fonksiyonelli\u011fi bar\u0131nd\u0131ran modern\" \/>\n<meta property=\"og:url\" content=\"https:\/\/www.kapi.ltd\/sq\/urun\/orumcek-desenli-parlak-celik-kapi-modeli-2\/\" \/>\n<meta property=\"og:site_name\" content=\"\u0130\u00e7 Oda Kap\u0131lar\u0131 - \u00c7elik kap\u0131 modelleri - apartman kap\u0131lar\u0131\" \/>\n<meta property=\"article:modified_time\" content=\"2026-02-27T20:41:09+00:00\" \/>\n<meta name=\"twitter:card\" content=\"summary_large_image\" \/>\n<meta name=\"twitter:label1\" content=\"Est. reading time\" \/>\n\t<meta name=\"twitter:data1\" content=\"3 minuta\" \/>\n<script type=\"application\/ld+json\" class=\"yoast-schema-graph\">{\"@context\":\"https:\\\/\\\/schema.org\",\"@graph\":[{\"@type\":\"WebPage\",\"@id\":\"https:\\\/\\\/www.kapi.ltd\\\/sq\\\/urun\\\/orumcek-desenli-parlak-celik-kapi-modeli-2\\\/\",\"url\":\"https:\\\/\\\/www.kapi.ltd\\\/sq\\\/urun\\\/orumcek-desenli-parlak-celik-kapi-modeli-2\\\/\",\"name\":\"\u00d6r\u00fcmcek Desenli Parlak \u00c7elik Kap\u0131 Modeli - \u0130\u00e7 Oda Kap\u0131lar\u0131 - \u00c7elik kap\u0131 modelleri - apartman kap\u0131lar\u0131\",\"isPartOf\":{\"@id\":\"https:\\\/\\\/www.kapi.ltd\\\/sq\\\/#website\"},\"primaryImageOfPage\":{\"@id\":\"https:\\\/\\\/www.kapi.ltd\\\/sq\\\/urun\\\/orumcek-desenli-parlak-celik-kapi-modeli-2\\\/#primaryimage\"},\"image\":{\"@id\":\"https:\\\/\\\/www.kapi.ltd\\\/sq\\\/urun\\\/orumcek-desenli-parlak-celik-kapi-modeli-2\\\/#primaryimage\"},\"thumbnailUrl\":\"https:\\\/\\\/www.kapi.ltd\\\/wp-content\\\/uploads\\\/2025\\\/09\\\/orumcek-desenli-celik-kapi-modeli.webp\",\"datePublished\":\"2025-09-14T06:49:59+00:00\",\"dateModified\":\"2026-02-27T20:41:09+00:00\",\"breadcrumb\":{\"@id\":\"https:\\\/\\\/www.kapi.ltd\\\/sq\\\/urun\\\/orumcek-desenli-parlak-celik-kapi-modeli-2\\\/#breadcrumb\"},\"inLanguage\":\"sq\",\"potentialAction\":[{\"@type\":\"ReadAction\",\"target\":[\"https:\\\/\\\/www.kapi.ltd\\\/sq\\\/urun\\\/orumcek-desenli-parlak-celik-kapi-modeli-2\\\/\"]}]},{\"@type\":\"ImageObject\",\"inLanguage\":\"sq\",\"@id\":\"https:\\\/\\\/www.kapi.ltd\\\/sq\\\/urun\\\/orumcek-desenli-parlak-celik-kapi-modeli-2\\\/#primaryimage\",\"url\":\"https:\\\/\\\/www.kapi.ltd\\\/wp-content\\\/uploads\\\/2025\\\/09\\\/orumcek-desenli-celik-kapi-modeli.webp\",\"contentUrl\":\"https:\\\/\\\/www.kapi.ltd\\\/wp-content\\\/uploads\\\/2025\\\/09\\\/orumcek-desenli-celik-kapi-modeli.webp\",\"width\":768,\"height\":1152,\"caption\":\"\u00f6r\u00fcmcek desenli \u00e7elik kap\u0131 modeli\"},{\"@type\":\"BreadcrumbList\",\"@id\":\"https:\\\/\\\/www.kapi.ltd\\\/sq\\\/urun\\\/orumcek-desenli-parlak-celik-kapi-modeli-2\\\/#breadcrumb\",\"itemListElement\":[{\"@type\":\"ListItem\",\"position\":1,\"name\":\"Anasayfa\",\"item\":\"https:\\\/\\\/www.kapi.ltd\\\/sq\\\/\"},{\"@type\":\"ListItem\",\"position\":2,\"name\":\"ic-kapi-celik-kapi-modelleri\",\"item\":\"https:\\\/\\\/www.kapi.ltd\\\/?page_id=4263\"},{\"@type\":\"ListItem\",\"position\":3,\"name\":\"\u00d6r\u00fcmcek Desenli Parlak \u00c7elik Kap\u0131 Modeli\"}]},{\"@type\":\"WebSite\",\"@id\":\"https:\\\/\\\/www.kapi.ltd\\\/sq\\\/#website\",\"url\":\"https:\\\/\\\/www.kapi.ltd\\\/sq\\\/\",\"name\":\"\u0130\u00e7 Kap\u0131 Ve \u00c7elik Kap\u0131 Modelleri\",\"description\":\"T\u00fcrkiye Kap\u0131 Modelleri Merkezi\",\"potentialAction\":[{\"@type\":\"SearchAction\",\"target\":{\"@type\":\"EntryPoint\",\"urlTemplate\":\"https:\\\/\\\/www.kapi.ltd\\\/sq\\\/?s={search_term_string}\"},\"query-input\":{\"@type\":\"PropertyValueSpecification\",\"valueRequired\":true,\"valueName\":\"search_term_string\"}}],\"inLanguage\":\"sq\"}]}<\/script>\n<!-- \/ Yoast SEO Premium plugin. -->","yoast_head_json":{"title":"\u00d6r\u00fcmcek Desenli Parlak \u00c7elik Kap\u0131 Modeli - \u0130\u00e7 Oda Kap\u0131lar\u0131 - \u00c7elik kap\u0131 modelleri - apartman kap\u0131lar\u0131","robots":{"index":"index","follow":"follow","max-snippet":"max-snippet:-1","max-image-preview":"max-image-preview:large","max-video-preview":"max-video-preview:-1"},"canonical":"https:\/\/www.kapi.ltd\/sq\/urun\/orumcek-desenli-parlak-celik-kapi-modeli-2\/","og_locale":"sq_AL","og_type":"article","og_title":"\u00d6r\u00fcmcek Desenli Parlak \u00c7elik Kap\u0131 Modeli","og_description":"L\u00fcks \u00c7elik Kap\u0131 Tasar\u0131m\u0131: G\u00fcvenli ve \u015e\u0131k Se\u00e7enek Evinizin veya ofisinizin giri\u015fini ba\u015ftan a\u015fa\u011f\u0131ya yenilemek istiyorsan\u0131z, \u015f\u0131kl\u0131\u011f\u0131 ve g\u00fcvenli\u011fi bir arada sunan \u00e7elik kap\u0131lar m\u00fckemmel bir se\u00e7enek olabilir. Yeni modelimizde, \u00e7elik kap\u0131, \u00e7elik kap\u0131 modeli ve l\u00fcks \u00e7elik kap\u0131 tasar\u0131mlar\u0131yla hem g\u00fcvenli\u011fi hem de esteti\u011fi birle\u015ftiriyoruz. Bu kap\u0131, her detay\u0131nda zarafeti ve fonksiyonelli\u011fi bar\u0131nd\u0131ran modern","og_url":"https:\/\/www.kapi.ltd\/sq\/urun\/orumcek-desenli-parlak-celik-kapi-modeli-2\/","og_site_name":"\u0130\u00e7 Oda Kap\u0131lar\u0131 - \u00c7elik kap\u0131 modelleri - apartman kap\u0131lar\u0131","article_modified_time":"2026-02-27T20:41:09+00:00","twitter_card":"summary_large_image","twitter_misc":{"Est. reading time":"3 minuta"},"schema":{"@context":"https:\/\/schema.org","@graph":[{"@type":"WebPage","@id":"https:\/\/www.kapi.ltd\/sq\/urun\/orumcek-desenli-parlak-celik-kapi-modeli-2\/","url":"https:\/\/www.kapi.ltd\/sq\/urun\/orumcek-desenli-parlak-celik-kapi-modeli-2\/","name":"\u00d6r\u00fcmcek Desenli Parlak \u00c7elik Kap\u0131 Modeli - \u0130\u00e7 Oda Kap\u0131lar\u0131 - \u00c7elik kap\u0131 modelleri - apartman kap\u0131lar\u0131","isPartOf":{"@id":"https:\/\/www.kapi.ltd\/sq\/#website"},"primaryImageOfPage":{"@id":"https:\/\/www.kapi.ltd\/sq\/urun\/orumcek-desenli-parlak-celik-kapi-modeli-2\/#primaryimage"},"image":{"@id":"https:\/\/www.kapi.ltd\/sq\/urun\/orumcek-desenli-parlak-celik-kapi-modeli-2\/#primaryimage"},"thumbnailUrl":"https:\/\/www.kapi.ltd\/wp-content\/uploads\/2025\/09\/orumcek-desenli-celik-kapi-modeli.webp","datePublished":"2025-09-14T06:49:59+00:00","dateModified":"2026-02-27T20:41:09+00:00","breadcrumb":{"@id":"https:\/\/www.kapi.ltd\/sq\/urun\/orumcek-desenli-parlak-celik-kapi-modeli-2\/#breadcrumb"},"inLanguage":"sq","potentialAction":[{"@type":"ReadAction","target":["https:\/\/www.kapi.ltd\/sq\/urun\/orumcek-desenli-parlak-celik-kapi-modeli-2\/"]}]},{"@type":"ImageObject","inLanguage":"sq","@id":"https:\/\/www.kapi.ltd\/sq\/urun\/orumcek-desenli-parlak-celik-kapi-modeli-2\/#primaryimage","url":"https:\/\/www.kapi.ltd\/wp-content\/uploads\/2025\/09\/orumcek-desenli-celik-kapi-modeli.webp","contentUrl":"https:\/\/www.kapi.ltd\/wp-content\/uploads\/2025\/09\/orumcek-desenli-celik-kapi-modeli.webp","width":768,"height":1152,"caption":"\u00f6r\u00fcmcek desenli \u00e7elik kap\u0131 modeli"},{"@type":"BreadcrumbList","@id":"https:\/\/www.kapi.ltd\/sq\/urun\/orumcek-desenli-parlak-celik-kapi-modeli-2\/#breadcrumb","itemListElement":[{"@type":"ListItem","position":1,"name":"Anasayfa","item":"https:\/\/www.kapi.ltd\/sq\/"},{"@type":"ListItem","position":2,"name":"ic-kapi-celik-kapi-modelleri","item":"https:\/\/www.kapi.ltd\/?page_id=4263"},{"@type":"ListItem","position":3,"name":"\u00d6r\u00fcmcek Desenli Parlak \u00c7elik Kap\u0131 Modeli"}]},{"@type":"WebSite","@id":"https:\/\/www.kapi.ltd\/sq\/#website","url":"https:\/\/www.kapi.ltd\/sq\/","name":"\u0130\u00e7 Kap\u0131 Ve \u00c7elik Kap\u0131 Modelleri","description":"T\u00fcrkiye Kap\u0131 Modelleri Merkezi","potentialAction":[{"@type":"SearchAction","target":{"@type":"EntryPoint","urlTemplate":"https:\/\/www.kapi.ltd\/sq\/?s={search_term_string}"},"query-input":{"@type":"PropertyValueSpecification","valueRequired":true,"valueName":"search_term_string"}}],"inLanguage":"sq"}]}},"_links":{"self":[{"href":"https:\/\/www.kapi.ltd\/sq\/wp-json\/wp\/v2\/product\/9715","targetHints":{"allow":["GET"]}}],"collection":[{"href":"https:\/\/www.kapi.ltd\/sq\/wp-json\/wp\/v2\/product"}],"about":[{"href":"https:\/\/www.kapi.ltd\/sq\/wp-json\/wp\/v2\/types\/product"}],"version-history":[{"count":0,"href":"https:\/\/www.kapi.ltd\/sq\/wp-json\/wp\/v2\/product\/9715\/revisions"}],"wp:featuredmedia":[{"embeddable":true,"href":"https:\/\/www.kapi.ltd\/sq\/wp-json\/wp\/v2\/media\/8563"}],"wp:attachment":[{"href":"https:\/\/www.kapi.ltd\/sq\/wp-json\/wp\/v2\/media?parent=9715"}],"wp:term":[{"taxonomy":"product_brand","embeddable":true,"href":"https:\/\/www.kapi.ltd\/sq\/wp-json\/wp\/v2\/product_brand?post=9715"},{"taxonomy":"product_cat","embeddable":true,"href":"https:\/\/www.kapi.ltd\/sq\/wp-json\/wp\/v2\/product_cat?post=9715"},{"taxonomy":"product_tag","embeddable":true,"href":"https:\/\/www.kapi.ltd\/sq\/wp-json\/wp\/v2\/product_tag?post=9715"}],"curies":[{"name":"wp","href":"https:\/\/api.w.org\/{rel}","templated":true}]}}