{"id":9608,"date":"2025-09-29T19:51:28","date_gmt":"2025-09-29T19:51:28","guid":{"rendered":"https:\/\/www.kapi.ltd\/urun\/exterior-door-model-2\/"},"modified":"2026-02-27T08:32:52","modified_gmt":"2026-02-27T05:32:52","slug":"exterior-door-model-2","status":"publish","type":"product","link":"https:\/\/www.kapi.ltd\/sq\/urun\/exterior-door-model-2\/","title":{"rendered":"Exterior Door Model"},"content":{"rendered":"<h3 data-start=\"0\" data-end=\"65\">D\u0131\u015f Kap\u0131 Modeli: Evinizin \u015e\u0131kl\u0131\u011f\u0131n\u0131 Yans\u0131tan \u00d6nemli Bir Detay<\/h3>\n<p data-start=\"67\" data-end=\"435\">Evinizin d\u0131\u015f y\u00fczeyini tamamlayan, estetik ve g\u00fcvenlik sa\u011flayan \u00f6nemli unsurlardan biri \u015f\u00fcphesiz d\u0131\u015f kap\u0131d\u0131r. D\u0131\u015f kap\u0131 modeli, sadece giri\u015finize de\u011fer katmakla kalmaz, ayn\u0131 zamanda bina g\u00fcvenli\u011finizin de temel ta\u015flar\u0131n\u0131 olu\u015fturur. Bu yaz\u0131m\u0131zda d\u0131\u015f kap\u0131lar, villa kap\u0131lar\u0131, bina giri\u015f kap\u0131lar\u0131 ve di\u011fer d\u0131\u015f giri\u015f kap\u0131lar\u0131 hakk\u0131nda bilmeniz gereken her \u015feyi ele alaca\u011f\u0131z.<\/p>\n<hr data-start=\"437\" data-end=\"440\" \/>\n<h3 data-start=\"442\" data-end=\"502\">D\u0131\u015f Kap\u0131 Modelleri: \u015e\u0131kl\u0131k ve G\u00fcvenli\u011fin Bulu\u015ftu\u011fu Nokta<\/h3>\n<p data-start=\"504\" data-end=\"909\">D\u0131\u015f kap\u0131lar, ev sahiplerinin estetik beklentilerini kar\u015f\u0131larken, ayn\u0131 zamanda g\u00fcvenlik ihtiyac\u0131n\u0131 da g\u00f6z \u00f6n\u00fcnde bulundurur. D\u0131\u015f kap\u0131 modelleri, farkl\u0131 malzeme ve tasar\u0131mlarla \u00e7e\u015fitlenerek, her tarza hitap edecek se\u00e7enekler sunar. \u00d6zellikle <strong data-start=\"744\" data-end=\"766\">villa d\u0131\u015f kap\u0131lar\u0131<\/strong>, l\u00fcks ve zarif tasar\u0131mlar\u0131yla \u00f6ne \u00e7\u0131kar. G\u00fc\u00e7l\u00fc yap\u0131lar\u0131 ve modern \u00e7izgileriyle hem d\u0131\u015f mekan tasar\u0131m\u0131na katk\u0131 sa\u011flar hem de g\u00fcvenli\u011fi art\u0131r\u0131r.<\/p>\n<p data-start=\"911\" data-end=\"1263\">D\u0131\u015f kap\u0131lar, genellikle <strong data-start=\"935\" data-end=\"948\">al\u00fcminyum<\/strong>, <strong data-start=\"950\" data-end=\"959\">\u00e7elik<\/strong>, <strong data-start=\"961\" data-end=\"970\">ah\u015fap<\/strong> veya <strong data-start=\"976\" data-end=\"996\">kompozit malzeme<\/strong> gibi dayan\u0131kl\u0131 malzemelerden \u00fcretilir. Al\u00fcminyum d\u0131\u015f kap\u0131 modelleri, hafifli\u011fi ve dayan\u0131kl\u0131l\u0131\u011f\u0131yla bilinirken, \u00e7elik kap\u0131lar daha fazla g\u00fcvenlik sa\u011flayan se\u00e7enekler aras\u0131nda yer al\u0131r. <strong data-start=\"1181\" data-end=\"1199\">Villa kap\u0131lar\u0131<\/strong> ise l\u00fcks malzemelerin yan\u0131 s\u0131ra estetik dokunu\u015flarla \u00f6ne \u00e7\u0131kar.<\/p>\n<hr data-start=\"1265\" data-end=\"1268\" \/>\n<h3 data-start=\"1270\" data-end=\"1318\">Villa D\u0131\u015f Kap\u0131s\u0131: L\u00fcks ve G\u00fcvenlik Bir Arada<\/h3>\n<p data-start=\"1320\" data-end=\"1662\">Villa d\u0131\u015f kap\u0131lar\u0131, \u00f6zellikle b\u00fcy\u00fck ve zarif yap\u0131lar\u0131 olan evler i\u00e7in tasarlan\u0131r. \u015e\u0131kl\u0131\u011f\u0131n ve sa\u011flaml\u0131\u011f\u0131n birle\u015fiminden olu\u015fan <strong data-start=\"1447\" data-end=\"1465\">villa kap\u0131lar\u0131<\/strong>, d\u0131\u015f mekanla uyumlu olarak tasarlan\u0131r. Bu kap\u0131lar, genellikle y\u00fcksek g\u00fcvenlik standartlar\u0131na sahip olup, i\u00e7eriden ve d\u0131\u015far\u0131dan eri\u015fimi denetlemek i\u00e7in \u00e7e\u015fitli g\u00fcvenlik sistemleriyle donat\u0131labilir.<\/p>\n<p data-start=\"1664\" data-end=\"1938\">Modern <strong data-start=\"1671\" data-end=\"1687\">villa kap\u0131s\u0131<\/strong> modelleri, <strong data-start=\"1699\" data-end=\"1718\">otomatik a\u00e7\u0131lma<\/strong> ve <strong data-start=\"1722\" data-end=\"1739\">kamera izleme<\/strong> gibi teknolojilerle desteklenir. Ayr\u0131ca, <strong data-start=\"1781\" data-end=\"1801\">villa d\u0131\u015f kap\u0131s\u0131<\/strong> tasar\u0131mlar\u0131nda kullan\u0131lan <strong data-start=\"1828\" data-end=\"1846\">farkl\u0131 renkler<\/strong> ve <strong data-start=\"1850\" data-end=\"1871\">y\u00fczey kaplamalar\u0131<\/strong> sayesinde, her villan\u0131n mimarisiyle uyumlu tasar\u0131mlar bulunabilir.<\/p>\n<hr data-start=\"1940\" data-end=\"1943\" \/>\n<h3 data-start=\"1945\" data-end=\"2010\">Bina Giri\u015f Kap\u0131s\u0131: Estetikten \u00d6d\u00fcn Vermeden G\u00fcvenlik Sa\u011flay\u0131n<\/h3>\n<p data-start=\"2012\" data-end=\"2322\"><strong data-start=\"2012\" data-end=\"2033\">Bina giri\u015f kap\u0131s\u0131<\/strong>, \u00f6zellikle apartmanlar ve ticari yap\u0131lar i\u00e7in kritik \u00f6neme sahiptir. Bu kap\u0131, g\u00fcvenli\u011fi sa\u011flamakla kalmaz, ayn\u0131 zamanda binan\u0131n genel g\u00f6r\u00fcn\u00fcm\u00fcne katk\u0131 sa\u011flar. \u00c7elik veya al\u00fcminyum gibi sa\u011flam malzemelerden \u00fcretilen <strong data-start=\"2249\" data-end=\"2264\">bina kap\u0131s\u0131<\/strong>, d\u0131\u015far\u0131dan gelecek olas\u0131 tehlikelere kar\u015f\u0131 koruma sa\u011flar.<\/p>\n<p data-start=\"2324\" data-end=\"2670\">Bina giri\u015f kap\u0131lar\u0131, farkl\u0131 tasar\u0131mlara sahip olabilir. Minimalist ve modern \u00e7izgilerle tasarlanm\u0131\u015f <strong data-start=\"2424\" data-end=\"2444\">d\u0131\u015f giri\u015f kap\u0131s\u0131<\/strong> modelleri, \u00f6zellikle \u015fehir merkezindeki modern yap\u0131lar i\u00e7in tercih edilir. Ayr\u0131ca, bina giri\u015f kap\u0131s\u0131n\u0131n i\u00e7ine entegre edilebilecek <strong data-start=\"2576\" data-end=\"2590\">parmak izi<\/strong> veya <strong data-start=\"2596\" data-end=\"2623\">kartl\u0131 ge\u00e7i\u015f sistemleri<\/strong> ile bina sakinlerinin g\u00fcvenli\u011fi art\u0131r\u0131labilir.<\/p>\n<hr data-start=\"2672\" data-end=\"2675\" \/>\n<h3 data-start=\"2677\" data-end=\"2730\">D\u0131\u015f Giri\u015f Kap\u0131s\u0131: Tasar\u0131m ve G\u00fcvenli\u011fin Birle\u015fimi<\/h3>\n<p data-start=\"2732\" data-end=\"3004\"><strong data-start=\"2732\" data-end=\"2752\">D\u0131\u015f giri\u015f kap\u0131s\u0131<\/strong>, evin d\u0131\u015f d\u00fcnyaya a\u00e7\u0131lan ilk noktas\u0131d\u0131r ve bu nedenle tasar\u0131m\u0131 \u00e7ok \u00f6nemlidir. Hem <strong data-start=\"2835\" data-end=\"2846\">estetik<\/strong> hem de <strong data-start=\"2854\" data-end=\"2869\">fonksiyonel<\/strong> olmas\u0131 gereken d\u0131\u015f giri\u015f kap\u0131lar\u0131, evin tarz\u0131n\u0131 yans\u0131tmal\u0131 ve ayn\u0131 zamanda d\u0131\u015far\u0131dan gelebilecek tehditlere kar\u015f\u0131 dayan\u0131kl\u0131 olmal\u0131d\u0131r.<\/p>\n<p data-start=\"3006\" data-end=\"3413\">G\u00fcn\u00fcm\u00fczde en pop\u00fcler d\u0131\u015f giri\u015f kap\u0131s\u0131 modelleri aras\u0131nda <strong data-start=\"3063\" data-end=\"3083\">otomatik kap\u0131lar<\/strong>, <strong data-start=\"3085\" data-end=\"3117\">yava\u015f a\u00e7\u0131l\u0131p kapanan kap\u0131lar<\/strong> ve <strong data-start=\"3121\" data-end=\"3149\">gizli mente\u015fe sistemleri<\/strong> gibi yenilik\u00e7i \u00f6zellikler bulunur. <strong data-start=\"3185\" data-end=\"3207\">D\u0131\u015f kap\u0131 modelleri<\/strong>, zamanla evinize de\u011fer katarken, <strong data-start=\"3241\" data-end=\"3263\">enerji verimlili\u011fi<\/strong> sa\u011flayan \u00f6zellikleriyle de dikkat \u00e7eker. \u00d6rne\u011fin, <strong data-start=\"3314\" data-end=\"3339\">yal\u0131t\u0131ml\u0131 d\u0131\u015f kap\u0131lar<\/strong>, k\u0131\u015f\u0131n so\u011fuk hava giri\u015fini engelleyerek, enerji t\u00fcketiminizi azaltabilir.<\/p>\n<hr data-start=\"3415\" data-end=\"3418\" \/>\n<h3 data-start=\"3420\" data-end=\"3465\">D\u0131\u015f Kap\u0131 Se\u00e7erken Nelere Dikkat Edilmeli?<\/h3>\n<p data-start=\"3467\" data-end=\"3742\">D\u0131\u015f kap\u0131 se\u00e7imi yaparken dikkat edilmesi gereken birka\u00e7 \u00f6nemli fakt\u00f6r vard\u0131r. \u00d6ncelikle, kap\u0131n\u0131n dayan\u0131kl\u0131 olmas\u0131 gerekir. Kap\u0131, d\u0131\u015f etkenlere, r\u00fczg\u00e2ra, ya\u011fa ve neme kar\u015f\u0131 dayan\u0131kl\u0131 olmal\u0131d\u0131r. <strong data-start=\"3660\" data-end=\"3681\">\u00c7elik d\u0131\u015f kap\u0131lar<\/strong>, bu t\u00fcr olumsuz hava ko\u015fullar\u0131na kar\u015f\u0131 olduk\u00e7a dayan\u0131kl\u0131d\u0131r.<\/p>\n<p data-start=\"3744\" data-end=\"3974\">Ayr\u0131ca, d\u0131\u015f kap\u0131 tasar\u0131m\u0131n\u0131n, evin genel mimarisiyle uyumlu olmas\u0131 da \u00f6nemli bir noktad\u0131r. <strong data-start=\"3835\" data-end=\"3853\">Villa kap\u0131lar\u0131<\/strong>, genellikle zarif tasar\u0131mlar ve detaylarla bezenirken, apartmanlar i\u00e7in daha sade ve fonksiyonel modeller tercih edilir.<\/p>\n<p data-start=\"3976\" data-end=\"4265\">Bununla birlikte, d\u0131\u015f kap\u0131 modellerinin g\u00fcvenlik \u00f6zellikleri de g\u00f6z \u00f6n\u00fcnde bulundurulmal\u0131d\u0131r. <strong data-start=\"4070\" data-end=\"4085\">Bina kap\u0131s\u0131<\/strong> ve <strong data-start=\"4089\" data-end=\"4109\">d\u0131\u015f giri\u015f kap\u0131s\u0131<\/strong>\u00a0gibi \u00f6nemli giri\u015f noktalar\u0131ndaki kap\u0131lar\u0131n, modern g\u00fcvenlik sistemlerine entegre edilmesi, ev sahiplerinin rahat\u00e7a d\u0131\u015far\u0131da zaman ge\u00e7irebilmelerini sa\u011flar.<\/p>\n<hr data-start=\"4267\" data-end=\"4270\" \/>\n<h3 data-start=\"4272\" data-end=\"4331\">Sonu\u00e7: D\u0131\u015f Kap\u0131n\u0131z, Hem G\u00fcvenli\u011fi Hem Esteti\u011fi Sa\u011flas\u0131n<\/h3>\n<p data-start=\"4333\" data-end=\"4764\"><strong data-start=\"4333\" data-end=\"4352\">D\u0131\u015f kap\u0131 modeli<\/strong>, estetik ve g\u00fcvenli\u011fi bir araya getiren \u00f6nemli bir unsurdur. Villa kap\u0131lar\u0131, bina giri\u015f kap\u0131lar\u0131 ve d\u0131\u015f giri\u015f kap\u0131lar\u0131 gibi \u00e7e\u015fitli se\u00e7enekler, hem fonksiyonel hem de \u015f\u0131k olmal\u0131d\u0131r. Kap\u0131n\u0131z\u0131n malzeme kalitesi, g\u00fcvenlik \u00f6zellikleri ve tasar\u0131m\u0131, evinize de\u011fer katacak en \u00f6nemli detaylardan biridir. Bu y\u00fczden, d\u0131\u015f kap\u0131 se\u00e7imi yaparken ihtiyac\u0131n\u0131z olan estetikten \u00f6d\u00fcn vermeden g\u00fcvenli\u011fi de \u00f6n planda tutmal\u0131s\u0131n\u0131z.<\/p>\n<p data-start=\"4766\" data-end=\"4973\" data-is-last-node=\"\" data-is-only-node=\"\">G\u00fcn\u00fcm\u00fczde, d\u0131\u015f kap\u0131 modelleri, her ihtiyaca ve her b\u00fct\u00e7eye uygun geni\u015f bir yelpazeye sahiptir. Bu nedenle, ihtiyac\u0131n\u0131za en uygun olan d\u0131\u015f kap\u0131y\u0131 se\u00e7mek, evinizin g\u00fcvenli\u011fi ve esteti\u011fi i\u00e7in olduk\u00e7a \u00f6nemlidir.<\/p>\n","protected":false},"excerpt":{"rendered":"<p>D\u0131\u015f Kap\u0131 Modeli: Evinizin \u015e\u0131kl\u0131\u011f\u0131n\u0131 Yans\u0131tan \u00d6nemli Bir Detay Evinizin d\u0131\u015f y\u00fczeyini tamamlayan, estetik ve g\u00fcvenlik sa\u011flayan \u00f6nemli unsurlardan biri \u015f\u00fcphesiz d\u0131\u015f kap\u0131d\u0131r. D\u0131\u015f kap\u0131 modeli, sadece giri\u015finize de\u011fer katmakla kalmaz, ayn\u0131 zamanda bina g\u00fcvenli\u011finizin de temel ta\u015flar\u0131n\u0131 olu\u015fturur. Bu yaz\u0131m\u0131zda d\u0131\u015f kap\u0131lar, villa kap\u0131lar\u0131, bina giri\u015f kap\u0131lar\u0131 ve di\u011fer d\u0131\u015f giri\u015f kap\u0131lar\u0131 hakk\u0131nda bilmeniz<\/p>\n","protected":false},"featured_media":9137,"template":"","meta":{"_bbp_topic_count":0,"_bbp_reply_count":0,"_bbp_total_topic_count":0,"_bbp_total_reply_count":0,"_bbp_voice_count":0,"_bbp_anonymous_reply_count":0,"_bbp_topic_count_hidden":0,"_bbp_reply_count_hidden":0,"_bbp_forum_subforum_count":0},"product_brand":[],"product_cat":[893],"product_tag":[1012],"class_list":{"0":"post-9608","1":"product","2":"type-product","3":"status-publish","4":"has-post-thumbnail","6":"product_cat-dere-e-blinduar-e-perpara","7":"product_tag-dere-kryesore-e-blinduar","9":"first","10":"instock","11":"shipping-taxable","12":"product-type-simple","13":"prodpage-classic"},"yoast_head":"<!-- This site is optimized with the Yoast SEO Premium plugin v26.6 (Yoast SEO v27.3) - https:\/\/yoast.com\/product\/yoast-seo-premium-wordpress\/ -->\n<title>Exterior Door Model - \u0130\u00e7 Oda Kap\u0131lar\u0131 - \u00c7elik kap\u0131 modelleri - apartman kap\u0131lar\u0131<\/title>\n<meta name=\"robots\" content=\"index, follow, max-snippet:-1, max-image-preview:large, max-video-preview:-1\" \/>\n<link rel=\"canonical\" href=\"https:\/\/www.kapi.ltd\/sq\/urun\/exterior-door-model-2\/\" \/>\n<meta property=\"og:locale\" content=\"sq_AL\" \/>\n<meta property=\"og:type\" content=\"article\" \/>\n<meta property=\"og:title\" content=\"Exterior Door Model\" \/>\n<meta property=\"og:description\" content=\"D\u0131\u015f Kap\u0131 Modeli: Evinizin \u015e\u0131kl\u0131\u011f\u0131n\u0131 Yans\u0131tan \u00d6nemli Bir Detay Evinizin d\u0131\u015f y\u00fczeyini tamamlayan, estetik ve g\u00fcvenlik sa\u011flayan \u00f6nemli unsurlardan biri \u015f\u00fcphesiz d\u0131\u015f kap\u0131d\u0131r. D\u0131\u015f kap\u0131 modeli, sadece giri\u015finize de\u011fer katmakla kalmaz, ayn\u0131 zamanda bina g\u00fcvenli\u011finizin de temel ta\u015flar\u0131n\u0131 olu\u015fturur. Bu yaz\u0131m\u0131zda d\u0131\u015f kap\u0131lar, villa kap\u0131lar\u0131, bina giri\u015f kap\u0131lar\u0131 ve di\u011fer d\u0131\u015f giri\u015f kap\u0131lar\u0131 hakk\u0131nda bilmeniz\" \/>\n<meta property=\"og:url\" content=\"https:\/\/www.kapi.ltd\/sq\/urun\/exterior-door-model-2\/\" \/>\n<meta property=\"og:site_name\" content=\"\u0130\u00e7 Oda Kap\u0131lar\u0131 - \u00c7elik kap\u0131 modelleri - apartman kap\u0131lar\u0131\" \/>\n<meta property=\"article:modified_time\" content=\"2026-02-27T05:32:52+00:00\" \/>\n<meta name=\"twitter:card\" content=\"summary_large_image\" \/>\n<meta name=\"twitter:label1\" content=\"Est. reading time\" \/>\n\t<meta name=\"twitter:data1\" content=\"5 minuta\" \/>\n<script type=\"application\/ld+json\" class=\"yoast-schema-graph\">{\"@context\":\"https:\\\/\\\/schema.org\",\"@graph\":[{\"@type\":\"WebPage\",\"@id\":\"https:\\\/\\\/www.kapi.ltd\\\/sq\\\/urun\\\/exterior-door-model-2\\\/\",\"url\":\"https:\\\/\\\/www.kapi.ltd\\\/sq\\\/urun\\\/exterior-door-model-2\\\/\",\"name\":\"Exterior Door Model - \u0130\u00e7 Oda Kap\u0131lar\u0131 - \u00c7elik kap\u0131 modelleri - apartman kap\u0131lar\u0131\",\"isPartOf\":{\"@id\":\"https:\\\/\\\/www.kapi.ltd\\\/sq\\\/#website\"},\"primaryImageOfPage\":{\"@id\":\"https:\\\/\\\/www.kapi.ltd\\\/sq\\\/urun\\\/exterior-door-model-2\\\/#primaryimage\"},\"image\":{\"@id\":\"https:\\\/\\\/www.kapi.ltd\\\/sq\\\/urun\\\/exterior-door-model-2\\\/#primaryimage\"},\"thumbnailUrl\":\"https:\\\/\\\/www.kapi.ltd\\\/wp-content\\\/uploads\\\/2025\\\/09\\\/dis-kapi-modeli-2.webp\",\"datePublished\":\"2025-09-29T19:51:28+00:00\",\"dateModified\":\"2026-02-27T05:32:52+00:00\",\"breadcrumb\":{\"@id\":\"https:\\\/\\\/www.kapi.ltd\\\/sq\\\/urun\\\/exterior-door-model-2\\\/#breadcrumb\"},\"inLanguage\":\"sq\",\"potentialAction\":[{\"@type\":\"ReadAction\",\"target\":[\"https:\\\/\\\/www.kapi.ltd\\\/sq\\\/urun\\\/exterior-door-model-2\\\/\"]}]},{\"@type\":\"ImageObject\",\"inLanguage\":\"sq\",\"@id\":\"https:\\\/\\\/www.kapi.ltd\\\/sq\\\/urun\\\/exterior-door-model-2\\\/#primaryimage\",\"url\":\"https:\\\/\\\/www.kapi.ltd\\\/wp-content\\\/uploads\\\/2025\\\/09\\\/dis-kapi-modeli-2.webp\",\"contentUrl\":\"https:\\\/\\\/www.kapi.ltd\\\/wp-content\\\/uploads\\\/2025\\\/09\\\/dis-kapi-modeli-2.webp\",\"width\":768,\"height\":1152,\"caption\":\"d\u0131\u015f kap\u0131 modeli\"},{\"@type\":\"BreadcrumbList\",\"@id\":\"https:\\\/\\\/www.kapi.ltd\\\/sq\\\/urun\\\/exterior-door-model-2\\\/#breadcrumb\",\"itemListElement\":[{\"@type\":\"ListItem\",\"position\":1,\"name\":\"Anasayfa\",\"item\":\"https:\\\/\\\/www.kapi.ltd\\\/sq\\\/\"},{\"@type\":\"ListItem\",\"position\":2,\"name\":\"ic-kapi-celik-kapi-modelleri\",\"item\":\"https:\\\/\\\/www.kapi.ltd\\\/?page_id=4263\"},{\"@type\":\"ListItem\",\"position\":3,\"name\":\"Exterior Door Model\"}]},{\"@type\":\"WebSite\",\"@id\":\"https:\\\/\\\/www.kapi.ltd\\\/sq\\\/#website\",\"url\":\"https:\\\/\\\/www.kapi.ltd\\\/sq\\\/\",\"name\":\"\u0130\u00e7 Kap\u0131 Ve \u00c7elik Kap\u0131 Modelleri\",\"description\":\"T\u00fcrkiye Kap\u0131 Modelleri Merkezi\",\"potentialAction\":[{\"@type\":\"SearchAction\",\"target\":{\"@type\":\"EntryPoint\",\"urlTemplate\":\"https:\\\/\\\/www.kapi.ltd\\\/sq\\\/?s={search_term_string}\"},\"query-input\":{\"@type\":\"PropertyValueSpecification\",\"valueRequired\":true,\"valueName\":\"search_term_string\"}}],\"inLanguage\":\"sq\"}]}<\/script>\n<!-- \/ Yoast SEO Premium plugin. -->","yoast_head_json":{"title":"Exterior Door Model - \u0130\u00e7 Oda Kap\u0131lar\u0131 - \u00c7elik kap\u0131 modelleri - apartman kap\u0131lar\u0131","robots":{"index":"index","follow":"follow","max-snippet":"max-snippet:-1","max-image-preview":"max-image-preview:large","max-video-preview":"max-video-preview:-1"},"canonical":"https:\/\/www.kapi.ltd\/sq\/urun\/exterior-door-model-2\/","og_locale":"sq_AL","og_type":"article","og_title":"Exterior Door Model","og_description":"D\u0131\u015f Kap\u0131 Modeli: Evinizin \u015e\u0131kl\u0131\u011f\u0131n\u0131 Yans\u0131tan \u00d6nemli Bir Detay Evinizin d\u0131\u015f y\u00fczeyini tamamlayan, estetik ve g\u00fcvenlik sa\u011flayan \u00f6nemli unsurlardan biri \u015f\u00fcphesiz d\u0131\u015f kap\u0131d\u0131r. D\u0131\u015f kap\u0131 modeli, sadece giri\u015finize de\u011fer katmakla kalmaz, ayn\u0131 zamanda bina g\u00fcvenli\u011finizin de temel ta\u015flar\u0131n\u0131 olu\u015fturur. Bu yaz\u0131m\u0131zda d\u0131\u015f kap\u0131lar, villa kap\u0131lar\u0131, bina giri\u015f kap\u0131lar\u0131 ve di\u011fer d\u0131\u015f giri\u015f kap\u0131lar\u0131 hakk\u0131nda bilmeniz","og_url":"https:\/\/www.kapi.ltd\/sq\/urun\/exterior-door-model-2\/","og_site_name":"\u0130\u00e7 Oda Kap\u0131lar\u0131 - \u00c7elik kap\u0131 modelleri - apartman kap\u0131lar\u0131","article_modified_time":"2026-02-27T05:32:52+00:00","twitter_card":"summary_large_image","twitter_misc":{"Est. reading time":"5 minuta"},"schema":{"@context":"https:\/\/schema.org","@graph":[{"@type":"WebPage","@id":"https:\/\/www.kapi.ltd\/sq\/urun\/exterior-door-model-2\/","url":"https:\/\/www.kapi.ltd\/sq\/urun\/exterior-door-model-2\/","name":"Exterior Door Model - \u0130\u00e7 Oda Kap\u0131lar\u0131 - \u00c7elik kap\u0131 modelleri - apartman kap\u0131lar\u0131","isPartOf":{"@id":"https:\/\/www.kapi.ltd\/sq\/#website"},"primaryImageOfPage":{"@id":"https:\/\/www.kapi.ltd\/sq\/urun\/exterior-door-model-2\/#primaryimage"},"image":{"@id":"https:\/\/www.kapi.ltd\/sq\/urun\/exterior-door-model-2\/#primaryimage"},"thumbnailUrl":"https:\/\/www.kapi.ltd\/wp-content\/uploads\/2025\/09\/dis-kapi-modeli-2.webp","datePublished":"2025-09-29T19:51:28+00:00","dateModified":"2026-02-27T05:32:52+00:00","breadcrumb":{"@id":"https:\/\/www.kapi.ltd\/sq\/urun\/exterior-door-model-2\/#breadcrumb"},"inLanguage":"sq","potentialAction":[{"@type":"ReadAction","target":["https:\/\/www.kapi.ltd\/sq\/urun\/exterior-door-model-2\/"]}]},{"@type":"ImageObject","inLanguage":"sq","@id":"https:\/\/www.kapi.ltd\/sq\/urun\/exterior-door-model-2\/#primaryimage","url":"https:\/\/www.kapi.ltd\/wp-content\/uploads\/2025\/09\/dis-kapi-modeli-2.webp","contentUrl":"https:\/\/www.kapi.ltd\/wp-content\/uploads\/2025\/09\/dis-kapi-modeli-2.webp","width":768,"height":1152,"caption":"d\u0131\u015f kap\u0131 modeli"},{"@type":"BreadcrumbList","@id":"https:\/\/www.kapi.ltd\/sq\/urun\/exterior-door-model-2\/#breadcrumb","itemListElement":[{"@type":"ListItem","position":1,"name":"Anasayfa","item":"https:\/\/www.kapi.ltd\/sq\/"},{"@type":"ListItem","position":2,"name":"ic-kapi-celik-kapi-modelleri","item":"https:\/\/www.kapi.ltd\/?page_id=4263"},{"@type":"ListItem","position":3,"name":"Exterior Door Model"}]},{"@type":"WebSite","@id":"https:\/\/www.kapi.ltd\/sq\/#website","url":"https:\/\/www.kapi.ltd\/sq\/","name":"\u0130\u00e7 Kap\u0131 Ve \u00c7elik Kap\u0131 Modelleri","description":"T\u00fcrkiye Kap\u0131 Modelleri Merkezi","potentialAction":[{"@type":"SearchAction","target":{"@type":"EntryPoint","urlTemplate":"https:\/\/www.kapi.ltd\/sq\/?s={search_term_string}"},"query-input":{"@type":"PropertyValueSpecification","valueRequired":true,"valueName":"search_term_string"}}],"inLanguage":"sq"}]}},"_links":{"self":[{"href":"https:\/\/www.kapi.ltd\/sq\/wp-json\/wp\/v2\/product\/9608","targetHints":{"allow":["GET"]}}],"collection":[{"href":"https:\/\/www.kapi.ltd\/sq\/wp-json\/wp\/v2\/product"}],"about":[{"href":"https:\/\/www.kapi.ltd\/sq\/wp-json\/wp\/v2\/types\/product"}],"version-history":[{"count":0,"href":"https:\/\/www.kapi.ltd\/sq\/wp-json\/wp\/v2\/product\/9608\/revisions"}],"wp:featuredmedia":[{"embeddable":true,"href":"https:\/\/www.kapi.ltd\/sq\/wp-json\/wp\/v2\/media\/9137"}],"wp:attachment":[{"href":"https:\/\/www.kapi.ltd\/sq\/wp-json\/wp\/v2\/media?parent=9608"}],"wp:term":[{"taxonomy":"product_brand","embeddable":true,"href":"https:\/\/www.kapi.ltd\/sq\/wp-json\/wp\/v2\/product_brand?post=9608"},{"taxonomy":"product_cat","embeddable":true,"href":"https:\/\/www.kapi.ltd\/sq\/wp-json\/wp\/v2\/product_cat?post=9608"},{"taxonomy":"product_tag","embeddable":true,"href":"https:\/\/www.kapi.ltd\/sq\/wp-json\/wp\/v2\/product_tag?post=9608"}],"curies":[{"name":"wp","href":"https:\/\/api.w.org\/{rel}","templated":true}]}}