{"id":9557,"date":"2025-10-01T21:09:29","date_gmt":"2025-10-01T21:09:29","guid":{"rendered":"https:\/\/www.kapi.ltd\/urun\/ic-kapi-modelleri-2\/"},"modified":"2026-02-26T14:34:34","modified_gmt":"2026-02-26T11:34:34","slug":"ic-kapi-modelleri-2","status":"publish","type":"product","link":"https:\/\/www.kapi.ltd\/sq\/urun\/ic-kapi-modelleri-2\/","title":{"rendered":"\u0130\u00e7 Kap\u0131 Modelleri"},"content":{"rendered":"<p data-start=\"0\" data-end=\"478\">Modern tasar\u0131ma sahip <strong data-start=\"22\" data-end=\"43\">bu kap\u0131 modelleri<\/strong>, \u015f\u0131kl\u0131\u011f\u0131 ve fonksiyonelli\u011fi bir arada sunan <strong data-start=\"88\" data-end=\"110\">oda kap\u0131 modelleri<\/strong> aray\u0131\u015f\u0131ndaki kullan\u0131c\u0131lar i\u00e7in m\u00fckemmel bir tercihtir. Hem <strong data-start=\"170\" data-end=\"190\">lake kap\u0131 modeli<\/strong> hem de <strong data-start=\"198\" data-end=\"221\">membran kap\u0131 modeli<\/strong> olarak \u00fcretilebilen bu \u00f6zel tasar\u0131mlar, farkl\u0131 \u00fcretim y\u00f6ntemleriyle ev dekorasyonunuza uyum sa\u011flayacak \u015fekilde \u00e7e\u015fitlenebilir. Bu <strong data-start=\"352\" data-end=\"367\">i\u00e7 oda kap\u0131<\/strong> modeli, \u015f\u0131kl\u0131\u011f\u0131ndan \u00f6d\u00fcn vermeyen, modern \u00e7izgilerle evinizi yenilemek isteyen herkes i\u00e7in ideal bir se\u00e7imdir.<\/p>\n<p data-start=\"480\" data-end=\"1086\">Kap\u0131lar\u0131n y\u00fczeyindeki zarif <strong data-start=\"508\" data-end=\"526\">oyuk desenleri<\/strong>, bu <strong data-start=\"531\" data-end=\"553\">modern kap\u0131 modeli<\/strong>ni di\u011ferlerinden ay\u0131ran en belirgin \u00f6zelliktir. Her bir detay\u0131n \u00f6zenle tasarland\u0131\u011f\u0131 bu kap\u0131lar, mekanlar\u0131n\u0131za derinlik ve estetik katmak i\u00e7in m\u00fckemmel bir se\u00e7enektir. <strong data-start=\"720\" data-end=\"738\">Kap\u0131 modelleri<\/strong> aras\u0131ndaki bu benzersiz tasar\u0131m, \u00f6zellikle minimal ve \u00e7a\u011fda\u015f i\u00e7 mekanlarla uyumlu olup, bulundu\u011fu her alan\u0131 an\u0131nda d\u00f6n\u00fc\u015ft\u00fcr\u00fcr. <strong data-start=\"866\" data-end=\"886\">Beyaz oda kap\u0131s\u0131<\/strong> olarak tercih edilmesi, modern i\u00e7 mekanlar i\u00e7in sade ve \u015f\u0131k bir atmosfer yarat\u0131r. Beyaz renk, ayn\u0131 zamanda odalar\u0131 daha geni\u015f ve ferah g\u00f6sterir, bu da \u00f6zellikle k\u00fc\u00e7\u00fck alanlar i\u00e7in olduk\u00e7a faydal\u0131d\u0131r.<\/p>\n<p data-start=\"1088\" data-end=\"1627\">Bu <strong data-start=\"1091\" data-end=\"1112\">i\u00e7 kap\u0131 modelleri<\/strong>, <strong data-start=\"1114\" data-end=\"1127\">lake kap\u0131<\/strong> ve <strong data-start=\"1131\" data-end=\"1151\">PVC membran kap\u0131<\/strong> se\u00e7enekleriyle \u00e7e\u015fitlenebilmesi sayesinde farkl\u0131 dekorasyon stillerine de uyum sa\u011flar. <strong data-start=\"1239\" data-end=\"1259\">Lake kap\u0131 modeli<\/strong>, parlak ve d\u00fcz y\u00fczeyi ile zarif bir g\u00f6r\u00fcn\u00fcm sunarken, <strong data-start=\"1314\" data-end=\"1337\">PVC membran kap\u0131lar<\/strong> daha dayan\u0131kl\u0131 ve uzun \u00f6m\u00fcrl\u00fc yap\u0131lar\u0131 ile tercih edilir. Her iki model de \u00fcst\u00fcn kaliteye sahiptir ve uzun y\u0131llar boyunca herhangi bir problem ya\u015famadan kullan\u0131labilir. Hem estetik hem de dayan\u0131kl\u0131l\u0131k a\u00e7\u0131s\u0131ndan, bu <strong data-start=\"1553\" data-end=\"1574\">i\u00e7 kap\u0131 modelleri<\/strong> kullan\u0131c\u0131lar\u0131n\u0131n beklentilerini fazlas\u0131yla kar\u015f\u0131lar.<\/p>\n<p data-start=\"1629\" data-end=\"2055\"><strong data-start=\"1629\" data-end=\"1649\">Kaliteli i\u00e7 kap\u0131<\/strong> aray\u0131\u015f\u0131nda olanlar i\u00e7in, bu kap\u0131 modelleri olduk\u00e7a uygun bir tercihtir. <strong data-start=\"1722\" data-end=\"1743\">Kaliteli oda kap\u0131<\/strong> se\u00e7enekleri aras\u0131nda yer alan bu \u00fcr\u00fcnler, sa\u011flam yap\u0131lar\u0131 ve \u015f\u0131k tasar\u0131mlar\u0131 ile dikkat \u00e7eker. Dayan\u0131kl\u0131 malzemelerden \u00fcretilmi\u015f olan bu kap\u0131lar, yaln\u0131zca g\u00f6rsel de\u011fil, ayn\u0131 zamanda fonksiyonel a\u00e7\u0131dan da tatmin edicidir. Uzun \u00f6m\u00fcrl\u00fc kullan\u0131m sunan bu kap\u0131 modelleri, evdeki her alanda rahatl\u0131kla kullan\u0131labilir.<\/p>\n<p data-start=\"2057\" data-end=\"2491\">Ev dekorasyonunuza de\u011fer katacak <strong data-start=\"2090\" data-end=\"2108\">kap\u0131 modelleri<\/strong> ile ya\u015fam alanlar\u0131n\u0131z\u0131 estetik ve kaliteli bir \u015fekilde yenileyebilirsiniz. <strong data-start=\"2184\" data-end=\"2211\">Kaliteli kap\u0131 modelleri<\/strong> sayesinde, hem g\u00f6rsel a\u00e7\u0131dan ho\u015f bir g\u00f6r\u00fcnt\u00fcye sahip olurken hem de sa\u011flaml\u0131k ve uzun \u00f6m\u00fcrl\u00fc kullan\u0131m garantisiyle rahat edersiniz. <strong data-start=\"2344\" data-end=\"2365\">\u0130\u00e7 kap\u0131 modelleri<\/strong> aras\u0131ndan se\u00e7ebilece\u011finiz bu \u00f6zel kap\u0131, modern tasar\u0131m\u0131 ve \u015f\u0131k detaylar\u0131 ile evinizi daha canl\u0131 ve \u015f\u0131k bir hale getirecektir.<\/p>\n<p data-start=\"2493\" data-end=\"2849\" data-is-last-node=\"\" data-is-only-node=\"\">Sonu\u00e7 olarak, <strong data-start=\"2507\" data-end=\"2532\">modern i\u00e7 kap\u0131 modeli<\/strong> olarak tercih edebilece\u011finiz bu kap\u0131, ev dekorasyonunuzu yenileyen ve her ortamda m\u00fckemmel uyum sa\u011flayan kaliteli bir \u00e7\u00f6z\u00fcmd\u00fcr. Hem <strong data-start=\"2665\" data-end=\"2678\">lake kap\u0131<\/strong> hem de <strong data-start=\"2686\" data-end=\"2702\">membran kap\u0131<\/strong> se\u00e7enekleriyle, ihtiyac\u0131n\u0131za ve mekan\u0131n\u0131za en uygun modeli se\u00e7ebilir, uzun y\u0131llar boyunca estetik ve dayan\u0131kl\u0131 bir kap\u0131 deneyimi ya\u015fayabilirsiniz.<\/p>\n","protected":false},"excerpt":{"rendered":"<p>Modern tasar\u0131ma sahip bu kap\u0131 modelleri, \u015f\u0131kl\u0131\u011f\u0131 ve fonksiyonelli\u011fi bir arada sunan oda kap\u0131 modelleri aray\u0131\u015f\u0131ndaki kullan\u0131c\u0131lar i\u00e7in m\u00fckemmel bir tercihtir. Hem lake kap\u0131 modeli hem de membran kap\u0131 modeli olarak \u00fcretilebilen bu \u00f6zel tasar\u0131mlar, farkl\u0131 \u00fcretim y\u00f6ntemleriyle ev dekorasyonunuza uyum sa\u011flayacak \u015fekilde \u00e7e\u015fitlenebilir. Bu i\u00e7 oda kap\u0131 modeli, \u015f\u0131kl\u0131\u011f\u0131ndan \u00f6d\u00fcn vermeyen, modern \u00e7izgilerle evinizi<\/p>\n","protected":false},"featured_media":6192,"template":"","meta":{"_bbp_topic_count":0,"_bbp_reply_count":0,"_bbp_total_topic_count":0,"_bbp_total_reply_count":0,"_bbp_voice_count":0,"_bbp_anonymous_reply_count":0,"_bbp_topic_count_hidden":0,"_bbp_reply_count_hidden":0,"_bbp_forum_subforum_count":0},"product_brand":[],"product_cat":[784,897],"product_tag":[995],"class_list":{"0":"post-9557","1":"product","2":"type-product","3":"status-publish","4":"has-post-thumbnail","6":"product_cat-dere-e-lyer","7":"product_cat-dere-membrane","8":"product_tag-modele-te-dyerve-te-brendshme","10":"first","11":"instock","12":"shipping-taxable","13":"product-type-simple","14":"prodpage-classic"},"yoast_head":"<!-- This site is optimized with the Yoast SEO Premium plugin v26.6 (Yoast SEO v27.3) - https:\/\/yoast.com\/product\/yoast-seo-premium-wordpress\/ -->\n<title>\u0130\u00e7 Kap\u0131 Modelleri - \u0130\u00e7 Oda Kap\u0131lar\u0131 - \u00c7elik kap\u0131 modelleri - apartman kap\u0131lar\u0131<\/title>\n<meta name=\"robots\" content=\"index, follow, max-snippet:-1, max-image-preview:large, max-video-preview:-1\" \/>\n<link rel=\"canonical\" href=\"https:\/\/www.kapi.ltd\/sq\/urun\/ic-kapi-modelleri-2\/\" \/>\n<meta property=\"og:locale\" content=\"sq_AL\" \/>\n<meta property=\"og:type\" content=\"article\" \/>\n<meta property=\"og:title\" content=\"\u0130\u00e7 Kap\u0131 Modelleri\" \/>\n<meta property=\"og:description\" content=\"Modern tasar\u0131ma sahip bu kap\u0131 modelleri, \u015f\u0131kl\u0131\u011f\u0131 ve fonksiyonelli\u011fi bir arada sunan oda kap\u0131 modelleri aray\u0131\u015f\u0131ndaki kullan\u0131c\u0131lar i\u00e7in m\u00fckemmel bir tercihtir. Hem lake kap\u0131 modeli hem de membran kap\u0131 modeli olarak \u00fcretilebilen bu \u00f6zel tasar\u0131mlar, farkl\u0131 \u00fcretim y\u00f6ntemleriyle ev dekorasyonunuza uyum sa\u011flayacak \u015fekilde \u00e7e\u015fitlenebilir. Bu i\u00e7 oda kap\u0131 modeli, \u015f\u0131kl\u0131\u011f\u0131ndan \u00f6d\u00fcn vermeyen, modern \u00e7izgilerle evinizi\" \/>\n<meta property=\"og:url\" content=\"https:\/\/www.kapi.ltd\/sq\/urun\/ic-kapi-modelleri-2\/\" \/>\n<meta property=\"og:site_name\" content=\"\u0130\u00e7 Oda Kap\u0131lar\u0131 - \u00c7elik kap\u0131 modelleri - apartman kap\u0131lar\u0131\" \/>\n<meta property=\"article:modified_time\" content=\"2026-02-26T11:34:34+00:00\" \/>\n<meta name=\"twitter:card\" content=\"summary_large_image\" \/>\n<meta name=\"twitter:label1\" content=\"Est. reading time\" \/>\n\t<meta name=\"twitter:data1\" content=\"3 minuta\" \/>\n<script type=\"application\/ld+json\" class=\"yoast-schema-graph\">{\"@context\":\"https:\\\/\\\/schema.org\",\"@graph\":[{\"@type\":\"WebPage\",\"@id\":\"https:\\\/\\\/www.kapi.ltd\\\/sq\\\/urun\\\/ic-kapi-modelleri-2\\\/\",\"url\":\"https:\\\/\\\/www.kapi.ltd\\\/sq\\\/urun\\\/ic-kapi-modelleri-2\\\/\",\"name\":\"\u0130\u00e7 Kap\u0131 Modelleri - \u0130\u00e7 Oda Kap\u0131lar\u0131 - \u00c7elik kap\u0131 modelleri - apartman kap\u0131lar\u0131\",\"isPartOf\":{\"@id\":\"https:\\\/\\\/www.kapi.ltd\\\/sq\\\/#website\"},\"primaryImageOfPage\":{\"@id\":\"https:\\\/\\\/www.kapi.ltd\\\/sq\\\/urun\\\/ic-kapi-modelleri-2\\\/#primaryimage\"},\"image\":{\"@id\":\"https:\\\/\\\/www.kapi.ltd\\\/sq\\\/urun\\\/ic-kapi-modelleri-2\\\/#primaryimage\"},\"thumbnailUrl\":\"https:\\\/\\\/www.kapi.ltd\\\/wp-content\\\/uploads\\\/2025\\\/10\\\/ic-kapi-modelleri-1.webp\",\"datePublished\":\"2025-10-01T21:09:29+00:00\",\"dateModified\":\"2026-02-26T11:34:34+00:00\",\"breadcrumb\":{\"@id\":\"https:\\\/\\\/www.kapi.ltd\\\/sq\\\/urun\\\/ic-kapi-modelleri-2\\\/#breadcrumb\"},\"inLanguage\":\"sq\",\"potentialAction\":[{\"@type\":\"ReadAction\",\"target\":[\"https:\\\/\\\/www.kapi.ltd\\\/sq\\\/urun\\\/ic-kapi-modelleri-2\\\/\"]}]},{\"@type\":\"ImageObject\",\"inLanguage\":\"sq\",\"@id\":\"https:\\\/\\\/www.kapi.ltd\\\/sq\\\/urun\\\/ic-kapi-modelleri-2\\\/#primaryimage\",\"url\":\"https:\\\/\\\/www.kapi.ltd\\\/wp-content\\\/uploads\\\/2025\\\/10\\\/ic-kapi-modelleri-1.webp\",\"contentUrl\":\"https:\\\/\\\/www.kapi.ltd\\\/wp-content\\\/uploads\\\/2025\\\/10\\\/ic-kapi-modelleri-1.webp\",\"width\":650,\"height\":975,\"caption\":\"i\u00e7 kap\u0131 modelleri\"},{\"@type\":\"BreadcrumbList\",\"@id\":\"https:\\\/\\\/www.kapi.ltd\\\/sq\\\/urun\\\/ic-kapi-modelleri-2\\\/#breadcrumb\",\"itemListElement\":[{\"@type\":\"ListItem\",\"position\":1,\"name\":\"Anasayfa\",\"item\":\"https:\\\/\\\/www.kapi.ltd\\\/sq\\\/\"},{\"@type\":\"ListItem\",\"position\":2,\"name\":\"ic-kapi-celik-kapi-modelleri\",\"item\":\"https:\\\/\\\/www.kapi.ltd\\\/?page_id=4263\"},{\"@type\":\"ListItem\",\"position\":3,\"name\":\"\u0130\u00e7 Kap\u0131 Modelleri\"}]},{\"@type\":\"WebSite\",\"@id\":\"https:\\\/\\\/www.kapi.ltd\\\/sq\\\/#website\",\"url\":\"https:\\\/\\\/www.kapi.ltd\\\/sq\\\/\",\"name\":\"\u0130\u00e7 Kap\u0131 Ve \u00c7elik Kap\u0131 Modelleri\",\"description\":\"T\u00fcrkiye Kap\u0131 Modelleri Merkezi\",\"potentialAction\":[{\"@type\":\"SearchAction\",\"target\":{\"@type\":\"EntryPoint\",\"urlTemplate\":\"https:\\\/\\\/www.kapi.ltd\\\/sq\\\/?s={search_term_string}\"},\"query-input\":{\"@type\":\"PropertyValueSpecification\",\"valueRequired\":true,\"valueName\":\"search_term_string\"}}],\"inLanguage\":\"sq\"}]}<\/script>\n<!-- \/ Yoast SEO Premium plugin. -->","yoast_head_json":{"title":"\u0130\u00e7 Kap\u0131 Modelleri - \u0130\u00e7 Oda Kap\u0131lar\u0131 - \u00c7elik kap\u0131 modelleri - apartman kap\u0131lar\u0131","robots":{"index":"index","follow":"follow","max-snippet":"max-snippet:-1","max-image-preview":"max-image-preview:large","max-video-preview":"max-video-preview:-1"},"canonical":"https:\/\/www.kapi.ltd\/sq\/urun\/ic-kapi-modelleri-2\/","og_locale":"sq_AL","og_type":"article","og_title":"\u0130\u00e7 Kap\u0131 Modelleri","og_description":"Modern tasar\u0131ma sahip bu kap\u0131 modelleri, \u015f\u0131kl\u0131\u011f\u0131 ve fonksiyonelli\u011fi bir arada sunan oda kap\u0131 modelleri aray\u0131\u015f\u0131ndaki kullan\u0131c\u0131lar i\u00e7in m\u00fckemmel bir tercihtir. Hem lake kap\u0131 modeli hem de membran kap\u0131 modeli olarak \u00fcretilebilen bu \u00f6zel tasar\u0131mlar, farkl\u0131 \u00fcretim y\u00f6ntemleriyle ev dekorasyonunuza uyum sa\u011flayacak \u015fekilde \u00e7e\u015fitlenebilir. Bu i\u00e7 oda kap\u0131 modeli, \u015f\u0131kl\u0131\u011f\u0131ndan \u00f6d\u00fcn vermeyen, modern \u00e7izgilerle evinizi","og_url":"https:\/\/www.kapi.ltd\/sq\/urun\/ic-kapi-modelleri-2\/","og_site_name":"\u0130\u00e7 Oda Kap\u0131lar\u0131 - \u00c7elik kap\u0131 modelleri - apartman kap\u0131lar\u0131","article_modified_time":"2026-02-26T11:34:34+00:00","twitter_card":"summary_large_image","twitter_misc":{"Est. reading time":"3 minuta"},"schema":{"@context":"https:\/\/schema.org","@graph":[{"@type":"WebPage","@id":"https:\/\/www.kapi.ltd\/sq\/urun\/ic-kapi-modelleri-2\/","url":"https:\/\/www.kapi.ltd\/sq\/urun\/ic-kapi-modelleri-2\/","name":"\u0130\u00e7 Kap\u0131 Modelleri - \u0130\u00e7 Oda Kap\u0131lar\u0131 - \u00c7elik kap\u0131 modelleri - apartman kap\u0131lar\u0131","isPartOf":{"@id":"https:\/\/www.kapi.ltd\/sq\/#website"},"primaryImageOfPage":{"@id":"https:\/\/www.kapi.ltd\/sq\/urun\/ic-kapi-modelleri-2\/#primaryimage"},"image":{"@id":"https:\/\/www.kapi.ltd\/sq\/urun\/ic-kapi-modelleri-2\/#primaryimage"},"thumbnailUrl":"https:\/\/www.kapi.ltd\/wp-content\/uploads\/2025\/10\/ic-kapi-modelleri-1.webp","datePublished":"2025-10-01T21:09:29+00:00","dateModified":"2026-02-26T11:34:34+00:00","breadcrumb":{"@id":"https:\/\/www.kapi.ltd\/sq\/urun\/ic-kapi-modelleri-2\/#breadcrumb"},"inLanguage":"sq","potentialAction":[{"@type":"ReadAction","target":["https:\/\/www.kapi.ltd\/sq\/urun\/ic-kapi-modelleri-2\/"]}]},{"@type":"ImageObject","inLanguage":"sq","@id":"https:\/\/www.kapi.ltd\/sq\/urun\/ic-kapi-modelleri-2\/#primaryimage","url":"https:\/\/www.kapi.ltd\/wp-content\/uploads\/2025\/10\/ic-kapi-modelleri-1.webp","contentUrl":"https:\/\/www.kapi.ltd\/wp-content\/uploads\/2025\/10\/ic-kapi-modelleri-1.webp","width":650,"height":975,"caption":"i\u00e7 kap\u0131 modelleri"},{"@type":"BreadcrumbList","@id":"https:\/\/www.kapi.ltd\/sq\/urun\/ic-kapi-modelleri-2\/#breadcrumb","itemListElement":[{"@type":"ListItem","position":1,"name":"Anasayfa","item":"https:\/\/www.kapi.ltd\/sq\/"},{"@type":"ListItem","position":2,"name":"ic-kapi-celik-kapi-modelleri","item":"https:\/\/www.kapi.ltd\/?page_id=4263"},{"@type":"ListItem","position":3,"name":"\u0130\u00e7 Kap\u0131 Modelleri"}]},{"@type":"WebSite","@id":"https:\/\/www.kapi.ltd\/sq\/#website","url":"https:\/\/www.kapi.ltd\/sq\/","name":"\u0130\u00e7 Kap\u0131 Ve \u00c7elik Kap\u0131 Modelleri","description":"T\u00fcrkiye Kap\u0131 Modelleri Merkezi","potentialAction":[{"@type":"SearchAction","target":{"@type":"EntryPoint","urlTemplate":"https:\/\/www.kapi.ltd\/sq\/?s={search_term_string}"},"query-input":{"@type":"PropertyValueSpecification","valueRequired":true,"valueName":"search_term_string"}}],"inLanguage":"sq"}]}},"_links":{"self":[{"href":"https:\/\/www.kapi.ltd\/sq\/wp-json\/wp\/v2\/product\/9557","targetHints":{"allow":["GET"]}}],"collection":[{"href":"https:\/\/www.kapi.ltd\/sq\/wp-json\/wp\/v2\/product"}],"about":[{"href":"https:\/\/www.kapi.ltd\/sq\/wp-json\/wp\/v2\/types\/product"}],"version-history":[{"count":0,"href":"https:\/\/www.kapi.ltd\/sq\/wp-json\/wp\/v2\/product\/9557\/revisions"}],"wp:featuredmedia":[{"embeddable":true,"href":"https:\/\/www.kapi.ltd\/sq\/wp-json\/wp\/v2\/media\/6192"}],"wp:attachment":[{"href":"https:\/\/www.kapi.ltd\/sq\/wp-json\/wp\/v2\/media?parent=9557"}],"wp:term":[{"taxonomy":"product_brand","embeddable":true,"href":"https:\/\/www.kapi.ltd\/sq\/wp-json\/wp\/v2\/product_brand?post=9557"},{"taxonomy":"product_cat","embeddable":true,"href":"https:\/\/www.kapi.ltd\/sq\/wp-json\/wp\/v2\/product_cat?post=9557"},{"taxonomy":"product_tag","embeddable":true,"href":"https:\/\/www.kapi.ltd\/sq\/wp-json\/wp\/v2\/product_tag?post=9557"}],"curies":[{"name":"wp","href":"https:\/\/api.w.org\/{rel}","templated":true}]}}