{"id":9488,"date":"2026-02-24T05:30:23","date_gmt":"2026-02-24T02:30:23","guid":{"rendered":"https:\/\/www.kapi.ltd\/urun\/rontgen-odasi-kapisi\/"},"modified":"2026-02-24T16:08:07","modified_gmt":"2026-02-24T13:08:07","slug":"rontgen-odasi-kapisi","status":"publish","type":"product","link":"https:\/\/www.kapi.ltd\/sq\/urun\/rontgen-odasi-kapisi\/","title":{"rendered":"R\u00f6ntgen Odas\u0131 Kap\u0131s\u0131"},"content":{"rendered":"<div class=\"relative basis-auto flex-col -mb-(--composer-overlap-px) [--composer-overlap-px:28px] grow flex\">\n<div class=\"flex flex-col text-sm pb-25\">\n<article class=\"text-token-text-primary w-full focus:outline-none [--shadow-height:45px] has-data-writing-block:pointer-events-none has-data-writing-block:-mt-(--shadow-height) has-data-writing-block:pt-(--shadow-height) [&amp;:has([data-writing-block])&gt;*]:pointer-events-auto scroll-mt-[calc(var(--header-height)+min(200px,max(70px,20svh)))]\" dir=\"auto\" tabindex=\"-1\" data-turn-id=\"request-WEB:2b9e6435-ceff-4ba4-bf60-66abfd099f94-4\" data-testid=\"conversation-turn-6\" data-scroll-anchor=\"true\" data-turn=\"assistant\">\n<div class=\"text-base my-auto mx-auto pb-10 [--thread-content-margin:--spacing(4)] @w-sm\/main:[--thread-content-margin:--spacing(6)] @w-lg\/main:[--thread-content-margin:--spacing(16)] px-(--thread-content-margin)\">\n<div class=\"[--thread-content-max-width:40rem] @w-lg\/main:[--thread-content-max-width:48rem] mx-auto max-w-(--thread-content-max-width) flex-1 group\/turn-messages focus-visible:outline-hidden relative flex w-full min-w-0 flex-col agent-turn\" tabindex=\"-1\">\n<div class=\"flex max-w-full flex-col grow\">\n<div class=\"min-h-8 text-message relative flex w-full flex-col items-end gap-2 text-start break-words whitespace-normal [.text-message+&amp;]:mt-1\" dir=\"auto\" data-message-author-role=\"assistant\" data-message-id=\"7e3d4023-93e5-4f40-b9b4-ca2e1a7065cc\" data-message-model-slug=\"gpt-5-2\">\n<div class=\"flex w-full flex-col gap-1 empty:hidden first:pt-[1px]\">\n<div class=\"markdown prose dark:prose-invert w-full wrap-break-word light markdown-new-styling\">\n<div class=\"flex flex-col text-sm\">\n<article class=\"text-token-text-primary w-full focus:outline-none [--shadow-height:45px] has-data-writing-block:pointer-events-none has-data-writing-block:-mt-(--shadow-height) has-data-writing-block:pt-(--shadow-height) [&amp;:has([data-writing-block])&gt;*]:pointer-events-auto scroll-mt-[calc(var(--header-height)+min(200px,max(70px,20svh)))]\" dir=\"auto\" tabindex=\"-1\" data-turn-id=\"request-WEB:cd5deb19-94c9-483e-9ebf-bd612e199c7a-4\" data-testid=\"conversation-turn-10\" data-scroll-anchor=\"true\" data-turn=\"assistant\">\n<div class=\"text-base my-auto mx-auto pb-10 [--thread-content-margin:--spacing(4)] @w-sm\/main:[--thread-content-margin:--spacing(6)] @w-lg\/main:[--thread-content-margin:--spacing(16)] px-(--thread-content-margin)\">\n<div class=\"[--thread-content-max-width:40rem] @w-lg\/main:[--thread-content-max-width:48rem] mx-auto max-w-(--thread-content-max-width) flex-1 group\/turn-messages focus-visible:outline-hidden relative flex w-full min-w-0 flex-col agent-turn\" tabindex=\"-1\">\n<div class=\"flex max-w-full flex-col grow\">\n<div class=\"min-h-8 text-message relative flex w-full flex-col items-end gap-2 text-start break-words whitespace-normal [.text-message+&amp;]:mt-1\" dir=\"auto\" data-message-author-role=\"assistant\" data-message-id=\"b96b74e1-3daa-4b7d-9619-2887dd84cbb3\" data-message-model-slug=\"gpt-5-2\">\n<div class=\"flex w-full flex-col gap-1 empty:hidden first:pt-[1px]\">\n<div class=\"markdown prose dark:prose-invert w-full wrap-break-word light markdown-new-styling\">\n<h1 data-start=\"0\" data-end=\"75\"><strong data-start=\"0\" data-end=\"75\">R\u00f6ntgen (X-Ray) Odas\u0131 Kur\u015fun Kap\u0131s\u0131<\/strong><\/h1>\n<p data-start=\"77\" data-end=\"774\">R\u00f6ntgen odas\u0131 kap\u0131s\u0131, kur\u015fun kap\u0131, X-ray odas\u0131 kap\u0131s\u0131, hastane odas\u0131 kap\u0131s\u0131, di\u015f klini\u011fi kap\u0131s\u0131, hastane kap\u0131s\u0131 ve di\u015f\u00e7i kap\u0131s\u0131, \u00f6zellikle radyasyon g\u00fcvenli\u011finin kritik oldu\u011fu alanlarda \u00f6nemli bir yer tutar. Bu \u00f6zel kap\u0131lar, radyasyon s\u0131z\u0131nt\u0131s\u0131n\u0131 \u00f6nlemek ve \u00e7al\u0131\u015fanlar\u0131n ile hastalar\u0131n sa\u011fl\u0131\u011f\u0131n\u0131 korumak i\u00e7in tasarlanm\u0131\u015f g\u00fcvenlik unsurlar\u0131d\u0131r. R\u00f6ntgen odalar\u0131nda, radyasyon s\u0131z\u0131nt\u0131s\u0131n\u0131n \u00f6nlenmesi, kur\u015fun kap\u0131lar\u0131n kullan\u0131m\u0131n\u0131 gerektiren bir durumdur. X-ray odas\u0131 kap\u0131s\u0131, bu alandaki en kritik unsurlardan biri olarak kar\u015f\u0131m\u0131za \u00e7\u0131kmaktad\u0131r. Hastane, di\u015f klini\u011fi, veteriner klinikleri ve end\u00fcstriyel test laboratuvarlar\u0131nda kullan\u0131lan bu kap\u0131lar, farkl\u0131 ihtiya\u00e7lara g\u00f6re \u00f6zel olarak \u00fcretilmektedir.<\/p>\n<h2 data-start=\"776\" data-end=\"822\"><strong data-start=\"776\" data-end=\"822\">R\u00f6ntgen Odas\u0131 Kap\u0131s\u0131 ve Kur\u015fun Kap\u0131 Nedir?<\/strong><\/h2>\n<p data-start=\"824\" data-end=\"1451\">R\u00f6ntgen odas\u0131 kap\u0131s\u0131, kur\u015fun kap\u0131, X-ray odas\u0131 kap\u0131s\u0131 ve hastane odas\u0131 kap\u0131s\u0131, genellikle i\u00e7 mekanlarda kullan\u0131lan ve radyasyon s\u0131z\u0131nt\u0131s\u0131n\u0131 engelleyen \u00f6zel kap\u0131lard\u0131r. Bu kap\u0131lar, kur\u015fun levhalarla g\u00fc\u00e7lendirilmi\u015f malzemelerden \u00fcretilir. Kur\u015fun kap\u0131lar, i\u00e7erdikleri kur\u015fun levhalar sayesinde radyasyonu ge\u00e7irmez ve bu sayede sa\u011fl\u0131k alanlar\u0131nda g\u00fcvenli bir ortam sa\u011flar. Di\u015f klini\u011fi kap\u0131s\u0131 ve hastane kap\u0131s\u0131 gibi farkl\u0131 yerlerde kullan\u0131lan bu kap\u0131lar, hastalar\u0131n ve \u00e7al\u0131\u015fanlar\u0131n sa\u011fl\u0131\u011f\u0131n\u0131 korumak ad\u0131na \u00f6nemlidir. Ayr\u0131ca, X-ray odas\u0131 kap\u0131s\u0131, do\u011fru kal\u0131nl\u0131kta kur\u015fun malzeme ile tasarlanarak radyasyonun d\u0131\u015far\u0131 s\u0131zmas\u0131n\u0131 engeller.<\/p>\n<h3 data-start=\"1453\" data-end=\"1485\"><strong data-start=\"1453\" data-end=\"1485\">Kur\u015fun Kap\u0131lar\u0131n \u00d6zellikleri<\/strong><\/h3>\n<p data-start=\"1487\" data-end=\"2083\">Kur\u015fun kap\u0131, genellikle galvanizli sac, MDF, paslanmaz \u00e7elik ya da melamin kapl\u0131 panellerle birlikte kur\u015fun tabakalarla \u00fcretilir. Bu yap\u0131, kap\u0131n\u0131n dayan\u0131kl\u0131l\u0131\u011f\u0131n\u0131 ve radyasyon ge\u00e7irmezli\u011fini sa\u011flar. R\u00f6ntgen odas\u0131 kap\u0131s\u0131 ve X-ray odas\u0131 kap\u0131s\u0131 gibi \u00f6zel kap\u0131lar, genellikle 2 mm ya da 3 mm kal\u0131nl\u0131\u011f\u0131nda kur\u015fun levhalar i\u00e7erir. Bu kap\u0131lar, TS EN 61331-1 standard\u0131na uygun olarak \u00fcretilir. Hastane odas\u0131 kap\u0131s\u0131 ve di\u015f\u00e7i kap\u0131s\u0131 gibi yerlerde de kullan\u0131lan kur\u015fun kap\u0131lar, yaln\u0131zca sa\u011fl\u0131k alan\u0131nda de\u011fil, n\u00fckleer enerji tesisleri, g\u00fcvenlik tarama noktalar\u0131 ve sanayi tesislerinde de tercih edilebilir.<\/p>\n<h2 data-start=\"2085\" data-end=\"2116\"><strong data-start=\"2085\" data-end=\"2116\">X-Ray Odas\u0131 Kap\u0131s\u0131n\u0131n \u00d6nemi<\/strong><\/h2>\n<p data-start=\"2118\" data-end=\"2662\">X-ray odas\u0131 kap\u0131s\u0131, kur\u015fun kap\u0131, hastane kap\u0131s\u0131 ve di\u015f klini\u011fi kap\u0131s\u0131 gibi kap\u0131lar\u0131n kullan\u0131lmas\u0131, radyasyonun insan sa\u011fl\u0131\u011f\u0131na olan etkilerini minimize eder. X-ray cihazlar\u0131 \u00e7al\u0131\u015f\u0131rken yayd\u0131\u011f\u0131 iyonla\u015ft\u0131r\u0131c\u0131 radyasyon, \u00e7evredeki ki\u015filer i\u00e7in tehlikeli olabilir. Bu nedenle, r\u00f6ntgen odas\u0131 kap\u0131s\u0131 gibi \u00f6zel kap\u0131lar\u0131n kullan\u0131m\u0131, sa\u011fl\u0131k personelinin ve hastalar\u0131n bu radyasyona maruz kalmamas\u0131 i\u00e7in olduk\u00e7a \u00f6nemlidir. Kur\u015fun kap\u0131lar, i\u00e7 ve d\u0131\u015f radyasyon s\u0131z\u0131nt\u0131s\u0131n\u0131 engeller, bu da hem g\u00fcvenli\u011fi art\u0131r\u0131r hem de yasal y\u00f6netmeliklere uygunlu\u011fu sa\u011flar.<\/p>\n<h2 data-start=\"2664\" data-end=\"2703\"><strong data-start=\"2664\" data-end=\"2703\">Kur\u015fun Kap\u0131lar\u0131n Teknik \u00d6zellikleri<\/strong><\/h2>\n<p data-start=\"2705\" data-end=\"2888\">R\u00f6ntgen odas\u0131 kap\u0131s\u0131, hastane kap\u0131s\u0131 ve di\u015f klini\u011fi kap\u0131s\u0131 gibi farkl\u0131 uygulamalar i\u00e7in tasarlanan kur\u015fun kap\u0131lar, belirli teknik \u00f6zelliklere sahiptir. \u0130\u015fte bu \u00f6zelliklerden baz\u0131lar\u0131:<\/p>\n<ol data-start=\"2890\" data-end=\"3795\">\n<li data-section-id=\"163u26g\" data-start=\"2890\" data-end=\"3060\">\n<p data-start=\"2893\" data-end=\"3060\"><strong data-start=\"2893\" data-end=\"2914\">Kur\u015fun Kal\u0131nl\u0131\u011f\u0131:<\/strong> X-ray odas\u0131 kap\u0131lar\u0131 genellikle 1 mm \u2013 3 mm aras\u0131nda kur\u015fun kal\u0131nl\u0131\u011f\u0131na sahip olabilir. Kur\u015fun kal\u0131nl\u0131\u011f\u0131, odadaki cihaz\u0131n g\u00fcc\u00fcne g\u00f6re belirlenir.<\/p>\n<\/li>\n<li data-section-id=\"bc5ork\" data-start=\"3065\" data-end=\"3232\">\n<p data-start=\"3068\" data-end=\"3232\"><strong data-start=\"3068\" data-end=\"3093\">Kur\u015fun Cam Kullan\u0131m\u0131:<\/strong> E\u011fer g\u00f6zlem penceresi gerekiyorsa, \u00f6zel kur\u015fun cam kullan\u0131l\u0131r. Bu camlar, hem g\u00f6zlem yapmay\u0131 sa\u011flar hem de radyasyonun ge\u00e7mesini engeller.<\/p>\n<\/li>\n<li data-section-id=\"1sl5e2u\" data-start=\"3237\" data-end=\"3421\">\n<p data-start=\"3240\" data-end=\"3421\"><strong data-start=\"3240\" data-end=\"3267\">S\u0131zd\u0131rmazl\u0131k Fitilleri:<\/strong> Radyasyon s\u0131z\u0131nt\u0131s\u0131n\u0131 \u00f6nlemek i\u00e7in kap\u0131n\u0131n \u00e7evresinde s\u0131zd\u0131rmazl\u0131k fitilleri bulunur. Bu fitiller, kap\u0131 kapal\u0131yken radyasyonun d\u0131\u015far\u0131 \u00e7\u0131kmas\u0131n\u0131 engeller.<\/p>\n<\/li>\n<li data-section-id=\"mc8424\" data-start=\"3423\" data-end=\"3613\">\n<p data-start=\"3426\" data-end=\"3613\"><strong data-start=\"3426\" data-end=\"3448\">Otomasyon Deste\u011fi:<\/strong> X-ray odas\u0131 kap\u0131s\u0131 ve di\u015f\u00e7i kap\u0131s\u0131 gibi alanlar i\u00e7in otomatik a\u00e7\u0131labilen fotoselli kap\u0131lar tercih edilebilir. Bu \u00f6zellik, kap\u0131lar\u0131n temas etmeden a\u00e7\u0131lmas\u0131n\u0131 sa\u011flar.<\/p>\n<\/li>\n<\/ol>\n<p data-start=\"3797\" data-end=\"3835\"><strong data-start=\"3797\" data-end=\"3835\">Kur\u015fun Kap\u0131lar\u0131n Kullan\u0131m Alanlar\u0131<\/strong><\/p>\n<p data-start=\"3837\" data-end=\"3998\">Kur\u015fun kap\u0131lar, r\u00f6ntgen odas\u0131 kap\u0131s\u0131, hastane kap\u0131s\u0131, di\u015f klini\u011fi kap\u0131s\u0131 gibi farkl\u0131 alanlarda kullan\u0131lmaktad\u0131r. \u0130\u015fte kur\u015fun kap\u0131lar\u0131n kullan\u0131ld\u0131\u011f\u0131 baz\u0131 alanlar:<\/p>\n<ul data-start=\"4000\" data-end=\"4628\">\n<li data-section-id=\"8whstj\" data-start=\"4000\" data-end=\"4119\">\n<p data-start=\"4002\" data-end=\"4119\"><strong data-start=\"4002\" data-end=\"4030\">Hastane R\u00f6ntgen Odalar\u0131:<\/strong> Bu alanlarda kur\u015fun kap\u0131lar, \u00e7al\u0131\u015fanlar\u0131n ve hastalar\u0131n radyasyondan korunmas\u0131n\u0131 sa\u011flar.<\/p>\n<\/li>\n<li data-section-id=\"1gj7bwv\" data-start=\"4120\" data-end=\"4264\">\n<p data-start=\"4122\" data-end=\"4264\"><strong data-start=\"4122\" data-end=\"4151\">Di\u015f Hekimli\u011fi Klinikleri:<\/strong> Di\u015f kliniklerinde kullan\u0131lan X-ray odas\u0131 kap\u0131lar\u0131, hem hastalar\u0131n hem de klinik personelinin g\u00fcvenli\u011fini sa\u011flar.<\/p>\n<\/li>\n<li data-section-id=\"7m132e\" data-start=\"4265\" data-end=\"4379\">\n<p data-start=\"4267\" data-end=\"4379\"><strong data-start=\"4267\" data-end=\"4302\">Tomografi ve Mamografi Odalar\u0131:<\/strong> Bu odalarda da kur\u015fun kap\u0131lar kullan\u0131larak radyasyon s\u0131z\u0131nt\u0131lar\u0131 engellenir.<\/p>\n<\/li>\n<li data-section-id=\"dt7dzp\" data-start=\"4380\" data-end=\"4514\">\n<p data-start=\"4382\" data-end=\"4514\"><strong data-start=\"4382\" data-end=\"4412\">Veteriner R\u00f6ntgen Odalar\u0131:<\/strong> Evcil hayvanlar i\u00e7in yap\u0131lan r\u00f6ntgen \u00e7ekimlerinde, kur\u015fun kap\u0131lar radyasyonun d\u0131\u015far\u0131 s\u0131zmas\u0131n\u0131 \u00f6nler.<\/p>\n<\/li>\n<li data-section-id=\"1emcvwm\" data-start=\"4515\" data-end=\"4628\">\n<p data-start=\"4517\" data-end=\"4628\"><strong data-start=\"4517\" data-end=\"4560\">End\u00fcstriyel Radyografi Laboratuvarlar\u0131:<\/strong> Bu laboratuvarlarda da kur\u015fun kap\u0131lar, sanayideki g\u00fcvenli\u011fi sa\u011flar.<\/p>\n<\/li>\n<\/ul>\n<p data-start=\"4630\" data-end=\"4674\"><strong data-start=\"4630\" data-end=\"4674\">Kap\u0131 Se\u00e7erken Nelere Dikkat Edilmelidir?<\/strong><\/p>\n<p data-start=\"4676\" data-end=\"4863\">R\u00f6ntgen odas\u0131 kap\u0131s\u0131, hastane odas\u0131 kap\u0131s\u0131 ya da di\u015f klini\u011fi kap\u0131s\u0131 gibi kap\u0131 se\u00e7iminde dikkat edilmesi gereken baz\u0131 fakt\u00f6rler vard\u0131r. Bu fakt\u00f6rler, do\u011fru kap\u0131 se\u00e7iminde kritik rol oynar:<\/p>\n<ul data-start=\"4865\" data-end=\"5269\">\n<li data-section-id=\"1caemgd\" data-start=\"4865\" data-end=\"4967\">\n<p data-start=\"4867\" data-end=\"4967\"><strong data-start=\"4867\" data-end=\"4888\">Kur\u015fun Kal\u0131nl\u0131\u011f\u0131:<\/strong> Kap\u0131n\u0131n kur\u015fun kal\u0131nl\u0131\u011f\u0131, odadaki X-ray cihaz\u0131n\u0131n g\u00fcc\u00fcne g\u00f6re belirlenmelidir.<\/p>\n<\/li>\n<li data-section-id=\"64xbij\" data-start=\"5065\" data-end=\"5161\">\n<p data-start=\"5067\" data-end=\"5161\"><strong data-start=\"5067\" data-end=\"5088\">Malzeme Kalitesi:<\/strong> Kap\u0131n\u0131n malzeme kalitesi, dayan\u0131kl\u0131l\u0131\u011f\u0131 ve g\u00fcvenli\u011fi i\u00e7in \u00e7ok \u00f6nemlidir.<\/p>\n<\/li>\n<li data-section-id=\"ln6oa8\" data-start=\"5162\" data-end=\"5269\">\n<p data-start=\"5164\" data-end=\"5269\"><strong data-start=\"5164\" data-end=\"5183\">Montaj Hizmeti:<\/strong> Kap\u0131n\u0131n do\u011fru \u015fekilde montaj edilmesi, radyasyon s\u0131z\u0131nt\u0131s\u0131n\u0131 \u00f6nlemek i\u00e7in gereklidir.<\/p>\n<\/li>\n<\/ul>\n<p data-start=\"5271\" data-end=\"5280\"><strong data-start=\"5271\" data-end=\"5280\">Sonu\u00e7<\/strong><\/p>\n<p data-start=\"5282\" data-end=\"5793\" data-is-last-node=\"\" data-is-only-node=\"\">R\u00f6ntgen (X-ray) odas\u0131 kur\u015fun kap\u0131lar\u0131, sa\u011fl\u0131k ve g\u00fcvenlik a\u00e7\u0131s\u0131ndan \u00f6nemli bir rol oynar. Hastane kap\u0131s\u0131, di\u015f klini\u011fi kap\u0131s\u0131, X-ray odas\u0131 kap\u0131s\u0131 gibi alanlarda kullan\u0131lan bu \u00f6zel kap\u0131lar, radyasyonun d\u0131\u015far\u0131 s\u0131zmas\u0131n\u0131 engelleyerek \u00e7evreyi ve insanlar\u0131 korur. R\u00f6ntgen odas\u0131 kap\u0131s\u0131 ve kur\u015fun kap\u0131lar\u0131n do\u011fru se\u00e7imi, g\u00fcvenli\u011finizi sa\u011flamada \u00f6nemli bir ad\u0131md\u0131r. E\u011fer siz de sa\u011fl\u0131k, end\u00fcstriyel ya da ba\u015fka bir alanda g\u00fcvenli bir kur\u015fun kap\u0131 \u00e7\u00f6z\u00fcm\u00fc ar\u0131yorsan\u0131z, do\u011fru se\u00e7im yaparak g\u00fcvenli bir ortam yaratabilirsiniz.<\/p>\n<\/div>\n<\/div>\n<\/div>\n<\/div>\n<\/div>\n<\/div>\n<\/article>\n<\/div>\n<\/div>\n<\/div>\n<\/div>\n<\/div>\n<\/div>\n<\/div>\n<\/article>\n<\/div>\n<\/div>\n","protected":false},"excerpt":{"rendered":"<p>R\u00f6ntgen (X-Ray) Odas\u0131 Kur\u015fun Kap\u0131s\u0131 R\u00f6ntgen odas\u0131 kap\u0131s\u0131, kur\u015fun kap\u0131, X-ray odas\u0131 kap\u0131s\u0131, hastane odas\u0131 kap\u0131s\u0131, di\u015f klini\u011fi kap\u0131s\u0131, hastane kap\u0131s\u0131 ve di\u015f\u00e7i kap\u0131s\u0131, \u00f6zellikle radyasyon g\u00fcvenli\u011finin kritik oldu\u011fu alanlarda \u00f6nemli bir yer tutar. Bu \u00f6zel kap\u0131lar, radyasyon s\u0131z\u0131nt\u0131s\u0131n\u0131 \u00f6nlemek ve \u00e7al\u0131\u015fanlar\u0131n ile hastalar\u0131n sa\u011fl\u0131\u011f\u0131n\u0131 korumak i\u00e7in tasarlanm\u0131\u015f g\u00fcvenlik unsurlar\u0131d\u0131r. R\u00f6ntgen odalar\u0131nda, radyasyon s\u0131z\u0131nt\u0131s\u0131n\u0131n \u00f6nlenmesi,<\/p>\n","protected":false},"featured_media":9489,"template":"","meta":{"_bbp_topic_count":0,"_bbp_reply_count":0,"_bbp_total_topic_count":0,"_bbp_total_reply_count":0,"_bbp_voice_count":0,"_bbp_anonymous_reply_count":0,"_bbp_topic_count_hidden":0,"_bbp_reply_count_hidden":0,"_bbp_forum_subforum_count":0},"product_brand":[],"product_cat":[1248],"product_tag":[],"class_list":{"0":"post-9488","1":"product","2":"type-product","3":"status-publish","4":"has-post-thumbnail","6":"product_cat-hastane-kapilari","8":"first","9":"instock","10":"shipping-taxable","11":"product-type-simple","12":"prodpage-classic"},"yoast_head":"<!-- This site is optimized with the Yoast SEO Premium plugin v26.6 (Yoast SEO v27.4) - https:\/\/yoast.com\/product\/yoast-seo-premium-wordpress\/ -->\n<title>R\u00f6ntgen Odas\u0131 Kap\u0131s\u0131 - \u0130\u00e7 Oda Kap\u0131lar\u0131 - \u00c7elik kap\u0131 modelleri - apartman kap\u0131lar\u0131<\/title>\n<meta name=\"robots\" content=\"index, follow, max-snippet:-1, max-image-preview:large, max-video-preview:-1\" \/>\n<link rel=\"canonical\" href=\"https:\/\/www.kapi.ltd\/sq\/urun\/rontgen-odasi-kapisi\/\" \/>\n<meta property=\"og:locale\" content=\"sq_AL\" \/>\n<meta property=\"og:type\" content=\"article\" \/>\n<meta property=\"og:title\" content=\"R\u00f6ntgen Odas\u0131 Kap\u0131s\u0131\" \/>\n<meta property=\"og:description\" content=\"R\u00f6ntgen (X-Ray) Odas\u0131 Kur\u015fun Kap\u0131s\u0131 R\u00f6ntgen odas\u0131 kap\u0131s\u0131, kur\u015fun kap\u0131, X-ray odas\u0131 kap\u0131s\u0131, hastane odas\u0131 kap\u0131s\u0131, di\u015f klini\u011fi kap\u0131s\u0131, hastane kap\u0131s\u0131 ve di\u015f\u00e7i kap\u0131s\u0131, \u00f6zellikle radyasyon g\u00fcvenli\u011finin kritik oldu\u011fu alanlarda \u00f6nemli bir yer tutar. Bu \u00f6zel kap\u0131lar, radyasyon s\u0131z\u0131nt\u0131s\u0131n\u0131 \u00f6nlemek ve \u00e7al\u0131\u015fanlar\u0131n ile hastalar\u0131n sa\u011fl\u0131\u011f\u0131n\u0131 korumak i\u00e7in tasarlanm\u0131\u015f g\u00fcvenlik unsurlar\u0131d\u0131r. R\u00f6ntgen odalar\u0131nda, radyasyon s\u0131z\u0131nt\u0131s\u0131n\u0131n \u00f6nlenmesi,\" \/>\n<meta property=\"og:url\" content=\"https:\/\/www.kapi.ltd\/sq\/urun\/rontgen-odasi-kapisi\/\" \/>\n<meta property=\"og:site_name\" content=\"\u0130\u00e7 Oda Kap\u0131lar\u0131 - \u00c7elik kap\u0131 modelleri - apartman kap\u0131lar\u0131\" \/>\n<meta property=\"article:modified_time\" content=\"2026-02-24T13:08:07+00:00\" \/>\n<meta name=\"twitter:card\" content=\"summary_large_image\" \/>\n<meta name=\"twitter:label1\" content=\"Est. reading time\" \/>\n\t<meta name=\"twitter:data1\" content=\"5 minuta\" \/>\n<script type=\"application\/ld+json\" class=\"yoast-schema-graph\">{\"@context\":\"https:\\\/\\\/schema.org\",\"@graph\":[{\"@type\":\"WebPage\",\"@id\":\"https:\\\/\\\/www.kapi.ltd\\\/sq\\\/urun\\\/rontgen-odasi-kapisi\\\/\",\"url\":\"https:\\\/\\\/www.kapi.ltd\\\/sq\\\/urun\\\/rontgen-odasi-kapisi\\\/\",\"name\":\"R\u00f6ntgen Odas\u0131 Kap\u0131s\u0131 - \u0130\u00e7 Oda Kap\u0131lar\u0131 - \u00c7elik kap\u0131 modelleri - apartman kap\u0131lar\u0131\",\"isPartOf\":{\"@id\":\"https:\\\/\\\/www.kapi.ltd\\\/sq\\\/#website\"},\"primaryImageOfPage\":{\"@id\":\"https:\\\/\\\/www.kapi.ltd\\\/sq\\\/urun\\\/rontgen-odasi-kapisi\\\/#primaryimage\"},\"image\":{\"@id\":\"https:\\\/\\\/www.kapi.ltd\\\/sq\\\/urun\\\/rontgen-odasi-kapisi\\\/#primaryimage\"},\"thumbnailUrl\":\"https:\\\/\\\/www.kapi.ltd\\\/wp-content\\\/uploads\\\/2026\\\/02\\\/rontgen-odasi-kapisi.webp\",\"datePublished\":\"2026-02-24T02:30:23+00:00\",\"dateModified\":\"2026-02-24T13:08:07+00:00\",\"breadcrumb\":{\"@id\":\"https:\\\/\\\/www.kapi.ltd\\\/sq\\\/urun\\\/rontgen-odasi-kapisi\\\/#breadcrumb\"},\"inLanguage\":\"sq\",\"potentialAction\":[{\"@type\":\"ReadAction\",\"target\":[\"https:\\\/\\\/www.kapi.ltd\\\/sq\\\/urun\\\/rontgen-odasi-kapisi\\\/\"]}]},{\"@type\":\"ImageObject\",\"inLanguage\":\"sq\",\"@id\":\"https:\\\/\\\/www.kapi.ltd\\\/sq\\\/urun\\\/rontgen-odasi-kapisi\\\/#primaryimage\",\"url\":\"https:\\\/\\\/www.kapi.ltd\\\/wp-content\\\/uploads\\\/2026\\\/02\\\/rontgen-odasi-kapisi.webp\",\"contentUrl\":\"https:\\\/\\\/www.kapi.ltd\\\/wp-content\\\/uploads\\\/2026\\\/02\\\/rontgen-odasi-kapisi.webp\",\"width\":500,\"height\":750,\"caption\":\"rontgen odas\u0131 kap\u0131s\u0131\"},{\"@type\":\"BreadcrumbList\",\"@id\":\"https:\\\/\\\/www.kapi.ltd\\\/sq\\\/urun\\\/rontgen-odasi-kapisi\\\/#breadcrumb\",\"itemListElement\":[{\"@type\":\"ListItem\",\"position\":1,\"name\":\"Anasayfa\",\"item\":\"https:\\\/\\\/www.kapi.ltd\\\/sq\\\/\"},{\"@type\":\"ListItem\",\"position\":2,\"name\":\"ic-kapi-celik-kapi-modelleri\",\"item\":\"https:\\\/\\\/www.kapi.ltd\\\/?page_id=4263\"},{\"@type\":\"ListItem\",\"position\":3,\"name\":\"R\u00f6ntgen Odas\u0131 Kap\u0131s\u0131\"}]},{\"@type\":\"WebSite\",\"@id\":\"https:\\\/\\\/www.kapi.ltd\\\/sq\\\/#website\",\"url\":\"https:\\\/\\\/www.kapi.ltd\\\/sq\\\/\",\"name\":\"\u0130\u00e7 Kap\u0131 Ve \u00c7elik Kap\u0131 Modelleri\",\"description\":\"T\u00fcrkiye Kap\u0131 Modelleri Merkezi\",\"potentialAction\":[{\"@type\":\"SearchAction\",\"target\":{\"@type\":\"EntryPoint\",\"urlTemplate\":\"https:\\\/\\\/www.kapi.ltd\\\/sq\\\/?s={search_term_string}\"},\"query-input\":{\"@type\":\"PropertyValueSpecification\",\"valueRequired\":true,\"valueName\":\"search_term_string\"}}],\"inLanguage\":\"sq\"}]}<\/script>\n<!-- \/ Yoast SEO Premium plugin. -->","yoast_head_json":{"title":"R\u00f6ntgen Odas\u0131 Kap\u0131s\u0131 - \u0130\u00e7 Oda Kap\u0131lar\u0131 - \u00c7elik kap\u0131 modelleri - apartman kap\u0131lar\u0131","robots":{"index":"index","follow":"follow","max-snippet":"max-snippet:-1","max-image-preview":"max-image-preview:large","max-video-preview":"max-video-preview:-1"},"canonical":"https:\/\/www.kapi.ltd\/sq\/urun\/rontgen-odasi-kapisi\/","og_locale":"sq_AL","og_type":"article","og_title":"R\u00f6ntgen Odas\u0131 Kap\u0131s\u0131","og_description":"R\u00f6ntgen (X-Ray) Odas\u0131 Kur\u015fun Kap\u0131s\u0131 R\u00f6ntgen odas\u0131 kap\u0131s\u0131, kur\u015fun kap\u0131, X-ray odas\u0131 kap\u0131s\u0131, hastane odas\u0131 kap\u0131s\u0131, di\u015f klini\u011fi kap\u0131s\u0131, hastane kap\u0131s\u0131 ve di\u015f\u00e7i kap\u0131s\u0131, \u00f6zellikle radyasyon g\u00fcvenli\u011finin kritik oldu\u011fu alanlarda \u00f6nemli bir yer tutar. Bu \u00f6zel kap\u0131lar, radyasyon s\u0131z\u0131nt\u0131s\u0131n\u0131 \u00f6nlemek ve \u00e7al\u0131\u015fanlar\u0131n ile hastalar\u0131n sa\u011fl\u0131\u011f\u0131n\u0131 korumak i\u00e7in tasarlanm\u0131\u015f g\u00fcvenlik unsurlar\u0131d\u0131r. R\u00f6ntgen odalar\u0131nda, radyasyon s\u0131z\u0131nt\u0131s\u0131n\u0131n \u00f6nlenmesi,","og_url":"https:\/\/www.kapi.ltd\/sq\/urun\/rontgen-odasi-kapisi\/","og_site_name":"\u0130\u00e7 Oda Kap\u0131lar\u0131 - \u00c7elik kap\u0131 modelleri - apartman kap\u0131lar\u0131","article_modified_time":"2026-02-24T13:08:07+00:00","twitter_card":"summary_large_image","twitter_misc":{"Est. reading time":"5 minuta"},"schema":{"@context":"https:\/\/schema.org","@graph":[{"@type":"WebPage","@id":"https:\/\/www.kapi.ltd\/sq\/urun\/rontgen-odasi-kapisi\/","url":"https:\/\/www.kapi.ltd\/sq\/urun\/rontgen-odasi-kapisi\/","name":"R\u00f6ntgen Odas\u0131 Kap\u0131s\u0131 - \u0130\u00e7 Oda Kap\u0131lar\u0131 - \u00c7elik kap\u0131 modelleri - apartman kap\u0131lar\u0131","isPartOf":{"@id":"https:\/\/www.kapi.ltd\/sq\/#website"},"primaryImageOfPage":{"@id":"https:\/\/www.kapi.ltd\/sq\/urun\/rontgen-odasi-kapisi\/#primaryimage"},"image":{"@id":"https:\/\/www.kapi.ltd\/sq\/urun\/rontgen-odasi-kapisi\/#primaryimage"},"thumbnailUrl":"https:\/\/www.kapi.ltd\/wp-content\/uploads\/2026\/02\/rontgen-odasi-kapisi.webp","datePublished":"2026-02-24T02:30:23+00:00","dateModified":"2026-02-24T13:08:07+00:00","breadcrumb":{"@id":"https:\/\/www.kapi.ltd\/sq\/urun\/rontgen-odasi-kapisi\/#breadcrumb"},"inLanguage":"sq","potentialAction":[{"@type":"ReadAction","target":["https:\/\/www.kapi.ltd\/sq\/urun\/rontgen-odasi-kapisi\/"]}]},{"@type":"ImageObject","inLanguage":"sq","@id":"https:\/\/www.kapi.ltd\/sq\/urun\/rontgen-odasi-kapisi\/#primaryimage","url":"https:\/\/www.kapi.ltd\/wp-content\/uploads\/2026\/02\/rontgen-odasi-kapisi.webp","contentUrl":"https:\/\/www.kapi.ltd\/wp-content\/uploads\/2026\/02\/rontgen-odasi-kapisi.webp","width":500,"height":750,"caption":"rontgen odas\u0131 kap\u0131s\u0131"},{"@type":"BreadcrumbList","@id":"https:\/\/www.kapi.ltd\/sq\/urun\/rontgen-odasi-kapisi\/#breadcrumb","itemListElement":[{"@type":"ListItem","position":1,"name":"Anasayfa","item":"https:\/\/www.kapi.ltd\/sq\/"},{"@type":"ListItem","position":2,"name":"ic-kapi-celik-kapi-modelleri","item":"https:\/\/www.kapi.ltd\/?page_id=4263"},{"@type":"ListItem","position":3,"name":"R\u00f6ntgen Odas\u0131 Kap\u0131s\u0131"}]},{"@type":"WebSite","@id":"https:\/\/www.kapi.ltd\/sq\/#website","url":"https:\/\/www.kapi.ltd\/sq\/","name":"\u0130\u00e7 Kap\u0131 Ve \u00c7elik Kap\u0131 Modelleri","description":"T\u00fcrkiye Kap\u0131 Modelleri Merkezi","potentialAction":[{"@type":"SearchAction","target":{"@type":"EntryPoint","urlTemplate":"https:\/\/www.kapi.ltd\/sq\/?s={search_term_string}"},"query-input":{"@type":"PropertyValueSpecification","valueRequired":true,"valueName":"search_term_string"}}],"inLanguage":"sq"}]}},"_links":{"self":[{"href":"https:\/\/www.kapi.ltd\/sq\/wp-json\/wp\/v2\/product\/9488","targetHints":{"allow":["GET"]}}],"collection":[{"href":"https:\/\/www.kapi.ltd\/sq\/wp-json\/wp\/v2\/product"}],"about":[{"href":"https:\/\/www.kapi.ltd\/sq\/wp-json\/wp\/v2\/types\/product"}],"version-history":[{"count":0,"href":"https:\/\/www.kapi.ltd\/sq\/wp-json\/wp\/v2\/product\/9488\/revisions"}],"wp:featuredmedia":[{"embeddable":true,"href":"https:\/\/www.kapi.ltd\/sq\/wp-json\/wp\/v2\/media\/9489"}],"wp:attachment":[{"href":"https:\/\/www.kapi.ltd\/sq\/wp-json\/wp\/v2\/media?parent=9488"}],"wp:term":[{"taxonomy":"product_brand","embeddable":true,"href":"https:\/\/www.kapi.ltd\/sq\/wp-json\/wp\/v2\/product_brand?post=9488"},{"taxonomy":"product_cat","embeddable":true,"href":"https:\/\/www.kapi.ltd\/sq\/wp-json\/wp\/v2\/product_cat?post=9488"},{"taxonomy":"product_tag","embeddable":true,"href":"https:\/\/www.kapi.ltd\/sq\/wp-json\/wp\/v2\/product_tag?post=9488"}],"curies":[{"name":"wp","href":"https:\/\/api.w.org\/{rel}","templated":true}]}}