{"id":9278,"date":"2026-02-20T16:22:50","date_gmt":"2026-02-20T13:22:50","guid":{"rendered":"https:\/\/www.kapi.ltd\/urun\/celik-sac-kapilar\/"},"modified":"2026-02-20T17:08:05","modified_gmt":"2026-02-20T14:08:05","slug":"celik-sac-kapilar","status":"publish","type":"product","link":"https:\/\/www.kapi.ltd\/sq\/urun\/celik-sac-kapilar\/","title":{"rendered":"\u00c7elik Sac Kap\u0131lar"},"content":{"rendered":"<div class=\"relative basis-auto flex-col -mb-(--composer-overlap-px) [--composer-overlap-px:28px] grow flex\">\n<div class=\"flex flex-col text-sm pb-25\">\n<article class=\"text-token-text-primary w-full focus:outline-none [--shadow-height:45px] has-data-writing-block:pointer-events-none has-data-writing-block:-mt-(--shadow-height) has-data-writing-block:pt-(--shadow-height) [&amp;:has([data-writing-block])&gt;*]:pointer-events-auto scroll-mt-[calc(var(--header-height)+min(200px,max(70px,20svh)))]\" dir=\"auto\" tabindex=\"-1\" data-turn-id=\"request-WEB:2b9e6435-ceff-4ba4-bf60-66abfd099f94-4\" data-testid=\"conversation-turn-6\" data-scroll-anchor=\"true\" data-turn=\"assistant\">\n<div class=\"text-base my-auto mx-auto pb-10 [--thread-content-margin:--spacing(4)] @w-sm\/main:[--thread-content-margin:--spacing(6)] @w-lg\/main:[--thread-content-margin:--spacing(16)] px-(--thread-content-margin)\">\n<div class=\"[--thread-content-max-width:40rem] @w-lg\/main:[--thread-content-max-width:48rem] mx-auto max-w-(--thread-content-max-width) flex-1 group\/turn-messages focus-visible:outline-hidden relative flex w-full min-w-0 flex-col agent-turn\" tabindex=\"-1\">\n<div class=\"flex max-w-full flex-col grow\">\n<div class=\"min-h-8 text-message relative flex w-full flex-col items-end gap-2 text-start break-words whitespace-normal [.text-message+&amp;]:mt-1\" dir=\"auto\" data-message-author-role=\"assistant\" data-message-id=\"7e3d4023-93e5-4f40-b9b4-ca2e1a7065cc\" data-message-model-slug=\"gpt-5-2\">\n<div class=\"flex w-full flex-col gap-1 empty:hidden first:pt-[1px]\">\n<div class=\"markdown prose dark:prose-invert w-full wrap-break-word light markdown-new-styling\">\n<h1 data-start=\"0\" data-end=\"60\"><strong data-start=\"0\" data-end=\"60\">\u00c7elik Sac Kap\u0131lar: Dayan\u0131kl\u0131, Modern ve Estetik \u00c7\u00f6z\u00fcmler<\/strong><\/h1>\n<p data-start=\"62\" data-end=\"627\">\u00c7elik kap\u0131lar, g\u00fcvenlik ve estetik a\u00e7\u0131s\u0131ndan g\u00fcn\u00fcm\u00fczdeki en pop\u00fcler tercihler aras\u0131nda yer almaktad\u0131r. \u00c7elik sac kap\u0131lar, sundu\u011fu sa\u011flaml\u0131k, g\u00fcvenlik ve dayan\u0131kl\u0131l\u0131kla dikkat \u00e7ekerken, ayn\u0131 zamanda modern ve \u015f\u0131k bir tasar\u0131ma da sahiptir. \u00d6zellikle d\u0131\u015f mekan kap\u0131s\u0131 ve metal sac kap\u0131 modelleri, her t\u00fcr yap\u0131ya uygun \u015fekilde tasarlanarak kullan\u0131c\u0131lara uzun \u00f6m\u00fcrl\u00fc ve g\u00fcvenli bir ya\u015fam alan\u0131 sunar. Bug\u00fcn, geleneksel \u00e7elik kap\u0131 modellerinde g\u00f6r\u00fclen ah\u015fap desenlerden farkl\u0131 olarak, \u00e7elik sacdan \u00fcretilen kap\u0131lar \u00e7ok daha sa\u011flam, estetik ve yenilik\u00e7i bir \u00e7\u00f6z\u00fcm sunuyor.<\/p>\n<h2 data-start=\"629\" data-end=\"693\"><strong data-start=\"629\" data-end=\"693\">\u00c7elik Sac Kap\u0131lar: Estetik ve Fonksiyonelli\u011fin Bulu\u015ftu\u011fu Yer<\/strong><\/h2>\n<p data-start=\"695\" data-end=\"1144\">\u00c7elik sac kap\u0131lar\u0131n temel avantajlar\u0131ndan biri, tamamen \u00e7elikten \u00fcretilmi\u015f olmalar\u0131d\u0131r. Geleneksel \u00e7elik kap\u0131 modellerinde genellikle orta desenler ah\u015faptan yap\u0131l\u0131r, bu da dekoratif a\u00e7\u0131dan zenginlik sa\u011flar. Ancak, \u00e7elik sacdan \u00fcretilen kap\u0131lar, ah\u015faps\u0131z bir tasar\u0131m sunarak tamamen metal bir estetik elde eder. Ah\u015fap olmayan bir kap\u0131, \u00f6zellikle modern yap\u0131lar i\u00e7in olduk\u00e7a uygun bir se\u00e7imdir, \u00e7\u00fcnk\u00fc hem dayan\u0131kl\u0131d\u0131r hem de \u015f\u0131k bir g\u00f6r\u00fcn\u00fcme sahiptir.<\/p>\n<h2 data-start=\"1146\" data-end=\"1189\"><strong data-start=\"1146\" data-end=\"1189\">Metal Sac Kap\u0131lar ile G\u00fcvenlik Sa\u011flamak<\/strong><\/h2>\n<p data-start=\"1191\" data-end=\"1538\">\u00c7elik sac kap\u0131lar, g\u00fcvenlik a\u00e7\u0131s\u0131ndan da m\u00fckemmel bir se\u00e7enek olu\u015fturur. Metal \u00e7elik kap\u0131lar, normal kap\u0131 modellerine g\u00f6re \u00e7ok daha sa\u011flam ve zorlay\u0131c\u0131d\u0131r. Bu kap\u0131lar, dayan\u0131kl\u0131 \u00e7elik sac malzemesinden \u00fcretildikleri i\u00e7in, h\u0131rs\u0131zl\u0131k, darbe ve \u00e7evresel fakt\u00f6rlere kar\u015f\u0131 b\u00fcy\u00fck bir koruma sa\u011flar. G\u00fcvenli\u011fi \u00f6n planda tutanlar i\u00e7in ideal bir tercihtir.<\/p>\n<p data-start=\"1540\" data-end=\"1929\">D\u0131\u015f mekan kap\u0131s\u0131 olarak kullan\u0131labilecek \u00e7elik sac kap\u0131lar, herhangi bir iklim ko\u015fulunda dahi performans\u0131n\u0131 korur. S\u0131cak, so\u011fuk, ya\u011f\u0131\u015f gibi hava ko\u015fullar\u0131na kar\u015f\u0131 dayan\u0131kl\u0131d\u0131r ve uzun y\u0131llar boyunca sorunsuz bir \u015fekilde hizmet verir. Bu t\u00fcr kap\u0131lar, \u00f6zellikle villa giri\u015f kap\u0131lar\u0131 ve bina giri\u015f kap\u0131lar\u0131 gibi d\u0131\u015f mekanlarda kullan\u0131ld\u0131\u011f\u0131nda, g\u00fcvenli\u011fi art\u0131rman\u0131n yan\u0131 s\u0131ra \u015f\u0131kl\u0131k da sa\u011flar.<\/p>\n<h2 data-start=\"1931\" data-end=\"1987\"><strong data-start=\"1931\" data-end=\"1987\">\u00c7elik Sacdan Kap\u0131: Uzun \u00d6m\u00fcrl\u00fc ve Dayan\u0131kl\u0131 \u00c7\u00f6z\u00fcmler<\/strong><\/h2>\n<p data-start=\"1989\" data-end=\"2348\">\u00c7elik sacdan kap\u0131lar, uzun \u00f6m\u00fcrl\u00fc olmalar\u0131 ile bilinir. Metal malzemenin y\u00fcksek dayan\u0131kl\u0131l\u0131\u011f\u0131, kap\u0131lar\u0131n y\u0131llar boyu sa\u011flam kalmas\u0131n\u0131 sa\u011flar. Ah\u015fap kap\u0131lara oranla daha az bak\u0131m gerektiren \u00e7elik sac kap\u0131lar, suya, neme ve g\u00fcne\u015fe kar\u015f\u0131 da olduk\u00e7a diren\u00e7lidir. \u00c7elik sac kap\u0131lar\u0131n \u00f6mr\u00fc, kullan\u0131ld\u0131klar\u0131 alan ve bak\u0131m durumuna ba\u011fl\u0131 olarak uzun y\u0131llar s\u00fcrebilir.<\/p>\n<h3 data-start=\"2350\" data-end=\"2389\"><strong data-start=\"2350\" data-end=\"2389\">Kap\u0131 Tasar\u0131m\u0131nda Yenilik\u00e7i \u00c7\u00f6z\u00fcmler<\/strong><\/h3>\n<p data-start=\"2391\" data-end=\"2733\">Kap\u0131 tasar\u0131m\u0131 s\u00f6z konusu oldu\u011funda, \u00e7elik sac kap\u0131lar sadece dayan\u0131kl\u0131l\u0131klar\u0131yla de\u011fil, estetik a\u00e7\u0131dan sunduklar\u0131 yenilik\u00e7i tasar\u0131mlar ile de dikkat \u00e7eker. Ah\u015faps\u0131z kap\u0131lar, \u00f6zellikle minimal bir tasar\u0131m isteyenler i\u00e7in m\u00fckemmel bir tercihtir. Bu kap\u0131lar, sade ve modern \u00e7izgileri ile her t\u00fcrl\u00fc i\u00e7 mekan veya d\u0131\u015f mekan tasar\u0131m\u0131na uyum sa\u011flar.<\/p>\n<p data-start=\"2735\" data-end=\"2957\">\u00d6zellikle dekoratif a\u00e7\u0131dan tercih edilen metal \u00e7elik kap\u0131lar, hem dayan\u0131kl\u0131 hem de \u015f\u0131k bir tasar\u0131m sunar. \u00c7elik sacdan kap\u0131lar, ortas\u0131nda ah\u015fap deseni bulunmayan d\u00fcz, sade ve estetik g\u00f6r\u00fcn\u00fcmleri ile her mekana uyum sa\u011flar.<\/p>\n<h2 data-start=\"2959\" data-end=\"2994\"><strong data-start=\"2959\" data-end=\"2994\">Sonu\u00e7: Modern \u00c7elik Sac Kap\u0131lar<\/strong><\/h2>\n<p data-start=\"2996\" data-end=\"3448\">\u00c7elik sac kap\u0131lar, sunduklar\u0131 g\u00fcvenlik, dayan\u0131kl\u0131l\u0131k ve estetik ile tercih edilmektedir. \u00d6zellikle \u00e7elik sacdan \u00fcretilen kap\u0131lar, ah\u015faps\u0131z tasar\u0131mlar\u0131yla modern bir g\u00f6r\u00fcn\u00fcm sunarken, sa\u011flaml\u0131k a\u00e7\u0131s\u0131ndan da olduk\u00e7a g\u00fcvenilirdir. Metal sac kap\u0131 modelleri, d\u0131\u015f mekan kap\u0131s\u0131 olarak kullan\u0131labilen, uzun \u00f6m\u00fcrl\u00fc ve bak\u0131m\u0131 kolay \u00e7\u00f6z\u00fcmler sunar. Ah\u015fap desenlere gerek duymadan, \u015f\u0131k ve g\u00fcvenli bir kap\u0131 isteyenler i\u00e7in \u00e7elik sac kap\u0131lar m\u00fckemmel bir tercihtir.<\/p>\n<p data-start=\"3450\" data-end=\"3722\" data-is-last-node=\"\" data-is-only-node=\"\">\u00c7elik sac kap\u0131lar\u0131n sahip oldu\u011fu avantajlar, onlar\u0131 sadece g\u00fcvenlik de\u011fil, ayn\u0131 zamanda estetik a\u00e7\u0131dan da tercih edilen bir \u00fcr\u00fcn haline getiriyor. Modern yap\u0131lar\u0131n vazge\u00e7ilmezi haline gelen bu kap\u0131lar, dayan\u0131kl\u0131l\u0131k ve zarafeti bir arada sunarak ev ve i\u015f yerlerini koruyor.<\/p>\n<\/div>\n<\/div>\n<\/div>\n<\/div>\n<\/div>\n<\/div>\n<\/article>\n<\/div>\n<\/div>\n","protected":false},"excerpt":{"rendered":"<p>\u00c7elik Sac Kap\u0131lar: Dayan\u0131kl\u0131, Modern ve Estetik \u00c7\u00f6z\u00fcmler \u00c7elik kap\u0131lar, g\u00fcvenlik ve estetik a\u00e7\u0131s\u0131ndan g\u00fcn\u00fcm\u00fczdeki en pop\u00fcler tercihler aras\u0131nda yer almaktad\u0131r. \u00c7elik sac kap\u0131lar, sundu\u011fu sa\u011flaml\u0131k, g\u00fcvenlik ve dayan\u0131kl\u0131l\u0131kla dikkat \u00e7ekerken, ayn\u0131 zamanda modern ve \u015f\u0131k bir tasar\u0131ma da sahiptir. \u00d6zellikle d\u0131\u015f mekan kap\u0131s\u0131 ve metal sac kap\u0131 modelleri, her t\u00fcr yap\u0131ya uygun \u015fekilde tasarlanarak<\/p>\n","protected":false},"featured_media":9279,"template":"","meta":{"_bbp_topic_count":0,"_bbp_reply_count":0,"_bbp_total_topic_count":0,"_bbp_total_reply_count":0,"_bbp_voice_count":0,"_bbp_anonymous_reply_count":0,"_bbp_topic_count_hidden":0,"_bbp_reply_count_hidden":0,"_bbp_forum_subforum_count":0},"product_brand":[],"product_cat":[898],"product_tag":[1241],"class_list":{"0":"post-9278","1":"product","2":"type-product","3":"status-publish","4":"has-post-thumbnail","6":"product_cat-dyer-metalike","7":"product_tag-celik-sac-kapi","9":"first","10":"instock","11":"shipping-taxable","12":"product-type-simple","13":"prodpage-classic"},"yoast_head":"<!-- This site is optimized with the Yoast SEO Premium plugin v26.6 (Yoast SEO v27.4) - https:\/\/yoast.com\/product\/yoast-seo-premium-wordpress\/ -->\n<title>\u00c7elik Sac Kap\u0131lar - \u0130\u00e7 Oda Kap\u0131lar\u0131 - \u00c7elik kap\u0131 modelleri - apartman kap\u0131lar\u0131<\/title>\n<meta name=\"robots\" content=\"index, follow, max-snippet:-1, max-image-preview:large, max-video-preview:-1\" \/>\n<link rel=\"canonical\" href=\"https:\/\/www.kapi.ltd\/sq\/urun\/celik-sac-kapilar\/\" \/>\n<meta property=\"og:locale\" content=\"sq_AL\" \/>\n<meta property=\"og:type\" content=\"article\" \/>\n<meta property=\"og:title\" content=\"\u00c7elik Sac Kap\u0131lar\" \/>\n<meta property=\"og:description\" content=\"\u00c7elik Sac Kap\u0131lar: Dayan\u0131kl\u0131, Modern ve Estetik \u00c7\u00f6z\u00fcmler \u00c7elik kap\u0131lar, g\u00fcvenlik ve estetik a\u00e7\u0131s\u0131ndan g\u00fcn\u00fcm\u00fczdeki en pop\u00fcler tercihler aras\u0131nda yer almaktad\u0131r. \u00c7elik sac kap\u0131lar, sundu\u011fu sa\u011flaml\u0131k, g\u00fcvenlik ve dayan\u0131kl\u0131l\u0131kla dikkat \u00e7ekerken, ayn\u0131 zamanda modern ve \u015f\u0131k bir tasar\u0131ma da sahiptir. \u00d6zellikle d\u0131\u015f mekan kap\u0131s\u0131 ve metal sac kap\u0131 modelleri, her t\u00fcr yap\u0131ya uygun \u015fekilde tasarlanarak\" \/>\n<meta property=\"og:url\" content=\"https:\/\/www.kapi.ltd\/sq\/urun\/celik-sac-kapilar\/\" \/>\n<meta property=\"og:site_name\" content=\"\u0130\u00e7 Oda Kap\u0131lar\u0131 - \u00c7elik kap\u0131 modelleri - apartman kap\u0131lar\u0131\" \/>\n<meta property=\"article:modified_time\" content=\"2026-02-20T14:08:05+00:00\" \/>\n<meta name=\"twitter:card\" content=\"summary_large_image\" \/>\n<meta name=\"twitter:label1\" content=\"Est. reading time\" \/>\n\t<meta name=\"twitter:data1\" content=\"4 minuta\" \/>\n<script type=\"application\/ld+json\" class=\"yoast-schema-graph\">{\"@context\":\"https:\\\/\\\/schema.org\",\"@graph\":[{\"@type\":\"WebPage\",\"@id\":\"https:\\\/\\\/www.kapi.ltd\\\/sq\\\/urun\\\/celik-sac-kapilar\\\/\",\"url\":\"https:\\\/\\\/www.kapi.ltd\\\/sq\\\/urun\\\/celik-sac-kapilar\\\/\",\"name\":\"\u00c7elik Sac Kap\u0131lar - \u0130\u00e7 Oda Kap\u0131lar\u0131 - \u00c7elik kap\u0131 modelleri - apartman kap\u0131lar\u0131\",\"isPartOf\":{\"@id\":\"https:\\\/\\\/www.kapi.ltd\\\/sq\\\/#website\"},\"primaryImageOfPage\":{\"@id\":\"https:\\\/\\\/www.kapi.ltd\\\/sq\\\/urun\\\/celik-sac-kapilar\\\/#primaryimage\"},\"image\":{\"@id\":\"https:\\\/\\\/www.kapi.ltd\\\/sq\\\/urun\\\/celik-sac-kapilar\\\/#primaryimage\"},\"thumbnailUrl\":\"https:\\\/\\\/www.kapi.ltd\\\/wp-content\\\/uploads\\\/2026\\\/02\\\/celik-sac-kapi.webp\",\"datePublished\":\"2026-02-20T13:22:50+00:00\",\"dateModified\":\"2026-02-20T14:08:05+00:00\",\"breadcrumb\":{\"@id\":\"https:\\\/\\\/www.kapi.ltd\\\/sq\\\/urun\\\/celik-sac-kapilar\\\/#breadcrumb\"},\"inLanguage\":\"sq\",\"potentialAction\":[{\"@type\":\"ReadAction\",\"target\":[\"https:\\\/\\\/www.kapi.ltd\\\/sq\\\/urun\\\/celik-sac-kapilar\\\/\"]}]},{\"@type\":\"ImageObject\",\"inLanguage\":\"sq\",\"@id\":\"https:\\\/\\\/www.kapi.ltd\\\/sq\\\/urun\\\/celik-sac-kapilar\\\/#primaryimage\",\"url\":\"https:\\\/\\\/www.kapi.ltd\\\/wp-content\\\/uploads\\\/2026\\\/02\\\/celik-sac-kapi.webp\",\"contentUrl\":\"https:\\\/\\\/www.kapi.ltd\\\/wp-content\\\/uploads\\\/2026\\\/02\\\/celik-sac-kapi.webp\",\"width\":500,\"height\":750,\"caption\":\"\u00e7elik sac kap\u0131\"},{\"@type\":\"BreadcrumbList\",\"@id\":\"https:\\\/\\\/www.kapi.ltd\\\/sq\\\/urun\\\/celik-sac-kapilar\\\/#breadcrumb\",\"itemListElement\":[{\"@type\":\"ListItem\",\"position\":1,\"name\":\"Anasayfa\",\"item\":\"https:\\\/\\\/www.kapi.ltd\\\/sq\\\/\"},{\"@type\":\"ListItem\",\"position\":2,\"name\":\"ic-kapi-celik-kapi-modelleri\",\"item\":\"https:\\\/\\\/www.kapi.ltd\\\/?page_id=4263\"},{\"@type\":\"ListItem\",\"position\":3,\"name\":\"\u00c7elik Sac Kap\u0131lar\"}]},{\"@type\":\"WebSite\",\"@id\":\"https:\\\/\\\/www.kapi.ltd\\\/sq\\\/#website\",\"url\":\"https:\\\/\\\/www.kapi.ltd\\\/sq\\\/\",\"name\":\"\u0130\u00e7 Kap\u0131 Ve \u00c7elik Kap\u0131 Modelleri\",\"description\":\"T\u00fcrkiye Kap\u0131 Modelleri Merkezi\",\"potentialAction\":[{\"@type\":\"SearchAction\",\"target\":{\"@type\":\"EntryPoint\",\"urlTemplate\":\"https:\\\/\\\/www.kapi.ltd\\\/sq\\\/?s={search_term_string}\"},\"query-input\":{\"@type\":\"PropertyValueSpecification\",\"valueRequired\":true,\"valueName\":\"search_term_string\"}}],\"inLanguage\":\"sq\"}]}<\/script>\n<!-- \/ Yoast SEO Premium plugin. -->","yoast_head_json":{"title":"\u00c7elik Sac Kap\u0131lar - \u0130\u00e7 Oda Kap\u0131lar\u0131 - \u00c7elik kap\u0131 modelleri - apartman kap\u0131lar\u0131","robots":{"index":"index","follow":"follow","max-snippet":"max-snippet:-1","max-image-preview":"max-image-preview:large","max-video-preview":"max-video-preview:-1"},"canonical":"https:\/\/www.kapi.ltd\/sq\/urun\/celik-sac-kapilar\/","og_locale":"sq_AL","og_type":"article","og_title":"\u00c7elik Sac Kap\u0131lar","og_description":"\u00c7elik Sac Kap\u0131lar: Dayan\u0131kl\u0131, Modern ve Estetik \u00c7\u00f6z\u00fcmler \u00c7elik kap\u0131lar, g\u00fcvenlik ve estetik a\u00e7\u0131s\u0131ndan g\u00fcn\u00fcm\u00fczdeki en pop\u00fcler tercihler aras\u0131nda yer almaktad\u0131r. \u00c7elik sac kap\u0131lar, sundu\u011fu sa\u011flaml\u0131k, g\u00fcvenlik ve dayan\u0131kl\u0131l\u0131kla dikkat \u00e7ekerken, ayn\u0131 zamanda modern ve \u015f\u0131k bir tasar\u0131ma da sahiptir. \u00d6zellikle d\u0131\u015f mekan kap\u0131s\u0131 ve metal sac kap\u0131 modelleri, her t\u00fcr yap\u0131ya uygun \u015fekilde tasarlanarak","og_url":"https:\/\/www.kapi.ltd\/sq\/urun\/celik-sac-kapilar\/","og_site_name":"\u0130\u00e7 Oda Kap\u0131lar\u0131 - \u00c7elik kap\u0131 modelleri - apartman kap\u0131lar\u0131","article_modified_time":"2026-02-20T14:08:05+00:00","twitter_card":"summary_large_image","twitter_misc":{"Est. reading time":"4 minuta"},"schema":{"@context":"https:\/\/schema.org","@graph":[{"@type":"WebPage","@id":"https:\/\/www.kapi.ltd\/sq\/urun\/celik-sac-kapilar\/","url":"https:\/\/www.kapi.ltd\/sq\/urun\/celik-sac-kapilar\/","name":"\u00c7elik Sac Kap\u0131lar - \u0130\u00e7 Oda Kap\u0131lar\u0131 - \u00c7elik kap\u0131 modelleri - apartman kap\u0131lar\u0131","isPartOf":{"@id":"https:\/\/www.kapi.ltd\/sq\/#website"},"primaryImageOfPage":{"@id":"https:\/\/www.kapi.ltd\/sq\/urun\/celik-sac-kapilar\/#primaryimage"},"image":{"@id":"https:\/\/www.kapi.ltd\/sq\/urun\/celik-sac-kapilar\/#primaryimage"},"thumbnailUrl":"https:\/\/www.kapi.ltd\/wp-content\/uploads\/2026\/02\/celik-sac-kapi.webp","datePublished":"2026-02-20T13:22:50+00:00","dateModified":"2026-02-20T14:08:05+00:00","breadcrumb":{"@id":"https:\/\/www.kapi.ltd\/sq\/urun\/celik-sac-kapilar\/#breadcrumb"},"inLanguage":"sq","potentialAction":[{"@type":"ReadAction","target":["https:\/\/www.kapi.ltd\/sq\/urun\/celik-sac-kapilar\/"]}]},{"@type":"ImageObject","inLanguage":"sq","@id":"https:\/\/www.kapi.ltd\/sq\/urun\/celik-sac-kapilar\/#primaryimage","url":"https:\/\/www.kapi.ltd\/wp-content\/uploads\/2026\/02\/celik-sac-kapi.webp","contentUrl":"https:\/\/www.kapi.ltd\/wp-content\/uploads\/2026\/02\/celik-sac-kapi.webp","width":500,"height":750,"caption":"\u00e7elik sac kap\u0131"},{"@type":"BreadcrumbList","@id":"https:\/\/www.kapi.ltd\/sq\/urun\/celik-sac-kapilar\/#breadcrumb","itemListElement":[{"@type":"ListItem","position":1,"name":"Anasayfa","item":"https:\/\/www.kapi.ltd\/sq\/"},{"@type":"ListItem","position":2,"name":"ic-kapi-celik-kapi-modelleri","item":"https:\/\/www.kapi.ltd\/?page_id=4263"},{"@type":"ListItem","position":3,"name":"\u00c7elik Sac Kap\u0131lar"}]},{"@type":"WebSite","@id":"https:\/\/www.kapi.ltd\/sq\/#website","url":"https:\/\/www.kapi.ltd\/sq\/","name":"\u0130\u00e7 Kap\u0131 Ve \u00c7elik Kap\u0131 Modelleri","description":"T\u00fcrkiye Kap\u0131 Modelleri Merkezi","potentialAction":[{"@type":"SearchAction","target":{"@type":"EntryPoint","urlTemplate":"https:\/\/www.kapi.ltd\/sq\/?s={search_term_string}"},"query-input":{"@type":"PropertyValueSpecification","valueRequired":true,"valueName":"search_term_string"}}],"inLanguage":"sq"}]}},"_links":{"self":[{"href":"https:\/\/www.kapi.ltd\/sq\/wp-json\/wp\/v2\/product\/9278","targetHints":{"allow":["GET"]}}],"collection":[{"href":"https:\/\/www.kapi.ltd\/sq\/wp-json\/wp\/v2\/product"}],"about":[{"href":"https:\/\/www.kapi.ltd\/sq\/wp-json\/wp\/v2\/types\/product"}],"version-history":[{"count":0,"href":"https:\/\/www.kapi.ltd\/sq\/wp-json\/wp\/v2\/product\/9278\/revisions"}],"wp:featuredmedia":[{"embeddable":true,"href":"https:\/\/www.kapi.ltd\/sq\/wp-json\/wp\/v2\/media\/9279"}],"wp:attachment":[{"href":"https:\/\/www.kapi.ltd\/sq\/wp-json\/wp\/v2\/media?parent=9278"}],"wp:term":[{"taxonomy":"product_brand","embeddable":true,"href":"https:\/\/www.kapi.ltd\/sq\/wp-json\/wp\/v2\/product_brand?post=9278"},{"taxonomy":"product_cat","embeddable":true,"href":"https:\/\/www.kapi.ltd\/sq\/wp-json\/wp\/v2\/product_cat?post=9278"},{"taxonomy":"product_tag","embeddable":true,"href":"https:\/\/www.kapi.ltd\/sq\/wp-json\/wp\/v2\/product_tag?post=9278"}],"curies":[{"name":"wp","href":"https:\/\/api.w.org\/{rel}","templated":true}]}}