{"id":9173,"date":"2026-02-19T00:24:54","date_gmt":"2026-02-18T21:24:54","guid":{"rendered":"https:\/\/www.kapi.ltd\/urun\/yuksek-dis-kapilar\/"},"modified":"2026-02-19T15:16:49","modified_gmt":"2026-02-19T12:16:49","slug":"yuksek-dis-kapilar","status":"publish","type":"product","link":"https:\/\/www.kapi.ltd\/sq\/urun\/yuksek-dis-kapilar\/","title":{"rendered":"Y\u00fcksek D\u0131\u015f Kap\u0131lar"},"content":{"rendered":"<div class=\"flex flex-col text-sm pb-25\">\n<article class=\"text-token-text-primary w-full focus:outline-none [--shadow-height:45px] has-data-writing-block:pointer-events-none has-data-writing-block:-mt-(--shadow-height) has-data-writing-block:pt-(--shadow-height) [&amp;:has([data-writing-block])&gt;*]:pointer-events-auto scroll-mt-[calc(var(--header-height)+min(200px,max(70px,20svh)))]\" dir=\"auto\" tabindex=\"-1\" data-turn-id=\"request-WEB:62ec7b1f-e7e4-42ad-98c2-9bfd996be834-1\" data-testid=\"conversation-turn-4\" data-scroll-anchor=\"true\" data-turn=\"assistant\">\n<div class=\"text-base my-auto mx-auto pb-10 [--thread-content-margin:--spacing(4)] @w-sm\/main:[--thread-content-margin:--spacing(6)] @w-lg\/main:[--thread-content-margin:--spacing(16)] px-(--thread-content-margin)\">\n<div class=\"[--thread-content-max-width:40rem] @w-lg\/main:[--thread-content-max-width:48rem] mx-auto max-w-(--thread-content-max-width) flex-1 group\/turn-messages focus-visible:outline-hidden relative flex w-full min-w-0 flex-col agent-turn\" tabindex=\"-1\">\n<div class=\"flex max-w-full flex-col grow\">\n<div class=\"min-h-8 text-message relative flex w-full flex-col items-end gap-2 text-start break-words whitespace-normal [.text-message+&amp;]:mt-1\" dir=\"auto\" data-message-author-role=\"assistant\" data-message-id=\"25b69a19-1083-4f8a-8d44-dcf8353a5022\" data-message-model-slug=\"gpt-5-2\">\n<div class=\"flex w-full flex-col gap-1 empty:hidden first:pt-[1px]\">\n<div class=\"markdown prose dark:prose-invert w-full wrap-break-word light markdown-new-styling\">\n<h3 data-section-id=\"1uw1rcu\" data-start=\"0\" data-end=\"63\">Y\u00fcksek D\u0131\u015f Kap\u0131lar: G\u00fcvenli\u011fin ve Esteti\u011fin Bulu\u015ftu\u011fu Nokta<\/h3>\n<p data-start=\"65\" data-end=\"536\">Eviniz, i\u015f yeriniz veya \u00f6zel alanlar\u0131n\u0131z i\u00e7in g\u00fcvenlik, estetik ve dayan\u0131kl\u0131l\u0131\u011f\u0131 bir arada sunan d\u0131\u015f kap\u0131lar olduk\u00e7a \u00f6nemlidir. \u00d6zellikle y\u00fcksek d\u0131\u015f kap\u0131lar, sa\u011flaml\u0131klar\u0131, g\u00fcvenlikleri ve \u015f\u0131k g\u00f6r\u00fcn\u00fcmleri ile dikkat \u00e7eker. \u00c7a\u011fda\u015f kompozit \u00f6n kap\u0131lar, g\u00fcn\u00fcm\u00fczde modern ya\u015fam\u0131n gereksinimlerini kar\u015f\u0131lamak i\u00e7in en ideal \u00e7\u00f6z\u00fcmlerden biri haline gelmi\u015ftir. Bu yaz\u0131da, y\u00fcksek d\u0131\u015f kap\u0131lar, \u00e7a\u011fda\u015f kompozit \u00f6n kap\u0131lar ve d\u0131\u015f kap\u0131lar\u0131n \u00f6zelliklerine dair bilgilere odaklanaca\u011f\u0131z.<\/p>\n<h4 data-start=\"538\" data-end=\"597\">Y\u00fcksek D\u0131\u015f Kap\u0131lar: Dayan\u0131kl\u0131l\u0131\u011f\u0131n ve \u015e\u0131kl\u0131\u011f\u0131n Sembol\u00fc<\/h4>\n<p data-start=\"599\" data-end=\"1161\">Y\u00fcksek d\u0131\u015f kap\u0131lar, \u00f6zellikle d\u0131\u015f mekan ko\u015fullar\u0131na dayan\u0131kl\u0131, g\u00fcvenli ve estetik g\u00f6r\u00fcn\u00fcmleri ile ev ve i\u015fyeri g\u00fcvenli\u011finde \u00f6nemli bir rol oynar. Bu t\u00fcr kap\u0131lar, \u00f6zellikle d\u0131\u015f cephelerinize modern bir dokunu\u015f katmak isteyenler i\u00e7in m\u00fckemmel bir tercihtir. Y\u00fcksek d\u0131\u015f kap\u0131lar, sa\u011flam \u00e7elik g\u00f6vdeleri ve al\u00fcminyum kompozit y\u00fczeyleri sayesinde, her t\u00fcrl\u00fc d\u0131\u015f etkeni engelleme kapasitesine sahiptir. G\u00fcne\u015f \u0131\u015f\u0131\u011f\u0131, ya\u011fmur ve di\u011fer hava ko\u015fullar\u0131na kar\u015f\u0131 dayan\u0131kl\u0131 olmalar\u0131, uzun y\u0131llar boyunca ilk g\u00fcnk\u00fc gibi sa\u011flam ve estetik g\u00f6r\u00fcn\u00fcmlerini korumalar\u0131na yard\u0131mc\u0131 olur.<\/p>\n<h4 data-start=\"1163\" data-end=\"1227\">\u00c7a\u011fda\u015f Kompozit \u00d6n Kap\u0131lar: Modern Tasar\u0131m, Y\u00fcksek G\u00fcvenlik<\/h4>\n<p data-start=\"1229\" data-end=\"1664\">G\u00fcn\u00fcm\u00fczde, \u00e7a\u011fda\u015f kompozit \u00f6n kap\u0131lar, g\u00fcvenli\u011fi ve esteti\u011fi bir arada sunan en pop\u00fcler tercihlerden biri olmu\u015ftur. Kompozit malzeme, \u00e7elik ile al\u00fcminyumun birle\u015fimiyle elde edilen g\u00fc\u00e7l\u00fc bir yap\u0131ya sahip olup, bu t\u00fcr kap\u0131lar d\u0131\u015f mekan ko\u015fullar\u0131na kar\u015f\u0131 m\u00fckemmel bir dayan\u0131kl\u0131l\u0131k g\u00f6sterir. \u00c7a\u011fda\u015f kompozit \u00f6n kap\u0131lar, sadece d\u0131\u015f etkenlerden etkilenmemekle kalmaz, ayn\u0131 zamanda \u015f\u0131k ve modern tasar\u0131mlar\u0131 ile de mekanlar\u0131n\u0131za de\u011fer katar.<\/p>\n<p data-start=\"1666\" data-end=\"2116\">Kompozit kap\u0131lar, sa\u011flam yap\u0131lar\u0131 sayesinde y\u00fcksek g\u00fcvenlik sa\u011flar. H\u0131rs\u0131zl\u0131k, yang\u0131n, g\u00fcr\u00fclt\u00fc ve d\u0131\u015f etkenlere kar\u015f\u0131 \u00fcst\u00fcn koruma sunar. Hem evler hem de ticari binalar i\u00e7in ideal olan bu kap\u0131lar, d\u0131\u015far\u0131dan gelebilecek tehditlere kar\u015f\u0131 en \u00fcst d\u00fczeyde g\u00fcvenlik sa\u011flar. Yan caml\u0131 veya cams\u0131z se\u00e7enekleri ile ki\u015fisel tercihlere g\u00f6re \u00f6zelle\u015ftirilebilir. Ayr\u0131ca, al\u00fcminyum kompozit y\u00fczeyi sayesinde uzun \u00f6m\u00fcrl\u00fcd\u00fcr ve bak\u0131m gereksinimi minimum d\u00fczeydedir.<\/p>\n<h4 data-start=\"2118\" data-end=\"2161\">G\u00fcne\u015f ve Ya\u011fmura Dayan\u0131kl\u0131 D\u0131\u015f Kap\u0131lar<\/h4>\n<p data-start=\"2163\" data-end=\"2532\">Bir d\u0131\u015f kap\u0131n\u0131n dayan\u0131kl\u0131l\u0131\u011f\u0131, \u00f6zellikle g\u00fcne\u015f \u0131\u015f\u0131\u011f\u0131na, ya\u011fmura ve di\u011fer do\u011fal etmenlere kar\u015f\u0131 g\u00f6sterdi\u011fi diren\u00e7 ile do\u011fru orant\u0131l\u0131d\u0131r. G\u00fcne\u015f \u0131\u015f\u0131\u011f\u0131 ve ya\u011fmur, d\u0131\u015f kap\u0131lar\u0131n zamanla y\u0131pranmas\u0131na, renk de\u011fi\u015fikli\u011fine ve deformasyona neden olabilir. Ancak, g\u00fcn\u00fcm\u00fcz\u00fcn geli\u015fmi\u015f malzeme teknolojileri, g\u00fcne\u015f ve ya\u011fmura dayan\u0131kl\u0131 d\u0131\u015f kap\u0131lar\u0131n \u00fcretilmesini m\u00fcmk\u00fcn k\u0131lmaktad\u0131r.<\/p>\n<p data-start=\"2534\" data-end=\"2987\">Al\u00fcminyum kompozit y\u00fczeye sahip y\u00fcksek d\u0131\u015f kap\u0131lar, g\u00fcne\u015f \u0131\u015f\u0131\u011f\u0131ndan etkilenmeden uzun s\u00fcre dayanabilir. Ayr\u0131ca, ya\u011fmur, kar ve di\u011fer nemli hava ko\u015fullar\u0131na kar\u015f\u0131 da \u00fcst\u00fcn koruma sa\u011flar. Bu t\u00fcr kap\u0131lar, \u00e7elik g\u00f6vdeleri ile birlikte, d\u0131\u015f mekanlarda maksimum dayan\u0131kl\u0131l\u0131\u011f\u0131 ve g\u00fcvenli\u011fi sa\u011flamak i\u00e7in ideal \u00e7\u00f6z\u00fcmler sunar. Uzun y\u0131llar boyunca ilk g\u00fcnk\u00fc gibi g\u00fcvenli ve estetik g\u00f6r\u00fcn\u00fcmlerini koruyarak, sizi s\u00fcrekli bak\u0131m ve yenileme masraflar\u0131ndan kurtar\u0131r.<\/p>\n<h4 data-start=\"2989\" data-end=\"3043\">Kompozit Kap\u0131lar\u0131n Sa\u011flad\u0131\u011f\u0131 G\u00fcvenlik Avantajlar\u0131<\/h4>\n<p data-start=\"3045\" data-end=\"3401\">G\u00fcvenlik, d\u0131\u015f kap\u0131lar\u0131n en \u00f6nemli \u00f6zelliklerinden biridir. Kompozit \u00f6n kap\u0131lar, g\u00fcvenlik sa\u011flamak i\u00e7in \u00e7e\u015fitli \u00f6zelliklerle donat\u0131labilir. \u00c7elik g\u00f6vdeli kap\u0131lar, h\u0131rs\u0131zl\u0131k, yang\u0131n ve di\u011fer tehlikelere kar\u015f\u0131 en \u00fcst d\u00fczeyde g\u00fcvenlik sunar. Ayr\u0131ca, kompozit kap\u0131lar\u0131n y\u00fczeyleri, darbeye kar\u015f\u0131 olduk\u00e7a dayan\u0131kl\u0131d\u0131r, bu da onlar\u0131 k\u0131r\u0131lmaya kar\u015f\u0131 diren\u00e7li k\u0131lar.<\/p>\n<p data-start=\"3403\" data-end=\"3812\">Bunlar\u0131n yan\u0131 s\u0131ra, kompozit kap\u0131lar, ses yal\u0131t\u0131m\u0131 konusunda da \u00f6nemli bir avantaj sunar. G\u00fcr\u00fclt\u00fcye kar\u015f\u0131 maksimum koruma sa\u011flayarak, i\u00e7 mekanlar\u0131n\u0131zda sessiz ve huzurlu bir ortam olu\u015fturur. \u00d6zellikle \u015fehir i\u00e7i g\u00fcr\u00fclt\u00fcs\u00fcnden rahats\u0131z olanlar i\u00e7in bu \u00f6zellik b\u00fcy\u00fck bir avantaj sa\u011flar. Ses yal\u0131t\u0131m\u0131 \u00f6zelli\u011fi, d\u0131\u015f mekan g\u00fcr\u00fclt\u00fcs\u00fcn\u00fc engellemeye yard\u0131mc\u0131 olur, b\u00f6ylece i\u00e7 mekanlar\u0131n\u0131zda sakin bir atmosfer yarat\u0131r.<\/p>\n<h4 data-start=\"3814\" data-end=\"3871\">Y\u00fcksek D\u0131\u015f Kap\u0131 Se\u00e7iminde Dikkat Edilmesi Gerekenler<\/h4>\n<p data-start=\"3873\" data-end=\"4263\">Y\u00fcksek d\u0131\u015f kap\u0131 se\u00e7erken dikkate alman\u0131z gereken baz\u0131 \u00f6nemli fakt\u00f6rler bulunmaktad\u0131r. \u0130lk olarak, kap\u0131n\u0131n malzemesi b\u00fcy\u00fck bir \u00f6neme sahiptir. Kompozit malzemeler, \u00e7elik ve al\u00fcminyum gibi dayan\u0131kl\u0131 y\u00fczeylerin birle\u015fimiyle elde edilir ve d\u0131\u015f etkenlerden etkilenmeden uzun s\u00fcre kullan\u0131labilirler. Bu t\u00fcr kap\u0131lar, g\u00fcvenli\u011fi sa\u011flamakla birlikte, estetik g\u00f6r\u00fcn\u00fcmleriyle de mekan\u0131n\u0131za de\u011fer katar.<\/p>\n<p data-start=\"4265\" data-end=\"4604\">\u0130kinci olarak, kap\u0131n\u0131n izolasyon \u00f6zellikleri olduk\u00e7a \u00f6nemlidir. D\u0131\u015f kap\u0131lar\u0131n, s\u0131cakl\u0131k de\u011fi\u015fimlerini engellemesi, enerji verimlili\u011fini art\u0131rmas\u0131 ve ses yal\u0131t\u0131m\u0131n\u0131 sa\u011flamas\u0131 gerekmektedir. Y\u00fcksek d\u0131\u015f kap\u0131lar, al\u00fcminyum kompozit y\u00fczeyleri ile y\u00fcksek izolasyon sa\u011flar, b\u00f6ylece hem d\u0131\u015f etkenlerden korunur hem de enerji tasarrufu sa\u011flars\u0131n\u0131z.<\/p>\n<p data-start=\"4606\" data-end=\"4999\">Son olarak, kap\u0131n\u0131n tasar\u0131m\u0131 da g\u00f6z \u00f6n\u00fcnde bulundurulmal\u0131d\u0131r. \u00c7a\u011fda\u015f kompozit \u00f6n kap\u0131lar, modern \u00e7izgileri ve \u015f\u0131k g\u00f6r\u00fcn\u00fcmleri ile her t\u00fcrl\u00fc binaya uyum sa\u011flar. Yan caml\u0131 se\u00e7enekler, mekan\u0131n\u0131za estetik bir g\u00f6r\u00fcn\u00fcm kazand\u0131r\u0131rken, cams\u0131z se\u00e7enekler daha sade ve minimalist bir tasar\u0131m sunar. Her iki se\u00e7enek de y\u00fcksek g\u00fcvenlik \u00f6zelliklerine sahip olup, kullan\u0131m amac\u0131n\u0131za g\u00f6re \u00f6zelle\u015ftirilebilir.<\/p>\n<h4 data-start=\"5001\" data-end=\"5057\">\u00c7elik Kap\u0131lar\u0131n Sa\u011flaml\u0131k ve Verimlilik Avantajlar\u0131<\/h4>\n<p data-start=\"5059\" data-end=\"5449\">\u00c7elik g\u00f6vdeli d\u0131\u015f kap\u0131lar, dayan\u0131kl\u0131l\u0131k ve g\u00fcvenlik sa\u011flamak ad\u0131na en g\u00fcvenilir \u00e7\u00f6z\u00fcmlerden biridir. \u00c7elik kap\u0131lar, y\u00fcksek g\u00fcvenlik \u00f6zellikleri, sa\u011flam yap\u0131lar\u0131 ve uzun \u00f6m\u00fcrl\u00fc olmalar\u0131 ile bilinirler. Kompozit kap\u0131larla birle\u015fen \u00e7elik, d\u0131\u015f mekan ko\u015fullar\u0131na kar\u015f\u0131 daha da dayan\u0131kl\u0131 hale gelir. Bu \u00f6zellik, \u00e7elik kap\u0131lar\u0131 \u00f6zellikle yo\u011fun kullan\u0131m alanlar\u0131nda tercih edilen bir se\u00e7enek yapar.<\/p>\n<p data-start=\"5451\" data-end=\"5729\">\u00c7elik kap\u0131lar, yang\u0131na kar\u015f\u0131 y\u00fcksek diren\u00e7 g\u00f6sterir, bu da onlar\u0131 g\u00fcvenli bir ya\u015fam alan\u0131 i\u00e7in ideal k\u0131lar. Ayr\u0131ca, y\u00fcksek d\u0131\u015f kap\u0131lar genellikle modern g\u00fcvenlik aksesuarlar\u0131 ile donat\u0131labilir. Bu aksesuarlar, kap\u0131n\u0131z\u0131n g\u00fcvenli\u011fini daha da art\u0131r\u0131rken, kullan\u0131m kolayl\u0131\u011f\u0131 sa\u011flar.<\/p>\n<h4 data-start=\"5731\" data-end=\"5741\">Sonu\u00e7<\/h4>\n<p data-start=\"5743\" data-end=\"6263\">Y\u00fcksek d\u0131\u015f kap\u0131lar ve \u00e7a\u011fda\u015f kompozit \u00f6n kap\u0131lar, g\u00fcvenlik ve esteti\u011fi bir arada sunarak modern ya\u015fam alanlar\u0131n\u0131za de\u011fer katar. G\u00fcne\u015f ve ya\u011fmura dayan\u0131kl\u0131 d\u0131\u015f kap\u0131lar, uzun \u00f6m\u00fcrl\u00fc kullan\u0131m, estetik g\u00f6r\u00fcn\u00fcm ve y\u00fcksek g\u00fcvenlik sa\u011flar. Al\u00fcminyum kompozit y\u00fczeyli kap\u0131lar, d\u0131\u015f etkenlere kar\u015f\u0131 m\u00fckemmel koruma sunarak, ses yal\u0131t\u0131m\u0131, yang\u0131n g\u00fcvenli\u011fi ve h\u0131rs\u0131zl\u0131k \u00f6ncesi y\u00fcksek koruma sa\u011flar. \u00c7elik ve kompozit malzemelerin birle\u015fimi, sa\u011flaml\u0131k ve verimlili\u011fi \u00f6n planda tutarak, d\u0131\u015f mekanlar\u0131n\u0131z i\u00e7in m\u00fckemmel bir \u00e7\u00f6z\u00fcm sunar.<\/p>\n<p data-start=\"6265\" data-end=\"6465\" data-is-last-node=\"\" data-is-only-node=\"\">Evinize veya i\u015f yerinize estetik bir dokunu\u015f katarken, g\u00fcvenli\u011fi ve dayan\u0131kl\u0131l\u0131\u011f\u0131 \u00f6n planda tutarak en iyi d\u0131\u015f kap\u0131y\u0131 se\u00e7mek, uzun vadede sizlere hem g\u00fcvenlik hem de ekonomik avantajlar sa\u011flayacakt\u0131r.<\/p>\n<\/div>\n<\/div>\n<\/div>\n<\/div>\n<div class=\"z-0 flex min-h-[46px] justify-start\"><\/div>\n<div class=\"mt-3 w-full empty:hidden\">\n<div class=\"text-center\"><\/div>\n<\/div>\n<\/div>\n<\/div>\n<\/article>\n<\/div>\n<div class=\"pointer-events-none h-px w-px absolute bottom-0\" aria-hidden=\"true\" data-edge=\"true\"><\/div>\n","protected":false},"excerpt":{"rendered":"<p>Y\u00fcksek D\u0131\u015f Kap\u0131lar: G\u00fcvenli\u011fin ve Esteti\u011fin Bulu\u015ftu\u011fu Nokta Eviniz, i\u015f yeriniz veya \u00f6zel alanlar\u0131n\u0131z i\u00e7in g\u00fcvenlik, estetik ve dayan\u0131kl\u0131l\u0131\u011f\u0131 bir arada sunan d\u0131\u015f kap\u0131lar olduk\u00e7a \u00f6nemlidir. \u00d6zellikle y\u00fcksek d\u0131\u015f kap\u0131lar, sa\u011flaml\u0131klar\u0131, g\u00fcvenlikleri ve \u015f\u0131k g\u00f6r\u00fcn\u00fcmleri ile dikkat \u00e7eker. \u00c7a\u011fda\u015f kompozit \u00f6n kap\u0131lar, g\u00fcn\u00fcm\u00fczde modern ya\u015fam\u0131n gereksinimlerini kar\u015f\u0131lamak i\u00e7in en ideal \u00e7\u00f6z\u00fcmlerden biri haline gelmi\u015ftir. Bu<\/p>\n","protected":false},"featured_media":9174,"template":"","meta":{"_bbp_topic_count":0,"_bbp_reply_count":0,"_bbp_total_topic_count":0,"_bbp_total_reply_count":0,"_bbp_voice_count":0,"_bbp_anonymous_reply_count":0,"_bbp_topic_count_hidden":0,"_bbp_reply_count_hidden":0,"_bbp_forum_subforum_count":0},"product_brand":[],"product_cat":[893],"product_tag":[],"class_list":{"0":"post-9173","1":"product","2":"type-product","3":"status-publish","4":"has-post-thumbnail","6":"product_cat-dere-e-blinduar-e-perpara","8":"first","9":"instock","10":"shipping-taxable","11":"product-type-simple","12":"prodpage-classic"},"yoast_head":"<!-- This site is optimized with the Yoast SEO Premium plugin v26.6 (Yoast SEO v27.3) - https:\/\/yoast.com\/product\/yoast-seo-premium-wordpress\/ -->\n<title>Caml\u0131 Yang\u0131n Kap\u0131s\u0131 - \u00c7ift Kanatl\u0131 Yang\u0131n Kap\u0131s\u0131 - Yang\u0131n Kap\u0131s\u0131<\/title>\n<meta name=\"description\" content=\"\u00c7ift kanatl\u0131 yang\u0131n kap\u0131s\u0131, caml\u0131 yang\u0131n kap\u0131s\u0131 ve yang\u0131n kap\u0131s\u0131 mente\u015fesi \u00f6zelliklerini \u00f6\u011frenerek g\u00fcvenli ve y\u00f6netmeliklere uygun kap\u0131 se\u00e7imi yap\u0131n.\" \/>\n<meta name=\"robots\" content=\"index, follow, max-snippet:-1, max-image-preview:large, max-video-preview:-1\" \/>\n<link rel=\"canonical\" href=\"https:\/\/www.kapi.ltd\/sq\/urun\/yuksek-dis-kapilar\/\" \/>\n<meta property=\"og:locale\" content=\"sq_AL\" \/>\n<meta property=\"og:type\" content=\"article\" \/>\n<meta property=\"og:title\" content=\"Y\u00fcksek D\u0131\u015f Kap\u0131lar\" \/>\n<meta property=\"og:description\" content=\"\u00c7ift kanatl\u0131 yang\u0131n kap\u0131s\u0131, caml\u0131 yang\u0131n kap\u0131s\u0131 ve yang\u0131n kap\u0131s\u0131 mente\u015fesi \u00f6zelliklerini \u00f6\u011frenerek g\u00fcvenli ve y\u00f6netmeliklere uygun kap\u0131 se\u00e7imi yap\u0131n.\" \/>\n<meta property=\"og:url\" content=\"https:\/\/www.kapi.ltd\/sq\/urun\/yuksek-dis-kapilar\/\" \/>\n<meta property=\"og:site_name\" content=\"\u0130\u00e7 Oda Kap\u0131lar\u0131 - \u00c7elik kap\u0131 modelleri - apartman kap\u0131lar\u0131\" \/>\n<meta property=\"article:modified_time\" content=\"2026-02-19T12:16:49+00:00\" \/>\n<meta property=\"og:image\" content=\"https:\/\/www.kapi.ltd\/wp-content\/uploads\/2026\/02\/yuksek-giris-kapilari.webp\" \/>\n\t<meta property=\"og:image:width\" content=\"427\" \/>\n\t<meta property=\"og:image:height\" content=\"750\" \/>\n\t<meta property=\"og:image:type\" content=\"image\/webp\" \/>\n<meta name=\"twitter:card\" content=\"summary_large_image\" \/>\n<meta name=\"twitter:label1\" content=\"Est. reading time\" \/>\n\t<meta name=\"twitter:data1\" content=\"7 minuta\" \/>\n<script type=\"application\/ld+json\" class=\"yoast-schema-graph\">{\"@context\":\"https:\\\/\\\/schema.org\",\"@graph\":[{\"@type\":\"WebPage\",\"@id\":\"https:\\\/\\\/www.kapi.ltd\\\/sq\\\/urun\\\/yuksek-dis-kapilar\\\/\",\"url\":\"https:\\\/\\\/www.kapi.ltd\\\/sq\\\/urun\\\/yuksek-dis-kapilar\\\/\",\"name\":\"Caml\u0131 Yang\u0131n Kap\u0131s\u0131 - \u00c7ift Kanatl\u0131 Yang\u0131n Kap\u0131s\u0131 - Yang\u0131n Kap\u0131s\u0131\",\"isPartOf\":{\"@id\":\"https:\\\/\\\/www.kapi.ltd\\\/sq\\\/#website\"},\"primaryImageOfPage\":{\"@id\":\"https:\\\/\\\/www.kapi.ltd\\\/sq\\\/urun\\\/yuksek-dis-kapilar\\\/#primaryimage\"},\"image\":{\"@id\":\"https:\\\/\\\/www.kapi.ltd\\\/sq\\\/urun\\\/yuksek-dis-kapilar\\\/#primaryimage\"},\"thumbnailUrl\":\"https:\\\/\\\/www.kapi.ltd\\\/wp-content\\\/uploads\\\/2026\\\/02\\\/yuksek-giris-kapilari.webp\",\"datePublished\":\"2026-02-18T21:24:54+00:00\",\"dateModified\":\"2026-02-19T12:16:49+00:00\",\"description\":\"\u00c7ift kanatl\u0131 yang\u0131n kap\u0131s\u0131, caml\u0131 yang\u0131n kap\u0131s\u0131 ve yang\u0131n kap\u0131s\u0131 mente\u015fesi \u00f6zelliklerini \u00f6\u011frenerek g\u00fcvenli ve y\u00f6netmeliklere uygun kap\u0131 se\u00e7imi yap\u0131n.\",\"breadcrumb\":{\"@id\":\"https:\\\/\\\/www.kapi.ltd\\\/sq\\\/urun\\\/yuksek-dis-kapilar\\\/#breadcrumb\"},\"inLanguage\":\"sq\",\"potentialAction\":[{\"@type\":\"ReadAction\",\"target\":[\"https:\\\/\\\/www.kapi.ltd\\\/sq\\\/urun\\\/yuksek-dis-kapilar\\\/\"]}]},{\"@type\":\"ImageObject\",\"inLanguage\":\"sq\",\"@id\":\"https:\\\/\\\/www.kapi.ltd\\\/sq\\\/urun\\\/yuksek-dis-kapilar\\\/#primaryimage\",\"url\":\"https:\\\/\\\/www.kapi.ltd\\\/wp-content\\\/uploads\\\/2026\\\/02\\\/yuksek-giris-kapilari.webp\",\"contentUrl\":\"https:\\\/\\\/www.kapi.ltd\\\/wp-content\\\/uploads\\\/2026\\\/02\\\/yuksek-giris-kapilari.webp\",\"width\":427,\"height\":750,\"caption\":\"y\u00fcksek giri\u015f kap\u0131lar\u0131\"},{\"@type\":\"BreadcrumbList\",\"@id\":\"https:\\\/\\\/www.kapi.ltd\\\/sq\\\/urun\\\/yuksek-dis-kapilar\\\/#breadcrumb\",\"itemListElement\":[{\"@type\":\"ListItem\",\"position\":1,\"name\":\"Anasayfa\",\"item\":\"https:\\\/\\\/www.kapi.ltd\\\/sq\\\/\"},{\"@type\":\"ListItem\",\"position\":2,\"name\":\"ic-kapi-celik-kapi-modelleri\",\"item\":\"https:\\\/\\\/www.kapi.ltd\\\/?page_id=4263\"},{\"@type\":\"ListItem\",\"position\":3,\"name\":\"Y\u00fcksek D\u0131\u015f Kap\u0131lar\"}]},{\"@type\":\"WebSite\",\"@id\":\"https:\\\/\\\/www.kapi.ltd\\\/sq\\\/#website\",\"url\":\"https:\\\/\\\/www.kapi.ltd\\\/sq\\\/\",\"name\":\"\u0130\u00e7 Kap\u0131 Ve \u00c7elik Kap\u0131 Modelleri\",\"description\":\"T\u00fcrkiye Kap\u0131 Modelleri Merkezi\",\"potentialAction\":[{\"@type\":\"SearchAction\",\"target\":{\"@type\":\"EntryPoint\",\"urlTemplate\":\"https:\\\/\\\/www.kapi.ltd\\\/sq\\\/?s={search_term_string}\"},\"query-input\":{\"@type\":\"PropertyValueSpecification\",\"valueRequired\":true,\"valueName\":\"search_term_string\"}}],\"inLanguage\":\"sq\"}]}<\/script>\n<!-- \/ Yoast SEO Premium plugin. -->","yoast_head_json":{"title":"Caml\u0131 Yang\u0131n Kap\u0131s\u0131 - \u00c7ift Kanatl\u0131 Yang\u0131n Kap\u0131s\u0131 - Yang\u0131n Kap\u0131s\u0131","description":"\u00c7ift kanatl\u0131 yang\u0131n kap\u0131s\u0131, caml\u0131 yang\u0131n kap\u0131s\u0131 ve yang\u0131n kap\u0131s\u0131 mente\u015fesi \u00f6zelliklerini \u00f6\u011frenerek g\u00fcvenli ve y\u00f6netmeliklere uygun kap\u0131 se\u00e7imi yap\u0131n.","robots":{"index":"index","follow":"follow","max-snippet":"max-snippet:-1","max-image-preview":"max-image-preview:large","max-video-preview":"max-video-preview:-1"},"canonical":"https:\/\/www.kapi.ltd\/sq\/urun\/yuksek-dis-kapilar\/","og_locale":"sq_AL","og_type":"article","og_title":"Y\u00fcksek D\u0131\u015f Kap\u0131lar","og_description":"\u00c7ift kanatl\u0131 yang\u0131n kap\u0131s\u0131, caml\u0131 yang\u0131n kap\u0131s\u0131 ve yang\u0131n kap\u0131s\u0131 mente\u015fesi \u00f6zelliklerini \u00f6\u011frenerek g\u00fcvenli ve y\u00f6netmeliklere uygun kap\u0131 se\u00e7imi yap\u0131n.","og_url":"https:\/\/www.kapi.ltd\/sq\/urun\/yuksek-dis-kapilar\/","og_site_name":"\u0130\u00e7 Oda Kap\u0131lar\u0131 - \u00c7elik kap\u0131 modelleri - apartman kap\u0131lar\u0131","article_modified_time":"2026-02-19T12:16:49+00:00","og_image":[{"width":427,"height":750,"url":"https:\/\/www.kapi.ltd\/wp-content\/uploads\/2026\/02\/yuksek-giris-kapilari.webp","type":"image\/webp"}],"twitter_card":"summary_large_image","twitter_misc":{"Est. reading time":"7 minuta"},"schema":{"@context":"https:\/\/schema.org","@graph":[{"@type":"WebPage","@id":"https:\/\/www.kapi.ltd\/sq\/urun\/yuksek-dis-kapilar\/","url":"https:\/\/www.kapi.ltd\/sq\/urun\/yuksek-dis-kapilar\/","name":"Caml\u0131 Yang\u0131n Kap\u0131s\u0131 - \u00c7ift Kanatl\u0131 Yang\u0131n Kap\u0131s\u0131 - Yang\u0131n Kap\u0131s\u0131","isPartOf":{"@id":"https:\/\/www.kapi.ltd\/sq\/#website"},"primaryImageOfPage":{"@id":"https:\/\/www.kapi.ltd\/sq\/urun\/yuksek-dis-kapilar\/#primaryimage"},"image":{"@id":"https:\/\/www.kapi.ltd\/sq\/urun\/yuksek-dis-kapilar\/#primaryimage"},"thumbnailUrl":"https:\/\/www.kapi.ltd\/wp-content\/uploads\/2026\/02\/yuksek-giris-kapilari.webp","datePublished":"2026-02-18T21:24:54+00:00","dateModified":"2026-02-19T12:16:49+00:00","description":"\u00c7ift kanatl\u0131 yang\u0131n kap\u0131s\u0131, caml\u0131 yang\u0131n kap\u0131s\u0131 ve yang\u0131n kap\u0131s\u0131 mente\u015fesi \u00f6zelliklerini \u00f6\u011frenerek g\u00fcvenli ve y\u00f6netmeliklere uygun kap\u0131 se\u00e7imi yap\u0131n.","breadcrumb":{"@id":"https:\/\/www.kapi.ltd\/sq\/urun\/yuksek-dis-kapilar\/#breadcrumb"},"inLanguage":"sq","potentialAction":[{"@type":"ReadAction","target":["https:\/\/www.kapi.ltd\/sq\/urun\/yuksek-dis-kapilar\/"]}]},{"@type":"ImageObject","inLanguage":"sq","@id":"https:\/\/www.kapi.ltd\/sq\/urun\/yuksek-dis-kapilar\/#primaryimage","url":"https:\/\/www.kapi.ltd\/wp-content\/uploads\/2026\/02\/yuksek-giris-kapilari.webp","contentUrl":"https:\/\/www.kapi.ltd\/wp-content\/uploads\/2026\/02\/yuksek-giris-kapilari.webp","width":427,"height":750,"caption":"y\u00fcksek giri\u015f kap\u0131lar\u0131"},{"@type":"BreadcrumbList","@id":"https:\/\/www.kapi.ltd\/sq\/urun\/yuksek-dis-kapilar\/#breadcrumb","itemListElement":[{"@type":"ListItem","position":1,"name":"Anasayfa","item":"https:\/\/www.kapi.ltd\/sq\/"},{"@type":"ListItem","position":2,"name":"ic-kapi-celik-kapi-modelleri","item":"https:\/\/www.kapi.ltd\/?page_id=4263"},{"@type":"ListItem","position":3,"name":"Y\u00fcksek D\u0131\u015f Kap\u0131lar"}]},{"@type":"WebSite","@id":"https:\/\/www.kapi.ltd\/sq\/#website","url":"https:\/\/www.kapi.ltd\/sq\/","name":"\u0130\u00e7 Kap\u0131 Ve \u00c7elik Kap\u0131 Modelleri","description":"T\u00fcrkiye Kap\u0131 Modelleri Merkezi","potentialAction":[{"@type":"SearchAction","target":{"@type":"EntryPoint","urlTemplate":"https:\/\/www.kapi.ltd\/sq\/?s={search_term_string}"},"query-input":{"@type":"PropertyValueSpecification","valueRequired":true,"valueName":"search_term_string"}}],"inLanguage":"sq"}]}},"_links":{"self":[{"href":"https:\/\/www.kapi.ltd\/sq\/wp-json\/wp\/v2\/product\/9173","targetHints":{"allow":["GET"]}}],"collection":[{"href":"https:\/\/www.kapi.ltd\/sq\/wp-json\/wp\/v2\/product"}],"about":[{"href":"https:\/\/www.kapi.ltd\/sq\/wp-json\/wp\/v2\/types\/product"}],"version-history":[{"count":0,"href":"https:\/\/www.kapi.ltd\/sq\/wp-json\/wp\/v2\/product\/9173\/revisions"}],"wp:featuredmedia":[{"embeddable":true,"href":"https:\/\/www.kapi.ltd\/sq\/wp-json\/wp\/v2\/media\/9174"}],"wp:attachment":[{"href":"https:\/\/www.kapi.ltd\/sq\/wp-json\/wp\/v2\/media?parent=9173"}],"wp:term":[{"taxonomy":"product_brand","embeddable":true,"href":"https:\/\/www.kapi.ltd\/sq\/wp-json\/wp\/v2\/product_brand?post=9173"},{"taxonomy":"product_cat","embeddable":true,"href":"https:\/\/www.kapi.ltd\/sq\/wp-json\/wp\/v2\/product_cat?post=9173"},{"taxonomy":"product_tag","embeddable":true,"href":"https:\/\/www.kapi.ltd\/sq\/wp-json\/wp\/v2\/product_tag?post=9173"}],"curies":[{"name":"wp","href":"https:\/\/api.w.org\/{rel}","templated":true}]}}