{"id":8857,"date":"2025-10-05T05:55:33","date_gmt":"2025-10-05T05:55:33","guid":{"rendered":"https:\/\/www.kapi.ltd\/urun\/ic-kapi-modelleri-8\/"},"modified":"2026-01-17T11:37:03","modified_gmt":"2026-01-17T08:37:03","slug":"modelet-e-dyerve-te-brenda-8","status":"publish","type":"product","link":"https:\/\/www.kapi.ltd\/sq\/urun\/modelet-e-dyerve-te-brenda-8\/","title":{"rendered":"Modele t\u00eb Dyerve t\u00eb Brendshme"},"content":{"rendered":"","protected":false},"excerpt":{"rendered":"","protected":false},"featured_media":8858,"template":"","meta":{"_bbp_topic_count":0,"_bbp_reply_count":0,"_bbp_total_topic_count":0,"_bbp_total_reply_count":0,"_bbp_voice_count":0,"_bbp_anonymous_reply_count":0,"_bbp_topic_count_hidden":0,"_bbp_reply_count_hidden":0,"_bbp_forum_subforum_count":0},"product_brand":[],"product_cat":[784,897],"product_tag":[995],"class_list":{"0":"post-8857","1":"product","2":"type-product","3":"status-publish","4":"has-post-thumbnail","6":"product_cat-dere-e-lyer","7":"product_cat-dere-membrane","8":"product_tag-modele-te-dyerve-te-brendshme","10":"first","11":"instock","12":"shipping-taxable","13":"product-type-simple","14":"prodpage-classic"},"yoast_head":"<!-- This site is optimized with the Yoast SEO Premium plugin v26.6 (Yoast SEO v27.3) - https:\/\/yoast.com\/product\/yoast-seo-premium-wordpress\/ -->\n<title>Modele t\u00eb Dyerve t\u00eb Brendshme - modelet e dyerve - der\u00eb e brendshme - Modeli i der\u00ebs s\u00eb brendshme<\/title>\n<meta name=\"description\" content=\"Modelet e dyerve t\u00eb brendshme i shtojn\u00eb eleganc\u00eb \u00e7do hap\u00ebsire me dizajnet e tyre t\u00eb sofistikuara dhe q\u00ebndrueshm\u00ebrin\u00eb. \u00c7do model dere e brendshme \u00ebsht\u00eb ideal si p\u00ebr estetik\u00eb ashtu edhe p\u00ebr p\u00ebrdorim afatgjat\u00eb.\" \/>\n<meta name=\"robots\" content=\"index, follow, max-snippet:-1, max-image-preview:large, max-video-preview:-1\" \/>\n<link rel=\"canonical\" href=\"https:\/\/www.kapi.ltd\/sq\/urun\/modelet-e-dyerve-te-brenda-8\/\" \/>\n<meta property=\"og:locale\" content=\"sq_AL\" \/>\n<meta property=\"og:type\" content=\"article\" \/>\n<meta property=\"og:title\" content=\"Modele t\u00eb Dyerve t\u00eb Brendshme\" \/>\n<meta property=\"og:description\" content=\"Modelet e dyerve t\u00eb brendshme i shtojn\u00eb eleganc\u00eb \u00e7do hap\u00ebsire me dizajnet e tyre t\u00eb sofistikuara dhe q\u00ebndrueshm\u00ebrin\u00eb. \u00c7do model dere e brendshme \u00ebsht\u00eb ideal si p\u00ebr estetik\u00eb ashtu edhe p\u00ebr p\u00ebrdorim afatgjat\u00eb.\" \/>\n<meta property=\"og:url\" content=\"https:\/\/www.kapi.ltd\/sq\/urun\/modelet-e-dyerve-te-brenda-8\/\" \/>\n<meta property=\"og:site_name\" content=\"\u0130\u00e7 Oda Kap\u0131lar\u0131 - \u00c7elik kap\u0131 modelleri - apartman kap\u0131lar\u0131\" \/>\n<meta property=\"article:modified_time\" content=\"2026-01-17T08:37:03+00:00\" \/>\n<meta property=\"og:image\" content=\"https:\/\/www.kapi.ltd\/wp-content\/uploads\/2025\/10\/ic-kapi-modelleri_9.webp\" \/>\n\t<meta property=\"og:image:width\" content=\"650\" \/>\n\t<meta property=\"og:image:height\" content=\"975\" \/>\n\t<meta property=\"og:image:type\" content=\"image\/webp\" \/>\n<meta name=\"twitter:card\" content=\"summary_large_image\" \/>\n<meta name=\"twitter:label1\" content=\"Est. reading time\" \/>\n\t<meta name=\"twitter:data1\" content=\"1 minut\u00eb\" \/>\n<script type=\"application\/ld+json\" class=\"yoast-schema-graph\">{\"@context\":\"https:\\\/\\\/schema.org\",\"@graph\":[{\"@type\":\"WebPage\",\"@id\":\"https:\\\/\\\/www.kapi.ltd\\\/sq\\\/urun\\\/modelet-e-dyerve-te-brenda-8\\\/\",\"url\":\"https:\\\/\\\/www.kapi.ltd\\\/sq\\\/urun\\\/modelet-e-dyerve-te-brenda-8\\\/\",\"name\":\"Modele t\u00eb Dyerve t\u00eb Brendshme - modelet e dyerve - der\u00eb e brendshme - Modeli i der\u00ebs s\u00eb brendshme\",\"isPartOf\":{\"@id\":\"https:\\\/\\\/www.kapi.ltd\\\/sq\\\/#website\"},\"primaryImageOfPage\":{\"@id\":\"https:\\\/\\\/www.kapi.ltd\\\/sq\\\/urun\\\/modelet-e-dyerve-te-brenda-8\\\/#primaryimage\"},\"image\":{\"@id\":\"https:\\\/\\\/www.kapi.ltd\\\/sq\\\/urun\\\/modelet-e-dyerve-te-brenda-8\\\/#primaryimage\"},\"thumbnailUrl\":\"https:\\\/\\\/www.kapi.ltd\\\/wp-content\\\/uploads\\\/2025\\\/10\\\/ic-kapi-modelleri_9.webp\",\"datePublished\":\"2025-10-05T05:55:33+00:00\",\"dateModified\":\"2026-01-17T08:37:03+00:00\",\"description\":\"Modelet e dyerve t\u00eb brendshme i shtojn\u00eb eleganc\u00eb \u00e7do hap\u00ebsire me dizajnet e tyre t\u00eb sofistikuara dhe q\u00ebndrueshm\u00ebrin\u00eb. \u00c7do model dere e brendshme \u00ebsht\u00eb ideal si p\u00ebr estetik\u00eb ashtu edhe p\u00ebr p\u00ebrdorim afatgjat\u00eb.\",\"breadcrumb\":{\"@id\":\"https:\\\/\\\/www.kapi.ltd\\\/sq\\\/urun\\\/modelet-e-dyerve-te-brenda-8\\\/#breadcrumb\"},\"inLanguage\":\"sq\",\"potentialAction\":[{\"@type\":\"ReadAction\",\"target\":[\"https:\\\/\\\/www.kapi.ltd\\\/sq\\\/urun\\\/modelet-e-dyerve-te-brenda-8\\\/\"]}]},{\"@type\":\"ImageObject\",\"inLanguage\":\"sq\",\"@id\":\"https:\\\/\\\/www.kapi.ltd\\\/sq\\\/urun\\\/modelet-e-dyerve-te-brenda-8\\\/#primaryimage\",\"url\":\"https:\\\/\\\/www.kapi.ltd\\\/wp-content\\\/uploads\\\/2025\\\/10\\\/ic-kapi-modelleri_9.webp\",\"contentUrl\":\"https:\\\/\\\/www.kapi.ltd\\\/wp-content\\\/uploads\\\/2025\\\/10\\\/ic-kapi-modelleri_9.webp\",\"width\":650,\"height\":975,\"caption\":\"i\u00e7 kap\u0131 modelleri\"},{\"@type\":\"BreadcrumbList\",\"@id\":\"https:\\\/\\\/www.kapi.ltd\\\/sq\\\/urun\\\/modelet-e-dyerve-te-brenda-8\\\/#breadcrumb\",\"itemListElement\":[{\"@type\":\"ListItem\",\"position\":1,\"name\":\"Anasayfa\",\"item\":\"https:\\\/\\\/www.kapi.ltd\\\/sq\\\/\"},{\"@type\":\"ListItem\",\"position\":2,\"name\":\"ic-kapi-celik-kapi-modelleri\",\"item\":\"https:\\\/\\\/www.kapi.ltd\\\/?page_id=4263\"},{\"@type\":\"ListItem\",\"position\":3,\"name\":\"Modele t\u00eb Dyerve t\u00eb Brendshme\"}]},{\"@type\":\"WebSite\",\"@id\":\"https:\\\/\\\/www.kapi.ltd\\\/sq\\\/#website\",\"url\":\"https:\\\/\\\/www.kapi.ltd\\\/sq\\\/\",\"name\":\"\u0130\u00e7 Kap\u0131 Ve \u00c7elik Kap\u0131 Modelleri\",\"description\":\"T\u00fcrkiye Kap\u0131 Modelleri Merkezi\",\"potentialAction\":[{\"@type\":\"SearchAction\",\"target\":{\"@type\":\"EntryPoint\",\"urlTemplate\":\"https:\\\/\\\/www.kapi.ltd\\\/sq\\\/?s={search_term_string}\"},\"query-input\":{\"@type\":\"PropertyValueSpecification\",\"valueRequired\":true,\"valueName\":\"search_term_string\"}}],\"inLanguage\":\"sq\"}]}<\/script>\n<!-- \/ Yoast SEO Premium plugin. -->","yoast_head_json":{"title":"Modele t\u00eb Dyerve t\u00eb Brendshme - modelet e dyerve - der\u00eb e brendshme - Modeli i der\u00ebs s\u00eb brendshme","description":"Modelet e dyerve t\u00eb brendshme i shtojn\u00eb eleganc\u00eb \u00e7do hap\u00ebsire me dizajnet e tyre t\u00eb sofistikuara dhe q\u00ebndrueshm\u00ebrin\u00eb. \u00c7do model dere e brendshme \u00ebsht\u00eb ideal si p\u00ebr estetik\u00eb ashtu edhe p\u00ebr p\u00ebrdorim afatgjat\u00eb.","robots":{"index":"index","follow":"follow","max-snippet":"max-snippet:-1","max-image-preview":"max-image-preview:large","max-video-preview":"max-video-preview:-1"},"canonical":"https:\/\/www.kapi.ltd\/sq\/urun\/modelet-e-dyerve-te-brenda-8\/","og_locale":"sq_AL","og_type":"article","og_title":"Modele t\u00eb Dyerve t\u00eb Brendshme","og_description":"Modelet e dyerve t\u00eb brendshme i shtojn\u00eb eleganc\u00eb \u00e7do hap\u00ebsire me dizajnet e tyre t\u00eb sofistikuara dhe q\u00ebndrueshm\u00ebrin\u00eb. \u00c7do model dere e brendshme \u00ebsht\u00eb ideal si p\u00ebr estetik\u00eb ashtu edhe p\u00ebr p\u00ebrdorim afatgjat\u00eb.","og_url":"https:\/\/www.kapi.ltd\/sq\/urun\/modelet-e-dyerve-te-brenda-8\/","og_site_name":"\u0130\u00e7 Oda Kap\u0131lar\u0131 - \u00c7elik kap\u0131 modelleri - apartman kap\u0131lar\u0131","article_modified_time":"2026-01-17T08:37:03+00:00","og_image":[{"width":650,"height":975,"url":"https:\/\/www.kapi.ltd\/wp-content\/uploads\/2025\/10\/ic-kapi-modelleri_9.webp","type":"image\/webp"}],"twitter_card":"summary_large_image","twitter_misc":{"Est. reading time":"1 minut\u00eb"},"schema":{"@context":"https:\/\/schema.org","@graph":[{"@type":"WebPage","@id":"https:\/\/www.kapi.ltd\/sq\/urun\/modelet-e-dyerve-te-brenda-8\/","url":"https:\/\/www.kapi.ltd\/sq\/urun\/modelet-e-dyerve-te-brenda-8\/","name":"Modele t\u00eb Dyerve t\u00eb Brendshme - modelet e dyerve - der\u00eb e brendshme - Modeli i der\u00ebs s\u00eb brendshme","isPartOf":{"@id":"https:\/\/www.kapi.ltd\/sq\/#website"},"primaryImageOfPage":{"@id":"https:\/\/www.kapi.ltd\/sq\/urun\/modelet-e-dyerve-te-brenda-8\/#primaryimage"},"image":{"@id":"https:\/\/www.kapi.ltd\/sq\/urun\/modelet-e-dyerve-te-brenda-8\/#primaryimage"},"thumbnailUrl":"https:\/\/www.kapi.ltd\/wp-content\/uploads\/2025\/10\/ic-kapi-modelleri_9.webp","datePublished":"2025-10-05T05:55:33+00:00","dateModified":"2026-01-17T08:37:03+00:00","description":"Modelet e dyerve t\u00eb brendshme i shtojn\u00eb eleganc\u00eb \u00e7do hap\u00ebsire me dizajnet e tyre t\u00eb sofistikuara dhe q\u00ebndrueshm\u00ebrin\u00eb. \u00c7do model dere e brendshme \u00ebsht\u00eb ideal si p\u00ebr estetik\u00eb ashtu edhe p\u00ebr p\u00ebrdorim afatgjat\u00eb.","breadcrumb":{"@id":"https:\/\/www.kapi.ltd\/sq\/urun\/modelet-e-dyerve-te-brenda-8\/#breadcrumb"},"inLanguage":"sq","potentialAction":[{"@type":"ReadAction","target":["https:\/\/www.kapi.ltd\/sq\/urun\/modelet-e-dyerve-te-brenda-8\/"]}]},{"@type":"ImageObject","inLanguage":"sq","@id":"https:\/\/www.kapi.ltd\/sq\/urun\/modelet-e-dyerve-te-brenda-8\/#primaryimage","url":"https:\/\/www.kapi.ltd\/wp-content\/uploads\/2025\/10\/ic-kapi-modelleri_9.webp","contentUrl":"https:\/\/www.kapi.ltd\/wp-content\/uploads\/2025\/10\/ic-kapi-modelleri_9.webp","width":650,"height":975,"caption":"i\u00e7 kap\u0131 modelleri"},{"@type":"BreadcrumbList","@id":"https:\/\/www.kapi.ltd\/sq\/urun\/modelet-e-dyerve-te-brenda-8\/#breadcrumb","itemListElement":[{"@type":"ListItem","position":1,"name":"Anasayfa","item":"https:\/\/www.kapi.ltd\/sq\/"},{"@type":"ListItem","position":2,"name":"ic-kapi-celik-kapi-modelleri","item":"https:\/\/www.kapi.ltd\/?page_id=4263"},{"@type":"ListItem","position":3,"name":"Modele t\u00eb Dyerve t\u00eb Brendshme"}]},{"@type":"WebSite","@id":"https:\/\/www.kapi.ltd\/sq\/#website","url":"https:\/\/www.kapi.ltd\/sq\/","name":"\u0130\u00e7 Kap\u0131 Ve \u00c7elik Kap\u0131 Modelleri","description":"T\u00fcrkiye Kap\u0131 Modelleri Merkezi","potentialAction":[{"@type":"SearchAction","target":{"@type":"EntryPoint","urlTemplate":"https:\/\/www.kapi.ltd\/sq\/?s={search_term_string}"},"query-input":{"@type":"PropertyValueSpecification","valueRequired":true,"valueName":"search_term_string"}}],"inLanguage":"sq"}]}},"_links":{"self":[{"href":"https:\/\/www.kapi.ltd\/sq\/wp-json\/wp\/v2\/product\/8857","targetHints":{"allow":["GET"]}}],"collection":[{"href":"https:\/\/www.kapi.ltd\/sq\/wp-json\/wp\/v2\/product"}],"about":[{"href":"https:\/\/www.kapi.ltd\/sq\/wp-json\/wp\/v2\/types\/product"}],"version-history":[{"count":1,"href":"https:\/\/www.kapi.ltd\/sq\/wp-json\/wp\/v2\/product\/8857\/revisions"}],"predecessor-version":[{"id":8869,"href":"https:\/\/www.kapi.ltd\/sq\/wp-json\/wp\/v2\/product\/8857\/revisions\/8869"}],"wp:featuredmedia":[{"embeddable":true,"href":"https:\/\/www.kapi.ltd\/sq\/wp-json\/wp\/v2\/media\/8858"}],"wp:attachment":[{"href":"https:\/\/www.kapi.ltd\/sq\/wp-json\/wp\/v2\/media?parent=8857"}],"wp:term":[{"taxonomy":"product_brand","embeddable":true,"href":"https:\/\/www.kapi.ltd\/sq\/wp-json\/wp\/v2\/product_brand?post=8857"},{"taxonomy":"product_cat","embeddable":true,"href":"https:\/\/www.kapi.ltd\/sq\/wp-json\/wp\/v2\/product_cat?post=8857"},{"taxonomy":"product_tag","embeddable":true,"href":"https:\/\/www.kapi.ltd\/sq\/wp-json\/wp\/v2\/product_tag?post=8857"}],"curies":[{"name":"wp","href":"https:\/\/api.w.org\/{rel}","templated":true}]}}