{"id":8819,"date":"2025-10-01T21:07:23","date_gmt":"2025-10-01T21:07:23","guid":{"rendered":"https:\/\/www.kapi.ltd\/urun\/ic-kapi-modeli\/"},"modified":"2026-01-16T16:15:21","modified_gmt":"2026-01-16T13:15:21","slug":"model-i-deres-se-brendshme","status":"publish","type":"product","link":"https:\/\/www.kapi.ltd\/sq\/urun\/model-i-deres-se-brendshme\/","title":{"rendered":"Modeli i der\u00ebs s\u00eb brendshme"},"content":{"rendered":"<p><strong>Ky model dere <\/strong>me dizajn modern \u00ebsht\u00eb nj\u00eb <strong>der\u00eb e brendshme <\/strong>estetikisht elegante dhe funksionale q\u00eb mund t\u00eb prodhohet si <strong>me llak <\/strong>ashtu edhe <strong>me membran\u00eb . <\/strong>T\u00eb dyja opsionet ofrojn\u00eb stil dhe q\u00ebndrueshm\u00ebri, duke ndihmuar n\u00eb shtimin e vler\u00ebs n\u00eb hap\u00ebsirat tuaja t\u00eb jetes\u00ebs. Nj\u00eb zgjedhje ideale p\u00ebr \u00e7do dhom\u00eb n\u00eb sht\u00ebpi , ky model dere \u00ebsht\u00eb projektuar p\u00ebr t\u00eb plot\u00ebsuar stile t\u00eb ndryshme dekorimi.<\/p>\n<p><strong>e llakuara <\/strong>dhe <strong>ato me membran\u00eb PVC <\/strong>ofrohen me teknika t\u00eb ndryshme prodhimi , t\u00eb dy modelet krenohen me cil\u00ebsi superiore. <strong>Dyert e llakuara <\/strong>, me sip\u00ebrfaqen e tyre me shk\u00eblqim dhe linjat e l\u00ebmuara, preferohen ve\u00e7an\u00ebrisht n\u00eb ambientet moderne t\u00eb brendshme, nd\u00ebrsa <strong>dyert me membran\u00eb PVC <\/strong>ofrojn\u00eb p\u00ebrdorim afatgjat\u00eb fal\u00eb nd\u00ebrtimit t\u00eb tyre t\u00eb q\u00ebndruesh\u00ebm. T\u00eb dy modelet jan\u00eb si estetikisht t\u00eb k\u00ebndshme ashtu edhe funksionale, dhe mund t\u00eb p\u00ebrdoren leht\u00ebsisht n\u00eb zona t\u00eb ndryshme t\u00eb sht\u00ebpis\u00eb. <strong>Nj\u00eb der\u00eb e brendshme e bardh\u00eb , n\u00eb ve\u00e7anti <\/strong>, shton nj\u00eb ndjesi hap\u00ebsire n\u00eb hap\u00ebsira dhe plot\u00ebson n\u00eb m\u00ebnyr\u00eb t\u00eb p\u00ebrkryer \u00e7do stil dekorimi t\u00eb brendsh\u00ebm. Meqen\u00ebse e bardha \u00ebsht\u00eb e thjesht\u00eb dhe elegante, ajo p\u00ebrshtatet leht\u00ebsisht me pothuajse \u00e7do stil dekorimi.<\/p>\n<p>Ky model <strong>dere t\u00eb brendshme <\/strong>jo vet\u00ebm q\u00eb p\u00ebrmbush pritjet estetike t\u00eb pronar\u00ebve t\u00eb sht\u00ebpive, por tejkalon edhe k\u00ebrkesat e tyre funksionale. P\u00ebr p\u00ebrdoruesit q\u00eb k\u00ebrkojn\u00eb <strong>dyer t\u00eb brendshme me cil\u00ebsi t\u00eb lart\u00eb <\/strong>, ky model ofron nj\u00eb mund\u00ebsi t\u00eb shk\u00eblqyer. Sip\u00ebrfaqet e tij t\u00eb q\u00ebndrueshme dhe dizajni elegant sigurojn\u00eb shum\u00eb vite p\u00ebrdorim. Fal\u00eb proceseve t\u00eb veshjes dhe lustrimit, ai ofron nj\u00eb p\u00ebrvoj\u00eb p\u00ebrdorimi pa probleme n\u00eb hap\u00ebsirat q\u00eb k\u00ebrkojn\u00eb <strong>dyer t\u00eb brendshme me cil\u00ebsi t\u00eb lart\u00eb .<\/strong><\/p>\n<p><strong>model dere t\u00eb brendshme <\/strong>, p\u00ebrpar\u00ebsi i jepet jo vet\u00ebm estetik\u00ebs, por edhe q\u00ebndrueshm\u00ebris\u00eb dhe funksionalitetit. K\u00ebto dyer, t\u00eb cilat ofrojn\u00eb k\u00ebnaq\u00ebsi si n\u00eb aspektin e dekorimit ashtu edhe t\u00eb p\u00ebrdorimit praktik, jan\u00eb gjithashtu t\u00eb suksesshme n\u00eb izolimin e z\u00ebrit. Prandaj, ato mund t\u00eb preferohen n\u00eb zona t\u00eb ndryshme t\u00eb sht\u00ebpis\u00eb, si\u00e7 jan\u00eb dhomat e gjumit, banjot ose dhomat e ndenjes. Ato jan\u00eb nj\u00eb nga zgjedhjet m\u00eb t\u00eb mira p\u00ebr ata q\u00eb synojn\u00eb cil\u00ebsi dhe p\u00ebrdorim afatgjat\u00eb kur zgjedhin <strong>nj\u00eb model dere .<\/strong><\/p>\n<p>P\u00ebrve\u00e7 k\u00ebsaj, ky <strong>model dere me cil\u00ebsi t\u00eb lart\u00eb <\/strong>i shton nj\u00eb prekje moderne hap\u00ebsirave tuaja dhe do ta gjeni shum\u00eb t\u00eb leht\u00eb p\u00ebr t\u2019u mir\u00ebmbajtur. Sip\u00ebrfaqet e lehta p\u00ebr t\u2019u pastruar e b\u00ebjn\u00eb m\u00eb praktike p\u00ebr t\u2019u p\u00ebrdorur. P\u00ebr m\u00eb tep\u00ebr, fal\u00eb nd\u00ebrtimit t\u00eb saj rezistent ndaj motit, mund t\u00eb p\u00ebrdoret pa probleme p\u00ebr shum\u00eb vite.<\/p>\n<p>Si p\u00ebrfundim, kjo der\u00eb elegante dhe me cil\u00ebsi t\u00eb lart\u00eb, t\u00eb cil\u00ebn mund ta zgjidhni si <strong>nj\u00eb model modern t\u00eb der\u00ebs s\u00eb brendshme <\/strong>, kontribuon shum\u00eb n\u00eb sht\u00ebpin\u00eb tuaj si estetikisht ashtu edhe funksionalisht. Me opsionet <strong>e der\u00ebs s\u00eb llakuar <\/strong>dhe me membran\u00eb, ajo ofron nj\u00eb zgjidhje t\u00eb p\u00ebrshtatshme p\u00ebr \u00e7do stil dhe nevoj\u00eb. Do t\u00eb jet\u00eb nj\u00eb zgjedhje perfekte p\u00ebr ata q\u00eb k\u00ebrkojn\u00eb nj\u00eb <strong>model dere t\u00eb brendshme <\/strong>me cil\u00ebsi t\u00eb lart\u00eb dhe jet\u00ebgjat\u00ebsi .<\/p>\n","protected":false},"excerpt":{"rendered":"<p>Ky model dere me dizajn modern \u00ebsht\u00eb nj\u00eb der\u00eb e brendshme estetikisht elegante dhe funksionale q\u00eb mund t\u00eb prodhohet si me llak ashtu edhe me membran\u00eb . T\u00eb dyja opsionet ofrojn\u00eb stil dhe q\u00ebndrueshm\u00ebri, duke ndihmuar n\u00eb shtimin e vler\u00ebs n\u00eb hap\u00ebsirat tuaja t\u00eb jetes\u00ebs. Nj\u00eb zgjedhje ideale p\u00ebr \u00e7do dhom\u00eb n\u00eb sht\u00ebpi , ky<\/p>\n","protected":false},"featured_media":8820,"template":"","meta":{"_bbp_topic_count":0,"_bbp_reply_count":0,"_bbp_total_topic_count":0,"_bbp_total_reply_count":0,"_bbp_voice_count":0,"_bbp_anonymous_reply_count":0,"_bbp_topic_count_hidden":0,"_bbp_reply_count_hidden":0,"_bbp_forum_subforum_count":0},"product_brand":[],"product_cat":[784,897],"product_tag":[],"class_list":{"0":"post-8819","1":"product","2":"type-product","3":"status-publish","4":"has-post-thumbnail","6":"product_cat-dere-e-lyer","7":"product_cat-dere-membrane","9":"first","10":"instock","11":"shipping-taxable","12":"product-type-simple","13":"prodpage-classic"},"yoast_head":"<!-- This site is optimized with the Yoast SEO Premium plugin v26.6 (Yoast SEO v27.4) - https:\/\/yoast.com\/product\/yoast-seo-premium-wordpress\/ -->\n<title>Modeli i der\u00ebs s\u00eb brendshme - \u0130\u00e7 Oda Kap\u0131lar\u0131 - \u00c7elik kap\u0131 modelleri - apartman kap\u0131lar\u0131<\/title>\n<meta name=\"description\" content=\"Shtoni nj\u00eb prekje elegante hap\u00ebsirave tuaja me modelet tona t\u00eb dyerve t\u00eb brendshme. Zbuloni p\u00ebrzgjedhjen ton\u00eb t\u00eb dyerve t\u00eb brendshme t\u00eb dhomave me cil\u00ebsi t\u00eb lart\u00eb! Modele t\u00eb reja dyersh.\" \/>\n<meta name=\"robots\" content=\"index, follow, max-snippet:-1, max-image-preview:large, max-video-preview:-1\" \/>\n<link rel=\"canonical\" href=\"https:\/\/www.kapi.ltd\/sq\/urun\/model-i-deres-se-brendshme\/\" \/>\n<meta property=\"og:locale\" content=\"sq_AL\" \/>\n<meta property=\"og:type\" content=\"article\" \/>\n<meta property=\"og:title\" content=\"Modeli i der\u00ebs s\u00eb brendshme\" \/>\n<meta property=\"og:description\" content=\"Shtoni nj\u00eb prekje elegante hap\u00ebsirave tuaja me modelet tona t\u00eb dyerve t\u00eb brendshme. Zbuloni p\u00ebrzgjedhjen ton\u00eb t\u00eb dyerve t\u00eb brendshme t\u00eb dhomave me cil\u00ebsi t\u00eb lart\u00eb! Modele t\u00eb reja dyersh.\" \/>\n<meta property=\"og:url\" content=\"https:\/\/www.kapi.ltd\/sq\/urun\/model-i-deres-se-brendshme\/\" \/>\n<meta property=\"og:site_name\" content=\"\u0130\u00e7 Oda Kap\u0131lar\u0131 - \u00c7elik kap\u0131 modelleri - apartman kap\u0131lar\u0131\" \/>\n<meta property=\"article:modified_time\" content=\"2026-01-16T13:15:21+00:00\" \/>\n<meta property=\"og:image\" content=\"https:\/\/www.kapi.ltd\/wp-content\/uploads\/2025\/10\/ic-kapi-modeli.webp\" \/>\n\t<meta property=\"og:image:width\" content=\"650\" \/>\n\t<meta property=\"og:image:height\" content=\"975\" \/>\n\t<meta property=\"og:image:type\" content=\"image\/webp\" \/>\n<meta name=\"twitter:card\" content=\"summary_large_image\" \/>\n<meta name=\"twitter:label1\" content=\"Est. reading time\" \/>\n\t<meta name=\"twitter:data1\" content=\"4 minuta\" \/>\n<script type=\"application\/ld+json\" class=\"yoast-schema-graph\">{\"@context\":\"https:\\\/\\\/schema.org\",\"@graph\":[{\"@type\":\"WebPage\",\"@id\":\"https:\\\/\\\/www.kapi.ltd\\\/sq\\\/urun\\\/model-i-deres-se-brendshme\\\/\",\"url\":\"https:\\\/\\\/www.kapi.ltd\\\/sq\\\/urun\\\/model-i-deres-se-brendshme\\\/\",\"name\":\"Modeli i der\u00ebs s\u00eb brendshme - \u0130\u00e7 Oda Kap\u0131lar\u0131 - \u00c7elik kap\u0131 modelleri - apartman kap\u0131lar\u0131\",\"isPartOf\":{\"@id\":\"https:\\\/\\\/www.kapi.ltd\\\/sq\\\/#website\"},\"primaryImageOfPage\":{\"@id\":\"https:\\\/\\\/www.kapi.ltd\\\/sq\\\/urun\\\/model-i-deres-se-brendshme\\\/#primaryimage\"},\"image\":{\"@id\":\"https:\\\/\\\/www.kapi.ltd\\\/sq\\\/urun\\\/model-i-deres-se-brendshme\\\/#primaryimage\"},\"thumbnailUrl\":\"https:\\\/\\\/www.kapi.ltd\\\/wp-content\\\/uploads\\\/2025\\\/10\\\/ic-kapi-modeli.webp\",\"datePublished\":\"2025-10-01T21:07:23+00:00\",\"dateModified\":\"2026-01-16T13:15:21+00:00\",\"description\":\"Shtoni nj\u00eb prekje elegante hap\u00ebsirave tuaja me modelet tona t\u00eb dyerve t\u00eb brendshme. Zbuloni p\u00ebrzgjedhjen ton\u00eb t\u00eb dyerve t\u00eb brendshme t\u00eb dhomave me cil\u00ebsi t\u00eb lart\u00eb! Modele t\u00eb reja dyersh.\",\"breadcrumb\":{\"@id\":\"https:\\\/\\\/www.kapi.ltd\\\/sq\\\/urun\\\/model-i-deres-se-brendshme\\\/#breadcrumb\"},\"inLanguage\":\"sq\",\"potentialAction\":[{\"@type\":\"ReadAction\",\"target\":[\"https:\\\/\\\/www.kapi.ltd\\\/sq\\\/urun\\\/model-i-deres-se-brendshme\\\/\"]}]},{\"@type\":\"ImageObject\",\"inLanguage\":\"sq\",\"@id\":\"https:\\\/\\\/www.kapi.ltd\\\/sq\\\/urun\\\/model-i-deres-se-brendshme\\\/#primaryimage\",\"url\":\"https:\\\/\\\/www.kapi.ltd\\\/wp-content\\\/uploads\\\/2025\\\/10\\\/ic-kapi-modeli.webp\",\"contentUrl\":\"https:\\\/\\\/www.kapi.ltd\\\/wp-content\\\/uploads\\\/2025\\\/10\\\/ic-kapi-modeli.webp\",\"width\":650,\"height\":975,\"caption\":\"i\u00e7 kap\u0131 modeli\"},{\"@type\":\"BreadcrumbList\",\"@id\":\"https:\\\/\\\/www.kapi.ltd\\\/sq\\\/urun\\\/model-i-deres-se-brendshme\\\/#breadcrumb\",\"itemListElement\":[{\"@type\":\"ListItem\",\"position\":1,\"name\":\"Anasayfa\",\"item\":\"https:\\\/\\\/www.kapi.ltd\\\/sq\\\/\"},{\"@type\":\"ListItem\",\"position\":2,\"name\":\"ic-kapi-celik-kapi-modelleri\",\"item\":\"https:\\\/\\\/www.kapi.ltd\\\/?page_id=4263\"},{\"@type\":\"ListItem\",\"position\":3,\"name\":\"Modeli i der\u00ebs s\u00eb brendshme\"}]},{\"@type\":\"WebSite\",\"@id\":\"https:\\\/\\\/www.kapi.ltd\\\/sq\\\/#website\",\"url\":\"https:\\\/\\\/www.kapi.ltd\\\/sq\\\/\",\"name\":\"\u0130\u00e7 Kap\u0131 Ve \u00c7elik Kap\u0131 Modelleri\",\"description\":\"T\u00fcrkiye Kap\u0131 Modelleri Merkezi\",\"potentialAction\":[{\"@type\":\"SearchAction\",\"target\":{\"@type\":\"EntryPoint\",\"urlTemplate\":\"https:\\\/\\\/www.kapi.ltd\\\/sq\\\/?s={search_term_string}\"},\"query-input\":{\"@type\":\"PropertyValueSpecification\",\"valueRequired\":true,\"valueName\":\"search_term_string\"}}],\"inLanguage\":\"sq\"}]}<\/script>\n<!-- \/ Yoast SEO Premium plugin. -->","yoast_head_json":{"title":"Modeli i der\u00ebs s\u00eb brendshme - \u0130\u00e7 Oda Kap\u0131lar\u0131 - \u00c7elik kap\u0131 modelleri - apartman kap\u0131lar\u0131","description":"Shtoni nj\u00eb prekje elegante hap\u00ebsirave tuaja me modelet tona t\u00eb dyerve t\u00eb brendshme. Zbuloni p\u00ebrzgjedhjen ton\u00eb t\u00eb dyerve t\u00eb brendshme t\u00eb dhomave me cil\u00ebsi t\u00eb lart\u00eb! Modele t\u00eb reja dyersh.","robots":{"index":"index","follow":"follow","max-snippet":"max-snippet:-1","max-image-preview":"max-image-preview:large","max-video-preview":"max-video-preview:-1"},"canonical":"https:\/\/www.kapi.ltd\/sq\/urun\/model-i-deres-se-brendshme\/","og_locale":"sq_AL","og_type":"article","og_title":"Modeli i der\u00ebs s\u00eb brendshme","og_description":"Shtoni nj\u00eb prekje elegante hap\u00ebsirave tuaja me modelet tona t\u00eb dyerve t\u00eb brendshme. Zbuloni p\u00ebrzgjedhjen ton\u00eb t\u00eb dyerve t\u00eb brendshme t\u00eb dhomave me cil\u00ebsi t\u00eb lart\u00eb! Modele t\u00eb reja dyersh.","og_url":"https:\/\/www.kapi.ltd\/sq\/urun\/model-i-deres-se-brendshme\/","og_site_name":"\u0130\u00e7 Oda Kap\u0131lar\u0131 - \u00c7elik kap\u0131 modelleri - apartman kap\u0131lar\u0131","article_modified_time":"2026-01-16T13:15:21+00:00","og_image":[{"width":650,"height":975,"url":"https:\/\/www.kapi.ltd\/wp-content\/uploads\/2025\/10\/ic-kapi-modeli.webp","type":"image\/webp"}],"twitter_card":"summary_large_image","twitter_misc":{"Est. reading time":"4 minuta"},"schema":{"@context":"https:\/\/schema.org","@graph":[{"@type":"WebPage","@id":"https:\/\/www.kapi.ltd\/sq\/urun\/model-i-deres-se-brendshme\/","url":"https:\/\/www.kapi.ltd\/sq\/urun\/model-i-deres-se-brendshme\/","name":"Modeli i der\u00ebs s\u00eb brendshme - \u0130\u00e7 Oda Kap\u0131lar\u0131 - \u00c7elik kap\u0131 modelleri - apartman kap\u0131lar\u0131","isPartOf":{"@id":"https:\/\/www.kapi.ltd\/sq\/#website"},"primaryImageOfPage":{"@id":"https:\/\/www.kapi.ltd\/sq\/urun\/model-i-deres-se-brendshme\/#primaryimage"},"image":{"@id":"https:\/\/www.kapi.ltd\/sq\/urun\/model-i-deres-se-brendshme\/#primaryimage"},"thumbnailUrl":"https:\/\/www.kapi.ltd\/wp-content\/uploads\/2025\/10\/ic-kapi-modeli.webp","datePublished":"2025-10-01T21:07:23+00:00","dateModified":"2026-01-16T13:15:21+00:00","description":"Shtoni nj\u00eb prekje elegante hap\u00ebsirave tuaja me modelet tona t\u00eb dyerve t\u00eb brendshme. Zbuloni p\u00ebrzgjedhjen ton\u00eb t\u00eb dyerve t\u00eb brendshme t\u00eb dhomave me cil\u00ebsi t\u00eb lart\u00eb! Modele t\u00eb reja dyersh.","breadcrumb":{"@id":"https:\/\/www.kapi.ltd\/sq\/urun\/model-i-deres-se-brendshme\/#breadcrumb"},"inLanguage":"sq","potentialAction":[{"@type":"ReadAction","target":["https:\/\/www.kapi.ltd\/sq\/urun\/model-i-deres-se-brendshme\/"]}]},{"@type":"ImageObject","inLanguage":"sq","@id":"https:\/\/www.kapi.ltd\/sq\/urun\/model-i-deres-se-brendshme\/#primaryimage","url":"https:\/\/www.kapi.ltd\/wp-content\/uploads\/2025\/10\/ic-kapi-modeli.webp","contentUrl":"https:\/\/www.kapi.ltd\/wp-content\/uploads\/2025\/10\/ic-kapi-modeli.webp","width":650,"height":975,"caption":"i\u00e7 kap\u0131 modeli"},{"@type":"BreadcrumbList","@id":"https:\/\/www.kapi.ltd\/sq\/urun\/model-i-deres-se-brendshme\/#breadcrumb","itemListElement":[{"@type":"ListItem","position":1,"name":"Anasayfa","item":"https:\/\/www.kapi.ltd\/sq\/"},{"@type":"ListItem","position":2,"name":"ic-kapi-celik-kapi-modelleri","item":"https:\/\/www.kapi.ltd\/?page_id=4263"},{"@type":"ListItem","position":3,"name":"Modeli i der\u00ebs s\u00eb brendshme"}]},{"@type":"WebSite","@id":"https:\/\/www.kapi.ltd\/sq\/#website","url":"https:\/\/www.kapi.ltd\/sq\/","name":"\u0130\u00e7 Kap\u0131 Ve \u00c7elik Kap\u0131 Modelleri","description":"T\u00fcrkiye Kap\u0131 Modelleri Merkezi","potentialAction":[{"@type":"SearchAction","target":{"@type":"EntryPoint","urlTemplate":"https:\/\/www.kapi.ltd\/sq\/?s={search_term_string}"},"query-input":{"@type":"PropertyValueSpecification","valueRequired":true,"valueName":"search_term_string"}}],"inLanguage":"sq"}]}},"_links":{"self":[{"href":"https:\/\/www.kapi.ltd\/sq\/wp-json\/wp\/v2\/product\/8819","targetHints":{"allow":["GET"]}}],"collection":[{"href":"https:\/\/www.kapi.ltd\/sq\/wp-json\/wp\/v2\/product"}],"about":[{"href":"https:\/\/www.kapi.ltd\/sq\/wp-json\/wp\/v2\/types\/product"}],"version-history":[{"count":2,"href":"https:\/\/www.kapi.ltd\/sq\/wp-json\/wp\/v2\/product\/8819\/revisions"}],"predecessor-version":[{"id":8842,"href":"https:\/\/www.kapi.ltd\/sq\/wp-json\/wp\/v2\/product\/8819\/revisions\/8842"}],"wp:featuredmedia":[{"embeddable":true,"href":"https:\/\/www.kapi.ltd\/sq\/wp-json\/wp\/v2\/media\/8820"}],"wp:attachment":[{"href":"https:\/\/www.kapi.ltd\/sq\/wp-json\/wp\/v2\/media?parent=8819"}],"wp:term":[{"taxonomy":"product_brand","embeddable":true,"href":"https:\/\/www.kapi.ltd\/sq\/wp-json\/wp\/v2\/product_brand?post=8819"},{"taxonomy":"product_cat","embeddable":true,"href":"https:\/\/www.kapi.ltd\/sq\/wp-json\/wp\/v2\/product_cat?post=8819"},{"taxonomy":"product_tag","embeddable":true,"href":"https:\/\/www.kapi.ltd\/sq\/wp-json\/wp\/v2\/product_tag?post=8819"}],"curies":[{"name":"wp","href":"https:\/\/api.w.org\/{rel}","templated":true}]}}