{"id":8767,"date":"2025-10-07T17:00:58","date_gmt":"2025-10-07T17:00:58","guid":{"rendered":"https:\/\/www.kapi.ltd\/urun\/membran-kapi-modelleri-3\/"},"modified":"2026-01-15T11:45:58","modified_gmt":"2026-01-15T08:45:58","slug":"modele-te-deres-se-membranes","status":"publish","type":"product","link":"https:\/\/www.kapi.ltd\/sq\/urun\/modele-te-deres-se-membranes\/","title":{"rendered":"Modele t\u00eb Der\u00ebs s\u00eb Membran\u00ebs"},"content":{"rendered":"<p>Modele t\u00eb Dyertave me Membran\u00eb: Dyert Moderne t\u00eb Dhom\u00ebs s\u00eb Gjumi dhe Dhom\u00ebs me Dyert me Membran\u00eb PVC<\/p>\n<p>Dyert z\u00ebn\u00eb nj\u00eb vend t\u00eb r\u00ebnd\u00ebsish\u00ebm n\u00eb brend\u00ebsi t\u00eb nj\u00eb sht\u00ebpie, si nga ana funksionale ashtu edhe nga ajo estetike. Modelet e dyerve me membran\u00eb, n\u00eb ve\u00e7anti, dallohen me dizajnet e tyre moderne dhe elegante. Teknologjia e dyerve me membran\u00eb PVC ofron nj\u00eb zgjedhje perfekte p\u00ebr t\u00eb gjitha llojet e hap\u00ebsirave t\u00eb brendshme me struktur\u00ebn e saj t\u00eb q\u00ebndrueshme dhe jet\u00ebgjat\u00eb. K\u00ebto dyer, ve\u00e7an\u00ebrisht n\u00eb kategorit\u00eb e dyerve t\u00eb dhomave t\u00eb gjumit dhe dhomave, jan\u00eb b\u00ebr\u00eb t\u00eb preferuarat e pronar\u00ebve t\u00eb sht\u00ebpive me pamjen e tyre elegante dhe performanc\u00ebn superiore. Sot, do t&#8217;ju ofroj informacion rreth modeleve moderne t\u00eb dyerve t\u00eb dhomave dhe dhomave t\u00eb gjumit, duke shpjeguar se si mund t\u00eb b\u00ebni nj\u00eb zgjedhje m\u00eb t\u00eb informuar p\u00ebr dyert e sht\u00ebpis\u00eb tuaj.<\/p>\n<p>Modelet e Dyertave me Membran\u00eb: Ku Takohen Estetika dhe Q\u00ebndrueshm\u00ebria<\/p>\n<p>Modelet e dyerve me membran\u00eb preferohen ve\u00e7an\u00ebrisht n\u00eb hap\u00ebsirat e brendshme ku shqet\u00ebsimet estetike jan\u00eb par\u00ebsore. K\u00ebto dyer prodhohen p\u00ebrgjith\u00ebsisht me veshje PVC (klorur polivinili) dhe k\u00ebshtu kan\u00eb veti superiore vizuale dhe fizike. Sip\u00ebrfaqja e dyerve me membran\u00eb PVC i shton vler\u00eb sht\u00ebpis\u00eb tuaj me eleganc\u00ebn dhe jet\u00ebgjat\u00ebsin\u00eb e saj t\u00eb gjat\u00eb. K\u00ebto dyer p\u00ebrshtaten me \u00e7do stil si me opsionet e ngjyrave ashtu edhe me shum\u00ebllojshm\u00ebrin\u00eb e modeleve. Kur zgjidhni nj\u00eb der\u00eb dhome gjumi, mund ta p\u00ebrmir\u00ebsoni atmosfer\u00ebn e dhom\u00ebs suaj me linja moderne, ngjyra dhe modele freskuese. N\u00eb m\u00ebnyr\u00eb t\u00eb ngjashme, dyert e dhomave ofrojn\u00eb mund\u00ebsi t\u00eb p\u00ebrshtatshme p\u00ebr lloje t\u00eb ndryshme dhomash.<\/p>\n<p>Avantazhet e Dyerve me Membran\u00eb PVC<\/p>\n<p>Avantazhi m\u00eb i madh i zgjedhjes s\u00eb dyerve me membran\u00eb PVC \u00ebsht\u00eb q\u00ebndrueshm\u00ebria e tyre. K\u00ebto dyer jan\u00eb shum\u00eb rezistente ndaj faktor\u00ebve t\u00eb jasht\u00ebm dhe ofrojn\u00eb mbrojtje t\u00eb lart\u00eb kund\u00ebr g\u00ebrvishtjeve dhe goditjeve. P\u00ebr m\u00eb tep\u00ebr, sip\u00ebrfaqet e tyre t\u00eb lehta p\u00ebr t&#8217;u pastruar minimizojn\u00eb kostot e mir\u00ebmbajtjes. N\u00eb opsionet moderne t\u00eb dyerve t\u00eb dhomave, k\u00ebto dyer n\u00eb p\u00ebrgjith\u00ebsi dallohen p\u00ebr vetit\u00eb e tyre t\u00eb izolimit t\u00eb z\u00ebrit dhe nxeht\u00ebsis\u00eb. Kjo ve\u00e7ori ofron privat\u00ebsi dhe rehati m\u00eb t\u00eb madhe, ve\u00e7an\u00ebrisht n\u00eb zonat private si dhomat e gjumit.<\/p>\n<p>Modelet e Dyerve t\u00eb Dhomave: Kombinimi i Stilit dhe Funksionalitetit<\/p>\n<p>Dyert e dhomave jan\u00eb produkte q\u00eb p\u00ebrdoren n\u00eb \u00e7do zon\u00eb t\u00eb sht\u00ebpis\u00eb dhe kan\u00eb funksione t\u00eb ndryshme. Dyert e dhomave t\u00eb prodhuara me modele dyersh me membran\u00eb ofrojn\u00eb zgjidhje si elegante ashtu edhe praktike. N\u00ebse preferoni nj\u00eb dizajn klasik apo modern, mund t&#8217;i shtoni nj\u00eb stil unik sht\u00ebpis\u00eb tuaj fal\u00eb gam\u00ebs s\u00eb gjer\u00eb t\u00eb ngjyrave dhe modeleve t\u00eb ofruara nga dyert me membran\u00eb PVC. Modelet moderne t\u00eb dyerve t\u00eb dhomave t\u00eb gjumit, me dizajnet e tyre t\u00eb thjeshta dhe elegante, jan\u00eb nj\u00eb zgjedhje e shk\u00eblqyer p\u00ebr sht\u00ebpit\u00eb ku p\u00ebrpar\u00ebsi i jepet minimalizmit.<\/p>\n<p>Gj\u00ebra q\u00eb duhen marr\u00eb n\u00eb konsiderat\u00eb kur zgjidhni nj\u00eb der\u00eb dhome gjumi<\/p>\n<p>Nj\u00eb der\u00eb dhome gjumi lejon akses n\u00eb hap\u00ebsir\u00ebn ton\u00eb personale, k\u00ebshtu q\u00eb \u00ebsht\u00eb e r\u00ebnd\u00ebsishme t\u00eb b\u00ebsh zgjedhjen e duhur. P\u00ebr t\u00eb krijuar nj\u00eb atmosfer\u00eb moderne, mund t\u00eb zgjidhni nga modelet e dyerve me membran\u00eb. Dyert me membran\u00eb PVC me stil, minimaliste dhe funksionale ju ndihmojn\u00eb t\u00eb krijoni nj\u00eb mjedis t\u00eb qet\u00eb n\u00eb dhom\u00ebn tuaj t\u00eb gjumit. P\u00ebrve\u00e7 k\u00ebsaj, dyert e pap\u00ebrshkueshme nga z\u00ebri ofrojn\u00eb privat\u00ebsi dhe rehati m\u00eb t\u00eb madhe n\u00eb dhom\u00ebn tuaj.<\/p>\n<p>P\u00ebrfundim<\/p>\n<p>Harmonia estetike dhe funksionale e dyerve n\u00eb sht\u00ebpin\u00eb tuaj ndikon drejtp\u00ebrdrejt n\u00eb atmosfer\u00ebn e p\u00ebrgjithshme t\u00eb hap\u00ebsir\u00ebs suaj t\u00eb jetes\u00ebs. Modelet e dyerve me membran\u00eb, ve\u00e7an\u00ebrisht opsionet e dyerve me membran\u00eb PVC, ofrojn\u00eb si stil ashtu edhe q\u00ebndrueshm\u00ebri. K\u00ebto dyer, duke p\u00ebrmbushur nevoja t\u00eb ndryshme, si\u00e7 jan\u00eb dyert moderne t\u00eb dhomave dhe dyert e dhomave t\u00eb gjumit, p\u00ebrshtaten me \u00e7do stil sht\u00ebpie. Dyert e dhomave, me p\u00ebrdorimin e tyre praktik dhe jet\u00ebgjat\u00ebsin\u00eb e gjat\u00eb, jan\u00eb t\u00eb domosdoshme p\u00ebr pronar\u00ebt e sht\u00ebpive. Zgjedhja e der\u00ebs s\u00eb duhur \u00ebsht\u00eb thelb\u00ebsore p\u00ebr nj\u00eb ambient t\u00eb brendsh\u00ebm me cil\u00ebsi t\u00eb lart\u00eb dhe elegant.<\/p>\n<p>&nbsp;<\/p>\n","protected":false},"excerpt":{"rendered":"<p>Modele t\u00eb Dyertave me Membran\u00eb: Dyert Moderne t\u00eb Dhom\u00ebs s\u00eb Gjumi dhe Dhom\u00ebs me Dyert me Membran\u00eb PVC Dyert z\u00ebn\u00eb nj\u00eb vend t\u00eb r\u00ebnd\u00ebsish\u00ebm n\u00eb brend\u00ebsi t\u00eb nj\u00eb sht\u00ebpie, si nga ana funksionale ashtu edhe nga ajo estetike. Modelet e dyerve me membran\u00eb, n\u00eb ve\u00e7anti, dallohen me dizajnet e tyre moderne dhe elegante. Teknologjia e<\/p>\n","protected":false},"featured_media":8724,"template":"","meta":{"_bbp_topic_count":0,"_bbp_reply_count":0,"_bbp_total_topic_count":0,"_bbp_total_reply_count":0,"_bbp_voice_count":0,"_bbp_anonymous_reply_count":0,"_bbp_topic_count_hidden":0,"_bbp_reply_count_hidden":0,"_bbp_forum_subforum_count":0},"product_brand":[],"product_cat":[897],"product_tag":[],"class_list":{"0":"post-8767","1":"product","2":"type-product","3":"status-publish","4":"has-post-thumbnail","6":"product_cat-dere-membrane","8":"first","9":"instock","10":"shipping-taxable","11":"product-type-simple","12":"prodpage-classic"},"yoast_head":"<!-- This site is optimized with the Yoast SEO Premium plugin v26.6 (Yoast SEO v27.4) - https:\/\/yoast.com\/product\/yoast-seo-premium-wordpress\/ -->\n<title>Modele t\u00eb Der\u00ebs s\u00eb Membran\u00ebs - Der\u00eb me membran\u00eb PVC, Dhom\u00eb gjumi<\/title>\n<meta name=\"description\" content=\"Modelet e dyerve me membran\u00eb, me dizajnin e tyre t\u00eb thjesht\u00eb dhe q\u00ebndrueshm\u00ebrin\u00eb, plot\u00ebsojn\u00eb n\u00eb m\u00ebnyr\u00eb t\u00eb p\u00ebrkryer ambientet moderne t\u00eb brendshme. Ideale p\u00ebr ata q\u00eb k\u00ebrkojn\u00eb nj\u00eb zgjidhje afatgjat\u00eb dhe me stil.\" \/>\n<meta name=\"robots\" content=\"index, follow, max-snippet:-1, max-image-preview:large, max-video-preview:-1\" \/>\n<link rel=\"canonical\" href=\"https:\/\/www.kapi.ltd\/sq\/urun\/modele-te-deres-se-membranes\/\" \/>\n<meta property=\"og:locale\" content=\"sq_AL\" \/>\n<meta property=\"og:type\" content=\"article\" \/>\n<meta property=\"og:title\" content=\"Modele t\u00eb Der\u00ebs s\u00eb Membran\u00ebs\" \/>\n<meta property=\"og:description\" content=\"Modelet e dyerve me membran\u00eb, me dizajnin e tyre t\u00eb thjesht\u00eb dhe q\u00ebndrueshm\u00ebrin\u00eb, plot\u00ebsojn\u00eb n\u00eb m\u00ebnyr\u00eb t\u00eb p\u00ebrkryer ambientet moderne t\u00eb brendshme. Ideale p\u00ebr ata q\u00eb k\u00ebrkojn\u00eb nj\u00eb zgjidhje afatgjat\u00eb dhe me stil.\" \/>\n<meta property=\"og:url\" content=\"https:\/\/www.kapi.ltd\/sq\/urun\/modele-te-deres-se-membranes\/\" \/>\n<meta property=\"og:site_name\" content=\"\u0130\u00e7 Oda Kap\u0131lar\u0131 - \u00c7elik kap\u0131 modelleri - apartman kap\u0131lar\u0131\" \/>\n<meta property=\"article:modified_time\" content=\"2026-01-15T08:45:58+00:00\" \/>\n<meta property=\"og:image\" content=\"https:\/\/www.kapi.ltd\/wp-content\/uploads\/2025\/10\/membran-kapi-modelleri-1.webp\" \/>\n\t<meta property=\"og:image:width\" content=\"650\" \/>\n\t<meta property=\"og:image:height\" content=\"975\" \/>\n\t<meta property=\"og:image:type\" content=\"image\/webp\" \/>\n<meta name=\"twitter:card\" content=\"summary_large_image\" \/>\n<meta name=\"twitter:label1\" content=\"Est. reading time\" \/>\n\t<meta name=\"twitter:data1\" content=\"5 minuta\" \/>\n<script type=\"application\/ld+json\" class=\"yoast-schema-graph\">{\"@context\":\"https:\\\/\\\/schema.org\",\"@graph\":[{\"@type\":\"WebPage\",\"@id\":\"https:\\\/\\\/www.kapi.ltd\\\/sq\\\/urun\\\/modele-te-deres-se-membranes\\\/\",\"url\":\"https:\\\/\\\/www.kapi.ltd\\\/sq\\\/urun\\\/modele-te-deres-se-membranes\\\/\",\"name\":\"Modele t\u00eb Der\u00ebs s\u00eb Membran\u00ebs - Der\u00eb me membran\u00eb PVC, Dhom\u00eb gjumi\",\"isPartOf\":{\"@id\":\"https:\\\/\\\/www.kapi.ltd\\\/sq\\\/#website\"},\"primaryImageOfPage\":{\"@id\":\"https:\\\/\\\/www.kapi.ltd\\\/sq\\\/urun\\\/modele-te-deres-se-membranes\\\/#primaryimage\"},\"image\":{\"@id\":\"https:\\\/\\\/www.kapi.ltd\\\/sq\\\/urun\\\/modele-te-deres-se-membranes\\\/#primaryimage\"},\"thumbnailUrl\":\"https:\\\/\\\/www.kapi.ltd\\\/wp-content\\\/uploads\\\/2025\\\/10\\\/membran-kapi-modelleri-1.webp\",\"datePublished\":\"2025-10-07T17:00:58+00:00\",\"dateModified\":\"2026-01-15T08:45:58+00:00\",\"description\":\"Modelet e dyerve me membran\u00eb, me dizajnin e tyre t\u00eb thjesht\u00eb dhe q\u00ebndrueshm\u00ebrin\u00eb, plot\u00ebsojn\u00eb n\u00eb m\u00ebnyr\u00eb t\u00eb p\u00ebrkryer ambientet moderne t\u00eb brendshme. Ideale p\u00ebr ata q\u00eb k\u00ebrkojn\u00eb nj\u00eb zgjidhje afatgjat\u00eb dhe me stil.\",\"breadcrumb\":{\"@id\":\"https:\\\/\\\/www.kapi.ltd\\\/sq\\\/urun\\\/modele-te-deres-se-membranes\\\/#breadcrumb\"},\"inLanguage\":\"sq\",\"potentialAction\":[{\"@type\":\"ReadAction\",\"target\":[\"https:\\\/\\\/www.kapi.ltd\\\/sq\\\/urun\\\/modele-te-deres-se-membranes\\\/\"]}]},{\"@type\":\"ImageObject\",\"inLanguage\":\"sq\",\"@id\":\"https:\\\/\\\/www.kapi.ltd\\\/sq\\\/urun\\\/modele-te-deres-se-membranes\\\/#primaryimage\",\"url\":\"https:\\\/\\\/www.kapi.ltd\\\/wp-content\\\/uploads\\\/2025\\\/10\\\/membran-kapi-modelleri-1.webp\",\"contentUrl\":\"https:\\\/\\\/www.kapi.ltd\\\/wp-content\\\/uploads\\\/2025\\\/10\\\/membran-kapi-modelleri-1.webp\",\"width\":650,\"height\":975,\"caption\":\"membran kap\u0131 modelleri\"},{\"@type\":\"BreadcrumbList\",\"@id\":\"https:\\\/\\\/www.kapi.ltd\\\/sq\\\/urun\\\/modele-te-deres-se-membranes\\\/#breadcrumb\",\"itemListElement\":[{\"@type\":\"ListItem\",\"position\":1,\"name\":\"Anasayfa\",\"item\":\"https:\\\/\\\/www.kapi.ltd\\\/sq\\\/\"},{\"@type\":\"ListItem\",\"position\":2,\"name\":\"ic-kapi-celik-kapi-modelleri\",\"item\":\"https:\\\/\\\/www.kapi.ltd\\\/?page_id=4263\"},{\"@type\":\"ListItem\",\"position\":3,\"name\":\"Modele t\u00eb Der\u00ebs s\u00eb Membran\u00ebs\"}]},{\"@type\":\"WebSite\",\"@id\":\"https:\\\/\\\/www.kapi.ltd\\\/sq\\\/#website\",\"url\":\"https:\\\/\\\/www.kapi.ltd\\\/sq\\\/\",\"name\":\"\u0130\u00e7 Kap\u0131 Ve \u00c7elik Kap\u0131 Modelleri\",\"description\":\"T\u00fcrkiye Kap\u0131 Modelleri Merkezi\",\"potentialAction\":[{\"@type\":\"SearchAction\",\"target\":{\"@type\":\"EntryPoint\",\"urlTemplate\":\"https:\\\/\\\/www.kapi.ltd\\\/sq\\\/?s={search_term_string}\"},\"query-input\":{\"@type\":\"PropertyValueSpecification\",\"valueRequired\":true,\"valueName\":\"search_term_string\"}}],\"inLanguage\":\"sq\"}]}<\/script>\n<!-- \/ Yoast SEO Premium plugin. -->","yoast_head_json":{"title":"Modele t\u00eb Der\u00ebs s\u00eb Membran\u00ebs - Der\u00eb me membran\u00eb PVC, Dhom\u00eb gjumi","description":"Modelet e dyerve me membran\u00eb, me dizajnin e tyre t\u00eb thjesht\u00eb dhe q\u00ebndrueshm\u00ebrin\u00eb, plot\u00ebsojn\u00eb n\u00eb m\u00ebnyr\u00eb t\u00eb p\u00ebrkryer ambientet moderne t\u00eb brendshme. Ideale p\u00ebr ata q\u00eb k\u00ebrkojn\u00eb nj\u00eb zgjidhje afatgjat\u00eb dhe me stil.","robots":{"index":"index","follow":"follow","max-snippet":"max-snippet:-1","max-image-preview":"max-image-preview:large","max-video-preview":"max-video-preview:-1"},"canonical":"https:\/\/www.kapi.ltd\/sq\/urun\/modele-te-deres-se-membranes\/","og_locale":"sq_AL","og_type":"article","og_title":"Modele t\u00eb Der\u00ebs s\u00eb Membran\u00ebs","og_description":"Modelet e dyerve me membran\u00eb, me dizajnin e tyre t\u00eb thjesht\u00eb dhe q\u00ebndrueshm\u00ebrin\u00eb, plot\u00ebsojn\u00eb n\u00eb m\u00ebnyr\u00eb t\u00eb p\u00ebrkryer ambientet moderne t\u00eb brendshme. Ideale p\u00ebr ata q\u00eb k\u00ebrkojn\u00eb nj\u00eb zgjidhje afatgjat\u00eb dhe me stil.","og_url":"https:\/\/www.kapi.ltd\/sq\/urun\/modele-te-deres-se-membranes\/","og_site_name":"\u0130\u00e7 Oda Kap\u0131lar\u0131 - \u00c7elik kap\u0131 modelleri - apartman kap\u0131lar\u0131","article_modified_time":"2026-01-15T08:45:58+00:00","og_image":[{"width":650,"height":975,"url":"https:\/\/www.kapi.ltd\/wp-content\/uploads\/2025\/10\/membran-kapi-modelleri-1.webp","type":"image\/webp"}],"twitter_card":"summary_large_image","twitter_misc":{"Est. reading time":"5 minuta"},"schema":{"@context":"https:\/\/schema.org","@graph":[{"@type":"WebPage","@id":"https:\/\/www.kapi.ltd\/sq\/urun\/modele-te-deres-se-membranes\/","url":"https:\/\/www.kapi.ltd\/sq\/urun\/modele-te-deres-se-membranes\/","name":"Modele t\u00eb Der\u00ebs s\u00eb Membran\u00ebs - Der\u00eb me membran\u00eb PVC, Dhom\u00eb gjumi","isPartOf":{"@id":"https:\/\/www.kapi.ltd\/sq\/#website"},"primaryImageOfPage":{"@id":"https:\/\/www.kapi.ltd\/sq\/urun\/modele-te-deres-se-membranes\/#primaryimage"},"image":{"@id":"https:\/\/www.kapi.ltd\/sq\/urun\/modele-te-deres-se-membranes\/#primaryimage"},"thumbnailUrl":"https:\/\/www.kapi.ltd\/wp-content\/uploads\/2025\/10\/membran-kapi-modelleri-1.webp","datePublished":"2025-10-07T17:00:58+00:00","dateModified":"2026-01-15T08:45:58+00:00","description":"Modelet e dyerve me membran\u00eb, me dizajnin e tyre t\u00eb thjesht\u00eb dhe q\u00ebndrueshm\u00ebrin\u00eb, plot\u00ebsojn\u00eb n\u00eb m\u00ebnyr\u00eb t\u00eb p\u00ebrkryer ambientet moderne t\u00eb brendshme. Ideale p\u00ebr ata q\u00eb k\u00ebrkojn\u00eb nj\u00eb zgjidhje afatgjat\u00eb dhe me stil.","breadcrumb":{"@id":"https:\/\/www.kapi.ltd\/sq\/urun\/modele-te-deres-se-membranes\/#breadcrumb"},"inLanguage":"sq","potentialAction":[{"@type":"ReadAction","target":["https:\/\/www.kapi.ltd\/sq\/urun\/modele-te-deres-se-membranes\/"]}]},{"@type":"ImageObject","inLanguage":"sq","@id":"https:\/\/www.kapi.ltd\/sq\/urun\/modele-te-deres-se-membranes\/#primaryimage","url":"https:\/\/www.kapi.ltd\/wp-content\/uploads\/2025\/10\/membran-kapi-modelleri-1.webp","contentUrl":"https:\/\/www.kapi.ltd\/wp-content\/uploads\/2025\/10\/membran-kapi-modelleri-1.webp","width":650,"height":975,"caption":"membran kap\u0131 modelleri"},{"@type":"BreadcrumbList","@id":"https:\/\/www.kapi.ltd\/sq\/urun\/modele-te-deres-se-membranes\/#breadcrumb","itemListElement":[{"@type":"ListItem","position":1,"name":"Anasayfa","item":"https:\/\/www.kapi.ltd\/sq\/"},{"@type":"ListItem","position":2,"name":"ic-kapi-celik-kapi-modelleri","item":"https:\/\/www.kapi.ltd\/?page_id=4263"},{"@type":"ListItem","position":3,"name":"Modele t\u00eb Der\u00ebs s\u00eb Membran\u00ebs"}]},{"@type":"WebSite","@id":"https:\/\/www.kapi.ltd\/sq\/#website","url":"https:\/\/www.kapi.ltd\/sq\/","name":"\u0130\u00e7 Kap\u0131 Ve \u00c7elik Kap\u0131 Modelleri","description":"T\u00fcrkiye Kap\u0131 Modelleri Merkezi","potentialAction":[{"@type":"SearchAction","target":{"@type":"EntryPoint","urlTemplate":"https:\/\/www.kapi.ltd\/sq\/?s={search_term_string}"},"query-input":{"@type":"PropertyValueSpecification","valueRequired":true,"valueName":"search_term_string"}}],"inLanguage":"sq"}]}},"_links":{"self":[{"href":"https:\/\/www.kapi.ltd\/sq\/wp-json\/wp\/v2\/product\/8767","targetHints":{"allow":["GET"]}}],"collection":[{"href":"https:\/\/www.kapi.ltd\/sq\/wp-json\/wp\/v2\/product"}],"about":[{"href":"https:\/\/www.kapi.ltd\/sq\/wp-json\/wp\/v2\/types\/product"}],"version-history":[{"count":2,"href":"https:\/\/www.kapi.ltd\/sq\/wp-json\/wp\/v2\/product\/8767\/revisions"}],"predecessor-version":[{"id":8783,"href":"https:\/\/www.kapi.ltd\/sq\/wp-json\/wp\/v2\/product\/8767\/revisions\/8783"}],"wp:featuredmedia":[{"embeddable":true,"href":"https:\/\/www.kapi.ltd\/sq\/wp-json\/wp\/v2\/media\/8724"}],"wp:attachment":[{"href":"https:\/\/www.kapi.ltd\/sq\/wp-json\/wp\/v2\/media?parent=8767"}],"wp:term":[{"taxonomy":"product_brand","embeddable":true,"href":"https:\/\/www.kapi.ltd\/sq\/wp-json\/wp\/v2\/product_brand?post=8767"},{"taxonomy":"product_cat","embeddable":true,"href":"https:\/\/www.kapi.ltd\/sq\/wp-json\/wp\/v2\/product_cat?post=8767"},{"taxonomy":"product_tag","embeddable":true,"href":"https:\/\/www.kapi.ltd\/sq\/wp-json\/wp\/v2\/product_tag?post=8767"}],"curies":[{"name":"wp","href":"https:\/\/api.w.org\/{rel}","templated":true}]}}