{"id":8628,"date":"2025-11-29T13:06:16","date_gmt":"2025-11-29T10:06:16","guid":{"rendered":"https:\/\/www.kapi.ltd\/urun\/iki-kanatli-yangin-kapisi\/"},"modified":"2026-02-18T18:04:09","modified_gmt":"2026-02-18T15:04:09","slug":"dere-daljeje-nga-zjarri","status":"publish","type":"product","link":"https:\/\/www.kapi.ltd\/sq\/urun\/dere-daljeje-nga-zjarri\/","title":{"rendered":"Der\u00eb kund\u00ebr zjarrit me dy flet\u00eb"},"content":{"rendered":"<p>Dyert Kund\u00ebr Zjarrit: Nj\u00eb Element i Domosdosh\u00ebm i Nd\u00ebrtesave t\u00eb Sigurta<\/p>\n<p>Dyert kund\u00ebr zjarrit jan\u00eb nj\u00eb nga element\u00ebt m\u00eb kritik\u00eb t\u00eb siguris\u00eb n\u00eb nj\u00eb nd\u00ebrtes\u00eb, duke siguruar evakuimin e sigurt t\u00eb njer\u00ebzve n\u00eb rast zjarri. T\u00eb prodhuara me materiale rezistente ndaj nxeht\u00ebsis\u00eb s\u00eb lart\u00eb, dyert kund\u00ebr zjarrit parandalojn\u00eb p\u00ebrhapjen e zjarrit n\u00eb zona t\u00eb tjera, duke kursyer koh\u00eb t\u00eb \u00e7muar. Nj\u00eb der\u00eb zjarri e projektuar si\u00e7 duhet rrit ndjesh\u00ebm nivelin e siguris\u00eb s\u00eb nj\u00eb nd\u00ebrtese. T\u00eb prodhuara n\u00eb p\u00ebrputhje me rregulloret e zjarrit, k\u00ebto dyer parandalojn\u00eb kalimin e tymit dhe flak\u00ebve n\u00eb nj\u00eb emergjenc\u00eb t\u00eb mundshme, duke kontribuar shum\u00eb n\u00eb evakuimin e njer\u00ebzve.<\/p>\n<p>Llojet e dyerve kund\u00ebr zjarrit p\u00ebrfshijn\u00eb dyert kund\u00ebr zjarrit me dy flet\u00eb, dyert kund\u00ebr zjarrit me xham dhe menteshat e dyerve kund\u00ebr zjarrit, t\u00eb cilat ndikojn\u00eb drejtp\u00ebrdrejt n\u00eb performanc\u00ebn e der\u00ebs. Secila ofron avantazhe t\u00eb ndryshme n\u00eb var\u00ebsi t\u00eb vendit t\u00eb p\u00ebrdorimit, dend\u00ebsis\u00eb s\u00eb nd\u00ebrtes\u00ebs dhe nevojave t\u00eb siguris\u00eb. Ju mund t&#8217;i shqyrtoni k\u00ebto grupe produktesh n\u00eb m\u00eb shum\u00eb detaje n\u00ebn titujt e m\u00ebposht\u00ebm:<\/p>\n<p>Dyer Kund\u00ebr Zjarrit me Dy Flet\u00eb<\/p>\n<p>Dyert kund\u00ebr zjarrit me dy flet\u00eb jan\u00eb nj\u00eb model i preferuar i dyerve kund\u00ebr zjarrit, ve\u00e7an\u00ebrisht n\u00eb nd\u00ebrtesa me kalime t\u00eb gjera ose n\u00eb zona me trafik t\u00eb lart\u00eb k\u00ebmb\u00ebsor\u00ebsh. Ato ofrojn\u00eb komoditet t\u00eb madh n\u00eb zona t\u00eb tilla si qendrat tregtare, spitalet, hotelet, fabrikat dhe depot. Struktura e saj me hapje t\u00eb gjer\u00eb lejon kalimin e leht\u00eb t\u00eb turmave gjat\u00eb evakuimit.<\/p>\n<p>K\u00ebto dyer prodhohen p\u00ebrgjith\u00ebsisht me opsione rezistence ndaj zjarrit 120-minut\u00ebshe ose 180-minut\u00ebshe. Kur mbyllet gjat\u00eb nj\u00eb zjarri, ajo izolon n\u00eb m\u00ebnyr\u00eb t\u00eb sigurt zon\u00ebn. Sisteme speciale p\u00ebrdoren p\u00ebr funksionimin e nj\u00ebkohsh\u00ebm t\u00eb der\u00ebs me dy flet\u00eb. P\u00ebrve\u00e7 k\u00ebsaj, ekzistojn\u00eb mekanizma balancimi t\u00eb flet\u00ebve q\u00eb sigurojn\u00eb q\u00eb flet\u00ebt e der\u00ebs t\u00eb mbyllen n\u00eb harmoni.<\/p>\n<p>Pavar\u00ebsisht struktur\u00ebs s\u00eb saj t\u00eb r\u00ebnd\u00eb dhe t\u00eb gjer\u00eb, dera e zjarrit me dy flet\u00eb, e prodhuar nga materiale \u00e7eliku q\u00eb nuk deformohen n\u00ebn nxeht\u00ebsi t\u00eb lart\u00eb, ofron vite p\u00ebrdorimi pa probleme. Si\u00e7 k\u00ebrkohet nga rregulloret, ajo \u00ebsht\u00eb projektuar t\u00eb hapet n\u00eb drejtim t\u00eb daljeve t\u00eb emergjenc\u00ebs dhe zakonisht p\u00ebrdor nj\u00eb sistem shufrash paniku. Kjo lejon hapjen e shpejt\u00eb dhe t\u00eb leht\u00eb t\u00eb der\u00ebs n\u00eb rast t\u00eb nj\u00eb situate t\u00eb mundshme kaotike.<\/p>\n<p>Der\u00eb Zjarri prej Qelqi<\/p>\n<p>Dyert e zjarrit prej qelqi jan\u00eb nj\u00eb model i ve\u00e7ant\u00eb dere q\u00eb p\u00ebrmbush pritjet si t\u00eb siguris\u00eb ashtu edhe t\u00eb estetik\u00ebs. Nd\u00ebrsa shton eleganc\u00eb n\u00eb brend\u00ebsi, ajo gjithashtu ofron nj\u00eb nivel t\u00eb lart\u00eb sigurie fal\u00eb xhamit rezistent ndaj zjarrit. Qelqi i p\u00ebrdorur \u00ebsht\u00eb qelq zjarri i temperuar dhe i laminuar i prodhuar posa\u00e7\u00ebrisht, rezistent ndaj nxeht\u00ebsis\u00eb. Ky qelq ruan funksionin e tij mbrojt\u00ebs pa u plasaritur ose thyer n\u00ebn temperatura t\u00eb larta.<br \/>\nDyert kund\u00ebr zjarrit me xham preferohen zakonisht n\u00eb hotele, zyra, qendra tregtare dhe nd\u00ebrtesa me arkitektur\u00eb moderne. Ato i japin hap\u00ebsir\u00ebs nj\u00eb ndjesi m\u00eb t\u00eb gjer\u00eb dhe ndihmojn\u00eb n\u00eb procesin e evakuimit, pasi tymi ose zjarri brenda mund t\u00eb shihet nga jasht\u00eb gjat\u00eb nj\u00eb zjarri.<\/p>\n<p>P\u00ebr m\u00eb tep\u00ebr, dyert kund\u00ebr zjarrit me xham mund t\u00eb ofrojn\u00eb shkall\u00eb t\u00eb ndryshme t\u00eb rezistenc\u00ebs ndaj nxeht\u00ebsis\u00eb n\u00eb p\u00ebrputhje me rregulloret. Korniza dhe materiale izoluese speciale p\u00ebrdoren n\u00eb zonat ku ndodhet xhami. T\u00eb p\u00ebrdorura si p\u00ebr q\u00ebllime dekorative ashtu edhe p\u00ebr sigurie, k\u00ebto dyer mund t\u00eb ofrojn\u00eb t\u00eb nj\u00ebjtin nivel mbrojtjeje si modelet e tjera t\u00eb dyerve kund\u00ebr zjarrit.<\/p>\n<p>Mentesha e Der\u00ebs s\u00eb Zjarrit<\/p>\n<p>Mentesha e der\u00ebs s\u00eb zjarrit \u00ebsht\u00eb nj\u00eb nga element\u00ebt m\u00eb t\u00eb r\u00ebnd\u00ebsish\u00ebm q\u00eb p\u00ebrcakton performanc\u00ebn e nj\u00eb dere zjarri. Edhe pse i ngjan nj\u00eb menteshe standarde dere, ajo prodhohet pasi kalon testet e rezistenc\u00ebs ndaj zjarrit. Aft\u00ebsia e der\u00ebs p\u00ebr t\u00eb ruajtur form\u00ebn e saj dhe p\u00ebr t\u00eb vazhduar mbylljen n\u00ebn temperatura t\u00eb larta varet nga cil\u00ebsia e mentesh\u00ebs s\u00eb p\u00ebrdorur.<\/p>\n<p>Menteshat e der\u00ebs s\u00eb zjarrit prodhohen t\u00eb jen\u00eb mjaftuesh\u00ebm t\u00eb forta p\u00ebr t\u00eb mb\u00ebshtetur pesh\u00ebn e der\u00ebs. Menteshat e p\u00ebrdorura n\u00eb dyert me dy flet\u00eb ose dyert e r\u00ebnda prej \u00e7eliku jan\u00eb t\u00eb dizajnuara p\u00ebr t\u00eb parandaluar r\u00ebnien ose varjen e der\u00ebs gjat\u00eb nj\u00eb zjarri. Kjo siguron q\u00eb dera t\u00eb mbyllet plot\u00ebsisht p\u00ebr t\u00eb parandaluar kalimin e tymit.<\/p>\n<p>P\u00ebrve\u00e7 k\u00ebsaj, modelet e menteshave me sust\u00eb mb\u00ebshtesin mbylljen automatike t\u00eb der\u00ebs n\u00ebse ajo lihet e hapur. Meqen\u00ebse mbajtja e der\u00ebs e mbyllur \u00ebsht\u00eb thelb\u00ebsore n\u00eb rast zjarri, k\u00ebto mentesha rrisin ndjesh\u00ebm sigurin\u00eb.<\/p>\n","protected":false},"excerpt":{"rendered":"<p>Dyert Kund\u00ebr Zjarrit: Nj\u00eb Element i Domosdosh\u00ebm i Nd\u00ebrtesave t\u00eb Sigurta Dyert kund\u00ebr zjarrit jan\u00eb nj\u00eb nga element\u00ebt m\u00eb kritik\u00eb t\u00eb siguris\u00eb n\u00eb nj\u00eb nd\u00ebrtes\u00eb, duke siguruar evakuimin e sigurt t\u00eb njer\u00ebzve n\u00eb rast zjarri. T\u00eb prodhuara me materiale rezistente ndaj nxeht\u00ebsis\u00eb s\u00eb lart\u00eb, dyert kund\u00ebr zjarrit parandalojn\u00eb p\u00ebrhapjen e zjarrit n\u00eb zona t\u00eb tjera,<\/p>\n","protected":false},"featured_media":8629,"template":"","meta":{"_bbp_topic_count":0,"_bbp_reply_count":0,"_bbp_total_topic_count":0,"_bbp_total_reply_count":0,"_bbp_voice_count":0,"_bbp_anonymous_reply_count":0,"_bbp_topic_count_hidden":0,"_bbp_reply_count_hidden":0,"_bbp_forum_subforum_count":0},"product_brand":[],"product_cat":[899],"product_tag":[1192],"class_list":{"0":"post-8628","1":"product","2":"type-product","3":"status-publish","4":"has-post-thumbnail","6":"product_cat-dyert-e-zjarrit","7":"product_tag-iki-kanatli-yangin-kapisi","9":"first","10":"instock","11":"shipping-taxable","12":"product-type-simple","13":"prodpage-classic"},"yoast_head":"<!-- This site is optimized with the Yoast SEO Premium plugin v26.6 (Yoast SEO v27.4) - https:\/\/yoast.com\/product\/yoast-seo-premium-wordpress\/ -->\n<title>Der\u00eb zjarri prej qelqi- Der\u00eb Daljeje nga Zjarri<\/title>\n<meta name=\"description\" content=\"M\u00ebsoni rreth karakteristikave t\u00eb dyerve kund\u00ebr zjarrit me dy flet\u00eb, dyerve kund\u00ebr zjarrit me xham dhe menteshave t\u00eb dyerve kund\u00ebr zjarrit p\u00ebr t\u00eb b\u00ebr\u00eb nj\u00eb p\u00ebrzgjedhje t\u00eb sigurt dhe n\u00eb p\u00ebrputhje me rregulloret.\" \/>\n<meta name=\"robots\" content=\"index, follow, max-snippet:-1, max-image-preview:large, max-video-preview:-1\" \/>\n<link rel=\"canonical\" href=\"https:\/\/www.kapi.ltd\/sq\/urun\/dere-daljeje-nga-zjarri\/\" \/>\n<meta property=\"og:locale\" content=\"sq_AL\" \/>\n<meta property=\"og:type\" content=\"article\" \/>\n<meta property=\"og:title\" content=\"Der\u00eb kund\u00ebr zjarrit me dy flet\u00eb\" \/>\n<meta property=\"og:description\" content=\"M\u00ebsoni rreth karakteristikave t\u00eb dyerve kund\u00ebr zjarrit me dy flet\u00eb, dyerve kund\u00ebr zjarrit me xham dhe menteshave t\u00eb dyerve kund\u00ebr zjarrit p\u00ebr t\u00eb b\u00ebr\u00eb nj\u00eb p\u00ebrzgjedhje t\u00eb sigurt dhe n\u00eb p\u00ebrputhje me rregulloret.\" \/>\n<meta property=\"og:url\" content=\"https:\/\/www.kapi.ltd\/sq\/urun\/dere-daljeje-nga-zjarri\/\" \/>\n<meta property=\"og:site_name\" content=\"\u0130\u00e7 Oda Kap\u0131lar\u0131 - \u00c7elik kap\u0131 modelleri - apartman kap\u0131lar\u0131\" \/>\n<meta property=\"article:modified_time\" content=\"2026-02-18T15:04:09+00:00\" \/>\n<meta property=\"og:image\" content=\"https:\/\/www.kapi.ltd\/wp-content\/uploads\/2025\/11\/cift-kanatli-yangin-kapisi-2.webp\" \/>\n\t<meta property=\"og:image:width\" content=\"650\" \/>\n\t<meta property=\"og:image:height\" content=\"975\" \/>\n\t<meta property=\"og:image:type\" content=\"image\/webp\" \/>\n<meta name=\"twitter:card\" content=\"summary_large_image\" \/>\n<meta name=\"twitter:label1\" content=\"Est. reading time\" \/>\n\t<meta name=\"twitter:data1\" content=\"5 minuta\" \/>\n<script type=\"application\/ld+json\" class=\"yoast-schema-graph\">{\"@context\":\"https:\\\/\\\/schema.org\",\"@graph\":[{\"@type\":\"WebPage\",\"@id\":\"https:\\\/\\\/www.kapi.ltd\\\/sq\\\/urun\\\/dere-daljeje-nga-zjarri\\\/\",\"url\":\"https:\\\/\\\/www.kapi.ltd\\\/sq\\\/urun\\\/dere-daljeje-nga-zjarri\\\/\",\"name\":\"Der\u00eb zjarri prej qelqi- Der\u00eb Daljeje nga Zjarri\",\"isPartOf\":{\"@id\":\"https:\\\/\\\/www.kapi.ltd\\\/sq\\\/#website\"},\"primaryImageOfPage\":{\"@id\":\"https:\\\/\\\/www.kapi.ltd\\\/sq\\\/urun\\\/dere-daljeje-nga-zjarri\\\/#primaryimage\"},\"image\":{\"@id\":\"https:\\\/\\\/www.kapi.ltd\\\/sq\\\/urun\\\/dere-daljeje-nga-zjarri\\\/#primaryimage\"},\"thumbnailUrl\":\"https:\\\/\\\/www.kapi.ltd\\\/wp-content\\\/uploads\\\/2025\\\/11\\\/cift-kanatli-yangin-kapisi-2.webp\",\"datePublished\":\"2025-11-29T10:06:16+00:00\",\"dateModified\":\"2026-02-18T15:04:09+00:00\",\"description\":\"M\u00ebsoni rreth karakteristikave t\u00eb dyerve kund\u00ebr zjarrit me dy flet\u00eb, dyerve kund\u00ebr zjarrit me xham dhe menteshave t\u00eb dyerve kund\u00ebr zjarrit p\u00ebr t\u00eb b\u00ebr\u00eb nj\u00eb p\u00ebrzgjedhje t\u00eb sigurt dhe n\u00eb p\u00ebrputhje me rregulloret.\",\"breadcrumb\":{\"@id\":\"https:\\\/\\\/www.kapi.ltd\\\/sq\\\/urun\\\/dere-daljeje-nga-zjarri\\\/#breadcrumb\"},\"inLanguage\":\"sq\",\"potentialAction\":[{\"@type\":\"ReadAction\",\"target\":[\"https:\\\/\\\/www.kapi.ltd\\\/sq\\\/urun\\\/dere-daljeje-nga-zjarri\\\/\"]}]},{\"@type\":\"ImageObject\",\"inLanguage\":\"sq\",\"@id\":\"https:\\\/\\\/www.kapi.ltd\\\/sq\\\/urun\\\/dere-daljeje-nga-zjarri\\\/#primaryimage\",\"url\":\"https:\\\/\\\/www.kapi.ltd\\\/wp-content\\\/uploads\\\/2025\\\/11\\\/cift-kanatli-yangin-kapisi-2.webp\",\"contentUrl\":\"https:\\\/\\\/www.kapi.ltd\\\/wp-content\\\/uploads\\\/2025\\\/11\\\/cift-kanatli-yangin-kapisi-2.webp\",\"width\":650,\"height\":975,\"caption\":\"\u00e7ift kanatl\u0131 yang\u0131n kap\u0131s\u0131\"},{\"@type\":\"BreadcrumbList\",\"@id\":\"https:\\\/\\\/www.kapi.ltd\\\/sq\\\/urun\\\/dere-daljeje-nga-zjarri\\\/#breadcrumb\",\"itemListElement\":[{\"@type\":\"ListItem\",\"position\":1,\"name\":\"Anasayfa\",\"item\":\"https:\\\/\\\/www.kapi.ltd\\\/sq\\\/\"},{\"@type\":\"ListItem\",\"position\":2,\"name\":\"ic-kapi-celik-kapi-modelleri\",\"item\":\"https:\\\/\\\/www.kapi.ltd\\\/?page_id=4263\"},{\"@type\":\"ListItem\",\"position\":3,\"name\":\"Der\u00eb kund\u00ebr zjarrit me dy flet\u00eb\"}]},{\"@type\":\"WebSite\",\"@id\":\"https:\\\/\\\/www.kapi.ltd\\\/sq\\\/#website\",\"url\":\"https:\\\/\\\/www.kapi.ltd\\\/sq\\\/\",\"name\":\"\u0130\u00e7 Kap\u0131 Ve \u00c7elik Kap\u0131 Modelleri\",\"description\":\"T\u00fcrkiye Kap\u0131 Modelleri Merkezi\",\"potentialAction\":[{\"@type\":\"SearchAction\",\"target\":{\"@type\":\"EntryPoint\",\"urlTemplate\":\"https:\\\/\\\/www.kapi.ltd\\\/sq\\\/?s={search_term_string}\"},\"query-input\":{\"@type\":\"PropertyValueSpecification\",\"valueRequired\":true,\"valueName\":\"search_term_string\"}}],\"inLanguage\":\"sq\"}]}<\/script>\n<!-- \/ Yoast SEO Premium plugin. -->","yoast_head_json":{"title":"Der\u00eb zjarri prej qelqi- Der\u00eb Daljeje nga Zjarri","description":"M\u00ebsoni rreth karakteristikave t\u00eb dyerve kund\u00ebr zjarrit me dy flet\u00eb, dyerve kund\u00ebr zjarrit me xham dhe menteshave t\u00eb dyerve kund\u00ebr zjarrit p\u00ebr t\u00eb b\u00ebr\u00eb nj\u00eb p\u00ebrzgjedhje t\u00eb sigurt dhe n\u00eb p\u00ebrputhje me rregulloret.","robots":{"index":"index","follow":"follow","max-snippet":"max-snippet:-1","max-image-preview":"max-image-preview:large","max-video-preview":"max-video-preview:-1"},"canonical":"https:\/\/www.kapi.ltd\/sq\/urun\/dere-daljeje-nga-zjarri\/","og_locale":"sq_AL","og_type":"article","og_title":"Der\u00eb kund\u00ebr zjarrit me dy flet\u00eb","og_description":"M\u00ebsoni rreth karakteristikave t\u00eb dyerve kund\u00ebr zjarrit me dy flet\u00eb, dyerve kund\u00ebr zjarrit me xham dhe menteshave t\u00eb dyerve kund\u00ebr zjarrit p\u00ebr t\u00eb b\u00ebr\u00eb nj\u00eb p\u00ebrzgjedhje t\u00eb sigurt dhe n\u00eb p\u00ebrputhje me rregulloret.","og_url":"https:\/\/www.kapi.ltd\/sq\/urun\/dere-daljeje-nga-zjarri\/","og_site_name":"\u0130\u00e7 Oda Kap\u0131lar\u0131 - \u00c7elik kap\u0131 modelleri - apartman kap\u0131lar\u0131","article_modified_time":"2026-02-18T15:04:09+00:00","og_image":[{"width":650,"height":975,"url":"https:\/\/www.kapi.ltd\/wp-content\/uploads\/2025\/11\/cift-kanatli-yangin-kapisi-2.webp","type":"image\/webp"}],"twitter_card":"summary_large_image","twitter_misc":{"Est. reading time":"5 minuta"},"schema":{"@context":"https:\/\/schema.org","@graph":[{"@type":"WebPage","@id":"https:\/\/www.kapi.ltd\/sq\/urun\/dere-daljeje-nga-zjarri\/","url":"https:\/\/www.kapi.ltd\/sq\/urun\/dere-daljeje-nga-zjarri\/","name":"Der\u00eb zjarri prej qelqi- Der\u00eb Daljeje nga Zjarri","isPartOf":{"@id":"https:\/\/www.kapi.ltd\/sq\/#website"},"primaryImageOfPage":{"@id":"https:\/\/www.kapi.ltd\/sq\/urun\/dere-daljeje-nga-zjarri\/#primaryimage"},"image":{"@id":"https:\/\/www.kapi.ltd\/sq\/urun\/dere-daljeje-nga-zjarri\/#primaryimage"},"thumbnailUrl":"https:\/\/www.kapi.ltd\/wp-content\/uploads\/2025\/11\/cift-kanatli-yangin-kapisi-2.webp","datePublished":"2025-11-29T10:06:16+00:00","dateModified":"2026-02-18T15:04:09+00:00","description":"M\u00ebsoni rreth karakteristikave t\u00eb dyerve kund\u00ebr zjarrit me dy flet\u00eb, dyerve kund\u00ebr zjarrit me xham dhe menteshave t\u00eb dyerve kund\u00ebr zjarrit p\u00ebr t\u00eb b\u00ebr\u00eb nj\u00eb p\u00ebrzgjedhje t\u00eb sigurt dhe n\u00eb p\u00ebrputhje me rregulloret.","breadcrumb":{"@id":"https:\/\/www.kapi.ltd\/sq\/urun\/dere-daljeje-nga-zjarri\/#breadcrumb"},"inLanguage":"sq","potentialAction":[{"@type":"ReadAction","target":["https:\/\/www.kapi.ltd\/sq\/urun\/dere-daljeje-nga-zjarri\/"]}]},{"@type":"ImageObject","inLanguage":"sq","@id":"https:\/\/www.kapi.ltd\/sq\/urun\/dere-daljeje-nga-zjarri\/#primaryimage","url":"https:\/\/www.kapi.ltd\/wp-content\/uploads\/2025\/11\/cift-kanatli-yangin-kapisi-2.webp","contentUrl":"https:\/\/www.kapi.ltd\/wp-content\/uploads\/2025\/11\/cift-kanatli-yangin-kapisi-2.webp","width":650,"height":975,"caption":"\u00e7ift kanatl\u0131 yang\u0131n kap\u0131s\u0131"},{"@type":"BreadcrumbList","@id":"https:\/\/www.kapi.ltd\/sq\/urun\/dere-daljeje-nga-zjarri\/#breadcrumb","itemListElement":[{"@type":"ListItem","position":1,"name":"Anasayfa","item":"https:\/\/www.kapi.ltd\/sq\/"},{"@type":"ListItem","position":2,"name":"ic-kapi-celik-kapi-modelleri","item":"https:\/\/www.kapi.ltd\/?page_id=4263"},{"@type":"ListItem","position":3,"name":"Der\u00eb kund\u00ebr zjarrit me dy flet\u00eb"}]},{"@type":"WebSite","@id":"https:\/\/www.kapi.ltd\/sq\/#website","url":"https:\/\/www.kapi.ltd\/sq\/","name":"\u0130\u00e7 Kap\u0131 Ve \u00c7elik Kap\u0131 Modelleri","description":"T\u00fcrkiye Kap\u0131 Modelleri Merkezi","potentialAction":[{"@type":"SearchAction","target":{"@type":"EntryPoint","urlTemplate":"https:\/\/www.kapi.ltd\/sq\/?s={search_term_string}"},"query-input":{"@type":"PropertyValueSpecification","valueRequired":true,"valueName":"search_term_string"}}],"inLanguage":"sq"}]}},"_links":{"self":[{"href":"https:\/\/www.kapi.ltd\/sq\/wp-json\/wp\/v2\/product\/8628","targetHints":{"allow":["GET"]}}],"collection":[{"href":"https:\/\/www.kapi.ltd\/sq\/wp-json\/wp\/v2\/product"}],"about":[{"href":"https:\/\/www.kapi.ltd\/sq\/wp-json\/wp\/v2\/types\/product"}],"version-history":[{"count":2,"href":"https:\/\/www.kapi.ltd\/sq\/wp-json\/wp\/v2\/product\/8628\/revisions"}],"predecessor-version":[{"id":9166,"href":"https:\/\/www.kapi.ltd\/sq\/wp-json\/wp\/v2\/product\/8628\/revisions\/9166"}],"wp:featuredmedia":[{"embeddable":true,"href":"https:\/\/www.kapi.ltd\/sq\/wp-json\/wp\/v2\/media\/8629"}],"wp:attachment":[{"href":"https:\/\/www.kapi.ltd\/sq\/wp-json\/wp\/v2\/media?parent=8628"}],"wp:term":[{"taxonomy":"product_brand","embeddable":true,"href":"https:\/\/www.kapi.ltd\/sq\/wp-json\/wp\/v2\/product_brand?post=8628"},{"taxonomy":"product_cat","embeddable":true,"href":"https:\/\/www.kapi.ltd\/sq\/wp-json\/wp\/v2\/product_cat?post=8628"},{"taxonomy":"product_tag","embeddable":true,"href":"https:\/\/www.kapi.ltd\/sq\/wp-json\/wp\/v2\/product_tag?post=8628"}],"curies":[{"name":"wp","href":"https:\/\/api.w.org\/{rel}","templated":true}]}}