{"id":8591,"date":"2025-11-29T12:54:39","date_gmt":"2025-11-29T09:54:39","guid":{"rendered":"https:\/\/www.kapi.ltd\/urun\/elektrik-odasi-kapisi\/"},"modified":"2026-01-03T11:52:06","modified_gmt":"2026-01-03T08:52:06","slug":"dera-elektrike-e-dhomes","status":"publish","type":"product","link":"https:\/\/www.kapi.ltd\/sq\/urun\/dera-elektrike-e-dhomes\/","title":{"rendered":"Dera elektrike e dhom\u00ebs"},"content":{"rendered":"<h1 data-start=\"0\" data-end=\"116\"><strong data-start=\"4\" data-end=\"116\">Dera t\u00eb Q\u00ebndrueshme ndaj Zjarrit p\u00ebr Dhomat Elektrike dhe Sistemet: Siguri, Q\u00ebndrueshm\u00ebri dhe Funksionalitet<\/strong><\/h1>\n<p data-start=\"118\" data-end=\"681\">Dhomat elektrike dhe ato t\u00eb sistemeve jan\u00eb hap\u00ebsira kritike q\u00eb k\u00ebrkojn\u00eb siguri t\u00eb lart\u00eb dhe q\u00ebndrueshm\u00ebri ndaj zjarrit. <strong data-start=\"238\" data-end=\"267\">Dera p\u00ebr dhomat elektrike<\/strong>, <strong data-start=\"269\" data-end=\"300\">dora p\u00ebr dhomat e sistemeve<\/strong>, <strong data-start=\"302\" data-end=\"338\">dora t\u00eb q\u00ebndrueshme ndaj zjarrit<\/strong>, dhe <strong data-start=\"344\" data-end=\"371\">dora zjarri me ventilim<\/strong> jan\u00eb thelb\u00ebsore p\u00ebr t\u00eb siguruar sigurin\u00eb e pajisjeve dhe mund\u00ebsimin e nj\u00eb evakuimi t\u00eb shpejt\u00eb n\u00eb rast t\u00eb nj\u00eb emergjence. Kompania jon\u00eb prodhon k\u00ebto <strong data-start=\"520\" data-end=\"537\">dyer metalike<\/strong> me <strong data-start=\"541\" data-end=\"569\">vrima ventilimi speciale<\/strong> t\u00eb q\u00ebndrueshme ndaj zjarrit, duke ofruar siguri dhe funksionalitet p\u00ebr hap\u00ebsirat tuaja komerciale dhe banesore.<\/p>\n<hr data-start=\"683\" data-end=\"686\" \/>\n<h2 data-start=\"688\" data-end=\"783\"><strong data-start=\"692\" data-end=\"783\">Dera p\u00ebr Dhomat Energjike: Q\u00ebndrueshm\u00ebria ndaj Zjarrit dhe Karakteristikat e Ventilimit<\/strong><\/h2>\n<p data-start=\"785\" data-end=\"1445\"><strong data-start=\"785\" data-end=\"816\">Dera p\u00ebr dhomat energjetike<\/strong> ka nj\u00eb funksion dygjith\u00ebsh: ajo jo vet\u00ebm q\u00eb ofron <strong data-start=\"867\" data-end=\"897\">q\u00ebndrueshm\u00ebri ndaj zjarrit<\/strong>, por gjithashtu siguron nj\u00eb qarkullim t\u00eb mir\u00eb ajri p\u00ebrmes <strong data-start=\"956\" data-end=\"981\">vrimave t\u00eb ventilimit<\/strong> n\u00eb pjes\u00ebn e sip\u00ebrme ose t\u00eb poshtme. K\u00ebto dyer jan\u00eb t\u00eb r\u00ebnd\u00ebsishme n\u00eb dhomat q\u00eb p\u00ebrmbajn\u00eb panele elektrike, mat\u00ebs dhe kabllo. P\u00ebrve\u00e7 q\u00ebndrueshm\u00ebris\u00eb ndaj zjarrit, k\u00ebto dyer jan\u00eb t\u00eb pajisura me <strong data-start=\"1174\" data-end=\"1192\">\u00e7el\u00ebsa sigurie<\/strong> q\u00eb mund t\u00eb p\u00ebrdoren p\u00ebr t\u00eb kufizuar hyrjen, duke siguruar q\u00eb vet\u00ebm persona t\u00eb autorizuar mund t\u00eb hyjn\u00eb. K\u00ebto dyer gjithashtu vijn\u00eb me <strong data-start=\"1327\" data-end=\"1346\">certifikata TSE<\/strong> dhe <strong data-start=\"1351\" data-end=\"1394\">certifikata q\u00ebndrueshm\u00ebrie ndaj zjarrit<\/strong>, duke siguruar standardet m\u00eb t\u00eb larta t\u00eb siguris\u00eb.<\/p>\n<p data-start=\"1447\" data-end=\"1673\"><strong data-start=\"1447\" data-end=\"1506\">Dera t\u00eb q\u00ebndrueshme ndaj zjarrit p\u00ebr dhomat energjetike<\/strong> gjithashtu jan\u00eb t\u00eb disponueshme n\u00eb dizajnin <strong data-start=\"1551\" data-end=\"1566\">me dy krah\u00eb<\/strong> dhe <strong data-start=\"1571\" data-end=\"1596\">me dy vrima ventilimi<\/strong>, t\u00eb cilat mund t\u00eb p\u00ebrshtaten p\u00ebr madh\u00ebsi dhe k\u00ebrkesa t\u00eb ndryshme hap\u00ebsirash.<\/p>\n<hr data-start=\"1675\" data-end=\"1678\" \/>\n<h2 data-start=\"1680\" data-end=\"1736\"><strong data-start=\"1684\" data-end=\"1736\">Dera p\u00ebr Dhomat Elektrike: Siguria dhe P\u00ebrdorimi<\/strong><\/h2>\n<p data-start=\"1738\" data-end=\"2296\"><strong data-start=\"1738\" data-end=\"1758\">Dhomat elektrike<\/strong> jan\u00eb hap\u00ebsira t\u00eb dedikuara p\u00ebr instalimet elektrike, mat\u00ebsit dhe panelet, dhe k\u00ebrkojn\u00eb masa t\u00eb rrepta sigurie. K\u00ebto dhoma duhet t\u00eb jen\u00eb t\u00eb pajisura me <strong data-start=\"1910\" data-end=\"1954\">dyer q\u00eb jan\u00eb t\u00eb q\u00ebndrueshme ndaj zjarrit<\/strong>, t\u00eb prodhuara nga materiale speciale p\u00ebr t\u00eb parandaluar p\u00ebrhapjen e zjarrit. P\u00ebr m\u00eb tep\u00ebr, \u00e7do pjes\u00eb metalike e der\u00ebs duhet t\u00eb jet\u00eb e <strong data-start=\"2089\" data-end=\"2114\">tubuar individualisht<\/strong> p\u00ebr siguri shtes\u00eb. K\u00ebto dyer duhet t\u00eb p\u00ebrmbajn\u00eb <strong data-start=\"2163\" data-end=\"2187\">shenja paralajm\u00ebrimi<\/strong> dhe t\u00eb jen\u00eb t\u00eb dizajnuara p\u00ebr t&#8217;u hapur <strong data-start=\"2228\" data-end=\"2238\">jasht\u00eb<\/strong>, duke mund\u00ebsuar nj\u00eb evakuim t\u00eb sigurt n\u00eb rast emergjence.<\/p>\n<p data-start=\"2298\" data-end=\"2606\">Dyerat mund t\u00eb jen\u00eb <strong data-start=\"2318\" data-end=\"2333\">me nj\u00eb krah<\/strong> ose <strong data-start=\"2338\" data-end=\"2353\">me dy krah\u00eb<\/strong>, n\u00eb var\u00ebsi t\u00eb hap\u00ebsir\u00ebs s\u00eb disponueshme, dhe duhet t\u00eb jen\u00eb t\u00eb mbyllura n\u00eb m\u00ebnyr\u00eb t\u00eb sigurt, nd\u00ebrsa \u00e7el\u00ebsi duhet t\u00eb jet\u00eb i aksesuesh\u00ebm p\u00ebr <strong data-start=\"2492\" data-end=\"2519\">menaxher\u00ebt e nd\u00ebrtesave<\/strong> dhe <strong data-start=\"2524\" data-end=\"2551\">personelin e autorizuar<\/strong>, p\u00ebr t\u00eb mund\u00ebsuar nj\u00eb hyrje t\u00eb shpejt\u00eb n\u00eb rast nevoje.<\/p>\n<hr data-start=\"2608\" data-end=\"2611\" \/>\n<h2 data-start=\"2613\" data-end=\"2694\"><strong data-start=\"2617\" data-end=\"2694\">Dera p\u00ebr Dhomat e Sistemeve: Mbrojtja e Pajisjeve Elektronike t\u00eb Ndjeshme<\/strong><\/h2>\n<p data-start=\"2696\" data-end=\"3234\"><strong data-start=\"2696\" data-end=\"2727\">Dera p\u00ebr dhomat e sistemeve<\/strong> p\u00ebrdoren n\u00eb nd\u00ebrtesa p\u00ebr t\u00eb mbrojtur sisteme elektronike t\u00eb ndjeshme si kompjuter\u00eb, server\u00eb dhe pajisje t\u00eb tjera t\u00eb r\u00ebnd\u00ebsishme. <strong data-start=\"2857\" data-end=\"2913\">Dera q\u00ebndrueshme ndaj zjarrit p\u00ebr dhomat e sistemeve<\/strong> \u00ebsht\u00eb thelb\u00ebsore p\u00ebr mbrojtjen e k\u00ebtyre sistemeve elektronike, pasi nj\u00eb zjarr mund t\u00eb d\u00ebmtoj\u00eb ose shkat\u00ebrroj\u00eb infrastruktur\u00ebn kritike. K\u00ebto dyer jan\u00eb t\u00eb dizajnuara p\u00ebr t\u00eb qen\u00eb <strong data-start=\"3090\" data-end=\"3121\">t\u00eb q\u00ebndrueshme ndaj zjarrit<\/strong>, <strong data-start=\"3123\" data-end=\"3138\">anti-dhjam\u00eb<\/strong> dhe <strong data-start=\"3143\" data-end=\"3155\">anti-gaz<\/strong>, duke siguruar q\u00eb asnj\u00eb tym apo temperatur\u00eb e lart\u00eb t\u00eb mos dep\u00ebrtoj\u00eb n\u00eb dhom\u00eb.<\/p>\n<p data-start=\"3236\" data-end=\"3529\"><strong data-start=\"3236\" data-end=\"3276\">Dera me xhami p\u00ebr dhomat e sistemeve<\/strong> gjithashtu mund t\u00eb p\u00ebrdoret n\u00eb var\u00ebsi t\u00eb k\u00ebrkesave t\u00eb klientit, nd\u00ebrkoh\u00eb q\u00eb mbahen standardet e siguris\u00eb t\u00eb larta. Q\u00ebllimi kryesor \u00ebsht\u00eb mbrojtja e pajisjeve elektronike t\u00eb ndjeshme nga d\u00ebmtimi q\u00eb mund t\u00eb shkaktohet nga zjarri, tymi ose gazrat toksik\u00eb.<\/p>\n<hr data-start=\"3531\" data-end=\"3534\" \/>\n<h2 data-start=\"3536\" data-end=\"3610\"><strong data-start=\"3540\" data-end=\"3610\">Karakteristikat dhe Prodhimi i Dyerave t\u00eb Q\u00ebndrueshme ndaj Zjarrit<\/strong><\/h2>\n<p data-start=\"3612\" data-end=\"4021\"><strong data-start=\"3612\" data-end=\"3643\">Dera p\u00ebr dhomat energjetike<\/strong> dhe <strong data-start=\"3648\" data-end=\"3715\">dora p\u00ebr dhomat e sistemeve q\u00eb jan\u00eb t\u00eb q\u00ebndrueshme ndaj zjarrit<\/strong> zakonisht prodhohen nga <strong data-start=\"3740\" data-end=\"3750\">metali<\/strong>, me p\u00ebrdorimin e <strong data-start=\"3768\" data-end=\"3823\">materialeve t\u00eb izoluara t\u00eb q\u00ebndrueshme ndaj zjarrit<\/strong> n\u00eb kornizat dhe panelet. K\u00ebto dyer jan\u00eb t\u00eb pajisura me <strong data-start=\"3879\" data-end=\"3900\">seal\u00eb anti-zjarri<\/strong>, <strong data-start=\"3902\" data-end=\"3919\">shufra paniku<\/strong> dhe <strong data-start=\"3924\" data-end=\"3946\">sisteme hidraulike<\/strong> p\u00ebr t\u00eb siguruar q\u00ebndrueshm\u00ebrin\u00eb dhe sigurin\u00eb e tyre n\u00eb situata emergjente.<\/p>\n<p data-start=\"4023\" data-end=\"4594\"><strong data-start=\"4023\" data-end=\"4071\">Karakteristikat q\u00ebndrueshm\u00ebris\u00eb ndaj zjarrit<\/strong> t\u00eb k\u00ebtyre dyerave u mund\u00ebsojn\u00eb atyre t\u00eb p\u00ebrballojn\u00eb temperatura t\u00eb larta p\u00ebr periudha t\u00eb gjata, duke ofruar koh\u00eb t\u00eb mjaftueshme p\u00ebr ekipet e emergjenc\u00ebs q\u00eb t\u00eb veprojn\u00eb dhe t\u00eb parandalojn\u00eb d\u00ebmtimin e m\u00ebtejsh\u00ebm. <strong data-start=\"4282\" data-end=\"4315\">Seal\u00ebt q\u00ebndruesh\u00ebm ndaj tymit<\/strong> sigurojn\u00eb q\u00eb <strong data-start=\"4329\" data-end=\"4337\">tymi<\/strong> dhe <strong data-start=\"4342\" data-end=\"4351\">gazet<\/strong> t\u00eb mos dep\u00ebrtojn\u00eb n\u00eb dhom\u00eb, duke mbrojtur komponent\u00ebt elektronik\u00eb nga efektet d\u00ebmtuese. K\u00ebto dyer gjithashtu jan\u00eb t\u00eb pajisura me <strong data-start=\"4481\" data-end=\"4510\">p\u00ebrfundime elektrostatike<\/strong> dhe materiale izoluese t\u00eb cil\u00ebsis\u00eb s\u00eb lart\u00eb p\u00ebr t\u00eb p\u00ebrmir\u00ebsuar performanc\u00ebn e tyre.<\/p>\n<hr data-start=\"4596\" data-end=\"4599\" \/>\n<h2 data-start=\"4601\" data-end=\"4655\"><strong data-start=\"4605\" data-end=\"4655\">Ku P\u00ebrdoren Dyerat e Q\u00ebndrueshme ndaj Zjarrit?<\/strong><\/h2>\n<p data-start=\"4657\" data-end=\"4762\"><strong data-start=\"4657\" data-end=\"4688\">Dera p\u00ebr dhomat energjetike<\/strong> dhe <strong data-start=\"4693\" data-end=\"4724\">dora p\u00ebr dhomat e sistemeve<\/strong> jan\u00eb thelb\u00ebsore n\u00eb zonat e m\u00ebposhtme:<\/p>\n<ul data-start=\"4763\" data-end=\"5065\">\n<li data-start=\"4763\" data-end=\"4866\">\n<p data-start=\"4765\" data-end=\"4866\"><strong data-start=\"4765\" data-end=\"4785\">Dhomat elektrike<\/strong>: Ku jan\u00eb vendosur sisteme elektrike me tension t\u00eb lart\u00eb dhe pajisje t\u00eb ndjeshme.<\/p>\n<\/li>\n<li data-start=\"4867\" data-end=\"4969\">\n<p data-start=\"4869\" data-end=\"4969\"><strong data-start=\"4869\" data-end=\"4891\">Dhomat e sistemeve<\/strong>: Ku jan\u00eb vendosur servera, kompjuter\u00eb dhe sisteme elektronike t\u00eb r\u00ebnd\u00ebsishme.<\/p>\n<\/li>\n<li data-start=\"4970\" data-end=\"5065\">\n<p data-start=\"4972\" data-end=\"5065\"><strong data-start=\"4972\" data-end=\"5008\">Dyerat p\u00ebr daljen n\u00eb rast zjarri<\/strong>: P\u00ebr t\u00eb siguruar nj\u00eb evakuim t\u00eb sigurt gjat\u00eb nj\u00eb zjarri.<\/p>\n<\/li>\n<\/ul>\n<p data-start=\"5067\" data-end=\"5221\">K\u00ebto dyer luajn\u00eb nj\u00eb rol ky\u00e7 n\u00eb mbrojtjen e nd\u00ebrtesave nga rreziqet e zjarrit, duke siguruar gjithashtu sigurin\u00eb e infrastruktur\u00ebs kritike dhe personelit.<\/p>\n<hr data-start=\"5223\" data-end=\"5226\" \/>\n<h2 data-start=\"5228\" data-end=\"5301\"><strong data-start=\"5232\" data-end=\"5301\">P\u00ebrfundim: Zgjidhje t\u00eb P\u00ebrsosura p\u00ebr Sigurin\u00eb dhe Q\u00ebndrueshm\u00ebrin\u00eb<\/strong><\/h2>\n<p data-start=\"5303\" data-end=\"5850\"><strong data-start=\"5303\" data-end=\"5370\">Dera p\u00ebr dhomat energjetike q\u00eb jan\u00eb t\u00eb q\u00ebndrueshme ndaj zjarrit<\/strong> dhe <strong data-start=\"5375\" data-end=\"5442\">dora p\u00ebr dhomat e sistemeve q\u00eb jan\u00eb t\u00eb q\u00ebndrueshme ndaj zjarrit<\/strong> jan\u00eb t\u00eb nevojshme jo vet\u00ebm p\u00ebr siguri, por gjithashtu p\u00ebr t\u00eb mbajtur funksionalitetin e sistemeve elektronike kritike. <strong data-start=\"5562\" data-end=\"5586\">Dyerat tona metalike<\/strong>, t\u00eb prodhuara nga <strong data-start=\"5605\" data-end=\"5625\">materiale \u00e7eliku<\/strong> me <strong data-start=\"5629\" data-end=\"5649\">menfez ventilimi<\/strong>, sigurojn\u00eb nj\u00eb qarkullim t\u00eb mir\u00eb ajri dhe q\u00ebndrueshm\u00ebri ndaj zjarrit. Me <strong data-start=\"5723\" data-end=\"5742\">certifikata TSE<\/strong> dhe <strong data-start=\"5747\" data-end=\"5777\">standarde sigurie t\u00eb larta<\/strong>, ofrojm\u00eb zgjidhje afatgjata, t\u00eb sigurta dhe estetike p\u00ebr objektet tuaja.<\/p>\n<p data-start=\"5852\" data-end=\"6054\">P\u00ebr <strong data-start=\"5856\" data-end=\"5892\">dora t\u00eb q\u00ebndrueshme ndaj zjarrit<\/strong> dhe <strong data-start=\"5897\" data-end=\"5928\">dora p\u00ebr dhomat e sistemeve<\/strong>, kontaktoni me ne sot p\u00ebr t\u00eb diskutuar nevojat tuaja dhe p\u00ebr t\u00eb siguruar mbrojtjen e sistemeve elektrike dhe pajisjeve tuaja.<\/p>\n<div id=\"simple-translate\" class=\"simple-translate-system-theme\">\n<div>\n<div class=\"simple-translate-button isShow\" style=\"background-image: url('chrome-extension:\/\/ibplnjkanclpjokhdolnendpplpjiace\/icons\/512.png'); height: 22px; width: 22px; top: 1639px; left: -30px;\"><\/div>\n<div class=\"simple-translate-panel \" style=\"width: 300px; height: 200px; top: 0px; left: 0px; font-size: 13px;\">\n<div class=\"simple-translate-result-wrapper\" style=\"overflow: hidden;\">\n<div class=\"simple-translate-move\" draggable=\"true\"><\/div>\n<div class=\"simple-translate-result-contents\">\n<p class=\"simple-translate-candidate\" dir=\"auto\">\n<\/div>\n<\/div>\n<\/div>\n<\/div>\n<\/div>\n","protected":false},"excerpt":{"rendered":"<p>Dera t\u00eb Q\u00ebndrueshme ndaj Zjarrit p\u00ebr Dhomat Elektrike dhe Sistemet: Siguri, Q\u00ebndrueshm\u00ebri dhe Funksionalitet Dhomat elektrike dhe ato t\u00eb sistemeve jan\u00eb hap\u00ebsira kritike q\u00eb k\u00ebrkojn\u00eb siguri t\u00eb lart\u00eb dhe q\u00ebndrueshm\u00ebri ndaj zjarrit. Dera p\u00ebr dhomat elektrike, dora p\u00ebr dhomat e sistemeve, dora t\u00eb q\u00ebndrueshme ndaj zjarrit, dhe dora zjarri me ventilim jan\u00eb thelb\u00ebsore p\u00ebr t\u00eb<\/p>\n","protected":false},"featured_media":8592,"template":"","meta":{"_bbp_topic_count":0,"_bbp_reply_count":0,"_bbp_total_topic_count":0,"_bbp_total_reply_count":0,"_bbp_voice_count":0,"_bbp_anonymous_reply_count":0,"_bbp_topic_count_hidden":0,"_bbp_reply_count_hidden":0,"_bbp_forum_subforum_count":0},"product_brand":[],"product_cat":[899],"product_tag":[1169,1187,1188],"class_list":{"0":"post-8591","1":"product","2":"type-product","3":"status-publish","4":"has-post-thumbnail","6":"product_cat-dyert-e-zjarrit","7":"product_tag-elektrik-odasi-kapisi","8":"product_tag-sistem-odasi-kapilari","9":"product_tag-yangina-dayanikli-kapilar","11":"first","12":"instock","13":"shipping-taxable","14":"product-type-simple","15":"prodpage-classic"},"yoast_head":"<!-- This site is optimized with the Yoast SEO Premium plugin v26.6 (Yoast SEO v27.4) - https:\/\/yoast.com\/product\/yoast-seo-premium-wordpress\/ -->\n<title>Dera p\u00ebr dhomat elektrike- Dera elektrike e dhom\u00ebs<\/title>\n<meta name=\"description\" content=\"Ne sigurojm\u00eb sigurin\u00eb tuaj duke prodhuar dyer daljeje kund\u00ebr zjarrit, dyer elektrike p\u00ebr dhoma dhe dyer p\u00ebr dhoma serverash.\" \/>\n<meta name=\"robots\" content=\"index, follow, max-snippet:-1, max-image-preview:large, max-video-preview:-1\" \/>\n<link rel=\"canonical\" href=\"https:\/\/www.kapi.ltd\/sq\/urun\/dera-elektrike-e-dhomes\/\" \/>\n<meta property=\"og:locale\" content=\"sq_AL\" \/>\n<meta property=\"og:type\" content=\"article\" \/>\n<meta property=\"og:title\" content=\"Dera elektrike e dhom\u00ebs\" \/>\n<meta property=\"og:description\" content=\"Ne sigurojm\u00eb sigurin\u00eb tuaj duke prodhuar dyer daljeje kund\u00ebr zjarrit, dyer elektrike p\u00ebr dhoma dhe dyer p\u00ebr dhoma serverash.\" \/>\n<meta property=\"og:url\" content=\"https:\/\/www.kapi.ltd\/sq\/urun\/dera-elektrike-e-dhomes\/\" \/>\n<meta property=\"og:site_name\" content=\"\u0130\u00e7 Oda Kap\u0131lar\u0131 - \u00c7elik kap\u0131 modelleri - apartman kap\u0131lar\u0131\" \/>\n<meta property=\"article:modified_time\" content=\"2026-01-03T08:52:06+00:00\" \/>\n<meta property=\"og:image\" content=\"https:\/\/www.kapi.ltd\/wp-content\/uploads\/2025\/11\/elektrik-odasi-kapisi.webp\" \/>\n\t<meta property=\"og:image:width\" content=\"640\" \/>\n\t<meta property=\"og:image:height\" content=\"960\" \/>\n\t<meta property=\"og:image:type\" content=\"image\/webp\" \/>\n<meta name=\"twitter:card\" content=\"summary_large_image\" \/>\n<meta name=\"twitter:label1\" content=\"Est. reading time\" \/>\n\t<meta name=\"twitter:data1\" content=\"6 minuta\" \/>\n<script type=\"application\/ld+json\" class=\"yoast-schema-graph\">{\"@context\":\"https:\\\/\\\/schema.org\",\"@graph\":[{\"@type\":\"WebPage\",\"@id\":\"https:\\\/\\\/www.kapi.ltd\\\/sq\\\/urun\\\/dera-elektrike-e-dhomes\\\/\",\"url\":\"https:\\\/\\\/www.kapi.ltd\\\/sq\\\/urun\\\/dera-elektrike-e-dhomes\\\/\",\"name\":\"Dera p\u00ebr dhomat elektrike- Dera elektrike e dhom\u00ebs\",\"isPartOf\":{\"@id\":\"https:\\\/\\\/www.kapi.ltd\\\/sq\\\/#website\"},\"primaryImageOfPage\":{\"@id\":\"https:\\\/\\\/www.kapi.ltd\\\/sq\\\/urun\\\/dera-elektrike-e-dhomes\\\/#primaryimage\"},\"image\":{\"@id\":\"https:\\\/\\\/www.kapi.ltd\\\/sq\\\/urun\\\/dera-elektrike-e-dhomes\\\/#primaryimage\"},\"thumbnailUrl\":\"https:\\\/\\\/www.kapi.ltd\\\/wp-content\\\/uploads\\\/2025\\\/11\\\/elektrik-odasi-kapisi.webp\",\"datePublished\":\"2025-11-29T09:54:39+00:00\",\"dateModified\":\"2026-01-03T08:52:06+00:00\",\"description\":\"Ne sigurojm\u00eb sigurin\u00eb tuaj duke prodhuar dyer daljeje kund\u00ebr zjarrit, dyer elektrike p\u00ebr dhoma dhe dyer p\u00ebr dhoma serverash.\",\"breadcrumb\":{\"@id\":\"https:\\\/\\\/www.kapi.ltd\\\/sq\\\/urun\\\/dera-elektrike-e-dhomes\\\/#breadcrumb\"},\"inLanguage\":\"sq\",\"potentialAction\":[{\"@type\":\"ReadAction\",\"target\":[\"https:\\\/\\\/www.kapi.ltd\\\/sq\\\/urun\\\/dera-elektrike-e-dhomes\\\/\"]}]},{\"@type\":\"ImageObject\",\"inLanguage\":\"sq\",\"@id\":\"https:\\\/\\\/www.kapi.ltd\\\/sq\\\/urun\\\/dera-elektrike-e-dhomes\\\/#primaryimage\",\"url\":\"https:\\\/\\\/www.kapi.ltd\\\/wp-content\\\/uploads\\\/2025\\\/11\\\/elektrik-odasi-kapisi.webp\",\"contentUrl\":\"https:\\\/\\\/www.kapi.ltd\\\/wp-content\\\/uploads\\\/2025\\\/11\\\/elektrik-odasi-kapisi.webp\",\"width\":640,\"height\":960,\"caption\":\"Elektrik odas\u0131 kap\u0131s\u0131\"},{\"@type\":\"BreadcrumbList\",\"@id\":\"https:\\\/\\\/www.kapi.ltd\\\/sq\\\/urun\\\/dera-elektrike-e-dhomes\\\/#breadcrumb\",\"itemListElement\":[{\"@type\":\"ListItem\",\"position\":1,\"name\":\"Anasayfa\",\"item\":\"https:\\\/\\\/www.kapi.ltd\\\/sq\\\/\"},{\"@type\":\"ListItem\",\"position\":2,\"name\":\"ic-kapi-celik-kapi-modelleri\",\"item\":\"https:\\\/\\\/www.kapi.ltd\\\/?page_id=4263\"},{\"@type\":\"ListItem\",\"position\":3,\"name\":\"Dera elektrike e dhom\u00ebs\"}]},{\"@type\":\"WebSite\",\"@id\":\"https:\\\/\\\/www.kapi.ltd\\\/sq\\\/#website\",\"url\":\"https:\\\/\\\/www.kapi.ltd\\\/sq\\\/\",\"name\":\"\u0130\u00e7 Kap\u0131 Ve \u00c7elik Kap\u0131 Modelleri\",\"description\":\"T\u00fcrkiye Kap\u0131 Modelleri Merkezi\",\"potentialAction\":[{\"@type\":\"SearchAction\",\"target\":{\"@type\":\"EntryPoint\",\"urlTemplate\":\"https:\\\/\\\/www.kapi.ltd\\\/sq\\\/?s={search_term_string}\"},\"query-input\":{\"@type\":\"PropertyValueSpecification\",\"valueRequired\":true,\"valueName\":\"search_term_string\"}}],\"inLanguage\":\"sq\"}]}<\/script>\n<!-- \/ Yoast SEO Premium plugin. -->","yoast_head_json":{"title":"Dera p\u00ebr dhomat elektrike- Dera elektrike e dhom\u00ebs","description":"Ne sigurojm\u00eb sigurin\u00eb tuaj duke prodhuar dyer daljeje kund\u00ebr zjarrit, dyer elektrike p\u00ebr dhoma dhe dyer p\u00ebr dhoma serverash.","robots":{"index":"index","follow":"follow","max-snippet":"max-snippet:-1","max-image-preview":"max-image-preview:large","max-video-preview":"max-video-preview:-1"},"canonical":"https:\/\/www.kapi.ltd\/sq\/urun\/dera-elektrike-e-dhomes\/","og_locale":"sq_AL","og_type":"article","og_title":"Dera elektrike e dhom\u00ebs","og_description":"Ne sigurojm\u00eb sigurin\u00eb tuaj duke prodhuar dyer daljeje kund\u00ebr zjarrit, dyer elektrike p\u00ebr dhoma dhe dyer p\u00ebr dhoma serverash.","og_url":"https:\/\/www.kapi.ltd\/sq\/urun\/dera-elektrike-e-dhomes\/","og_site_name":"\u0130\u00e7 Oda Kap\u0131lar\u0131 - \u00c7elik kap\u0131 modelleri - apartman kap\u0131lar\u0131","article_modified_time":"2026-01-03T08:52:06+00:00","og_image":[{"width":640,"height":960,"url":"https:\/\/www.kapi.ltd\/wp-content\/uploads\/2025\/11\/elektrik-odasi-kapisi.webp","type":"image\/webp"}],"twitter_card":"summary_large_image","twitter_misc":{"Est. reading time":"6 minuta"},"schema":{"@context":"https:\/\/schema.org","@graph":[{"@type":"WebPage","@id":"https:\/\/www.kapi.ltd\/sq\/urun\/dera-elektrike-e-dhomes\/","url":"https:\/\/www.kapi.ltd\/sq\/urun\/dera-elektrike-e-dhomes\/","name":"Dera p\u00ebr dhomat elektrike- Dera elektrike e dhom\u00ebs","isPartOf":{"@id":"https:\/\/www.kapi.ltd\/sq\/#website"},"primaryImageOfPage":{"@id":"https:\/\/www.kapi.ltd\/sq\/urun\/dera-elektrike-e-dhomes\/#primaryimage"},"image":{"@id":"https:\/\/www.kapi.ltd\/sq\/urun\/dera-elektrike-e-dhomes\/#primaryimage"},"thumbnailUrl":"https:\/\/www.kapi.ltd\/wp-content\/uploads\/2025\/11\/elektrik-odasi-kapisi.webp","datePublished":"2025-11-29T09:54:39+00:00","dateModified":"2026-01-03T08:52:06+00:00","description":"Ne sigurojm\u00eb sigurin\u00eb tuaj duke prodhuar dyer daljeje kund\u00ebr zjarrit, dyer elektrike p\u00ebr dhoma dhe dyer p\u00ebr dhoma serverash.","breadcrumb":{"@id":"https:\/\/www.kapi.ltd\/sq\/urun\/dera-elektrike-e-dhomes\/#breadcrumb"},"inLanguage":"sq","potentialAction":[{"@type":"ReadAction","target":["https:\/\/www.kapi.ltd\/sq\/urun\/dera-elektrike-e-dhomes\/"]}]},{"@type":"ImageObject","inLanguage":"sq","@id":"https:\/\/www.kapi.ltd\/sq\/urun\/dera-elektrike-e-dhomes\/#primaryimage","url":"https:\/\/www.kapi.ltd\/wp-content\/uploads\/2025\/11\/elektrik-odasi-kapisi.webp","contentUrl":"https:\/\/www.kapi.ltd\/wp-content\/uploads\/2025\/11\/elektrik-odasi-kapisi.webp","width":640,"height":960,"caption":"Elektrik odas\u0131 kap\u0131s\u0131"},{"@type":"BreadcrumbList","@id":"https:\/\/www.kapi.ltd\/sq\/urun\/dera-elektrike-e-dhomes\/#breadcrumb","itemListElement":[{"@type":"ListItem","position":1,"name":"Anasayfa","item":"https:\/\/www.kapi.ltd\/sq\/"},{"@type":"ListItem","position":2,"name":"ic-kapi-celik-kapi-modelleri","item":"https:\/\/www.kapi.ltd\/?page_id=4263"},{"@type":"ListItem","position":3,"name":"Dera elektrike e dhom\u00ebs"}]},{"@type":"WebSite","@id":"https:\/\/www.kapi.ltd\/sq\/#website","url":"https:\/\/www.kapi.ltd\/sq\/","name":"\u0130\u00e7 Kap\u0131 Ve \u00c7elik Kap\u0131 Modelleri","description":"T\u00fcrkiye Kap\u0131 Modelleri Merkezi","potentialAction":[{"@type":"SearchAction","target":{"@type":"EntryPoint","urlTemplate":"https:\/\/www.kapi.ltd\/sq\/?s={search_term_string}"},"query-input":{"@type":"PropertyValueSpecification","valueRequired":true,"valueName":"search_term_string"}}],"inLanguage":"sq"}]}},"_links":{"self":[{"href":"https:\/\/www.kapi.ltd\/sq\/wp-json\/wp\/v2\/product\/8591","targetHints":{"allow":["GET"]}}],"collection":[{"href":"https:\/\/www.kapi.ltd\/sq\/wp-json\/wp\/v2\/product"}],"about":[{"href":"https:\/\/www.kapi.ltd\/sq\/wp-json\/wp\/v2\/types\/product"}],"version-history":[{"count":4,"href":"https:\/\/www.kapi.ltd\/sq\/wp-json\/wp\/v2\/product\/8591\/revisions"}],"predecessor-version":[{"id":8624,"href":"https:\/\/www.kapi.ltd\/sq\/wp-json\/wp\/v2\/product\/8591\/revisions\/8624"}],"wp:featuredmedia":[{"embeddable":true,"href":"https:\/\/www.kapi.ltd\/sq\/wp-json\/wp\/v2\/media\/8592"}],"wp:attachment":[{"href":"https:\/\/www.kapi.ltd\/sq\/wp-json\/wp\/v2\/media?parent=8591"}],"wp:term":[{"taxonomy":"product_brand","embeddable":true,"href":"https:\/\/www.kapi.ltd\/sq\/wp-json\/wp\/v2\/product_brand?post=8591"},{"taxonomy":"product_cat","embeddable":true,"href":"https:\/\/www.kapi.ltd\/sq\/wp-json\/wp\/v2\/product_cat?post=8591"},{"taxonomy":"product_tag","embeddable":true,"href":"https:\/\/www.kapi.ltd\/sq\/wp-json\/wp\/v2\/product_tag?post=8591"}],"curies":[{"name":"wp","href":"https:\/\/api.w.org\/{rel}","templated":true}]}}