{"id":8179,"date":"2025-11-29T12:25:35","date_gmt":"2025-11-29T09:25:35","guid":{"rendered":"https:\/\/www.kapi.ltd\/urun\/yangin-cikis-kapilari\/"},"modified":"2025-12-07T10:31:06","modified_gmt":"2025-12-07T07:31:06","slug":"dyer-daljesh-ne-rast-zjarri","status":"publish","type":"product","link":"https:\/\/www.kapi.ltd\/sq\/urun\/dyer-daljesh-ne-rast-zjarri\/","title":{"rendered":"Dyer Daljesh n\u00eb Rast Zjarri"},"content":{"rendered":"<p>Nj\u00eb Element i Domosdosh\u00ebm<\/p>\n<p>Dyert kund\u00ebr zjarrit jan\u00eb nj\u00eb nga element\u00ebt m\u00eb kritik\u00eb t\u00eb siguris\u00eb q\u00eb sigurojn\u00eb evakuimin e sigurt t\u00eb banor\u00ebve n\u00eb nj\u00eb nd\u00ebrtes\u00eb gjat\u00eb nj\u00eb zjarri. Dyert kund\u00ebr zjarrit prodhohen me materiale rezistente ndaj temperaturave t\u00eb larta dhe kursejn\u00eb koh\u00eb duke parandaluar p\u00ebrhapjen e zjarrit n\u00eb zona t\u00eb tjera. Nj\u00eb der\u00eb zjarri e projektuar si\u00e7 duhet rrit ndjesh\u00ebm nivelin e siguris\u00eb s\u00eb nd\u00ebrtes\u00ebs. T\u00eb prodhuara n\u00eb p\u00ebrputhje me rregulloret e zjarrit, k\u00ebto dyer kontribuojn\u00eb ndjesh\u00ebm n\u00eb evakuimin e banor\u00ebve duke parandaluar kalimin e tymit dhe flak\u00ebve n\u00eb rast emergjence.<\/p>\n<p>Llojet e dyerve kund\u00ebr zjarrit p\u00ebrfshijn\u00eb dyer zjarri me dy flet\u00eb, dyer zjarri me xham dhe mentesha p\u00ebr dyer zjarri, t\u00eb cilat ndikojn\u00eb drejtp\u00ebrdrejt n\u00eb performanc\u00ebn e der\u00ebs. Secila ofron avantazhe t\u00eb ndryshme n\u00eb var\u00ebsi t\u00eb p\u00ebrdorimit t\u00eb synuar, dend\u00ebsis\u00eb s\u00eb nd\u00ebrtes\u00ebs dhe nevojave t\u00eb siguris\u00eb. Ju mund t&#8217;i eksploroni k\u00ebto grupe produktesh n\u00eb m\u00eb shum\u00eb detaje n\u00ebn titujt e m\u00ebposht\u00ebm.<\/p>\n<p>Dyer zjarri me dy flet\u00eb<\/p>\n<p>Dyert kund\u00ebr zjarrit me dy flet\u00eb jan\u00eb nj\u00eb model i preferuar i dyerve kund\u00ebr zjarrit, ve\u00e7an\u00ebrisht n\u00eb nd\u00ebrtesa me kalime t\u00eb gjera ose zona me trafik t\u00eb lart\u00eb. Ato ofrojn\u00eb komoditet t\u00eb konsideruesh\u00ebm n\u00eb zona t\u00eb tilla si qendrat tregtare, spitalet, hotelet, fabrikat dhe depot. Dizajni i tyre me hapje t\u00eb gjer\u00eb lejon kalimin e leht\u00eb t\u00eb turmave gjat\u00eb evakuimeve.<\/p>\n<p>K\u00ebto dyer prodhohen p\u00ebrgjith\u00ebsisht me opsione rezistence ndaj zjarrit 120 ose 180 minuta. Kur mbyllen gjat\u00eb nj\u00eb zjarri, ato e izolojn\u00eb n\u00eb m\u00ebnyr\u00eb t\u00eb sigurt zon\u00ebn. Sisteme t\u00eb ve\u00e7anta p\u00ebrdoren p\u00ebr t\u00eb siguruar funksionimin e nj\u00ebkohsh\u00ebm t\u00eb dy flet\u00ebve. Ato gjithashtu kan\u00eb mekanizma balancimi t\u00eb krah\u00ebve q\u00eb sigurojn\u00eb q\u00eb flet\u00ebt e der\u00ebs t\u00eb mbyllen n\u00eb harmoni.<\/p>\n<p>Pavar\u00ebsisht struktur\u00ebs s\u00eb tyre t\u00eb r\u00ebnd\u00eb dhe t\u00eb gjer\u00eb, dyert e zjarrit me dy flet\u00eb, t\u00eb prodhuara nga \u00e7eliku q\u00eb i reziston deformimit p\u00ebrball\u00eb temperaturave t\u00eb larta, ofrojn\u00eb shum\u00eb vite funksionim pa probleme. Ato jan\u00eb projektuar p\u00ebr t&#8217;u hapur drejt daljes s\u00eb emergjenc\u00ebs, si\u00e7 k\u00ebrkohet nga rregulloret, dhe shpesh jan\u00eb t\u00eb pajisura me nj\u00eb sistem shufrash paniku. Kjo lejon q\u00eb dera t\u00eb hapet shpejt dhe leht\u00eb n\u00eb rast kaosi.<\/p>\n<p>Dyer Zjarri me Xham<\/p>\n<p>Dyert e zjarrit me xham jan\u00eb nj\u00eb model i ve\u00e7ant\u00eb dere q\u00eb p\u00ebrmbush pritjet si t\u00eb siguris\u00eb ashtu edhe t\u00eb estetik\u00ebs. Ato i shtojn\u00eb eleganc\u00eb brend\u00ebsis\u00eb, nd\u00ebrsa ofrojn\u00eb gjithashtu nj\u00eb nivel t\u00eb lart\u00eb sigurie fal\u00eb xhamit rezistent ndaj zjarrit. Xhami i p\u00ebrdorur \u00ebsht\u00eb xham zjarri i temperuar dhe i laminuar i prodhuar posa\u00e7\u00ebrisht, rezistent ndaj nxeht\u00ebsis\u00eb. Ky xham ruan funksionin e tij mbrojt\u00ebs pa u \u00e7ar\u00eb ose shp\u00ebrthyer n\u00ebn temperatura t\u00eb larta.<br \/>\nDyert kund\u00ebr zjarrit me xham shpesh preferohen n\u00eb hotele, zyra, qendra tregtare dhe nd\u00ebrtesa moderne. Kjo krijon nj\u00eb pamje m\u00eb t\u00eb bollshme dhe ndihmon procesin e evakuimit n\u00eb rast zjarri, pasi tymi ose zjarri brenda mund t\u00eb shihet nga jasht\u00eb.<\/p>\n<p>P\u00ebr m\u00eb tep\u00ebr, dyert kund\u00ebr zjarrit me xham mund t\u00eb ofrojn\u00eb shkall\u00eb t\u00eb ndryshme t\u00eb rezistenc\u00ebs ndaj nxeht\u00ebsis\u00eb n\u00eb p\u00ebrputhje me rregulloret. Korniza dhe materiale izoluese speciale p\u00ebrdoren n\u00eb zonat e xhamit. K\u00ebto dyer, t\u00eb p\u00ebrdorura si p\u00ebr q\u00ebllime dekorative ashtu edhe p\u00ebr siguri, mund t\u00eb ofrojn\u00eb t\u00eb nj\u00ebjtin nivel mbrojtjeje si modelet e tjera t\u00eb dyerve kund\u00ebr zjarrit.<\/p>\n<p>Mentesha e Der\u00ebs s\u00eb Zjarrit<\/p>\n<p>Nj\u00eb mentesh\u00eb dere kund\u00ebr zjarrit \u00ebsht\u00eb nj\u00eb nga faktor\u00ebt m\u00eb t\u00eb r\u00ebnd\u00ebsish\u00ebm q\u00eb p\u00ebrcakton performanc\u00ebn e nj\u00eb dere kund\u00ebr zjarrit. Nd\u00ebrsa \u00ebsht\u00eb e ngjashme me nj\u00eb mentesh\u00eb standarde dere, ajo prodhohet p\u00ebrmes testeve t\u00eb rezistenc\u00ebs ndaj zjarrit. Aft\u00ebsia e der\u00ebs p\u00ebr t\u00eb ruajtur form\u00ebn e saj dhe p\u00ebr t\u00eb ruajtur mbylljen e saj n\u00ebn temperatura t\u00eb larta varet nga cil\u00ebsia e mentesh\u00ebs s\u00eb p\u00ebrdorur.<\/p>\n<p>Nj\u00eb mentesh\u00eb dere kund\u00ebr zjarrit prodhohet me forc\u00eb t\u00eb mjaftueshme p\u00ebr t\u00eb mb\u00ebshtetur pesh\u00ebn e der\u00ebs. Menteshat e p\u00ebrdorura n\u00eb dyert me dy flet\u00eb ose dyert e r\u00ebnda prej \u00e7eliku jan\u00eb t\u00eb dizajnuara p\u00ebr t\u00eb parandaluar r\u00ebnien ose varjen e der\u00ebs gjat\u00eb nj\u00eb zjarri. Kjo siguron mbyllje t\u00eb plot\u00eb p\u00ebr t\u00eb parandaluar dep\u00ebrtimin e tymit.<\/p>\n<p>Modelet me mentesha me sust\u00eb lejojn\u00eb gjithashtu q\u00eb dera t\u00eb mbyllet automatikisht kur lihet e hapur. K\u00ebto mentesha rrisin ndjesh\u00ebm sigurin\u00eb, pasi \u00ebsht\u00eb thelb\u00ebsore q\u00eb dera t\u00eb mos mbetet e hapur n\u00eb rast zjarri.<\/p>\n","protected":false},"excerpt":{"rendered":"<p>Nj\u00eb Element i Domosdosh\u00ebm Dyert kund\u00ebr zjarrit jan\u00eb nj\u00eb nga element\u00ebt m\u00eb kritik\u00eb t\u00eb siguris\u00eb q\u00eb sigurojn\u00eb evakuimin e sigurt t\u00eb banor\u00ebve n\u00eb nj\u00eb nd\u00ebrtes\u00eb gjat\u00eb nj\u00eb zjarri. Dyert kund\u00ebr zjarrit prodhohen me materiale rezistente ndaj temperaturave t\u00eb larta dhe kursejn\u00eb koh\u00eb duke parandaluar p\u00ebrhapjen e zjarrit n\u00eb zona t\u00eb tjera. Nj\u00eb der\u00eb zjarri e<\/p>\n","protected":false},"featured_media":8180,"template":"","meta":{"_bbp_topic_count":0,"_bbp_reply_count":0,"_bbp_total_topic_count":0,"_bbp_total_reply_count":0,"_bbp_voice_count":0,"_bbp_anonymous_reply_count":0,"_bbp_topic_count_hidden":0,"_bbp_reply_count_hidden":0,"_bbp_forum_subforum_count":0},"product_brand":[],"product_cat":[899],"product_tag":[1035],"class_list":{"0":"post-8179","1":"product","2":"type-product","3":"status-publish","4":"has-post-thumbnail","6":"product_cat-dyert-e-zjarrit","7":"product_tag-camli-yangin-kapisi","9":"first","10":"instock","11":"shipping-taxable","12":"product-type-simple","13":"prodpage-classic"},"yoast_head":"<!-- This site is optimized with the Yoast SEO Premium plugin v26.6 (Yoast SEO v27.4) - https:\/\/yoast.com\/product\/yoast-seo-premium-wordpress\/ -->\n<title>Dyer Daljesh n\u00eb Rast Zjarri-Der\u00eb zjarri me dy krah\u00eb - Der\u00eb zjarri<\/title>\n<meta name=\"description\" content=\"Zgjidhni nj\u00eb der\u00eb t\u00eb sigurt dhe n\u00eb p\u00ebrputhje me rregulloret duke m\u00ebsuar karakteristikat e dyerve kund\u00ebr zjarrit me dy flet\u00eb, dyerve kund\u00ebr zjarrit prej qelqi dhe menteshave t\u00eb dyerve kund\u00ebr zjarrit.\" \/>\n<meta name=\"robots\" content=\"index, follow, max-snippet:-1, max-image-preview:large, max-video-preview:-1\" \/>\n<link rel=\"canonical\" href=\"https:\/\/www.kapi.ltd\/sq\/urun\/dyer-daljesh-ne-rast-zjarri\/\" \/>\n<meta property=\"og:locale\" content=\"sq_AL\" \/>\n<meta property=\"og:type\" content=\"article\" \/>\n<meta property=\"og:title\" content=\"Dyer Daljesh n\u00eb Rast Zjarri\" \/>\n<meta property=\"og:description\" content=\"Zgjidhni nj\u00eb der\u00eb t\u00eb sigurt dhe n\u00eb p\u00ebrputhje me rregulloret duke m\u00ebsuar karakteristikat e dyerve kund\u00ebr zjarrit me dy flet\u00eb, dyerve kund\u00ebr zjarrit prej qelqi dhe menteshave t\u00eb dyerve kund\u00ebr zjarrit.\" \/>\n<meta property=\"og:url\" content=\"https:\/\/www.kapi.ltd\/sq\/urun\/dyer-daljesh-ne-rast-zjarri\/\" \/>\n<meta property=\"og:site_name\" content=\"\u0130\u00e7 Oda Kap\u0131lar\u0131 - \u00c7elik kap\u0131 modelleri - apartman kap\u0131lar\u0131\" \/>\n<meta property=\"article:modified_time\" content=\"2025-12-07T07:31:06+00:00\" \/>\n<meta property=\"og:image\" content=\"https:\/\/www.kapi.ltd\/wp-content\/uploads\/2025\/11\/cikis-kapisi.webp\" \/>\n\t<meta property=\"og:image:width\" content=\"647\" \/>\n\t<meta property=\"og:image:height\" content=\"970\" \/>\n\t<meta property=\"og:image:type\" content=\"image\/webp\" \/>\n<meta name=\"twitter:card\" content=\"summary_large_image\" \/>\n<meta name=\"twitter:label1\" content=\"Est. reading time\" \/>\n\t<meta name=\"twitter:data1\" content=\"5 minuta\" \/>\n<script type=\"application\/ld+json\" class=\"yoast-schema-graph\">{\"@context\":\"https:\\\/\\\/schema.org\",\"@graph\":[{\"@type\":\"WebPage\",\"@id\":\"https:\\\/\\\/www.kapi.ltd\\\/sq\\\/urun\\\/dyer-daljesh-ne-rast-zjarri\\\/\",\"url\":\"https:\\\/\\\/www.kapi.ltd\\\/sq\\\/urun\\\/dyer-daljesh-ne-rast-zjarri\\\/\",\"name\":\"Dyer Daljesh n\u00eb Rast Zjarri-Der\u00eb zjarri me dy krah\u00eb - Der\u00eb zjarri\",\"isPartOf\":{\"@id\":\"https:\\\/\\\/www.kapi.ltd\\\/sq\\\/#website\"},\"primaryImageOfPage\":{\"@id\":\"https:\\\/\\\/www.kapi.ltd\\\/sq\\\/urun\\\/dyer-daljesh-ne-rast-zjarri\\\/#primaryimage\"},\"image\":{\"@id\":\"https:\\\/\\\/www.kapi.ltd\\\/sq\\\/urun\\\/dyer-daljesh-ne-rast-zjarri\\\/#primaryimage\"},\"thumbnailUrl\":\"https:\\\/\\\/www.kapi.ltd\\\/wp-content\\\/uploads\\\/2025\\\/11\\\/cikis-kapisi.webp\",\"datePublished\":\"2025-11-29T09:25:35+00:00\",\"dateModified\":\"2025-12-07T07:31:06+00:00\",\"description\":\"Zgjidhni nj\u00eb der\u00eb t\u00eb sigurt dhe n\u00eb p\u00ebrputhje me rregulloret duke m\u00ebsuar karakteristikat e dyerve kund\u00ebr zjarrit me dy flet\u00eb, dyerve kund\u00ebr zjarrit prej qelqi dhe menteshave t\u00eb dyerve kund\u00ebr zjarrit.\",\"breadcrumb\":{\"@id\":\"https:\\\/\\\/www.kapi.ltd\\\/sq\\\/urun\\\/dyer-daljesh-ne-rast-zjarri\\\/#breadcrumb\"},\"inLanguage\":\"sq\",\"potentialAction\":[{\"@type\":\"ReadAction\",\"target\":[\"https:\\\/\\\/www.kapi.ltd\\\/sq\\\/urun\\\/dyer-daljesh-ne-rast-zjarri\\\/\"]}]},{\"@type\":\"ImageObject\",\"inLanguage\":\"sq\",\"@id\":\"https:\\\/\\\/www.kapi.ltd\\\/sq\\\/urun\\\/dyer-daljesh-ne-rast-zjarri\\\/#primaryimage\",\"url\":\"https:\\\/\\\/www.kapi.ltd\\\/wp-content\\\/uploads\\\/2025\\\/11\\\/cikis-kapisi.webp\",\"contentUrl\":\"https:\\\/\\\/www.kapi.ltd\\\/wp-content\\\/uploads\\\/2025\\\/11\\\/cikis-kapisi.webp\",\"width\":647,\"height\":970,\"caption\":\"\u00e7\u0131k\u0131\u015f kap\u0131s\u0131\"},{\"@type\":\"BreadcrumbList\",\"@id\":\"https:\\\/\\\/www.kapi.ltd\\\/sq\\\/urun\\\/dyer-daljesh-ne-rast-zjarri\\\/#breadcrumb\",\"itemListElement\":[{\"@type\":\"ListItem\",\"position\":1,\"name\":\"Anasayfa\",\"item\":\"https:\\\/\\\/www.kapi.ltd\\\/sq\\\/\"},{\"@type\":\"ListItem\",\"position\":2,\"name\":\"ic-kapi-celik-kapi-modelleri\",\"item\":\"https:\\\/\\\/www.kapi.ltd\\\/?page_id=4263\"},{\"@type\":\"ListItem\",\"position\":3,\"name\":\"Dyer Daljesh n\u00eb Rast Zjarri\"}]},{\"@type\":\"WebSite\",\"@id\":\"https:\\\/\\\/www.kapi.ltd\\\/sq\\\/#website\",\"url\":\"https:\\\/\\\/www.kapi.ltd\\\/sq\\\/\",\"name\":\"\u0130\u00e7 Kap\u0131 Ve \u00c7elik Kap\u0131 Modelleri\",\"description\":\"T\u00fcrkiye Kap\u0131 Modelleri Merkezi\",\"potentialAction\":[{\"@type\":\"SearchAction\",\"target\":{\"@type\":\"EntryPoint\",\"urlTemplate\":\"https:\\\/\\\/www.kapi.ltd\\\/sq\\\/?s={search_term_string}\"},\"query-input\":{\"@type\":\"PropertyValueSpecification\",\"valueRequired\":true,\"valueName\":\"search_term_string\"}}],\"inLanguage\":\"sq\"}]}<\/script>\n<!-- \/ Yoast SEO Premium plugin. -->","yoast_head_json":{"title":"Dyer Daljesh n\u00eb Rast Zjarri-Der\u00eb zjarri me dy krah\u00eb - Der\u00eb zjarri","description":"Zgjidhni nj\u00eb der\u00eb t\u00eb sigurt dhe n\u00eb p\u00ebrputhje me rregulloret duke m\u00ebsuar karakteristikat e dyerve kund\u00ebr zjarrit me dy flet\u00eb, dyerve kund\u00ebr zjarrit prej qelqi dhe menteshave t\u00eb dyerve kund\u00ebr zjarrit.","robots":{"index":"index","follow":"follow","max-snippet":"max-snippet:-1","max-image-preview":"max-image-preview:large","max-video-preview":"max-video-preview:-1"},"canonical":"https:\/\/www.kapi.ltd\/sq\/urun\/dyer-daljesh-ne-rast-zjarri\/","og_locale":"sq_AL","og_type":"article","og_title":"Dyer Daljesh n\u00eb Rast Zjarri","og_description":"Zgjidhni nj\u00eb der\u00eb t\u00eb sigurt dhe n\u00eb p\u00ebrputhje me rregulloret duke m\u00ebsuar karakteristikat e dyerve kund\u00ebr zjarrit me dy flet\u00eb, dyerve kund\u00ebr zjarrit prej qelqi dhe menteshave t\u00eb dyerve kund\u00ebr zjarrit.","og_url":"https:\/\/www.kapi.ltd\/sq\/urun\/dyer-daljesh-ne-rast-zjarri\/","og_site_name":"\u0130\u00e7 Oda Kap\u0131lar\u0131 - \u00c7elik kap\u0131 modelleri - apartman kap\u0131lar\u0131","article_modified_time":"2025-12-07T07:31:06+00:00","og_image":[{"width":647,"height":970,"url":"https:\/\/www.kapi.ltd\/wp-content\/uploads\/2025\/11\/cikis-kapisi.webp","type":"image\/webp"}],"twitter_card":"summary_large_image","twitter_misc":{"Est. reading time":"5 minuta"},"schema":{"@context":"https:\/\/schema.org","@graph":[{"@type":"WebPage","@id":"https:\/\/www.kapi.ltd\/sq\/urun\/dyer-daljesh-ne-rast-zjarri\/","url":"https:\/\/www.kapi.ltd\/sq\/urun\/dyer-daljesh-ne-rast-zjarri\/","name":"Dyer Daljesh n\u00eb Rast Zjarri-Der\u00eb zjarri me dy krah\u00eb - Der\u00eb zjarri","isPartOf":{"@id":"https:\/\/www.kapi.ltd\/sq\/#website"},"primaryImageOfPage":{"@id":"https:\/\/www.kapi.ltd\/sq\/urun\/dyer-daljesh-ne-rast-zjarri\/#primaryimage"},"image":{"@id":"https:\/\/www.kapi.ltd\/sq\/urun\/dyer-daljesh-ne-rast-zjarri\/#primaryimage"},"thumbnailUrl":"https:\/\/www.kapi.ltd\/wp-content\/uploads\/2025\/11\/cikis-kapisi.webp","datePublished":"2025-11-29T09:25:35+00:00","dateModified":"2025-12-07T07:31:06+00:00","description":"Zgjidhni nj\u00eb der\u00eb t\u00eb sigurt dhe n\u00eb p\u00ebrputhje me rregulloret duke m\u00ebsuar karakteristikat e dyerve kund\u00ebr zjarrit me dy flet\u00eb, dyerve kund\u00ebr zjarrit prej qelqi dhe menteshave t\u00eb dyerve kund\u00ebr zjarrit.","breadcrumb":{"@id":"https:\/\/www.kapi.ltd\/sq\/urun\/dyer-daljesh-ne-rast-zjarri\/#breadcrumb"},"inLanguage":"sq","potentialAction":[{"@type":"ReadAction","target":["https:\/\/www.kapi.ltd\/sq\/urun\/dyer-daljesh-ne-rast-zjarri\/"]}]},{"@type":"ImageObject","inLanguage":"sq","@id":"https:\/\/www.kapi.ltd\/sq\/urun\/dyer-daljesh-ne-rast-zjarri\/#primaryimage","url":"https:\/\/www.kapi.ltd\/wp-content\/uploads\/2025\/11\/cikis-kapisi.webp","contentUrl":"https:\/\/www.kapi.ltd\/wp-content\/uploads\/2025\/11\/cikis-kapisi.webp","width":647,"height":970,"caption":"\u00e7\u0131k\u0131\u015f kap\u0131s\u0131"},{"@type":"BreadcrumbList","@id":"https:\/\/www.kapi.ltd\/sq\/urun\/dyer-daljesh-ne-rast-zjarri\/#breadcrumb","itemListElement":[{"@type":"ListItem","position":1,"name":"Anasayfa","item":"https:\/\/www.kapi.ltd\/sq\/"},{"@type":"ListItem","position":2,"name":"ic-kapi-celik-kapi-modelleri","item":"https:\/\/www.kapi.ltd\/?page_id=4263"},{"@type":"ListItem","position":3,"name":"Dyer Daljesh n\u00eb Rast Zjarri"}]},{"@type":"WebSite","@id":"https:\/\/www.kapi.ltd\/sq\/#website","url":"https:\/\/www.kapi.ltd\/sq\/","name":"\u0130\u00e7 Kap\u0131 Ve \u00c7elik Kap\u0131 Modelleri","description":"T\u00fcrkiye Kap\u0131 Modelleri Merkezi","potentialAction":[{"@type":"SearchAction","target":{"@type":"EntryPoint","urlTemplate":"https:\/\/www.kapi.ltd\/sq\/?s={search_term_string}"},"query-input":{"@type":"PropertyValueSpecification","valueRequired":true,"valueName":"search_term_string"}}],"inLanguage":"sq"}]}},"_links":{"self":[{"href":"https:\/\/www.kapi.ltd\/sq\/wp-json\/wp\/v2\/product\/8179","targetHints":{"allow":["GET"]}}],"collection":[{"href":"https:\/\/www.kapi.ltd\/sq\/wp-json\/wp\/v2\/product"}],"about":[{"href":"https:\/\/www.kapi.ltd\/sq\/wp-json\/wp\/v2\/types\/product"}],"version-history":[{"count":2,"href":"https:\/\/www.kapi.ltd\/sq\/wp-json\/wp\/v2\/product\/8179\/revisions"}],"predecessor-version":[{"id":8199,"href":"https:\/\/www.kapi.ltd\/sq\/wp-json\/wp\/v2\/product\/8179\/revisions\/8199"}],"wp:featuredmedia":[{"embeddable":true,"href":"https:\/\/www.kapi.ltd\/sq\/wp-json\/wp\/v2\/media\/8180"}],"wp:attachment":[{"href":"https:\/\/www.kapi.ltd\/sq\/wp-json\/wp\/v2\/media?parent=8179"}],"wp:term":[{"taxonomy":"product_brand","embeddable":true,"href":"https:\/\/www.kapi.ltd\/sq\/wp-json\/wp\/v2\/product_brand?post=8179"},{"taxonomy":"product_cat","embeddable":true,"href":"https:\/\/www.kapi.ltd\/sq\/wp-json\/wp\/v2\/product_cat?post=8179"},{"taxonomy":"product_tag","embeddable":true,"href":"https:\/\/www.kapi.ltd\/sq\/wp-json\/wp\/v2\/product_tag?post=8179"}],"curies":[{"name":"wp","href":"https:\/\/api.w.org\/{rel}","templated":true}]}}