{"id":8090,"date":"2025-11-28T22:02:34","date_gmt":"2025-11-28T19:02:34","guid":{"rendered":"https:\/\/www.kapi.ltd\/urun\/kompozit-giris-kapi-modeli\/"},"modified":"2025-12-02T22:30:45","modified_gmt":"2025-12-02T19:30:45","slug":"dere-hyrese-e-perbere-2","status":"publish","type":"product","link":"https:\/\/www.kapi.ltd\/sq\/urun\/dere-hyrese-e-perbere-2\/","title":{"rendered":"Der\u00eb hyr\u00ebse e p\u00ebrb\u00ebr\u00eb"},"content":{"rendered":"<article class=\"text-token-text-primary w-full focus:outline-none [--shadow-height:45px] has-data-writing-block:pointer-events-none has-data-writing-block:-mt-(--shadow-height) has-data-writing-block:pt-(--shadow-height) [&amp;:has([data-writing-block])&gt;*]:pointer-events-auto scroll-mt-[calc(var(--header-height)+min(200px,max(70px,20svh)))]\" dir=\"auto\" tabindex=\"-1\" data-turn-id=\"request-WEB:d9e8522b-c736-426f-a9a7-06491f2450b4-1\" data-testid=\"conversation-turn-4\" data-scroll-anchor=\"true\" data-turn=\"assistant\">\n<div class=\"text-base my-auto mx-auto pb-10 [--thread-content-margin:--spacing(4)] thread-sm:[--thread-content-margin:--spacing(6)] thread-lg:[--thread-content-margin:--spacing(16)] px-(--thread-content-margin)\">\n<div class=\"[--thread-content-max-width:40rem] thread-lg:[--thread-content-max-width:48rem] mx-auto max-w-(--thread-content-max-width) flex-1 group\/turn-messages focus-visible:outline-hidden relative flex w-full min-w-0 flex-col agent-turn\" tabindex=\"-1\">\n<div class=\"flex max-w-full flex-col grow\">\n<div class=\"min-h-8 text-message relative flex w-full flex-col items-end gap-2 text-start break-words whitespace-normal [.text-message+&amp;]:mt-1\" dir=\"auto\" data-message-author-role=\"assistant\" data-message-id=\"b8744139-592c-4762-b38f-0f121d130b2f\" data-message-model-slug=\"gpt-5-1\">\n<div class=\"flex w-full flex-col gap-1 empty:hidden first:pt-[1px]\">\n<div class=\"markdown prose dark:prose-invert w-full break-words light markdown-new-styling\"><\/div>\n<\/div>\n<\/div>\n<\/div>\n<div class=\"mt-3 w-full empty:hidden\">\n<div class=\"text-center\">\n<p>Der\u00eb Hyrjeje Kompozite: Eleganc\u00eb dhe Q\u00ebndrueshm\u00ebri p\u00ebr Vila dhe Ambiente t\u00eb Jashtme<\/p>\n<p>Pjesa e jashtme e sht\u00ebpis\u00eb suaj \u00ebsht\u00eb nj\u00eb element thelb\u00ebsor q\u00eb ndikon drejtp\u00ebrdrejt si n\u00eb sigurin\u00eb ashtu edhe n\u00eb estetik\u00ebn tuaj. Prandaj, kur zgjidhni nj\u00eb der\u00eb t\u00eb jashtme, duhet t\u00eb merrni n\u00eb konsiderat\u00eb jo vet\u00ebm pamjen vizuale, por edhe q\u00ebndrueshm\u00ebrin\u00eb dhe jet\u00ebgjat\u00ebsin\u00eb. Opsione t\u00eb tilla si dyert e hyrjes kompozite, dyert e hyrjes, dyert e jashtme dhe dyert e vilave jan\u00eb element\u00eb thelb\u00ebsor\u00eb t\u00eb arkitektur\u00ebs moderne. N\u00eb k\u00ebt\u00eb artikull, do t\u00eb diskutojm\u00eb avantazhet e dyerve kompozite dhe kushtet n\u00eb t\u00eb cilat ato duhet t\u00eb zgjidhen.<\/p>\n<p>Der\u00eb Hyrjeje Kompozite: Q\u00ebndrueshm\u00ebria dhe Estetika e Kombinuar<\/p>\n<p>Dyert e hyrjes kompozite jan\u00eb modele moderne t\u00eb dyerve q\u00eb ofrojn\u00eb nj\u00eb kombinim t\u00eb q\u00ebndrueshm\u00ebris\u00eb, eleganc\u00ebs dhe q\u00ebndrueshm\u00ebris\u00eb. Materiali kompozit \u00ebsht\u00eb nj\u00eb lloj strukture kompozite e marr\u00eb duke kombinuar struktura t\u00eb ndryshme, duke e b\u00ebr\u00eb der\u00ebn shum\u00eb rezistente ndaj kushteve t\u00eb pafavorshme t\u00eb motit. Faktor\u00ebt e jasht\u00ebm si rrezet e diellit, lag\u00ebshtia, era ose shiu nuk l\u00ebn\u00eb ndikim negativ n\u00eb der\u00ebn e hyrjes kompozite. Sidomos p\u00ebr projekte t\u00eb m\u00ebdha si dyert e vilave, zgjedhja e nj\u00eb dere t\u00eb jashtme t\u00eb q\u00ebndrueshme dhe me stil \u00ebsht\u00eb kritike p\u00ebr rritjen si t\u00eb siguris\u00eb ashtu edhe t\u00eb estetik\u00ebs s\u00eb jashtme.<\/p>\n<p>Gj\u00ebra q\u00eb duhen marr\u00eb n\u00eb konsiderat\u00eb kur zgjidhni nj\u00eb model dere hyr\u00ebse<\/p>\n<p>Kur zgjidhni nj\u00eb model dere hyr\u00ebse, q\u00ebndrueshm\u00ebria afatgjat\u00eb duhet t\u00eb merret n\u00eb konsiderat\u00eb p\u00ebrve\u00e7 estetik\u00ebs dhe funksionalitetit. Dyert e hyrjes kompozite, ndryshe nga dyert prej druri dhe metali, jan\u00eb rezistente ndaj rrezeve t\u00eb diellit direkte dhe nuk zbardhen ose deformohen me kalimin e koh\u00ebs. P\u00ebr m\u00eb tep\u00ebr, materialet kompozite jan\u00eb m\u00eb rezistente ndaj faktor\u00ebve t\u00eb jasht\u00ebm, duke zgjatur jet\u00ebgjat\u00ebsin\u00eb e dyerve. Dyert kompozite, t\u00eb preferuara shpesh si dyer t\u00eb jashtme, jan\u00eb t\u00eb pajtueshme me t\u00eb gjitha llojet e dekorit me nj\u00eb shum\u00ebllojshm\u00ebri ngjyrash, modelesh dhe opsionesh dizajni. N\u00ebse preferoni nj\u00eb stil modern apo klasik, dyert kompozite do t&#8217;i shtojn\u00eb nj\u00eb prekje elegante pjes\u00ebs s\u00eb jashtme t\u00eb sht\u00ebpis\u00eb tuaj.<\/p>\n<p>Dera e Vil\u00ebs: Nj\u00eb Opsion q\u00eb Kombinon Estetik\u00ebn dhe Sigurin\u00eb<\/p>\n<p>Modelet e dyerve t\u00eb vil\u00ebs zakonisht kan\u00eb dizajne m\u00eb t\u00eb m\u00ebdha dhe m\u00eb t\u00eb personalizuara, duke shtuar nj\u00eb prekje prestigjioze pjes\u00ebs s\u00eb jashtme t\u00eb sht\u00ebpis\u00eb tuaj. K\u00ebto lloje dyersh jan\u00eb t\u00eb r\u00ebnd\u00ebsishme jo vet\u00ebm p\u00ebr pamjen e tyre t\u00ebrheq\u00ebse, por edhe p\u00ebr sigurin\u00eb e tyre. Fal\u00eb nd\u00ebrtimit t\u00eb tyre t\u00eb fort\u00eb, dyert kompozite ofrojn\u00eb mbrojtje shtes\u00eb kund\u00ebr vjedhjes. P\u00ebr m\u00eb tep\u00ebr, dyert kompozite jan\u00eb rezistente ndaj kushteve t\u00eb jashtme dhe mund t\u00eb p\u00ebrdoren n\u00eb hap\u00ebsira t\u00eb m\u00ebdha si vila p\u00ebr shum\u00eb vite pa asnj\u00eb problem. Dizajnet e tyre moderne dhe elegante plot\u00ebsojn\u00eb n\u00eb m\u00ebnyr\u00eb t\u00eb p\u00ebrkryer estetik\u00ebn q\u00eb k\u00ebrkoni kur zgjidhni nj\u00eb der\u00eb vile.<\/p>\n<p>Avantazhet e Dyerve Kompozite<\/p>\n<p>Q\u00ebndrueshm\u00ebria: Dyert e hyrjes kompozite jan\u00eb shum\u00eb rezistente ndaj kushteve t\u00eb ndryshme t\u00eb motit. Rezistente ndaj rrezeve t\u00eb d\u00ebmshme t\u00eb diellit, shiut, lag\u00ebshtis\u00eb dhe er\u00ebs, ato mbeten n\u00eb gjendje t\u00eb paprekur p\u00ebr vite me radh\u00eb.<\/p>\n<p>Jet\u00ebsia: Ndryshe nga dyert prej druri, dyert kompozite nuk k\u00ebrkojn\u00eb mir\u00ebmbajtje dhe nuk do t\u00eb p\u00ebrkeq\u00ebsohen p\u00ebr shum\u00eb vite. Dyert kompozite ruajn\u00eb pamjen e tyre estetike edhe pas viteve t\u00eb p\u00ebrdorimit.<\/p>\n<p>Mund\u00ebsit\u00eb Estetike: Dyert kompozite, me nj\u00eb larmi ngjyrash dhe modelesh, p\u00ebrzihen n\u00eb m\u00ebnyr\u00eb t\u00eb p\u00ebrsosur me \u00e7do stil arkitektonik. Zgjedhja e nj\u00eb dere kompozite si dera juaj e hyrjes do t&#8217;i shtoj\u00eb eleganc\u00eb sht\u00ebpis\u00eb tuaj.<\/p>\n<p>Mir\u00ebmbajtje e Ul\u00ebt: Materialet kompozite jan\u00eb shum\u00eb rezistente ndaj faktor\u00ebve t\u00eb jasht\u00ebm dhe k\u00ebrkojn\u00eb shum\u00eb pak mir\u00ebmbajtje. Kjo i b\u00ebn dyert kompozite m\u00eb ekonomike.<\/p>\n<p>Miq\u00ebsia ndaj Mjedisit: Dyert kompozite jan\u00eb b\u00ebr\u00eb nga materiale natyrore dhe kan\u00eb veti miq\u00ebsore me mjedisin. Ato jan\u00eb nj\u00eb zgjedhje ideale p\u00ebr ata q\u00eb k\u00ebrkojn\u00eb nj\u00eb opsion miq\u00ebsor me mjedisin.<\/p>\n<p>\u00c7mimet e Dyerve Kompozite<\/p>\n<p>\u00c7mimet e dyerve t\u00eb hyrjes kompozite mund t\u00eb ndryshojn\u00eb n\u00eb var\u00ebsi t\u00eb dizajnit t\u00eb modelit, llojit t\u00eb materialeve t\u00eb p\u00ebrdorura dhe madh\u00ebsis\u00eb s\u00eb tij. Megjithat\u00eb, duke marr\u00eb parasysh q\u00ebndrueshm\u00ebrin\u00eb afatgjat\u00eb dhe k\u00ebrkesat e ul\u00ebta t\u00eb mir\u00ebmbajtjes t\u00eb ofruara nga dyert kompozite, mund t\u00eb thuhet se investimi fillestar ia vlen. Dyert m\u00eb t\u00eb m\u00ebdha dhe t\u00eb dizenjuara me porosi, si\u00e7 jan\u00eb dyert e vilave, shpesh k\u00ebrkojn\u00eb \u00e7mime m\u00eb t\u00eb larta, por nd\u00ebrtimi i tyre i fort\u00eb dhe pamja estetike i b\u00ebjn\u00eb ato t\u00eb ia vlejn\u00eb \u00e7mimin.<\/p>\n<p>P\u00ebrfundim<\/p>\n<p>Dyert e hyrjes kompozite, dyert e hyrjes, dyert e jashtme dhe dyert e vilave luajn\u00eb nj\u00eb rol t\u00eb r\u00ebnd\u00ebsish\u00ebm n\u00eb estetik\u00ebn dhe sigurin\u00eb e pjes\u00ebve t\u00eb jashtme t\u00eb sht\u00ebpis\u00eb, duke ofruar nj\u00eb kombinim q\u00ebndrueshm\u00ebrie dhe elegance. Rezistente ndaj faktor\u00ebve t\u00eb jasht\u00ebm si rrezet e diellit, lag\u00ebshtia dhe shiu, dyert kompozite ofrojn\u00eb nj\u00eb avantazh t\u00eb r\u00ebnd\u00ebsish\u00ebm p\u00ebr pronar\u00ebt e sht\u00ebpive me p\u00ebrdorimin e tyre afatgjat\u00eb. Dizajnet e tyre moderne dhe opsionet e larmishme t\u00eb ngjyrave i shtojn\u00eb eleganc\u00eb sht\u00ebpis\u00eb tuaj, duke i dh\u00ebn\u00eb gjithashtu p\u00ebrpar\u00ebsi siguris\u00eb. N\u00ebse jeni duke k\u00ebrkuar nj\u00eb der\u00eb t\u00eb jashtme afatgjat\u00eb, estetikisht t\u00eb k\u00ebndshme dhe t\u00eb sigurt, dyert kompozite jan\u00eb nj\u00eb zgjedhje e shk\u00eblqyer.<\/p>\n<\/div>\n<\/div>\n<\/div>\n<\/div>\n<\/article>\n<div class=\"pointer-events-none h-px w-px\" aria-hidden=\"true\" data-edge=\"true\"><\/div>\n","protected":false},"excerpt":{"rendered":"<p>Der\u00eb Hyrjeje Kompozite: Eleganc\u00eb dhe Q\u00ebndrueshm\u00ebri p\u00ebr Vila dhe Ambiente t\u00eb Jashtme Pjesa e jashtme e sht\u00ebpis\u00eb suaj \u00ebsht\u00eb nj\u00eb element thelb\u00ebsor q\u00eb ndikon drejtp\u00ebrdrejt si n\u00eb sigurin\u00eb ashtu edhe n\u00eb estetik\u00ebn tuaj. Prandaj, kur zgjidhni nj\u00eb der\u00eb t\u00eb jashtme, duhet t\u00eb merrni n\u00eb konsiderat\u00eb jo vet\u00ebm pamjen vizuale, por edhe q\u00ebndrueshm\u00ebrin\u00eb dhe jet\u00ebgjat\u00ebsin\u00eb. Opsione<\/p>\n","protected":false},"featured_media":8091,"template":"","meta":{"_bbp_topic_count":0,"_bbp_reply_count":0,"_bbp_total_topic_count":0,"_bbp_total_reply_count":0,"_bbp_voice_count":0,"_bbp_anonymous_reply_count":0,"_bbp_topic_count_hidden":0,"_bbp_reply_count_hidden":0,"_bbp_forum_subforum_count":0},"product_brand":[],"product_cat":[1049],"product_tag":[1121],"class_list":{"0":"post-8090","1":"product","2":"type-product","3":"status-publish","4":"has-post-thumbnail","6":"product_cat-dera-e-jashtme","7":"product_tag-giris-kapi-modeli","9":"first","10":"instock","11":"shipping-taxable","12":"product-type-simple","13":"prodpage-classic"},"yoast_head":"<!-- This site is optimized with the Yoast SEO Premium plugin v26.6 (Yoast SEO v27.4) - https:\/\/yoast.com\/product\/yoast-seo-premium-wordpress\/ -->\n<title>Der\u00eb \u00e7eliku e zez\u00eb- Der\u00eb \u00e7eliku prej qelqi- Der\u00eb hyr\u00ebse e p\u00ebrb\u00ebr\u00eb<\/title>\n<meta name=\"description\" content=\"Dyert e hyrjes prej kompoziti plot\u00ebsojn\u00eb n\u00eb m\u00ebnyr\u00eb t\u00eb p\u00ebrkryer pjes\u00ebn e jashtme t\u00eb sht\u00ebpis\u00eb tuaj me q\u00ebndrueshm\u00ebrin\u00eb, pamjen estetike dhe struktur\u00ebn e tyre jet\u00ebgjat\u00eb.\" \/>\n<meta name=\"robots\" content=\"index, follow, max-snippet:-1, max-image-preview:large, max-video-preview:-1\" \/>\n<link rel=\"canonical\" href=\"https:\/\/www.kapi.ltd\/sq\/urun\/dere-hyrese-e-perbere-2\/\" \/>\n<meta property=\"og:locale\" content=\"sq_AL\" \/>\n<meta property=\"og:type\" content=\"article\" \/>\n<meta property=\"og:title\" content=\"Der\u00eb hyr\u00ebse e p\u00ebrb\u00ebr\u00eb\" \/>\n<meta property=\"og:description\" content=\"Dyert e hyrjes prej kompoziti plot\u00ebsojn\u00eb n\u00eb m\u00ebnyr\u00eb t\u00eb p\u00ebrkryer pjes\u00ebn e jashtme t\u00eb sht\u00ebpis\u00eb tuaj me q\u00ebndrueshm\u00ebrin\u00eb, pamjen estetike dhe struktur\u00ebn e tyre jet\u00ebgjat\u00eb.\" \/>\n<meta property=\"og:url\" content=\"https:\/\/www.kapi.ltd\/sq\/urun\/dere-hyrese-e-perbere-2\/\" \/>\n<meta property=\"og:site_name\" content=\"\u0130\u00e7 Oda Kap\u0131lar\u0131 - \u00c7elik kap\u0131 modelleri - apartman kap\u0131lar\u0131\" \/>\n<meta property=\"article:modified_time\" content=\"2025-12-02T19:30:45+00:00\" \/>\n<meta property=\"og:image\" content=\"https:\/\/www.kapi.ltd\/wp-content\/uploads\/2025\/11\/kompozit-giris-kapi-modeli.webp\" \/>\n\t<meta property=\"og:image:width\" content=\"650\" \/>\n\t<meta property=\"og:image:height\" content=\"975\" \/>\n\t<meta property=\"og:image:type\" content=\"image\/webp\" \/>\n<meta name=\"twitter:card\" content=\"summary_large_image\" \/>\n<meta name=\"twitter:label1\" content=\"Est. reading time\" \/>\n\t<meta name=\"twitter:data1\" content=\"6 minuta\" \/>\n<script type=\"application\/ld+json\" class=\"yoast-schema-graph\">{\"@context\":\"https:\\\/\\\/schema.org\",\"@graph\":[{\"@type\":\"WebPage\",\"@id\":\"https:\\\/\\\/www.kapi.ltd\\\/sq\\\/urun\\\/dere-hyrese-e-perbere-2\\\/\",\"url\":\"https:\\\/\\\/www.kapi.ltd\\\/sq\\\/urun\\\/dere-hyrese-e-perbere-2\\\/\",\"name\":\"Der\u00eb \u00e7eliku e zez\u00eb- Der\u00eb \u00e7eliku prej qelqi- Der\u00eb hyr\u00ebse e p\u00ebrb\u00ebr\u00eb\",\"isPartOf\":{\"@id\":\"https:\\\/\\\/www.kapi.ltd\\\/sq\\\/#website\"},\"primaryImageOfPage\":{\"@id\":\"https:\\\/\\\/www.kapi.ltd\\\/sq\\\/urun\\\/dere-hyrese-e-perbere-2\\\/#primaryimage\"},\"image\":{\"@id\":\"https:\\\/\\\/www.kapi.ltd\\\/sq\\\/urun\\\/dere-hyrese-e-perbere-2\\\/#primaryimage\"},\"thumbnailUrl\":\"https:\\\/\\\/www.kapi.ltd\\\/wp-content\\\/uploads\\\/2025\\\/11\\\/kompozit-giris-kapi-modeli.webp\",\"datePublished\":\"2025-11-28T19:02:34+00:00\",\"dateModified\":\"2025-12-02T19:30:45+00:00\",\"description\":\"Dyert e hyrjes prej kompoziti plot\u00ebsojn\u00eb n\u00eb m\u00ebnyr\u00eb t\u00eb p\u00ebrkryer pjes\u00ebn e jashtme t\u00eb sht\u00ebpis\u00eb tuaj me q\u00ebndrueshm\u00ebrin\u00eb, pamjen estetike dhe struktur\u00ebn e tyre jet\u00ebgjat\u00eb.\",\"breadcrumb\":{\"@id\":\"https:\\\/\\\/www.kapi.ltd\\\/sq\\\/urun\\\/dere-hyrese-e-perbere-2\\\/#breadcrumb\"},\"inLanguage\":\"sq\",\"potentialAction\":[{\"@type\":\"ReadAction\",\"target\":[\"https:\\\/\\\/www.kapi.ltd\\\/sq\\\/urun\\\/dere-hyrese-e-perbere-2\\\/\"]}]},{\"@type\":\"ImageObject\",\"inLanguage\":\"sq\",\"@id\":\"https:\\\/\\\/www.kapi.ltd\\\/sq\\\/urun\\\/dere-hyrese-e-perbere-2\\\/#primaryimage\",\"url\":\"https:\\\/\\\/www.kapi.ltd\\\/wp-content\\\/uploads\\\/2025\\\/11\\\/kompozit-giris-kapi-modeli.webp\",\"contentUrl\":\"https:\\\/\\\/www.kapi.ltd\\\/wp-content\\\/uploads\\\/2025\\\/11\\\/kompozit-giris-kapi-modeli.webp\",\"width\":650,\"height\":975,\"caption\":\"kompozit giri\u015f kap\u0131 modeli\"},{\"@type\":\"BreadcrumbList\",\"@id\":\"https:\\\/\\\/www.kapi.ltd\\\/sq\\\/urun\\\/dere-hyrese-e-perbere-2\\\/#breadcrumb\",\"itemListElement\":[{\"@type\":\"ListItem\",\"position\":1,\"name\":\"Anasayfa\",\"item\":\"https:\\\/\\\/www.kapi.ltd\\\/sq\\\/\"},{\"@type\":\"ListItem\",\"position\":2,\"name\":\"ic-kapi-celik-kapi-modelleri\",\"item\":\"https:\\\/\\\/www.kapi.ltd\\\/?page_id=4263\"},{\"@type\":\"ListItem\",\"position\":3,\"name\":\"Der\u00eb hyr\u00ebse e p\u00ebrb\u00ebr\u00eb\"}]},{\"@type\":\"WebSite\",\"@id\":\"https:\\\/\\\/www.kapi.ltd\\\/sq\\\/#website\",\"url\":\"https:\\\/\\\/www.kapi.ltd\\\/sq\\\/\",\"name\":\"\u0130\u00e7 Kap\u0131 Ve \u00c7elik Kap\u0131 Modelleri\",\"description\":\"T\u00fcrkiye Kap\u0131 Modelleri Merkezi\",\"potentialAction\":[{\"@type\":\"SearchAction\",\"target\":{\"@type\":\"EntryPoint\",\"urlTemplate\":\"https:\\\/\\\/www.kapi.ltd\\\/sq\\\/?s={search_term_string}\"},\"query-input\":{\"@type\":\"PropertyValueSpecification\",\"valueRequired\":true,\"valueName\":\"search_term_string\"}}],\"inLanguage\":\"sq\"}]}<\/script>\n<!-- \/ Yoast SEO Premium plugin. -->","yoast_head_json":{"title":"Der\u00eb \u00e7eliku e zez\u00eb- Der\u00eb \u00e7eliku prej qelqi- Der\u00eb hyr\u00ebse e p\u00ebrb\u00ebr\u00eb","description":"Dyert e hyrjes prej kompoziti plot\u00ebsojn\u00eb n\u00eb m\u00ebnyr\u00eb t\u00eb p\u00ebrkryer pjes\u00ebn e jashtme t\u00eb sht\u00ebpis\u00eb tuaj me q\u00ebndrueshm\u00ebrin\u00eb, pamjen estetike dhe struktur\u00ebn e tyre jet\u00ebgjat\u00eb.","robots":{"index":"index","follow":"follow","max-snippet":"max-snippet:-1","max-image-preview":"max-image-preview:large","max-video-preview":"max-video-preview:-1"},"canonical":"https:\/\/www.kapi.ltd\/sq\/urun\/dere-hyrese-e-perbere-2\/","og_locale":"sq_AL","og_type":"article","og_title":"Der\u00eb hyr\u00ebse e p\u00ebrb\u00ebr\u00eb","og_description":"Dyert e hyrjes prej kompoziti plot\u00ebsojn\u00eb n\u00eb m\u00ebnyr\u00eb t\u00eb p\u00ebrkryer pjes\u00ebn e jashtme t\u00eb sht\u00ebpis\u00eb tuaj me q\u00ebndrueshm\u00ebrin\u00eb, pamjen estetike dhe struktur\u00ebn e tyre jet\u00ebgjat\u00eb.","og_url":"https:\/\/www.kapi.ltd\/sq\/urun\/dere-hyrese-e-perbere-2\/","og_site_name":"\u0130\u00e7 Oda Kap\u0131lar\u0131 - \u00c7elik kap\u0131 modelleri - apartman kap\u0131lar\u0131","article_modified_time":"2025-12-02T19:30:45+00:00","og_image":[{"width":650,"height":975,"url":"https:\/\/www.kapi.ltd\/wp-content\/uploads\/2025\/11\/kompozit-giris-kapi-modeli.webp","type":"image\/webp"}],"twitter_card":"summary_large_image","twitter_misc":{"Est. reading time":"6 minuta"},"schema":{"@context":"https:\/\/schema.org","@graph":[{"@type":"WebPage","@id":"https:\/\/www.kapi.ltd\/sq\/urun\/dere-hyrese-e-perbere-2\/","url":"https:\/\/www.kapi.ltd\/sq\/urun\/dere-hyrese-e-perbere-2\/","name":"Der\u00eb \u00e7eliku e zez\u00eb- Der\u00eb \u00e7eliku prej qelqi- Der\u00eb hyr\u00ebse e p\u00ebrb\u00ebr\u00eb","isPartOf":{"@id":"https:\/\/www.kapi.ltd\/sq\/#website"},"primaryImageOfPage":{"@id":"https:\/\/www.kapi.ltd\/sq\/urun\/dere-hyrese-e-perbere-2\/#primaryimage"},"image":{"@id":"https:\/\/www.kapi.ltd\/sq\/urun\/dere-hyrese-e-perbere-2\/#primaryimage"},"thumbnailUrl":"https:\/\/www.kapi.ltd\/wp-content\/uploads\/2025\/11\/kompozit-giris-kapi-modeli.webp","datePublished":"2025-11-28T19:02:34+00:00","dateModified":"2025-12-02T19:30:45+00:00","description":"Dyert e hyrjes prej kompoziti plot\u00ebsojn\u00eb n\u00eb m\u00ebnyr\u00eb t\u00eb p\u00ebrkryer pjes\u00ebn e jashtme t\u00eb sht\u00ebpis\u00eb tuaj me q\u00ebndrueshm\u00ebrin\u00eb, pamjen estetike dhe struktur\u00ebn e tyre jet\u00ebgjat\u00eb.","breadcrumb":{"@id":"https:\/\/www.kapi.ltd\/sq\/urun\/dere-hyrese-e-perbere-2\/#breadcrumb"},"inLanguage":"sq","potentialAction":[{"@type":"ReadAction","target":["https:\/\/www.kapi.ltd\/sq\/urun\/dere-hyrese-e-perbere-2\/"]}]},{"@type":"ImageObject","inLanguage":"sq","@id":"https:\/\/www.kapi.ltd\/sq\/urun\/dere-hyrese-e-perbere-2\/#primaryimage","url":"https:\/\/www.kapi.ltd\/wp-content\/uploads\/2025\/11\/kompozit-giris-kapi-modeli.webp","contentUrl":"https:\/\/www.kapi.ltd\/wp-content\/uploads\/2025\/11\/kompozit-giris-kapi-modeli.webp","width":650,"height":975,"caption":"kompozit giri\u015f kap\u0131 modeli"},{"@type":"BreadcrumbList","@id":"https:\/\/www.kapi.ltd\/sq\/urun\/dere-hyrese-e-perbere-2\/#breadcrumb","itemListElement":[{"@type":"ListItem","position":1,"name":"Anasayfa","item":"https:\/\/www.kapi.ltd\/sq\/"},{"@type":"ListItem","position":2,"name":"ic-kapi-celik-kapi-modelleri","item":"https:\/\/www.kapi.ltd\/?page_id=4263"},{"@type":"ListItem","position":3,"name":"Der\u00eb hyr\u00ebse e p\u00ebrb\u00ebr\u00eb"}]},{"@type":"WebSite","@id":"https:\/\/www.kapi.ltd\/sq\/#website","url":"https:\/\/www.kapi.ltd\/sq\/","name":"\u0130\u00e7 Kap\u0131 Ve \u00c7elik Kap\u0131 Modelleri","description":"T\u00fcrkiye Kap\u0131 Modelleri Merkezi","potentialAction":[{"@type":"SearchAction","target":{"@type":"EntryPoint","urlTemplate":"https:\/\/www.kapi.ltd\/sq\/?s={search_term_string}"},"query-input":{"@type":"PropertyValueSpecification","valueRequired":true,"valueName":"search_term_string"}}],"inLanguage":"sq"}]}},"_links":{"self":[{"href":"https:\/\/www.kapi.ltd\/sq\/wp-json\/wp\/v2\/product\/8090","targetHints":{"allow":["GET"]}}],"collection":[{"href":"https:\/\/www.kapi.ltd\/sq\/wp-json\/wp\/v2\/product"}],"about":[{"href":"https:\/\/www.kapi.ltd\/sq\/wp-json\/wp\/v2\/types\/product"}],"version-history":[{"count":2,"href":"https:\/\/www.kapi.ltd\/sq\/wp-json\/wp\/v2\/product\/8090\/revisions"}],"predecessor-version":[{"id":8107,"href":"https:\/\/www.kapi.ltd\/sq\/wp-json\/wp\/v2\/product\/8090\/revisions\/8107"}],"wp:featuredmedia":[{"embeddable":true,"href":"https:\/\/www.kapi.ltd\/sq\/wp-json\/wp\/v2\/media\/8091"}],"wp:attachment":[{"href":"https:\/\/www.kapi.ltd\/sq\/wp-json\/wp\/v2\/media?parent=8090"}],"wp:term":[{"taxonomy":"product_brand","embeddable":true,"href":"https:\/\/www.kapi.ltd\/sq\/wp-json\/wp\/v2\/product_brand?post=8090"},{"taxonomy":"product_cat","embeddable":true,"href":"https:\/\/www.kapi.ltd\/sq\/wp-json\/wp\/v2\/product_cat?post=8090"},{"taxonomy":"product_tag","embeddable":true,"href":"https:\/\/www.kapi.ltd\/sq\/wp-json\/wp\/v2\/product_tag?post=8090"}],"curies":[{"name":"wp","href":"https:\/\/api.w.org\/{rel}","templated":true}]}}