{"id":7031,"date":"2025-10-18T09:10:47","date_gmt":"2025-10-18T06:10:47","guid":{"rendered":"https:\/\/www.kapi.ltd\/urun\/celik-kapi-modeli\/"},"modified":"2025-10-18T09:10:47","modified_gmt":"2025-10-18T06:10:47","slug":"celik-kapi-modeli","status":"publish","type":"product","link":"https:\/\/www.kapi.ltd\/sq\/urun\/celik-kapi-modeli\/","title":{"rendered":"\u00c7elik Kap\u0131 Modeli"},"content":{"rendered":"<p data-start=\"0\" data-end=\"34\"><strong data-start=\"0\" data-end=\"34\">En Be\u011fenilen \u00c7elik Kap\u0131 Modeli<\/strong><\/p>\n<p data-start=\"36\" data-end=\"393\">G\u00fcvenlik ve esteti\u011fi bir araya getiren <strong data-start=\"75\" data-end=\"99\">\u00e7elik kap\u0131 modelleri<\/strong>, her ge\u00e7en g\u00fcn daha modern ve \u015f\u0131k tasar\u0131mlarla kar\u015f\u0131m\u0131za \u00e7\u0131k\u0131yor. <strong data-start=\"166\" data-end=\"192\">Yeni \u00e7elik kap\u0131 modeli<\/strong> ile tasar\u0131mdan g\u00fcvenli\u011fe kadar t\u00fcm beklentilerinizi kar\u015f\u0131l\u0131yoruz. Hem i\u00e7 mekanlara hem de d\u0131\u015f mekanlara uyum sa\u011flayabilecek, modern \u00e7izgilere sahip <strong data-start=\"341\" data-end=\"365\">\u00e7elik kap\u0131 modelleri<\/strong> ile mekan\u0131n\u0131za de\u011fer kat\u0131n.<\/p>\n<p data-start=\"395\" data-end=\"806\">Estetik a\u00e7\u0131dan zarif ve kullan\u0131\u015fl\u0131 olan bu <strong data-start=\"438\" data-end=\"460\">yeni \u00e7elik kap\u0131lar<\/strong>, <strong data-start=\"462\" data-end=\"478\">g\u00fcvenli\u011finiz<\/strong> i\u00e7in tasarlanm\u0131\u015f \u00e7ift kilit sistemleriyle donat\u0131lm\u0131\u015ft\u0131r. Y\u00fcksek kalite malzemelerle \u00fcretilen <strong data-start=\"572\" data-end=\"593\">\u00e7elik kap\u0131 modeli<\/strong>, dayan\u0131kl\u0131 yap\u0131s\u0131 ve \u015f\u0131k g\u00f6r\u00fcn\u00fcm\u00fcyle be\u011fenilen tasar\u0131mlar aras\u0131nda \u00f6ne \u00e7\u0131k\u0131yor. Modern \u00e7izgiler ve fonksiyonel detaylar, kap\u0131n\u0131z\u0131n estetik olarak zarif olmas\u0131n\u0131 sa\u011flarken, ayn\u0131 zamanda <strong data-start=\"779\" data-end=\"792\">g\u00fcvenli\u011fi<\/strong> de art\u0131r\u0131yor.<\/p>\n<p data-start=\"808\" data-end=\"1053\" data-is-last-node=\"\" data-is-only-node=\"\"><strong data-start=\"808\" data-end=\"834\">Yeni \u00e7elik kap\u0131 modeli<\/strong>, hem \u015f\u0131k hem de sa\u011flam yap\u0131s\u0131yla evinizin d\u0131\u015f cephesine modern bir dokunu\u015f katacak. Hem g\u00fcvenlik hem de estetik a\u00e7\u0131dan beklentilerinizi kar\u015f\u0131layacak bu kap\u0131, mekanlar\u0131n\u0131za de\u011fer katarken, g\u00fcvenli\u011finizi \u00f6n planda tutar<\/p>\n","protected":false},"excerpt":{"rendered":"<p>En Be\u011fenilen \u00c7elik Kap\u0131 Modeli G\u00fcvenlik ve esteti\u011fi bir araya getiren \u00e7elik kap\u0131 modelleri, her ge\u00e7en g\u00fcn daha modern ve \u015f\u0131k tasar\u0131mlarla kar\u015f\u0131m\u0131za \u00e7\u0131k\u0131yor. Yeni \u00e7elik kap\u0131 modeli ile tasar\u0131mdan g\u00fcvenli\u011fe kadar t\u00fcm beklentilerinizi kar\u015f\u0131l\u0131yoruz. Hem i\u00e7 mekanlara hem de d\u0131\u015f mekanlara uyum sa\u011flayabilecek, modern \u00e7izgilere sahip \u00e7elik kap\u0131 modelleri ile mekan\u0131n\u0131za de\u011fer kat\u0131n. Estetik<\/p>\n","protected":false},"featured_media":7032,"template":"","meta":{"_bbp_topic_count":0,"_bbp_reply_count":0,"_bbp_total_topic_count":0,"_bbp_total_reply_count":0,"_bbp_voice_count":0,"_bbp_anonymous_reply_count":0,"_bbp_topic_count_hidden":0,"_bbp_reply_count_hidden":0,"_bbp_forum_subforum_count":0},"product_brand":[],"product_cat":[729],"product_tag":[1005],"class_list":{"0":"post-7031","1":"product","2":"type-product","3":"status-publish","4":"has-post-thumbnail","6":"product_cat-dyer-moderne-te-blinduara","7":"product_tag-model-dere-te-blinduar","9":"first","10":"instock","11":"shipping-taxable","12":"product-type-simple","13":"prodpage-classic"},"yoast_head":"<!-- This site is optimized with the Yoast SEO Premium plugin v26.6 (Yoast SEO v27.5) - https:\/\/yoast.com\/product\/yoast-seo-premium-wordpress\/ -->\n<title>\u00c7elik Kap\u0131 Modeli - \u0130\u00e7 Oda Kap\u0131lar\u0131 - \u00c7elik kap\u0131 modelleri - apartman kap\u0131lar\u0131<\/title>\n<meta name=\"robots\" content=\"index, follow, max-snippet:-1, max-image-preview:large, max-video-preview:-1\" \/>\n<link rel=\"canonical\" href=\"https:\/\/www.kapi.ltd\/sq\/urun\/celik-kapi-modeli\/\" \/>\n<meta property=\"og:locale\" content=\"sq_AL\" \/>\n<meta property=\"og:type\" content=\"article\" \/>\n<meta property=\"og:title\" content=\"\u00c7elik Kap\u0131 Modeli\" \/>\n<meta property=\"og:description\" content=\"En Be\u011fenilen \u00c7elik Kap\u0131 Modeli G\u00fcvenlik ve esteti\u011fi bir araya getiren \u00e7elik kap\u0131 modelleri, her ge\u00e7en g\u00fcn daha modern ve \u015f\u0131k tasar\u0131mlarla kar\u015f\u0131m\u0131za \u00e7\u0131k\u0131yor. Yeni \u00e7elik kap\u0131 modeli ile tasar\u0131mdan g\u00fcvenli\u011fe kadar t\u00fcm beklentilerinizi kar\u015f\u0131l\u0131yoruz. Hem i\u00e7 mekanlara hem de d\u0131\u015f mekanlara uyum sa\u011flayabilecek, modern \u00e7izgilere sahip \u00e7elik kap\u0131 modelleri ile mekan\u0131n\u0131za de\u011fer kat\u0131n. Estetik\" \/>\n<meta property=\"og:url\" content=\"https:\/\/www.kapi.ltd\/sq\/urun\/celik-kapi-modeli\/\" \/>\n<meta property=\"og:site_name\" content=\"\u0130\u00e7 Oda Kap\u0131lar\u0131 - \u00c7elik kap\u0131 modelleri - apartman kap\u0131lar\u0131\" \/>\n<meta property=\"og:image\" content=\"https:\/\/www.kapi.ltd\/wp-content\/uploads\/2025\/10\/celik-kapi-modelleri.webp\" \/>\n\t<meta property=\"og:image:width\" content=\"650\" \/>\n\t<meta property=\"og:image:height\" content=\"975\" \/>\n\t<meta property=\"og:image:type\" content=\"image\/webp\" \/>\n<meta name=\"twitter:card\" content=\"summary_large_image\" \/>\n<meta name=\"twitter:label1\" content=\"Est. reading time\" \/>\n\t<meta name=\"twitter:data1\" content=\"1 minut\u00eb\" \/>\n<script type=\"application\/ld+json\" class=\"yoast-schema-graph\">{\"@context\":\"https:\\\/\\\/schema.org\",\"@graph\":[{\"@type\":\"WebPage\",\"@id\":\"https:\\\/\\\/www.kapi.ltd\\\/sq\\\/urun\\\/celik-kapi-modeli\\\/\",\"url\":\"https:\\\/\\\/www.kapi.ltd\\\/sq\\\/urun\\\/celik-kapi-modeli\\\/\",\"name\":\"\u00c7elik Kap\u0131 Modeli - \u0130\u00e7 Oda Kap\u0131lar\u0131 - \u00c7elik kap\u0131 modelleri - apartman kap\u0131lar\u0131\",\"isPartOf\":{\"@id\":\"https:\\\/\\\/www.kapi.ltd\\\/sq\\\/#website\"},\"primaryImageOfPage\":{\"@id\":\"https:\\\/\\\/www.kapi.ltd\\\/sq\\\/urun\\\/celik-kapi-modeli\\\/#primaryimage\"},\"image\":{\"@id\":\"https:\\\/\\\/www.kapi.ltd\\\/sq\\\/urun\\\/celik-kapi-modeli\\\/#primaryimage\"},\"thumbnailUrl\":\"https:\\\/\\\/www.kapi.ltd\\\/wp-content\\\/uploads\\\/2025\\\/10\\\/celik-kapi-modelleri.webp\",\"datePublished\":\"2025-10-18T06:10:47+00:00\",\"breadcrumb\":{\"@id\":\"https:\\\/\\\/www.kapi.ltd\\\/sq\\\/urun\\\/celik-kapi-modeli\\\/#breadcrumb\"},\"inLanguage\":\"sq\",\"potentialAction\":[{\"@type\":\"ReadAction\",\"target\":[\"https:\\\/\\\/www.kapi.ltd\\\/sq\\\/urun\\\/celik-kapi-modeli\\\/\"]}]},{\"@type\":\"ImageObject\",\"inLanguage\":\"sq\",\"@id\":\"https:\\\/\\\/www.kapi.ltd\\\/sq\\\/urun\\\/celik-kapi-modeli\\\/#primaryimage\",\"url\":\"https:\\\/\\\/www.kapi.ltd\\\/wp-content\\\/uploads\\\/2025\\\/10\\\/celik-kapi-modelleri.webp\",\"contentUrl\":\"https:\\\/\\\/www.kapi.ltd\\\/wp-content\\\/uploads\\\/2025\\\/10\\\/celik-kapi-modelleri.webp\",\"width\":650,\"height\":975,\"caption\":\"\u00e7elik kap\u0131 modelleri\"},{\"@type\":\"BreadcrumbList\",\"@id\":\"https:\\\/\\\/www.kapi.ltd\\\/sq\\\/urun\\\/celik-kapi-modeli\\\/#breadcrumb\",\"itemListElement\":[{\"@type\":\"ListItem\",\"position\":1,\"name\":\"Anasayfa\",\"item\":\"https:\\\/\\\/www.kapi.ltd\\\/sq\\\/\"},{\"@type\":\"ListItem\",\"position\":2,\"name\":\"ic-kapi-celik-kapi-modelleri\",\"item\":\"https:\\\/\\\/www.kapi.ltd\\\/?page_id=4263\"},{\"@type\":\"ListItem\",\"position\":3,\"name\":\"\u00c7elik Kap\u0131 Modeli\"}]},{\"@type\":\"WebSite\",\"@id\":\"https:\\\/\\\/www.kapi.ltd\\\/sq\\\/#website\",\"url\":\"https:\\\/\\\/www.kapi.ltd\\\/sq\\\/\",\"name\":\"\u0130\u00e7 Kap\u0131 Ve \u00c7elik Kap\u0131 Modelleri\",\"description\":\"T\u00fcrkiye Kap\u0131 Modelleri Merkezi\",\"potentialAction\":[{\"@type\":\"SearchAction\",\"target\":{\"@type\":\"EntryPoint\",\"urlTemplate\":\"https:\\\/\\\/www.kapi.ltd\\\/sq\\\/?s={search_term_string}\"},\"query-input\":{\"@type\":\"PropertyValueSpecification\",\"valueRequired\":true,\"valueName\":\"search_term_string\"}}],\"inLanguage\":\"sq\"}]}<\/script>\n<!-- \/ Yoast SEO Premium plugin. -->","yoast_head_json":{"title":"\u00c7elik Kap\u0131 Modeli - \u0130\u00e7 Oda Kap\u0131lar\u0131 - \u00c7elik kap\u0131 modelleri - apartman kap\u0131lar\u0131","robots":{"index":"index","follow":"follow","max-snippet":"max-snippet:-1","max-image-preview":"max-image-preview:large","max-video-preview":"max-video-preview:-1"},"canonical":"https:\/\/www.kapi.ltd\/sq\/urun\/celik-kapi-modeli\/","og_locale":"sq_AL","og_type":"article","og_title":"\u00c7elik Kap\u0131 Modeli","og_description":"En Be\u011fenilen \u00c7elik Kap\u0131 Modeli G\u00fcvenlik ve esteti\u011fi bir araya getiren \u00e7elik kap\u0131 modelleri, her ge\u00e7en g\u00fcn daha modern ve \u015f\u0131k tasar\u0131mlarla kar\u015f\u0131m\u0131za \u00e7\u0131k\u0131yor. Yeni \u00e7elik kap\u0131 modeli ile tasar\u0131mdan g\u00fcvenli\u011fe kadar t\u00fcm beklentilerinizi kar\u015f\u0131l\u0131yoruz. Hem i\u00e7 mekanlara hem de d\u0131\u015f mekanlara uyum sa\u011flayabilecek, modern \u00e7izgilere sahip \u00e7elik kap\u0131 modelleri ile mekan\u0131n\u0131za de\u011fer kat\u0131n. Estetik","og_url":"https:\/\/www.kapi.ltd\/sq\/urun\/celik-kapi-modeli\/","og_site_name":"\u0130\u00e7 Oda Kap\u0131lar\u0131 - \u00c7elik kap\u0131 modelleri - apartman kap\u0131lar\u0131","og_image":[{"width":650,"height":975,"url":"https:\/\/www.kapi.ltd\/wp-content\/uploads\/2025\/10\/celik-kapi-modelleri.webp","type":"image\/webp"}],"twitter_card":"summary_large_image","twitter_misc":{"Est. reading time":"1 minut\u00eb"},"schema":{"@context":"https:\/\/schema.org","@graph":[{"@type":"WebPage","@id":"https:\/\/www.kapi.ltd\/sq\/urun\/celik-kapi-modeli\/","url":"https:\/\/www.kapi.ltd\/sq\/urun\/celik-kapi-modeli\/","name":"\u00c7elik Kap\u0131 Modeli - \u0130\u00e7 Oda Kap\u0131lar\u0131 - \u00c7elik kap\u0131 modelleri - apartman kap\u0131lar\u0131","isPartOf":{"@id":"https:\/\/www.kapi.ltd\/sq\/#website"},"primaryImageOfPage":{"@id":"https:\/\/www.kapi.ltd\/sq\/urun\/celik-kapi-modeli\/#primaryimage"},"image":{"@id":"https:\/\/www.kapi.ltd\/sq\/urun\/celik-kapi-modeli\/#primaryimage"},"thumbnailUrl":"https:\/\/www.kapi.ltd\/wp-content\/uploads\/2025\/10\/celik-kapi-modelleri.webp","datePublished":"2025-10-18T06:10:47+00:00","breadcrumb":{"@id":"https:\/\/www.kapi.ltd\/sq\/urun\/celik-kapi-modeli\/#breadcrumb"},"inLanguage":"sq","potentialAction":[{"@type":"ReadAction","target":["https:\/\/www.kapi.ltd\/sq\/urun\/celik-kapi-modeli\/"]}]},{"@type":"ImageObject","inLanguage":"sq","@id":"https:\/\/www.kapi.ltd\/sq\/urun\/celik-kapi-modeli\/#primaryimage","url":"https:\/\/www.kapi.ltd\/wp-content\/uploads\/2025\/10\/celik-kapi-modelleri.webp","contentUrl":"https:\/\/www.kapi.ltd\/wp-content\/uploads\/2025\/10\/celik-kapi-modelleri.webp","width":650,"height":975,"caption":"\u00e7elik kap\u0131 modelleri"},{"@type":"BreadcrumbList","@id":"https:\/\/www.kapi.ltd\/sq\/urun\/celik-kapi-modeli\/#breadcrumb","itemListElement":[{"@type":"ListItem","position":1,"name":"Anasayfa","item":"https:\/\/www.kapi.ltd\/sq\/"},{"@type":"ListItem","position":2,"name":"ic-kapi-celik-kapi-modelleri","item":"https:\/\/www.kapi.ltd\/?page_id=4263"},{"@type":"ListItem","position":3,"name":"\u00c7elik Kap\u0131 Modeli"}]},{"@type":"WebSite","@id":"https:\/\/www.kapi.ltd\/sq\/#website","url":"https:\/\/www.kapi.ltd\/sq\/","name":"\u0130\u00e7 Kap\u0131 Ve \u00c7elik Kap\u0131 Modelleri","description":"T\u00fcrkiye Kap\u0131 Modelleri Merkezi","potentialAction":[{"@type":"SearchAction","target":{"@type":"EntryPoint","urlTemplate":"https:\/\/www.kapi.ltd\/sq\/?s={search_term_string}"},"query-input":{"@type":"PropertyValueSpecification","valueRequired":true,"valueName":"search_term_string"}}],"inLanguage":"sq"}]}},"_links":{"self":[{"href":"https:\/\/www.kapi.ltd\/sq\/wp-json\/wp\/v2\/product\/7031","targetHints":{"allow":["GET"]}}],"collection":[{"href":"https:\/\/www.kapi.ltd\/sq\/wp-json\/wp\/v2\/product"}],"about":[{"href":"https:\/\/www.kapi.ltd\/sq\/wp-json\/wp\/v2\/types\/product"}],"version-history":[{"count":0,"href":"https:\/\/www.kapi.ltd\/sq\/wp-json\/wp\/v2\/product\/7031\/revisions"}],"wp:featuredmedia":[{"embeddable":true,"href":"https:\/\/www.kapi.ltd\/sq\/wp-json\/wp\/v2\/media\/7032"}],"wp:attachment":[{"href":"https:\/\/www.kapi.ltd\/sq\/wp-json\/wp\/v2\/media?parent=7031"}],"wp:term":[{"taxonomy":"product_brand","embeddable":true,"href":"https:\/\/www.kapi.ltd\/sq\/wp-json\/wp\/v2\/product_brand?post=7031"},{"taxonomy":"product_cat","embeddable":true,"href":"https:\/\/www.kapi.ltd\/sq\/wp-json\/wp\/v2\/product_cat?post=7031"},{"taxonomy":"product_tag","embeddable":true,"href":"https:\/\/www.kapi.ltd\/sq\/wp-json\/wp\/v2\/product_tag?post=7031"}],"curies":[{"name":"wp","href":"https:\/\/api.w.org\/{rel}","templated":true}]}}