{"id":5601,"date":"2025-10-18T21:33:01","date_gmt":"2025-10-18T18:33:01","guid":{"rendered":"https:\/\/www.kapi.ltd\/urun\/celik-kapi-modeli-3\/"},"modified":"2025-11-17T22:41:17","modified_gmt":"2025-11-17T19:41:17","slug":"modeli-i-deres-se-celikut","status":"publish","type":"product","link":"https:\/\/www.kapi.ltd\/sq\/urun\/modeli-i-deres-se-celikut\/","title":{"rendered":"Modeli i Der\u00ebs s\u00eb \u00c7elikut"},"content":{"rendered":"<div class=\"relative basis-auto flex-col -mb-(--composer-overlap-px) [--composer-overlap-px:28px] grow flex overflow-hidden\">\n<div class=\"relative h-full\">\n<div class=\"flex h-full flex-col overflow-y-auto thread-xl:pt-(--header-height) [scrollbar-gutter:stable_both-edges]\">\n<div class=\"flex flex-col text-sm thread-xl:pt-header-height pb-25\">\n<article class=\"text-token-text-primary w-full focus:outline-none [--shadow-height:45px] has-data-writing-block:pointer-events-none has-data-writing-block:-mt-(--shadow-height) has-data-writing-block:pt-(--shadow-height) [&amp;:has([data-writing-block])&gt;*]:pointer-events-auto scroll-mt-[calc(var(--header-height)+min(200px,max(70px,20svh)))]\" dir=\"auto\" tabindex=\"-1\" data-turn-id=\"request-WEB:daedc216-5f69-4fce-aba6-b00f7f90a267-22\" data-testid=\"conversation-turn-46\" data-scroll-anchor=\"true\" data-turn=\"assistant\">\n<div class=\"text-base my-auto mx-auto pb-10 [--thread-content-margin:--spacing(4)] thread-sm:[--thread-content-margin:--spacing(6)] thread-lg:[--thread-content-margin:--spacing(16)] px-(--thread-content-margin)\">\n<div class=\"[--thread-content-max-width:40rem] thread-lg:[--thread-content-max-width:48rem] mx-auto max-w-(--thread-content-max-width) flex-1 group\/turn-messages focus-visible:outline-hidden relative flex w-full min-w-0 flex-col agent-turn\" tabindex=\"-1\">\n<div class=\"flex max-w-full flex-col grow\">\n<div class=\"min-h-8 text-message relative flex w-full flex-col items-end gap-2 text-start break-words whitespace-normal [.text-message+&amp;]:mt-1\" dir=\"auto\" data-message-author-role=\"assistant\" data-message-id=\"9130ff8a-2636-4209-a489-5cb11ada9bd8\" data-message-model-slug=\"gpt-5-mini\">\n<div class=\"flex w-full flex-col gap-1 empty:hidden first:pt-[1px]\">\n<div class=\"markdown prose dark:prose-invert w-full break-words light markdown-new-styling\">\n<p>Modeli i Der\u00ebs s\u00eb \u00c7elikut t\u00eb Zi Mat: Dizajn Modern dhe Harmoni Elegante e Toneve t\u00eb Drurit<\/p>\n<p>Nj\u00eb zgjedhje perfekte p\u00ebr ata q\u00eb k\u00ebrkojn\u00eb nj\u00eb der\u00eb \u00e7eliku: dera e \u00e7elikut t\u00eb zi mat! Ngroht\u00ebsia e toneve t\u00eb drurit e kombinuar me pamjen elegante t\u00eb s\u00eb zez\u00ebs mat krijon nj\u00eb dizajn modern dhe estetikisht t\u00eb k\u00ebndsh\u00ebm. Kjo der\u00eb \u00e7eliku e zez\u00eb, e dallueshme p\u00ebr eleganc\u00ebn dhe q\u00ebndrueshm\u00ebrin\u00eb e saj, siguron sigurin\u00eb e sht\u00ebpis\u00eb tuaj duke p\u00ebrmir\u00ebsuar nj\u00ebkoh\u00ebsisht dekorin tuaj modern.<\/p>\n<p>Modeli i der\u00ebs s\u00eb \u00e7elikut t\u00eb zi mat bie n\u00eb sy n\u00eb hap\u00ebsirat e jashtme me linjat e saj t\u00eb thjeshta dhe elegante, nd\u00ebrsa tekstura natyrale e toneve t\u00eb drurit harmonizohet bukur me ambientet tuaja t\u00eb brendshme. Apeli i saj estetik nuk \u00ebsht\u00eb vet\u00ebm mbres\u00ebl\u00ebn\u00ebs, por edhe bie n\u00eb sy me nd\u00ebrtimin e saj t\u00eb fort\u00eb dhe karakteristikat e siguris\u00eb.<\/p>\n<p>Nj\u00eb der\u00eb \u00e7eliku e zez\u00eb \u00ebsht\u00eb zgjedhja perfekte p\u00ebr t&#8217;i shtuar nj\u00eb prekje moderne sht\u00ebpis\u00eb tuaj, duke rritur sigurin\u00eb dhe duke arritur nj\u00eb dizajn estetikisht t\u00eb k\u00ebndsh\u00ebm. Ngjyra e saj e zez\u00eb mat, e p\u00ebrzier me tonet e drurit, p\u00ebrzihet n\u00eb m\u00ebnyr\u00eb t\u00eb p\u00ebrsosur me \u00e7do dekor t\u00eb brendsh\u00ebm ose t\u00eb jasht\u00ebm.<\/p>\n<\/div>\n<\/div>\n<\/div>\n<\/div>\n<\/div>\n<\/div>\n<\/article>\n<\/div>\n<\/div>\n<\/div>\n<\/div>\n","protected":false},"excerpt":{"rendered":"<p>Modeli i Der\u00ebs s\u00eb \u00c7elikut t\u00eb Zi Mat: Dizajn Modern dhe Harmoni Elegante e Toneve t\u00eb Drurit Nj\u00eb zgjedhje perfekte p\u00ebr ata q\u00eb k\u00ebrkojn\u00eb nj\u00eb der\u00eb \u00e7eliku: dera e \u00e7elikut t\u00eb zi mat! Ngroht\u00ebsia e toneve t\u00eb drurit e kombinuar me pamjen elegante t\u00eb s\u00eb zez\u00ebs mat krijon nj\u00eb dizajn modern dhe estetikisht t\u00eb k\u00ebndsh\u00ebm.<\/p>\n","protected":false},"featured_media":5602,"template":"","meta":{"_bbp_topic_count":0,"_bbp_reply_count":0,"_bbp_total_topic_count":0,"_bbp_total_reply_count":0,"_bbp_voice_count":0,"_bbp_anonymous_reply_count":0,"_bbp_topic_count_hidden":0,"_bbp_reply_count_hidden":0,"_bbp_forum_subforum_count":0},"product_brand":[],"product_cat":[729],"product_tag":[],"class_list":{"0":"post-5601","1":"product","2":"type-product","3":"status-publish","4":"has-post-thumbnail","6":"product_cat-dyer-moderne-te-blinduara","8":"first","9":"instock","10":"shipping-taxable","11":"product-type-simple","12":"prodpage-classic"},"yoast_head":"<!-- This site is optimized with the Yoast SEO Premium plugin v26.6 (Yoast SEO v27.5) - https:\/\/yoast.com\/product\/yoast-seo-premium-wordpress\/ -->\n<title>Modeli i Der\u00ebs s\u00eb \u00c7elikut- Modeli i der\u00ebs s\u00eb \u00e7elikut t\u00eb zi<\/title>\n<meta name=\"description\" content=\"Modelet m\u00eb t\u00eb njohura t\u00eb dyerve prej \u00e7eliku t\u00eb zi mat midis modeleve t\u00eb dyerve t\u00eb \u00e7elikut jan\u00eb dyert e reja prej \u00e7eliku me dizajn modern.\" \/>\n<meta name=\"robots\" content=\"index, follow, max-snippet:-1, max-image-preview:large, max-video-preview:-1\" \/>\n<link rel=\"canonical\" href=\"https:\/\/www.kapi.ltd\/sq\/urun\/modeli-i-deres-se-celikut\/\" \/>\n<meta property=\"og:locale\" content=\"sq_AL\" \/>\n<meta property=\"og:type\" content=\"article\" \/>\n<meta property=\"og:title\" content=\"Modeli i Der\u00ebs s\u00eb \u00c7elikut\" \/>\n<meta property=\"og:description\" content=\"Modelet m\u00eb t\u00eb njohura t\u00eb dyerve prej \u00e7eliku t\u00eb zi mat midis modeleve t\u00eb dyerve t\u00eb \u00e7elikut jan\u00eb dyert e reja prej \u00e7eliku me dizajn modern.\" \/>\n<meta property=\"og:url\" content=\"https:\/\/www.kapi.ltd\/sq\/urun\/modeli-i-deres-se-celikut\/\" \/>\n<meta property=\"og:site_name\" content=\"\u0130\u00e7 Oda Kap\u0131lar\u0131 - \u00c7elik kap\u0131 modelleri - apartman kap\u0131lar\u0131\" \/>\n<meta property=\"article:modified_time\" content=\"2025-11-17T19:41:17+00:00\" \/>\n<meta property=\"og:image\" content=\"https:\/\/www.kapi.ltd\/wp-content\/uploads\/2025\/10\/celik-kapi-modeli.webp\" \/>\n\t<meta property=\"og:image:width\" content=\"650\" \/>\n\t<meta property=\"og:image:height\" content=\"975\" \/>\n\t<meta property=\"og:image:type\" content=\"image\/webp\" \/>\n<meta name=\"twitter:card\" content=\"summary_large_image\" \/>\n<meta name=\"twitter:label1\" content=\"Est. reading time\" \/>\n\t<meta name=\"twitter:data1\" content=\"2 minuta\" \/>\n<script type=\"application\/ld+json\" class=\"yoast-schema-graph\">{\"@context\":\"https:\\\/\\\/schema.org\",\"@graph\":[{\"@type\":\"WebPage\",\"@id\":\"https:\\\/\\\/www.kapi.ltd\\\/sq\\\/urun\\\/modeli-i-deres-se-celikut\\\/\",\"url\":\"https:\\\/\\\/www.kapi.ltd\\\/sq\\\/urun\\\/modeli-i-deres-se-celikut\\\/\",\"name\":\"Modeli i Der\u00ebs s\u00eb \u00c7elikut- Modeli i der\u00ebs s\u00eb \u00e7elikut t\u00eb zi\",\"isPartOf\":{\"@id\":\"https:\\\/\\\/www.kapi.ltd\\\/sq\\\/#website\"},\"primaryImageOfPage\":{\"@id\":\"https:\\\/\\\/www.kapi.ltd\\\/sq\\\/urun\\\/modeli-i-deres-se-celikut\\\/#primaryimage\"},\"image\":{\"@id\":\"https:\\\/\\\/www.kapi.ltd\\\/sq\\\/urun\\\/modeli-i-deres-se-celikut\\\/#primaryimage\"},\"thumbnailUrl\":\"https:\\\/\\\/www.kapi.ltd\\\/wp-content\\\/uploads\\\/2025\\\/10\\\/celik-kapi-modeli.webp\",\"datePublished\":\"2025-10-18T18:33:01+00:00\",\"dateModified\":\"2025-11-17T19:41:17+00:00\",\"description\":\"Modelet m\u00eb t\u00eb njohura t\u00eb dyerve prej \u00e7eliku t\u00eb zi mat midis modeleve t\u00eb dyerve t\u00eb \u00e7elikut jan\u00eb dyert e reja prej \u00e7eliku me dizajn modern.\",\"breadcrumb\":{\"@id\":\"https:\\\/\\\/www.kapi.ltd\\\/sq\\\/urun\\\/modeli-i-deres-se-celikut\\\/#breadcrumb\"},\"inLanguage\":\"sq\",\"potentialAction\":[{\"@type\":\"ReadAction\",\"target\":[\"https:\\\/\\\/www.kapi.ltd\\\/sq\\\/urun\\\/modeli-i-deres-se-celikut\\\/\"]}]},{\"@type\":\"ImageObject\",\"inLanguage\":\"sq\",\"@id\":\"https:\\\/\\\/www.kapi.ltd\\\/sq\\\/urun\\\/modeli-i-deres-se-celikut\\\/#primaryimage\",\"url\":\"https:\\\/\\\/www.kapi.ltd\\\/wp-content\\\/uploads\\\/2025\\\/10\\\/celik-kapi-modeli.webp\",\"contentUrl\":\"https:\\\/\\\/www.kapi.ltd\\\/wp-content\\\/uploads\\\/2025\\\/10\\\/celik-kapi-modeli.webp\",\"width\":650,\"height\":975,\"caption\":\"\u00e7elik kap\u0131 modeli\"},{\"@type\":\"BreadcrumbList\",\"@id\":\"https:\\\/\\\/www.kapi.ltd\\\/sq\\\/urun\\\/modeli-i-deres-se-celikut\\\/#breadcrumb\",\"itemListElement\":[{\"@type\":\"ListItem\",\"position\":1,\"name\":\"Anasayfa\",\"item\":\"https:\\\/\\\/www.kapi.ltd\\\/sq\\\/\"},{\"@type\":\"ListItem\",\"position\":2,\"name\":\"ic-kapi-celik-kapi-modelleri\",\"item\":\"https:\\\/\\\/www.kapi.ltd\\\/?page_id=4263\"},{\"@type\":\"ListItem\",\"position\":3,\"name\":\"Modeli i Der\u00ebs s\u00eb \u00c7elikut\"}]},{\"@type\":\"WebSite\",\"@id\":\"https:\\\/\\\/www.kapi.ltd\\\/sq\\\/#website\",\"url\":\"https:\\\/\\\/www.kapi.ltd\\\/sq\\\/\",\"name\":\"\u0130\u00e7 Kap\u0131 Ve \u00c7elik Kap\u0131 Modelleri\",\"description\":\"T\u00fcrkiye Kap\u0131 Modelleri Merkezi\",\"potentialAction\":[{\"@type\":\"SearchAction\",\"target\":{\"@type\":\"EntryPoint\",\"urlTemplate\":\"https:\\\/\\\/www.kapi.ltd\\\/sq\\\/?s={search_term_string}\"},\"query-input\":{\"@type\":\"PropertyValueSpecification\",\"valueRequired\":true,\"valueName\":\"search_term_string\"}}],\"inLanguage\":\"sq\"}]}<\/script>\n<!-- \/ Yoast SEO Premium plugin. -->","yoast_head_json":{"title":"Modeli i Der\u00ebs s\u00eb \u00c7elikut- Modeli i der\u00ebs s\u00eb \u00e7elikut t\u00eb zi","description":"Modelet m\u00eb t\u00eb njohura t\u00eb dyerve prej \u00e7eliku t\u00eb zi mat midis modeleve t\u00eb dyerve t\u00eb \u00e7elikut jan\u00eb dyert e reja prej \u00e7eliku me dizajn modern.","robots":{"index":"index","follow":"follow","max-snippet":"max-snippet:-1","max-image-preview":"max-image-preview:large","max-video-preview":"max-video-preview:-1"},"canonical":"https:\/\/www.kapi.ltd\/sq\/urun\/modeli-i-deres-se-celikut\/","og_locale":"sq_AL","og_type":"article","og_title":"Modeli i Der\u00ebs s\u00eb \u00c7elikut","og_description":"Modelet m\u00eb t\u00eb njohura t\u00eb dyerve prej \u00e7eliku t\u00eb zi mat midis modeleve t\u00eb dyerve t\u00eb \u00e7elikut jan\u00eb dyert e reja prej \u00e7eliku me dizajn modern.","og_url":"https:\/\/www.kapi.ltd\/sq\/urun\/modeli-i-deres-se-celikut\/","og_site_name":"\u0130\u00e7 Oda Kap\u0131lar\u0131 - \u00c7elik kap\u0131 modelleri - apartman kap\u0131lar\u0131","article_modified_time":"2025-11-17T19:41:17+00:00","og_image":[{"width":650,"height":975,"url":"https:\/\/www.kapi.ltd\/wp-content\/uploads\/2025\/10\/celik-kapi-modeli.webp","type":"image\/webp"}],"twitter_card":"summary_large_image","twitter_misc":{"Est. reading time":"2 minuta"},"schema":{"@context":"https:\/\/schema.org","@graph":[{"@type":"WebPage","@id":"https:\/\/www.kapi.ltd\/sq\/urun\/modeli-i-deres-se-celikut\/","url":"https:\/\/www.kapi.ltd\/sq\/urun\/modeli-i-deres-se-celikut\/","name":"Modeli i Der\u00ebs s\u00eb \u00c7elikut- Modeli i der\u00ebs s\u00eb \u00e7elikut t\u00eb zi","isPartOf":{"@id":"https:\/\/www.kapi.ltd\/sq\/#website"},"primaryImageOfPage":{"@id":"https:\/\/www.kapi.ltd\/sq\/urun\/modeli-i-deres-se-celikut\/#primaryimage"},"image":{"@id":"https:\/\/www.kapi.ltd\/sq\/urun\/modeli-i-deres-se-celikut\/#primaryimage"},"thumbnailUrl":"https:\/\/www.kapi.ltd\/wp-content\/uploads\/2025\/10\/celik-kapi-modeli.webp","datePublished":"2025-10-18T18:33:01+00:00","dateModified":"2025-11-17T19:41:17+00:00","description":"Modelet m\u00eb t\u00eb njohura t\u00eb dyerve prej \u00e7eliku t\u00eb zi mat midis modeleve t\u00eb dyerve t\u00eb \u00e7elikut jan\u00eb dyert e reja prej \u00e7eliku me dizajn modern.","breadcrumb":{"@id":"https:\/\/www.kapi.ltd\/sq\/urun\/modeli-i-deres-se-celikut\/#breadcrumb"},"inLanguage":"sq","potentialAction":[{"@type":"ReadAction","target":["https:\/\/www.kapi.ltd\/sq\/urun\/modeli-i-deres-se-celikut\/"]}]},{"@type":"ImageObject","inLanguage":"sq","@id":"https:\/\/www.kapi.ltd\/sq\/urun\/modeli-i-deres-se-celikut\/#primaryimage","url":"https:\/\/www.kapi.ltd\/wp-content\/uploads\/2025\/10\/celik-kapi-modeli.webp","contentUrl":"https:\/\/www.kapi.ltd\/wp-content\/uploads\/2025\/10\/celik-kapi-modeli.webp","width":650,"height":975,"caption":"\u00e7elik kap\u0131 modeli"},{"@type":"BreadcrumbList","@id":"https:\/\/www.kapi.ltd\/sq\/urun\/modeli-i-deres-se-celikut\/#breadcrumb","itemListElement":[{"@type":"ListItem","position":1,"name":"Anasayfa","item":"https:\/\/www.kapi.ltd\/sq\/"},{"@type":"ListItem","position":2,"name":"ic-kapi-celik-kapi-modelleri","item":"https:\/\/www.kapi.ltd\/?page_id=4263"},{"@type":"ListItem","position":3,"name":"Modeli i Der\u00ebs s\u00eb \u00c7elikut"}]},{"@type":"WebSite","@id":"https:\/\/www.kapi.ltd\/sq\/#website","url":"https:\/\/www.kapi.ltd\/sq\/","name":"\u0130\u00e7 Kap\u0131 Ve \u00c7elik Kap\u0131 Modelleri","description":"T\u00fcrkiye Kap\u0131 Modelleri Merkezi","potentialAction":[{"@type":"SearchAction","target":{"@type":"EntryPoint","urlTemplate":"https:\/\/www.kapi.ltd\/sq\/?s={search_term_string}"},"query-input":{"@type":"PropertyValueSpecification","valueRequired":true,"valueName":"search_term_string"}}],"inLanguage":"sq"}]}},"_links":{"self":[{"href":"https:\/\/www.kapi.ltd\/sq\/wp-json\/wp\/v2\/product\/5601","targetHints":{"allow":["GET"]}}],"collection":[{"href":"https:\/\/www.kapi.ltd\/sq\/wp-json\/wp\/v2\/product"}],"about":[{"href":"https:\/\/www.kapi.ltd\/sq\/wp-json\/wp\/v2\/types\/product"}],"version-history":[{"count":2,"href":"https:\/\/www.kapi.ltd\/sq\/wp-json\/wp\/v2\/product\/5601\/revisions"}],"predecessor-version":[{"id":5622,"href":"https:\/\/www.kapi.ltd\/sq\/wp-json\/wp\/v2\/product\/5601\/revisions\/5622"}],"wp:featuredmedia":[{"embeddable":true,"href":"https:\/\/www.kapi.ltd\/sq\/wp-json\/wp\/v2\/media\/5602"}],"wp:attachment":[{"href":"https:\/\/www.kapi.ltd\/sq\/wp-json\/wp\/v2\/media?parent=5601"}],"wp:term":[{"taxonomy":"product_brand","embeddable":true,"href":"https:\/\/www.kapi.ltd\/sq\/wp-json\/wp\/v2\/product_brand?post=5601"},{"taxonomy":"product_cat","embeddable":true,"href":"https:\/\/www.kapi.ltd\/sq\/wp-json\/wp\/v2\/product_cat?post=5601"},{"taxonomy":"product_tag","embeddable":true,"href":"https:\/\/www.kapi.ltd\/sq\/wp-json\/wp\/v2\/product_tag?post=5601"}],"curies":[{"name":"wp","href":"https:\/\/api.w.org\/{rel}","templated":true}]}}