{"id":10138,"date":"2026-03-01T00:55:22","date_gmt":"2026-02-28T21:55:22","guid":{"rendered":"https:\/\/www.kapi.ltd\/urun\/wpc-kapi-turleri\/"},"modified":"2026-03-08T10:10:45","modified_gmt":"2026-03-08T07:10:45","slug":"wpc-kapi-turleri","status":"publish","type":"product","link":"https:\/\/www.kapi.ltd\/sq\/urun\/wpc-kapi-turleri\/","title":{"rendered":"WPC Kap\u0131 T\u00fcrleri"},"content":{"rendered":"<div class=\"relative basis-auto flex-col -mb-(--composer-overlap-px) [--composer-overlap-px:28px] grow flex\">\n<div class=\"flex flex-col text-sm pb-25\">\n<article class=\"text-token-text-primary w-full focus:outline-none [--shadow-height:45px] has-data-writing-block:pointer-events-none has-data-writing-block:-mt-(--shadow-height) has-data-writing-block:pt-(--shadow-height) [&amp;:has([data-writing-block])&gt;*]:pointer-events-auto scroll-mt-[calc(var(--header-height)+min(200px,max(70px,20svh)))]\" dir=\"auto\" tabindex=\"-1\" data-turn-id=\"request-WEB:2b9e6435-ceff-4ba4-bf60-66abfd099f94-4\" data-testid=\"conversation-turn-6\" data-scroll-anchor=\"true\" data-turn=\"assistant\">\n<div class=\"text-base my-auto mx-auto pb-10 [--thread-content-margin:--spacing(4)] @w-sm\/main:[--thread-content-margin:--spacing(6)] @w-lg\/main:[--thread-content-margin:--spacing(16)] px-(--thread-content-margin)\">\n<div class=\"[--thread-content-max-width:40rem] @w-lg\/main:[--thread-content-max-width:48rem] mx-auto max-w-(--thread-content-max-width) flex-1 group\/turn-messages focus-visible:outline-hidden relative flex w-full min-w-0 flex-col agent-turn\" tabindex=\"-1\">\n<div class=\"flex max-w-full flex-col grow\">\n<div class=\"min-h-8 text-message relative flex w-full flex-col items-end gap-2 text-start break-words whitespace-normal [.text-message+&amp;]:mt-1\" dir=\"auto\" data-message-author-role=\"assistant\" data-message-id=\"7e3d4023-93e5-4f40-b9b4-ca2e1a7065cc\" data-message-model-slug=\"gpt-5-2\">\n<div class=\"flex w-full flex-col gap-1 empty:hidden first:pt-[1px]\">\n<div class=\"markdown prose dark:prose-invert w-full wrap-break-word light markdown-new-styling\">\n<div class=\"flex flex-col text-sm\">\n<article class=\"text-token-text-primary w-full focus:outline-none [--shadow-height:45px] has-data-writing-block:pointer-events-none has-data-writing-block:-mt-(--shadow-height) has-data-writing-block:pt-(--shadow-height) [&amp;:has([data-writing-block])&gt;*]:pointer-events-auto scroll-mt-[calc(var(--header-height)+min(200px,max(70px,20svh)))]\" dir=\"auto\" tabindex=\"-1\" data-turn-id=\"request-WEB:cd5deb19-94c9-483e-9ebf-bd612e199c7a-4\" data-testid=\"conversation-turn-10\" data-scroll-anchor=\"true\" data-turn=\"assistant\">\n<div class=\"text-base my-auto mx-auto pb-10 [--thread-content-margin:--spacing(4)] @w-sm\/main:[--thread-content-margin:--spacing(6)] @w-lg\/main:[--thread-content-margin:--spacing(16)] px-(--thread-content-margin)\">\n<div class=\"[--thread-content-max-width:40rem] @w-lg\/main:[--thread-content-max-width:48rem] mx-auto max-w-(--thread-content-max-width) flex-1 group\/turn-messages focus-visible:outline-hidden relative flex w-full min-w-0 flex-col agent-turn\" tabindex=\"-1\">\n<div class=\"flex max-w-full flex-col grow\">\n<div class=\"min-h-8 text-message relative flex w-full flex-col items-end gap-2 text-start break-words whitespace-normal [.text-message+&amp;]:mt-1\" dir=\"auto\" data-message-author-role=\"assistant\" data-message-id=\"b96b74e1-3daa-4b7d-9619-2887dd84cbb3\" data-message-model-slug=\"gpt-5-2\">\n<div class=\"flex w-full flex-col gap-1 empty:hidden first:pt-[1px]\">\n<div class=\"markdown prose dark:prose-invert w-full wrap-break-word light markdown-new-styling\">\n<div class=\"flex h-svh w-screen flex-col\">\n<div class=\"relative z-0 flex min-h-0 w-full flex-1\">\n<div class=\"relative flex min-h-0 w-full flex-1\">\n<div class=\"@container\/main relative flex min-w-0 flex-1 flex-col -translate-y-[calc(env(safe-area-inset-bottom,0px)\/2)] pt-[calc(env(safe-area-inset-bottom,0px)\/2)]\">\n<div class=\"@w-sm\/main:[scrollbar-gutter:stable_both-edges] touch:[scrollbar-width:none] relative flex min-h-0 min-w-0 flex-1 flex-col [scrollbar-gutter:stable] not-print:overflow-x-clip not-print:overflow-y-auto scroll-pt-(--header-height) [--sticky-padding-top:var(--header-height)] has-data-[fixed-header=less-than-xl]:@w-xl\/main:scroll-pt-0 has-data-[fixed-header=less-than-xl]:@w-xl\/main:[--sticky-padding-top:0px] has-data-[fixed-header=less-than-xxl]:@w-2xl\/main:scroll-pt-0 has-data-[fixed-header=less-than-xxl]:@w-2xl\/main:[--sticky-padding-top:0px]\" data-scroll-root=\"\">\n<p>&nbsp;<\/p>\n<div id=\"thread\" class=\"group\/thread flex flex-col min-h-full\">\n<div class=\"composer-parent flex flex-1 flex-col focus-visible:outline-0\" role=\"presentation\">\n<div class=\"relative basis-auto flex-col -mb-(--composer-overlap-px) [--composer-overlap-px:28px] grow flex\">\n<div class=\"flex flex-col text-sm pb-25\">\n<article class=\"text-token-text-primary w-full focus:outline-none [--shadow-height:45px] has-data-writing-block:pointer-events-none has-data-writing-block:-mt-(--shadow-height) has-data-writing-block:pt-(--shadow-height) [&amp;:has([data-writing-block])&gt;*]:pointer-events-auto scroll-mt-[calc(var(--header-height)+min(200px,max(70px,20svh)))]\" dir=\"auto\" tabindex=\"-1\" data-turn-id=\"request-67feb9a1-ef58-8000-b34f-988d9fd415bc-5\" data-testid=\"conversation-turn-204\" data-scroll-anchor=\"true\" data-turn=\"assistant\">\n<div class=\"text-base my-auto mx-auto pb-10 [--thread-content-margin:--spacing(4)] @w-sm\/main:[--thread-content-margin:--spacing(6)] @w-lg\/main:[--thread-content-margin:--spacing(16)] px-(--thread-content-margin)\">\n<div class=\"[--thread-content-max-width:40rem] @w-lg\/main:[--thread-content-max-width:48rem] mx-auto max-w-(--thread-content-max-width) flex-1 group\/turn-messages focus-visible:outline-hidden relative flex w-full min-w-0 flex-col agent-turn\" tabindex=\"-1\">\n<div class=\"flex max-w-full flex-col grow\">\n<div class=\"min-h-8 text-message relative flex w-full flex-col items-end gap-2 text-start break-words whitespace-normal [.text-message+&amp;]:mt-1\" dir=\"auto\" data-message-author-role=\"assistant\" data-message-id=\"da0a2ab6-2e51-48bf-9d11-b6bb78e9d757\" data-message-model-slug=\"gpt-5-mini\">\n<div class=\"flex w-full flex-col gap-1 empty:hidden first:pt-[1px]\">\n<div class=\"markdown prose dark:prose-invert w-full wrap-break-word light markdown-new-styling\">\n<h3 data-start=\"5411\" data-end=\"5486\">WPC Kap\u0131 T\u00fcrleri: \u0130\u00e7 ve D\u0131\u015f Mekan Kullan\u0131m\u0131nda \u0130deal \u00c7\u00f6z\u00fcmler<\/h3>\n<p data-start=\"5488\" data-end=\"5532\"><strong data-start=\"5488\" data-end=\"5532\">Giri\u015f: WPC Kap\u0131lar Nerelerde Kullan\u0131l\u0131r?<\/strong><\/p>\n<p data-start=\"5534\" data-end=\"5865\">WPC kap\u0131lar, i\u00e7 mekanlardan d\u0131\u015f mekanlara kadar geni\u015f bir kullan\u0131m alan\u0131na sahiptir. Ah\u015fap ve plastik kompozit malzemenin birle\u015fimiyle \u00fcretilen bu kap\u0131lar, dayan\u0131kl\u0131l\u0131k ve estetik a\u00e7\u0131dan her t\u00fcrl\u00fc mekana uyum sa\u011flar. Hem evler hem de ticari alanlar i\u00e7in ideal olan WPC kap\u0131lar\u0131, farkl\u0131 renk ve tasar\u0131mlarla her ihtiyaca hitap eder.<\/p>\n<p data-start=\"5867\" data-end=\"5904\"><strong data-start=\"5867\" data-end=\"5904\">D\u0131\u015f Mekanlarda WPC Kap\u0131 Kullan\u0131m\u0131<\/strong><\/p>\n<p data-start=\"5906\" data-end=\"6304\">WPC kap\u0131lar, \u00f6zellikle d\u0131\u015f mekanlarda, hava ko\u015fullar\u0131na dayan\u0131kl\u0131 \u00f6zellikleri ile \u00f6ne \u00e7\u0131kar. Su ge\u00e7irmez ve termit kan\u0131tl\u0131 yap\u0131lar\u0131 sayesinde, d\u0131\u015f mekanlarda uzun s\u00fcre kullan\u0131labilir. Bah\u00e7e kap\u0131lar\u0131, balkon kap\u0131lar\u0131 veya d\u0131\u015f mekan giri\u015f kap\u0131lar\u0131 i\u00e7in m\u00fckemmel bir tercihtir. Ayr\u0131ca, k\u0131\u015f aylar\u0131nda i\u00e7 mekan \u0131s\u0131s\u0131n\u0131n d\u0131\u015far\u0131 ka\u00e7mas\u0131n\u0131 engelleyen \u0131s\u0131 yal\u0131t\u0131m\u0131 \u00f6zellikleriyle, enerji verimlili\u011fi sa\u011flar.<\/p>\n<p data-start=\"6306\" data-end=\"6342\"><strong data-start=\"6306\" data-end=\"6342\">\u0130\u00e7 Mekanlarda WPC Kap\u0131 Kullan\u0131m\u0131<\/strong><\/p>\n<p data-start=\"6344\" data-end=\"6682\">\u0130\u00e7 mekanlarda, \u00f6zellikle yo\u011fun trafi\u011fe sahip alanlarda WPC kap\u0131lar b\u00fcy\u00fck avantaj sa\u011flar. WPC i\u00e7 kap\u0131lar, \u00e7izilmelere, darbeye ve y\u0131pranmaya kar\u015f\u0131 dayan\u0131kl\u0131d\u0131r. Ofislerde, restoranlarda, otellerde ve di\u011fer ticari alanlarda kullan\u0131labilir. Bu kap\u0131lar, dayan\u0131kl\u0131 y\u00fczeyleri sayesinde uzun y\u0131llar boyunca estetiklerini kaybetmeden hizmet eder.<\/p>\n<p data-start=\"6684\" data-end=\"6723\"><strong data-start=\"6684\" data-end=\"6723\">\u00c7e\u015fitli Renk ve Tasar\u0131m Se\u00e7enekleri<\/strong><\/p>\n<p data-start=\"6725\" data-end=\"7094\" data-is-last-node=\"\" data-is-only-node=\"\">WPC kap\u0131lar, sadece dayan\u0131kl\u0131l\u0131klar\u0131yla de\u011fil, ayn\u0131 zamanda \u015f\u0131k tasar\u0131mlar\u0131yla da dikkat \u00e7eker. Do\u011fal ah\u015fap g\u00f6r\u00fcn\u00fcm\u00fcnden cesur renk se\u00e7eneklerine kadar geni\u015f bir yelpazeye sahiptir. Bu kap\u0131lar, her mekan\u0131n dekorasyonuna uyum sa\u011flar ve mekana modern bir hava katar. \u0130\u00e7 ve d\u0131\u015f mekanlarda kullan\u0131labilecek farkl\u0131 stil ve renk se\u00e7enekleriyle her ihtiyaca uygun \u00e7\u00f6z\u00fcmler sun<\/p>\n<\/div>\n<\/div>\n<\/div>\n<\/div>\n<\/div>\n<\/div>\n<\/article>\n<\/div>\n<\/div>\n<\/div>\n<\/div>\n<p>&nbsp;<\/p>\n<\/div>\n<\/div>\n<\/div>\n<\/div>\n<\/div>\n<\/div>\n<\/div>\n<\/div>\n<\/div>\n<\/div>\n<\/div>\n<\/article>\n<\/div>\n<\/div>\n<\/div>\n<\/div>\n<\/div>\n<\/div>\n<\/div>\n<\/article>\n<\/div>\n<\/div>\n","protected":false},"excerpt":{"rendered":"<p>&nbsp; WPC Kap\u0131 T\u00fcrleri: \u0130\u00e7 ve D\u0131\u015f Mekan Kullan\u0131m\u0131nda \u0130deal \u00c7\u00f6z\u00fcmler Giri\u015f: WPC Kap\u0131lar Nerelerde Kullan\u0131l\u0131r? WPC kap\u0131lar, i\u00e7 mekanlardan d\u0131\u015f mekanlara kadar geni\u015f bir kullan\u0131m alan\u0131na sahiptir. Ah\u015fap ve plastik kompozit malzemenin birle\u015fimiyle \u00fcretilen bu kap\u0131lar, dayan\u0131kl\u0131l\u0131k ve estetik a\u00e7\u0131dan her t\u00fcrl\u00fc mekana uyum sa\u011flar. Hem evler hem de ticari alanlar i\u00e7in ideal olan<\/p>\n","protected":false},"featured_media":10139,"template":"","meta":{"_bbp_topic_count":0,"_bbp_reply_count":0,"_bbp_total_topic_count":0,"_bbp_total_reply_count":0,"_bbp_voice_count":0,"_bbp_anonymous_reply_count":0,"_bbp_topic_count_hidden":0,"_bbp_reply_count_hidden":0,"_bbp_forum_subforum_count":0},"product_brand":[],"product_cat":[1049],"product_tag":[],"class_list":{"0":"post-10138","1":"product","2":"type-product","3":"status-publish","4":"has-post-thumbnail","6":"product_cat-dera-e-jashtme","8":"first","9":"instock","10":"shipping-taxable","11":"product-type-simple","12":"prodpage-classic"},"yoast_head":"<!-- This site is optimized with the Yoast SEO Premium plugin v26.6 (Yoast SEO v27.3) - https:\/\/yoast.com\/product\/yoast-seo-premium-wordpress\/ -->\n<title>WPC Kap\u0131 T\u00fcrleri - \u0130\u00e7 Oda Kap\u0131lar\u0131 - \u00c7elik kap\u0131 modelleri - apartman kap\u0131lar\u0131<\/title>\n<meta name=\"robots\" content=\"index, follow, max-snippet:-1, max-image-preview:large, max-video-preview:-1\" \/>\n<link rel=\"canonical\" href=\"https:\/\/www.kapi.ltd\/sq\/urun\/wpc-kapi-turleri\/\" \/>\n<meta property=\"og:locale\" content=\"sq_AL\" \/>\n<meta property=\"og:type\" content=\"article\" \/>\n<meta property=\"og:title\" content=\"WPC Kap\u0131 T\u00fcrleri\" \/>\n<meta property=\"og:description\" content=\"&nbsp; WPC Kap\u0131 T\u00fcrleri: \u0130\u00e7 ve D\u0131\u015f Mekan Kullan\u0131m\u0131nda \u0130deal \u00c7\u00f6z\u00fcmler Giri\u015f: WPC Kap\u0131lar Nerelerde Kullan\u0131l\u0131r? WPC kap\u0131lar, i\u00e7 mekanlardan d\u0131\u015f mekanlara kadar geni\u015f bir kullan\u0131m alan\u0131na sahiptir. Ah\u015fap ve plastik kompozit malzemenin birle\u015fimiyle \u00fcretilen bu kap\u0131lar, dayan\u0131kl\u0131l\u0131k ve estetik a\u00e7\u0131dan her t\u00fcrl\u00fc mekana uyum sa\u011flar. Hem evler hem de ticari alanlar i\u00e7in ideal olan\" \/>\n<meta property=\"og:url\" content=\"https:\/\/www.kapi.ltd\/sq\/urun\/wpc-kapi-turleri\/\" \/>\n<meta property=\"og:site_name\" content=\"\u0130\u00e7 Oda Kap\u0131lar\u0131 - \u00c7elik kap\u0131 modelleri - apartman kap\u0131lar\u0131\" \/>\n<meta property=\"article:modified_time\" content=\"2026-03-08T07:10:45+00:00\" \/>\n<meta name=\"twitter:card\" content=\"summary_large_image\" \/>\n<meta name=\"twitter:label1\" content=\"Est. reading time\" \/>\n\t<meta name=\"twitter:data1\" content=\"2 minuta\" \/>\n<script type=\"application\/ld+json\" class=\"yoast-schema-graph\">{\"@context\":\"https:\\\/\\\/schema.org\",\"@graph\":[{\"@type\":\"WebPage\",\"@id\":\"https:\\\/\\\/www.kapi.ltd\\\/sq\\\/urun\\\/wpc-kapi-turleri\\\/\",\"url\":\"https:\\\/\\\/www.kapi.ltd\\\/sq\\\/urun\\\/wpc-kapi-turleri\\\/\",\"name\":\"WPC Kap\u0131 T\u00fcrleri - \u0130\u00e7 Oda Kap\u0131lar\u0131 - \u00c7elik kap\u0131 modelleri - apartman kap\u0131lar\u0131\",\"isPartOf\":{\"@id\":\"https:\\\/\\\/www.kapi.ltd\\\/sq\\\/#website\"},\"primaryImageOfPage\":{\"@id\":\"https:\\\/\\\/www.kapi.ltd\\\/sq\\\/urun\\\/wpc-kapi-turleri\\\/#primaryimage\"},\"image\":{\"@id\":\"https:\\\/\\\/www.kapi.ltd\\\/sq\\\/urun\\\/wpc-kapi-turleri\\\/#primaryimage\"},\"thumbnailUrl\":\"https:\\\/\\\/www.kapi.ltd\\\/wp-content\\\/uploads\\\/2026\\\/03\\\/wpc-kapi-turleri.webp\",\"datePublished\":\"2026-02-28T21:55:22+00:00\",\"dateModified\":\"2026-03-08T07:10:45+00:00\",\"breadcrumb\":{\"@id\":\"https:\\\/\\\/www.kapi.ltd\\\/sq\\\/urun\\\/wpc-kapi-turleri\\\/#breadcrumb\"},\"inLanguage\":\"sq\",\"potentialAction\":[{\"@type\":\"ReadAction\",\"target\":[\"https:\\\/\\\/www.kapi.ltd\\\/sq\\\/urun\\\/wpc-kapi-turleri\\\/\"]}]},{\"@type\":\"ImageObject\",\"inLanguage\":\"sq\",\"@id\":\"https:\\\/\\\/www.kapi.ltd\\\/sq\\\/urun\\\/wpc-kapi-turleri\\\/#primaryimage\",\"url\":\"https:\\\/\\\/www.kapi.ltd\\\/wp-content\\\/uploads\\\/2026\\\/03\\\/wpc-kapi-turleri.webp\",\"contentUrl\":\"https:\\\/\\\/www.kapi.ltd\\\/wp-content\\\/uploads\\\/2026\\\/03\\\/wpc-kapi-turleri.webp\",\"width\":500,\"height\":750,\"caption\":\"wpc kap\u0131 t\u00fcrleri\"},{\"@type\":\"BreadcrumbList\",\"@id\":\"https:\\\/\\\/www.kapi.ltd\\\/sq\\\/urun\\\/wpc-kapi-turleri\\\/#breadcrumb\",\"itemListElement\":[{\"@type\":\"ListItem\",\"position\":1,\"name\":\"Anasayfa\",\"item\":\"https:\\\/\\\/www.kapi.ltd\\\/sq\\\/\"},{\"@type\":\"ListItem\",\"position\":2,\"name\":\"ic-kapi-celik-kapi-modelleri\",\"item\":\"https:\\\/\\\/www.kapi.ltd\\\/?page_id=4263\"},{\"@type\":\"ListItem\",\"position\":3,\"name\":\"WPC Kap\u0131 T\u00fcrleri\"}]},{\"@type\":\"WebSite\",\"@id\":\"https:\\\/\\\/www.kapi.ltd\\\/sq\\\/#website\",\"url\":\"https:\\\/\\\/www.kapi.ltd\\\/sq\\\/\",\"name\":\"\u0130\u00e7 Kap\u0131 Ve \u00c7elik Kap\u0131 Modelleri\",\"description\":\"T\u00fcrkiye Kap\u0131 Modelleri Merkezi\",\"potentialAction\":[{\"@type\":\"SearchAction\",\"target\":{\"@type\":\"EntryPoint\",\"urlTemplate\":\"https:\\\/\\\/www.kapi.ltd\\\/sq\\\/?s={search_term_string}\"},\"query-input\":{\"@type\":\"PropertyValueSpecification\",\"valueRequired\":true,\"valueName\":\"search_term_string\"}}],\"inLanguage\":\"sq\"}]}<\/script>\n<!-- \/ Yoast SEO Premium plugin. -->","yoast_head_json":{"title":"WPC Kap\u0131 T\u00fcrleri - \u0130\u00e7 Oda Kap\u0131lar\u0131 - \u00c7elik kap\u0131 modelleri - apartman kap\u0131lar\u0131","robots":{"index":"index","follow":"follow","max-snippet":"max-snippet:-1","max-image-preview":"max-image-preview:large","max-video-preview":"max-video-preview:-1"},"canonical":"https:\/\/www.kapi.ltd\/sq\/urun\/wpc-kapi-turleri\/","og_locale":"sq_AL","og_type":"article","og_title":"WPC Kap\u0131 T\u00fcrleri","og_description":"&nbsp; WPC Kap\u0131 T\u00fcrleri: \u0130\u00e7 ve D\u0131\u015f Mekan Kullan\u0131m\u0131nda \u0130deal \u00c7\u00f6z\u00fcmler Giri\u015f: WPC Kap\u0131lar Nerelerde Kullan\u0131l\u0131r? WPC kap\u0131lar, i\u00e7 mekanlardan d\u0131\u015f mekanlara kadar geni\u015f bir kullan\u0131m alan\u0131na sahiptir. Ah\u015fap ve plastik kompozit malzemenin birle\u015fimiyle \u00fcretilen bu kap\u0131lar, dayan\u0131kl\u0131l\u0131k ve estetik a\u00e7\u0131dan her t\u00fcrl\u00fc mekana uyum sa\u011flar. Hem evler hem de ticari alanlar i\u00e7in ideal olan","og_url":"https:\/\/www.kapi.ltd\/sq\/urun\/wpc-kapi-turleri\/","og_site_name":"\u0130\u00e7 Oda Kap\u0131lar\u0131 - \u00c7elik kap\u0131 modelleri - apartman kap\u0131lar\u0131","article_modified_time":"2026-03-08T07:10:45+00:00","twitter_card":"summary_large_image","twitter_misc":{"Est. reading time":"2 minuta"},"schema":{"@context":"https:\/\/schema.org","@graph":[{"@type":"WebPage","@id":"https:\/\/www.kapi.ltd\/sq\/urun\/wpc-kapi-turleri\/","url":"https:\/\/www.kapi.ltd\/sq\/urun\/wpc-kapi-turleri\/","name":"WPC Kap\u0131 T\u00fcrleri - \u0130\u00e7 Oda Kap\u0131lar\u0131 - \u00c7elik kap\u0131 modelleri - apartman kap\u0131lar\u0131","isPartOf":{"@id":"https:\/\/www.kapi.ltd\/sq\/#website"},"primaryImageOfPage":{"@id":"https:\/\/www.kapi.ltd\/sq\/urun\/wpc-kapi-turleri\/#primaryimage"},"image":{"@id":"https:\/\/www.kapi.ltd\/sq\/urun\/wpc-kapi-turleri\/#primaryimage"},"thumbnailUrl":"https:\/\/www.kapi.ltd\/wp-content\/uploads\/2026\/03\/wpc-kapi-turleri.webp","datePublished":"2026-02-28T21:55:22+00:00","dateModified":"2026-03-08T07:10:45+00:00","breadcrumb":{"@id":"https:\/\/www.kapi.ltd\/sq\/urun\/wpc-kapi-turleri\/#breadcrumb"},"inLanguage":"sq","potentialAction":[{"@type":"ReadAction","target":["https:\/\/www.kapi.ltd\/sq\/urun\/wpc-kapi-turleri\/"]}]},{"@type":"ImageObject","inLanguage":"sq","@id":"https:\/\/www.kapi.ltd\/sq\/urun\/wpc-kapi-turleri\/#primaryimage","url":"https:\/\/www.kapi.ltd\/wp-content\/uploads\/2026\/03\/wpc-kapi-turleri.webp","contentUrl":"https:\/\/www.kapi.ltd\/wp-content\/uploads\/2026\/03\/wpc-kapi-turleri.webp","width":500,"height":750,"caption":"wpc kap\u0131 t\u00fcrleri"},{"@type":"BreadcrumbList","@id":"https:\/\/www.kapi.ltd\/sq\/urun\/wpc-kapi-turleri\/#breadcrumb","itemListElement":[{"@type":"ListItem","position":1,"name":"Anasayfa","item":"https:\/\/www.kapi.ltd\/sq\/"},{"@type":"ListItem","position":2,"name":"ic-kapi-celik-kapi-modelleri","item":"https:\/\/www.kapi.ltd\/?page_id=4263"},{"@type":"ListItem","position":3,"name":"WPC Kap\u0131 T\u00fcrleri"}]},{"@type":"WebSite","@id":"https:\/\/www.kapi.ltd\/sq\/#website","url":"https:\/\/www.kapi.ltd\/sq\/","name":"\u0130\u00e7 Kap\u0131 Ve \u00c7elik Kap\u0131 Modelleri","description":"T\u00fcrkiye Kap\u0131 Modelleri Merkezi","potentialAction":[{"@type":"SearchAction","target":{"@type":"EntryPoint","urlTemplate":"https:\/\/www.kapi.ltd\/sq\/?s={search_term_string}"},"query-input":{"@type":"PropertyValueSpecification","valueRequired":true,"valueName":"search_term_string"}}],"inLanguage":"sq"}]}},"_links":{"self":[{"href":"https:\/\/www.kapi.ltd\/sq\/wp-json\/wp\/v2\/product\/10138","targetHints":{"allow":["GET"]}}],"collection":[{"href":"https:\/\/www.kapi.ltd\/sq\/wp-json\/wp\/v2\/product"}],"about":[{"href":"https:\/\/www.kapi.ltd\/sq\/wp-json\/wp\/v2\/types\/product"}],"version-history":[{"count":0,"href":"https:\/\/www.kapi.ltd\/sq\/wp-json\/wp\/v2\/product\/10138\/revisions"}],"wp:featuredmedia":[{"embeddable":true,"href":"https:\/\/www.kapi.ltd\/sq\/wp-json\/wp\/v2\/media\/10139"}],"wp:attachment":[{"href":"https:\/\/www.kapi.ltd\/sq\/wp-json\/wp\/v2\/media?parent=10138"}],"wp:term":[{"taxonomy":"product_brand","embeddable":true,"href":"https:\/\/www.kapi.ltd\/sq\/wp-json\/wp\/v2\/product_brand?post=10138"},{"taxonomy":"product_cat","embeddable":true,"href":"https:\/\/www.kapi.ltd\/sq\/wp-json\/wp\/v2\/product_cat?post=10138"},{"taxonomy":"product_tag","embeddable":true,"href":"https:\/\/www.kapi.ltd\/sq\/wp-json\/wp\/v2\/product_tag?post=10138"}],"curies":[{"name":"wp","href":"https:\/\/api.w.org\/{rel}","templated":true}]}}