{"id":10126,"date":"2026-03-01T00:53:53","date_gmt":"2026-02-28T21:53:53","guid":{"rendered":"https:\/\/www.kapi.ltd\/urun\/wpc-yatak-odasi-kapilari\/"},"modified":"2026-03-08T10:09:51","modified_gmt":"2026-03-08T07:09:51","slug":"wpc-yatak-odasi-kapilari","status":"publish","type":"product","link":"https:\/\/www.kapi.ltd\/sq\/urun\/wpc-yatak-odasi-kapilari\/","title":{"rendered":"WPC Yatak Odas\u0131 Kap\u0131lar\u0131"},"content":{"rendered":"<div class=\"relative basis-auto flex-col -mb-(--composer-overlap-px) [--composer-overlap-px:28px] grow flex\">\n<div class=\"flex flex-col text-sm pb-25\">\n<article class=\"text-token-text-primary w-full focus:outline-none [--shadow-height:45px] has-data-writing-block:pointer-events-none has-data-writing-block:-mt-(--shadow-height) has-data-writing-block:pt-(--shadow-height) [&amp;:has([data-writing-block])&gt;*]:pointer-events-auto scroll-mt-[calc(var(--header-height)+min(200px,max(70px,20svh)))]\" dir=\"auto\" tabindex=\"-1\" data-turn-id=\"request-WEB:2b9e6435-ceff-4ba4-bf60-66abfd099f94-4\" data-testid=\"conversation-turn-6\" data-scroll-anchor=\"true\" data-turn=\"assistant\">\n<div class=\"text-base my-auto mx-auto pb-10 [--thread-content-margin:--spacing(4)] @w-sm\/main:[--thread-content-margin:--spacing(6)] @w-lg\/main:[--thread-content-margin:--spacing(16)] px-(--thread-content-margin)\">\n<div class=\"[--thread-content-max-width:40rem] @w-lg\/main:[--thread-content-max-width:48rem] mx-auto max-w-(--thread-content-max-width) flex-1 group\/turn-messages focus-visible:outline-hidden relative flex w-full min-w-0 flex-col agent-turn\" tabindex=\"-1\">\n<div class=\"flex max-w-full flex-col grow\">\n<div class=\"min-h-8 text-message relative flex w-full flex-col items-end gap-2 text-start break-words whitespace-normal [.text-message+&amp;]:mt-1\" dir=\"auto\" data-message-author-role=\"assistant\" data-message-id=\"7e3d4023-93e5-4f40-b9b4-ca2e1a7065cc\" data-message-model-slug=\"gpt-5-2\">\n<div class=\"flex w-full flex-col gap-1 empty:hidden first:pt-[1px]\">\n<div class=\"markdown prose dark:prose-invert w-full wrap-break-word light markdown-new-styling\">\n<div class=\"flex flex-col text-sm\">\n<article class=\"text-token-text-primary w-full focus:outline-none [--shadow-height:45px] has-data-writing-block:pointer-events-none has-data-writing-block:-mt-(--shadow-height) has-data-writing-block:pt-(--shadow-height) [&amp;:has([data-writing-block])&gt;*]:pointer-events-auto scroll-mt-[calc(var(--header-height)+min(200px,max(70px,20svh)))]\" dir=\"auto\" tabindex=\"-1\" data-turn-id=\"request-WEB:cd5deb19-94c9-483e-9ebf-bd612e199c7a-4\" data-testid=\"conversation-turn-10\" data-scroll-anchor=\"true\" data-turn=\"assistant\">\n<div class=\"text-base my-auto mx-auto pb-10 [--thread-content-margin:--spacing(4)] @w-sm\/main:[--thread-content-margin:--spacing(6)] @w-lg\/main:[--thread-content-margin:--spacing(16)] px-(--thread-content-margin)\">\n<div class=\"[--thread-content-max-width:40rem] @w-lg\/main:[--thread-content-max-width:48rem] mx-auto max-w-(--thread-content-max-width) flex-1 group\/turn-messages focus-visible:outline-hidden relative flex w-full min-w-0 flex-col agent-turn\" tabindex=\"-1\">\n<div class=\"flex max-w-full flex-col grow\">\n<div class=\"min-h-8 text-message relative flex w-full flex-col items-end gap-2 text-start break-words whitespace-normal [.text-message+&amp;]:mt-1\" dir=\"auto\" data-message-author-role=\"assistant\" data-message-id=\"b96b74e1-3daa-4b7d-9619-2887dd84cbb3\" data-message-model-slug=\"gpt-5-2\">\n<div class=\"flex w-full flex-col gap-1 empty:hidden first:pt-[1px]\">\n<div class=\"markdown prose dark:prose-invert w-full wrap-break-word light markdown-new-styling\">\n<div class=\"flex h-svh w-screen flex-col\">\n<div class=\"relative z-0 flex min-h-0 w-full flex-1\">\n<div class=\"relative flex min-h-0 w-full flex-1\">\n<div class=\"@container\/main relative flex min-w-0 flex-1 flex-col -translate-y-[calc(env(safe-area-inset-bottom,0px)\/2)] pt-[calc(env(safe-area-inset-bottom,0px)\/2)]\">\n<div class=\"@w-sm\/main:[scrollbar-gutter:stable_both-edges] touch:[scrollbar-width:none] relative flex min-h-0 min-w-0 flex-1 flex-col [scrollbar-gutter:stable] not-print:overflow-x-clip not-print:overflow-y-auto scroll-pt-(--header-height) [--sticky-padding-top:var(--header-height)] has-data-[fixed-header=less-than-xl]:@w-xl\/main:scroll-pt-0 has-data-[fixed-header=less-than-xl]:@w-xl\/main:[--sticky-padding-top:0px] has-data-[fixed-header=less-than-xxl]:@w-2xl\/main:scroll-pt-0 has-data-[fixed-header=less-than-xxl]:@w-2xl\/main:[--sticky-padding-top:0px]\" data-scroll-root=\"\">\n<p>&nbsp;<\/p>\n<div id=\"thread\" class=\"group\/thread flex flex-col min-h-full\">\n<div class=\"composer-parent flex flex-1 flex-col focus-visible:outline-0\" role=\"presentation\">\n<div class=\"relative basis-auto flex-col -mb-(--composer-overlap-px) [--composer-overlap-px:28px] grow flex\">\n<div class=\"flex flex-col text-sm pb-25\">\n<article class=\"text-token-text-primary w-full focus:outline-none [--shadow-height:45px] has-data-writing-block:pointer-events-none has-data-writing-block:-mt-(--shadow-height) has-data-writing-block:pt-(--shadow-height) [&amp;:has([data-writing-block])&gt;*]:pointer-events-auto scroll-mt-[calc(var(--header-height)+min(200px,max(70px,20svh)))]\" dir=\"auto\" tabindex=\"-1\" data-turn-id=\"request-67feb9a1-ef58-8000-b34f-988d9fd415bc-5\" data-testid=\"conversation-turn-204\" data-scroll-anchor=\"true\" data-turn=\"assistant\">\n<div class=\"text-base my-auto mx-auto pb-10 [--thread-content-margin:--spacing(4)] @w-sm\/main:[--thread-content-margin:--spacing(6)] @w-lg\/main:[--thread-content-margin:--spacing(16)] px-(--thread-content-margin)\">\n<div class=\"[--thread-content-max-width:40rem] @w-lg\/main:[--thread-content-max-width:48rem] mx-auto max-w-(--thread-content-max-width) flex-1 group\/turn-messages focus-visible:outline-hidden relative flex w-full min-w-0 flex-col agent-turn\" tabindex=\"-1\">\n<div class=\"flex max-w-full flex-col grow\">\n<div class=\"min-h-8 text-message relative flex w-full flex-col items-end gap-2 text-start break-words whitespace-normal [.text-message+&amp;]:mt-1\" dir=\"auto\" data-message-author-role=\"assistant\" data-message-id=\"da0a2ab6-2e51-48bf-9d11-b6bb78e9d757\" data-message-model-slug=\"gpt-5-mini\">\n<div class=\"flex w-full flex-col gap-1 empty:hidden first:pt-[1px]\">\n<div class=\"markdown prose dark:prose-invert w-full wrap-break-word light markdown-new-styling\">\n<h3 data-start=\"3324\" data-end=\"3392\">WPC Yatak Odas\u0131 Kap\u0131lar\u0131: \u015e\u0131kl\u0131\u011f\u0131 ve Konforu Yakalay\u0131n<\/h3>\n<p data-start=\"3394\" data-end=\"3439\"><strong data-start=\"3394\" data-end=\"3439\">Giri\u015f: Yatak Odas\u0131 \u0130\u00e7in Do\u011fru Kap\u0131 Se\u00e7imi<\/strong><\/p>\n<p data-start=\"3441\" data-end=\"3786\">Yatak odas\u0131, evdeki en \u00f6nemli ya\u015fam alanlar\u0131ndan biridir. Burada ge\u00e7irilen zaman, dinlenme ve rahatlama a\u00e7\u0131s\u0131ndan b\u00fcy\u00fck \u00f6nem ta\u015f\u0131r. Bu y\u00fczden yatak odas\u0131 dekorasyonunda kullan\u0131lan unsurlar, sadece estetik de\u011fil, ayn\u0131 zamanda fonksiyonel olmal\u0131d\u0131r. WPC yatak odas\u0131 kap\u0131lar\u0131, bu iki kriteri birle\u015ftirerek, hem \u015f\u0131k hem de dayan\u0131kl\u0131 bir \u00e7\u00f6z\u00fcm sunar.<\/p>\n<p data-start=\"3788\" data-end=\"3841\"><strong data-start=\"3788\" data-end=\"3841\">Su Ge\u00e7irmez ve Dayan\u0131kl\u0131 WPC Yatak Odas\u0131 Kap\u0131lar\u0131<\/strong><\/p>\n<p data-start=\"3843\" data-end=\"4252\">Yatak odas\u0131 kap\u0131lar\u0131, genellikle evdeki di\u011fer alanlardan daha fazla nem ve s\u0131cakl\u0131k de\u011fi\u015fimine maruz kalabilir. WPC yatak odas\u0131 kap\u0131lar\u0131, su ge\u00e7irmez \u00f6zellikleri sayesinde bu t\u00fcr olumsuz ko\u015fullardan etkilenmez. Ah\u015fap plastik kompozit malzeme, hem i\u00e7 hem de d\u0131\u015f alanlarda kullan\u0131labilen y\u00fcksek kaliteli bir malzemedir. Bu kap\u0131lar, ya\u011fmur, nem veya a\u015f\u0131r\u0131 s\u0131cakl\u0131k gibi unsurlar\u0131n etkisiyle deformasyona u\u011framaz.<\/p>\n<p data-start=\"4254\" data-end=\"4292\"><strong data-start=\"4254\" data-end=\"4292\">Enerji Verimlili\u011fi ve Is\u0131 Yal\u0131t\u0131m\u0131<\/strong><\/p>\n<p data-start=\"4294\" data-end=\"4566\">Yatak odas\u0131, genellikle gece boyunca daha serin tutulmas\u0131 gereken bir aland\u0131r. WPC yatak odas\u0131 kap\u0131lar\u0131, \u0131s\u0131y\u0131 d\u0131\u015far\u0131da tutarak yatak odas\u0131ndaki s\u0131cakl\u0131\u011f\u0131 daha verimli bir \u015fekilde kontrol etmenizi sa\u011flar. Bu, enerji tasarrufu sa\u011flaman\u0131n yan\u0131 s\u0131ra, odadaki konforu art\u0131r\u0131r.<\/p>\n<p data-start=\"4568\" data-end=\"4607\"><strong data-start=\"4568\" data-end=\"4607\">Estetik ve \u00c7e\u015fitli Renk Se\u00e7enekleri<\/strong><\/p>\n<p data-start=\"4609\" data-end=\"4994\">WPC yatak odas\u0131 kap\u0131lar\u0131, \u015f\u0131kl\u0131\u011f\u0131 ve zarif tasar\u0131mlar\u0131yla odan\u0131n dekorasyonuna m\u00fckemmel uyum sa\u011flar. Klasik ah\u015fap g\u00f6r\u00fcn\u00fcmleri ile modern bir tasar\u0131m tercih edenler i\u00e7in ideal bir se\u00e7enek sunar. Ayr\u0131ca, farkl\u0131 renk ve desen se\u00e7enekleriyle yatak odan\u0131z\u0131n tarz\u0131na g\u00f6re \u00f6zelle\u015ftirilebilir. \u0130ster do\u011fal ah\u015fap dokusu, ister cesur ve renkli se\u00e7enekler olsun, WPC kap\u0131lar her zevke hitap eder.<\/p>\n<p data-start=\"4996\" data-end=\"5044\"><strong data-start=\"4996\" data-end=\"5044\">Sonu\u00e7: Yatak Odas\u0131 \u0130\u00e7in En \u0130yi Kap\u0131 Se\u00e7ene\u011fi<\/strong><\/p>\n<p data-start=\"5046\" data-end=\"5404\">WPC yatak odas\u0131 kap\u0131lar\u0131, estetik, dayan\u0131kl\u0131l\u0131k ve fonksiyonellik a\u00e7\u0131s\u0131ndan m\u00fckemmel bir tercihtir. Su ge\u00e7irmez \u00f6zellikleri, \u0131s\u0131 yal\u0131t\u0131m\u0131 ve uzun \u00f6m\u00fcrl\u00fcl\u00fc\u011f\u00fc ile yatak odan\u0131za de\u011fer katarken, \u00e7e\u015fitli renk se\u00e7enekleriyle de dekorasyonunuza \u015f\u0131kl\u0131k getirir. Yatak odas\u0131 i\u00e7in ideal kap\u0131y\u0131 ar\u0131yorsan\u0131z, WPC yatak odas\u0131 kap\u0131lar\u0131, t\u00fcm bu \u00f6zellikleri bir arada sunar.<\/p>\n<\/div>\n<\/div>\n<\/div>\n<\/div>\n<\/div>\n<\/div>\n<\/article>\n<\/div>\n<\/div>\n<\/div>\n<\/div>\n<p>&nbsp;<\/p>\n<\/div>\n<\/div>\n<\/div>\n<\/div>\n<\/div>\n<\/div>\n<\/div>\n<\/div>\n<\/div>\n<\/div>\n<\/div>\n<\/article>\n<\/div>\n<\/div>\n<\/div>\n<\/div>\n<\/div>\n<\/div>\n<\/div>\n<\/article>\n<\/div>\n<\/div>\n","protected":false},"excerpt":{"rendered":"<p>&nbsp; WPC Yatak Odas\u0131 Kap\u0131lar\u0131: \u015e\u0131kl\u0131\u011f\u0131 ve Konforu Yakalay\u0131n Giri\u015f: Yatak Odas\u0131 \u0130\u00e7in Do\u011fru Kap\u0131 Se\u00e7imi Yatak odas\u0131, evdeki en \u00f6nemli ya\u015fam alanlar\u0131ndan biridir. Burada ge\u00e7irilen zaman, dinlenme ve rahatlama a\u00e7\u0131s\u0131ndan b\u00fcy\u00fck \u00f6nem ta\u015f\u0131r. Bu y\u00fczden yatak odas\u0131 dekorasyonunda kullan\u0131lan unsurlar, sadece estetik de\u011fil, ayn\u0131 zamanda fonksiyonel olmal\u0131d\u0131r. WPC yatak odas\u0131 kap\u0131lar\u0131, bu iki kriteri<\/p>\n","protected":false},"featured_media":10127,"template":"","meta":{"_bbp_topic_count":0,"_bbp_reply_count":0,"_bbp_total_topic_count":0,"_bbp_total_reply_count":0,"_bbp_voice_count":0,"_bbp_anonymous_reply_count":0,"_bbp_topic_count_hidden":0,"_bbp_reply_count_hidden":0,"_bbp_forum_subforum_count":0},"product_brand":[],"product_cat":[1049],"product_tag":[],"class_list":{"0":"post-10126","1":"product","2":"type-product","3":"status-publish","4":"has-post-thumbnail","6":"product_cat-dera-e-jashtme","8":"first","9":"instock","10":"shipping-taxable","11":"product-type-simple","12":"prodpage-classic"},"yoast_head":"<!-- This site is optimized with the Yoast SEO Premium plugin v26.6 (Yoast SEO v27.3) - https:\/\/yoast.com\/product\/yoast-seo-premium-wordpress\/ -->\n<title>WPC Yatak Odas\u0131 Kap\u0131lar\u0131 - \u0130\u00e7 Oda Kap\u0131lar\u0131 - \u00c7elik kap\u0131 modelleri - apartman kap\u0131lar\u0131<\/title>\n<meta name=\"robots\" content=\"index, follow, max-snippet:-1, max-image-preview:large, max-video-preview:-1\" \/>\n<link rel=\"canonical\" href=\"https:\/\/www.kapi.ltd\/sq\/urun\/wpc-yatak-odasi-kapilari\/\" \/>\n<meta property=\"og:locale\" content=\"sq_AL\" \/>\n<meta property=\"og:type\" content=\"article\" \/>\n<meta property=\"og:title\" content=\"WPC Yatak Odas\u0131 Kap\u0131lar\u0131\" \/>\n<meta property=\"og:description\" content=\"&nbsp; WPC Yatak Odas\u0131 Kap\u0131lar\u0131: \u015e\u0131kl\u0131\u011f\u0131 ve Konforu Yakalay\u0131n Giri\u015f: Yatak Odas\u0131 \u0130\u00e7in Do\u011fru Kap\u0131 Se\u00e7imi Yatak odas\u0131, evdeki en \u00f6nemli ya\u015fam alanlar\u0131ndan biridir. Burada ge\u00e7irilen zaman, dinlenme ve rahatlama a\u00e7\u0131s\u0131ndan b\u00fcy\u00fck \u00f6nem ta\u015f\u0131r. Bu y\u00fczden yatak odas\u0131 dekorasyonunda kullan\u0131lan unsurlar, sadece estetik de\u011fil, ayn\u0131 zamanda fonksiyonel olmal\u0131d\u0131r. WPC yatak odas\u0131 kap\u0131lar\u0131, bu iki kriteri\" \/>\n<meta property=\"og:url\" content=\"https:\/\/www.kapi.ltd\/sq\/urun\/wpc-yatak-odasi-kapilari\/\" \/>\n<meta property=\"og:site_name\" content=\"\u0130\u00e7 Oda Kap\u0131lar\u0131 - \u00c7elik kap\u0131 modelleri - apartman kap\u0131lar\u0131\" \/>\n<meta property=\"article:modified_time\" content=\"2026-03-08T07:09:51+00:00\" \/>\n<meta name=\"twitter:card\" content=\"summary_large_image\" \/>\n<meta name=\"twitter:label1\" content=\"Est. reading time\" \/>\n\t<meta name=\"twitter:data1\" content=\"2 minuta\" \/>\n<script type=\"application\/ld+json\" class=\"yoast-schema-graph\">{\"@context\":\"https:\\\/\\\/schema.org\",\"@graph\":[{\"@type\":\"WebPage\",\"@id\":\"https:\\\/\\\/www.kapi.ltd\\\/sq\\\/urun\\\/wpc-yatak-odasi-kapilari\\\/\",\"url\":\"https:\\\/\\\/www.kapi.ltd\\\/sq\\\/urun\\\/wpc-yatak-odasi-kapilari\\\/\",\"name\":\"WPC Yatak Odas\u0131 Kap\u0131lar\u0131 - \u0130\u00e7 Oda Kap\u0131lar\u0131 - \u00c7elik kap\u0131 modelleri - apartman kap\u0131lar\u0131\",\"isPartOf\":{\"@id\":\"https:\\\/\\\/www.kapi.ltd\\\/sq\\\/#website\"},\"primaryImageOfPage\":{\"@id\":\"https:\\\/\\\/www.kapi.ltd\\\/sq\\\/urun\\\/wpc-yatak-odasi-kapilari\\\/#primaryimage\"},\"image\":{\"@id\":\"https:\\\/\\\/www.kapi.ltd\\\/sq\\\/urun\\\/wpc-yatak-odasi-kapilari\\\/#primaryimage\"},\"thumbnailUrl\":\"https:\\\/\\\/www.kapi.ltd\\\/wp-content\\\/uploads\\\/2026\\\/03\\\/wpc-kapilar.webp\",\"datePublished\":\"2026-02-28T21:53:53+00:00\",\"dateModified\":\"2026-03-08T07:09:51+00:00\",\"breadcrumb\":{\"@id\":\"https:\\\/\\\/www.kapi.ltd\\\/sq\\\/urun\\\/wpc-yatak-odasi-kapilari\\\/#breadcrumb\"},\"inLanguage\":\"sq\",\"potentialAction\":[{\"@type\":\"ReadAction\",\"target\":[\"https:\\\/\\\/www.kapi.ltd\\\/sq\\\/urun\\\/wpc-yatak-odasi-kapilari\\\/\"]}]},{\"@type\":\"ImageObject\",\"inLanguage\":\"sq\",\"@id\":\"https:\\\/\\\/www.kapi.ltd\\\/sq\\\/urun\\\/wpc-yatak-odasi-kapilari\\\/#primaryimage\",\"url\":\"https:\\\/\\\/www.kapi.ltd\\\/wp-content\\\/uploads\\\/2026\\\/03\\\/wpc-kapilar.webp\",\"contentUrl\":\"https:\\\/\\\/www.kapi.ltd\\\/wp-content\\\/uploads\\\/2026\\\/03\\\/wpc-kapilar.webp\",\"width\":500,\"height\":750,\"caption\":\"wpc kap\u0131lar\"},{\"@type\":\"BreadcrumbList\",\"@id\":\"https:\\\/\\\/www.kapi.ltd\\\/sq\\\/urun\\\/wpc-yatak-odasi-kapilari\\\/#breadcrumb\",\"itemListElement\":[{\"@type\":\"ListItem\",\"position\":1,\"name\":\"Anasayfa\",\"item\":\"https:\\\/\\\/www.kapi.ltd\\\/sq\\\/\"},{\"@type\":\"ListItem\",\"position\":2,\"name\":\"ic-kapi-celik-kapi-modelleri\",\"item\":\"https:\\\/\\\/www.kapi.ltd\\\/?page_id=4263\"},{\"@type\":\"ListItem\",\"position\":3,\"name\":\"WPC Yatak Odas\u0131 Kap\u0131lar\u0131\"}]},{\"@type\":\"WebSite\",\"@id\":\"https:\\\/\\\/www.kapi.ltd\\\/sq\\\/#website\",\"url\":\"https:\\\/\\\/www.kapi.ltd\\\/sq\\\/\",\"name\":\"\u0130\u00e7 Kap\u0131 Ve \u00c7elik Kap\u0131 Modelleri\",\"description\":\"T\u00fcrkiye Kap\u0131 Modelleri Merkezi\",\"potentialAction\":[{\"@type\":\"SearchAction\",\"target\":{\"@type\":\"EntryPoint\",\"urlTemplate\":\"https:\\\/\\\/www.kapi.ltd\\\/sq\\\/?s={search_term_string}\"},\"query-input\":{\"@type\":\"PropertyValueSpecification\",\"valueRequired\":true,\"valueName\":\"search_term_string\"}}],\"inLanguage\":\"sq\"}]}<\/script>\n<!-- \/ Yoast SEO Premium plugin. -->","yoast_head_json":{"title":"WPC Yatak Odas\u0131 Kap\u0131lar\u0131 - \u0130\u00e7 Oda Kap\u0131lar\u0131 - \u00c7elik kap\u0131 modelleri - apartman kap\u0131lar\u0131","robots":{"index":"index","follow":"follow","max-snippet":"max-snippet:-1","max-image-preview":"max-image-preview:large","max-video-preview":"max-video-preview:-1"},"canonical":"https:\/\/www.kapi.ltd\/sq\/urun\/wpc-yatak-odasi-kapilari\/","og_locale":"sq_AL","og_type":"article","og_title":"WPC Yatak Odas\u0131 Kap\u0131lar\u0131","og_description":"&nbsp; WPC Yatak Odas\u0131 Kap\u0131lar\u0131: \u015e\u0131kl\u0131\u011f\u0131 ve Konforu Yakalay\u0131n Giri\u015f: Yatak Odas\u0131 \u0130\u00e7in Do\u011fru Kap\u0131 Se\u00e7imi Yatak odas\u0131, evdeki en \u00f6nemli ya\u015fam alanlar\u0131ndan biridir. Burada ge\u00e7irilen zaman, dinlenme ve rahatlama a\u00e7\u0131s\u0131ndan b\u00fcy\u00fck \u00f6nem ta\u015f\u0131r. Bu y\u00fczden yatak odas\u0131 dekorasyonunda kullan\u0131lan unsurlar, sadece estetik de\u011fil, ayn\u0131 zamanda fonksiyonel olmal\u0131d\u0131r. WPC yatak odas\u0131 kap\u0131lar\u0131, bu iki kriteri","og_url":"https:\/\/www.kapi.ltd\/sq\/urun\/wpc-yatak-odasi-kapilari\/","og_site_name":"\u0130\u00e7 Oda Kap\u0131lar\u0131 - \u00c7elik kap\u0131 modelleri - apartman kap\u0131lar\u0131","article_modified_time":"2026-03-08T07:09:51+00:00","twitter_card":"summary_large_image","twitter_misc":{"Est. reading time":"2 minuta"},"schema":{"@context":"https:\/\/schema.org","@graph":[{"@type":"WebPage","@id":"https:\/\/www.kapi.ltd\/sq\/urun\/wpc-yatak-odasi-kapilari\/","url":"https:\/\/www.kapi.ltd\/sq\/urun\/wpc-yatak-odasi-kapilari\/","name":"WPC Yatak Odas\u0131 Kap\u0131lar\u0131 - \u0130\u00e7 Oda Kap\u0131lar\u0131 - \u00c7elik kap\u0131 modelleri - apartman kap\u0131lar\u0131","isPartOf":{"@id":"https:\/\/www.kapi.ltd\/sq\/#website"},"primaryImageOfPage":{"@id":"https:\/\/www.kapi.ltd\/sq\/urun\/wpc-yatak-odasi-kapilari\/#primaryimage"},"image":{"@id":"https:\/\/www.kapi.ltd\/sq\/urun\/wpc-yatak-odasi-kapilari\/#primaryimage"},"thumbnailUrl":"https:\/\/www.kapi.ltd\/wp-content\/uploads\/2026\/03\/wpc-kapilar.webp","datePublished":"2026-02-28T21:53:53+00:00","dateModified":"2026-03-08T07:09:51+00:00","breadcrumb":{"@id":"https:\/\/www.kapi.ltd\/sq\/urun\/wpc-yatak-odasi-kapilari\/#breadcrumb"},"inLanguage":"sq","potentialAction":[{"@type":"ReadAction","target":["https:\/\/www.kapi.ltd\/sq\/urun\/wpc-yatak-odasi-kapilari\/"]}]},{"@type":"ImageObject","inLanguage":"sq","@id":"https:\/\/www.kapi.ltd\/sq\/urun\/wpc-yatak-odasi-kapilari\/#primaryimage","url":"https:\/\/www.kapi.ltd\/wp-content\/uploads\/2026\/03\/wpc-kapilar.webp","contentUrl":"https:\/\/www.kapi.ltd\/wp-content\/uploads\/2026\/03\/wpc-kapilar.webp","width":500,"height":750,"caption":"wpc kap\u0131lar"},{"@type":"BreadcrumbList","@id":"https:\/\/www.kapi.ltd\/sq\/urun\/wpc-yatak-odasi-kapilari\/#breadcrumb","itemListElement":[{"@type":"ListItem","position":1,"name":"Anasayfa","item":"https:\/\/www.kapi.ltd\/sq\/"},{"@type":"ListItem","position":2,"name":"ic-kapi-celik-kapi-modelleri","item":"https:\/\/www.kapi.ltd\/?page_id=4263"},{"@type":"ListItem","position":3,"name":"WPC Yatak Odas\u0131 Kap\u0131lar\u0131"}]},{"@type":"WebSite","@id":"https:\/\/www.kapi.ltd\/sq\/#website","url":"https:\/\/www.kapi.ltd\/sq\/","name":"\u0130\u00e7 Kap\u0131 Ve \u00c7elik Kap\u0131 Modelleri","description":"T\u00fcrkiye Kap\u0131 Modelleri Merkezi","potentialAction":[{"@type":"SearchAction","target":{"@type":"EntryPoint","urlTemplate":"https:\/\/www.kapi.ltd\/sq\/?s={search_term_string}"},"query-input":{"@type":"PropertyValueSpecification","valueRequired":true,"valueName":"search_term_string"}}],"inLanguage":"sq"}]}},"_links":{"self":[{"href":"https:\/\/www.kapi.ltd\/sq\/wp-json\/wp\/v2\/product\/10126","targetHints":{"allow":["GET"]}}],"collection":[{"href":"https:\/\/www.kapi.ltd\/sq\/wp-json\/wp\/v2\/product"}],"about":[{"href":"https:\/\/www.kapi.ltd\/sq\/wp-json\/wp\/v2\/types\/product"}],"version-history":[{"count":0,"href":"https:\/\/www.kapi.ltd\/sq\/wp-json\/wp\/v2\/product\/10126\/revisions"}],"wp:featuredmedia":[{"embeddable":true,"href":"https:\/\/www.kapi.ltd\/sq\/wp-json\/wp\/v2\/media\/10127"}],"wp:attachment":[{"href":"https:\/\/www.kapi.ltd\/sq\/wp-json\/wp\/v2\/media?parent=10126"}],"wp:term":[{"taxonomy":"product_brand","embeddable":true,"href":"https:\/\/www.kapi.ltd\/sq\/wp-json\/wp\/v2\/product_brand?post=10126"},{"taxonomy":"product_cat","embeddable":true,"href":"https:\/\/www.kapi.ltd\/sq\/wp-json\/wp\/v2\/product_cat?post=10126"},{"taxonomy":"product_tag","embeddable":true,"href":"https:\/\/www.kapi.ltd\/sq\/wp-json\/wp\/v2\/product_tag?post=10126"}],"curies":[{"name":"wp","href":"https:\/\/api.w.org\/{rel}","templated":true}]}}