{"id":10114,"date":"2026-03-01T00:52:32","date_gmt":"2026-02-28T21:52:32","guid":{"rendered":"https:\/\/www.kapi.ltd\/urun\/wpc-kapilar\/"},"modified":"2026-03-08T10:08:43","modified_gmt":"2026-03-08T07:08:43","slug":"wpc-kapilar","status":"publish","type":"product","link":"https:\/\/www.kapi.ltd\/sq\/urun\/wpc-kapilar\/","title":{"rendered":"WPC Kap\u0131lar"},"content":{"rendered":"<div class=\"relative basis-auto flex-col -mb-(--composer-overlap-px) [--composer-overlap-px:28px] grow flex\">\n<div class=\"flex flex-col text-sm pb-25\">\n<article class=\"text-token-text-primary w-full focus:outline-none [--shadow-height:45px] has-data-writing-block:pointer-events-none has-data-writing-block:-mt-(--shadow-height) has-data-writing-block:pt-(--shadow-height) [&amp;:has([data-writing-block])&gt;*]:pointer-events-auto scroll-mt-[calc(var(--header-height)+min(200px,max(70px,20svh)))]\" dir=\"auto\" tabindex=\"-1\" data-turn-id=\"request-WEB:2b9e6435-ceff-4ba4-bf60-66abfd099f94-4\" data-testid=\"conversation-turn-6\" data-scroll-anchor=\"true\" data-turn=\"assistant\">\n<div class=\"text-base my-auto mx-auto pb-10 [--thread-content-margin:--spacing(4)] @w-sm\/main:[--thread-content-margin:--spacing(6)] @w-lg\/main:[--thread-content-margin:--spacing(16)] px-(--thread-content-margin)\">\n<div class=\"[--thread-content-max-width:40rem] @w-lg\/main:[--thread-content-max-width:48rem] mx-auto max-w-(--thread-content-max-width) flex-1 group\/turn-messages focus-visible:outline-hidden relative flex w-full min-w-0 flex-col agent-turn\" tabindex=\"-1\">\n<div class=\"flex max-w-full flex-col grow\">\n<div class=\"min-h-8 text-message relative flex w-full flex-col items-end gap-2 text-start break-words whitespace-normal [.text-message+&amp;]:mt-1\" dir=\"auto\" data-message-author-role=\"assistant\" data-message-id=\"7e3d4023-93e5-4f40-b9b4-ca2e1a7065cc\" data-message-model-slug=\"gpt-5-2\">\n<div class=\"flex w-full flex-col gap-1 empty:hidden first:pt-[1px]\">\n<div class=\"markdown prose dark:prose-invert w-full wrap-break-word light markdown-new-styling\">\n<div class=\"flex flex-col text-sm\">\n<article class=\"text-token-text-primary w-full focus:outline-none [--shadow-height:45px] has-data-writing-block:pointer-events-none has-data-writing-block:-mt-(--shadow-height) has-data-writing-block:pt-(--shadow-height) [&amp;:has([data-writing-block])&gt;*]:pointer-events-auto scroll-mt-[calc(var(--header-height)+min(200px,max(70px,20svh)))]\" dir=\"auto\" tabindex=\"-1\" data-turn-id=\"request-WEB:cd5deb19-94c9-483e-9ebf-bd612e199c7a-4\" data-testid=\"conversation-turn-10\" data-scroll-anchor=\"true\" data-turn=\"assistant\">\n<div class=\"text-base my-auto mx-auto pb-10 [--thread-content-margin:--spacing(4)] @w-sm\/main:[--thread-content-margin:--spacing(6)] @w-lg\/main:[--thread-content-margin:--spacing(16)] px-(--thread-content-margin)\">\n<div class=\"[--thread-content-max-width:40rem] @w-lg\/main:[--thread-content-max-width:48rem] mx-auto max-w-(--thread-content-max-width) flex-1 group\/turn-messages focus-visible:outline-hidden relative flex w-full min-w-0 flex-col agent-turn\" tabindex=\"-1\">\n<div class=\"flex max-w-full flex-col grow\">\n<div class=\"min-h-8 text-message relative flex w-full flex-col items-end gap-2 text-start break-words whitespace-normal [.text-message+&amp;]:mt-1\" dir=\"auto\" data-message-author-role=\"assistant\" data-message-id=\"b96b74e1-3daa-4b7d-9619-2887dd84cbb3\" data-message-model-slug=\"gpt-5-2\">\n<div class=\"flex w-full flex-col gap-1 empty:hidden first:pt-[1px]\">\n<div class=\"markdown prose dark:prose-invert w-full wrap-break-word light markdown-new-styling\">\n<div class=\"flex h-svh w-screen flex-col\">\n<div class=\"relative z-0 flex min-h-0 w-full flex-1\">\n<div class=\"relative flex min-h-0 w-full flex-1\">\n<div class=\"@container\/main relative flex min-w-0 flex-1 flex-col -translate-y-[calc(env(safe-area-inset-bottom,0px)\/2)] pt-[calc(env(safe-area-inset-bottom,0px)\/2)]\">\n<div class=\"@w-sm\/main:[scrollbar-gutter:stable_both-edges] touch:[scrollbar-width:none] relative flex min-h-0 min-w-0 flex-1 flex-col [scrollbar-gutter:stable] not-print:overflow-x-clip not-print:overflow-y-auto scroll-pt-(--header-height) [--sticky-padding-top:var(--header-height)] has-data-[fixed-header=less-than-xl]:@w-xl\/main:scroll-pt-0 has-data-[fixed-header=less-than-xl]:@w-xl\/main:[--sticky-padding-top:0px] has-data-[fixed-header=less-than-xxl]:@w-2xl\/main:scroll-pt-0 has-data-[fixed-header=less-than-xxl]:@w-2xl\/main:[--sticky-padding-top:0px]\" data-scroll-root=\"\">\n<p>&nbsp;<\/p>\n<div id=\"thread\" class=\"group\/thread flex flex-col min-h-full\">\n<div class=\"composer-parent flex flex-1 flex-col focus-visible:outline-0\" role=\"presentation\">\n<div class=\"relative basis-auto flex-col -mb-(--composer-overlap-px) [--composer-overlap-px:28px] grow flex\">\n<div class=\"flex flex-col text-sm pb-25\">\n<article class=\"text-token-text-primary w-full focus:outline-none [--shadow-height:45px] has-data-writing-block:pointer-events-none has-data-writing-block:-mt-(--shadow-height) has-data-writing-block:pt-(--shadow-height) [&amp;:has([data-writing-block])&gt;*]:pointer-events-auto scroll-mt-[calc(var(--header-height)+min(200px,max(70px,20svh)))]\" dir=\"auto\" tabindex=\"-1\" data-turn-id=\"request-67feb9a1-ef58-8000-b34f-988d9fd415bc-5\" data-testid=\"conversation-turn-204\" data-scroll-anchor=\"true\" data-turn=\"assistant\">\n<div class=\"text-base my-auto mx-auto pb-10 [--thread-content-margin:--spacing(4)] @w-sm\/main:[--thread-content-margin:--spacing(6)] @w-lg\/main:[--thread-content-margin:--spacing(16)] px-(--thread-content-margin)\">\n<div class=\"[--thread-content-max-width:40rem] @w-lg\/main:[--thread-content-max-width:48rem] mx-auto max-w-(--thread-content-max-width) flex-1 group\/turn-messages focus-visible:outline-hidden relative flex w-full min-w-0 flex-col agent-turn\" tabindex=\"-1\">\n<div class=\"flex max-w-full flex-col grow\">\n<div class=\"min-h-8 text-message relative flex w-full flex-col items-end gap-2 text-start break-words whitespace-normal [.text-message+&amp;]:mt-1\" dir=\"auto\" data-message-author-role=\"assistant\" data-message-id=\"da0a2ab6-2e51-48bf-9d11-b6bb78e9d757\" data-message-model-slug=\"gpt-5-mini\">\n<div class=\"flex w-full flex-col gap-1 empty:hidden first:pt-[1px]\">\n<div class=\"markdown prose dark:prose-invert w-full wrap-break-word light markdown-new-styling\">\n<p data-start=\"1033\" data-end=\"1079\"><strong data-start=\"1033\" data-end=\"1079\">WPC Kap\u0131lar\u0131n Y\u00fckselen Pop\u00fclaritesi<\/strong><\/p>\n<p data-start=\"1081\" data-end=\"1523\">WPC (Ah\u015fap Plastik Kompozit) kap\u0131lar, son y\u0131llarda hem estetik hem de dayan\u0131kl\u0131l\u0131k a\u00e7\u0131s\u0131ndan ev sahiplerinin ilgisini \u00e7eken pop\u00fcler bir tercih haline gelmi\u015ftir. Ah\u015fap ve plastik birle\u015fiminden \u00fcretilen bu kap\u0131lar, suya dayan\u0131kl\u0131 yap\u0131lar\u0131yla dikkat \u00e7ekerken, ayn\u0131 zamanda estetik bir g\u00f6r\u00fcn\u00fcm sunar. Evlerde, ofislerde ve di\u011fer ticari alanlarda kullan\u0131ma uygun olan WPC kap\u0131lar, \u00f6zellikle dayan\u0131kl\u0131l\u0131k ve uzun \u00f6m\u00fcrl\u00fcl\u00fck isteyenler i\u00e7in idealdir.<\/p>\n<p data-start=\"1525\" data-end=\"1554\"><strong data-start=\"1525\" data-end=\"1554\">WPC Kap\u0131lar\u0131n \u00d6zellikleri<\/strong><\/p>\n<p data-start=\"1556\" data-end=\"2066\">Su ge\u00e7irmez WPC kap\u0131lar\u0131, \u00f6zellikle nemin fazla oldu\u011fu alanlarda vazge\u00e7ilmezdir. Ah\u015fap ve plastik kompozit malzeme, geleneksel ah\u015fap kap\u0131lar\u0131n aksine suya, s\u0131cakl\u0131k de\u011fi\u015fimlerine ve d\u0131\u015f etmenlere kar\u015f\u0131 \u00e7ok daha dayan\u0131kl\u0131d\u0131r. Bunun yan\u0131nda, \u00e7izilmelere kar\u015f\u0131 diren\u00e7li olup, uzun vadede bak\u0131m gereksinimlerini en aza indirir. Ayr\u0131ca, WPC kap\u0131lar\u0131n, i\u00e7 ve d\u0131\u015f mekan kullan\u0131m\u0131 i\u00e7in uygun olan versiyonlar\u0131 mevcuttur. Yani evinizin i\u00e7 odalar\u0131ndan, d\u0131\u015far\u0131ya a\u00e7\u0131lan kap\u0131lara kadar geni\u015f bir kullan\u0131m yelpazesi vard\u0131r.<\/p>\n<p data-start=\"2068\" data-end=\"2106\"><strong data-start=\"2068\" data-end=\"2106\">Enerji Verimlili\u011fi ve Is\u0131 Yal\u0131t\u0131m\u0131<\/strong><\/p>\n<p data-start=\"2108\" data-end=\"2462\">WPC kap\u0131lar, m\u00fckemmel bir \u0131s\u0131 yal\u0131t\u0131m\u0131 sa\u011flar. Yaz aylar\u0131nda i\u00e7erideki serinli\u011fi korurken, k\u0131\u015f\u0131n ise \u0131s\u0131n\u0131n d\u0131\u015far\u0131 \u00e7\u0131kmas\u0131n\u0131 engeller. Bu da enerji tasarrufu sa\u011flamak isteyenler i\u00e7in \u00f6nemli bir avantajd\u0131r. Evinizin s\u0131cakl\u0131\u011f\u0131n\u0131 daha verimli bir \u015fekilde kontrol etmenizi sa\u011flayarak, \u0131s\u0131tma ve so\u011futma sistemlerinizin daha verimli \u00e7al\u0131\u015fmas\u0131na yard\u0131mc\u0131 olur.<\/p>\n<p data-start=\"2464\" data-end=\"2496\"><strong data-start=\"2464\" data-end=\"2496\">Su Ge\u00e7irmez ve Termit Kan\u0131t\u0131<\/strong><\/p>\n<p data-start=\"2498\" data-end=\"2854\">Bir di\u011fer \u00f6nemli avantaj ise su ge\u00e7irmez \u00f6zellikleridir. WPC kap\u0131lar\u0131n malzemesi, suya dayan\u0131kl\u0131d\u0131r ve suyun zararl\u0131 etkilerinden etkilenmez. Ayr\u0131ca, WPC kap\u0131lar\u0131 termitler ve di\u011fer zararl\u0131lara kar\u015f\u0131 da dayan\u0131kl\u0131d\u0131r. Bu, uzun vadede size zaman ve para kazand\u0131r\u0131r, \u00e7\u00fcnk\u00fc geleneksel ah\u015fap kap\u0131lar\u0131n aksine, WPC kap\u0131lar \u00e7\u00fcr\u00fcmeye veya b\u00f6cek istilas\u0131na u\u011framaz.<\/p>\n<p data-start=\"2856\" data-end=\"2909\"><strong data-start=\"2856\" data-end=\"2909\">Sonu\u00e7: WPC Kap\u0131lar Ev Sahipleri \u0130\u00e7in Neden \u0130deal?<\/strong><\/p>\n<p data-start=\"2911\" data-end=\"3317\">WPC kap\u0131lar, dayan\u0131kl\u0131, estetik, enerji verimli ve bak\u0131m gerektirmeyen yap\u0131lar\u0131yla ev sahiplerinin g\u00f6zdesi olmu\u015ftur. Su ge\u00e7irmez \u00f6zellikleri sayesinde, her t\u00fcrl\u00fc hava ko\u015fulunda g\u00fcvenle kullan\u0131labilir. Estetik tasar\u0131m\u0131 ve \u00e7e\u015fitli renk se\u00e7enekleriyle de evinize \u015f\u0131kl\u0131k katarken, uzun \u00f6m\u00fcrl\u00fc kullan\u0131m\u0131yla size ekonomik avantaj sa\u011flar. WPC kap\u0131lar, evde kaliteyi ve konforu arayan herkes i\u00e7in en iyi tercihtir.<\/p>\n<\/div>\n<\/div>\n<\/div>\n<\/div>\n<\/div>\n<\/div>\n<\/article>\n<\/div>\n<\/div>\n<\/div>\n<\/div>\n<\/div>\n<\/div>\n<\/div>\n<\/div>\n<\/div>\n<\/div>\n<\/div>\n<\/div>\n<\/div>\n<\/div>\n<\/div>\n<\/article>\n<\/div>\n<\/div>\n<\/div>\n<\/div>\n<\/div>\n<\/div>\n<\/div>\n<\/article>\n<\/div>\n<\/div>\n","protected":false},"excerpt":{"rendered":"<p>&nbsp; WPC Kap\u0131lar\u0131n Y\u00fckselen Pop\u00fclaritesi WPC (Ah\u015fap Plastik Kompozit) kap\u0131lar, son y\u0131llarda hem estetik hem de dayan\u0131kl\u0131l\u0131k a\u00e7\u0131s\u0131ndan ev sahiplerinin ilgisini \u00e7eken pop\u00fcler bir tercih haline gelmi\u015ftir. Ah\u015fap ve plastik birle\u015fiminden \u00fcretilen bu kap\u0131lar, suya dayan\u0131kl\u0131 yap\u0131lar\u0131yla dikkat \u00e7ekerken, ayn\u0131 zamanda estetik bir g\u00f6r\u00fcn\u00fcm sunar. Evlerde, ofislerde ve di\u011fer ticari alanlarda kullan\u0131ma uygun olan WPC<\/p>\n","protected":false},"featured_media":10115,"template":"","meta":{"_bbp_topic_count":0,"_bbp_reply_count":0,"_bbp_total_topic_count":0,"_bbp_total_reply_count":0,"_bbp_voice_count":0,"_bbp_anonymous_reply_count":0,"_bbp_topic_count_hidden":0,"_bbp_reply_count_hidden":0,"_bbp_forum_subforum_count":0},"product_brand":[],"product_cat":[1049],"product_tag":[],"class_list":{"0":"post-10114","1":"product","2":"type-product","3":"status-publish","4":"has-post-thumbnail","6":"product_cat-dera-e-jashtme","8":"first","9":"instock","10":"shipping-taxable","11":"product-type-simple","12":"prodpage-classic"},"yoast_head":"<!-- This site is optimized with the Yoast SEO Premium plugin v26.6 (Yoast SEO v27.3) - https:\/\/yoast.com\/product\/yoast-seo-premium-wordpress\/ -->\n<title>WPC Kap\u0131lar - \u0130\u00e7 Oda Kap\u0131lar\u0131 - \u00c7elik kap\u0131 modelleri - apartman kap\u0131lar\u0131<\/title>\n<meta name=\"robots\" content=\"index, follow, max-snippet:-1, max-image-preview:large, max-video-preview:-1\" \/>\n<link rel=\"canonical\" href=\"https:\/\/www.kapi.ltd\/sq\/urun\/wpc-kapilar\/\" \/>\n<meta property=\"og:locale\" content=\"sq_AL\" \/>\n<meta property=\"og:type\" content=\"article\" \/>\n<meta property=\"og:title\" content=\"WPC Kap\u0131lar\" \/>\n<meta property=\"og:description\" content=\"&nbsp; WPC Kap\u0131lar\u0131n Y\u00fckselen Pop\u00fclaritesi WPC (Ah\u015fap Plastik Kompozit) kap\u0131lar, son y\u0131llarda hem estetik hem de dayan\u0131kl\u0131l\u0131k a\u00e7\u0131s\u0131ndan ev sahiplerinin ilgisini \u00e7eken pop\u00fcler bir tercih haline gelmi\u015ftir. Ah\u015fap ve plastik birle\u015fiminden \u00fcretilen bu kap\u0131lar, suya dayan\u0131kl\u0131 yap\u0131lar\u0131yla dikkat \u00e7ekerken, ayn\u0131 zamanda estetik bir g\u00f6r\u00fcn\u00fcm sunar. Evlerde, ofislerde ve di\u011fer ticari alanlarda kullan\u0131ma uygun olan WPC\" \/>\n<meta property=\"og:url\" content=\"https:\/\/www.kapi.ltd\/sq\/urun\/wpc-kapilar\/\" \/>\n<meta property=\"og:site_name\" content=\"\u0130\u00e7 Oda Kap\u0131lar\u0131 - \u00c7elik kap\u0131 modelleri - apartman kap\u0131lar\u0131\" \/>\n<meta property=\"article:modified_time\" content=\"2026-03-08T07:08:43+00:00\" \/>\n<meta name=\"twitter:card\" content=\"summary_large_image\" \/>\n<meta name=\"twitter:label1\" content=\"Est. reading time\" \/>\n\t<meta name=\"twitter:data1\" content=\"2 minuta\" \/>\n<script type=\"application\/ld+json\" class=\"yoast-schema-graph\">{\"@context\":\"https:\\\/\\\/schema.org\",\"@graph\":[{\"@type\":\"WebPage\",\"@id\":\"https:\\\/\\\/www.kapi.ltd\\\/sq\\\/urun\\\/wpc-kapilar\\\/\",\"url\":\"https:\\\/\\\/www.kapi.ltd\\\/sq\\\/urun\\\/wpc-kapilar\\\/\",\"name\":\"WPC Kap\u0131lar - \u0130\u00e7 Oda Kap\u0131lar\u0131 - \u00c7elik kap\u0131 modelleri - apartman kap\u0131lar\u0131\",\"isPartOf\":{\"@id\":\"https:\\\/\\\/www.kapi.ltd\\\/sq\\\/#website\"},\"primaryImageOfPage\":{\"@id\":\"https:\\\/\\\/www.kapi.ltd\\\/sq\\\/urun\\\/wpc-kapilar\\\/#primaryimage\"},\"image\":{\"@id\":\"https:\\\/\\\/www.kapi.ltd\\\/sq\\\/urun\\\/wpc-kapilar\\\/#primaryimage\"},\"thumbnailUrl\":\"https:\\\/\\\/www.kapi.ltd\\\/wp-content\\\/uploads\\\/2026\\\/03\\\/wpc-doors.webp\",\"datePublished\":\"2026-02-28T21:52:32+00:00\",\"dateModified\":\"2026-03-08T07:08:43+00:00\",\"breadcrumb\":{\"@id\":\"https:\\\/\\\/www.kapi.ltd\\\/sq\\\/urun\\\/wpc-kapilar\\\/#breadcrumb\"},\"inLanguage\":\"sq\",\"potentialAction\":[{\"@type\":\"ReadAction\",\"target\":[\"https:\\\/\\\/www.kapi.ltd\\\/sq\\\/urun\\\/wpc-kapilar\\\/\"]}]},{\"@type\":\"ImageObject\",\"inLanguage\":\"sq\",\"@id\":\"https:\\\/\\\/www.kapi.ltd\\\/sq\\\/urun\\\/wpc-kapilar\\\/#primaryimage\",\"url\":\"https:\\\/\\\/www.kapi.ltd\\\/wp-content\\\/uploads\\\/2026\\\/03\\\/wpc-doors.webp\",\"contentUrl\":\"https:\\\/\\\/www.kapi.ltd\\\/wp-content\\\/uploads\\\/2026\\\/03\\\/wpc-doors.webp\",\"width\":500,\"height\":750,\"caption\":\"wpc doors\"},{\"@type\":\"BreadcrumbList\",\"@id\":\"https:\\\/\\\/www.kapi.ltd\\\/sq\\\/urun\\\/wpc-kapilar\\\/#breadcrumb\",\"itemListElement\":[{\"@type\":\"ListItem\",\"position\":1,\"name\":\"Anasayfa\",\"item\":\"https:\\\/\\\/www.kapi.ltd\\\/sq\\\/\"},{\"@type\":\"ListItem\",\"position\":2,\"name\":\"ic-kapi-celik-kapi-modelleri\",\"item\":\"https:\\\/\\\/www.kapi.ltd\\\/?page_id=4263\"},{\"@type\":\"ListItem\",\"position\":3,\"name\":\"WPC Kap\u0131lar\"}]},{\"@type\":\"WebSite\",\"@id\":\"https:\\\/\\\/www.kapi.ltd\\\/sq\\\/#website\",\"url\":\"https:\\\/\\\/www.kapi.ltd\\\/sq\\\/\",\"name\":\"\u0130\u00e7 Kap\u0131 Ve \u00c7elik Kap\u0131 Modelleri\",\"description\":\"T\u00fcrkiye Kap\u0131 Modelleri Merkezi\",\"potentialAction\":[{\"@type\":\"SearchAction\",\"target\":{\"@type\":\"EntryPoint\",\"urlTemplate\":\"https:\\\/\\\/www.kapi.ltd\\\/sq\\\/?s={search_term_string}\"},\"query-input\":{\"@type\":\"PropertyValueSpecification\",\"valueRequired\":true,\"valueName\":\"search_term_string\"}}],\"inLanguage\":\"sq\"}]}<\/script>\n<!-- \/ Yoast SEO Premium plugin. -->","yoast_head_json":{"title":"WPC Kap\u0131lar - \u0130\u00e7 Oda Kap\u0131lar\u0131 - \u00c7elik kap\u0131 modelleri - apartman kap\u0131lar\u0131","robots":{"index":"index","follow":"follow","max-snippet":"max-snippet:-1","max-image-preview":"max-image-preview:large","max-video-preview":"max-video-preview:-1"},"canonical":"https:\/\/www.kapi.ltd\/sq\/urun\/wpc-kapilar\/","og_locale":"sq_AL","og_type":"article","og_title":"WPC Kap\u0131lar","og_description":"&nbsp; WPC Kap\u0131lar\u0131n Y\u00fckselen Pop\u00fclaritesi WPC (Ah\u015fap Plastik Kompozit) kap\u0131lar, son y\u0131llarda hem estetik hem de dayan\u0131kl\u0131l\u0131k a\u00e7\u0131s\u0131ndan ev sahiplerinin ilgisini \u00e7eken pop\u00fcler bir tercih haline gelmi\u015ftir. Ah\u015fap ve plastik birle\u015fiminden \u00fcretilen bu kap\u0131lar, suya dayan\u0131kl\u0131 yap\u0131lar\u0131yla dikkat \u00e7ekerken, ayn\u0131 zamanda estetik bir g\u00f6r\u00fcn\u00fcm sunar. Evlerde, ofislerde ve di\u011fer ticari alanlarda kullan\u0131ma uygun olan WPC","og_url":"https:\/\/www.kapi.ltd\/sq\/urun\/wpc-kapilar\/","og_site_name":"\u0130\u00e7 Oda Kap\u0131lar\u0131 - \u00c7elik kap\u0131 modelleri - apartman kap\u0131lar\u0131","article_modified_time":"2026-03-08T07:08:43+00:00","twitter_card":"summary_large_image","twitter_misc":{"Est. reading time":"2 minuta"},"schema":{"@context":"https:\/\/schema.org","@graph":[{"@type":"WebPage","@id":"https:\/\/www.kapi.ltd\/sq\/urun\/wpc-kapilar\/","url":"https:\/\/www.kapi.ltd\/sq\/urun\/wpc-kapilar\/","name":"WPC Kap\u0131lar - \u0130\u00e7 Oda Kap\u0131lar\u0131 - \u00c7elik kap\u0131 modelleri - apartman kap\u0131lar\u0131","isPartOf":{"@id":"https:\/\/www.kapi.ltd\/sq\/#website"},"primaryImageOfPage":{"@id":"https:\/\/www.kapi.ltd\/sq\/urun\/wpc-kapilar\/#primaryimage"},"image":{"@id":"https:\/\/www.kapi.ltd\/sq\/urun\/wpc-kapilar\/#primaryimage"},"thumbnailUrl":"https:\/\/www.kapi.ltd\/wp-content\/uploads\/2026\/03\/wpc-doors.webp","datePublished":"2026-02-28T21:52:32+00:00","dateModified":"2026-03-08T07:08:43+00:00","breadcrumb":{"@id":"https:\/\/www.kapi.ltd\/sq\/urun\/wpc-kapilar\/#breadcrumb"},"inLanguage":"sq","potentialAction":[{"@type":"ReadAction","target":["https:\/\/www.kapi.ltd\/sq\/urun\/wpc-kapilar\/"]}]},{"@type":"ImageObject","inLanguage":"sq","@id":"https:\/\/www.kapi.ltd\/sq\/urun\/wpc-kapilar\/#primaryimage","url":"https:\/\/www.kapi.ltd\/wp-content\/uploads\/2026\/03\/wpc-doors.webp","contentUrl":"https:\/\/www.kapi.ltd\/wp-content\/uploads\/2026\/03\/wpc-doors.webp","width":500,"height":750,"caption":"wpc doors"},{"@type":"BreadcrumbList","@id":"https:\/\/www.kapi.ltd\/sq\/urun\/wpc-kapilar\/#breadcrumb","itemListElement":[{"@type":"ListItem","position":1,"name":"Anasayfa","item":"https:\/\/www.kapi.ltd\/sq\/"},{"@type":"ListItem","position":2,"name":"ic-kapi-celik-kapi-modelleri","item":"https:\/\/www.kapi.ltd\/?page_id=4263"},{"@type":"ListItem","position":3,"name":"WPC Kap\u0131lar"}]},{"@type":"WebSite","@id":"https:\/\/www.kapi.ltd\/sq\/#website","url":"https:\/\/www.kapi.ltd\/sq\/","name":"\u0130\u00e7 Kap\u0131 Ve \u00c7elik Kap\u0131 Modelleri","description":"T\u00fcrkiye Kap\u0131 Modelleri Merkezi","potentialAction":[{"@type":"SearchAction","target":{"@type":"EntryPoint","urlTemplate":"https:\/\/www.kapi.ltd\/sq\/?s={search_term_string}"},"query-input":{"@type":"PropertyValueSpecification","valueRequired":true,"valueName":"search_term_string"}}],"inLanguage":"sq"}]}},"_links":{"self":[{"href":"https:\/\/www.kapi.ltd\/sq\/wp-json\/wp\/v2\/product\/10114","targetHints":{"allow":["GET"]}}],"collection":[{"href":"https:\/\/www.kapi.ltd\/sq\/wp-json\/wp\/v2\/product"}],"about":[{"href":"https:\/\/www.kapi.ltd\/sq\/wp-json\/wp\/v2\/types\/product"}],"version-history":[{"count":0,"href":"https:\/\/www.kapi.ltd\/sq\/wp-json\/wp\/v2\/product\/10114\/revisions"}],"wp:featuredmedia":[{"embeddable":true,"href":"https:\/\/www.kapi.ltd\/sq\/wp-json\/wp\/v2\/media\/10115"}],"wp:attachment":[{"href":"https:\/\/www.kapi.ltd\/sq\/wp-json\/wp\/v2\/media?parent=10114"}],"wp:term":[{"taxonomy":"product_brand","embeddable":true,"href":"https:\/\/www.kapi.ltd\/sq\/wp-json\/wp\/v2\/product_brand?post=10114"},{"taxonomy":"product_cat","embeddable":true,"href":"https:\/\/www.kapi.ltd\/sq\/wp-json\/wp\/v2\/product_cat?post=10114"},{"taxonomy":"product_tag","embeddable":true,"href":"https:\/\/www.kapi.ltd\/sq\/wp-json\/wp\/v2\/product_tag?post=10114"}],"curies":[{"name":"wp","href":"https:\/\/api.w.org\/{rel}","templated":true}]}}