{"id":10090,"date":"2026-02-28T21:32:42","date_gmt":"2026-02-28T18:32:42","guid":{"rendered":"https:\/\/www.kapi.ltd\/urun\/ic-kapilar\/"},"modified":"2026-03-08T10:06:49","modified_gmt":"2026-03-08T07:06:49","slug":"ic-kapilar","status":"publish","type":"product","link":"https:\/\/www.kapi.ltd\/sq\/urun\/ic-kapilar\/","title":{"rendered":"\u0130\u00e7 Kap\u0131lar"},"content":{"rendered":"<div class=\"relative basis-auto flex-col -mb-(--composer-overlap-px) [--composer-overlap-px:28px] grow flex\">\n<div class=\"flex flex-col text-sm pb-25\">\n<article class=\"text-token-text-primary w-full focus:outline-none [--shadow-height:45px] has-data-writing-block:pointer-events-none has-data-writing-block:-mt-(--shadow-height) has-data-writing-block:pt-(--shadow-height) [&amp;:has([data-writing-block])&gt;*]:pointer-events-auto scroll-mt-[calc(var(--header-height)+min(200px,max(70px,20svh)))]\" dir=\"auto\" tabindex=\"-1\" data-turn-id=\"request-WEB:2b9e6435-ceff-4ba4-bf60-66abfd099f94-4\" data-testid=\"conversation-turn-6\" data-scroll-anchor=\"true\" data-turn=\"assistant\">\n<div class=\"text-base my-auto mx-auto pb-10 [--thread-content-margin:--spacing(4)] @w-sm\/main:[--thread-content-margin:--spacing(6)] @w-lg\/main:[--thread-content-margin:--spacing(16)] px-(--thread-content-margin)\">\n<div class=\"[--thread-content-max-width:40rem] @w-lg\/main:[--thread-content-max-width:48rem] mx-auto max-w-(--thread-content-max-width) flex-1 group\/turn-messages focus-visible:outline-hidden relative flex w-full min-w-0 flex-col agent-turn\" tabindex=\"-1\">\n<div class=\"flex max-w-full flex-col grow\">\n<div class=\"min-h-8 text-message relative flex w-full flex-col items-end gap-2 text-start break-words whitespace-normal [.text-message+&amp;]:mt-1\" dir=\"auto\" data-message-author-role=\"assistant\" data-message-id=\"7e3d4023-93e5-4f40-b9b4-ca2e1a7065cc\" data-message-model-slug=\"gpt-5-2\">\n<div class=\"flex w-full flex-col gap-1 empty:hidden first:pt-[1px]\">\n<div class=\"markdown prose dark:prose-invert w-full wrap-break-word light markdown-new-styling\">\n<div class=\"flex flex-col text-sm\">\n<article class=\"text-token-text-primary w-full focus:outline-none [--shadow-height:45px] has-data-writing-block:pointer-events-none has-data-writing-block:-mt-(--shadow-height) has-data-writing-block:pt-(--shadow-height) [&amp;:has([data-writing-block])&gt;*]:pointer-events-auto scroll-mt-[calc(var(--header-height)+min(200px,max(70px,20svh)))]\" dir=\"auto\" tabindex=\"-1\" data-turn-id=\"request-WEB:cd5deb19-94c9-483e-9ebf-bd612e199c7a-4\" data-testid=\"conversation-turn-10\" data-scroll-anchor=\"true\" data-turn=\"assistant\">\n<div class=\"text-base my-auto mx-auto pb-10 [--thread-content-margin:--spacing(4)] @w-sm\/main:[--thread-content-margin:--spacing(6)] @w-lg\/main:[--thread-content-margin:--spacing(16)] px-(--thread-content-margin)\">\n<div class=\"[--thread-content-max-width:40rem] @w-lg\/main:[--thread-content-max-width:48rem] mx-auto max-w-(--thread-content-max-width) flex-1 group\/turn-messages focus-visible:outline-hidden relative flex w-full min-w-0 flex-col agent-turn\" tabindex=\"-1\">\n<div class=\"flex max-w-full flex-col grow\">\n<div class=\"min-h-8 text-message relative flex w-full flex-col items-end gap-2 text-start break-words whitespace-normal [.text-message+&amp;]:mt-1\" dir=\"auto\" data-message-author-role=\"assistant\" data-message-id=\"b96b74e1-3daa-4b7d-9619-2887dd84cbb3\" data-message-model-slug=\"gpt-5-2\">\n<div class=\"flex w-full flex-col gap-1 empty:hidden first:pt-[1px]\">\n<div class=\"markdown prose dark:prose-invert w-full wrap-break-word light markdown-new-styling\">\n<h3 data-start=\"0\" data-end=\"63\"><strong data-start=\"4\" data-end=\"63\">\u0130\u00e7 Kap\u0131lar: Fonksiyonel ve Estetik \u0130\u00e7 Mekan Se\u00e7enekleri<\/strong><\/h3>\n<p data-start=\"65\" data-end=\"556\">\u0130\u00e7 mekanlar\u0131n d\u00fczeni, sadece e\u015fyalar\u0131n yerle\u015fimiyle de\u011fil, ayn\u0131 zamanda kullan\u0131lan unsurlarla da \u015fekillenir. <strong data-start=\"174\" data-end=\"188\">\u0130\u00e7 kap\u0131lar<\/strong>, hem i\u015flevsel hem de dekoratif a\u00e7\u0131dan i\u00e7 mekanlar\u0131 tamamlayan \u00f6nemli \u00f6\u011felerdir. <strong data-start=\"269\" data-end=\"287\">\u0130\u00e7 kap\u0131 modeli<\/strong> ve <strong data-start=\"291\" data-end=\"312\">i\u00e7 kap\u0131 modelleri<\/strong>, mekan\u0131n tarz\u0131na uyum sa\u011flayacak \u015fekilde se\u00e7ilmelidir. Bu yaz\u0131da, <strong data-start=\"379\" data-end=\"393\">i\u00e7 kap\u0131lar<\/strong>, <strong data-start=\"395\" data-end=\"413\">i\u00e7 kap\u0131 modeli<\/strong> ve <strong data-start=\"417\" data-end=\"438\">i\u00e7 kap\u0131 modelleri<\/strong> hakk\u0131nda detayl\u0131 bilgi verecek ve i\u00e7 mekan\u0131n\u0131zda \u015f\u0131kl\u0131\u011f\u0131 ve fonksiyonelli\u011fi nas\u0131l birle\u015ftirebilece\u011finizi anlataca\u011f\u0131z.<\/p>\n<h4 data-start=\"558\" data-end=\"618\"><strong data-start=\"563\" data-end=\"618\">\u0130\u00e7 Kap\u0131lar: \u0130\u00e7 Mekanlarda Estetik ve Fonksiyonellik<\/strong><\/h4>\n<p data-start=\"620\" data-end=\"1019\"><strong data-start=\"620\" data-end=\"634\">\u0130\u00e7 kap\u0131lar<\/strong>, evdeki farkl\u0131 alanlar\u0131 birbirinden ay\u0131rarak, mahremiyet sa\u011flar ve odalar aras\u0131nda g\u00f6rsel bir ba\u011flant\u0131 olu\u015fturur. <strong data-start=\"749\" data-end=\"763\">\u0130\u00e7 kap\u0131lar<\/strong>, yaln\u0131zca dekoratif olmakla kalmaz, ayn\u0131 zamanda ses yal\u0131t\u0131m\u0131, g\u00fcvenlik ve enerji verimlili\u011fi gibi i\u015flevsel avantajlar da sunar. Evin her odas\u0131 i\u00e7in do\u011fru <strong data-start=\"919\" data-end=\"937\">i\u00e7 kap\u0131 modeli<\/strong> se\u00e7mek, odalar\u0131n estetik b\u00fct\u00fcnl\u00fc\u011f\u00fcn\u00fc sa\u011flar ve ayn\u0131 zamanda i\u015flevselli\u011fi art\u0131r\u0131r.<\/p>\n<p data-start=\"1021\" data-end=\"1304\">\u00d6zellikle evdeki odalar\u0131n birbirinden ayr\u0131lmas\u0131n\u0131n yan\u0131 s\u0131ra, farkl\u0131 i\u00e7 mekanlar aras\u0131nda \u0131\u015f\u0131k ge\u00e7i\u015fini sa\u011flamak, odalar\u0131n ferah ve geni\u015f g\u00f6r\u00fcnmesini sa\u011flamak da m\u00fcmk\u00fcnd\u00fcr. Bu y\u00fczden <strong data-start=\"1204\" data-end=\"1225\">i\u00e7 kap\u0131 modelleri<\/strong>, modern, klasik, minimalist veya rustik tarzlarda bir\u00e7ok farkl\u0131 se\u00e7enek sunar.<\/p>\n<h4 data-start=\"1306\" data-end=\"1378\"><strong data-start=\"1311\" data-end=\"1378\">\u0130\u00e7 Kap\u0131 Modelleri: Farkl\u0131 Tarzlar ve \u0130htiya\u00e7lar \u0130\u00e7in Se\u00e7enekler<\/strong><\/h4>\n<p data-start=\"1380\" data-end=\"1616\"><strong data-start=\"1380\" data-end=\"1401\">\u0130\u00e7 kap\u0131 modelleri<\/strong>, farkl\u0131 dekorasyon stillerine ve odalar\u0131n ihtiya\u00e7lar\u0131na g\u00f6re \u00e7e\u015fitlenir. Her tarza uyum sa\u011flayacak kap\u0131 se\u00e7enekleri bulunur ve bu kap\u0131lar evin genel g\u00f6r\u00fcn\u00fcm\u00fcne \u015f\u0131kl\u0131k katar. \u0130\u015fte pop\u00fcler baz\u0131 <strong data-start=\"1594\" data-end=\"1615\">i\u00e7 kap\u0131 modelleri<\/strong>:<\/p>\n<ul data-start=\"1618\" data-end=\"2425\">\n<li data-start=\"1618\" data-end=\"1788\">\n<p data-start=\"1620\" data-end=\"1788\"><strong data-start=\"1620\" data-end=\"1638\">D\u00fcz \u0130\u00e7 Kap\u0131lar<\/strong>: Minimalist tasar\u0131mlar\u0131 sevenler i\u00e7in en uygun se\u00e7enek olan d\u00fcz i\u00e7 kap\u0131lar, sade ve \u015f\u0131k bir g\u00f6r\u00fcn\u00fcm sunar. Modern i\u00e7 mekanlarla m\u00fckemmel uyum sa\u011flar.<\/p>\n<\/li>\n<li data-start=\"1792\" data-end=\"1957\">\n<p data-start=\"1794\" data-end=\"1957\"><strong data-start=\"1794\" data-end=\"1814\">Panel \u0130\u00e7 Kap\u0131lar<\/strong>: Klasik bir tasar\u0131m\u0131 tercih edenler i\u00e7in idealdir. Panel i\u00e7 kap\u0131lar, geleneksel tarzda dekorasyonlarla uyumlu olup zarif bir atmosfer yarat\u0131r.<\/p>\n<\/li>\n<li data-start=\"1959\" data-end=\"2196\">\n<p data-start=\"1961\" data-end=\"2196\"><strong data-start=\"1961\" data-end=\"1981\">Caml\u0131 \u0130\u00e7 Kap\u0131lar<\/strong>: Caml\u0131 kap\u0131lar, i\u00e7 mekanlarda \u0131\u015f\u0131\u011f\u0131n ge\u00e7i\u015fini sa\u011flayarak daha geni\u015f ve ferah bir atmosfer olu\u015fturur. <strong data-start=\"2083\" data-end=\"2104\">\u0130\u00e7 kap\u0131 modelleri<\/strong> aras\u0131nda, caml\u0131 kap\u0131lar \u00f6zellikle k\u00fc\u00e7\u00fck odalar i\u00e7in uygundur ve do\u011fal \u0131\u015f\u0131k almas\u0131n\u0131 sa\u011flar.<\/p>\n<\/li>\n<li data-start=\"2198\" data-end=\"2425\">\n<p data-start=\"2200\" data-end=\"2425\"><strong data-start=\"2200\" data-end=\"2220\">Ah\u015fap \u0130\u00e7 Kap\u0131lar<\/strong>: Ah\u015fap, do\u011fal bir malzeme olarak i\u00e7 mekanlarda s\u0131cakl\u0131k yarat\u0131r. Hem geleneksel hem de modern tarzlarda kullan\u0131labilen <strong data-start=\"2340\" data-end=\"2354\">i\u00e7 kap\u0131lar<\/strong>, do\u011fal dokusu sayesinde evde s\u0131cak ve davetkar bir atmosfer olu\u015fturur.<\/p>\n<\/li>\n<\/ul>\n<h4 data-start=\"2427\" data-end=\"2489\"><strong data-start=\"2432\" data-end=\"2489\">\u0130\u00e7 Kap\u0131 Modelleri Se\u00e7erken Dikkat Edilmesi Gerekenler<\/strong><\/h4>\n<p data-start=\"2491\" data-end=\"2911\"><strong data-start=\"2491\" data-end=\"2505\">\u0130\u00e7 kap\u0131lar<\/strong> se\u00e7ilirken, dekorasyon tarz\u0131n\u0131n yan\u0131 s\u0131ra odan\u0131n i\u015flevi ve kullan\u0131m ihtiyac\u0131 da g\u00f6z \u00f6n\u00fcnde bulundurulmal\u0131d\u0131r. \u00d6rne\u011fin, yatak odas\u0131 gibi \u00f6zel alanlar i\u00e7in ses yal\u0131t\u0131m\u0131 sa\u011flayan kap\u0131lar tercih edilebilirken, mutfak veya banyo gibi nemli alanlar i\u00e7in suya dayan\u0131kl\u0131 kap\u0131lar se\u00e7ilmelidir. Ayr\u0131ca, <strong data-start=\"2799\" data-end=\"2820\">i\u00e7 kap\u0131 modelleri<\/strong> aras\u0131ndaki farkl\u0131 malzemeler ve tasar\u0131mlar, her odan\u0131n ihtiyac\u0131na g\u00f6re \u00f6zelle\u015ftirilebilir.<\/p>\n<ul data-start=\"2913\" data-end=\"3379\">\n<li data-start=\"2913\" data-end=\"3153\">\n<p data-start=\"2915\" data-end=\"3153\"><strong data-start=\"2915\" data-end=\"2931\">Ses Yal\u0131t\u0131m\u0131<\/strong>: E\u011fer odalar aras\u0131nda g\u00fcr\u00fclt\u00fc ge\u00e7i\u015fini engellemek istiyorsan\u0131z, ses yal\u0131t\u0131m\u0131 sa\u011flayan kap\u0131lar tercih edebilirsiniz. Bu t\u00fcr kap\u0131lar \u00f6zellikle ofislerde, yatak odalar\u0131nda veya evdeki di\u011fer \u00f6zel alanlarda i\u015flevsel olacakt\u0131r.<\/p>\n<\/li>\n<li data-start=\"3157\" data-end=\"3379\">\n<p data-start=\"3159\" data-end=\"3379\"><strong data-start=\"3159\" data-end=\"3180\">Suya Dayan\u0131kl\u0131l\u0131k<\/strong>: Mutfak ve banyo gibi nemli ortamlarda, <strong data-start=\"3221\" data-end=\"3239\">PVC i\u00e7 kap\u0131lar<\/strong> veya <strong data-start=\"3245\" data-end=\"3275\">suya dayan\u0131kl\u0131 MDF kap\u0131lar<\/strong> tercih edilmelidir. Bu t\u00fcr kap\u0131lar, uzun s\u00fcreli kullan\u0131mda dayan\u0131kl\u0131 olacak ve neme kar\u015f\u0131 korunacakt\u0131r.<\/p>\n<\/li>\n<\/ul>\n<h4 data-start=\"3381\" data-end=\"3423\"><strong data-start=\"3386\" data-end=\"3423\">\u0130\u00e7 Kap\u0131 Se\u00e7iminde Malzeme ve Renk<\/strong><\/h4>\n<p data-start=\"3425\" data-end=\"3678\"><strong data-start=\"3425\" data-end=\"3439\">\u0130\u00e7 kap\u0131lar<\/strong> i\u00e7in kullan\u0131lan malzeme, kap\u0131n\u0131n dayan\u0131kl\u0131l\u0131\u011f\u0131 ve esteti\u011fi a\u00e7\u0131s\u0131ndan b\u00fcy\u00fck \u00f6nem ta\u015f\u0131r. MDF, PVC, ah\u015fap ve metal gibi farkl\u0131 malzemeler, her ihtimale uygun \u00e7e\u015fitli kap\u0131 se\u00e7enekleri sunar. Kap\u0131lar\u0131n rengi de mekan\u0131n genel havas\u0131n\u0131 etkiler.<\/p>\n<ul data-start=\"3680\" data-end=\"4211\">\n<li data-start=\"3680\" data-end=\"3842\">\n<p data-start=\"3682\" data-end=\"3842\"><strong data-start=\"3682\" data-end=\"3700\">MDF \u0130\u00e7 Kap\u0131lar<\/strong>: Uygun fiyatl\u0131 ve dayan\u0131kl\u0131 olan MDF i\u00e7 kap\u0131lar, geni\u015f renk ve desen se\u00e7enekleri sunar. Ayr\u0131ca, boya ile ki\u015fiselle\u015ftirilebilme imkan\u0131 sa\u011flar.<\/p>\n<\/li>\n<li data-start=\"3846\" data-end=\"4022\">\n<p data-start=\"3848\" data-end=\"4022\"><strong data-start=\"3848\" data-end=\"3868\">Ah\u015fap \u0130\u00e7 Kap\u0131lar<\/strong>: Do\u011fal ve s\u0131cak bir atmosfer yaratmak i\u00e7in ah\u015fap i\u00e7 kap\u0131lar idealdir. Ah\u015fap kap\u0131lar, geleneksel ve modern i\u00e7 mekanlarda kullan\u0131labilir ve uzun \u00f6m\u00fcrl\u00fcd\u00fcr.<\/p>\n<\/li>\n<li data-start=\"4024\" data-end=\"4211\">\n<p data-start=\"4026\" data-end=\"4211\"><strong data-start=\"4026\" data-end=\"4044\">PVC \u0130\u00e7 Kap\u0131lar<\/strong>: Suya ve neme kar\u015f\u0131 dayan\u0131kl\u0131 olan PVC i\u00e7 kap\u0131lar, \u00f6zellikle banyo ve mutfak gibi alanlarda tercih edilir. Ayr\u0131ca, PVC kap\u0131lar olduk\u00e7a dayan\u0131kl\u0131 ve bak\u0131m gerektirmez.<\/p>\n<\/li>\n<\/ul>\n<h4 data-start=\"4213\" data-end=\"4268\"><strong data-start=\"4218\" data-end=\"4268\">Sonu\u00e7: \u0130\u00e7 Kap\u0131lar ile \u015e\u0131kl\u0131k ve Fonksiyonellik<\/strong><\/h4>\n<p data-start=\"4270\" data-end=\"4630\"><strong data-start=\"4270\" data-end=\"4284\">\u0130\u00e7 kap\u0131lar<\/strong>, evdeki i\u00e7 mekanlar\u0131 estetik ve fonksiyonel a\u00e7\u0131dan birbirinden ay\u0131ran \u00f6nemli unsurlard\u0131r. <strong data-start=\"4375\" data-end=\"4393\">\u0130\u00e7 kap\u0131 modeli<\/strong> se\u00e7imi, odalar\u0131n genel dekorasyonunu tamamlamakla kalmaz, ayn\u0131 zamanda kullan\u0131m amac\u0131na g\u00f6re de i\u015flevsel bir \u00e7\u00f6z\u00fcm sunar. <strong data-start=\"4516\" data-end=\"4537\">\u0130\u00e7 kap\u0131 modelleri<\/strong> aras\u0131ndaki geni\u015f se\u00e7enekler sayesinde, her tarza ve ihtiyaca uygun kap\u0131lar bulmak m\u00fcmk\u00fcnd\u00fcr.<\/p>\n<p data-start=\"4632\" data-end=\"4850\">Do\u011fru <strong data-start=\"4638\" data-end=\"4656\">i\u00e7 kap\u0131 modeli<\/strong> ile ya\u015fam alanlar\u0131n\u0131z\u0131 daha estetik, fonksiyonel ve konforlu hale getirebilirsiniz. Hem \u015f\u0131kl\u0131\u011f\u0131 hem de uzun \u00f6m\u00fcrl\u00fc kullan\u0131m\u0131 bir arada ar\u0131yorsan\u0131z, <strong data-start=\"4805\" data-end=\"4819\">i\u00e7 kap\u0131lar<\/strong> en ideal tercihiniz olacakt\u0131r.<\/p>\n<\/div>\n<\/div>\n<\/div>\n<\/div>\n<\/div>\n<\/div>\n<\/article>\n<\/div>\n<\/div>\n<\/div>\n<\/div>\n<\/div>\n<\/div>\n<\/div>\n<\/article>\n<\/div>\n<\/div>\n","protected":false},"excerpt":{"rendered":"<p>\u0130\u00e7 Kap\u0131lar: Fonksiyonel ve Estetik \u0130\u00e7 Mekan Se\u00e7enekleri \u0130\u00e7 mekanlar\u0131n d\u00fczeni, sadece e\u015fyalar\u0131n yerle\u015fimiyle de\u011fil, ayn\u0131 zamanda kullan\u0131lan unsurlarla da \u015fekillenir. \u0130\u00e7 kap\u0131lar, hem i\u015flevsel hem de dekoratif a\u00e7\u0131dan i\u00e7 mekanlar\u0131 tamamlayan \u00f6nemli \u00f6\u011felerdir. \u0130\u00e7 kap\u0131 modeli ve i\u00e7 kap\u0131 modelleri, mekan\u0131n tarz\u0131na uyum sa\u011flayacak \u015fekilde se\u00e7ilmelidir. Bu yaz\u0131da, i\u00e7 kap\u0131lar, i\u00e7 kap\u0131 modeli ve<\/p>\n","protected":false},"featured_media":10091,"template":"","meta":{"_bbp_topic_count":0,"_bbp_reply_count":0,"_bbp_total_topic_count":0,"_bbp_total_reply_count":0,"_bbp_voice_count":0,"_bbp_anonymous_reply_count":0,"_bbp_topic_count_hidden":0,"_bbp_reply_count_hidden":0,"_bbp_forum_subforum_count":0},"product_brand":[],"product_cat":[897],"product_tag":[],"class_list":{"0":"post-10090","1":"product","2":"type-product","3":"status-publish","4":"has-post-thumbnail","6":"product_cat-dere-membrane","8":"first","9":"instock","10":"shipping-taxable","11":"product-type-simple","12":"prodpage-classic"},"yoast_head":"<!-- This site is optimized with the Yoast SEO Premium plugin v26.6 (Yoast SEO v27.3) - https:\/\/yoast.com\/product\/yoast-seo-premium-wordpress\/ -->\n<title>\u0130\u00e7 Kap\u0131lar - \u0130\u00e7 Oda Kap\u0131lar\u0131 - \u00c7elik kap\u0131 modelleri - apartman kap\u0131lar\u0131<\/title>\n<meta name=\"robots\" content=\"index, follow, max-snippet:-1, max-image-preview:large, max-video-preview:-1\" \/>\n<link rel=\"canonical\" href=\"https:\/\/www.kapi.ltd\/sq\/urun\/ic-kapilar\/\" \/>\n<meta property=\"og:locale\" content=\"sq_AL\" \/>\n<meta property=\"og:type\" content=\"article\" \/>\n<meta property=\"og:title\" content=\"\u0130\u00e7 Kap\u0131lar\" \/>\n<meta property=\"og:description\" content=\"\u0130\u00e7 Kap\u0131lar: Fonksiyonel ve Estetik \u0130\u00e7 Mekan Se\u00e7enekleri \u0130\u00e7 mekanlar\u0131n d\u00fczeni, sadece e\u015fyalar\u0131n yerle\u015fimiyle de\u011fil, ayn\u0131 zamanda kullan\u0131lan unsurlarla da \u015fekillenir. \u0130\u00e7 kap\u0131lar, hem i\u015flevsel hem de dekoratif a\u00e7\u0131dan i\u00e7 mekanlar\u0131 tamamlayan \u00f6nemli \u00f6\u011felerdir. \u0130\u00e7 kap\u0131 modeli ve i\u00e7 kap\u0131 modelleri, mekan\u0131n tarz\u0131na uyum sa\u011flayacak \u015fekilde se\u00e7ilmelidir. Bu yaz\u0131da, i\u00e7 kap\u0131lar, i\u00e7 kap\u0131 modeli ve\" \/>\n<meta property=\"og:url\" content=\"https:\/\/www.kapi.ltd\/sq\/urun\/ic-kapilar\/\" \/>\n<meta property=\"og:site_name\" content=\"\u0130\u00e7 Oda Kap\u0131lar\u0131 - \u00c7elik kap\u0131 modelleri - apartman kap\u0131lar\u0131\" \/>\n<meta property=\"article:modified_time\" content=\"2026-03-08T07:06:49+00:00\" \/>\n<meta name=\"twitter:card\" content=\"summary_large_image\" \/>\n<meta name=\"twitter:label1\" content=\"Est. reading time\" \/>\n\t<meta name=\"twitter:data1\" content=\"4 minuta\" \/>\n<script type=\"application\/ld+json\" class=\"yoast-schema-graph\">{\"@context\":\"https:\\\/\\\/schema.org\",\"@graph\":[{\"@type\":\"WebPage\",\"@id\":\"https:\\\/\\\/www.kapi.ltd\\\/sq\\\/urun\\\/ic-kapilar\\\/\",\"url\":\"https:\\\/\\\/www.kapi.ltd\\\/sq\\\/urun\\\/ic-kapilar\\\/\",\"name\":\"\u0130\u00e7 Kap\u0131lar - \u0130\u00e7 Oda Kap\u0131lar\u0131 - \u00c7elik kap\u0131 modelleri - apartman kap\u0131lar\u0131\",\"isPartOf\":{\"@id\":\"https:\\\/\\\/www.kapi.ltd\\\/sq\\\/#website\"},\"primaryImageOfPage\":{\"@id\":\"https:\\\/\\\/www.kapi.ltd\\\/sq\\\/urun\\\/ic-kapilar\\\/#primaryimage\"},\"image\":{\"@id\":\"https:\\\/\\\/www.kapi.ltd\\\/sq\\\/urun\\\/ic-kapilar\\\/#primaryimage\"},\"thumbnailUrl\":\"https:\\\/\\\/www.kapi.ltd\\\/wp-content\\\/uploads\\\/2026\\\/02\\\/ic-kapilar.webp\",\"datePublished\":\"2026-02-28T18:32:42+00:00\",\"dateModified\":\"2026-03-08T07:06:49+00:00\",\"breadcrumb\":{\"@id\":\"https:\\\/\\\/www.kapi.ltd\\\/sq\\\/urun\\\/ic-kapilar\\\/#breadcrumb\"},\"inLanguage\":\"sq\",\"potentialAction\":[{\"@type\":\"ReadAction\",\"target\":[\"https:\\\/\\\/www.kapi.ltd\\\/sq\\\/urun\\\/ic-kapilar\\\/\"]}]},{\"@type\":\"ImageObject\",\"inLanguage\":\"sq\",\"@id\":\"https:\\\/\\\/www.kapi.ltd\\\/sq\\\/urun\\\/ic-kapilar\\\/#primaryimage\",\"url\":\"https:\\\/\\\/www.kapi.ltd\\\/wp-content\\\/uploads\\\/2026\\\/02\\\/ic-kapilar.webp\",\"contentUrl\":\"https:\\\/\\\/www.kapi.ltd\\\/wp-content\\\/uploads\\\/2026\\\/02\\\/ic-kapilar.webp\",\"width\":500,\"height\":750,\"caption\":\"i\u00e7 kap\u0131lar\"},{\"@type\":\"BreadcrumbList\",\"@id\":\"https:\\\/\\\/www.kapi.ltd\\\/sq\\\/urun\\\/ic-kapilar\\\/#breadcrumb\",\"itemListElement\":[{\"@type\":\"ListItem\",\"position\":1,\"name\":\"Anasayfa\",\"item\":\"https:\\\/\\\/www.kapi.ltd\\\/sq\\\/\"},{\"@type\":\"ListItem\",\"position\":2,\"name\":\"ic-kapi-celik-kapi-modelleri\",\"item\":\"https:\\\/\\\/www.kapi.ltd\\\/?page_id=4263\"},{\"@type\":\"ListItem\",\"position\":3,\"name\":\"\u0130\u00e7 Kap\u0131lar\"}]},{\"@type\":\"WebSite\",\"@id\":\"https:\\\/\\\/www.kapi.ltd\\\/sq\\\/#website\",\"url\":\"https:\\\/\\\/www.kapi.ltd\\\/sq\\\/\",\"name\":\"\u0130\u00e7 Kap\u0131 Ve \u00c7elik Kap\u0131 Modelleri\",\"description\":\"T\u00fcrkiye Kap\u0131 Modelleri Merkezi\",\"potentialAction\":[{\"@type\":\"SearchAction\",\"target\":{\"@type\":\"EntryPoint\",\"urlTemplate\":\"https:\\\/\\\/www.kapi.ltd\\\/sq\\\/?s={search_term_string}\"},\"query-input\":{\"@type\":\"PropertyValueSpecification\",\"valueRequired\":true,\"valueName\":\"search_term_string\"}}],\"inLanguage\":\"sq\"}]}<\/script>\n<!-- \/ Yoast SEO Premium plugin. -->","yoast_head_json":{"title":"\u0130\u00e7 Kap\u0131lar - \u0130\u00e7 Oda Kap\u0131lar\u0131 - \u00c7elik kap\u0131 modelleri - apartman kap\u0131lar\u0131","robots":{"index":"index","follow":"follow","max-snippet":"max-snippet:-1","max-image-preview":"max-image-preview:large","max-video-preview":"max-video-preview:-1"},"canonical":"https:\/\/www.kapi.ltd\/sq\/urun\/ic-kapilar\/","og_locale":"sq_AL","og_type":"article","og_title":"\u0130\u00e7 Kap\u0131lar","og_description":"\u0130\u00e7 Kap\u0131lar: Fonksiyonel ve Estetik \u0130\u00e7 Mekan Se\u00e7enekleri \u0130\u00e7 mekanlar\u0131n d\u00fczeni, sadece e\u015fyalar\u0131n yerle\u015fimiyle de\u011fil, ayn\u0131 zamanda kullan\u0131lan unsurlarla da \u015fekillenir. \u0130\u00e7 kap\u0131lar, hem i\u015flevsel hem de dekoratif a\u00e7\u0131dan i\u00e7 mekanlar\u0131 tamamlayan \u00f6nemli \u00f6\u011felerdir. \u0130\u00e7 kap\u0131 modeli ve i\u00e7 kap\u0131 modelleri, mekan\u0131n tarz\u0131na uyum sa\u011flayacak \u015fekilde se\u00e7ilmelidir. Bu yaz\u0131da, i\u00e7 kap\u0131lar, i\u00e7 kap\u0131 modeli ve","og_url":"https:\/\/www.kapi.ltd\/sq\/urun\/ic-kapilar\/","og_site_name":"\u0130\u00e7 Oda Kap\u0131lar\u0131 - \u00c7elik kap\u0131 modelleri - apartman kap\u0131lar\u0131","article_modified_time":"2026-03-08T07:06:49+00:00","twitter_card":"summary_large_image","twitter_misc":{"Est. reading time":"4 minuta"},"schema":{"@context":"https:\/\/schema.org","@graph":[{"@type":"WebPage","@id":"https:\/\/www.kapi.ltd\/sq\/urun\/ic-kapilar\/","url":"https:\/\/www.kapi.ltd\/sq\/urun\/ic-kapilar\/","name":"\u0130\u00e7 Kap\u0131lar - \u0130\u00e7 Oda Kap\u0131lar\u0131 - \u00c7elik kap\u0131 modelleri - apartman kap\u0131lar\u0131","isPartOf":{"@id":"https:\/\/www.kapi.ltd\/sq\/#website"},"primaryImageOfPage":{"@id":"https:\/\/www.kapi.ltd\/sq\/urun\/ic-kapilar\/#primaryimage"},"image":{"@id":"https:\/\/www.kapi.ltd\/sq\/urun\/ic-kapilar\/#primaryimage"},"thumbnailUrl":"https:\/\/www.kapi.ltd\/wp-content\/uploads\/2026\/02\/ic-kapilar.webp","datePublished":"2026-02-28T18:32:42+00:00","dateModified":"2026-03-08T07:06:49+00:00","breadcrumb":{"@id":"https:\/\/www.kapi.ltd\/sq\/urun\/ic-kapilar\/#breadcrumb"},"inLanguage":"sq","potentialAction":[{"@type":"ReadAction","target":["https:\/\/www.kapi.ltd\/sq\/urun\/ic-kapilar\/"]}]},{"@type":"ImageObject","inLanguage":"sq","@id":"https:\/\/www.kapi.ltd\/sq\/urun\/ic-kapilar\/#primaryimage","url":"https:\/\/www.kapi.ltd\/wp-content\/uploads\/2026\/02\/ic-kapilar.webp","contentUrl":"https:\/\/www.kapi.ltd\/wp-content\/uploads\/2026\/02\/ic-kapilar.webp","width":500,"height":750,"caption":"i\u00e7 kap\u0131lar"},{"@type":"BreadcrumbList","@id":"https:\/\/www.kapi.ltd\/sq\/urun\/ic-kapilar\/#breadcrumb","itemListElement":[{"@type":"ListItem","position":1,"name":"Anasayfa","item":"https:\/\/www.kapi.ltd\/sq\/"},{"@type":"ListItem","position":2,"name":"ic-kapi-celik-kapi-modelleri","item":"https:\/\/www.kapi.ltd\/?page_id=4263"},{"@type":"ListItem","position":3,"name":"\u0130\u00e7 Kap\u0131lar"}]},{"@type":"WebSite","@id":"https:\/\/www.kapi.ltd\/sq\/#website","url":"https:\/\/www.kapi.ltd\/sq\/","name":"\u0130\u00e7 Kap\u0131 Ve \u00c7elik Kap\u0131 Modelleri","description":"T\u00fcrkiye Kap\u0131 Modelleri Merkezi","potentialAction":[{"@type":"SearchAction","target":{"@type":"EntryPoint","urlTemplate":"https:\/\/www.kapi.ltd\/sq\/?s={search_term_string}"},"query-input":{"@type":"PropertyValueSpecification","valueRequired":true,"valueName":"search_term_string"}}],"inLanguage":"sq"}]}},"_links":{"self":[{"href":"https:\/\/www.kapi.ltd\/sq\/wp-json\/wp\/v2\/product\/10090","targetHints":{"allow":["GET"]}}],"collection":[{"href":"https:\/\/www.kapi.ltd\/sq\/wp-json\/wp\/v2\/product"}],"about":[{"href":"https:\/\/www.kapi.ltd\/sq\/wp-json\/wp\/v2\/types\/product"}],"version-history":[{"count":0,"href":"https:\/\/www.kapi.ltd\/sq\/wp-json\/wp\/v2\/product\/10090\/revisions"}],"wp:featuredmedia":[{"embeddable":true,"href":"https:\/\/www.kapi.ltd\/sq\/wp-json\/wp\/v2\/media\/10091"}],"wp:attachment":[{"href":"https:\/\/www.kapi.ltd\/sq\/wp-json\/wp\/v2\/media?parent=10090"}],"wp:term":[{"taxonomy":"product_brand","embeddable":true,"href":"https:\/\/www.kapi.ltd\/sq\/wp-json\/wp\/v2\/product_brand?post=10090"},{"taxonomy":"product_cat","embeddable":true,"href":"https:\/\/www.kapi.ltd\/sq\/wp-json\/wp\/v2\/product_cat?post=10090"},{"taxonomy":"product_tag","embeddable":true,"href":"https:\/\/www.kapi.ltd\/sq\/wp-json\/wp\/v2\/product_tag?post=10090"}],"curies":[{"name":"wp","href":"https:\/\/api.w.org\/{rel}","templated":true}]}}