{"id":10078,"date":"2026-02-28T17:59:21","date_gmt":"2026-02-28T14:59:21","guid":{"rendered":"https:\/\/www.kapi.ltd\/urun\/salon-kapilari\/"},"modified":"2026-03-08T10:05:09","modified_gmt":"2026-03-08T07:05:09","slug":"salon-kapilari","status":"publish","type":"product","link":"https:\/\/www.kapi.ltd\/sq\/urun\/salon-kapilari\/","title":{"rendered":"Salon Kap\u0131lar\u0131"},"content":{"rendered":"<div class=\"relative basis-auto flex-col -mb-(--composer-overlap-px) [--composer-overlap-px:28px] grow flex\">\n<div class=\"flex flex-col text-sm pb-25\">\n<article class=\"text-token-text-primary w-full focus:outline-none [--shadow-height:45px] has-data-writing-block:pointer-events-none has-data-writing-block:-mt-(--shadow-height) has-data-writing-block:pt-(--shadow-height) [&amp;:has([data-writing-block])&gt;*]:pointer-events-auto scroll-mt-[calc(var(--header-height)+min(200px,max(70px,20svh)))]\" dir=\"auto\" tabindex=\"-1\" data-turn-id=\"request-WEB:2b9e6435-ceff-4ba4-bf60-66abfd099f94-4\" data-testid=\"conversation-turn-6\" data-scroll-anchor=\"true\" data-turn=\"assistant\">\n<div class=\"text-base my-auto mx-auto pb-10 [--thread-content-margin:--spacing(4)] @w-sm\/main:[--thread-content-margin:--spacing(6)] @w-lg\/main:[--thread-content-margin:--spacing(16)] px-(--thread-content-margin)\">\n<div class=\"[--thread-content-max-width:40rem] @w-lg\/main:[--thread-content-max-width:48rem] mx-auto max-w-(--thread-content-max-width) flex-1 group\/turn-messages focus-visible:outline-hidden relative flex w-full min-w-0 flex-col agent-turn\" tabindex=\"-1\">\n<div class=\"flex max-w-full flex-col grow\">\n<div class=\"min-h-8 text-message relative flex w-full flex-col items-end gap-2 text-start break-words whitespace-normal [.text-message+&amp;]:mt-1\" dir=\"auto\" data-message-author-role=\"assistant\" data-message-id=\"7e3d4023-93e5-4f40-b9b4-ca2e1a7065cc\" data-message-model-slug=\"gpt-5-2\">\n<div class=\"flex w-full flex-col gap-1 empty:hidden first:pt-[1px]\">\n<div class=\"markdown prose dark:prose-invert w-full wrap-break-word light markdown-new-styling\">\n<div class=\"flex flex-col text-sm\">\n<article class=\"text-token-text-primary w-full focus:outline-none [--shadow-height:45px] has-data-writing-block:pointer-events-none has-data-writing-block:-mt-(--shadow-height) has-data-writing-block:pt-(--shadow-height) [&amp;:has([data-writing-block])&gt;*]:pointer-events-auto scroll-mt-[calc(var(--header-height)+min(200px,max(70px,20svh)))]\" dir=\"auto\" tabindex=\"-1\" data-turn-id=\"request-WEB:cd5deb19-94c9-483e-9ebf-bd612e199c7a-4\" data-testid=\"conversation-turn-10\" data-scroll-anchor=\"true\" data-turn=\"assistant\">\n<div class=\"text-base my-auto mx-auto pb-10 [--thread-content-margin:--spacing(4)] @w-sm\/main:[--thread-content-margin:--spacing(6)] @w-lg\/main:[--thread-content-margin:--spacing(16)] px-(--thread-content-margin)\">\n<div class=\"[--thread-content-max-width:40rem] @w-lg\/main:[--thread-content-max-width:48rem] mx-auto max-w-(--thread-content-max-width) flex-1 group\/turn-messages focus-visible:outline-hidden relative flex w-full min-w-0 flex-col agent-turn\" tabindex=\"-1\">\n<div class=\"flex max-w-full flex-col grow\">\n<div class=\"min-h-8 text-message relative flex w-full flex-col items-end gap-2 text-start break-words whitespace-normal [.text-message+&amp;]:mt-1\" dir=\"auto\" data-message-author-role=\"assistant\" data-message-id=\"b96b74e1-3daa-4b7d-9619-2887dd84cbb3\" data-message-model-slug=\"gpt-5-2\">\n<div class=\"flex w-full flex-col gap-1 empty:hidden first:pt-[1px]\">\n<div class=\"markdown prose dark:prose-invert w-full wrap-break-word light markdown-new-styling\">\n<h3 data-start=\"0\" data-end=\"73\"><strong data-start=\"4\" data-end=\"73\">Salon Kap\u0131lar\u0131: \u015e\u0131kl\u0131\u011f\u0131 ve Fonksiyonelli\u011fi Birle\u015ftiren Se\u00e7enekler<\/strong><\/h3>\n<p data-start=\"75\" data-end=\"691\">\u0130\u00e7 mekan dekorasyonunda <strong data-start=\"99\" data-end=\"117\">salon kap\u0131lar\u0131<\/strong> \u00f6nemli bir rol oynar. Salon, evdeki en \u00e7ok vakit ge\u00e7irilen aland\u0131r ve bu nedenle, <strong data-start=\"200\" data-end=\"223\">salon kap\u0131s\u0131 modeli<\/strong> se\u00e7imi hem estetik hem de i\u015flevsel a\u00e7\u0131dan b\u00fcy\u00fck bir \u00f6nem ta\u015f\u0131r. <strong data-start=\"288\" data-end=\"312\">Salon kap\u0131 modelleri<\/strong>, farkl\u0131 tasar\u0131mlar ve malzeme se\u00e7enekleri ile her t\u00fcrl\u00fc i\u00e7 mekana uyum sa\u011flar. <strong data-start=\"392\" data-end=\"414\">Caml\u0131 salon kap\u0131s\u0131<\/strong> gibi se\u00e7eneklerle evinize \u015f\u0131kl\u0131k katabilir ve odalar aras\u0131nda daha ferah bir ge\u00e7i\u015f olu\u015fturabilirsiniz. Bu yaz\u0131da, <strong data-start=\"529\" data-end=\"547\">salon kap\u0131lar\u0131<\/strong> ve <strong data-start=\"551\" data-end=\"575\">salon kap\u0131 modelleri<\/strong> hakk\u0131nda bilgi verecek ve i\u00e7 mekan\u0131n\u0131z i\u00e7in do\u011fru kap\u0131 se\u00e7iminde nas\u0131l bir yol izlemeniz gerekti\u011fini a\u00e7\u0131klayaca\u011f\u0131z.<\/p>\n<h4 data-start=\"693\" data-end=\"765\"><strong data-start=\"698\" data-end=\"765\">Salon Kap\u0131lar\u0131: Estetik ve Fonksiyonellik \u0130\u00e7in \u0130deal Se\u00e7enekler<\/strong><\/h4>\n<p data-start=\"767\" data-end=\"1297\"><strong data-start=\"767\" data-end=\"785\">Salon kap\u0131lar\u0131<\/strong>, i\u00e7 mekanlarda en \u00e7ok dikkat \u00e7eken unsurlardan biridir. Yaln\u0131zca odalar aras\u0131nda b\u00f6lme yapmaz, ayn\u0131 zamanda odalar\u0131n genel dekorasyonunu da tamamlar. <strong data-start=\"936\" data-end=\"960\">Salon kap\u0131 modelleri<\/strong>, evinize \u015f\u0131kl\u0131k katarken, ayn\u0131 zamanda odalar\u0131n mahremiyetini sa\u011flar. Salonlar, genellikle misafirlerin a\u011f\u0131rland\u0131\u011f\u0131 ve ailelerin vakit ge\u00e7irdi\u011fi alanlar oldu\u011fu i\u00e7in, salon kap\u0131lar\u0131n\u0131n i\u015flevi olduk\u00e7a \u00f6nemlidir. Hem <strong data-start=\"1175\" data-end=\"1192\">g\u00f6rsel a\u00e7\u0131dan<\/strong> \u015f\u0131k hem de <strong data-start=\"1204\" data-end=\"1214\">pratik<\/strong> olmas\u0131 gereken salon kap\u0131lar\u0131, evdeki di\u011fer dekoratif unsurlarla uyumlu olmal\u0131d\u0131r.<\/p>\n<p data-start=\"1299\" data-end=\"1551\"><strong data-start=\"1299\" data-end=\"1317\">Salon kap\u0131lar\u0131<\/strong> aras\u0131nda, caml\u0131 se\u00e7enekler, klasik panel kap\u0131lar, d\u00fcz modeller ve modern tasar\u0131mlar gibi pek \u00e7ok se\u00e7enek bulunmaktad\u0131r. \u0130htiyac\u0131n\u0131za g\u00f6re en uygun <strong data-start=\"1465\" data-end=\"1488\">salon kap\u0131s\u0131 modeli<\/strong> se\u00e7mek, odalar\u0131n\u0131z\u0131n genel atmosferini do\u011frudan etkileyebilir.<\/p>\n<h4 data-start=\"1553\" data-end=\"1615\"><strong data-start=\"1558\" data-end=\"1615\">Caml\u0131 Salon Kap\u0131s\u0131: I\u015f\u0131k Ge\u00e7i\u015fini Art\u0131ran \u015e\u0131k Se\u00e7enek<\/strong><\/h4>\n<p data-start=\"1617\" data-end=\"2174\"><strong data-start=\"1617\" data-end=\"1639\">Caml\u0131 salon kap\u0131s\u0131<\/strong>, modern i\u00e7 mekanlar i\u00e7in m\u00fckemmel bir tercihtir. <strong data-start=\"1689\" data-end=\"1713\">Caml\u0131 salon kap\u0131lar\u0131<\/strong>, odalar aras\u0131nda do\u011fal \u0131\u015f\u0131\u011f\u0131n ge\u00e7i\u015fine izin vererek, mek\u00e2n\u0131n daha geni\u015f ve ayd\u0131nl\u0131k g\u00f6r\u00fcnmesini sa\u011flar. <strong data-start=\"1818\" data-end=\"1842\">Salon kap\u0131 modelleri<\/strong> aras\u0131nda caml\u0131 se\u00e7enekler, hem estetik a\u00e7\u0131dan \u015f\u0131k bir g\u00f6r\u00fcn\u00fcm sunar hem de odalar aras\u0131nda g\u00f6rsel bir ba\u011flant\u0131 olu\u015fturur. Caml\u0131 kap\u0131lar, \u00f6zellikle daha k\u00fc\u00e7\u00fck salonlar i\u00e7in ideal bir tercihtir. Ayr\u0131ca, <strong data-start=\"2044\" data-end=\"2066\">caml\u0131 salon kap\u0131s\u0131<\/strong>, odalar aras\u0131nda \u015feffaf bir ge\u00e7i\u015f sa\u011flad\u0131\u011f\u0131 i\u00e7in, dekorasyonun daha a\u00e7\u0131k ve ferah olmas\u0131na katk\u0131da bulunur.<\/p>\n<p data-start=\"2176\" data-end=\"2478\">Caml\u0131 kap\u0131lar\u0131n \u00e7e\u015fitlili\u011fi de olduk\u00e7a geni\u015ftir. <strong data-start=\"2225\" data-end=\"2236\">Mat cam<\/strong>, <strong data-start=\"2238\" data-end=\"2252\">\u015feffaf cam<\/strong>, <strong data-start=\"2254\" data-end=\"2271\">dekoratif cam<\/strong> gibi farkl\u0131 cam se\u00e7enekleri ile <strong data-start=\"2304\" data-end=\"2328\">salon kap\u0131 modelleri<\/strong> aras\u0131ndan ihtiyac\u0131n\u0131za uygun olan\u0131 se\u00e7ebilirsiniz. \u00d6rne\u011fin, mahremiyetin korunmas\u0131n\u0131 istiyorsan\u0131z, <strong data-start=\"2428\" data-end=\"2456\">mat caml\u0131 salon kap\u0131lar\u0131<\/strong> tercih edebilirsiniz.<\/p>\n<h4 data-start=\"2480\" data-end=\"2548\"><strong data-start=\"2485\" data-end=\"2548\">Salon Kap\u0131 Modelleri: Farkl\u0131 Tarzlar \u0130\u00e7in Zengin Se\u00e7enekler<\/strong><\/h4>\n<p data-start=\"2550\" data-end=\"2782\"><strong data-start=\"2550\" data-end=\"2574\">Salon kap\u0131 modelleri<\/strong>, farkl\u0131 dekorasyon stillerine uyum sa\u011flayacak \u015fekilde \u00fcretilmi\u015ftir. Hangi tarzda bir i\u00e7 mekan\u0131n\u0131z olursa olsun, <strong data-start=\"2687\" data-end=\"2705\">salon kap\u0131lar\u0131<\/strong> ihtiyac\u0131n\u0131za uygun se\u00e7enekler sunar. \u0130\u015fte pop\u00fcler baz\u0131 salon kap\u0131 modelleri:<\/p>\n<ul data-start=\"2784\" data-end=\"3483\">\n<li data-start=\"2784\" data-end=\"3036\">\n<p data-start=\"2786\" data-end=\"3036\"><strong data-start=\"2786\" data-end=\"2810\">Panel Salon Kap\u0131lar\u0131<\/strong>: Geleneksel ve klasik tarzda dekorasyonu sevenler i\u00e7in ideal olan panel kap\u0131lar, odada zarif bir atmosfer yarat\u0131r. <strong data-start=\"2926\" data-end=\"2950\">Salon kap\u0131 modelleri<\/strong> aras\u0131nda, <strong data-start=\"2961\" data-end=\"2985\">panel salon kap\u0131lar\u0131<\/strong>, \u00f6zellikle klasik tarzda i\u00e7 mekanlarda kullan\u0131l\u0131r.<\/p>\n<\/li>\n<li data-start=\"3040\" data-end=\"3244\">\n<p data-start=\"3042\" data-end=\"3244\"><strong data-start=\"3042\" data-end=\"3064\">D\u00fcz Salon Kap\u0131lar\u0131<\/strong>: Minimalist ve modern tasar\u0131mlar i\u00e7in d\u00fcz kap\u0131lar tercih edilir. <strong data-start=\"3130\" data-end=\"3152\">D\u00fcz salon kap\u0131lar\u0131<\/strong>, sade ve \u015f\u0131k bir g\u00f6r\u00fcn\u00fcm sunar. Bu tarz kap\u0131lar, modern i\u00e7 mekanlarla m\u00fckemmel uyum sa\u011flar.<\/p>\n<\/li>\n<li data-start=\"3246\" data-end=\"3483\">\n<p data-start=\"3248\" data-end=\"3483\"><strong data-start=\"3248\" data-end=\"3279\">Caml\u0131 ve Panel Kombinasyonu<\/strong>: Hem caml\u0131 hem de panel detaylar\u0131na sahip <strong data-start=\"3322\" data-end=\"3346\">salon kap\u0131 modelleri<\/strong>, \u015f\u0131kl\u0131\u011f\u0131 ve fonksiyonelli\u011fi bir arada sunar. Bu t\u00fcr kap\u0131lar, odalar aras\u0131nda \u0131\u015f\u0131k ge\u00e7i\u015fini sa\u011flarken, ayn\u0131 zamanda mahremiyeti de korur.<\/p>\n<\/li>\n<\/ul>\n<h4 data-start=\"3485\" data-end=\"3556\"><strong data-start=\"3490\" data-end=\"3556\">Salon Kap\u0131lar\u0131 ve Estetik: Modern \u0130\u00e7 Mekanlar \u0130\u00e7in Do\u011fru Se\u00e7im<\/strong><\/h4>\n<p data-start=\"3558\" data-end=\"3947\"><strong data-start=\"3558\" data-end=\"3576\">Salon kap\u0131lar\u0131<\/strong> se\u00e7erken, evinizin dekorasyon tarz\u0131na uygun bir model se\u00e7mek olduk\u00e7a \u00f6nemlidir. <strong data-start=\"3657\" data-end=\"3681\">Salon kap\u0131 modelleri<\/strong>, sadece g\u00f6rsel a\u00e7\u0131dan de\u011fil, ayn\u0131 zamanda fonksiyonel \u00f6zelliklere de sahip olmal\u0131d\u0131r. <strong data-start=\"3768\" data-end=\"3790\">Caml\u0131 salon kap\u0131s\u0131<\/strong> gibi se\u00e7enekler, \u0131\u015f\u0131k ge\u00e7i\u015fini art\u0131rarak odalar\u0131n\u0131z\u0131 daha ayd\u0131nl\u0131k hale getirebilir. Ayr\u0131ca, caml\u0131 kap\u0131lar, odalar aras\u0131ndaki g\u00f6rsel ba\u011flant\u0131y\u0131 g\u00fc\u00e7lendirir.<\/p>\n<p data-start=\"3949\" data-end=\"4268\"><strong data-start=\"3949\" data-end=\"3967\">Salon kap\u0131lar\u0131<\/strong>, ayn\u0131 zamanda ses yal\u0131t\u0131m\u0131na da katk\u0131da bulunabilir. Y\u00fcksek ses yal\u0131t\u0131m\u0131 sa\u011flayan kap\u0131lar, \u00f6zellikle salon gibi daha geni\u015f ve y\u00fcksek sesin kolayca yay\u0131ld\u0131\u011f\u0131 alanlarda \u00f6nemli bir \u00f6zellik sunar. <strong data-start=\"4161\" data-end=\"4183\">Caml\u0131 salon kap\u0131s\u0131<\/strong> tercih ediyorsan\u0131z, ses ge\u00e7i\u015fini engelleyen cam t\u00fcrlerini se\u00e7meniz faydal\u0131 olabilir.<\/p>\n<h4 data-start=\"4270\" data-end=\"4341\"><strong data-start=\"4275\" data-end=\"4341\">Sonu\u00e7: Salon Kap\u0131lar\u0131 ile \u015e\u0131kl\u0131\u011f\u0131 ve Fonksiyonelli\u011fi Yakalay\u0131n<\/strong><\/h4>\n<p data-start=\"4343\" data-end=\"4675\"><strong data-start=\"4343\" data-end=\"4361\">Salon kap\u0131lar\u0131<\/strong>, i\u00e7 mekanlar\u0131n atmosferini de\u011fi\u015ftiren \u00f6nemli unsurlardan biridir. <strong data-start=\"4428\" data-end=\"4452\">Salon kap\u0131 modelleri<\/strong>, evinizin dekorasyonuna uyum sa\u011flamak ve fonksiyonellik kazand\u0131rmak i\u00e7in bir\u00e7ok se\u00e7enek sunar. <strong data-start=\"4548\" data-end=\"4570\">Caml\u0131 salon kap\u0131s\u0131<\/strong> gibi se\u00e7enekler, \u0131\u015f\u0131\u011f\u0131n daha verimli ge\u00e7mesini sa\u011flayarak i\u00e7 mekanlar\u0131 daha ayd\u0131nl\u0131k ve geni\u015f g\u00f6sterir.<\/p>\n<p data-start=\"4677\" data-end=\"5070\">\u0130ster modern ister geleneksel bir i\u00e7 mekan\u0131n\u0131z olsun, <strong data-start=\"4731\" data-end=\"4749\">salon kap\u0131lar\u0131<\/strong> ihtiyac\u0131n\u0131za ve tarz\u0131n\u0131za uygun bir\u00e7ok se\u00e7enek sunar. <strong data-start=\"4804\" data-end=\"4828\">Caml\u0131 salon kap\u0131lar\u0131<\/strong>, estetik a\u00e7\u0131dan \u015f\u0131kl\u0131\u011f\u0131, ferahl\u0131\u011f\u0131 ve \u0131\u015f\u0131k ge\u00e7irgenli\u011fini art\u0131ran m\u00fckemmel bir tercihtir. Evinizdeki her oda i\u00e7in do\u011fru <strong data-start=\"4949\" data-end=\"4970\">salon kap\u0131 modeli<\/strong> se\u00e7imi ile hem g\u00f6rsel a\u00e7\u0131dan zenginle\u015ftirilmi\u015f hem de fonksiyonel bir ya\u015fam alan\u0131 yaratabilirsiniz.<\/p>\n<\/div>\n<\/div>\n<\/div>\n<\/div>\n<\/div>\n<\/div>\n<\/article>\n<\/div>\n<\/div>\n<\/div>\n<\/div>\n<\/div>\n<\/div>\n<\/div>\n<\/article>\n<\/div>\n<\/div>\n","protected":false},"excerpt":{"rendered":"<p>Salon Kap\u0131lar\u0131: \u015e\u0131kl\u0131\u011f\u0131 ve Fonksiyonelli\u011fi Birle\u015ftiren Se\u00e7enekler \u0130\u00e7 mekan dekorasyonunda salon kap\u0131lar\u0131 \u00f6nemli bir rol oynar. Salon, evdeki en \u00e7ok vakit ge\u00e7irilen aland\u0131r ve bu nedenle, salon kap\u0131s\u0131 modeli se\u00e7imi hem estetik hem de i\u015flevsel a\u00e7\u0131dan b\u00fcy\u00fck bir \u00f6nem ta\u015f\u0131r. Salon kap\u0131 modelleri, farkl\u0131 tasar\u0131mlar ve malzeme se\u00e7enekleri ile her t\u00fcrl\u00fc i\u00e7 mekana uyum sa\u011flar.<\/p>\n","protected":false},"featured_media":10079,"template":"","meta":{"_bbp_topic_count":0,"_bbp_reply_count":0,"_bbp_total_topic_count":0,"_bbp_total_reply_count":0,"_bbp_voice_count":0,"_bbp_anonymous_reply_count":0,"_bbp_topic_count_hidden":0,"_bbp_reply_count_hidden":0,"_bbp_forum_subforum_count":0},"product_brand":[],"product_cat":[897],"product_tag":[],"class_list":{"0":"post-10078","1":"product","2":"type-product","3":"status-publish","4":"has-post-thumbnail","6":"product_cat-dere-membrane","8":"first","9":"instock","10":"shipping-taxable","11":"product-type-simple","12":"prodpage-classic"},"yoast_head":"<!-- This site is optimized with the Yoast SEO Premium plugin v26.6 (Yoast SEO v27.3) - https:\/\/yoast.com\/product\/yoast-seo-premium-wordpress\/ -->\n<title>Salon Kap\u0131lar\u0131 - \u0130\u00e7 Oda Kap\u0131lar\u0131 - \u00c7elik kap\u0131 modelleri - apartman kap\u0131lar\u0131<\/title>\n<meta name=\"robots\" content=\"index, follow, max-snippet:-1, max-image-preview:large, max-video-preview:-1\" \/>\n<link rel=\"canonical\" href=\"https:\/\/www.kapi.ltd\/sq\/urun\/salon-kapilari\/\" \/>\n<meta property=\"og:locale\" content=\"sq_AL\" \/>\n<meta property=\"og:type\" content=\"article\" \/>\n<meta property=\"og:title\" content=\"Salon Kap\u0131lar\u0131\" \/>\n<meta property=\"og:description\" content=\"Salon Kap\u0131lar\u0131: \u015e\u0131kl\u0131\u011f\u0131 ve Fonksiyonelli\u011fi Birle\u015ftiren Se\u00e7enekler \u0130\u00e7 mekan dekorasyonunda salon kap\u0131lar\u0131 \u00f6nemli bir rol oynar. Salon, evdeki en \u00e7ok vakit ge\u00e7irilen aland\u0131r ve bu nedenle, salon kap\u0131s\u0131 modeli se\u00e7imi hem estetik hem de i\u015flevsel a\u00e7\u0131dan b\u00fcy\u00fck bir \u00f6nem ta\u015f\u0131r. Salon kap\u0131 modelleri, farkl\u0131 tasar\u0131mlar ve malzeme se\u00e7enekleri ile her t\u00fcrl\u00fc i\u00e7 mekana uyum sa\u011flar.\" \/>\n<meta property=\"og:url\" content=\"https:\/\/www.kapi.ltd\/sq\/urun\/salon-kapilari\/\" \/>\n<meta property=\"og:site_name\" content=\"\u0130\u00e7 Oda Kap\u0131lar\u0131 - \u00c7elik kap\u0131 modelleri - apartman kap\u0131lar\u0131\" \/>\n<meta property=\"article:modified_time\" content=\"2026-03-08T07:05:09+00:00\" \/>\n<meta name=\"twitter:card\" content=\"summary_large_image\" \/>\n<meta name=\"twitter:label1\" content=\"Est. reading time\" \/>\n\t<meta name=\"twitter:data1\" content=\"5 minuta\" \/>\n<script type=\"application\/ld+json\" class=\"yoast-schema-graph\">{\"@context\":\"https:\\\/\\\/schema.org\",\"@graph\":[{\"@type\":\"WebPage\",\"@id\":\"https:\\\/\\\/www.kapi.ltd\\\/sq\\\/urun\\\/salon-kapilari\\\/\",\"url\":\"https:\\\/\\\/www.kapi.ltd\\\/sq\\\/urun\\\/salon-kapilari\\\/\",\"name\":\"Salon Kap\u0131lar\u0131 - \u0130\u00e7 Oda Kap\u0131lar\u0131 - \u00c7elik kap\u0131 modelleri - apartman kap\u0131lar\u0131\",\"isPartOf\":{\"@id\":\"https:\\\/\\\/www.kapi.ltd\\\/sq\\\/#website\"},\"primaryImageOfPage\":{\"@id\":\"https:\\\/\\\/www.kapi.ltd\\\/sq\\\/urun\\\/salon-kapilari\\\/#primaryimage\"},\"image\":{\"@id\":\"https:\\\/\\\/www.kapi.ltd\\\/sq\\\/urun\\\/salon-kapilari\\\/#primaryimage\"},\"thumbnailUrl\":\"https:\\\/\\\/www.kapi.ltd\\\/wp-content\\\/uploads\\\/2026\\\/02\\\/salon-kapilari.webp\",\"datePublished\":\"2026-02-28T14:59:21+00:00\",\"dateModified\":\"2026-03-08T07:05:09+00:00\",\"breadcrumb\":{\"@id\":\"https:\\\/\\\/www.kapi.ltd\\\/sq\\\/urun\\\/salon-kapilari\\\/#breadcrumb\"},\"inLanguage\":\"sq\",\"potentialAction\":[{\"@type\":\"ReadAction\",\"target\":[\"https:\\\/\\\/www.kapi.ltd\\\/sq\\\/urun\\\/salon-kapilari\\\/\"]}]},{\"@type\":\"ImageObject\",\"inLanguage\":\"sq\",\"@id\":\"https:\\\/\\\/www.kapi.ltd\\\/sq\\\/urun\\\/salon-kapilari\\\/#primaryimage\",\"url\":\"https:\\\/\\\/www.kapi.ltd\\\/wp-content\\\/uploads\\\/2026\\\/02\\\/salon-kapilari.webp\",\"contentUrl\":\"https:\\\/\\\/www.kapi.ltd\\\/wp-content\\\/uploads\\\/2026\\\/02\\\/salon-kapilari.webp\",\"width\":500,\"height\":750,\"caption\":\"salon kap\u0131lar\u0131\"},{\"@type\":\"BreadcrumbList\",\"@id\":\"https:\\\/\\\/www.kapi.ltd\\\/sq\\\/urun\\\/salon-kapilari\\\/#breadcrumb\",\"itemListElement\":[{\"@type\":\"ListItem\",\"position\":1,\"name\":\"Anasayfa\",\"item\":\"https:\\\/\\\/www.kapi.ltd\\\/sq\\\/\"},{\"@type\":\"ListItem\",\"position\":2,\"name\":\"ic-kapi-celik-kapi-modelleri\",\"item\":\"https:\\\/\\\/www.kapi.ltd\\\/?page_id=4263\"},{\"@type\":\"ListItem\",\"position\":3,\"name\":\"Salon Kap\u0131lar\u0131\"}]},{\"@type\":\"WebSite\",\"@id\":\"https:\\\/\\\/www.kapi.ltd\\\/sq\\\/#website\",\"url\":\"https:\\\/\\\/www.kapi.ltd\\\/sq\\\/\",\"name\":\"\u0130\u00e7 Kap\u0131 Ve \u00c7elik Kap\u0131 Modelleri\",\"description\":\"T\u00fcrkiye Kap\u0131 Modelleri Merkezi\",\"potentialAction\":[{\"@type\":\"SearchAction\",\"target\":{\"@type\":\"EntryPoint\",\"urlTemplate\":\"https:\\\/\\\/www.kapi.ltd\\\/sq\\\/?s={search_term_string}\"},\"query-input\":{\"@type\":\"PropertyValueSpecification\",\"valueRequired\":true,\"valueName\":\"search_term_string\"}}],\"inLanguage\":\"sq\"}]}<\/script>\n<!-- \/ Yoast SEO Premium plugin. -->","yoast_head_json":{"title":"Salon Kap\u0131lar\u0131 - \u0130\u00e7 Oda Kap\u0131lar\u0131 - \u00c7elik kap\u0131 modelleri - apartman kap\u0131lar\u0131","robots":{"index":"index","follow":"follow","max-snippet":"max-snippet:-1","max-image-preview":"max-image-preview:large","max-video-preview":"max-video-preview:-1"},"canonical":"https:\/\/www.kapi.ltd\/sq\/urun\/salon-kapilari\/","og_locale":"sq_AL","og_type":"article","og_title":"Salon Kap\u0131lar\u0131","og_description":"Salon Kap\u0131lar\u0131: \u015e\u0131kl\u0131\u011f\u0131 ve Fonksiyonelli\u011fi Birle\u015ftiren Se\u00e7enekler \u0130\u00e7 mekan dekorasyonunda salon kap\u0131lar\u0131 \u00f6nemli bir rol oynar. Salon, evdeki en \u00e7ok vakit ge\u00e7irilen aland\u0131r ve bu nedenle, salon kap\u0131s\u0131 modeli se\u00e7imi hem estetik hem de i\u015flevsel a\u00e7\u0131dan b\u00fcy\u00fck bir \u00f6nem ta\u015f\u0131r. Salon kap\u0131 modelleri, farkl\u0131 tasar\u0131mlar ve malzeme se\u00e7enekleri ile her t\u00fcrl\u00fc i\u00e7 mekana uyum sa\u011flar.","og_url":"https:\/\/www.kapi.ltd\/sq\/urun\/salon-kapilari\/","og_site_name":"\u0130\u00e7 Oda Kap\u0131lar\u0131 - \u00c7elik kap\u0131 modelleri - apartman kap\u0131lar\u0131","article_modified_time":"2026-03-08T07:05:09+00:00","twitter_card":"summary_large_image","twitter_misc":{"Est. reading time":"5 minuta"},"schema":{"@context":"https:\/\/schema.org","@graph":[{"@type":"WebPage","@id":"https:\/\/www.kapi.ltd\/sq\/urun\/salon-kapilari\/","url":"https:\/\/www.kapi.ltd\/sq\/urun\/salon-kapilari\/","name":"Salon Kap\u0131lar\u0131 - \u0130\u00e7 Oda Kap\u0131lar\u0131 - \u00c7elik kap\u0131 modelleri - apartman kap\u0131lar\u0131","isPartOf":{"@id":"https:\/\/www.kapi.ltd\/sq\/#website"},"primaryImageOfPage":{"@id":"https:\/\/www.kapi.ltd\/sq\/urun\/salon-kapilari\/#primaryimage"},"image":{"@id":"https:\/\/www.kapi.ltd\/sq\/urun\/salon-kapilari\/#primaryimage"},"thumbnailUrl":"https:\/\/www.kapi.ltd\/wp-content\/uploads\/2026\/02\/salon-kapilari.webp","datePublished":"2026-02-28T14:59:21+00:00","dateModified":"2026-03-08T07:05:09+00:00","breadcrumb":{"@id":"https:\/\/www.kapi.ltd\/sq\/urun\/salon-kapilari\/#breadcrumb"},"inLanguage":"sq","potentialAction":[{"@type":"ReadAction","target":["https:\/\/www.kapi.ltd\/sq\/urun\/salon-kapilari\/"]}]},{"@type":"ImageObject","inLanguage":"sq","@id":"https:\/\/www.kapi.ltd\/sq\/urun\/salon-kapilari\/#primaryimage","url":"https:\/\/www.kapi.ltd\/wp-content\/uploads\/2026\/02\/salon-kapilari.webp","contentUrl":"https:\/\/www.kapi.ltd\/wp-content\/uploads\/2026\/02\/salon-kapilari.webp","width":500,"height":750,"caption":"salon kap\u0131lar\u0131"},{"@type":"BreadcrumbList","@id":"https:\/\/www.kapi.ltd\/sq\/urun\/salon-kapilari\/#breadcrumb","itemListElement":[{"@type":"ListItem","position":1,"name":"Anasayfa","item":"https:\/\/www.kapi.ltd\/sq\/"},{"@type":"ListItem","position":2,"name":"ic-kapi-celik-kapi-modelleri","item":"https:\/\/www.kapi.ltd\/?page_id=4263"},{"@type":"ListItem","position":3,"name":"Salon Kap\u0131lar\u0131"}]},{"@type":"WebSite","@id":"https:\/\/www.kapi.ltd\/sq\/#website","url":"https:\/\/www.kapi.ltd\/sq\/","name":"\u0130\u00e7 Kap\u0131 Ve \u00c7elik Kap\u0131 Modelleri","description":"T\u00fcrkiye Kap\u0131 Modelleri Merkezi","potentialAction":[{"@type":"SearchAction","target":{"@type":"EntryPoint","urlTemplate":"https:\/\/www.kapi.ltd\/sq\/?s={search_term_string}"},"query-input":{"@type":"PropertyValueSpecification","valueRequired":true,"valueName":"search_term_string"}}],"inLanguage":"sq"}]}},"_links":{"self":[{"href":"https:\/\/www.kapi.ltd\/sq\/wp-json\/wp\/v2\/product\/10078","targetHints":{"allow":["GET"]}}],"collection":[{"href":"https:\/\/www.kapi.ltd\/sq\/wp-json\/wp\/v2\/product"}],"about":[{"href":"https:\/\/www.kapi.ltd\/sq\/wp-json\/wp\/v2\/types\/product"}],"version-history":[{"count":0,"href":"https:\/\/www.kapi.ltd\/sq\/wp-json\/wp\/v2\/product\/10078\/revisions"}],"wp:featuredmedia":[{"embeddable":true,"href":"https:\/\/www.kapi.ltd\/sq\/wp-json\/wp\/v2\/media\/10079"}],"wp:attachment":[{"href":"https:\/\/www.kapi.ltd\/sq\/wp-json\/wp\/v2\/media?parent=10078"}],"wp:term":[{"taxonomy":"product_brand","embeddable":true,"href":"https:\/\/www.kapi.ltd\/sq\/wp-json\/wp\/v2\/product_brand?post=10078"},{"taxonomy":"product_cat","embeddable":true,"href":"https:\/\/www.kapi.ltd\/sq\/wp-json\/wp\/v2\/product_cat?post=10078"},{"taxonomy":"product_tag","embeddable":true,"href":"https:\/\/www.kapi.ltd\/sq\/wp-json\/wp\/v2\/product_tag?post=10078"}],"curies":[{"name":"wp","href":"https:\/\/api.w.org\/{rel}","templated":true}]}}