{"id":10042,"date":"2026-02-28T15:38:08","date_gmt":"2026-02-28T12:38:08","guid":{"rendered":"https:\/\/www.kapi.ltd\/urun\/yatak-odasi-kapilari\/"},"modified":"2026-03-08T09:57:34","modified_gmt":"2026-03-08T06:57:34","slug":"yatak-odasi-kapilari","status":"publish","type":"product","link":"https:\/\/www.kapi.ltd\/sq\/urun\/yatak-odasi-kapilari\/","title":{"rendered":"Yatak Odas\u0131 Kap\u0131lar\u0131"},"content":{"rendered":"<div class=\"relative basis-auto flex-col -mb-(--composer-overlap-px) [--composer-overlap-px:28px] grow flex\">\n<div class=\"flex flex-col text-sm pb-25\">\n<article class=\"text-token-text-primary w-full focus:outline-none [--shadow-height:45px] has-data-writing-block:pointer-events-none has-data-writing-block:-mt-(--shadow-height) has-data-writing-block:pt-(--shadow-height) [&amp;:has([data-writing-block])&gt;*]:pointer-events-auto scroll-mt-[calc(var(--header-height)+min(200px,max(70px,20svh)))]\" dir=\"auto\" tabindex=\"-1\" data-turn-id=\"request-WEB:2b9e6435-ceff-4ba4-bf60-66abfd099f94-4\" data-testid=\"conversation-turn-6\" data-scroll-anchor=\"true\" data-turn=\"assistant\">\n<div class=\"text-base my-auto mx-auto pb-10 [--thread-content-margin:--spacing(4)] @w-sm\/main:[--thread-content-margin:--spacing(6)] @w-lg\/main:[--thread-content-margin:--spacing(16)] px-(--thread-content-margin)\">\n<div class=\"[--thread-content-max-width:40rem] @w-lg\/main:[--thread-content-max-width:48rem] mx-auto max-w-(--thread-content-max-width) flex-1 group\/turn-messages focus-visible:outline-hidden relative flex w-full min-w-0 flex-col agent-turn\" tabindex=\"-1\">\n<div class=\"flex max-w-full flex-col grow\">\n<div class=\"min-h-8 text-message relative flex w-full flex-col items-end gap-2 text-start break-words whitespace-normal [.text-message+&amp;]:mt-1\" dir=\"auto\" data-message-author-role=\"assistant\" data-message-id=\"7e3d4023-93e5-4f40-b9b4-ca2e1a7065cc\" data-message-model-slug=\"gpt-5-2\">\n<div class=\"flex w-full flex-col gap-1 empty:hidden first:pt-[1px]\">\n<div class=\"markdown prose dark:prose-invert w-full wrap-break-word light markdown-new-styling\">\n<div class=\"flex flex-col text-sm\">\n<article class=\"text-token-text-primary w-full focus:outline-none [--shadow-height:45px] has-data-writing-block:pointer-events-none has-data-writing-block:-mt-(--shadow-height) has-data-writing-block:pt-(--shadow-height) [&amp;:has([data-writing-block])&gt;*]:pointer-events-auto scroll-mt-[calc(var(--header-height)+min(200px,max(70px,20svh)))]\" dir=\"auto\" tabindex=\"-1\" data-turn-id=\"request-WEB:cd5deb19-94c9-483e-9ebf-bd612e199c7a-4\" data-testid=\"conversation-turn-10\" data-scroll-anchor=\"true\" data-turn=\"assistant\">\n<div class=\"text-base my-auto mx-auto pb-10 [--thread-content-margin:--spacing(4)] @w-sm\/main:[--thread-content-margin:--spacing(6)] @w-lg\/main:[--thread-content-margin:--spacing(16)] px-(--thread-content-margin)\">\n<div class=\"[--thread-content-max-width:40rem] @w-lg\/main:[--thread-content-max-width:48rem] mx-auto max-w-(--thread-content-max-width) flex-1 group\/turn-messages focus-visible:outline-hidden relative flex w-full min-w-0 flex-col agent-turn\" tabindex=\"-1\">\n<div class=\"flex max-w-full flex-col grow\">\n<div class=\"min-h-8 text-message relative flex w-full flex-col items-end gap-2 text-start break-words whitespace-normal [.text-message+&amp;]:mt-1\" dir=\"auto\" data-message-author-role=\"assistant\" data-message-id=\"b96b74e1-3daa-4b7d-9619-2887dd84cbb3\" data-message-model-slug=\"gpt-5-2\">\n<div class=\"flex w-full flex-col gap-1 empty:hidden first:pt-[1px]\">\n<div class=\"markdown prose dark:prose-invert w-full wrap-break-word light markdown-new-styling\">\n<h2 data-start=\"0\" data-end=\"78\"><strong data-start=\"4\" data-end=\"78\">Yatak Odas\u0131 Kap\u0131lar\u0131: \u015e\u0131kl\u0131k ve Fonksiyonelli\u011fi Birle\u015ftiren Se\u00e7enekler<\/strong><\/h2>\n<p data-start=\"80\" data-end=\"558\">\u0130\u00e7 mekan dekorasyonunda kap\u0131lar, sadece i\u015flevsel olmakla kalmaz, ayn\u0131 zamanda ya\u015fam alanlar\u0131n\u0131n atmosferini belirleyen \u00f6nemli unsurlard\u0131r. <strong data-start=\"219\" data-end=\"243\">Yatak odas\u0131 kap\u0131lar\u0131<\/strong>, odalar\u0131n birbirinden ayr\u0131lmas\u0131n\u0131 sa\u011flayarak, mahremiyeti ve konforu art\u0131r\u0131r. Bu yaz\u0131da, <strong data-start=\"333\" data-end=\"357\">yatak odas\u0131 kap\u0131lar\u0131<\/strong>, <strong data-start=\"359\" data-end=\"381\">yatak oda kap\u0131lar\u0131<\/strong>, <strong data-start=\"383\" data-end=\"400\">ev i\u00e7 kap\u0131lar<\/strong>, <strong data-start=\"402\" data-end=\"432\">yatak odas\u0131 kap\u0131 modelleri<\/strong> ve <strong data-start=\"436\" data-end=\"457\">ev i\u00e7 kap\u0131 modeli<\/strong> gibi anahtar kelimeleri kullanarak, yatak odas\u0131 kap\u0131lar\u0131 ve ev i\u00e7 kap\u0131lar\u0131n\u0131n \u00f6nemini inceleyece\u011fiz.<\/p>\n<h4 data-start=\"560\" data-end=\"612\"><strong data-start=\"565\" data-end=\"612\">Yatak Odas\u0131 Kap\u0131lar\u0131: Mahremiyet ve Estetik<\/strong><\/h4>\n<p data-start=\"614\" data-end=\"1048\"><strong data-start=\"614\" data-end=\"638\">Yatak odas\u0131 kap\u0131lar\u0131<\/strong>, ki\u015fisel alanlar\u0131m\u0131z\u0131 d\u0131\u015f d\u00fcnyadan ay\u0131r\u0131rken, dekorasyonunuzu tamamlayan \u00f6nemli bir rol oynar. Hem fonksiyonel hem de estetik a\u00e7\u0131dan ideal olmal\u0131d\u0131r. Yatak odas\u0131 gibi \u00f6zel alanlarda <strong data-start=\"821\" data-end=\"843\">yatak oda kap\u0131lar\u0131<\/strong> kullanmak, sadece g\u00f6rsel de\u011fil, ayn\u0131 zamanda pratik faydalar sa\u011flar. \u00d6rne\u011fin, yatak odas\u0131nda <strong data-start=\"937\" data-end=\"953\">ses yal\u0131t\u0131m\u0131<\/strong> \u00f6nemli bir unsurdur, \u00e7\u00fcnk\u00fc iyi bir kap\u0131 sesi engeller ve daha huzurlu bir uyku ortam\u0131 yarat\u0131r.<\/p>\n<p data-start=\"1050\" data-end=\"1437\"><strong data-start=\"1050\" data-end=\"1080\">Yatak odas\u0131 kap\u0131 modelleri<\/strong>, farkl\u0131 stillerde ve tasar\u0131mlarda mevcuttur. Klasik, modern, minimal ya da rustik gibi bir\u00e7ok se\u00e7enek aras\u0131ndan ihtiyac\u0131n\u0131za ve evinizin dekorasyon tarz\u0131na uygun olan\u0131 se\u00e7ebilirsiniz. <strong data-start=\"1265\" data-end=\"1282\">Ev i\u00e7 kap\u0131lar<\/strong> genellikle farkl\u0131 oda tiplerine uyum sa\u011flayacak \u015fekilde \u00e7e\u015fitlenir, bu y\u00fczden yatak odas\u0131 i\u00e7in se\u00e7ilecek kap\u0131, odan\u0131n i\u015flevine ve tarz\u0131na uygun olmal\u0131d\u0131r.<\/p>\n<h2 data-start=\"1439\" data-end=\"1496\"><strong data-start=\"1444\" data-end=\"1496\">Ev \u0130\u00e7 Kap\u0131lar: Fonksiyonel ve Estetik Se\u00e7enekler<\/strong><\/h2>\n<p data-start=\"1498\" data-end=\"1867\"><strong data-start=\"1498\" data-end=\"1515\">Ev i\u00e7 kap\u0131lar<\/strong>, evin her alan\u0131nda kullan\u0131labilecek, i\u00e7 mekan\u0131n genel havas\u0131n\u0131 belirleyen unsurlard\u0131r. <strong data-start=\"1603\" data-end=\"1623\">Ev i\u00e7 oda kap\u0131s\u0131<\/strong> olarak da bilinen bu kap\u0131lar, sadece odalar\u0131 birbirinden ay\u0131rmakla kalmaz, ayn\u0131 zamanda i\u00e7 mekan\u0131n esteti\u011fine katk\u0131da bulunur. Ev i\u00e7 kap\u0131lar\u0131n\u0131 se\u00e7erken, dekorasyonunuzu g\u00f6z \u00f6n\u00fcnde bulundurarak \u015f\u0131k ve fonksiyonel modeller tercih edebilirsiniz.<\/p>\n<p data-start=\"1869\" data-end=\"2201\"><strong data-start=\"1869\" data-end=\"1893\">Ev i\u00e7 kap\u0131 modelleri<\/strong> aras\u0131nda \u00e7ok \u00e7e\u015fitli se\u00e7enekler bulunur. Modern tasar\u0131mlar, klasik \u00e7izgiler, caml\u0131 veya d\u00fcz kap\u0131lar gibi pek \u00e7ok stil mevcuttur. Bu modeller, her tarzda i\u00e7 mekana uyum sa\u011flayacak \u015fekilde tasarlanm\u0131\u015ft\u0131r. <strong data-start=\"2097\" data-end=\"2121\">Yatak odas\u0131 kap\u0131lar\u0131<\/strong> da bu \u00e7e\u015fitlilik i\u00e7inde yer al\u0131r ve hem g\u00f6rsel a\u00e7\u0131dan \u015f\u0131k hem de kullan\u0131\u015fl\u0131d\u0131r.<\/p>\n<h4 data-start=\"2203\" data-end=\"2276\"><strong data-start=\"2208\" data-end=\"2276\">Yatak Odas\u0131 Kap\u0131 Modelleri: Farkl\u0131 Tarzlar \u0130\u00e7in \u0130deal Se\u00e7enekler<\/strong><\/h4>\n<p data-start=\"2278\" data-end=\"2505\"><strong data-start=\"2278\" data-end=\"2308\">Yatak odas\u0131 kap\u0131 modelleri<\/strong>, geni\u015f bir tasar\u0131m yelpazesi sunar. Farkl\u0131 tarzda i\u00e7 mekanlara uyum sa\u011flayacak \u015fekilde \u00fcretilmi\u015f olan <strong data-start=\"2411\" data-end=\"2435\">yatak odas\u0131 kap\u0131lar\u0131<\/strong>, estetik ve i\u015flevselli\u011fi bir arada sunar. \u0130\u015fte pop\u00fcler baz\u0131 modeller:<\/p>\n<ul data-start=\"2507\" data-end=\"3115\">\n<li data-start=\"2507\" data-end=\"2752\">\n<p data-start=\"2509\" data-end=\"2752\"><strong data-start=\"2509\" data-end=\"2539\">Caml\u0131 Yatak Odas\u0131 Kap\u0131lar\u0131<\/strong>: Caml\u0131 kap\u0131lar, i\u00e7 mekanlarda \u0131\u015f\u0131\u011f\u0131n daha iyi da\u011f\u0131lmas\u0131n\u0131 sa\u011flar. Ayr\u0131ca, yatak odas\u0131ndaki g\u00f6rsel \u015feffafl\u0131k, oday\u0131 daha geni\u015f ve ayd\u0131nl\u0131k g\u00f6sterir. Caml\u0131 kap\u0131lar, \u00f6zellikle k\u00fc\u00e7\u00fck odalar i\u00e7in ideal bir se\u00e7enektir.<\/p>\n<\/li>\n<li data-start=\"2756\" data-end=\"2952\">\n<p data-start=\"2758\" data-end=\"2952\"><strong data-start=\"2758\" data-end=\"2788\">Panel Yatak Odas\u0131 Kap\u0131lar\u0131<\/strong>: Geleneksel ve klasik tarz\u0131 sevenler i\u00e7in m\u00fckemmel bir tercihtir. Panel detaylar\u0131, \u015f\u0131k ve zarif bir g\u00f6r\u00fcn\u00fcm sunar. Ah\u015fap panel kap\u0131lar, do\u011fal bir atmosfer yarat\u0131r.<\/p>\n<\/li>\n<li data-start=\"2954\" data-end=\"3115\">\n<p data-start=\"2956\" data-end=\"3115\"><strong data-start=\"2956\" data-end=\"2984\">D\u00fcz Yatak Odas\u0131 Kap\u0131lar\u0131<\/strong>: Modern ve minimal bir tasar\u0131m arayanlar i\u00e7in ideal olan d\u00fcz kap\u0131lar, sade bir g\u00f6r\u00fcn\u00fcm sa\u011flar ve modern i\u00e7 mekanlarla uyumlu olur.<\/p>\n<\/li>\n<\/ul>\n<h4 data-start=\"3117\" data-end=\"3174\"><strong data-start=\"3122\" data-end=\"3174\">Ev \u0130\u00e7 Kap\u0131lar\u0131 ve Yatak Odas\u0131 Kap\u0131lar\u0131n\u0131n Se\u00e7imi<\/strong><\/h4>\n<p data-start=\"3176\" data-end=\"3471\"><strong data-start=\"3176\" data-end=\"3194\">Ev i\u00e7 kap\u0131lar\u0131<\/strong>, her odan\u0131n dekorasyonuna uygun olarak se\u00e7ilmelidir. <strong data-start=\"3248\" data-end=\"3272\">Yatak odas\u0131 kap\u0131lar\u0131<\/strong>, genellikle mahremiyetin sa\u011flanmas\u0131na ve odan\u0131n estetik de\u011ferine odaklan\u0131r. <strong data-start=\"3349\" data-end=\"3369\">Ev i\u00e7 oda kap\u0131s\u0131<\/strong> ve <strong data-start=\"3373\" data-end=\"3394\">ev i\u00e7 kap\u0131 modeli<\/strong> se\u00e7iminde, dayan\u0131kl\u0131l\u0131k, malzeme kalitesi ve tasar\u0131m \u00f6n planda tutulmal\u0131d\u0131r.<\/p>\n<ul data-start=\"3473\" data-end=\"4087\">\n<li data-start=\"3473\" data-end=\"3795\">\n<p data-start=\"3475\" data-end=\"3795\"><strong data-start=\"3475\" data-end=\"3509\">Dayan\u0131kl\u0131l\u0131k ve Malzeme Se\u00e7imi<\/strong>: <strong data-start=\"3511\" data-end=\"3528\">Ev i\u00e7 kap\u0131lar<\/strong> i\u00e7in kullan\u0131lan malzemeler, kap\u0131lar\u0131n dayan\u0131kl\u0131l\u0131\u011f\u0131n\u0131 etkiler. MDF, PVC, ah\u015fap ve metal gibi farkl\u0131 malzemeler, kap\u0131lar\u0131n sa\u011flaml\u0131\u011f\u0131n\u0131 ve esteti\u011fini belirler. Yatak odas\u0131 kap\u0131lar\u0131 i\u00e7in genellikle ses yal\u0131t\u0131m\u0131 sa\u011flamak amac\u0131yla <strong data-start=\"3756\" data-end=\"3772\">ah\u015fap ve MDF<\/strong> kap\u0131lar tercih edilir.<\/p>\n<\/li>\n<li data-start=\"3797\" data-end=\"4087\">\n<p data-start=\"3799\" data-end=\"4087\"><strong data-start=\"3799\" data-end=\"3828\">Estetik ve Fonksiyonellik<\/strong>: <strong data-start=\"3830\" data-end=\"3860\">Yatak odas\u0131 kap\u0131 modelleri<\/strong> hem i\u015flevsel hem de estetik olmal\u0131d\u0131r. Kap\u0131lar\u0131n rengi, deseni ve malzemesi, odan\u0131n dekorasyonuyla uyum i\u00e7inde olmal\u0131d\u0131r. Ayr\u0131ca, yatak odas\u0131nda kullan\u0131lan kap\u0131lar\u0131n pratik olmas\u0131, a\u00e7\u0131l\u0131p kapanma kolayl\u0131\u011f\u0131 sa\u011flamas\u0131 \u00f6nemlidir.<\/p>\n<\/li>\n<\/ul>\n<h4 data-start=\"4089\" data-end=\"4147\"><strong data-start=\"4094\" data-end=\"4147\">Sonu\u00e7: Yatak Odas\u0131 Kap\u0131lar\u0131 ile \u015e\u0131kl\u0131\u011f\u0131 Yakalay\u0131n<\/strong><\/h4>\n<p data-start=\"4149\" data-end=\"4469\"><strong data-start=\"4149\" data-end=\"4173\">Yatak odas\u0131 kap\u0131lar\u0131<\/strong>, hem estetik a\u00e7\u0131dan hem de i\u015flevsel olarak \u00f6nemli bir rol oynar. <strong data-start=\"4239\" data-end=\"4269\">Yatak odas\u0131 kap\u0131 modelleri<\/strong>, evin i\u00e7 dekorasyonunu tamamlayarak \u015f\u0131kl\u0131k ve konfor sa\u011flar. <strong data-start=\"4331\" data-end=\"4349\">Ev i\u00e7 kap\u0131lar\u0131<\/strong> aras\u0131nda do\u011fru se\u00e7im yaparak, odalar aras\u0131ndaki dengeyi kurabilir ve ya\u015fam alan\u0131n\u0131z\u0131n atmosferini iyile\u015ftirebilirsiniz.<\/p>\n<p data-start=\"4471\" data-end=\"4760\"><strong data-start=\"4471\" data-end=\"4495\">Yatak odas\u0131 kap\u0131lar\u0131<\/strong>, yaln\u0131zca g\u00f6rsel olarak de\u011fil, fonksiyonel olarak da \u00f6nemlidir. Ses yal\u0131t\u0131m\u0131, mahremiyet ve dayan\u0131kl\u0131l\u0131k gibi \u00f6zellikler, do\u011fru kap\u0131 modelinin se\u00e7ilmesiyle sa\u011flanabilir. Yatak odas\u0131 i\u00e7in do\u011fru kap\u0131 modeliyle \u015f\u0131kl\u0131\u011f\u0131 ve fonksiyonelli\u011fi bir arada yakalayabilirsiniz.<\/p>\n<\/div>\n<\/div>\n<\/div>\n<\/div>\n<\/div>\n<\/div>\n<\/article>\n<\/div>\n<\/div>\n<\/div>\n<\/div>\n<\/div>\n<\/div>\n<\/div>\n<\/article>\n<\/div>\n<\/div>\n","protected":false},"excerpt":{"rendered":"<p>Yatak Odas\u0131 Kap\u0131lar\u0131: \u015e\u0131kl\u0131k ve Fonksiyonelli\u011fi Birle\u015ftiren Se\u00e7enekler \u0130\u00e7 mekan dekorasyonunda kap\u0131lar, sadece i\u015flevsel olmakla kalmaz, ayn\u0131 zamanda ya\u015fam alanlar\u0131n\u0131n atmosferini belirleyen \u00f6nemli unsurlard\u0131r. Yatak odas\u0131 kap\u0131lar\u0131, odalar\u0131n birbirinden ayr\u0131lmas\u0131n\u0131 sa\u011flayarak, mahremiyeti ve konforu art\u0131r\u0131r. Bu yaz\u0131da, yatak odas\u0131 kap\u0131lar\u0131, yatak oda kap\u0131lar\u0131, ev i\u00e7 kap\u0131lar, yatak odas\u0131 kap\u0131 modelleri ve ev i\u00e7 kap\u0131 modeli<\/p>\n","protected":false},"featured_media":10043,"template":"","meta":{"_bbp_topic_count":0,"_bbp_reply_count":0,"_bbp_total_topic_count":0,"_bbp_total_reply_count":0,"_bbp_voice_count":0,"_bbp_anonymous_reply_count":0,"_bbp_topic_count_hidden":0,"_bbp_reply_count_hidden":0,"_bbp_forum_subforum_count":0},"product_brand":[],"product_cat":[784,897],"product_tag":[],"class_list":{"0":"post-10042","1":"product","2":"type-product","3":"status-publish","4":"has-post-thumbnail","6":"product_cat-dere-e-lyer","7":"product_cat-dere-membrane","9":"first","10":"instock","11":"shipping-taxable","12":"product-type-simple","13":"prodpage-classic"},"yoast_head":"<!-- This site is optimized with the Yoast SEO Premium plugin v26.6 (Yoast SEO v27.3) - https:\/\/yoast.com\/product\/yoast-seo-premium-wordpress\/ -->\n<title>Yatak Odas\u0131 Kap\u0131lar\u0131 - \u0130\u00e7 Oda Kap\u0131lar\u0131 - \u00c7elik kap\u0131 modelleri - apartman kap\u0131lar\u0131<\/title>\n<meta name=\"robots\" content=\"index, follow, max-snippet:-1, max-image-preview:large, max-video-preview:-1\" \/>\n<link rel=\"canonical\" href=\"https:\/\/www.kapi.ltd\/sq\/urun\/yatak-odasi-kapilari\/\" \/>\n<meta property=\"og:locale\" content=\"sq_AL\" \/>\n<meta property=\"og:type\" content=\"article\" \/>\n<meta property=\"og:title\" content=\"Yatak Odas\u0131 Kap\u0131lar\u0131\" \/>\n<meta property=\"og:description\" content=\"Yatak Odas\u0131 Kap\u0131lar\u0131: \u015e\u0131kl\u0131k ve Fonksiyonelli\u011fi Birle\u015ftiren Se\u00e7enekler \u0130\u00e7 mekan dekorasyonunda kap\u0131lar, sadece i\u015flevsel olmakla kalmaz, ayn\u0131 zamanda ya\u015fam alanlar\u0131n\u0131n atmosferini belirleyen \u00f6nemli unsurlard\u0131r. Yatak odas\u0131 kap\u0131lar\u0131, odalar\u0131n birbirinden ayr\u0131lmas\u0131n\u0131 sa\u011flayarak, mahremiyeti ve konforu art\u0131r\u0131r. Bu yaz\u0131da, yatak odas\u0131 kap\u0131lar\u0131, yatak oda kap\u0131lar\u0131, ev i\u00e7 kap\u0131lar, yatak odas\u0131 kap\u0131 modelleri ve ev i\u00e7 kap\u0131 modeli\" \/>\n<meta property=\"og:url\" content=\"https:\/\/www.kapi.ltd\/sq\/urun\/yatak-odasi-kapilari\/\" \/>\n<meta property=\"og:site_name\" content=\"\u0130\u00e7 Oda Kap\u0131lar\u0131 - \u00c7elik kap\u0131 modelleri - apartman kap\u0131lar\u0131\" \/>\n<meta property=\"article:modified_time\" content=\"2026-03-08T06:57:34+00:00\" \/>\n<meta name=\"twitter:card\" content=\"summary_large_image\" \/>\n<meta name=\"twitter:label1\" content=\"Est. reading time\" \/>\n\t<meta name=\"twitter:data1\" content=\"4 minuta\" \/>\n<script type=\"application\/ld+json\" class=\"yoast-schema-graph\">{\"@context\":\"https:\\\/\\\/schema.org\",\"@graph\":[{\"@type\":\"WebPage\",\"@id\":\"https:\\\/\\\/www.kapi.ltd\\\/sq\\\/urun\\\/yatak-odasi-kapilari\\\/\",\"url\":\"https:\\\/\\\/www.kapi.ltd\\\/sq\\\/urun\\\/yatak-odasi-kapilari\\\/\",\"name\":\"Yatak Odas\u0131 Kap\u0131lar\u0131 - \u0130\u00e7 Oda Kap\u0131lar\u0131 - \u00c7elik kap\u0131 modelleri - apartman kap\u0131lar\u0131\",\"isPartOf\":{\"@id\":\"https:\\\/\\\/www.kapi.ltd\\\/sq\\\/#website\"},\"primaryImageOfPage\":{\"@id\":\"https:\\\/\\\/www.kapi.ltd\\\/sq\\\/urun\\\/yatak-odasi-kapilari\\\/#primaryimage\"},\"image\":{\"@id\":\"https:\\\/\\\/www.kapi.ltd\\\/sq\\\/urun\\\/yatak-odasi-kapilari\\\/#primaryimage\"},\"thumbnailUrl\":\"https:\\\/\\\/www.kapi.ltd\\\/wp-content\\\/uploads\\\/2026\\\/02\\\/yatak-odasi-kapilari.webp\",\"datePublished\":\"2026-02-28T12:38:08+00:00\",\"dateModified\":\"2026-03-08T06:57:34+00:00\",\"breadcrumb\":{\"@id\":\"https:\\\/\\\/www.kapi.ltd\\\/sq\\\/urun\\\/yatak-odasi-kapilari\\\/#breadcrumb\"},\"inLanguage\":\"sq\",\"potentialAction\":[{\"@type\":\"ReadAction\",\"target\":[\"https:\\\/\\\/www.kapi.ltd\\\/sq\\\/urun\\\/yatak-odasi-kapilari\\\/\"]}]},{\"@type\":\"ImageObject\",\"inLanguage\":\"sq\",\"@id\":\"https:\\\/\\\/www.kapi.ltd\\\/sq\\\/urun\\\/yatak-odasi-kapilari\\\/#primaryimage\",\"url\":\"https:\\\/\\\/www.kapi.ltd\\\/wp-content\\\/uploads\\\/2026\\\/02\\\/yatak-odasi-kapilari.webp\",\"contentUrl\":\"https:\\\/\\\/www.kapi.ltd\\\/wp-content\\\/uploads\\\/2026\\\/02\\\/yatak-odasi-kapilari.webp\",\"width\":500,\"height\":750,\"caption\":\"yatak oda kap\u0131s\u0131\"},{\"@type\":\"BreadcrumbList\",\"@id\":\"https:\\\/\\\/www.kapi.ltd\\\/sq\\\/urun\\\/yatak-odasi-kapilari\\\/#breadcrumb\",\"itemListElement\":[{\"@type\":\"ListItem\",\"position\":1,\"name\":\"Anasayfa\",\"item\":\"https:\\\/\\\/www.kapi.ltd\\\/sq\\\/\"},{\"@type\":\"ListItem\",\"position\":2,\"name\":\"ic-kapi-celik-kapi-modelleri\",\"item\":\"https:\\\/\\\/www.kapi.ltd\\\/?page_id=4263\"},{\"@type\":\"ListItem\",\"position\":3,\"name\":\"Yatak Odas\u0131 Kap\u0131lar\u0131\"}]},{\"@type\":\"WebSite\",\"@id\":\"https:\\\/\\\/www.kapi.ltd\\\/sq\\\/#website\",\"url\":\"https:\\\/\\\/www.kapi.ltd\\\/sq\\\/\",\"name\":\"\u0130\u00e7 Kap\u0131 Ve \u00c7elik Kap\u0131 Modelleri\",\"description\":\"T\u00fcrkiye Kap\u0131 Modelleri Merkezi\",\"potentialAction\":[{\"@type\":\"SearchAction\",\"target\":{\"@type\":\"EntryPoint\",\"urlTemplate\":\"https:\\\/\\\/www.kapi.ltd\\\/sq\\\/?s={search_term_string}\"},\"query-input\":{\"@type\":\"PropertyValueSpecification\",\"valueRequired\":true,\"valueName\":\"search_term_string\"}}],\"inLanguage\":\"sq\"}]}<\/script>\n<!-- \/ Yoast SEO Premium plugin. -->","yoast_head_json":{"title":"Yatak Odas\u0131 Kap\u0131lar\u0131 - \u0130\u00e7 Oda Kap\u0131lar\u0131 - \u00c7elik kap\u0131 modelleri - apartman kap\u0131lar\u0131","robots":{"index":"index","follow":"follow","max-snippet":"max-snippet:-1","max-image-preview":"max-image-preview:large","max-video-preview":"max-video-preview:-1"},"canonical":"https:\/\/www.kapi.ltd\/sq\/urun\/yatak-odasi-kapilari\/","og_locale":"sq_AL","og_type":"article","og_title":"Yatak Odas\u0131 Kap\u0131lar\u0131","og_description":"Yatak Odas\u0131 Kap\u0131lar\u0131: \u015e\u0131kl\u0131k ve Fonksiyonelli\u011fi Birle\u015ftiren Se\u00e7enekler \u0130\u00e7 mekan dekorasyonunda kap\u0131lar, sadece i\u015flevsel olmakla kalmaz, ayn\u0131 zamanda ya\u015fam alanlar\u0131n\u0131n atmosferini belirleyen \u00f6nemli unsurlard\u0131r. Yatak odas\u0131 kap\u0131lar\u0131, odalar\u0131n birbirinden ayr\u0131lmas\u0131n\u0131 sa\u011flayarak, mahremiyeti ve konforu art\u0131r\u0131r. Bu yaz\u0131da, yatak odas\u0131 kap\u0131lar\u0131, yatak oda kap\u0131lar\u0131, ev i\u00e7 kap\u0131lar, yatak odas\u0131 kap\u0131 modelleri ve ev i\u00e7 kap\u0131 modeli","og_url":"https:\/\/www.kapi.ltd\/sq\/urun\/yatak-odasi-kapilari\/","og_site_name":"\u0130\u00e7 Oda Kap\u0131lar\u0131 - \u00c7elik kap\u0131 modelleri - apartman kap\u0131lar\u0131","article_modified_time":"2026-03-08T06:57:34+00:00","twitter_card":"summary_large_image","twitter_misc":{"Est. reading time":"4 minuta"},"schema":{"@context":"https:\/\/schema.org","@graph":[{"@type":"WebPage","@id":"https:\/\/www.kapi.ltd\/sq\/urun\/yatak-odasi-kapilari\/","url":"https:\/\/www.kapi.ltd\/sq\/urun\/yatak-odasi-kapilari\/","name":"Yatak Odas\u0131 Kap\u0131lar\u0131 - \u0130\u00e7 Oda Kap\u0131lar\u0131 - \u00c7elik kap\u0131 modelleri - apartman kap\u0131lar\u0131","isPartOf":{"@id":"https:\/\/www.kapi.ltd\/sq\/#website"},"primaryImageOfPage":{"@id":"https:\/\/www.kapi.ltd\/sq\/urun\/yatak-odasi-kapilari\/#primaryimage"},"image":{"@id":"https:\/\/www.kapi.ltd\/sq\/urun\/yatak-odasi-kapilari\/#primaryimage"},"thumbnailUrl":"https:\/\/www.kapi.ltd\/wp-content\/uploads\/2026\/02\/yatak-odasi-kapilari.webp","datePublished":"2026-02-28T12:38:08+00:00","dateModified":"2026-03-08T06:57:34+00:00","breadcrumb":{"@id":"https:\/\/www.kapi.ltd\/sq\/urun\/yatak-odasi-kapilari\/#breadcrumb"},"inLanguage":"sq","potentialAction":[{"@type":"ReadAction","target":["https:\/\/www.kapi.ltd\/sq\/urun\/yatak-odasi-kapilari\/"]}]},{"@type":"ImageObject","inLanguage":"sq","@id":"https:\/\/www.kapi.ltd\/sq\/urun\/yatak-odasi-kapilari\/#primaryimage","url":"https:\/\/www.kapi.ltd\/wp-content\/uploads\/2026\/02\/yatak-odasi-kapilari.webp","contentUrl":"https:\/\/www.kapi.ltd\/wp-content\/uploads\/2026\/02\/yatak-odasi-kapilari.webp","width":500,"height":750,"caption":"yatak oda kap\u0131s\u0131"},{"@type":"BreadcrumbList","@id":"https:\/\/www.kapi.ltd\/sq\/urun\/yatak-odasi-kapilari\/#breadcrumb","itemListElement":[{"@type":"ListItem","position":1,"name":"Anasayfa","item":"https:\/\/www.kapi.ltd\/sq\/"},{"@type":"ListItem","position":2,"name":"ic-kapi-celik-kapi-modelleri","item":"https:\/\/www.kapi.ltd\/?page_id=4263"},{"@type":"ListItem","position":3,"name":"Yatak Odas\u0131 Kap\u0131lar\u0131"}]},{"@type":"WebSite","@id":"https:\/\/www.kapi.ltd\/sq\/#website","url":"https:\/\/www.kapi.ltd\/sq\/","name":"\u0130\u00e7 Kap\u0131 Ve \u00c7elik Kap\u0131 Modelleri","description":"T\u00fcrkiye Kap\u0131 Modelleri Merkezi","potentialAction":[{"@type":"SearchAction","target":{"@type":"EntryPoint","urlTemplate":"https:\/\/www.kapi.ltd\/sq\/?s={search_term_string}"},"query-input":{"@type":"PropertyValueSpecification","valueRequired":true,"valueName":"search_term_string"}}],"inLanguage":"sq"}]}},"_links":{"self":[{"href":"https:\/\/www.kapi.ltd\/sq\/wp-json\/wp\/v2\/product\/10042","targetHints":{"allow":["GET"]}}],"collection":[{"href":"https:\/\/www.kapi.ltd\/sq\/wp-json\/wp\/v2\/product"}],"about":[{"href":"https:\/\/www.kapi.ltd\/sq\/wp-json\/wp\/v2\/types\/product"}],"version-history":[{"count":0,"href":"https:\/\/www.kapi.ltd\/sq\/wp-json\/wp\/v2\/product\/10042\/revisions"}],"wp:featuredmedia":[{"embeddable":true,"href":"https:\/\/www.kapi.ltd\/sq\/wp-json\/wp\/v2\/media\/10043"}],"wp:attachment":[{"href":"https:\/\/www.kapi.ltd\/sq\/wp-json\/wp\/v2\/media?parent=10042"}],"wp:term":[{"taxonomy":"product_brand","embeddable":true,"href":"https:\/\/www.kapi.ltd\/sq\/wp-json\/wp\/v2\/product_brand?post=10042"},{"taxonomy":"product_cat","embeddable":true,"href":"https:\/\/www.kapi.ltd\/sq\/wp-json\/wp\/v2\/product_cat?post=10042"},{"taxonomy":"product_tag","embeddable":true,"href":"https:\/\/www.kapi.ltd\/sq\/wp-json\/wp\/v2\/product_tag?post=10042"}],"curies":[{"name":"wp","href":"https:\/\/api.w.org\/{rel}","templated":true}]}}