{"id":9798,"date":"2026-02-28T14:13:01","date_gmt":"2026-02-28T11:13:01","guid":{"rendered":"https:\/\/www.kapi.ltd\/urun\/pvc-oda-kapilari\/"},"modified":"2026-02-28T20:35:39","modified_gmt":"2026-02-28T17:35:39","slug":"pvc-oda-kapilari","status":"publish","type":"product","link":"https:\/\/www.kapi.ltd\/mk\/urun\/pvc-oda-kapilari\/","title":{"rendered":"PVC Oda Kap\u0131lar\u0131"},"content":{"rendered":"<div class=\"relative basis-auto flex-col -mb-(--composer-overlap-px) [--composer-overlap-px:28px] grow flex\">\n<div class=\"flex flex-col text-sm pb-25\">\n<article class=\"text-token-text-primary w-full focus:outline-none [--shadow-height:45px] has-data-writing-block:pointer-events-none has-data-writing-block:-mt-(--shadow-height) has-data-writing-block:pt-(--shadow-height) [&amp;:has([data-writing-block])&gt;*]:pointer-events-auto scroll-mt-[calc(var(--header-height)+min(200px,max(70px,20svh)))]\" dir=\"auto\" tabindex=\"-1\" data-turn-id=\"request-WEB:2b9e6435-ceff-4ba4-bf60-66abfd099f94-4\" data-testid=\"conversation-turn-6\" data-scroll-anchor=\"true\" data-turn=\"assistant\">\n<div class=\"text-base my-auto mx-auto pb-10 [--thread-content-margin:--spacing(4)] @w-sm\/main:[--thread-content-margin:--spacing(6)] @w-lg\/main:[--thread-content-margin:--spacing(16)] px-(--thread-content-margin)\">\n<div class=\"[--thread-content-max-width:40rem] @w-lg\/main:[--thread-content-max-width:48rem] mx-auto max-w-(--thread-content-max-width) flex-1 group\/turn-messages focus-visible:outline-hidden relative flex w-full min-w-0 flex-col agent-turn\" tabindex=\"-1\">\n<div class=\"flex max-w-full flex-col grow\">\n<div class=\"min-h-8 text-message relative flex w-full flex-col items-end gap-2 text-start break-words whitespace-normal [.text-message+&amp;]:mt-1\" dir=\"auto\" data-message-author-role=\"assistant\" data-message-id=\"7e3d4023-93e5-4f40-b9b4-ca2e1a7065cc\" data-message-model-slug=\"gpt-5-2\">\n<div class=\"flex w-full flex-col gap-1 empty:hidden first:pt-[1px]\">\n<div class=\"markdown prose dark:prose-invert w-full wrap-break-word light markdown-new-styling\">\n<div class=\"flex flex-col text-sm\">\n<article class=\"text-token-text-primary w-full focus:outline-none [--shadow-height:45px] has-data-writing-block:pointer-events-none has-data-writing-block:-mt-(--shadow-height) has-data-writing-block:pt-(--shadow-height) [&amp;:has([data-writing-block])&gt;*]:pointer-events-auto scroll-mt-[calc(var(--header-height)+min(200px,max(70px,20svh)))]\" dir=\"auto\" tabindex=\"-1\" data-turn-id=\"request-WEB:cd5deb19-94c9-483e-9ebf-bd612e199c7a-4\" data-testid=\"conversation-turn-10\" data-scroll-anchor=\"true\" data-turn=\"assistant\">\n<div class=\"text-base my-auto mx-auto pb-10 [--thread-content-margin:--spacing(4)] @w-sm\/main:[--thread-content-margin:--spacing(6)] @w-lg\/main:[--thread-content-margin:--spacing(16)] px-(--thread-content-margin)\">\n<div class=\"[--thread-content-max-width:40rem] @w-lg\/main:[--thread-content-max-width:48rem] mx-auto max-w-(--thread-content-max-width) flex-1 group\/turn-messages focus-visible:outline-hidden relative flex w-full min-w-0 flex-col agent-turn\" tabindex=\"-1\">\n<div class=\"flex max-w-full flex-col grow\">\n<div class=\"min-h-8 text-message relative flex w-full flex-col items-end gap-2 text-start break-words whitespace-normal [.text-message+&amp;]:mt-1\" dir=\"auto\" data-message-author-role=\"assistant\" data-message-id=\"b96b74e1-3daa-4b7d-9619-2887dd84cbb3\" data-message-model-slug=\"gpt-5-2\">\n<div class=\"flex w-full flex-col gap-1 empty:hidden first:pt-[1px]\">\n<div class=\"markdown prose dark:prose-invert w-full wrap-break-word light markdown-new-styling\">\n<h1 data-start=\"0\" data-end=\"67\"><strong data-start=\"4\" data-end=\"59\">PVC Oda Kap\u0131lar\u0131: Fonksiyonel ve Estetik Se\u00e7enekler<\/strong><\/h1>\n<p data-start=\"61\" data-end=\"506\">\u0130\u00e7 mekan dekorasyonunda, <strong data-start=\"86\" data-end=\"102\">oda kap\u0131lar\u0131<\/strong> \u00f6nemli bir rol oynar. Hem i\u015flevsel hem de estetik a\u00e7\u0131dan mekan\u0131n havas\u0131n\u0131 belirler. Son y\u0131llarda, <strong data-start=\"201\" data-end=\"221\">PVC oda kap\u0131lar\u0131<\/strong>, dayan\u0131kl\u0131l\u0131\u011f\u0131, uygun fiyat\u0131 ve geni\u015f tasar\u0131m se\u00e7enekleri ile pop\u00fclerlik kazanm\u0131\u015f bir tercih haline gelmi\u015ftir. Bu yaz\u0131m\u0131zda, <strong data-start=\"347\" data-end=\"367\">pvc oda kap\u0131lar\u0131<\/strong>, <strong data-start=\"369\" data-end=\"391\">oda kap\u0131 modelleri<\/strong> ve <strong data-start=\"395\" data-end=\"417\">pvc kap\u0131 modelleri<\/strong> gibi anahtar kelimelerle, bu kap\u0131lar\u0131n avantajlar\u0131 ve kullan\u0131m alanlar\u0131n\u0131 inceleyece\u011fiz.<\/p>\n<h2 data-start=\"508\" data-end=\"557\"><strong data-start=\"513\" data-end=\"557\">PVC Oda Kap\u0131lar\u0131: Neden Tercih Edilmeli?<\/strong><\/h2>\n<p data-start=\"559\" data-end=\"971\"><strong data-start=\"559\" data-end=\"579\">PVC oda kap\u0131lar\u0131<\/strong>, polivinil klor\u00fcr (PVC) malzemesinden \u00fcretilen kap\u0131lard\u0131r ve son derece dayan\u0131kl\u0131d\u0131r. Hem <strong data-start=\"670\" data-end=\"686\">oda kap\u0131lar\u0131<\/strong> hem de <strong data-start=\"694\" data-end=\"712\">pvc oda kap\u0131s\u0131<\/strong> \u00e7e\u015fitleri, suya, neme ve darbeye kar\u015f\u0131 y\u00fcksek diren\u00e7 g\u00f6sterir. Bu nedenle \u00f6zellikle nemli alanlarda, mutfaklar ve banyolar gibi yerlerde tercih edilir. <strong data-start=\"865\" data-end=\"885\">PVC oda kap\u0131lar\u0131<\/strong> ayr\u0131ca, \u00e7e\u015fitli renk ve desen se\u00e7enekleri sunarak i\u00e7 mekan dekorasyonuna uyum sa\u011flar.<\/p>\n<p data-start=\"973\" data-end=\"1357\"><strong data-start=\"973\" data-end=\"995\">PVC kap\u0131 modelleri<\/strong>, farkl\u0131 tasar\u0131mlara ve renk se\u00e7eneklerine sahip oldu\u011fu i\u00e7in her t\u00fcrl\u00fc i\u00e7 mekana uyum sa\u011flar. Bu kap\u0131lar, geleneksel ah\u015fap veya metal kap\u0131lara g\u00f6re daha hafif olup, montaj\u0131 da olduk\u00e7a kolayd\u0131r. Ayr\u0131ca, <strong data-start=\"1197\" data-end=\"1217\">PVC oda kap\u0131lar\u0131<\/strong> ses yal\u0131t\u0131m\u0131n\u0131 art\u0131ran \u00f6zelliklere de sahiptir, b\u00f6ylece odalar aras\u0131ndaki g\u00fcr\u00fclt\u00fc ge\u00e7i\u015fini engeller ve daha konforlu bir ya\u015fam alan\u0131 sunar.<\/p>\n<h4 data-start=\"1359\" data-end=\"1430\"><strong data-start=\"1364\" data-end=\"1430\">Oda Kap\u0131 Modelleri: Farkl\u0131 \u0130htiya\u00e7lara G\u00f6re \u00c7e\u015fitli Se\u00e7enekler<\/strong><\/h4>\n<p data-start=\"1432\" data-end=\"1832\"><strong data-start=\"1432\" data-end=\"1454\">Oda kap\u0131 modelleri<\/strong>, i\u00e7 mekan\u0131n dekorasyonuna g\u00f6re se\u00e7ilebilecek geni\u015f bir yelpazeye sahiptir. <strong data-start=\"1530\" data-end=\"1548\">PVC oda kap\u0131s\u0131<\/strong> modelleri, d\u00fcz, panel, caml\u0131 ya da desenli olarak \u00fcretilebilir. Modern tasar\u0131mlardan klasik tarzlara kadar geni\u015f bir se\u00e7enek sunar. <strong data-start=\"1681\" data-end=\"1703\">Oda kap\u0131 modelleri<\/strong> aras\u0131nda, \u00f6zellikle <strong data-start=\"1724\" data-end=\"1746\">PVC kap\u0131 modelleri<\/strong> aras\u0131ndaki \u00e7e\u015fitlilik, her tarzda dekorasyona uyum sa\u011flayacak se\u00e7enekler sunmaktad\u0131r.<\/p>\n<p data-start=\"1834\" data-end=\"2221\">Caml\u0131 <strong data-start=\"1840\" data-end=\"1862\">oda kap\u0131 modelleri<\/strong>, i\u00e7 mekanlarda do\u011fal \u0131\u015f\u0131\u011f\u0131n daha iyi da\u011f\u0131lmas\u0131n\u0131 sa\u011flar. Ayr\u0131ca, odalar aras\u0131nda g\u00f6rsel bir \u015feffafl\u0131k yarat\u0131r. <strong data-start=\"1974\" data-end=\"1994\">PVC oda kap\u0131lar\u0131<\/strong> aras\u0131nda caml\u0131 modeller, \u00f6zellikle k\u00fc\u00e7\u00fck alanlarda kullan\u0131ld\u0131\u011f\u0131nda mek\u00e2n\u0131n daha geni\u015f ve ferah g\u00f6r\u00fcnmesini sa\u011flar. D\u00fcz ve panel modeller ise daha sade ve \u015f\u0131k bir g\u00f6r\u00fcn\u00fcm sunar, bu tarz kap\u0131lar modern i\u00e7 mekanlar i\u00e7in idealdir.<\/p>\n<h2 data-start=\"2223\" data-end=\"2271\"><strong data-start=\"2228\" data-end=\"2271\">PVC Kap\u0131 Modelleri: Ekonomik ve Estetik<\/strong><\/h2>\n<p data-start=\"2273\" data-end=\"2695\"><strong data-start=\"2273\" data-end=\"2295\">PVC kap\u0131 modelleri<\/strong>, estetik ve fonksiyonelli\u011fi birle\u015ftiren \u00e7\u00f6z\u00fcmler sunar. <strong data-start=\"2352\" data-end=\"2372\">PVC oda kap\u0131lar\u0131<\/strong>, \u00f6zellikle ekonomik olmas\u0131yla dikkat \u00e7eker. Fiyat performans a\u00e7\u0131s\u0131ndan olduk\u00e7a cazip olan bu kap\u0131lar, uzun \u00f6m\u00fcrl\u00fc kullan\u0131m sa\u011flar. <strong data-start=\"2504\" data-end=\"2524\">PVC oda kap\u0131lar\u0131<\/strong>, hem i\u00e7 mekanlarda hem de d\u0131\u015f mekanlarda g\u00fcvenle kullan\u0131labilecek se\u00e7enekler sunar. Ayr\u0131ca, \u00e7e\u015fitli renk ve doku se\u00e7enekleri ile farkl\u0131 dekorasyon tarzlar\u0131na uyum sa\u011flar.<\/p>\n<p data-start=\"2697\" data-end=\"2984\"><strong data-start=\"2697\" data-end=\"2719\">PVC kap\u0131 modelleri<\/strong> aras\u0131nda mat, parlak, ah\u015fap dokulu ve desenli y\u00fczeyler gibi pek \u00e7ok se\u00e7enek mevcuttur. Bu \u00e7e\u015fitlilik, her evin ya da ofisin farkl\u0131 dekorasyon stiline hitap edebilir. \u00d6rne\u011fin, <strong data-start=\"2895\" data-end=\"2917\">oda kap\u0131 modelleri<\/strong> aras\u0131nda minimal tasar\u0131mlar veya retro tarzda kap\u0131lar bulunabilir.<\/p>\n<h4 data-start=\"2986\" data-end=\"3037\"><strong data-start=\"2991\" data-end=\"3037\">PVC Oda Kap\u0131lar\u0131 ile Dekorasyona Y\u00f6n Verin<\/strong><\/h4>\n<p data-start=\"3039\" data-end=\"3405\"><strong data-start=\"3039\" data-end=\"3059\">PVC oda kap\u0131lar\u0131<\/strong>, modern i\u00e7 mekanlarda b\u00fcy\u00fck bir yer tutar. <strong data-start=\"3103\" data-end=\"3125\">Oda kap\u0131 modelleri<\/strong> ile farkl\u0131 odalar aras\u0131nda uyum sa\u011flamak m\u00fcmk\u00fcnd\u00fcr. <strong data-start=\"3178\" data-end=\"3200\">PVC kap\u0131 modelleri<\/strong>, sadece estetik a\u00e7\u0131dan de\u011fil, fonksiyonel olarak da b\u00fcy\u00fck avantajlar sa\u011flar. Ayr\u0131ca, <strong data-start=\"3286\" data-end=\"3306\">PVC oda kap\u0131lar\u0131<\/strong> sayesinde, ses yal\u0131t\u0131m\u0131, \u0131s\u0131 izolasyonu ve suya kar\u015f\u0131 dayan\u0131kl\u0131l\u0131k gibi \u00f6zellikler de elde edilir.<\/p>\n<h4 data-start=\"3407\" data-end=\"3482\"><strong data-start=\"3412\" data-end=\"3482\">Sonu\u00e7: PVC Oda Kap\u0131lar\u0131, Estetik ve Dayan\u0131kl\u0131l\u0131\u011f\u0131n Bulu\u015ftu\u011fu Nokta<\/strong><\/h4>\n<p data-start=\"3484\" data-end=\"3907\"><strong data-start=\"3484\" data-end=\"3504\">PVC oda kap\u0131lar\u0131<\/strong>, dayan\u0131kl\u0131, \u015f\u0131k ve fonksiyonel bir se\u00e7im arayanlar i\u00e7in ideal bir tercihtir. <strong data-start=\"3582\" data-end=\"3604\">Oda kap\u0131 modelleri<\/strong>, farkl\u0131 tarzlar ve renkler ile her t\u00fcrl\u00fc i\u00e7 mekana uyum sa\u011flar. <strong data-start=\"3669\" data-end=\"3691\">PVC kap\u0131 modelleri<\/strong>, evde ya da ofiste \u015f\u0131k, dayan\u0131kl\u0131 ve ekonomik \u00e7\u00f6z\u00fcmler sunar. Hem tasar\u0131m hem de i\u015flevsellik a\u00e7\u0131s\u0131ndan olduk\u00e7a zengin se\u00e7eneklere sahip olan <strong data-start=\"3833\" data-end=\"3853\">PVC oda kap\u0131lar\u0131<\/strong>, modern ya\u015fam alanlar\u0131n\u0131n vazge\u00e7ilmez bir par\u00e7as\u0131d\u0131r.<\/p>\n<\/div>\n<\/div>\n<\/div>\n<\/div>\n<\/div>\n<\/div>\n<\/article>\n<\/div>\n<\/div>\n<\/div>\n<\/div>\n<\/div>\n<\/div>\n<\/div>\n<\/article>\n<\/div>\n<\/div>\n","protected":false},"excerpt":{"rendered":"<p>PVC Oda Kap\u0131lar\u0131: Fonksiyonel ve Estetik Se\u00e7enekler \u0130\u00e7 mekan dekorasyonunda, oda kap\u0131lar\u0131 \u00f6nemli bir rol oynar. Hem i\u015flevsel hem de estetik a\u00e7\u0131dan mekan\u0131n havas\u0131n\u0131 belirler. Son y\u0131llarda, PVC oda kap\u0131lar\u0131, dayan\u0131kl\u0131l\u0131\u011f\u0131, uygun fiyat\u0131 ve geni\u015f tasar\u0131m se\u00e7enekleri ile pop\u00fclerlik kazanm\u0131\u015f bir tercih haline gelmi\u015ftir. Bu yaz\u0131m\u0131zda, pvc oda kap\u0131lar\u0131, oda kap\u0131 modelleri ve pvc kap\u0131<\/p>\n","protected":false},"featured_media":9799,"template":"","meta":{"_bbp_topic_count":0,"_bbp_reply_count":0,"_bbp_total_topic_count":0,"_bbp_total_reply_count":0,"_bbp_voice_count":0,"_bbp_anonymous_reply_count":0,"_bbp_topic_count_hidden":0,"_bbp_reply_count_hidden":0,"_bbp_forum_subforum_count":0},"product_brand":[],"product_cat":[913],"product_tag":[],"class_list":{"0":"post-9798","1":"product","2":"type-product","3":"status-publish","4":"has-post-thumbnail","6":"product_cat-913","8":"first","9":"instock","10":"shipping-taxable","11":"product-type-simple","12":"prodpage-classic"},"yoast_head":"<!-- This site is optimized with the Yoast SEO Premium plugin v26.6 (Yoast SEO v27.3) - https:\/\/yoast.com\/product\/yoast-seo-premium-wordpress\/ -->\n<title>Parmak \u0130zli \u00c7elik Kap\u0131 Modelleri ve Fiyatlar\u0131<\/title>\n<meta name=\"description\" content=\"Parmak izli \u00e7elik kap\u0131 modelleri, kap\u0131 kilidi sistemleri ve parmak izli \u00e7elik kap\u0131 fiyatlar\u0131 hakk\u0131nda detayl\u0131 ve g\u00fcncel bilgiler.\" \/>\n<meta name=\"robots\" content=\"index, follow, max-snippet:-1, max-image-preview:large, max-video-preview:-1\" \/>\n<link rel=\"canonical\" href=\"https:\/\/www.kapi.ltd\/mk\/urun\/pvc-oda-kapilari\/\" \/>\n<meta property=\"og:locale\" content=\"mk_MK\" \/>\n<meta property=\"og:type\" content=\"article\" \/>\n<meta property=\"og:title\" content=\"PVC Oda Kap\u0131lar\u0131\" \/>\n<meta property=\"og:description\" content=\"Parmak izli \u00e7elik kap\u0131 modelleri, kap\u0131 kilidi sistemleri ve parmak izli \u00e7elik kap\u0131 fiyatlar\u0131 hakk\u0131nda detayl\u0131 ve g\u00fcncel bilgiler.\" \/>\n<meta property=\"og:url\" content=\"https:\/\/www.kapi.ltd\/mk\/urun\/pvc-oda-kapilari\/\" \/>\n<meta property=\"og:site_name\" content=\"\u0130\u00e7 Oda Kap\u0131lar\u0131 - \u00c7elik kap\u0131 modelleri - apartman kap\u0131lar\u0131\" \/>\n<meta property=\"article:modified_time\" content=\"2026-02-28T17:35:39+00:00\" \/>\n<meta property=\"og:image\" content=\"https:\/\/www.kapi.ltd\/wp-content\/uploads\/2026\/02\/pvc-kapi-modelleri.webp\" \/>\n\t<meta property=\"og:image:width\" content=\"500\" \/>\n\t<meta property=\"og:image:height\" content=\"750\" \/>\n\t<meta property=\"og:image:type\" content=\"image\/webp\" \/>\n<meta name=\"twitter:card\" content=\"summary_large_image\" \/>\n<meta name=\"twitter:label1\" content=\"Est. reading time\" \/>\n\t<meta name=\"twitter:data1\" content=\"4 \u043c\u0438\u043d\u0443\u0442\u0438\" \/>\n<script type=\"application\/ld+json\" class=\"yoast-schema-graph\">{\"@context\":\"https:\\\/\\\/schema.org\",\"@graph\":[{\"@type\":\"WebPage\",\"@id\":\"https:\\\/\\\/www.kapi.ltd\\\/mk\\\/urun\\\/pvc-oda-kapilari\\\/\",\"url\":\"https:\\\/\\\/www.kapi.ltd\\\/mk\\\/urun\\\/pvc-oda-kapilari\\\/\",\"name\":\"Parmak \u0130zli \u00c7elik Kap\u0131 Modelleri ve Fiyatlar\u0131\",\"isPartOf\":{\"@id\":\"https:\\\/\\\/www.kapi.ltd\\\/mk\\\/#website\"},\"primaryImageOfPage\":{\"@id\":\"https:\\\/\\\/www.kapi.ltd\\\/mk\\\/urun\\\/pvc-oda-kapilari\\\/#primaryimage\"},\"image\":{\"@id\":\"https:\\\/\\\/www.kapi.ltd\\\/mk\\\/urun\\\/pvc-oda-kapilari\\\/#primaryimage\"},\"thumbnailUrl\":\"https:\\\/\\\/www.kapi.ltd\\\/wp-content\\\/uploads\\\/2026\\\/02\\\/pvc-kapi-modelleri.webp\",\"datePublished\":\"2026-02-28T11:13:01+00:00\",\"dateModified\":\"2026-02-28T17:35:39+00:00\",\"description\":\"Parmak izli \u00e7elik kap\u0131 modelleri, kap\u0131 kilidi sistemleri ve parmak izli \u00e7elik kap\u0131 fiyatlar\u0131 hakk\u0131nda detayl\u0131 ve g\u00fcncel bilgiler.\",\"breadcrumb\":{\"@id\":\"https:\\\/\\\/www.kapi.ltd\\\/mk\\\/urun\\\/pvc-oda-kapilari\\\/#breadcrumb\"},\"inLanguage\":\"mk-MK\",\"potentialAction\":[{\"@type\":\"ReadAction\",\"target\":[\"https:\\\/\\\/www.kapi.ltd\\\/mk\\\/urun\\\/pvc-oda-kapilari\\\/\"]}]},{\"@type\":\"ImageObject\",\"inLanguage\":\"mk-MK\",\"@id\":\"https:\\\/\\\/www.kapi.ltd\\\/mk\\\/urun\\\/pvc-oda-kapilari\\\/#primaryimage\",\"url\":\"https:\\\/\\\/www.kapi.ltd\\\/wp-content\\\/uploads\\\/2026\\\/02\\\/pvc-kapi-modelleri.webp\",\"contentUrl\":\"https:\\\/\\\/www.kapi.ltd\\\/wp-content\\\/uploads\\\/2026\\\/02\\\/pvc-kapi-modelleri.webp\",\"width\":500,\"height\":750,\"caption\":\"pvc kap\u0131 modelleri\"},{\"@type\":\"BreadcrumbList\",\"@id\":\"https:\\\/\\\/www.kapi.ltd\\\/mk\\\/urun\\\/pvc-oda-kapilari\\\/#breadcrumb\",\"itemListElement\":[{\"@type\":\"ListItem\",\"position\":1,\"name\":\"Anasayfa\",\"item\":\"https:\\\/\\\/www.kapi.ltd\\\/mk\\\/\"},{\"@type\":\"ListItem\",\"position\":2,\"name\":\"ic-kapi-celik-kapi-modelleri\",\"item\":\"https:\\\/\\\/www.kapi.ltd\\\/?page_id=4263\"},{\"@type\":\"ListItem\",\"position\":3,\"name\":\"PVC Oda Kap\u0131lar\u0131\"}]},{\"@type\":\"WebSite\",\"@id\":\"https:\\\/\\\/www.kapi.ltd\\\/mk\\\/#website\",\"url\":\"https:\\\/\\\/www.kapi.ltd\\\/mk\\\/\",\"name\":\"\u0130\u00e7 Kap\u0131 Ve \u00c7elik Kap\u0131 Modelleri\",\"description\":\"T\u00fcrkiye Kap\u0131 Modelleri Merkezi\",\"potentialAction\":[{\"@type\":\"SearchAction\",\"target\":{\"@type\":\"EntryPoint\",\"urlTemplate\":\"https:\\\/\\\/www.kapi.ltd\\\/mk\\\/?s={search_term_string}\"},\"query-input\":{\"@type\":\"PropertyValueSpecification\",\"valueRequired\":true,\"valueName\":\"search_term_string\"}}],\"inLanguage\":\"mk-MK\"}]}<\/script>\n<!-- \/ Yoast SEO Premium plugin. -->","yoast_head_json":{"title":"Parmak \u0130zli \u00c7elik Kap\u0131 Modelleri ve Fiyatlar\u0131","description":"Parmak izli \u00e7elik kap\u0131 modelleri, kap\u0131 kilidi sistemleri ve parmak izli \u00e7elik kap\u0131 fiyatlar\u0131 hakk\u0131nda detayl\u0131 ve g\u00fcncel bilgiler.","robots":{"index":"index","follow":"follow","max-snippet":"max-snippet:-1","max-image-preview":"max-image-preview:large","max-video-preview":"max-video-preview:-1"},"canonical":"https:\/\/www.kapi.ltd\/mk\/urun\/pvc-oda-kapilari\/","og_locale":"mk_MK","og_type":"article","og_title":"PVC Oda Kap\u0131lar\u0131","og_description":"Parmak izli \u00e7elik kap\u0131 modelleri, kap\u0131 kilidi sistemleri ve parmak izli \u00e7elik kap\u0131 fiyatlar\u0131 hakk\u0131nda detayl\u0131 ve g\u00fcncel bilgiler.","og_url":"https:\/\/www.kapi.ltd\/mk\/urun\/pvc-oda-kapilari\/","og_site_name":"\u0130\u00e7 Oda Kap\u0131lar\u0131 - \u00c7elik kap\u0131 modelleri - apartman kap\u0131lar\u0131","article_modified_time":"2026-02-28T17:35:39+00:00","og_image":[{"width":500,"height":750,"url":"https:\/\/www.kapi.ltd\/wp-content\/uploads\/2026\/02\/pvc-kapi-modelleri.webp","type":"image\/webp"}],"twitter_card":"summary_large_image","twitter_misc":{"Est. reading time":"4 \u043c\u0438\u043d\u0443\u0442\u0438"},"schema":{"@context":"https:\/\/schema.org","@graph":[{"@type":"WebPage","@id":"https:\/\/www.kapi.ltd\/mk\/urun\/pvc-oda-kapilari\/","url":"https:\/\/www.kapi.ltd\/mk\/urun\/pvc-oda-kapilari\/","name":"Parmak \u0130zli \u00c7elik Kap\u0131 Modelleri ve Fiyatlar\u0131","isPartOf":{"@id":"https:\/\/www.kapi.ltd\/mk\/#website"},"primaryImageOfPage":{"@id":"https:\/\/www.kapi.ltd\/mk\/urun\/pvc-oda-kapilari\/#primaryimage"},"image":{"@id":"https:\/\/www.kapi.ltd\/mk\/urun\/pvc-oda-kapilari\/#primaryimage"},"thumbnailUrl":"https:\/\/www.kapi.ltd\/wp-content\/uploads\/2026\/02\/pvc-kapi-modelleri.webp","datePublished":"2026-02-28T11:13:01+00:00","dateModified":"2026-02-28T17:35:39+00:00","description":"Parmak izli \u00e7elik kap\u0131 modelleri, kap\u0131 kilidi sistemleri ve parmak izli \u00e7elik kap\u0131 fiyatlar\u0131 hakk\u0131nda detayl\u0131 ve g\u00fcncel bilgiler.","breadcrumb":{"@id":"https:\/\/www.kapi.ltd\/mk\/urun\/pvc-oda-kapilari\/#breadcrumb"},"inLanguage":"mk-MK","potentialAction":[{"@type":"ReadAction","target":["https:\/\/www.kapi.ltd\/mk\/urun\/pvc-oda-kapilari\/"]}]},{"@type":"ImageObject","inLanguage":"mk-MK","@id":"https:\/\/www.kapi.ltd\/mk\/urun\/pvc-oda-kapilari\/#primaryimage","url":"https:\/\/www.kapi.ltd\/wp-content\/uploads\/2026\/02\/pvc-kapi-modelleri.webp","contentUrl":"https:\/\/www.kapi.ltd\/wp-content\/uploads\/2026\/02\/pvc-kapi-modelleri.webp","width":500,"height":750,"caption":"pvc kap\u0131 modelleri"},{"@type":"BreadcrumbList","@id":"https:\/\/www.kapi.ltd\/mk\/urun\/pvc-oda-kapilari\/#breadcrumb","itemListElement":[{"@type":"ListItem","position":1,"name":"Anasayfa","item":"https:\/\/www.kapi.ltd\/mk\/"},{"@type":"ListItem","position":2,"name":"ic-kapi-celik-kapi-modelleri","item":"https:\/\/www.kapi.ltd\/?page_id=4263"},{"@type":"ListItem","position":3,"name":"PVC Oda Kap\u0131lar\u0131"}]},{"@type":"WebSite","@id":"https:\/\/www.kapi.ltd\/mk\/#website","url":"https:\/\/www.kapi.ltd\/mk\/","name":"\u0130\u00e7 Kap\u0131 Ve \u00c7elik Kap\u0131 Modelleri","description":"T\u00fcrkiye Kap\u0131 Modelleri Merkezi","potentialAction":[{"@type":"SearchAction","target":{"@type":"EntryPoint","urlTemplate":"https:\/\/www.kapi.ltd\/mk\/?s={search_term_string}"},"query-input":{"@type":"PropertyValueSpecification","valueRequired":true,"valueName":"search_term_string"}}],"inLanguage":"mk-MK"}]}},"_links":{"self":[{"href":"https:\/\/www.kapi.ltd\/mk\/wp-json\/wp\/v2\/product\/9798","targetHints":{"allow":["GET"]}}],"collection":[{"href":"https:\/\/www.kapi.ltd\/mk\/wp-json\/wp\/v2\/product"}],"about":[{"href":"https:\/\/www.kapi.ltd\/mk\/wp-json\/wp\/v2\/types\/product"}],"version-history":[{"count":2,"href":"https:\/\/www.kapi.ltd\/mk\/wp-json\/wp\/v2\/product\/9798\/revisions"}],"predecessor-version":[{"id":9825,"href":"https:\/\/www.kapi.ltd\/mk\/wp-json\/wp\/v2\/product\/9798\/revisions\/9825"}],"wp:featuredmedia":[{"embeddable":true,"href":"https:\/\/www.kapi.ltd\/mk\/wp-json\/wp\/v2\/media\/9799"}],"wp:attachment":[{"href":"https:\/\/www.kapi.ltd\/mk\/wp-json\/wp\/v2\/media?parent=9798"}],"wp:term":[{"taxonomy":"product_brand","embeddable":true,"href":"https:\/\/www.kapi.ltd\/mk\/wp-json\/wp\/v2\/product_brand?post=9798"},{"taxonomy":"product_cat","embeddable":true,"href":"https:\/\/www.kapi.ltd\/mk\/wp-json\/wp\/v2\/product_cat?post=9798"},{"taxonomy":"product_tag","embeddable":true,"href":"https:\/\/www.kapi.ltd\/mk\/wp-json\/wp\/v2\/product_tag?post=9798"}],"curies":[{"name":"wp","href":"https:\/\/api.w.org\/{rel}","templated":true}]}}