{"id":9486,"date":"2026-02-22T10:09:49","date_gmt":"2026-02-22T07:09:49","guid":{"rendered":"https:\/\/www.kapi.ltd\/urun\/yanmaz-otel-kapisi\/"},"modified":"2026-02-24T16:07:12","modified_gmt":"2026-02-24T13:07:12","slug":"yanmaz-otel-kapisi","status":"publish","type":"product","link":"https:\/\/www.kapi.ltd\/mk\/urun\/yanmaz-otel-kapisi\/","title":{"rendered":"Yanmaz Otel Kap\u0131s\u0131"},"content":{"rendered":"<div class=\"relative basis-auto flex-col -mb-(--composer-overlap-px) [--composer-overlap-px:28px] grow flex\">\n<div class=\"flex flex-col text-sm pb-25\">\n<article class=\"text-token-text-primary w-full focus:outline-none [--shadow-height:45px] has-data-writing-block:pointer-events-none has-data-writing-block:-mt-(--shadow-height) has-data-writing-block:pt-(--shadow-height) [&amp;:has([data-writing-block])&gt;*]:pointer-events-auto scroll-mt-[calc(var(--header-height)+min(200px,max(70px,20svh)))]\" dir=\"auto\" tabindex=\"-1\" data-turn-id=\"request-WEB:2b9e6435-ceff-4ba4-bf60-66abfd099f94-4\" data-testid=\"conversation-turn-6\" data-scroll-anchor=\"true\" data-turn=\"assistant\">\n<div class=\"text-base my-auto mx-auto pb-10 [--thread-content-margin:--spacing(4)] @w-sm\/main:[--thread-content-margin:--spacing(6)] @w-lg\/main:[--thread-content-margin:--spacing(16)] px-(--thread-content-margin)\">\n<div class=\"[--thread-content-max-width:40rem] @w-lg\/main:[--thread-content-max-width:48rem] mx-auto max-w-(--thread-content-max-width) flex-1 group\/turn-messages focus-visible:outline-hidden relative flex w-full min-w-0 flex-col agent-turn\" tabindex=\"-1\">\n<div class=\"flex max-w-full flex-col grow\">\n<div class=\"min-h-8 text-message relative flex w-full flex-col items-end gap-2 text-start break-words whitespace-normal [.text-message+&amp;]:mt-1\" dir=\"auto\" data-message-author-role=\"assistant\" data-message-id=\"7e3d4023-93e5-4f40-b9b4-ca2e1a7065cc\" data-message-model-slug=\"gpt-5-2\">\n<div class=\"flex w-full flex-col gap-1 empty:hidden first:pt-[1px]\">\n<div class=\"markdown prose dark:prose-invert w-full wrap-break-word light markdown-new-styling\">\n<h1 data-start=\"0\" data-end=\"81\"><strong data-start=\"0\" data-end=\"81\">Yanmaz Otel Kap\u0131s\u0131 ve Dayan\u0131kl\u0131 Kap\u0131 Se\u00e7enekleri: G\u00fcvenli ve Estetik \u00c7\u00f6z\u00fcmler<\/strong><\/h1>\n<p data-start=\"83\" data-end=\"721\">Otel i\u015fletmeleri, misafirlerine g\u00fcvenli, konforlu ve estetik bir deneyim sunmak i\u00e7in her detayda titizlikle se\u00e7imler yapar. Bu se\u00e7imlerden biri de otel kap\u0131lar\u0131d\u0131r. <strong data-start=\"248\" data-end=\"270\">Yanmaz otel kap\u0131s\u0131<\/strong>, <strong data-start=\"272\" data-end=\"291\">PVC otel kap\u0131s\u0131<\/strong> ve <strong data-start=\"295\" data-end=\"317\">UPVC otel kap\u0131lar\u0131<\/strong> gibi dayan\u0131kl\u0131 kap\u0131 se\u00e7enekleri, hem g\u00fcvenli\u011fi art\u0131rmak hem de otelin genel esteti\u011fini g\u00fc\u00e7lendirmek i\u00e7in m\u00fckemmel bir tercihtir. Otellerin i\u00e7 mekanlar\u0131nda kullan\u0131lan kap\u0131lar, ayn\u0131 zamanda \u00e7e\u015fitli d\u0131\u015f etkenlere kar\u015f\u0131 dayan\u0131kl\u0131 olmal\u0131d\u0131r. <strong data-start=\"555\" data-end=\"581\">Suya dayan\u0131kl\u0131 kap\u0131lar<\/strong>, <strong data-start=\"583\" data-end=\"607\">dayan\u0131kl\u0131 i\u00e7 kap\u0131lar<\/strong> ve <strong data-start=\"611\" data-end=\"629\">yanmaz i\u00e7 kap\u0131<\/strong> gibi \u00f6zelliklere sahip kap\u0131lar, otel i\u015fletmelerinin ihtiya\u00e7lar\u0131na en uygun \u00e7\u00f6z\u00fcmleri sunar.<\/p>\n<h2 data-section-id=\"1d7z8je\" data-start=\"723\" data-end=\"789\">Otel Kap\u0131lar\u0131: G\u00fcvenlik ve Esteti\u011fi Bir Arada Sunan Se\u00e7enekler<\/h2>\n<p data-start=\"791\" data-end=\"1206\"><strong data-start=\"791\" data-end=\"808\">Otel kap\u0131lar\u0131<\/strong>, sadece misafirlerin g\u00fcvenli\u011fini sa\u011flamakla kalmaz, ayn\u0131 zamanda otelin genel dekorasyonuna uyum sa\u011flar. <strong data-start=\"914\" data-end=\"936\">Yanmaz otel kap\u0131s\u0131<\/strong> ve <strong data-start=\"940\" data-end=\"959\">PVC otel kap\u0131s\u0131<\/strong> gibi modeller, \u00f6zellikle yang\u0131na kar\u015f\u0131 duyarl\u0131 alanlarda kullan\u0131l\u0131r. Yang\u0131n g\u00fcvenli\u011fi, otel gibi kalabal\u0131k alanlarda son derece \u00f6nemlidir. Bu nedenle <strong data-start=\"1110\" data-end=\"1128\">yanmaz i\u00e7 kap\u0131<\/strong> kullan\u0131m\u0131, yang\u0131n\u0131n yay\u0131lmas\u0131n\u0131 engelleyerek misafirlerin g\u00fcvenli\u011fini sa\u011flar.<\/p>\n<p data-start=\"1208\" data-end=\"1609\">Ayr\u0131ca, <strong data-start=\"1216\" data-end=\"1228\">PVC kap\u0131<\/strong> ve <strong data-start=\"1232\" data-end=\"1254\">UPVC otel kap\u0131lar\u0131<\/strong> gibi kap\u0131 se\u00e7enekleri, uzun \u00f6m\u00fcrl\u00fc ve dayan\u0131kl\u0131 olmalar\u0131yla oteller i\u00e7in b\u00fcy\u00fck bir avantaj sunar. Bu kap\u0131lar, d\u0131\u015f etkenlerden etkilenmeden uzun y\u0131llar kullan\u0131labilir. <strong data-start=\"1422\" data-end=\"1448\">Suya dayan\u0131kl\u0131 kap\u0131lar<\/strong> \u00f6zellikle banyo gibi nemli alanlarda vazge\u00e7ilmezdir. <strong data-start=\"1502\" data-end=\"1526\">Dayan\u0131kl\u0131 i\u00e7 kap\u0131lar<\/strong> ise otel odalar\u0131n\u0131n g\u00fcvenli\u011fini ve esteti\u011fini korurken, konforlu bir ortam sa\u011flar.<\/p>\n<h3 data-section-id=\"19zuibr\" data-start=\"1611\" data-end=\"1662\">Yanmaz Otel Kap\u0131s\u0131: Yang\u0131na Kar\u015f\u0131 Etkili Koruma<\/h3>\n<p data-start=\"1664\" data-end=\"2206\"><strong data-start=\"1664\" data-end=\"1686\">Yanmaz otel kap\u0131s\u0131<\/strong>, otel i\u00e7 mekanlar\u0131nda yang\u0131n g\u00fcvenli\u011fi sa\u011flamak i\u00e7in en \u00f6nemli unsurlardan biridir. Yang\u0131n s\u0131ras\u0131nda alevlerin h\u0131zla yay\u0131lmas\u0131n\u0131 engellemek, otel misafirlerinin hayat\u0131n\u0131 kurtarabilir. <strong data-start=\"1871\" data-end=\"1889\">Yanmaz i\u00e7 kap\u0131<\/strong> \u00f6zellikleri, sadece yang\u0131n an\u0131nda de\u011fil, ayn\u0131 zamanda yang\u0131n\u0131n yay\u0131lmas\u0131n\u0131 engellemeye yard\u0131mc\u0131 olur. Yang\u0131n an\u0131nda kap\u0131lar\u0131n y\u00fcksek s\u0131cakl\u0131klara dayanabilmesi, i\u00e7 mekanlardaki g\u00fcvenli\u011fi sa\u011flar. Bu t\u00fcr kap\u0131lar, \u00f6zellikle yang\u0131n y\u00f6netmeli\u011fi gereksinimlerine uyum sa\u011flayarak otel i\u015fletmelerine b\u00fcy\u00fck bir avantaj sunar.<\/p>\n<p data-start=\"2208\" data-end=\"2528\"><strong data-start=\"2208\" data-end=\"2230\">Yanmaz otel kap\u0131s\u0131<\/strong> ve <strong data-start=\"2234\" data-end=\"2252\">yanmaz i\u00e7 kap\u0131<\/strong> kullan\u0131m\u0131, otellerin yang\u0131n g\u00fcvenli\u011fi standartlar\u0131n\u0131 kar\u015f\u0131lamas\u0131na yard\u0131mc\u0131 olur. Bu kap\u0131lar, sadece g\u00fcvenli\u011fi de\u011fil, ayn\u0131 zamanda otelin prestijini de art\u0131r\u0131r. Misafirler, g\u00fcvenli bir ortamda kalmak istediklerinde, yang\u0131na kar\u015f\u0131 dayan\u0131kl\u0131 kap\u0131lar\u0131n varl\u0131\u011f\u0131n\u0131 takdir ederler.<\/p>\n<h3 data-section-id=\"zv5ne9\" data-start=\"2530\" data-end=\"2586\">PVC Otel Kap\u0131lar\u0131: Dayan\u0131kl\u0131l\u0131k ve Ekonomik \u00c7\u00f6z\u00fcmler<\/h3>\n<p data-start=\"2588\" data-end=\"3045\"><strong data-start=\"2588\" data-end=\"2607\">PVC otel kap\u0131s\u0131<\/strong>, otel i\u015fletmelerinin tercih etti\u011fi dayan\u0131kl\u0131 ve ekonomik \u00e7\u00f6z\u00fcmlerden biridir. <strong data-start=\"2686\" data-end=\"2698\">PVC kap\u0131<\/strong>, \u00f6zellikle d\u00fc\u015f\u00fck maliyetli ve bak\u0131m gerektirmeyen \u00f6zellikleri ile \u00f6ne \u00e7\u0131kar. PVC kap\u0131lar, nemden, suyun zararl\u0131 etkilerinden etkilenmeden uzun y\u0131llar kullan\u0131labilir. <strong data-start=\"2865\" data-end=\"2887\">UPVC otel kap\u0131lar\u0131<\/strong> ise, g\u00fcne\u015fe ve \u0131s\u0131ya kar\u015f\u0131 dayan\u0131kl\u0131 olma \u00f6zellikleriyle dikkat \u00e7eker. Bu t\u00fcr kap\u0131lar, s\u0131cak iklimlerde bulunan otellerde uzun s\u00fcreli kullan\u0131m i\u00e7in uygundur.<\/p>\n<p data-start=\"3047\" data-end=\"3320\">PVC kap\u0131lar\u0131n en b\u00fcy\u00fck avantajlar\u0131ndan biri, \u0131s\u0131 yal\u0131t\u0131m\u0131 sa\u011flamalar\u0131d\u0131r. Bu kap\u0131lar, otelin enerji verimlili\u011fini art\u0131rarak, enerji maliyetlerini d\u00fc\u015f\u00fcr\u00fcr. Hem estetik hem de fonksiyonel avantajlar sunan PVC kap\u0131lar, otel i\u015fletmelerinin beklentilerine tam olarak hitap eder.<\/p>\n<h3 data-section-id=\"8up96n\" data-start=\"3322\" data-end=\"3385\">Suya Dayan\u0131kl\u0131 Kap\u0131lar: Nemli Alanlar \u0130\u00e7in \u0130deal Se\u00e7enekler<\/h3>\n<p data-start=\"3387\" data-end=\"3716\">Otellerin \u00f6zellikle banyo ve mutfak gibi nemli alanlar\u0131nda <strong data-start=\"3446\" data-end=\"3472\">suya dayan\u0131kl\u0131 kap\u0131lar<\/strong> kullanmak, uzun \u00f6m\u00fcrl\u00fc ve sa\u011fl\u0131kl\u0131 bir ya\u015fam alan\u0131 sa\u011flar. <strong data-start=\"3532\" data-end=\"3558\">Suya dayan\u0131kl\u0131 kap\u0131lar<\/strong>, nemin etkisiyle deformasyona u\u011framaz ve d\u0131\u015f etkenlerden etkilenmez. Ayr\u0131ca, <strong data-start=\"3636\" data-end=\"3660\">dayan\u0131kl\u0131 i\u00e7 kap\u0131lar<\/strong> kullanmak, i\u00e7 mekanlarda g\u00fcvenli\u011fi ve esteti\u011fi art\u0131r\u0131r.<\/p>\n<p data-start=\"3718\" data-end=\"4012\">Bu kap\u0131lar, <strong data-start=\"3730\" data-end=\"3749\">PVC otel kap\u0131s\u0131<\/strong> ve <strong data-start=\"3753\" data-end=\"3775\">UPVC otel kap\u0131lar\u0131<\/strong> gibi se\u00e7eneklerle rahat\u00e7a uyum sa\u011flayarak, suya kar\u015f\u0131 \u00fcst\u00fcn koruma sa\u011flar. Otellerin i\u00e7 mekanlar\u0131, s\u00fcrekli temizlik ve nemli ortamlarla kar\u015f\u0131 kar\u015f\u0131ya kald\u0131\u011f\u0131 i\u00e7in, bu t\u00fcr dayan\u0131kl\u0131 kap\u0131lar uzun vadeli kullan\u0131m i\u00e7in ideal \u00e7\u00f6z\u00fcmler sunar.<\/p>\n<h3 data-section-id=\"14ei20d\" data-start=\"4014\" data-end=\"4073\">Dayan\u0131kl\u0131 \u0130\u00e7 Kap\u0131lar: Uzun S\u00fcreli Performans ve Estetik<\/h3>\n<p data-start=\"4075\" data-end=\"4464\"><strong data-start=\"4075\" data-end=\"4099\">Dayan\u0131kl\u0131 i\u00e7 kap\u0131lar<\/strong>, otel odalar\u0131n\u0131n ve ortak alanlar\u0131n\u0131n g\u00fcvenli\u011fini sa\u011flarken, ayn\u0131 zamanda estetik a\u00e7\u0131dan da \u00f6nemli bir rol oynar. Bu kap\u0131lar, <strong data-start=\"4226\" data-end=\"4244\">yanmaz i\u00e7 kap\u0131<\/strong> \u00f6zelli\u011fiyle yang\u0131n g\u00fcvenli\u011fini art\u0131r\u0131rken, <strong data-start=\"4288\" data-end=\"4314\">suya dayan\u0131kl\u0131 kap\u0131lar<\/strong> ile de nemli ortamlarda performans g\u00f6sterir. <strong data-start=\"4360\" data-end=\"4384\">Dayan\u0131kl\u0131 i\u00e7 kap\u0131lar<\/strong>, otelin i\u00e7 mekanlar\u0131na modern bir hava katarak, misafirlerin konforunu art\u0131r\u0131r.<\/p>\n<p data-start=\"4466\" data-end=\"4733\">Otellerde <strong data-start=\"4476\" data-end=\"4495\">PVC otel kap\u0131s\u0131<\/strong> ve <strong data-start=\"4499\" data-end=\"4521\">UPVC otel kap\u0131lar\u0131<\/strong> gibi dayan\u0131kl\u0131 kap\u0131lar kullanmak, hem estetik a\u00e7\u0131dan hem de g\u00fcvenlik a\u00e7\u0131s\u0131ndan b\u00fcy\u00fck avantajlar sa\u011flar. Ayr\u0131ca, bu kap\u0131lar, uzun s\u00fcre bak\u0131m gerektirmeyen, dayan\u0131kl\u0131 ve sa\u011flam yap\u0131lar\u0131yla otellerin \u00f6mr\u00fcn\u00fc uzat\u0131r.<\/p>\n<h3 data-section-id=\"77u8zq\" data-start=\"4735\" data-end=\"4744\">Sonu\u00e7<\/h3>\n<p data-start=\"4746\" data-end=\"5329\" data-is-last-node=\"\" data-is-only-node=\"\"><strong data-start=\"4746\" data-end=\"4768\">Yanmaz otel kap\u0131s\u0131<\/strong>, <strong data-start=\"4770\" data-end=\"4789\">PVC otel kap\u0131s\u0131<\/strong> ve <strong data-start=\"4793\" data-end=\"4815\">UPVC otel kap\u0131lar\u0131<\/strong>, otel i\u015fletmeleri i\u00e7in g\u00fcvenlik, estetik ve dayan\u0131kl\u0131l\u0131k anlam\u0131nda m\u00fckemmel \u00e7\u00f6z\u00fcmler sunar. <strong data-start=\"4908\" data-end=\"4934\">Suya dayan\u0131kl\u0131 kap\u0131lar<\/strong>, <strong data-start=\"4936\" data-end=\"4960\">dayan\u0131kl\u0131 i\u00e7 kap\u0131lar<\/strong> ve <strong data-start=\"4964\" data-end=\"4982\">yanmaz i\u00e7 kap\u0131<\/strong> \u00f6zellikleri, otel i\u00e7 mekanlar\u0131nda g\u00fcvenli\u011fi art\u0131rarak, misafirlerin huzurlu bir ortamda kalmalar\u0131n\u0131 sa\u011flar. Bu kap\u0131lar, otel i\u015fletmelerinin ihtiya\u00e7lar\u0131na \u00f6zel \u00e7\u00f6z\u00fcmler sunar, uzun \u00f6m\u00fcrl\u00fcd\u00fcr ve d\u00fc\u015f\u00fck bak\u0131m gerektirir. Hem d\u0131\u015f etkenlere kar\u015f\u0131 dayan\u0131kl\u0131 hem de modern g\u00f6r\u00fcn\u00fcmleriyle, otel kap\u0131lar\u0131 her y\u00f6n\u00fcyle i\u015fletme sahiplerine b\u00fcy\u00fck fayda sa\u011flar.<\/p>\n<\/div>\n<\/div>\n<\/div>\n<\/div>\n<\/div>\n<\/div>\n<\/article>\n<\/div>\n<\/div>\n","protected":false},"excerpt":{"rendered":"<p>Yanmaz Otel Kap\u0131s\u0131 ve Dayan\u0131kl\u0131 Kap\u0131 Se\u00e7enekleri: G\u00fcvenli ve Estetik \u00c7\u00f6z\u00fcmler Otel i\u015fletmeleri, misafirlerine g\u00fcvenli, konforlu ve estetik bir deneyim sunmak i\u00e7in her detayda titizlikle se\u00e7imler yapar. Bu se\u00e7imlerden biri de otel kap\u0131lar\u0131d\u0131r. Yanmaz otel kap\u0131s\u0131, PVC otel kap\u0131s\u0131 ve UPVC otel kap\u0131lar\u0131 gibi dayan\u0131kl\u0131 kap\u0131 se\u00e7enekleri, hem g\u00fcvenli\u011fi art\u0131rmak hem de otelin genel esteti\u011fini<\/p>\n","protected":false},"featured_media":9487,"template":"","meta":{"_bbp_topic_count":0,"_bbp_reply_count":0,"_bbp_total_topic_count":0,"_bbp_total_reply_count":0,"_bbp_voice_count":0,"_bbp_anonymous_reply_count":0,"_bbp_topic_count_hidden":0,"_bbp_reply_count_hidden":0,"_bbp_forum_subforum_count":0},"product_brand":[],"product_cat":[1054],"product_tag":[],"class_list":{"0":"post-9486","1":"product","2":"type-product","3":"status-publish","4":"has-post-thumbnail","6":"product_cat-1054","8":"first","9":"instock","10":"shipping-taxable","11":"product-type-simple","12":"prodpage-classic"},"yoast_head":"<!-- This site is optimized with the Yoast SEO Premium plugin v26.6 (Yoast SEO v27.3) - https:\/\/yoast.com\/product\/yoast-seo-premium-wordpress\/ -->\n<title>Yanmaz Otel Kap\u0131s\u0131 - \u0130\u00e7 Oda Kap\u0131lar\u0131 - \u00c7elik kap\u0131 modelleri - apartman kap\u0131lar\u0131<\/title>\n<meta name=\"robots\" content=\"index, follow, max-snippet:-1, max-image-preview:large, max-video-preview:-1\" \/>\n<link rel=\"canonical\" href=\"https:\/\/www.kapi.ltd\/mk\/urun\/yanmaz-otel-kapisi\/\" \/>\n<meta property=\"og:locale\" content=\"mk_MK\" \/>\n<meta property=\"og:type\" content=\"article\" \/>\n<meta property=\"og:title\" content=\"Yanmaz Otel Kap\u0131s\u0131\" \/>\n<meta property=\"og:description\" content=\"Yanmaz Otel Kap\u0131s\u0131 ve Dayan\u0131kl\u0131 Kap\u0131 Se\u00e7enekleri: G\u00fcvenli ve Estetik \u00c7\u00f6z\u00fcmler Otel i\u015fletmeleri, misafirlerine g\u00fcvenli, konforlu ve estetik bir deneyim sunmak i\u00e7in her detayda titizlikle se\u00e7imler yapar. Bu se\u00e7imlerden biri de otel kap\u0131lar\u0131d\u0131r. Yanmaz otel kap\u0131s\u0131, PVC otel kap\u0131s\u0131 ve UPVC otel kap\u0131lar\u0131 gibi dayan\u0131kl\u0131 kap\u0131 se\u00e7enekleri, hem g\u00fcvenli\u011fi art\u0131rmak hem de otelin genel esteti\u011fini\" \/>\n<meta property=\"og:url\" content=\"https:\/\/www.kapi.ltd\/mk\/urun\/yanmaz-otel-kapisi\/\" \/>\n<meta property=\"og:site_name\" content=\"\u0130\u00e7 Oda Kap\u0131lar\u0131 - \u00c7elik kap\u0131 modelleri - apartman kap\u0131lar\u0131\" \/>\n<meta property=\"article:modified_time\" content=\"2026-02-24T13:07:12+00:00\" \/>\n<meta name=\"twitter:card\" content=\"summary_large_image\" \/>\n<meta name=\"twitter:label1\" content=\"Est. reading time\" \/>\n\t<meta name=\"twitter:data1\" content=\"5 \u043c\u0438\u043d\u0443\u0442\u0438\" \/>\n<script type=\"application\/ld+json\" class=\"yoast-schema-graph\">{\"@context\":\"https:\\\/\\\/schema.org\",\"@graph\":[{\"@type\":\"WebPage\",\"@id\":\"https:\\\/\\\/www.kapi.ltd\\\/mk\\\/urun\\\/yanmaz-otel-kapisi\\\/\",\"url\":\"https:\\\/\\\/www.kapi.ltd\\\/mk\\\/urun\\\/yanmaz-otel-kapisi\\\/\",\"name\":\"Yanmaz Otel Kap\u0131s\u0131 - \u0130\u00e7 Oda Kap\u0131lar\u0131 - \u00c7elik kap\u0131 modelleri - apartman kap\u0131lar\u0131\",\"isPartOf\":{\"@id\":\"https:\\\/\\\/www.kapi.ltd\\\/mk\\\/#website\"},\"primaryImageOfPage\":{\"@id\":\"https:\\\/\\\/www.kapi.ltd\\\/mk\\\/urun\\\/yanmaz-otel-kapisi\\\/#primaryimage\"},\"image\":{\"@id\":\"https:\\\/\\\/www.kapi.ltd\\\/mk\\\/urun\\\/yanmaz-otel-kapisi\\\/#primaryimage\"},\"thumbnailUrl\":\"https:\\\/\\\/www.kapi.ltd\\\/wp-content\\\/uploads\\\/2026\\\/02\\\/yanmaz-otel-kapisi.webp\",\"datePublished\":\"2026-02-22T07:09:49+00:00\",\"dateModified\":\"2026-02-24T13:07:12+00:00\",\"breadcrumb\":{\"@id\":\"https:\\\/\\\/www.kapi.ltd\\\/mk\\\/urun\\\/yanmaz-otel-kapisi\\\/#breadcrumb\"},\"inLanguage\":\"mk-MK\",\"potentialAction\":[{\"@type\":\"ReadAction\",\"target\":[\"https:\\\/\\\/www.kapi.ltd\\\/mk\\\/urun\\\/yanmaz-otel-kapisi\\\/\"]}]},{\"@type\":\"ImageObject\",\"inLanguage\":\"mk-MK\",\"@id\":\"https:\\\/\\\/www.kapi.ltd\\\/mk\\\/urun\\\/yanmaz-otel-kapisi\\\/#primaryimage\",\"url\":\"https:\\\/\\\/www.kapi.ltd\\\/wp-content\\\/uploads\\\/2026\\\/02\\\/yanmaz-otel-kapisi.webp\",\"contentUrl\":\"https:\\\/\\\/www.kapi.ltd\\\/wp-content\\\/uploads\\\/2026\\\/02\\\/yanmaz-otel-kapisi.webp\",\"width\":500,\"height\":750,\"caption\":\"yanmaz otel kap\u0131s\u0131\"},{\"@type\":\"BreadcrumbList\",\"@id\":\"https:\\\/\\\/www.kapi.ltd\\\/mk\\\/urun\\\/yanmaz-otel-kapisi\\\/#breadcrumb\",\"itemListElement\":[{\"@type\":\"ListItem\",\"position\":1,\"name\":\"Anasayfa\",\"item\":\"https:\\\/\\\/www.kapi.ltd\\\/mk\\\/\"},{\"@type\":\"ListItem\",\"position\":2,\"name\":\"ic-kapi-celik-kapi-modelleri\",\"item\":\"https:\\\/\\\/www.kapi.ltd\\\/?page_id=4263\"},{\"@type\":\"ListItem\",\"position\":3,\"name\":\"Yanmaz Otel Kap\u0131s\u0131\"}]},{\"@type\":\"WebSite\",\"@id\":\"https:\\\/\\\/www.kapi.ltd\\\/mk\\\/#website\",\"url\":\"https:\\\/\\\/www.kapi.ltd\\\/mk\\\/\",\"name\":\"\u0130\u00e7 Kap\u0131 Ve \u00c7elik Kap\u0131 Modelleri\",\"description\":\"T\u00fcrkiye Kap\u0131 Modelleri Merkezi\",\"potentialAction\":[{\"@type\":\"SearchAction\",\"target\":{\"@type\":\"EntryPoint\",\"urlTemplate\":\"https:\\\/\\\/www.kapi.ltd\\\/mk\\\/?s={search_term_string}\"},\"query-input\":{\"@type\":\"PropertyValueSpecification\",\"valueRequired\":true,\"valueName\":\"search_term_string\"}}],\"inLanguage\":\"mk-MK\"}]}<\/script>\n<!-- \/ Yoast SEO Premium plugin. -->","yoast_head_json":{"title":"Yanmaz Otel Kap\u0131s\u0131 - \u0130\u00e7 Oda Kap\u0131lar\u0131 - \u00c7elik kap\u0131 modelleri - apartman kap\u0131lar\u0131","robots":{"index":"index","follow":"follow","max-snippet":"max-snippet:-1","max-image-preview":"max-image-preview:large","max-video-preview":"max-video-preview:-1"},"canonical":"https:\/\/www.kapi.ltd\/mk\/urun\/yanmaz-otel-kapisi\/","og_locale":"mk_MK","og_type":"article","og_title":"Yanmaz Otel Kap\u0131s\u0131","og_description":"Yanmaz Otel Kap\u0131s\u0131 ve Dayan\u0131kl\u0131 Kap\u0131 Se\u00e7enekleri: G\u00fcvenli ve Estetik \u00c7\u00f6z\u00fcmler Otel i\u015fletmeleri, misafirlerine g\u00fcvenli, konforlu ve estetik bir deneyim sunmak i\u00e7in her detayda titizlikle se\u00e7imler yapar. Bu se\u00e7imlerden biri de otel kap\u0131lar\u0131d\u0131r. Yanmaz otel kap\u0131s\u0131, PVC otel kap\u0131s\u0131 ve UPVC otel kap\u0131lar\u0131 gibi dayan\u0131kl\u0131 kap\u0131 se\u00e7enekleri, hem g\u00fcvenli\u011fi art\u0131rmak hem de otelin genel esteti\u011fini","og_url":"https:\/\/www.kapi.ltd\/mk\/urun\/yanmaz-otel-kapisi\/","og_site_name":"\u0130\u00e7 Oda Kap\u0131lar\u0131 - \u00c7elik kap\u0131 modelleri - apartman kap\u0131lar\u0131","article_modified_time":"2026-02-24T13:07:12+00:00","twitter_card":"summary_large_image","twitter_misc":{"Est. reading time":"5 \u043c\u0438\u043d\u0443\u0442\u0438"},"schema":{"@context":"https:\/\/schema.org","@graph":[{"@type":"WebPage","@id":"https:\/\/www.kapi.ltd\/mk\/urun\/yanmaz-otel-kapisi\/","url":"https:\/\/www.kapi.ltd\/mk\/urun\/yanmaz-otel-kapisi\/","name":"Yanmaz Otel Kap\u0131s\u0131 - \u0130\u00e7 Oda Kap\u0131lar\u0131 - \u00c7elik kap\u0131 modelleri - apartman kap\u0131lar\u0131","isPartOf":{"@id":"https:\/\/www.kapi.ltd\/mk\/#website"},"primaryImageOfPage":{"@id":"https:\/\/www.kapi.ltd\/mk\/urun\/yanmaz-otel-kapisi\/#primaryimage"},"image":{"@id":"https:\/\/www.kapi.ltd\/mk\/urun\/yanmaz-otel-kapisi\/#primaryimage"},"thumbnailUrl":"https:\/\/www.kapi.ltd\/wp-content\/uploads\/2026\/02\/yanmaz-otel-kapisi.webp","datePublished":"2026-02-22T07:09:49+00:00","dateModified":"2026-02-24T13:07:12+00:00","breadcrumb":{"@id":"https:\/\/www.kapi.ltd\/mk\/urun\/yanmaz-otel-kapisi\/#breadcrumb"},"inLanguage":"mk-MK","potentialAction":[{"@type":"ReadAction","target":["https:\/\/www.kapi.ltd\/mk\/urun\/yanmaz-otel-kapisi\/"]}]},{"@type":"ImageObject","inLanguage":"mk-MK","@id":"https:\/\/www.kapi.ltd\/mk\/urun\/yanmaz-otel-kapisi\/#primaryimage","url":"https:\/\/www.kapi.ltd\/wp-content\/uploads\/2026\/02\/yanmaz-otel-kapisi.webp","contentUrl":"https:\/\/www.kapi.ltd\/wp-content\/uploads\/2026\/02\/yanmaz-otel-kapisi.webp","width":500,"height":750,"caption":"yanmaz otel kap\u0131s\u0131"},{"@type":"BreadcrumbList","@id":"https:\/\/www.kapi.ltd\/mk\/urun\/yanmaz-otel-kapisi\/#breadcrumb","itemListElement":[{"@type":"ListItem","position":1,"name":"Anasayfa","item":"https:\/\/www.kapi.ltd\/mk\/"},{"@type":"ListItem","position":2,"name":"ic-kapi-celik-kapi-modelleri","item":"https:\/\/www.kapi.ltd\/?page_id=4263"},{"@type":"ListItem","position":3,"name":"Yanmaz Otel Kap\u0131s\u0131"}]},{"@type":"WebSite","@id":"https:\/\/www.kapi.ltd\/mk\/#website","url":"https:\/\/www.kapi.ltd\/mk\/","name":"\u0130\u00e7 Kap\u0131 Ve \u00c7elik Kap\u0131 Modelleri","description":"T\u00fcrkiye Kap\u0131 Modelleri Merkezi","potentialAction":[{"@type":"SearchAction","target":{"@type":"EntryPoint","urlTemplate":"https:\/\/www.kapi.ltd\/mk\/?s={search_term_string}"},"query-input":{"@type":"PropertyValueSpecification","valueRequired":true,"valueName":"search_term_string"}}],"inLanguage":"mk-MK"}]}},"_links":{"self":[{"href":"https:\/\/www.kapi.ltd\/mk\/wp-json\/wp\/v2\/product\/9486","targetHints":{"allow":["GET"]}}],"collection":[{"href":"https:\/\/www.kapi.ltd\/mk\/wp-json\/wp\/v2\/product"}],"about":[{"href":"https:\/\/www.kapi.ltd\/mk\/wp-json\/wp\/v2\/types\/product"}],"version-history":[{"count":0,"href":"https:\/\/www.kapi.ltd\/mk\/wp-json\/wp\/v2\/product\/9486\/revisions"}],"wp:featuredmedia":[{"embeddable":true,"href":"https:\/\/www.kapi.ltd\/mk\/wp-json\/wp\/v2\/media\/9487"}],"wp:attachment":[{"href":"https:\/\/www.kapi.ltd\/mk\/wp-json\/wp\/v2\/media?parent=9486"}],"wp:term":[{"taxonomy":"product_brand","embeddable":true,"href":"https:\/\/www.kapi.ltd\/mk\/wp-json\/wp\/v2\/product_brand?post=9486"},{"taxonomy":"product_cat","embeddable":true,"href":"https:\/\/www.kapi.ltd\/mk\/wp-json\/wp\/v2\/product_cat?post=9486"},{"taxonomy":"product_tag","embeddable":true,"href":"https:\/\/www.kapi.ltd\/mk\/wp-json\/wp\/v2\/product_tag?post=9486"}],"curies":[{"name":"wp","href":"https:\/\/api.w.org\/{rel}","templated":true}]}}