{"id":9071,"date":"2025-10-01T21:33:22","date_gmt":"2025-10-01T21:33:22","guid":{"rendered":"https:\/\/www.kapi.ltd\/urun\/lake-kapi-modelleri\/"},"modified":"2026-01-23T10:10:21","modified_gmt":"2026-01-23T07:10:21","slug":"lake-kapi-modelleri","status":"publish","type":"product","link":"https:\/\/www.kapi.ltd\/mk\/urun\/lake-kapi-modelleri\/","title":{"rendered":"Lake Kap\u0131 Modelleri"},"content":{"rendered":"","protected":false},"excerpt":{"rendered":"","protected":false},"featured_media":9072,"template":"","meta":{"_bbp_topic_count":0,"_bbp_reply_count":0,"_bbp_total_topic_count":0,"_bbp_total_reply_count":0,"_bbp_voice_count":0,"_bbp_anonymous_reply_count":0,"_bbp_topic_count_hidden":0,"_bbp_reply_count_hidden":0,"_bbp_forum_subforum_count":0},"product_brand":[],"product_cat":[794],"product_tag":[],"class_list":{"0":"post-9071","1":"product","2":"type-product","3":"status-publish","4":"has-post-thumbnail","6":"product_cat-794","8":"first","9":"instock","10":"shipping-taxable","11":"product-type-simple","12":"prodpage-classic"},"yoast_head":"<!-- This site is optimized with the Yoast SEO Premium plugin v26.6 (Yoast SEO v27.4) - https:\/\/yoast.com\/product\/yoast-seo-premium-wordpress\/ -->\n<title>Lake Kap\u0131 Modelleri - \u0130\u00e7 Oda Kap\u0131lar\u0131 - \u00c7elik kap\u0131 modelleri - apartman kap\u0131lar\u0131<\/title>\n<meta name=\"robots\" content=\"index, follow, max-snippet:-1, max-image-preview:large, max-video-preview:-1\" \/>\n<link rel=\"canonical\" href=\"https:\/\/www.kapi.ltd\/mk\/urun\/lake-kapi-modelleri\/\" \/>\n<meta property=\"og:locale\" content=\"mk_MK\" \/>\n<meta property=\"og:type\" content=\"article\" \/>\n<meta property=\"og:title\" content=\"Lake Kap\u0131 Modelleri\" \/>\n<meta property=\"og:url\" content=\"https:\/\/www.kapi.ltd\/mk\/urun\/lake-kapi-modelleri\/\" \/>\n<meta property=\"og:site_name\" content=\"\u0130\u00e7 Oda Kap\u0131lar\u0131 - \u00c7elik kap\u0131 modelleri - apartman kap\u0131lar\u0131\" \/>\n<meta property=\"article:modified_time\" content=\"2026-01-23T07:10:21+00:00\" \/>\n<meta property=\"og:image\" content=\"https:\/\/www.kapi.ltd\/wp-content\/uploads\/2025\/10\/lake-kapi-modelleri-3.webp\" \/>\n\t<meta property=\"og:image:width\" content=\"650\" \/>\n\t<meta property=\"og:image:height\" content=\"922\" \/>\n\t<meta property=\"og:image:type\" content=\"image\/webp\" \/>\n<meta name=\"twitter:card\" content=\"summary_large_image\" \/>\n<script type=\"application\/ld+json\" class=\"yoast-schema-graph\">{\"@context\":\"https:\\\/\\\/schema.org\",\"@graph\":[{\"@type\":\"WebPage\",\"@id\":\"https:\\\/\\\/www.kapi.ltd\\\/mk\\\/urun\\\/lake-kapi-modelleri\\\/\",\"url\":\"https:\\\/\\\/www.kapi.ltd\\\/mk\\\/urun\\\/lake-kapi-modelleri\\\/\",\"name\":\"Lake Kap\u0131 Modelleri - \u0130\u00e7 Oda Kap\u0131lar\u0131 - \u00c7elik kap\u0131 modelleri - apartman kap\u0131lar\u0131\",\"isPartOf\":{\"@id\":\"https:\\\/\\\/www.kapi.ltd\\\/mk\\\/#website\"},\"primaryImageOfPage\":{\"@id\":\"https:\\\/\\\/www.kapi.ltd\\\/mk\\\/urun\\\/lake-kapi-modelleri\\\/#primaryimage\"},\"image\":{\"@id\":\"https:\\\/\\\/www.kapi.ltd\\\/mk\\\/urun\\\/lake-kapi-modelleri\\\/#primaryimage\"},\"thumbnailUrl\":\"https:\\\/\\\/www.kapi.ltd\\\/wp-content\\\/uploads\\\/2025\\\/10\\\/lake-kapi-modelleri-3.webp\",\"datePublished\":\"2025-10-01T21:33:22+00:00\",\"dateModified\":\"2026-01-23T07:10:21+00:00\",\"breadcrumb\":{\"@id\":\"https:\\\/\\\/www.kapi.ltd\\\/mk\\\/urun\\\/lake-kapi-modelleri\\\/#breadcrumb\"},\"inLanguage\":\"mk-MK\",\"potentialAction\":[{\"@type\":\"ReadAction\",\"target\":[\"https:\\\/\\\/www.kapi.ltd\\\/mk\\\/urun\\\/lake-kapi-modelleri\\\/\"]}]},{\"@type\":\"ImageObject\",\"inLanguage\":\"mk-MK\",\"@id\":\"https:\\\/\\\/www.kapi.ltd\\\/mk\\\/urun\\\/lake-kapi-modelleri\\\/#primaryimage\",\"url\":\"https:\\\/\\\/www.kapi.ltd\\\/wp-content\\\/uploads\\\/2025\\\/10\\\/lake-kapi-modelleri-3.webp\",\"contentUrl\":\"https:\\\/\\\/www.kapi.ltd\\\/wp-content\\\/uploads\\\/2025\\\/10\\\/lake-kapi-modelleri-3.webp\",\"width\":650,\"height\":922,\"caption\":\"lake kap\u0131 modelleri\"},{\"@type\":\"BreadcrumbList\",\"@id\":\"https:\\\/\\\/www.kapi.ltd\\\/mk\\\/urun\\\/lake-kapi-modelleri\\\/#breadcrumb\",\"itemListElement\":[{\"@type\":\"ListItem\",\"position\":1,\"name\":\"Anasayfa\",\"item\":\"https:\\\/\\\/www.kapi.ltd\\\/mk\\\/\"},{\"@type\":\"ListItem\",\"position\":2,\"name\":\"ic-kapi-celik-kapi-modelleri\",\"item\":\"https:\\\/\\\/www.kapi.ltd\\\/?page_id=4263\"},{\"@type\":\"ListItem\",\"position\":3,\"name\":\"Lake Kap\u0131 Modelleri\"}]},{\"@type\":\"WebSite\",\"@id\":\"https:\\\/\\\/www.kapi.ltd\\\/mk\\\/#website\",\"url\":\"https:\\\/\\\/www.kapi.ltd\\\/mk\\\/\",\"name\":\"\u0130\u00e7 Kap\u0131 Ve \u00c7elik Kap\u0131 Modelleri\",\"description\":\"T\u00fcrkiye Kap\u0131 Modelleri Merkezi\",\"potentialAction\":[{\"@type\":\"SearchAction\",\"target\":{\"@type\":\"EntryPoint\",\"urlTemplate\":\"https:\\\/\\\/www.kapi.ltd\\\/mk\\\/?s={search_term_string}\"},\"query-input\":{\"@type\":\"PropertyValueSpecification\",\"valueRequired\":true,\"valueName\":\"search_term_string\"}}],\"inLanguage\":\"mk-MK\"}]}<\/script>\n<!-- \/ Yoast SEO Premium plugin. -->","yoast_head_json":{"title":"Lake Kap\u0131 Modelleri - \u0130\u00e7 Oda Kap\u0131lar\u0131 - \u00c7elik kap\u0131 modelleri - apartman kap\u0131lar\u0131","robots":{"index":"index","follow":"follow","max-snippet":"max-snippet:-1","max-image-preview":"max-image-preview:large","max-video-preview":"max-video-preview:-1"},"canonical":"https:\/\/www.kapi.ltd\/mk\/urun\/lake-kapi-modelleri\/","og_locale":"mk_MK","og_type":"article","og_title":"Lake Kap\u0131 Modelleri","og_url":"https:\/\/www.kapi.ltd\/mk\/urun\/lake-kapi-modelleri\/","og_site_name":"\u0130\u00e7 Oda Kap\u0131lar\u0131 - \u00c7elik kap\u0131 modelleri - apartman kap\u0131lar\u0131","article_modified_time":"2026-01-23T07:10:21+00:00","og_image":[{"width":650,"height":922,"url":"https:\/\/www.kapi.ltd\/wp-content\/uploads\/2025\/10\/lake-kapi-modelleri-3.webp","type":"image\/webp"}],"twitter_card":"summary_large_image","schema":{"@context":"https:\/\/schema.org","@graph":[{"@type":"WebPage","@id":"https:\/\/www.kapi.ltd\/mk\/urun\/lake-kapi-modelleri\/","url":"https:\/\/www.kapi.ltd\/mk\/urun\/lake-kapi-modelleri\/","name":"Lake Kap\u0131 Modelleri - \u0130\u00e7 Oda Kap\u0131lar\u0131 - \u00c7elik kap\u0131 modelleri - apartman kap\u0131lar\u0131","isPartOf":{"@id":"https:\/\/www.kapi.ltd\/mk\/#website"},"primaryImageOfPage":{"@id":"https:\/\/www.kapi.ltd\/mk\/urun\/lake-kapi-modelleri\/#primaryimage"},"image":{"@id":"https:\/\/www.kapi.ltd\/mk\/urun\/lake-kapi-modelleri\/#primaryimage"},"thumbnailUrl":"https:\/\/www.kapi.ltd\/wp-content\/uploads\/2025\/10\/lake-kapi-modelleri-3.webp","datePublished":"2025-10-01T21:33:22+00:00","dateModified":"2026-01-23T07:10:21+00:00","breadcrumb":{"@id":"https:\/\/www.kapi.ltd\/mk\/urun\/lake-kapi-modelleri\/#breadcrumb"},"inLanguage":"mk-MK","potentialAction":[{"@type":"ReadAction","target":["https:\/\/www.kapi.ltd\/mk\/urun\/lake-kapi-modelleri\/"]}]},{"@type":"ImageObject","inLanguage":"mk-MK","@id":"https:\/\/www.kapi.ltd\/mk\/urun\/lake-kapi-modelleri\/#primaryimage","url":"https:\/\/www.kapi.ltd\/wp-content\/uploads\/2025\/10\/lake-kapi-modelleri-3.webp","contentUrl":"https:\/\/www.kapi.ltd\/wp-content\/uploads\/2025\/10\/lake-kapi-modelleri-3.webp","width":650,"height":922,"caption":"lake kap\u0131 modelleri"},{"@type":"BreadcrumbList","@id":"https:\/\/www.kapi.ltd\/mk\/urun\/lake-kapi-modelleri\/#breadcrumb","itemListElement":[{"@type":"ListItem","position":1,"name":"Anasayfa","item":"https:\/\/www.kapi.ltd\/mk\/"},{"@type":"ListItem","position":2,"name":"ic-kapi-celik-kapi-modelleri","item":"https:\/\/www.kapi.ltd\/?page_id=4263"},{"@type":"ListItem","position":3,"name":"Lake Kap\u0131 Modelleri"}]},{"@type":"WebSite","@id":"https:\/\/www.kapi.ltd\/mk\/#website","url":"https:\/\/www.kapi.ltd\/mk\/","name":"\u0130\u00e7 Kap\u0131 Ve \u00c7elik Kap\u0131 Modelleri","description":"T\u00fcrkiye Kap\u0131 Modelleri Merkezi","potentialAction":[{"@type":"SearchAction","target":{"@type":"EntryPoint","urlTemplate":"https:\/\/www.kapi.ltd\/mk\/?s={search_term_string}"},"query-input":{"@type":"PropertyValueSpecification","valueRequired":true,"valueName":"search_term_string"}}],"inLanguage":"mk-MK"}]}},"_links":{"self":[{"href":"https:\/\/www.kapi.ltd\/mk\/wp-json\/wp\/v2\/product\/9071","targetHints":{"allow":["GET"]}}],"collection":[{"href":"https:\/\/www.kapi.ltd\/mk\/wp-json\/wp\/v2\/product"}],"about":[{"href":"https:\/\/www.kapi.ltd\/mk\/wp-json\/wp\/v2\/types\/product"}],"version-history":[{"count":0,"href":"https:\/\/www.kapi.ltd\/mk\/wp-json\/wp\/v2\/product\/9071\/revisions"}],"wp:featuredmedia":[{"embeddable":true,"href":"https:\/\/www.kapi.ltd\/mk\/wp-json\/wp\/v2\/media\/9072"}],"wp:attachment":[{"href":"https:\/\/www.kapi.ltd\/mk\/wp-json\/wp\/v2\/media?parent=9071"}],"wp:term":[{"taxonomy":"product_brand","embeddable":true,"href":"https:\/\/www.kapi.ltd\/mk\/wp-json\/wp\/v2\/product_brand?post=9071"},{"taxonomy":"product_cat","embeddable":true,"href":"https:\/\/www.kapi.ltd\/mk\/wp-json\/wp\/v2\/product_cat?post=9071"},{"taxonomy":"product_tag","embeddable":true,"href":"https:\/\/www.kapi.ltd\/mk\/wp-json\/wp\/v2\/product_tag?post=9071"}],"curies":[{"name":"wp","href":"https:\/\/api.w.org\/{rel}","templated":true}]}}