{"id":8911,"date":"2025-10-30T00:36:39","date_gmt":"2025-10-29T21:36:39","guid":{"rendered":"https:\/\/www.kapi.ltd\/urun\/ev-kapisi\/"},"modified":"2026-01-20T09:07:54","modified_gmt":"2026-01-20T06:07:54","slug":"ev-kapisi","status":"publish","type":"product","link":"https:\/\/www.kapi.ltd\/mk\/urun\/ev-kapisi\/","title":{"rendered":"Ev Kap\u0131s\u0131"},"content":{"rendered":"<p data-start=\"0\" data-end=\"63\"><strong data-start=\"0\" data-end=\"63\">Gri Beyaz Ev Kap\u0131s\u0131: Modern ve G\u00fcvenli \u00c7elik Kap\u0131 Modelleri<\/strong><\/p>\n<p data-start=\"65\" data-end=\"471\">Ev kap\u0131s\u0131, evin d\u0131\u015f d\u00fcnyaya a\u00e7\u0131lan ilk kap\u0131s\u0131d\u0131r ve ayn\u0131 zamanda g\u00fcvenli\u011finizi sa\u011flayan en \u00f6nemli unsurlardan biridir. Bu y\u00fczden ev giri\u015f kap\u0131s\u0131n\u0131n hem estetik hem de fonksiyonel a\u00e7\u0131dan \u00fcst\u00fcn \u00f6zelliklere sahip olmas\u0131 gerekir. Modern ya\u015fam\u0131n ihtiya\u00e7lar\u0131n\u0131 kar\u015f\u0131lamak ve estetik beklentileri en y\u00fcksek seviyeye ta\u015f\u0131mak ad\u0131na, biz de tamamen \u015f\u0131k ve g\u00fcvenli bir <em data-start=\"423\" data-end=\"444\">gri beyaz ev kap\u0131s\u0131<\/em> tasar\u0131m\u0131yla kar\u015f\u0131n\u0131zday\u0131z.<\/p>\n<p data-start=\"473\" data-end=\"957\">Yeni tasarlad\u0131\u011f\u0131m\u0131z <strong data-start=\"493\" data-end=\"516\">gri beyaz ev kap\u0131s\u0131<\/strong> modeli, zarif rengi ve sa\u011flam yap\u0131s\u0131yla hem g\u00f6z al\u0131c\u0131 hem de i\u015flevsel bir se\u00e7enek sunuyor. Hem <strong data-start=\"612\" data-end=\"629\">gri ev kap\u0131s\u0131<\/strong> hem de <strong data-start=\"637\" data-end=\"656\">beyaz ev kap\u0131s\u0131<\/strong> gibi klasik renklerin birle\u015fiminden olu\u015fan bu \u00f6zel tasar\u0131m, modern evlerin d\u0131\u015f cephelerine m\u00fckemmel uyum sa\u011fl\u0131yor. Ev d\u0131\u015f kap\u0131s\u0131 olarak kullan\u0131labilecek bu \u00e7elik kap\u0131, yaln\u0131zca d\u0131\u015f mekan dekorasyonuna katk\u0131 sa\u011flamakla kalmaz, ayn\u0131 zamanda dayan\u0131kl\u0131 yap\u0131s\u0131yla uzun y\u0131llar boyunca g\u00fcvenli\u011finizi sa\u011flar.<\/p>\n<h3 data-start=\"959\" data-end=\"996\">Modern Tasar\u0131m ve Y\u00fcksek G\u00fcvenlik<\/h3>\n<p data-start=\"998\" data-end=\"1453\">Yeni modelimizde, <strong data-start=\"1016\" data-end=\"1033\">ev d\u0131\u015f kap\u0131s\u0131<\/strong> i\u00e7in estetik ve g\u00fcvenli\u011fi bir arada sunmay\u0131 ama\u00e7lad\u0131k. Gri ve beyaz renklerin uyumu, kap\u0131ya modern bir hava katarken, <strong data-start=\"1152\" data-end=\"1182\">uzun \u00e7elik kap\u0131 \u00e7ekme kolu<\/strong> ise tasar\u0131ma \u015f\u0131kl\u0131k ekliyor. Bu \u00f6zel tasar\u0131m, yaln\u0131zca g\u00f6r\u00fcn\u00fcm a\u00e7\u0131s\u0131ndan de\u011fil, kullan\u0131m kolayl\u0131\u011f\u0131 bak\u0131m\u0131ndan da olduk\u00e7a pratik. <strong data-start=\"1312\" data-end=\"1331\">Ev giri\u015f kap\u0131s\u0131<\/strong> olarak tercih edilebilecek bu \u00e7elik kap\u0131, sa\u011flam yap\u0131s\u0131 ve uzun \u00f6m\u00fcrl\u00fc kullan\u0131m\u0131 ile kullan\u0131c\u0131lar\u0131n be\u011fenisini kazan\u0131yor.<\/p>\n<p data-start=\"1455\" data-end=\"1833\">Kap\u0131, y\u00fcksek kaliteli \u00e7elikten \u00fcretilmi\u015f olup, \u00e7ift kilitli bir kilitleme sistemine sahiptir. Bu \u00f6zellik, kap\u0131n\u0131n g\u00fcvenli\u011fini \u00fcst d\u00fczeye \u00e7\u0131kar\u0131rken, evinizin i\u00e7 k\u0131sm\u0131na izinsiz giri\u015fleri engeller. Ayr\u0131ca, <em data-start=\"1660\" data-end=\"1681\">gri beyaz ev kap\u0131s\u0131<\/em> modeli, d\u0131\u015f etkenlere kar\u015f\u0131 olduk\u00e7a dayan\u0131kl\u0131d\u0131r; nem, r\u00fczgar ve g\u00fcne\u015f \u0131\u015f\u0131\u011f\u0131 gibi fakt\u00f6rler, kap\u0131n\u0131n \u00f6mr\u00fcn\u00fc k\u0131saltmaz, aksine zamanla daha da g\u00fc\u00e7lenir.<\/p>\n<h3 data-start=\"1835\" data-end=\"1865\">Neden Gri Beyaz Ev Kap\u0131s\u0131?<\/h3>\n<p data-start=\"1867\" data-end=\"2331\">Ev giri\u015f kap\u0131s\u0131 se\u00e7imi yaparken estetik, dayan\u0131kl\u0131l\u0131k ve g\u00fcvenlik \u00f6n planda tutulmal\u0131d\u0131r. Geleneksel olarak, beyaz ev kap\u0131lar\u0131 yayg\u0131n bir tercihtir. Ancak, <strong data-start=\"2023\" data-end=\"2046\">gri beyaz ev kap\u0131s\u0131<\/strong> tasar\u0131m\u0131, daha modern bir dokunu\u015f arayanlar i\u00e7in m\u00fckemmel bir alternatiftir. Gri rengin so\u011fuk ama \u015f\u0131k havas\u0131, beyaz\u0131n ferahlat\u0131c\u0131 etkisiyle birle\u015ferek, her t\u00fcr ev dekorasyonuna uyum sa\u011flayacak bir kap\u0131 modeli ortaya \u00e7\u0131kar\u0131r. Bu tasar\u0131m, hem geleneksel hem de \u00e7a\u011fda\u015f evlere hitap eder.<\/p>\n<p data-start=\"2333\" data-end=\"2669\">Y\u00fcksek kaliteli \u00e7elikten \u00fcretilen bu <strong data-start=\"2370\" data-end=\"2387\">ev d\u0131\u015f kap\u0131s\u0131<\/strong>, yaln\u0131zca estetik a\u00e7\u0131dan de\u011fil, fonksiyonel a\u00e7\u0131dan da \u00fcst d\u00fczeydir. \u00c7ift kilitli sistemi, ekstra g\u00fcvenlik sa\u011flar. \u00dcstelik, uzun \u00e7elik kap\u0131 kolu, hem estetik hem de pratik bir kullan\u0131m sunar. Kap\u0131n\u0131n montaj\u0131 olduk\u00e7a kolay olup, uzun y\u0131llar boyunca bak\u0131m gerektirmeyen bir yap\u0131dad\u0131r.<\/p>\n<h3 data-start=\"2671\" data-end=\"2707\">Sizi Bekleyen \u015e\u0131kl\u0131k ve G\u00fcvenlik<\/h3>\n<p data-start=\"2709\" data-end=\"3048\">Gri ve beyaz tonlar\u0131n\u0131n uyumu, d\u0131\u015f cephede zarif bir dokunu\u015f yarat\u0131rken, <strong data-start=\"2782\" data-end=\"2799\">ev d\u0131\u015f kap\u0131s\u0131<\/strong> olarak kullan\u0131labilecek bu tasar\u0131m, g\u00fcvenli\u011fi de g\u00f6z ard\u0131 etmez. \u00c7ift kilitli g\u00fcvenlik sistemi sayesinde, kap\u0131 her y\u00f6n\u00fcyle g\u00fcvenli\u011finizi sa\u011flamaktad\u0131r. Uzun \u00e7elik \u00e7ekme kolu ise, modern tasar\u0131m\u0131yla evinize \u015f\u0131kl\u0131k katarken kullan\u0131m kolayl\u0131\u011f\u0131 sa\u011flar.<\/p>\n<p data-start=\"3050\" data-end=\"3457\" data-is-last-node=\"\" data-is-only-node=\"\">Sonu\u00e7 olarak, <strong data-start=\"3064\" data-end=\"3087\">gri beyaz ev kap\u0131s\u0131<\/strong> modeli, modern evlerin d\u0131\u015f mekanlar\u0131nda \u015f\u0131kl\u0131\u011f\u0131 ve g\u00fcvenli\u011fi bir arada sunar. Ev d\u0131\u015f kap\u0131s\u0131 se\u00e7iminde estetik ve g\u00fcvenli\u011fi \u00f6n planda tutanlar i\u00e7in m\u00fckemmel bir alternatif olan bu kap\u0131, size uzun y\u0131llar boyunca sorunsuz kullan\u0131m ve y\u00fcksek g\u00fcvenlik sunar. Hem g\u00f6rsel hem de fonksiyonel a\u00e7\u0131dan beklentilerinizi kar\u015f\u0131layan bu tasar\u0131m, evinizi tam anlam\u0131yla tamamlayacakt\u0131r.<\/p>\n","protected":false},"excerpt":{"rendered":"<p>Gri Beyaz Ev Kap\u0131s\u0131: Modern ve G\u00fcvenli \u00c7elik Kap\u0131 Modelleri Ev kap\u0131s\u0131, evin d\u0131\u015f d\u00fcnyaya a\u00e7\u0131lan ilk kap\u0131s\u0131d\u0131r ve ayn\u0131 zamanda g\u00fcvenli\u011finizi sa\u011flayan en \u00f6nemli unsurlardan biridir. Bu y\u00fczden ev giri\u015f kap\u0131s\u0131n\u0131n hem estetik hem de fonksiyonel a\u00e7\u0131dan \u00fcst\u00fcn \u00f6zelliklere sahip olmas\u0131 gerekir. Modern ya\u015fam\u0131n ihtiya\u00e7lar\u0131n\u0131 kar\u015f\u0131lamak ve estetik beklentileri en y\u00fcksek seviyeye ta\u015f\u0131mak ad\u0131na,<\/p>\n","protected":false},"featured_media":8912,"template":"","meta":{"_bbp_topic_count":0,"_bbp_reply_count":0,"_bbp_total_topic_count":0,"_bbp_total_reply_count":0,"_bbp_voice_count":0,"_bbp_anonymous_reply_count":0,"_bbp_topic_count_hidden":0,"_bbp_reply_count_hidden":0,"_bbp_forum_subforum_count":0},"product_brand":[],"product_cat":[733],"product_tag":[],"class_list":{"0":"post-8911","1":"product","2":"type-product","3":"status-publish","4":"has-post-thumbnail","6":"product_cat-733","8":"first","9":"instock","10":"shipping-taxable","11":"product-type-simple","12":"prodpage-classic"},"yoast_head":"<!-- This site is optimized with the Yoast SEO Premium plugin v26.6 (Yoast SEO v27.5) - https:\/\/yoast.com\/product\/yoast-seo-premium-wordpress\/ -->\n<title>Ev Kap\u0131s\u0131 - \u0130\u00e7 Oda Kap\u0131lar\u0131 - \u00c7elik kap\u0131 modelleri - apartman kap\u0131lar\u0131<\/title>\n<meta name=\"robots\" content=\"index, follow, max-snippet:-1, max-image-preview:large, max-video-preview:-1\" \/>\n<link rel=\"canonical\" href=\"https:\/\/www.kapi.ltd\/mk\/urun\/ev-kapisi\/\" \/>\n<meta property=\"og:locale\" content=\"mk_MK\" \/>\n<meta property=\"og:type\" content=\"article\" \/>\n<meta property=\"og:title\" content=\"Ev Kap\u0131s\u0131\" \/>\n<meta property=\"og:description\" content=\"Gri Beyaz Ev Kap\u0131s\u0131: Modern ve G\u00fcvenli \u00c7elik Kap\u0131 Modelleri Ev kap\u0131s\u0131, evin d\u0131\u015f d\u00fcnyaya a\u00e7\u0131lan ilk kap\u0131s\u0131d\u0131r ve ayn\u0131 zamanda g\u00fcvenli\u011finizi sa\u011flayan en \u00f6nemli unsurlardan biridir. Bu y\u00fczden ev giri\u015f kap\u0131s\u0131n\u0131n hem estetik hem de fonksiyonel a\u00e7\u0131dan \u00fcst\u00fcn \u00f6zelliklere sahip olmas\u0131 gerekir. Modern ya\u015fam\u0131n ihtiya\u00e7lar\u0131n\u0131 kar\u015f\u0131lamak ve estetik beklentileri en y\u00fcksek seviyeye ta\u015f\u0131mak ad\u0131na,\" \/>\n<meta property=\"og:url\" content=\"https:\/\/www.kapi.ltd\/mk\/urun\/ev-kapisi\/\" \/>\n<meta property=\"og:site_name\" content=\"\u0130\u00e7 Oda Kap\u0131lar\u0131 - \u00c7elik kap\u0131 modelleri - apartman kap\u0131lar\u0131\" \/>\n<meta property=\"article:modified_time\" content=\"2026-01-20T06:07:54+00:00\" \/>\n<meta property=\"og:image\" content=\"https:\/\/www.kapi.ltd\/wp-content\/uploads\/2025\/10\/ev-kapisi.webp\" \/>\n\t<meta property=\"og:image:width\" content=\"650\" \/>\n\t<meta property=\"og:image:height\" content=\"975\" \/>\n\t<meta property=\"og:image:type\" content=\"image\/webp\" \/>\n<meta name=\"twitter:card\" content=\"summary_large_image\" \/>\n<meta name=\"twitter:label1\" content=\"Est. reading time\" \/>\n\t<meta name=\"twitter:data1\" content=\"3 \u043c\u0438\u043d\u0443\u0442\u0438\" \/>\n<script type=\"application\/ld+json\" class=\"yoast-schema-graph\">{\"@context\":\"https:\\\/\\\/schema.org\",\"@graph\":[{\"@type\":\"WebPage\",\"@id\":\"https:\\\/\\\/www.kapi.ltd\\\/mk\\\/urun\\\/ev-kapisi\\\/\",\"url\":\"https:\\\/\\\/www.kapi.ltd\\\/mk\\\/urun\\\/ev-kapisi\\\/\",\"name\":\"Ev Kap\u0131s\u0131 - \u0130\u00e7 Oda Kap\u0131lar\u0131 - \u00c7elik kap\u0131 modelleri - apartman kap\u0131lar\u0131\",\"isPartOf\":{\"@id\":\"https:\\\/\\\/www.kapi.ltd\\\/mk\\\/#website\"},\"primaryImageOfPage\":{\"@id\":\"https:\\\/\\\/www.kapi.ltd\\\/mk\\\/urun\\\/ev-kapisi\\\/#primaryimage\"},\"image\":{\"@id\":\"https:\\\/\\\/www.kapi.ltd\\\/mk\\\/urun\\\/ev-kapisi\\\/#primaryimage\"},\"thumbnailUrl\":\"https:\\\/\\\/www.kapi.ltd\\\/wp-content\\\/uploads\\\/2025\\\/10\\\/ev-kapisi.webp\",\"datePublished\":\"2025-10-29T21:36:39+00:00\",\"dateModified\":\"2026-01-20T06:07:54+00:00\",\"breadcrumb\":{\"@id\":\"https:\\\/\\\/www.kapi.ltd\\\/mk\\\/urun\\\/ev-kapisi\\\/#breadcrumb\"},\"inLanguage\":\"mk-MK\",\"potentialAction\":[{\"@type\":\"ReadAction\",\"target\":[\"https:\\\/\\\/www.kapi.ltd\\\/mk\\\/urun\\\/ev-kapisi\\\/\"]}]},{\"@type\":\"ImageObject\",\"inLanguage\":\"mk-MK\",\"@id\":\"https:\\\/\\\/www.kapi.ltd\\\/mk\\\/urun\\\/ev-kapisi\\\/#primaryimage\",\"url\":\"https:\\\/\\\/www.kapi.ltd\\\/wp-content\\\/uploads\\\/2025\\\/10\\\/ev-kapisi.webp\",\"contentUrl\":\"https:\\\/\\\/www.kapi.ltd\\\/wp-content\\\/uploads\\\/2025\\\/10\\\/ev-kapisi.webp\",\"width\":650,\"height\":975,\"caption\":\"ev kap\u0131s\u0131 modeli\"},{\"@type\":\"BreadcrumbList\",\"@id\":\"https:\\\/\\\/www.kapi.ltd\\\/mk\\\/urun\\\/ev-kapisi\\\/#breadcrumb\",\"itemListElement\":[{\"@type\":\"ListItem\",\"position\":1,\"name\":\"Anasayfa\",\"item\":\"https:\\\/\\\/www.kapi.ltd\\\/mk\\\/\"},{\"@type\":\"ListItem\",\"position\":2,\"name\":\"ic-kapi-celik-kapi-modelleri\",\"item\":\"https:\\\/\\\/www.kapi.ltd\\\/?page_id=4263\"},{\"@type\":\"ListItem\",\"position\":3,\"name\":\"Ev Kap\u0131s\u0131\"}]},{\"@type\":\"WebSite\",\"@id\":\"https:\\\/\\\/www.kapi.ltd\\\/mk\\\/#website\",\"url\":\"https:\\\/\\\/www.kapi.ltd\\\/mk\\\/\",\"name\":\"\u0130\u00e7 Kap\u0131 Ve \u00c7elik Kap\u0131 Modelleri\",\"description\":\"T\u00fcrkiye Kap\u0131 Modelleri Merkezi\",\"potentialAction\":[{\"@type\":\"SearchAction\",\"target\":{\"@type\":\"EntryPoint\",\"urlTemplate\":\"https:\\\/\\\/www.kapi.ltd\\\/mk\\\/?s={search_term_string}\"},\"query-input\":{\"@type\":\"PropertyValueSpecification\",\"valueRequired\":true,\"valueName\":\"search_term_string\"}}],\"inLanguage\":\"mk-MK\"}]}<\/script>\n<!-- \/ Yoast SEO Premium plugin. -->","yoast_head_json":{"title":"Ev Kap\u0131s\u0131 - \u0130\u00e7 Oda Kap\u0131lar\u0131 - \u00c7elik kap\u0131 modelleri - apartman kap\u0131lar\u0131","robots":{"index":"index","follow":"follow","max-snippet":"max-snippet:-1","max-image-preview":"max-image-preview:large","max-video-preview":"max-video-preview:-1"},"canonical":"https:\/\/www.kapi.ltd\/mk\/urun\/ev-kapisi\/","og_locale":"mk_MK","og_type":"article","og_title":"Ev Kap\u0131s\u0131","og_description":"Gri Beyaz Ev Kap\u0131s\u0131: Modern ve G\u00fcvenli \u00c7elik Kap\u0131 Modelleri Ev kap\u0131s\u0131, evin d\u0131\u015f d\u00fcnyaya a\u00e7\u0131lan ilk kap\u0131s\u0131d\u0131r ve ayn\u0131 zamanda g\u00fcvenli\u011finizi sa\u011flayan en \u00f6nemli unsurlardan biridir. Bu y\u00fczden ev giri\u015f kap\u0131s\u0131n\u0131n hem estetik hem de fonksiyonel a\u00e7\u0131dan \u00fcst\u00fcn \u00f6zelliklere sahip olmas\u0131 gerekir. Modern ya\u015fam\u0131n ihtiya\u00e7lar\u0131n\u0131 kar\u015f\u0131lamak ve estetik beklentileri en y\u00fcksek seviyeye ta\u015f\u0131mak ad\u0131na,","og_url":"https:\/\/www.kapi.ltd\/mk\/urun\/ev-kapisi\/","og_site_name":"\u0130\u00e7 Oda Kap\u0131lar\u0131 - \u00c7elik kap\u0131 modelleri - apartman kap\u0131lar\u0131","article_modified_time":"2026-01-20T06:07:54+00:00","og_image":[{"width":650,"height":975,"url":"https:\/\/www.kapi.ltd\/wp-content\/uploads\/2025\/10\/ev-kapisi.webp","type":"image\/webp"}],"twitter_card":"summary_large_image","twitter_misc":{"Est. reading time":"3 \u043c\u0438\u043d\u0443\u0442\u0438"},"schema":{"@context":"https:\/\/schema.org","@graph":[{"@type":"WebPage","@id":"https:\/\/www.kapi.ltd\/mk\/urun\/ev-kapisi\/","url":"https:\/\/www.kapi.ltd\/mk\/urun\/ev-kapisi\/","name":"Ev Kap\u0131s\u0131 - \u0130\u00e7 Oda Kap\u0131lar\u0131 - \u00c7elik kap\u0131 modelleri - apartman kap\u0131lar\u0131","isPartOf":{"@id":"https:\/\/www.kapi.ltd\/mk\/#website"},"primaryImageOfPage":{"@id":"https:\/\/www.kapi.ltd\/mk\/urun\/ev-kapisi\/#primaryimage"},"image":{"@id":"https:\/\/www.kapi.ltd\/mk\/urun\/ev-kapisi\/#primaryimage"},"thumbnailUrl":"https:\/\/www.kapi.ltd\/wp-content\/uploads\/2025\/10\/ev-kapisi.webp","datePublished":"2025-10-29T21:36:39+00:00","dateModified":"2026-01-20T06:07:54+00:00","breadcrumb":{"@id":"https:\/\/www.kapi.ltd\/mk\/urun\/ev-kapisi\/#breadcrumb"},"inLanguage":"mk-MK","potentialAction":[{"@type":"ReadAction","target":["https:\/\/www.kapi.ltd\/mk\/urun\/ev-kapisi\/"]}]},{"@type":"ImageObject","inLanguage":"mk-MK","@id":"https:\/\/www.kapi.ltd\/mk\/urun\/ev-kapisi\/#primaryimage","url":"https:\/\/www.kapi.ltd\/wp-content\/uploads\/2025\/10\/ev-kapisi.webp","contentUrl":"https:\/\/www.kapi.ltd\/wp-content\/uploads\/2025\/10\/ev-kapisi.webp","width":650,"height":975,"caption":"ev kap\u0131s\u0131 modeli"},{"@type":"BreadcrumbList","@id":"https:\/\/www.kapi.ltd\/mk\/urun\/ev-kapisi\/#breadcrumb","itemListElement":[{"@type":"ListItem","position":1,"name":"Anasayfa","item":"https:\/\/www.kapi.ltd\/mk\/"},{"@type":"ListItem","position":2,"name":"ic-kapi-celik-kapi-modelleri","item":"https:\/\/www.kapi.ltd\/?page_id=4263"},{"@type":"ListItem","position":3,"name":"Ev Kap\u0131s\u0131"}]},{"@type":"WebSite","@id":"https:\/\/www.kapi.ltd\/mk\/#website","url":"https:\/\/www.kapi.ltd\/mk\/","name":"\u0130\u00e7 Kap\u0131 Ve \u00c7elik Kap\u0131 Modelleri","description":"T\u00fcrkiye Kap\u0131 Modelleri Merkezi","potentialAction":[{"@type":"SearchAction","target":{"@type":"EntryPoint","urlTemplate":"https:\/\/www.kapi.ltd\/mk\/?s={search_term_string}"},"query-input":{"@type":"PropertyValueSpecification","valueRequired":true,"valueName":"search_term_string"}}],"inLanguage":"mk-MK"}]}},"_links":{"self":[{"href":"https:\/\/www.kapi.ltd\/mk\/wp-json\/wp\/v2\/product\/8911","targetHints":{"allow":["GET"]}}],"collection":[{"href":"https:\/\/www.kapi.ltd\/mk\/wp-json\/wp\/v2\/product"}],"about":[{"href":"https:\/\/www.kapi.ltd\/mk\/wp-json\/wp\/v2\/types\/product"}],"version-history":[{"count":0,"href":"https:\/\/www.kapi.ltd\/mk\/wp-json\/wp\/v2\/product\/8911\/revisions"}],"wp:featuredmedia":[{"embeddable":true,"href":"https:\/\/www.kapi.ltd\/mk\/wp-json\/wp\/v2\/media\/8912"}],"wp:attachment":[{"href":"https:\/\/www.kapi.ltd\/mk\/wp-json\/wp\/v2\/media?parent=8911"}],"wp:term":[{"taxonomy":"product_brand","embeddable":true,"href":"https:\/\/www.kapi.ltd\/mk\/wp-json\/wp\/v2\/product_brand?post=8911"},{"taxonomy":"product_cat","embeddable":true,"href":"https:\/\/www.kapi.ltd\/mk\/wp-json\/wp\/v2\/product_cat?post=8911"},{"taxonomy":"product_tag","embeddable":true,"href":"https:\/\/www.kapi.ltd\/mk\/wp-json\/wp\/v2\/product_tag?post=8911"}],"curies":[{"name":"wp","href":"https:\/\/api.w.org\/{rel}","templated":true}]}}