{"id":8829,"date":"2025-10-01T21:07:23","date_gmt":"2025-10-01T21:07:23","guid":{"rendered":"https:\/\/www.kapi.ltd\/urun\/ic-kapi-modeli\/"},"modified":"2026-01-16T12:55:32","modified_gmt":"2026-01-16T09:55:32","slug":"ic-kapi-modeli","status":"publish","type":"product","link":"https:\/\/www.kapi.ltd\/mk\/urun\/ic-kapi-modeli\/","title":{"rendered":"\u0130\u00e7 Kap\u0131 Modeli"},"content":{"rendered":"<p data-start=\"0\" data-end=\"426\">Modern tasar\u0131ma sahip <strong data-start=\"22\" data-end=\"40\">bu kap\u0131 modeli<\/strong>, hem <strong data-start=\"46\" data-end=\"66\">lake kap\u0131 modeli<\/strong> hem de <strong data-start=\"74\" data-end=\"97\">membran kap\u0131 modeli<\/strong> olarak \u00fcretilebilen, estetik a\u00e7\u0131dan zarif ve fonksiyonel bir <strong data-start=\"159\" data-end=\"178\">oda kap\u0131 modeli<\/strong>dir. Her iki se\u00e7enek de, \u015f\u0131kl\u0131\u011f\u0131 ve dayan\u0131kl\u0131l\u0131\u011f\u0131 bir arada sunarak, ya\u015fam alanlar\u0131n\u0131za de\u011fer katman\u0131za yard\u0131mc\u0131 olur. Evdeki her mekan i\u00e7in ideal bir tercih olan bu kap\u0131 modeli, \u00e7e\u015fitli dekorasyon stillerine uyum sa\u011flayacak \u015fekilde tasarlanm\u0131\u015ft\u0131r.<\/p>\n<p data-start=\"428\" data-end=\"1085\"><strong data-start=\"428\" data-end=\"448\">Lake kap\u0131 modeli<\/strong> ve <strong data-start=\"452\" data-end=\"472\">PVC membran kap\u0131<\/strong> se\u00e7enekleri, farkl\u0131 \u00fcretim teknikleriyle sunulmu\u015f olsa da, her iki model de \u00fcst\u00fcn kaliteye sahiptir. <strong data-start=\"574\" data-end=\"590\">Lake kap\u0131lar<\/strong>, y\u00fczeyindeki parlakl\u0131k ve d\u00fcz hatlar\u0131yla \u00f6zellikle modern i\u00e7 mekanlarda tercih edilirken, <strong data-start=\"681\" data-end=\"704\">PVC membran kap\u0131lar<\/strong> dayan\u0131kl\u0131 yap\u0131lar\u0131yla uzun \u00f6m\u00fcrl\u00fc kullan\u0131m sunar. Her iki model de estetik oldu\u011fu kadar i\u015flevseldir ve evdeki farkl\u0131 alanlarda rahatl\u0131kla kullan\u0131labilir. \u00d6zellikle <strong data-start=\"869\" data-end=\"889\">beyaz oda kap\u0131s\u0131<\/strong> tercihi, mekanlara ferah bir hava katarken, her t\u00fcrl\u00fc i\u00e7 dekorasyonla m\u00fckemmel uyum sa\u011flar. Beyaz, hem sade hem de \u015f\u0131k bir renk oldu\u011fu i\u00e7in hemen hemen her tarzda dekorasyona kolayca adapte olur.<\/p>\n<p data-start=\"1087\" data-end=\"1565\">Bu <strong data-start=\"1090\" data-end=\"1105\">i\u00e7 oda kap\u0131<\/strong> modeli, ev sahiplerinin estetik beklentilerini kar\u015f\u0131lamakla kalmaz, ayn\u0131 zamanda i\u015flevsel anlamda da beklentileri fazlas\u0131yla kar\u015f\u0131lar. <strong data-start=\"1241\" data-end=\"1261\">Kaliteli i\u00e7 kap\u0131<\/strong> aray\u0131\u015f\u0131nda olan kullan\u0131c\u0131lar i\u00e7in, bu kap\u0131 modeli m\u00fckemmel bir se\u00e7enek sunar. \u00d6zellikle dayan\u0131kl\u0131 y\u00fczeyleri ve zarif tasar\u0131m\u0131 ile uzun y\u0131llar boyunca kullan\u0131labilir. \u00dczerindeki kaplama ve cilalama i\u015flemleri sayesinde, <strong data-start=\"1480\" data-end=\"1501\">kaliteli oda kap\u0131<\/strong> ihtiyac\u0131 olan mekanlarda sorunsuz bir kullan\u0131m deneyimi sa\u011flar.<\/p>\n<p data-start=\"1567\" data-end=\"2012\"><strong data-start=\"1567\" data-end=\"1585\">\u0130\u00e7 kap\u0131 modeli<\/strong> olarak, yaln\u0131zca estetik de\u011fil, ayn\u0131 zamanda dayan\u0131kl\u0131l\u0131k ve fonksiyonellik de \u00f6n plandad\u0131r. Hem dekoratif hem de pratik kullan\u0131m a\u00e7\u0131s\u0131ndan memnuniyet sa\u011flayan bu kap\u0131lar, ses yal\u0131t\u0131m\u0131 konusunda da ba\u015far\u0131l\u0131d\u0131r. Bu nedenle, \u00f6zellikle evdeki yatak odas\u0131, banyo ya da oturma odas\u0131 gibi farkl\u0131 alanlarda tercih edilebilir. <strong data-start=\"1905\" data-end=\"1920\">Kap\u0131 modeli<\/strong> se\u00e7iminde kaliteyi ve uzun \u00f6m\u00fcrl\u00fc kullan\u0131m\u0131 hedefleyenler i\u00e7in en iyi tercihlerden biridir.<\/p>\n<p data-start=\"2014\" data-end=\"2333\">Bunun yan\u0131 s\u0131ra, <strong data-start=\"2031\" data-end=\"2055\">kaliteli kap\u0131 modeli<\/strong> ile mekanlar\u0131n\u0131za modern bir hava katarken, bak\u0131m\u0131n\u0131n da olduk\u00e7a kolay oldu\u011funu g\u00f6receksiniz. Kolay temizlenebilir y\u00fczeyler, kullan\u0131m\u0131 daha pratik hale getirir. Ayr\u0131ca, her t\u00fcrl\u00fc hava ko\u015fuluna dayan\u0131kl\u0131 yap\u0131s\u0131 sayesinde, uzun y\u0131llar boyunca sorunsuz bir \u015fekilde kullan\u0131labilir.<\/p>\n<p data-start=\"2335\" data-end=\"2689\" data-is-last-node=\"\" data-is-only-node=\"\">Sonu\u00e7 olarak, <strong data-start=\"2349\" data-end=\"2374\">modern i\u00e7 kap\u0131 modeli<\/strong> olarak se\u00e7ebilece\u011finiz bu \u015f\u0131k ve kaliteli kap\u0131, evinize hem estetik hem de i\u015flevsel a\u00e7\u0131dan b\u00fcy\u00fck katk\u0131 sa\u011flar. Hem <strong data-start=\"2490\" data-end=\"2503\">lake kap\u0131<\/strong> hem de <strong data-start=\"2511\" data-end=\"2527\">membran kap\u0131<\/strong> se\u00e7enekleri ile her tarza ve ihtiyaca uygun bir \u00e7\u00f6z\u00fcm sunar. Hem kaliteli hem de uzun \u00f6m\u00fcrl\u00fc bir <strong data-start=\"2625\" data-end=\"2643\">i\u00e7 kap\u0131 modeli<\/strong> arayanlar i\u00e7in, m\u00fckemmel bir se\u00e7im olacakt\u0131r.<\/p>\n","protected":false},"excerpt":{"rendered":"<p>Modern tasar\u0131ma sahip bu kap\u0131 modeli, hem lake kap\u0131 modeli hem de membran kap\u0131 modeli olarak \u00fcretilebilen, estetik a\u00e7\u0131dan zarif ve fonksiyonel bir oda kap\u0131 modelidir. Her iki se\u00e7enek de, \u015f\u0131kl\u0131\u011f\u0131 ve dayan\u0131kl\u0131l\u0131\u011f\u0131 bir arada sunarak, ya\u015fam alanlar\u0131n\u0131za de\u011fer katman\u0131za yard\u0131mc\u0131 olur. Evdeki her mekan i\u00e7in ideal bir tercih olan bu kap\u0131 modeli, \u00e7e\u015fitli dekorasyon<\/p>\n","protected":false},"featured_media":8830,"template":"","meta":{"_bbp_topic_count":0,"_bbp_reply_count":0,"_bbp_total_topic_count":0,"_bbp_total_reply_count":0,"_bbp_voice_count":0,"_bbp_anonymous_reply_count":0,"_bbp_topic_count_hidden":0,"_bbp_reply_count_hidden":0,"_bbp_forum_subforum_count":0},"product_brand":[],"product_cat":[794,913],"product_tag":[],"class_list":{"0":"post-8829","1":"product","2":"type-product","3":"status-publish","4":"has-post-thumbnail","6":"product_cat-794","7":"product_cat-913","9":"first","10":"instock","11":"shipping-taxable","12":"product-type-simple","13":"prodpage-classic"},"yoast_head":"<!-- This site is optimized with the Yoast SEO Premium plugin v26.6 (Yoast SEO v27.5) - https:\/\/yoast.com\/product\/yoast-seo-premium-wordpress\/ -->\n<title>\u0130\u00e7 Kap\u0131 Modeli - \u0130\u00e7 Oda Kap\u0131lar\u0131 - \u00c7elik kap\u0131 modelleri - apartman kap\u0131lar\u0131<\/title>\n<meta name=\"robots\" content=\"index, follow, max-snippet:-1, max-image-preview:large, max-video-preview:-1\" \/>\n<link rel=\"canonical\" href=\"https:\/\/www.kapi.ltd\/mk\/urun\/ic-kapi-modeli\/\" \/>\n<meta property=\"og:locale\" content=\"mk_MK\" \/>\n<meta property=\"og:type\" content=\"article\" \/>\n<meta property=\"og:title\" content=\"\u0130\u00e7 Kap\u0131 Modeli\" \/>\n<meta property=\"og:description\" content=\"Modern tasar\u0131ma sahip bu kap\u0131 modeli, hem lake kap\u0131 modeli hem de membran kap\u0131 modeli olarak \u00fcretilebilen, estetik a\u00e7\u0131dan zarif ve fonksiyonel bir oda kap\u0131 modelidir. Her iki se\u00e7enek de, \u015f\u0131kl\u0131\u011f\u0131 ve dayan\u0131kl\u0131l\u0131\u011f\u0131 bir arada sunarak, ya\u015fam alanlar\u0131n\u0131za de\u011fer katman\u0131za yard\u0131mc\u0131 olur. Evdeki her mekan i\u00e7in ideal bir tercih olan bu kap\u0131 modeli, \u00e7e\u015fitli dekorasyon\" \/>\n<meta property=\"og:url\" content=\"https:\/\/www.kapi.ltd\/mk\/urun\/ic-kapi-modeli\/\" \/>\n<meta property=\"og:site_name\" content=\"\u0130\u00e7 Oda Kap\u0131lar\u0131 - \u00c7elik kap\u0131 modelleri - apartman kap\u0131lar\u0131\" \/>\n<meta property=\"article:modified_time\" content=\"2026-01-16T09:55:32+00:00\" \/>\n<meta property=\"og:image\" content=\"https:\/\/www.kapi.ltd\/wp-content\/uploads\/2025\/10\/ic-kapi-modeli.webp\" \/>\n\t<meta property=\"og:image:width\" content=\"650\" \/>\n\t<meta property=\"og:image:height\" content=\"975\" \/>\n\t<meta property=\"og:image:type\" content=\"image\/webp\" \/>\n<meta name=\"twitter:card\" content=\"summary_large_image\" \/>\n<meta name=\"twitter:label1\" content=\"Est. reading time\" \/>\n\t<meta name=\"twitter:data1\" content=\"2 \u043c\u0438\u043d\u0443\u0442\u0438\" \/>\n<script type=\"application\/ld+json\" class=\"yoast-schema-graph\">{\"@context\":\"https:\\\/\\\/schema.org\",\"@graph\":[{\"@type\":\"WebPage\",\"@id\":\"https:\\\/\\\/www.kapi.ltd\\\/mk\\\/urun\\\/ic-kapi-modeli\\\/\",\"url\":\"https:\\\/\\\/www.kapi.ltd\\\/mk\\\/urun\\\/ic-kapi-modeli\\\/\",\"name\":\"\u0130\u00e7 Kap\u0131 Modeli - \u0130\u00e7 Oda Kap\u0131lar\u0131 - \u00c7elik kap\u0131 modelleri - apartman kap\u0131lar\u0131\",\"isPartOf\":{\"@id\":\"https:\\\/\\\/www.kapi.ltd\\\/mk\\\/#website\"},\"primaryImageOfPage\":{\"@id\":\"https:\\\/\\\/www.kapi.ltd\\\/mk\\\/urun\\\/ic-kapi-modeli\\\/#primaryimage\"},\"image\":{\"@id\":\"https:\\\/\\\/www.kapi.ltd\\\/mk\\\/urun\\\/ic-kapi-modeli\\\/#primaryimage\"},\"thumbnailUrl\":\"https:\\\/\\\/www.kapi.ltd\\\/wp-content\\\/uploads\\\/2025\\\/10\\\/ic-kapi-modeli.webp\",\"datePublished\":\"2025-10-01T21:07:23+00:00\",\"dateModified\":\"2026-01-16T09:55:32+00:00\",\"breadcrumb\":{\"@id\":\"https:\\\/\\\/www.kapi.ltd\\\/mk\\\/urun\\\/ic-kapi-modeli\\\/#breadcrumb\"},\"inLanguage\":\"mk-MK\",\"potentialAction\":[{\"@type\":\"ReadAction\",\"target\":[\"https:\\\/\\\/www.kapi.ltd\\\/mk\\\/urun\\\/ic-kapi-modeli\\\/\"]}]},{\"@type\":\"ImageObject\",\"inLanguage\":\"mk-MK\",\"@id\":\"https:\\\/\\\/www.kapi.ltd\\\/mk\\\/urun\\\/ic-kapi-modeli\\\/#primaryimage\",\"url\":\"https:\\\/\\\/www.kapi.ltd\\\/wp-content\\\/uploads\\\/2025\\\/10\\\/ic-kapi-modeli.webp\",\"contentUrl\":\"https:\\\/\\\/www.kapi.ltd\\\/wp-content\\\/uploads\\\/2025\\\/10\\\/ic-kapi-modeli.webp\",\"width\":650,\"height\":975,\"caption\":\"i\u00e7 kap\u0131 modeli\"},{\"@type\":\"BreadcrumbList\",\"@id\":\"https:\\\/\\\/www.kapi.ltd\\\/mk\\\/urun\\\/ic-kapi-modeli\\\/#breadcrumb\",\"itemListElement\":[{\"@type\":\"ListItem\",\"position\":1,\"name\":\"Anasayfa\",\"item\":\"https:\\\/\\\/www.kapi.ltd\\\/mk\\\/\"},{\"@type\":\"ListItem\",\"position\":2,\"name\":\"ic-kapi-celik-kapi-modelleri\",\"item\":\"https:\\\/\\\/www.kapi.ltd\\\/?page_id=4263\"},{\"@type\":\"ListItem\",\"position\":3,\"name\":\"\u0130\u00e7 Kap\u0131 Modeli\"}]},{\"@type\":\"WebSite\",\"@id\":\"https:\\\/\\\/www.kapi.ltd\\\/mk\\\/#website\",\"url\":\"https:\\\/\\\/www.kapi.ltd\\\/mk\\\/\",\"name\":\"\u0130\u00e7 Kap\u0131 Ve \u00c7elik Kap\u0131 Modelleri\",\"description\":\"T\u00fcrkiye Kap\u0131 Modelleri Merkezi\",\"potentialAction\":[{\"@type\":\"SearchAction\",\"target\":{\"@type\":\"EntryPoint\",\"urlTemplate\":\"https:\\\/\\\/www.kapi.ltd\\\/mk\\\/?s={search_term_string}\"},\"query-input\":{\"@type\":\"PropertyValueSpecification\",\"valueRequired\":true,\"valueName\":\"search_term_string\"}}],\"inLanguage\":\"mk-MK\"}]}<\/script>\n<!-- \/ Yoast SEO Premium plugin. -->","yoast_head_json":{"title":"\u0130\u00e7 Kap\u0131 Modeli - \u0130\u00e7 Oda Kap\u0131lar\u0131 - \u00c7elik kap\u0131 modelleri - apartman kap\u0131lar\u0131","robots":{"index":"index","follow":"follow","max-snippet":"max-snippet:-1","max-image-preview":"max-image-preview:large","max-video-preview":"max-video-preview:-1"},"canonical":"https:\/\/www.kapi.ltd\/mk\/urun\/ic-kapi-modeli\/","og_locale":"mk_MK","og_type":"article","og_title":"\u0130\u00e7 Kap\u0131 Modeli","og_description":"Modern tasar\u0131ma sahip bu kap\u0131 modeli, hem lake kap\u0131 modeli hem de membran kap\u0131 modeli olarak \u00fcretilebilen, estetik a\u00e7\u0131dan zarif ve fonksiyonel bir oda kap\u0131 modelidir. Her iki se\u00e7enek de, \u015f\u0131kl\u0131\u011f\u0131 ve dayan\u0131kl\u0131l\u0131\u011f\u0131 bir arada sunarak, ya\u015fam alanlar\u0131n\u0131za de\u011fer katman\u0131za yard\u0131mc\u0131 olur. Evdeki her mekan i\u00e7in ideal bir tercih olan bu kap\u0131 modeli, \u00e7e\u015fitli dekorasyon","og_url":"https:\/\/www.kapi.ltd\/mk\/urun\/ic-kapi-modeli\/","og_site_name":"\u0130\u00e7 Oda Kap\u0131lar\u0131 - \u00c7elik kap\u0131 modelleri - apartman kap\u0131lar\u0131","article_modified_time":"2026-01-16T09:55:32+00:00","og_image":[{"width":650,"height":975,"url":"https:\/\/www.kapi.ltd\/wp-content\/uploads\/2025\/10\/ic-kapi-modeli.webp","type":"image\/webp"}],"twitter_card":"summary_large_image","twitter_misc":{"Est. reading time":"2 \u043c\u0438\u043d\u0443\u0442\u0438"},"schema":{"@context":"https:\/\/schema.org","@graph":[{"@type":"WebPage","@id":"https:\/\/www.kapi.ltd\/mk\/urun\/ic-kapi-modeli\/","url":"https:\/\/www.kapi.ltd\/mk\/urun\/ic-kapi-modeli\/","name":"\u0130\u00e7 Kap\u0131 Modeli - \u0130\u00e7 Oda Kap\u0131lar\u0131 - \u00c7elik kap\u0131 modelleri - apartman kap\u0131lar\u0131","isPartOf":{"@id":"https:\/\/www.kapi.ltd\/mk\/#website"},"primaryImageOfPage":{"@id":"https:\/\/www.kapi.ltd\/mk\/urun\/ic-kapi-modeli\/#primaryimage"},"image":{"@id":"https:\/\/www.kapi.ltd\/mk\/urun\/ic-kapi-modeli\/#primaryimage"},"thumbnailUrl":"https:\/\/www.kapi.ltd\/wp-content\/uploads\/2025\/10\/ic-kapi-modeli.webp","datePublished":"2025-10-01T21:07:23+00:00","dateModified":"2026-01-16T09:55:32+00:00","breadcrumb":{"@id":"https:\/\/www.kapi.ltd\/mk\/urun\/ic-kapi-modeli\/#breadcrumb"},"inLanguage":"mk-MK","potentialAction":[{"@type":"ReadAction","target":["https:\/\/www.kapi.ltd\/mk\/urun\/ic-kapi-modeli\/"]}]},{"@type":"ImageObject","inLanguage":"mk-MK","@id":"https:\/\/www.kapi.ltd\/mk\/urun\/ic-kapi-modeli\/#primaryimage","url":"https:\/\/www.kapi.ltd\/wp-content\/uploads\/2025\/10\/ic-kapi-modeli.webp","contentUrl":"https:\/\/www.kapi.ltd\/wp-content\/uploads\/2025\/10\/ic-kapi-modeli.webp","width":650,"height":975,"caption":"i\u00e7 kap\u0131 modeli"},{"@type":"BreadcrumbList","@id":"https:\/\/www.kapi.ltd\/mk\/urun\/ic-kapi-modeli\/#breadcrumb","itemListElement":[{"@type":"ListItem","position":1,"name":"Anasayfa","item":"https:\/\/www.kapi.ltd\/mk\/"},{"@type":"ListItem","position":2,"name":"ic-kapi-celik-kapi-modelleri","item":"https:\/\/www.kapi.ltd\/?page_id=4263"},{"@type":"ListItem","position":3,"name":"\u0130\u00e7 Kap\u0131 Modeli"}]},{"@type":"WebSite","@id":"https:\/\/www.kapi.ltd\/mk\/#website","url":"https:\/\/www.kapi.ltd\/mk\/","name":"\u0130\u00e7 Kap\u0131 Ve \u00c7elik Kap\u0131 Modelleri","description":"T\u00fcrkiye Kap\u0131 Modelleri Merkezi","potentialAction":[{"@type":"SearchAction","target":{"@type":"EntryPoint","urlTemplate":"https:\/\/www.kapi.ltd\/mk\/?s={search_term_string}"},"query-input":{"@type":"PropertyValueSpecification","valueRequired":true,"valueName":"search_term_string"}}],"inLanguage":"mk-MK"}]}},"_links":{"self":[{"href":"https:\/\/www.kapi.ltd\/mk\/wp-json\/wp\/v2\/product\/8829","targetHints":{"allow":["GET"]}}],"collection":[{"href":"https:\/\/www.kapi.ltd\/mk\/wp-json\/wp\/v2\/product"}],"about":[{"href":"https:\/\/www.kapi.ltd\/mk\/wp-json\/wp\/v2\/types\/product"}],"version-history":[{"count":0,"href":"https:\/\/www.kapi.ltd\/mk\/wp-json\/wp\/v2\/product\/8829\/revisions"}],"wp:featuredmedia":[{"embeddable":true,"href":"https:\/\/www.kapi.ltd\/mk\/wp-json\/wp\/v2\/media\/8830"}],"wp:attachment":[{"href":"https:\/\/www.kapi.ltd\/mk\/wp-json\/wp\/v2\/media?parent=8829"}],"wp:term":[{"taxonomy":"product_brand","embeddable":true,"href":"https:\/\/www.kapi.ltd\/mk\/wp-json\/wp\/v2\/product_brand?post=8829"},{"taxonomy":"product_cat","embeddable":true,"href":"https:\/\/www.kapi.ltd\/mk\/wp-json\/wp\/v2\/product_cat?post=8829"},{"taxonomy":"product_tag","embeddable":true,"href":"https:\/\/www.kapi.ltd\/mk\/wp-json\/wp\/v2\/product_tag?post=8829"}],"curies":[{"name":"wp","href":"https:\/\/api.w.org\/{rel}","templated":true}]}}