{"id":7714,"date":"2025-11-28T21:07:11","date_gmt":"2025-11-28T18:07:11","guid":{"rendered":"https:\/\/www.kapi.ltd\/urun\/kompozit-giris-kapisi\/"},"modified":"2025-11-28T21:07:11","modified_gmt":"2025-11-28T18:07:11","slug":"kompozit-giris-kapisi","status":"publish","type":"product","link":"https:\/\/www.kapi.ltd\/mk\/urun\/kompozit-giris-kapisi\/","title":{"rendered":"Kompozit giri\u015f kap\u0131s\u0131"},"content":{"rendered":"<p data-start=\"0\" data-end=\"65\"><strong data-start=\"0\" data-end=\"65\">Kompozit Giri\u015f Kap\u0131s\u0131: Dayan\u0131kl\u0131 ve Estetik D\u0131\u015f Kap\u0131 Se\u00e7ene\u011fi<\/strong><\/p>\n<p data-start=\"67\" data-end=\"618\">Evlerimizin g\u00fcvenli\u011fi ve esteti\u011fi a\u00e7\u0131s\u0131ndan d\u0131\u015f kap\u0131lar b\u00fcy\u00fck bir \u00f6neme sahiptir. Ancak, zamanla d\u0131\u015f kap\u0131lar\u0131n maruz kald\u0131\u011f\u0131 hava ko\u015fullar\u0131, \u00f6zellikle g\u00fcne\u015f \u0131\u015f\u0131\u011f\u0131, nem ve yo\u011fun ya\u011fmur, kap\u0131lar\u0131n g\u00f6r\u00fcn\u00fcm\u00fcn\u00fc olumsuz y\u00f6nde etkileyebilir. \u0130\u015fte tam bu noktada kompozit kap\u0131lar devreye giriyor. <strong data-start=\"356\" data-end=\"381\">Kompozit giri\u015f kap\u0131s\u0131<\/strong>, <strong data-start=\"383\" data-end=\"404\">kompozit d\u0131\u015f kap\u0131<\/strong> ve <strong data-start=\"408\" data-end=\"428\">kompozit \u00f6n kap\u0131<\/strong> modelleri, dayan\u0131kl\u0131l\u0131klar\u0131 ve estetik g\u00f6r\u00fcn\u00fcmleriyle uzun y\u0131llar boyunca ilk g\u00fcnk\u00fc gibi kalabilirler. Peki, kompozit kap\u0131lar neden tercih edilmelidir? Gelin, bu soruya birlikte g\u00f6z atal\u0131m.<\/p>\n<h3 data-start=\"620\" data-end=\"644\">Kompozit Kap\u0131 Nedir?<\/h3>\n<p data-start=\"646\" data-end=\"1075\"><strong data-start=\"646\" data-end=\"666\">Kompozit kap\u0131lar<\/strong>, y\u00fcksek kaliteli malzemelerin birle\u015fimiyle \u00fcretilen kap\u0131lard\u0131r. Kompozit, farkl\u0131 malzemelerin bir araya gelmesiyle elde edilen bir yap\u0131d\u0131r ve bu sayede kap\u0131lar daha dayan\u0131kl\u0131, hafif ve estetik g\u00f6r\u00fcn\u00fcml\u00fc olur. Bu t\u00fcr kap\u0131lar, genellikle i\u00e7eri\u011finde ah\u015fap, PVC, cam elyaf\u0131, polimerler gibi malzemeler bulunur. Kompozit kap\u0131, sa\u011flam yap\u0131s\u0131 ve y\u00fcksek dayan\u0131kl\u0131l\u0131\u011f\u0131 ile d\u0131\u015f mekanlar i\u00e7in m\u00fckemmel bir tercih sunar.<\/p>\n<h3 data-start=\"1077\" data-end=\"1120\">Kompozit Kap\u0131lar\u0131n G\u00fcne\u015fe Dayan\u0131kl\u0131l\u0131\u011f\u0131<\/h3>\n<p data-start=\"1122\" data-end=\"1692\">Kompozit kap\u0131lar\u0131n en b\u00fcy\u00fck avantajlar\u0131ndan biri, <strong data-start=\"1172\" data-end=\"1217\">g\u00fcne\u015f \u0131\u015f\u0131\u011f\u0131na kar\u015f\u0131 dayan\u0131kl\u0131 olmalar\u0131d\u0131r<\/strong>. G\u00fcne\u015fin zararl\u0131 ultraviyole (UV) \u0131\u015f\u0131nlar\u0131, zamanla kap\u0131lar\u0131n renginin solmas\u0131na ve malzemenin y\u0131pranmas\u0131na neden olabilir. Ancak kompozit kap\u0131lar, \u00f6zel y\u00fczey kaplama teknolojisi sayesinde bu t\u00fcr d\u0131\u015f etkilere kar\u015f\u0131 olduk\u00e7a diren\u00e7lidir. Bu sayede, <strong data-start=\"1465\" data-end=\"1490\">kompozit giri\u015f kap\u0131s\u0131<\/strong> ya da <strong data-start=\"1497\" data-end=\"1518\">kompozit d\u0131\u015f kap\u0131<\/strong> uzun y\u0131llar boyunca g\u00fcne\u015f \u0131\u015f\u0131\u011f\u0131ndan etkilenmeden estetik g\u00f6r\u00fcn\u00fcmlerini korur. Kompozit kap\u0131 modelleri, s\u0131cakl\u0131k de\u011fi\u015fimlerine kar\u015f\u0131 da dayan\u0131kl\u0131d\u0131r ve zamanla deforme olmaz.<\/p>\n<h3 data-start=\"1694\" data-end=\"1732\">Nem ve Ya\u011fmura Kar\u015f\u0131 Y\u00fcksek Diren\u00e7<\/h3>\n<p data-start=\"1734\" data-end=\"2267\">D\u0131\u015f mekan kap\u0131lar\u0131, \u00f6zellikle nemli ve ya\u011f\u0131\u015fl\u0131 b\u00f6lgelerde kullan\u0131lan kap\u0131lar, genellikle zamanla \u015fi\u015fer, kabar\u0131r veya \u00e7\u00fcr\u00fcr. Kompozit kap\u0131lar, <strong data-start=\"1876\" data-end=\"1933\">nemden ve yo\u011fun ya\u011fmurdan etkilenmeyen \u00f6zellikleriyle<\/strong> bu t\u00fcr olumsuz ko\u015fullara kar\u015f\u0131 olduk\u00e7a dayan\u0131kl\u0131d\u0131r. Suya kar\u015f\u0131 g\u00f6sterdi\u011fi diren\u00e7, <strong data-start=\"2017\" data-end=\"2038\">kompozit d\u0131\u015f kap\u0131<\/strong> modellerinin uzun \u00f6m\u00fcrl\u00fc olmas\u0131n\u0131 sa\u011flar. Ah\u015fap kap\u0131larda ya\u015fanan \u015fi\u015fme, \u00e7atlama ya da kabarma gibi sorunlar kompozit kap\u0131larda g\u00f6r\u00fclmez. Bu nedenle, nemin fazla oldu\u011fu b\u00f6lgelerde, kompozit kap\u0131lar m\u00fckemmel bir tercih olacakt\u0131r.<\/p>\n<h3 data-start=\"2269\" data-end=\"2303\">Uzun \u00d6m\u00fcrl\u00fc ve Estetik G\u00f6r\u00fcn\u00fcm<\/h3>\n<p data-start=\"2305\" data-end=\"2821\">Kompozit kap\u0131lar, sadece dayan\u0131kl\u0131 olmakla kalmaz, ayn\u0131 zamanda <strong data-start=\"2369\" data-end=\"2412\">estetik a\u00e7\u0131dan da olduk\u00e7a \u015f\u0131k ve modern<\/strong> bir g\u00f6r\u00fcn\u00fcme sahiptir. Farkl\u0131 renk ve desen se\u00e7enekleriyle ki\u015fisel zevklere hitap eder ve her t\u00fcrl\u00fc mimari tarza uyum sa\u011flar. Kompozit kap\u0131lar, d\u0131\u015f mekanlarda sadece g\u00fcvenli\u011fi sa\u011flamakla kalmaz, ayn\u0131 zamanda evin d\u0131\u015f cephesine \u015f\u0131kl\u0131k katmak i\u00e7in de m\u00fckemmel bir se\u00e7enektir. <strong data-start=\"2687\" data-end=\"2707\">Kompozit \u00f6n kap\u0131<\/strong> ve <strong data-start=\"2711\" data-end=\"2736\">kompozit giri\u015f kap\u0131s\u0131<\/strong> modelleri, ev sahiplerine uzun \u00f6m\u00fcrl\u00fc ve estetik a\u00e7\u0131dan tatmin edici \u00e7\u00f6z\u00fcmler sunar.<\/p>\n<h3 data-start=\"2823\" data-end=\"2857\">Kompozit Kap\u0131lar\u0131n Avantajlar\u0131<\/h3>\n<ol data-start=\"2859\" data-end=\"3485\">\n<li data-start=\"2859\" data-end=\"3018\">\n<p data-start=\"2862\" data-end=\"3018\"><strong data-start=\"2862\" data-end=\"2890\">Uzun S\u00fcreli Dayan\u0131kl\u0131l\u0131k<\/strong>: Kompozit \u00e7elik kap\u0131lar, g\u00fcne\u015f \u0131\u015f\u0131\u011f\u0131, nem ve ya\u011fmur gibi olumsuz hava ko\u015fullar\u0131na kar\u015f\u0131 dayan\u0131kl\u0131d\u0131r. Zamanla renginde de\u011fi\u015fim olmaz.<\/p>\n<\/li>\n<li data-start=\"3019\" data-end=\"3184\">\n<p data-start=\"3022\" data-end=\"3184\"><strong data-start=\"3022\" data-end=\"3049\">D\u00fc\u015f\u00fck Bak\u0131m Gereksinimi<\/strong>: Kompozit kap\u0131lar, ah\u015fap gibi malzemelere g\u00f6re \u00e7ok daha az bak\u0131m gerektirir. Periyodik bak\u0131m ve onar\u0131m maliyetlerini minimuma indirir.<\/p>\n<\/li>\n<li data-start=\"3185\" data-end=\"3280\">\n<p data-start=\"3188\" data-end=\"3280\"><strong data-start=\"3188\" data-end=\"3207\">Estetik G\u00f6r\u00fcn\u00fcm<\/strong>: Farkl\u0131 tasar\u0131mlar ve renk se\u00e7enekleri ile evinize zarif bir hava katar.<\/p>\n<\/li>\n<li data-start=\"3281\" data-end=\"3376\">\n<p data-start=\"3284\" data-end=\"3376\"><strong data-start=\"3284\" data-end=\"3299\">\u00c7evre Dostu<\/strong>: Kompozit kap\u0131lar, do\u011fada zararl\u0131 etkiler b\u0131rakmayan malzemelerden \u00fcretilir.<\/p>\n<\/li>\n<li data-start=\"3377\" data-end=\"3485\">\n<p data-start=\"3380\" data-end=\"3485\"><strong data-start=\"3380\" data-end=\"3399\">Y\u00fcksek G\u00fcvenlik<\/strong>: Kompozit \u00e7elik kap\u0131lar, sa\u011flam yap\u0131lar\u0131 sayesinde h\u0131rs\u0131zlara kar\u015f\u0131 ekstra g\u00fcvenlik sa\u011flar.<\/p>\n<\/li>\n<\/ol>\n<h3 data-start=\"3487\" data-end=\"3514\">Kompozit Kap\u0131 Fiyatlar\u0131<\/h3>\n<p data-start=\"3516\" data-end=\"3901\">Kompozit kap\u0131lar\u0131n fiyatlar\u0131, kullan\u0131lan malzeme kalitesine, tasar\u0131m\u0131na ve boyutlar\u0131na ba\u011fl\u0131 olarak de\u011fi\u015fiklik g\u00f6sterir. Ancak, uzun vadede dayan\u0131kl\u0131l\u0131\u011f\u0131 ve d\u00fc\u015f\u00fck bak\u0131m gereksinimi d\u00fc\u015f\u00fcn\u00fcld\u00fc\u011f\u00fcnde, kompozit kap\u0131lar ekonomik bir \u00e7\u00f6z\u00fcm olarak \u00f6ne \u00e7\u0131kar. <strong data-start=\"3767\" data-end=\"3788\">Kompozit d\u0131\u015f \u00e7elik kap\u0131lar<\/strong> ve <strong data-start=\"3792\" data-end=\"3817\">kompozit giri\u015f kap\u0131s\u0131<\/strong> modellerinin fiyat-performans oran\u0131, geleneksel kap\u0131lara g\u00f6re olduk\u00e7a avantajl\u0131d\u0131r.<\/p>\n<h3 data-start=\"3903\" data-end=\"3912\">Sonu\u00e7<\/h3>\n<p data-start=\"3914\" data-end=\"4456\" data-is-last-node=\"\" data-is-only-node=\"\">G\u00fcvenlik, estetik ve dayan\u0131kl\u0131l\u0131k a\u00e7\u0131s\u0131ndan <strong data-start=\"3958\" data-end=\"3978\">kompozit kap\u0131lar<\/strong>, ev sahiplerinin tercih etmesi gereken modern bir se\u00e7enektir. <strong data-start=\"4041\" data-end=\"4066\">Kompozit giri\u015f kap\u0131s\u0131<\/strong>, <strong data-start=\"4068\" data-end=\"4089\">kompozit d\u0131\u015f kap\u0131<\/strong> ve <strong data-start=\"4093\" data-end=\"4113\">kompozit \u00f6n kap\u0131<\/strong> modelleri, g\u00fcne\u015fin zararl\u0131 etkilerinden, nemden ve yo\u011fun ya\u011fmurdan etkilenmeyen yap\u0131lar\u0131yla uzun y\u0131llar boyunca kullan\u0131ma uygundur. Ayr\u0131ca, estetik g\u00f6r\u00fcn\u00fcmleriyle de evlerin d\u0131\u015f mekanlar\u0131n\u0131 g\u00fczelle\u015ftirir. E\u011fer uzun \u00f6m\u00fcrl\u00fc, d\u00fc\u015f\u00fck bak\u0131m gerektiren, \u015f\u0131k ve g\u00fcvenli bir d\u0131\u015f kap\u0131 aray\u0131\u015f\u0131ndaysan\u0131z, kompozit kap\u0131lar tam arad\u0131\u011f\u0131n\u0131z se\u00e7enek olabilir.<\/p>\n","protected":false},"excerpt":{"rendered":"<p>Kompozit Giri\u015f Kap\u0131s\u0131: Dayan\u0131kl\u0131 ve Estetik D\u0131\u015f Kap\u0131 Se\u00e7ene\u011fi Evlerimizin g\u00fcvenli\u011fi ve esteti\u011fi a\u00e7\u0131s\u0131ndan d\u0131\u015f kap\u0131lar b\u00fcy\u00fck bir \u00f6neme sahiptir. Ancak, zamanla d\u0131\u015f kap\u0131lar\u0131n maruz kald\u0131\u011f\u0131 hava ko\u015fullar\u0131, \u00f6zellikle g\u00fcne\u015f \u0131\u015f\u0131\u011f\u0131, nem ve yo\u011fun ya\u011fmur, kap\u0131lar\u0131n g\u00f6r\u00fcn\u00fcm\u00fcn\u00fc olumsuz y\u00f6nde etkileyebilir. \u0130\u015fte tam bu noktada kompozit kap\u0131lar devreye giriyor. Kompozit giri\u015f kap\u0131s\u0131, kompozit d\u0131\u015f kap\u0131 ve<\/p>\n","protected":false},"featured_media":7715,"template":"","meta":{"_bbp_topic_count":0,"_bbp_reply_count":0,"_bbp_total_topic_count":0,"_bbp_total_reply_count":0,"_bbp_voice_count":0,"_bbp_anonymous_reply_count":0,"_bbp_topic_count_hidden":0,"_bbp_reply_count_hidden":0,"_bbp_forum_subforum_count":0},"product_brand":[],"product_cat":[1054],"product_tag":[1073],"class_list":{"0":"post-7714","1":"product","2":"type-product","3":"status-publish","4":"has-post-thumbnail","6":"product_cat-1054","7":"product_tag-kompozit-giris-kapilari","9":"first","10":"instock","11":"shipping-taxable","12":"product-type-simple","13":"prodpage-classic"},"yoast_head":"<!-- This site is optimized with the Yoast SEO Premium plugin v26.6 (Yoast SEO v27.5) - https:\/\/yoast.com\/product\/yoast-seo-premium-wordpress\/ -->\n<title>Siyah \u00c7elik Kap\u0131 - Caml\u0131 \u00c7elik Kap\u0131 - caml\u0131 d\u0131\u015f \u00e7elik kap\u0131<\/title>\n<meta name=\"description\" content=\"Siyah \u00e7elik kap\u0131, caml\u0131 \u00e7elik kap\u0131 ve caml\u0131 d\u0131\u015f \u00e7elik kap\u0131lar ile apartman giri\u015f g\u00fcvenli\u011finizi art\u0131r\u0131n. modern g\u00fcvenlik \u00f6zellikleriyle m\u00fckemmel \u00e7\u00f6z\u00fcmler\" \/>\n<meta name=\"robots\" content=\"index, follow, max-snippet:-1, max-image-preview:large, max-video-preview:-1\" \/>\n<link rel=\"canonical\" href=\"https:\/\/www.kapi.ltd\/mk\/urun\/kompozit-giris-kapisi\/\" \/>\n<meta property=\"og:locale\" content=\"mk_MK\" \/>\n<meta property=\"og:type\" content=\"article\" \/>\n<meta property=\"og:title\" content=\"Kompozit giri\u015f kap\u0131s\u0131\" \/>\n<meta property=\"og:description\" content=\"Siyah \u00e7elik kap\u0131, caml\u0131 \u00e7elik kap\u0131 ve caml\u0131 d\u0131\u015f \u00e7elik kap\u0131lar ile apartman giri\u015f g\u00fcvenli\u011finizi art\u0131r\u0131n. modern g\u00fcvenlik \u00f6zellikleriyle m\u00fckemmel \u00e7\u00f6z\u00fcmler\" \/>\n<meta property=\"og:url\" content=\"https:\/\/www.kapi.ltd\/mk\/urun\/kompozit-giris-kapisi\/\" \/>\n<meta property=\"og:site_name\" content=\"\u0130\u00e7 Oda Kap\u0131lar\u0131 - \u00c7elik kap\u0131 modelleri - apartman kap\u0131lar\u0131\" \/>\n<meta property=\"og:image\" content=\"https:\/\/www.kapi.ltd\/wp-content\/uploads\/2025\/11\/kompozit-giris-kapisi.webp\" \/>\n\t<meta property=\"og:image:width\" content=\"650\" \/>\n\t<meta property=\"og:image:height\" content=\"975\" \/>\n\t<meta property=\"og:image:type\" content=\"image\/webp\" \/>\n<meta name=\"twitter:card\" content=\"summary_large_image\" \/>\n<meta name=\"twitter:label1\" content=\"Est. reading time\" \/>\n\t<meta name=\"twitter:data1\" content=\"4 \u043c\u0438\u043d\u0443\u0442\u0438\" \/>\n<script type=\"application\/ld+json\" class=\"yoast-schema-graph\">{\"@context\":\"https:\\\/\\\/schema.org\",\"@graph\":[{\"@type\":\"WebPage\",\"@id\":\"https:\\\/\\\/www.kapi.ltd\\\/mk\\\/urun\\\/kompozit-giris-kapisi\\\/\",\"url\":\"https:\\\/\\\/www.kapi.ltd\\\/mk\\\/urun\\\/kompozit-giris-kapisi\\\/\",\"name\":\"Siyah \u00c7elik Kap\u0131 - Caml\u0131 \u00c7elik Kap\u0131 - caml\u0131 d\u0131\u015f \u00e7elik kap\u0131\",\"isPartOf\":{\"@id\":\"https:\\\/\\\/www.kapi.ltd\\\/mk\\\/#website\"},\"primaryImageOfPage\":{\"@id\":\"https:\\\/\\\/www.kapi.ltd\\\/mk\\\/urun\\\/kompozit-giris-kapisi\\\/#primaryimage\"},\"image\":{\"@id\":\"https:\\\/\\\/www.kapi.ltd\\\/mk\\\/urun\\\/kompozit-giris-kapisi\\\/#primaryimage\"},\"thumbnailUrl\":\"https:\\\/\\\/www.kapi.ltd\\\/wp-content\\\/uploads\\\/2025\\\/11\\\/kompozit-giris-kapisi.webp\",\"datePublished\":\"2025-11-28T18:07:11+00:00\",\"description\":\"Siyah \u00e7elik kap\u0131, caml\u0131 \u00e7elik kap\u0131 ve caml\u0131 d\u0131\u015f \u00e7elik kap\u0131lar ile apartman giri\u015f g\u00fcvenli\u011finizi art\u0131r\u0131n. modern g\u00fcvenlik \u00f6zellikleriyle m\u00fckemmel \u00e7\u00f6z\u00fcmler\",\"breadcrumb\":{\"@id\":\"https:\\\/\\\/www.kapi.ltd\\\/mk\\\/urun\\\/kompozit-giris-kapisi\\\/#breadcrumb\"},\"inLanguage\":\"mk-MK\",\"potentialAction\":[{\"@type\":\"ReadAction\",\"target\":[\"https:\\\/\\\/www.kapi.ltd\\\/mk\\\/urun\\\/kompozit-giris-kapisi\\\/\"]}]},{\"@type\":\"ImageObject\",\"inLanguage\":\"mk-MK\",\"@id\":\"https:\\\/\\\/www.kapi.ltd\\\/mk\\\/urun\\\/kompozit-giris-kapisi\\\/#primaryimage\",\"url\":\"https:\\\/\\\/www.kapi.ltd\\\/wp-content\\\/uploads\\\/2025\\\/11\\\/kompozit-giris-kapisi.webp\",\"contentUrl\":\"https:\\\/\\\/www.kapi.ltd\\\/wp-content\\\/uploads\\\/2025\\\/11\\\/kompozit-giris-kapisi.webp\",\"width\":650,\"height\":975,\"caption\":\"kompozit giri\u015f kap\u0131lar\u0131\"},{\"@type\":\"BreadcrumbList\",\"@id\":\"https:\\\/\\\/www.kapi.ltd\\\/mk\\\/urun\\\/kompozit-giris-kapisi\\\/#breadcrumb\",\"itemListElement\":[{\"@type\":\"ListItem\",\"position\":1,\"name\":\"Anasayfa\",\"item\":\"https:\\\/\\\/www.kapi.ltd\\\/mk\\\/\"},{\"@type\":\"ListItem\",\"position\":2,\"name\":\"ic-kapi-celik-kapi-modelleri\",\"item\":\"https:\\\/\\\/www.kapi.ltd\\\/?page_id=4263\"},{\"@type\":\"ListItem\",\"position\":3,\"name\":\"Kompozit giri\u015f kap\u0131s\u0131\"}]},{\"@type\":\"WebSite\",\"@id\":\"https:\\\/\\\/www.kapi.ltd\\\/mk\\\/#website\",\"url\":\"https:\\\/\\\/www.kapi.ltd\\\/mk\\\/\",\"name\":\"\u0130\u00e7 Kap\u0131 Ve \u00c7elik Kap\u0131 Modelleri\",\"description\":\"T\u00fcrkiye Kap\u0131 Modelleri Merkezi\",\"potentialAction\":[{\"@type\":\"SearchAction\",\"target\":{\"@type\":\"EntryPoint\",\"urlTemplate\":\"https:\\\/\\\/www.kapi.ltd\\\/mk\\\/?s={search_term_string}\"},\"query-input\":{\"@type\":\"PropertyValueSpecification\",\"valueRequired\":true,\"valueName\":\"search_term_string\"}}],\"inLanguage\":\"mk-MK\"}]}<\/script>\n<!-- \/ Yoast SEO Premium plugin. -->","yoast_head_json":{"title":"Siyah \u00c7elik Kap\u0131 - Caml\u0131 \u00c7elik Kap\u0131 - caml\u0131 d\u0131\u015f \u00e7elik kap\u0131","description":"Siyah \u00e7elik kap\u0131, caml\u0131 \u00e7elik kap\u0131 ve caml\u0131 d\u0131\u015f \u00e7elik kap\u0131lar ile apartman giri\u015f g\u00fcvenli\u011finizi art\u0131r\u0131n. modern g\u00fcvenlik \u00f6zellikleriyle m\u00fckemmel \u00e7\u00f6z\u00fcmler","robots":{"index":"index","follow":"follow","max-snippet":"max-snippet:-1","max-image-preview":"max-image-preview:large","max-video-preview":"max-video-preview:-1"},"canonical":"https:\/\/www.kapi.ltd\/mk\/urun\/kompozit-giris-kapisi\/","og_locale":"mk_MK","og_type":"article","og_title":"Kompozit giri\u015f kap\u0131s\u0131","og_description":"Siyah \u00e7elik kap\u0131, caml\u0131 \u00e7elik kap\u0131 ve caml\u0131 d\u0131\u015f \u00e7elik kap\u0131lar ile apartman giri\u015f g\u00fcvenli\u011finizi art\u0131r\u0131n. modern g\u00fcvenlik \u00f6zellikleriyle m\u00fckemmel \u00e7\u00f6z\u00fcmler","og_url":"https:\/\/www.kapi.ltd\/mk\/urun\/kompozit-giris-kapisi\/","og_site_name":"\u0130\u00e7 Oda Kap\u0131lar\u0131 - \u00c7elik kap\u0131 modelleri - apartman kap\u0131lar\u0131","og_image":[{"width":650,"height":975,"url":"https:\/\/www.kapi.ltd\/wp-content\/uploads\/2025\/11\/kompozit-giris-kapisi.webp","type":"image\/webp"}],"twitter_card":"summary_large_image","twitter_misc":{"Est. reading time":"4 \u043c\u0438\u043d\u0443\u0442\u0438"},"schema":{"@context":"https:\/\/schema.org","@graph":[{"@type":"WebPage","@id":"https:\/\/www.kapi.ltd\/mk\/urun\/kompozit-giris-kapisi\/","url":"https:\/\/www.kapi.ltd\/mk\/urun\/kompozit-giris-kapisi\/","name":"Siyah \u00c7elik Kap\u0131 - Caml\u0131 \u00c7elik Kap\u0131 - caml\u0131 d\u0131\u015f \u00e7elik kap\u0131","isPartOf":{"@id":"https:\/\/www.kapi.ltd\/mk\/#website"},"primaryImageOfPage":{"@id":"https:\/\/www.kapi.ltd\/mk\/urun\/kompozit-giris-kapisi\/#primaryimage"},"image":{"@id":"https:\/\/www.kapi.ltd\/mk\/urun\/kompozit-giris-kapisi\/#primaryimage"},"thumbnailUrl":"https:\/\/www.kapi.ltd\/wp-content\/uploads\/2025\/11\/kompozit-giris-kapisi.webp","datePublished":"2025-11-28T18:07:11+00:00","description":"Siyah \u00e7elik kap\u0131, caml\u0131 \u00e7elik kap\u0131 ve caml\u0131 d\u0131\u015f \u00e7elik kap\u0131lar ile apartman giri\u015f g\u00fcvenli\u011finizi art\u0131r\u0131n. modern g\u00fcvenlik \u00f6zellikleriyle m\u00fckemmel \u00e7\u00f6z\u00fcmler","breadcrumb":{"@id":"https:\/\/www.kapi.ltd\/mk\/urun\/kompozit-giris-kapisi\/#breadcrumb"},"inLanguage":"mk-MK","potentialAction":[{"@type":"ReadAction","target":["https:\/\/www.kapi.ltd\/mk\/urun\/kompozit-giris-kapisi\/"]}]},{"@type":"ImageObject","inLanguage":"mk-MK","@id":"https:\/\/www.kapi.ltd\/mk\/urun\/kompozit-giris-kapisi\/#primaryimage","url":"https:\/\/www.kapi.ltd\/wp-content\/uploads\/2025\/11\/kompozit-giris-kapisi.webp","contentUrl":"https:\/\/www.kapi.ltd\/wp-content\/uploads\/2025\/11\/kompozit-giris-kapisi.webp","width":650,"height":975,"caption":"kompozit giri\u015f kap\u0131lar\u0131"},{"@type":"BreadcrumbList","@id":"https:\/\/www.kapi.ltd\/mk\/urun\/kompozit-giris-kapisi\/#breadcrumb","itemListElement":[{"@type":"ListItem","position":1,"name":"Anasayfa","item":"https:\/\/www.kapi.ltd\/mk\/"},{"@type":"ListItem","position":2,"name":"ic-kapi-celik-kapi-modelleri","item":"https:\/\/www.kapi.ltd\/?page_id=4263"},{"@type":"ListItem","position":3,"name":"Kompozit giri\u015f kap\u0131s\u0131"}]},{"@type":"WebSite","@id":"https:\/\/www.kapi.ltd\/mk\/#website","url":"https:\/\/www.kapi.ltd\/mk\/","name":"\u0130\u00e7 Kap\u0131 Ve \u00c7elik Kap\u0131 Modelleri","description":"T\u00fcrkiye Kap\u0131 Modelleri Merkezi","potentialAction":[{"@type":"SearchAction","target":{"@type":"EntryPoint","urlTemplate":"https:\/\/www.kapi.ltd\/mk\/?s={search_term_string}"},"query-input":{"@type":"PropertyValueSpecification","valueRequired":true,"valueName":"search_term_string"}}],"inLanguage":"mk-MK"}]}},"_links":{"self":[{"href":"https:\/\/www.kapi.ltd\/mk\/wp-json\/wp\/v2\/product\/7714","targetHints":{"allow":["GET"]}}],"collection":[{"href":"https:\/\/www.kapi.ltd\/mk\/wp-json\/wp\/v2\/product"}],"about":[{"href":"https:\/\/www.kapi.ltd\/mk\/wp-json\/wp\/v2\/types\/product"}],"version-history":[{"count":0,"href":"https:\/\/www.kapi.ltd\/mk\/wp-json\/wp\/v2\/product\/7714\/revisions"}],"wp:featuredmedia":[{"embeddable":true,"href":"https:\/\/www.kapi.ltd\/mk\/wp-json\/wp\/v2\/media\/7715"}],"wp:attachment":[{"href":"https:\/\/www.kapi.ltd\/mk\/wp-json\/wp\/v2\/media?parent=7714"}],"wp:term":[{"taxonomy":"product_brand","embeddable":true,"href":"https:\/\/www.kapi.ltd\/mk\/wp-json\/wp\/v2\/product_brand?post=7714"},{"taxonomy":"product_cat","embeddable":true,"href":"https:\/\/www.kapi.ltd\/mk\/wp-json\/wp\/v2\/product_cat?post=7714"},{"taxonomy":"product_tag","embeddable":true,"href":"https:\/\/www.kapi.ltd\/mk\/wp-json\/wp\/v2\/product_tag?post=7714"}],"curies":[{"name":"wp","href":"https:\/\/api.w.org\/{rel}","templated":true}]}}