{"id":6569,"date":"2025-10-30T12:25:12","date_gmt":"2025-10-30T09:25:12","guid":{"rendered":"https:\/\/www.kapi.ltd\/urun\/turkiye-steel-door-model\/"},"modified":"2025-10-30T12:25:12","modified_gmt":"2025-10-30T09:25:12","slug":"turkiye-steel-door-model","status":"publish","type":"product","link":"https:\/\/www.kapi.ltd\/mk\/urun\/turkiye-steel-door-model\/","title":{"rendered":"T\u00fcrkiye Steel Door Model"},"content":{"rendered":"<h3 data-start=\"0\" data-end=\"72\">T\u00fcrkiye \u00c7elik Kap\u0131 Modelleri: Kalite ve Teknolojinin Bulu\u015ftu\u011fu Nokta<\/h3>\n<p data-start=\"74\" data-end=\"601\">T\u00fcrkiye, \u00e7elik kap\u0131 \u00fcretiminde hem kalite hem de kapasite a\u00e7\u0131s\u0131ndan d\u00fcnya \u00e7ap\u0131nda \u00f6nemli bir konumda yer almaktad\u0131r.\u00a0 T\u00fcrkiye \u00e7elik kap\u0131 modelleri, uzun y\u0131llard\u0131r y\u00fcksek kaliteli i\u015f\u00e7ilik ve modern \u00fcretim teknolojileri ile dikkat \u00e7ekmektedir. Kap\u0131 sekt\u00f6r\u00fcnde inovasyonu ve g\u00fcvenli\u011fi \u00f6n planda tutarak, i\u00e7 ve d\u0131\u015f mekanlarda kullan\u0131ma uygun pek \u00e7ok farkl\u0131 model sunulmaktad\u0131r. Hem yerli hem de uluslararas\u0131 pazarda g\u00fc\u00e7l\u00fc bir rekabet avantaj\u0131na sahip olan T\u00fcrkiye, \u00e7elik kap\u0131 \u00fcretiminde sekt\u00f6rdeki en iyi markalar\u0131yla tan\u0131nmaktad\u0131r.<\/p>\n<h4 data-start=\"603\" data-end=\"642\">T\u00fcrkiye \u00c7elik Kap\u0131 \u00dcretiminin G\u00fcc\u00fc<\/h4>\n<p data-start=\"644\" data-end=\"1092\">T\u00fcrkiye, \u00e7elik kap\u0131 \u00fcretiminde sadece kapasitesiyle de\u011fil, ayn\u0131 zamanda \u00fcretim teknolojisiyle de \u00f6n planda bir \u00fclke olarak dikkat \u00e7ekmektedir. Geli\u015fmi\u015f \u00fcretim tesisleri ve y\u00fcksek teknolojiye dayal\u0131 makine parkuru sayesinde T\u00fcrkiye, geni\u015f bir \u00fcr\u00fcn yelpazesiyle \u00e7elik kap\u0131 \u00fcretimi yapabilmektedir. Ayr\u0131ca, T\u00fcrkiye \u00e7elik kap\u0131 modelleri, estetik tasar\u0131mlar\u0131n\u0131n yan\u0131 s\u0131ra g\u00fcvenlik konusunda da en y\u00fcksek standartlar\u0131 kar\u015f\u0131layacak \u015fekilde \u00fcretilmektedir.<\/p>\n<h4 data-start=\"1094\" data-end=\"1128\">Kaliteli Ham Madde ve \u0130\u015f\u00e7ilik<\/h4>\n<p data-start=\"1130\" data-end=\"1588\">T\u00fcrkiye \u00e7elik kap\u0131 \u00fcreticileri, yaln\u0131zca kaliteli ham maddeler kullanarak g\u00fcvenli\u011fi ve dayan\u0131kl\u0131l\u0131\u011f\u0131 art\u0131rmakla kalmaz, ayn\u0131 zamanda uzun \u00f6m\u00fcrl\u00fc ve estetik a\u00e7\u0131dan \u015f\u0131k modeller \u00fcretir. Bu kap\u0131lar, g\u00fcvenli\u011finizi en \u00fcst seviyeye \u00e7\u0131kar\u0131rken, ev ve i\u015f yerlerinize zarif bir g\u00f6r\u00fcn\u00fcm kazand\u0131rmaktad\u0131r. Kaliteli i\u015f\u00e7ilik ve modern teknoloji birle\u015ferek, her t\u00fcrl\u00fc hava ko\u015fuluna dayan\u0131kl\u0131, sa\u011flam ve estetik a\u00e7\u0131dan zengin \u00e7elik kap\u0131 modelleri T\u00fcrkiye&#8217;de \u00fcretilmektedir.<\/p>\n<h4 data-start=\"1590\" data-end=\"1648\">T\u00fcrkiye Kap\u0131 Modelleri: G\u00fcvenlik ve Estetik Bir Arada<\/h4>\n<p data-start=\"1650\" data-end=\"2111\">T\u00fcrkiye&#8217;nin \u00e7elik kap\u0131 sekt\u00f6r\u00fc, estetik tasar\u0131mlar\u0131n\u0131n yan\u0131 s\u0131ra g\u00fcvenli\u011fi de en \u00f6n planda tutmaktad\u0131r. T\u00fcrkiye kap\u0131 modelleri, her t\u00fcr ihtiyaca uygun olarak tasarlanabilmektedir. \u0130ster l\u00fcks bir villa, ister modern bir apartman, her alana uyum sa\u011flayacak \u00e7elik kap\u0131 se\u00e7enekleri bulunmaktad\u0131r. \u00c7ift kilitli sistemler, anti-h\u0131rs\u0131z teknolojisi ve paslanmaz \u00e7elik malzeme gibi \u00f6zellikler, T\u00fcrkiye&#8217;nin \u00e7elik kap\u0131 \u00fcretiminde ne kadar ileriye gitti\u011fini g\u00f6stermektedir.<\/p>\n<h4 data-start=\"2113\" data-end=\"2170\">\u00c7elik Kap\u0131 Modelleri T\u00fcrkiye&#8217;nin Global Rekabet G\u00fcc\u00fc<\/h4>\n<p data-start=\"2172\" data-end=\"2630\">T\u00fcrkiye, \u00e7elik kap\u0131 \u00fcretiminde sadece i\u00e7 pazarda de\u011fil, d\u00fcnya \u00e7ap\u0131nda da \u00f6nemli bir oyuncu olmu\u015ftur. T\u00fcrkiye \u00e7elik kap\u0131 modelleri, \u00f6zellikle Avrupa, Orta Do\u011fu ve Afrika pazarlar\u0131nda b\u00fcy\u00fck talep g\u00f6rmektedir. Y\u00fcksek kaliteyi uygun fiyatlarla birle\u015ftiren T\u00fcrkiye \u00e7elik kap\u0131 \u00fcreticileri, bu pazarlarda g\u00fc\u00e7l\u00fc bir rekabet avantaj\u0131na sahiptir. Ayn\u0131 zamanda \u00e7evre dostu \u00fcretim y\u00f6ntemleri ve s\u00fcrd\u00fcr\u00fclebilir \u00fcretim s\u00fcre\u00e7leri ile de sekt\u00f6rdeki yerini g\u00fc\u00e7lendirmektedir.<\/p>\n<h4 data-start=\"2632\" data-end=\"2642\">Sonu\u00e7<\/h4>\n<p data-start=\"2644\" data-end=\"3211\" data-is-last-node=\"\" data-is-only-node=\"\">T\u00fcrkiye, \u00e7elik kap\u0131 \u00fcretiminde hem kalite hem de kapasite a\u00e7\u0131s\u0131ndan sekt\u00f6rdeki en g\u00fc\u00e7l\u00fc \u00fclkelerden biridir. T\u00fcrkiye \u00e7elik kap\u0131 modelleri, teknolojik alt yap\u0131s\u0131, kaliteli ham maddesi ve i\u015f\u00e7ili\u011fi ile global pazarlarda kendine sa\u011flam bir yer edinmi\u015ftir. G\u00fcvenlik ve esteti\u011fi bir arada sunan T\u00fcrkiye kap\u0131 modelleri, hem i\u00e7 hem de d\u0131\u015f mekanlarda kullan\u0131c\u0131lar\u0131n beklentilerini en y\u00fcksek seviyede kar\u015f\u0131lamaktad\u0131r. E\u011fer sa\u011flam, g\u00fcvenli ve estetik a\u00e7\u0131dan modern bir \u00e7elik kap\u0131 ar\u0131yorsan\u0131z, T\u00fcrkiye\u2019nin \u00e7elik kap\u0131 modelleri her zaman g\u00fcvenilir ve kaliteli bir tercih olacakt\u0131r.<\/p>\n","protected":false},"excerpt":{"rendered":"<p>T\u00fcrkiye \u00c7elik Kap\u0131 Modelleri: Kalite ve Teknolojinin Bulu\u015ftu\u011fu Nokta T\u00fcrkiye, \u00e7elik kap\u0131 \u00fcretiminde hem kalite hem de kapasite a\u00e7\u0131s\u0131ndan d\u00fcnya \u00e7ap\u0131nda \u00f6nemli bir konumda yer almaktad\u0131r.\u00a0 T\u00fcrkiye \u00e7elik kap\u0131 modelleri, uzun y\u0131llard\u0131r y\u00fcksek kaliteli i\u015f\u00e7ilik ve modern \u00fcretim teknolojileri ile dikkat \u00e7ekmektedir. Kap\u0131 sekt\u00f6r\u00fcnde inovasyonu ve g\u00fcvenli\u011fi \u00f6n planda tutarak, i\u00e7 ve d\u0131\u015f mekanlarda kullan\u0131ma<\/p>\n","protected":false},"featured_media":6570,"template":"","meta":{"_bbp_topic_count":0,"_bbp_reply_count":0,"_bbp_total_topic_count":0,"_bbp_total_reply_count":0,"_bbp_voice_count":0,"_bbp_anonymous_reply_count":0,"_bbp_topic_count_hidden":0,"_bbp_reply_count_hidden":0,"_bbp_forum_subforum_count":0},"product_brand":[],"product_cat":[733],"product_tag":[],"class_list":{"0":"post-6569","1":"product","2":"type-product","3":"status-publish","4":"has-post-thumbnail","6":"product_cat-733","8":"first","9":"instock","10":"shipping-taxable","11":"product-type-simple","12":"prodpage-classic"},"yoast_head":"<!-- This site is optimized with the Yoast SEO Premium plugin v26.6 (Yoast SEO v27.5) - https:\/\/yoast.com\/product\/yoast-seo-premium-wordpress\/ -->\n<title>T\u00fcrkiye Steel Door Model - \u0130\u00e7 Oda Kap\u0131lar\u0131 - \u00c7elik kap\u0131 modelleri - apartman kap\u0131lar\u0131<\/title>\n<meta name=\"robots\" content=\"index, follow, max-snippet:-1, max-image-preview:large, max-video-preview:-1\" \/>\n<link rel=\"canonical\" href=\"https:\/\/www.kapi.ltd\/mk\/urun\/turkiye-steel-door-model\/\" \/>\n<meta property=\"og:locale\" content=\"mk_MK\" \/>\n<meta property=\"og:type\" content=\"article\" \/>\n<meta property=\"og:title\" content=\"T\u00fcrkiye Steel Door Model\" \/>\n<meta property=\"og:description\" content=\"T\u00fcrkiye \u00c7elik Kap\u0131 Modelleri: Kalite ve Teknolojinin Bulu\u015ftu\u011fu Nokta T\u00fcrkiye, \u00e7elik kap\u0131 \u00fcretiminde hem kalite hem de kapasite a\u00e7\u0131s\u0131ndan d\u00fcnya \u00e7ap\u0131nda \u00f6nemli bir konumda yer almaktad\u0131r.\u00a0 T\u00fcrkiye \u00e7elik kap\u0131 modelleri, uzun y\u0131llard\u0131r y\u00fcksek kaliteli i\u015f\u00e7ilik ve modern \u00fcretim teknolojileri ile dikkat \u00e7ekmektedir. Kap\u0131 sekt\u00f6r\u00fcnde inovasyonu ve g\u00fcvenli\u011fi \u00f6n planda tutarak, i\u00e7 ve d\u0131\u015f mekanlarda kullan\u0131ma\" \/>\n<meta property=\"og:url\" content=\"https:\/\/www.kapi.ltd\/mk\/urun\/turkiye-steel-door-model\/\" \/>\n<meta property=\"og:site_name\" content=\"\u0130\u00e7 Oda Kap\u0131lar\u0131 - \u00c7elik kap\u0131 modelleri - apartman kap\u0131lar\u0131\" \/>\n<meta property=\"og:image\" content=\"https:\/\/www.kapi.ltd\/wp-content\/uploads\/2025\/10\/Steel-Door-Model-Turkey.webp\" \/>\n\t<meta property=\"og:image:width\" content=\"650\" \/>\n\t<meta property=\"og:image:height\" content=\"975\" \/>\n\t<meta property=\"og:image:type\" content=\"image\/webp\" \/>\n<meta name=\"twitter:card\" content=\"summary_large_image\" \/>\n<meta name=\"twitter:label1\" content=\"Est. reading time\" \/>\n\t<meta name=\"twitter:data1\" content=\"3 \u043c\u0438\u043d\u0443\u0442\u0438\" \/>\n<script type=\"application\/ld+json\" class=\"yoast-schema-graph\">{\"@context\":\"https:\\\/\\\/schema.org\",\"@graph\":[{\"@type\":\"WebPage\",\"@id\":\"https:\\\/\\\/www.kapi.ltd\\\/mk\\\/urun\\\/turkiye-steel-door-model\\\/\",\"url\":\"https:\\\/\\\/www.kapi.ltd\\\/mk\\\/urun\\\/turkiye-steel-door-model\\\/\",\"name\":\"T\u00fcrkiye Steel Door Model - \u0130\u00e7 Oda Kap\u0131lar\u0131 - \u00c7elik kap\u0131 modelleri - apartman kap\u0131lar\u0131\",\"isPartOf\":{\"@id\":\"https:\\\/\\\/www.kapi.ltd\\\/mk\\\/#website\"},\"primaryImageOfPage\":{\"@id\":\"https:\\\/\\\/www.kapi.ltd\\\/mk\\\/urun\\\/turkiye-steel-door-model\\\/#primaryimage\"},\"image\":{\"@id\":\"https:\\\/\\\/www.kapi.ltd\\\/mk\\\/urun\\\/turkiye-steel-door-model\\\/#primaryimage\"},\"thumbnailUrl\":\"https:\\\/\\\/www.kapi.ltd\\\/wp-content\\\/uploads\\\/2025\\\/10\\\/Steel-Door-Model-Turkey.webp\",\"datePublished\":\"2025-10-30T09:25:12+00:00\",\"breadcrumb\":{\"@id\":\"https:\\\/\\\/www.kapi.ltd\\\/mk\\\/urun\\\/turkiye-steel-door-model\\\/#breadcrumb\"},\"inLanguage\":\"mk-MK\",\"potentialAction\":[{\"@type\":\"ReadAction\",\"target\":[\"https:\\\/\\\/www.kapi.ltd\\\/mk\\\/urun\\\/turkiye-steel-door-model\\\/\"]}]},{\"@type\":\"ImageObject\",\"inLanguage\":\"mk-MK\",\"@id\":\"https:\\\/\\\/www.kapi.ltd\\\/mk\\\/urun\\\/turkiye-steel-door-model\\\/#primaryimage\",\"url\":\"https:\\\/\\\/www.kapi.ltd\\\/wp-content\\\/uploads\\\/2025\\\/10\\\/Steel-Door-Model-Turkey.webp\",\"contentUrl\":\"https:\\\/\\\/www.kapi.ltd\\\/wp-content\\\/uploads\\\/2025\\\/10\\\/Steel-Door-Model-Turkey.webp\",\"width\":650,\"height\":975,\"caption\":\"Steel Door Model Turkey\"},{\"@type\":\"BreadcrumbList\",\"@id\":\"https:\\\/\\\/www.kapi.ltd\\\/mk\\\/urun\\\/turkiye-steel-door-model\\\/#breadcrumb\",\"itemListElement\":[{\"@type\":\"ListItem\",\"position\":1,\"name\":\"Anasayfa\",\"item\":\"https:\\\/\\\/www.kapi.ltd\\\/mk\\\/\"},{\"@type\":\"ListItem\",\"position\":2,\"name\":\"ic-kapi-celik-kapi-modelleri\",\"item\":\"https:\\\/\\\/www.kapi.ltd\\\/?page_id=4263\"},{\"@type\":\"ListItem\",\"position\":3,\"name\":\"T\u00fcrkiye Steel Door Model\"}]},{\"@type\":\"WebSite\",\"@id\":\"https:\\\/\\\/www.kapi.ltd\\\/mk\\\/#website\",\"url\":\"https:\\\/\\\/www.kapi.ltd\\\/mk\\\/\",\"name\":\"\u0130\u00e7 Kap\u0131 Ve \u00c7elik Kap\u0131 Modelleri\",\"description\":\"T\u00fcrkiye Kap\u0131 Modelleri Merkezi\",\"potentialAction\":[{\"@type\":\"SearchAction\",\"target\":{\"@type\":\"EntryPoint\",\"urlTemplate\":\"https:\\\/\\\/www.kapi.ltd\\\/mk\\\/?s={search_term_string}\"},\"query-input\":{\"@type\":\"PropertyValueSpecification\",\"valueRequired\":true,\"valueName\":\"search_term_string\"}}],\"inLanguage\":\"mk-MK\"}]}<\/script>\n<!-- \/ Yoast SEO Premium plugin. -->","yoast_head_json":{"title":"T\u00fcrkiye Steel Door Model - \u0130\u00e7 Oda Kap\u0131lar\u0131 - \u00c7elik kap\u0131 modelleri - apartman kap\u0131lar\u0131","robots":{"index":"index","follow":"follow","max-snippet":"max-snippet:-1","max-image-preview":"max-image-preview:large","max-video-preview":"max-video-preview:-1"},"canonical":"https:\/\/www.kapi.ltd\/mk\/urun\/turkiye-steel-door-model\/","og_locale":"mk_MK","og_type":"article","og_title":"T\u00fcrkiye Steel Door Model","og_description":"T\u00fcrkiye \u00c7elik Kap\u0131 Modelleri: Kalite ve Teknolojinin Bulu\u015ftu\u011fu Nokta T\u00fcrkiye, \u00e7elik kap\u0131 \u00fcretiminde hem kalite hem de kapasite a\u00e7\u0131s\u0131ndan d\u00fcnya \u00e7ap\u0131nda \u00f6nemli bir konumda yer almaktad\u0131r.\u00a0 T\u00fcrkiye \u00e7elik kap\u0131 modelleri, uzun y\u0131llard\u0131r y\u00fcksek kaliteli i\u015f\u00e7ilik ve modern \u00fcretim teknolojileri ile dikkat \u00e7ekmektedir. Kap\u0131 sekt\u00f6r\u00fcnde inovasyonu ve g\u00fcvenli\u011fi \u00f6n planda tutarak, i\u00e7 ve d\u0131\u015f mekanlarda kullan\u0131ma","og_url":"https:\/\/www.kapi.ltd\/mk\/urun\/turkiye-steel-door-model\/","og_site_name":"\u0130\u00e7 Oda Kap\u0131lar\u0131 - \u00c7elik kap\u0131 modelleri - apartman kap\u0131lar\u0131","og_image":[{"width":650,"height":975,"url":"https:\/\/www.kapi.ltd\/wp-content\/uploads\/2025\/10\/Steel-Door-Model-Turkey.webp","type":"image\/webp"}],"twitter_card":"summary_large_image","twitter_misc":{"Est. reading time":"3 \u043c\u0438\u043d\u0443\u0442\u0438"},"schema":{"@context":"https:\/\/schema.org","@graph":[{"@type":"WebPage","@id":"https:\/\/www.kapi.ltd\/mk\/urun\/turkiye-steel-door-model\/","url":"https:\/\/www.kapi.ltd\/mk\/urun\/turkiye-steel-door-model\/","name":"T\u00fcrkiye Steel Door Model - \u0130\u00e7 Oda Kap\u0131lar\u0131 - \u00c7elik kap\u0131 modelleri - apartman kap\u0131lar\u0131","isPartOf":{"@id":"https:\/\/www.kapi.ltd\/mk\/#website"},"primaryImageOfPage":{"@id":"https:\/\/www.kapi.ltd\/mk\/urun\/turkiye-steel-door-model\/#primaryimage"},"image":{"@id":"https:\/\/www.kapi.ltd\/mk\/urun\/turkiye-steel-door-model\/#primaryimage"},"thumbnailUrl":"https:\/\/www.kapi.ltd\/wp-content\/uploads\/2025\/10\/Steel-Door-Model-Turkey.webp","datePublished":"2025-10-30T09:25:12+00:00","breadcrumb":{"@id":"https:\/\/www.kapi.ltd\/mk\/urun\/turkiye-steel-door-model\/#breadcrumb"},"inLanguage":"mk-MK","potentialAction":[{"@type":"ReadAction","target":["https:\/\/www.kapi.ltd\/mk\/urun\/turkiye-steel-door-model\/"]}]},{"@type":"ImageObject","inLanguage":"mk-MK","@id":"https:\/\/www.kapi.ltd\/mk\/urun\/turkiye-steel-door-model\/#primaryimage","url":"https:\/\/www.kapi.ltd\/wp-content\/uploads\/2025\/10\/Steel-Door-Model-Turkey.webp","contentUrl":"https:\/\/www.kapi.ltd\/wp-content\/uploads\/2025\/10\/Steel-Door-Model-Turkey.webp","width":650,"height":975,"caption":"Steel Door Model Turkey"},{"@type":"BreadcrumbList","@id":"https:\/\/www.kapi.ltd\/mk\/urun\/turkiye-steel-door-model\/#breadcrumb","itemListElement":[{"@type":"ListItem","position":1,"name":"Anasayfa","item":"https:\/\/www.kapi.ltd\/mk\/"},{"@type":"ListItem","position":2,"name":"ic-kapi-celik-kapi-modelleri","item":"https:\/\/www.kapi.ltd\/?page_id=4263"},{"@type":"ListItem","position":3,"name":"T\u00fcrkiye Steel Door Model"}]},{"@type":"WebSite","@id":"https:\/\/www.kapi.ltd\/mk\/#website","url":"https:\/\/www.kapi.ltd\/mk\/","name":"\u0130\u00e7 Kap\u0131 Ve \u00c7elik Kap\u0131 Modelleri","description":"T\u00fcrkiye Kap\u0131 Modelleri Merkezi","potentialAction":[{"@type":"SearchAction","target":{"@type":"EntryPoint","urlTemplate":"https:\/\/www.kapi.ltd\/mk\/?s={search_term_string}"},"query-input":{"@type":"PropertyValueSpecification","valueRequired":true,"valueName":"search_term_string"}}],"inLanguage":"mk-MK"}]}},"_links":{"self":[{"href":"https:\/\/www.kapi.ltd\/mk\/wp-json\/wp\/v2\/product\/6569","targetHints":{"allow":["GET"]}}],"collection":[{"href":"https:\/\/www.kapi.ltd\/mk\/wp-json\/wp\/v2\/product"}],"about":[{"href":"https:\/\/www.kapi.ltd\/mk\/wp-json\/wp\/v2\/types\/product"}],"version-history":[{"count":0,"href":"https:\/\/www.kapi.ltd\/mk\/wp-json\/wp\/v2\/product\/6569\/revisions"}],"wp:featuredmedia":[{"embeddable":true,"href":"https:\/\/www.kapi.ltd\/mk\/wp-json\/wp\/v2\/media\/6570"}],"wp:attachment":[{"href":"https:\/\/www.kapi.ltd\/mk\/wp-json\/wp\/v2\/media?parent=6569"}],"wp:term":[{"taxonomy":"product_brand","embeddable":true,"href":"https:\/\/www.kapi.ltd\/mk\/wp-json\/wp\/v2\/product_brand?post=6569"},{"taxonomy":"product_cat","embeddable":true,"href":"https:\/\/www.kapi.ltd\/mk\/wp-json\/wp\/v2\/product_cat?post=6569"},{"taxonomy":"product_tag","embeddable":true,"href":"https:\/\/www.kapi.ltd\/mk\/wp-json\/wp\/v2\/product_tag?post=6569"}],"curies":[{"name":"wp","href":"https:\/\/api.w.org\/{rel}","templated":true}]}}