{"id":6464,"date":"2025-09-14T16:40:05","date_gmt":"2025-09-14T16:40:05","guid":{"rendered":"https:\/\/www.kapi.ltd\/urun\/celik-kapi-beyaz-2\/"},"modified":"2025-11-10T23:10:17","modified_gmt":"2025-11-10T20:10:17","slug":"%d1%87%d0%b5%d0%bb%d0%b8%d1%87%d0%bd%d0%b0-%d0%b2%d1%80%d0%b0%d1%82%d0%b0-%d0%b1%d0%b5%d0%bb%d0%b0","status":"publish","type":"product","link":"https:\/\/www.kapi.ltd\/mk\/urun\/%d1%87%d0%b5%d0%bb%d0%b8%d1%87%d0%bd%d0%b0-%d0%b2%d1%80%d0%b0%d1%82%d0%b0-%d0%b1%d0%b5%d0%bb%d0%b0\/","title":{"rendered":"\u0447\u0435\u043b\u0438\u0447\u043d\u0430 \u0432\u0440\u0430\u0442\u0430 \u0431\u0435\u043b\u0430"},"content":{"rendered":"<p data-start=\"0\" data-end=\"57\"><strong data-start=\"0\" data-end=\"57\">Beyaz \u00c7elik Kap\u0131: \u015e\u0131kl\u0131k ve G\u00fcvenli\u011fin M\u00fckemmel Uyumu<\/strong><\/p>\n<p data-start=\"59\" data-end=\"535\">Evinizin g\u00fcvenli\u011fini en \u00fcst seviyeye \u00e7\u0131karmak ve ayn\u0131 zamanda estetik a\u00e7\u0131dan modern bir g\u00f6r\u00fcn\u00fcm elde etmek mi istiyorsunuz? O zaman <strong data-start=\"191\" data-end=\"211\">beyaz \u00e7elik kap\u0131<\/strong> tam size g\u00f6re! Hem dayan\u0131kl\u0131 hem de \u015f\u0131k olan <strong data-start=\"257\" data-end=\"287\">beyaz renkli \u00e7elik kap\u0131lar<\/strong>, evinizi d\u0131\u015f etkenlere kar\u015f\u0131 korurken, i\u00e7 mekan\u0131n\u0131za zarif bir dokunu\u015f katacakt\u0131r. Sade ve modern \u00e7izgilere sahip, <strong data-start=\"403\" data-end=\"443\">\u00e7ift kilitli beyaz \u00e7elik kap\u0131 modeli<\/strong> ile g\u00fcvenli\u011fi sa\u011flarken, estetik a\u00e7\u0131dan da beklentilerinizi fazlas\u0131yla kar\u015f\u0131layabilirsiniz.<\/p>\n<p data-start=\"537\" data-end=\"573\"><strong data-start=\"537\" data-end=\"573\">Beyaz \u00c7elik Kap\u0131n\u0131n Avantajlar\u0131:<\/strong><\/p>\n<ol data-start=\"575\" data-end=\"2675\">\n<li data-start=\"575\" data-end=\"969\">\n<p data-start=\"578\" data-end=\"969\"><strong data-start=\"578\" data-end=\"606\">Zarif ve Modern Tasar\u0131m:<\/strong> Beyaz, her zaman zarafetin ve sadeli\u011fin simgesidir. <strong data-start=\"659\" data-end=\"679\">Beyaz \u00e7elik kap\u0131<\/strong> modeli, minimal bir tasar\u0131ma sahip olup, modern \u00e7izgileriyle her t\u00fcrl\u00fc d\u0131\u015f mekan tasar\u0131m\u0131na uyum sa\u011flar. Evde ya da ofiste \u015f\u0131kl\u0131\u011f\u0131 art\u0131rmak, sakin ve temiz bir atmosfer yaratmak isteyenler i\u00e7in ideal bir tercihtir. Beyaz renk, \u00f6zellikle modern ve \u00e7a\u011fda\u015f yap\u0131larda m\u00fckemmel bir uyum sa\u011flar.<\/p>\n<\/li>\n<li data-start=\"971\" data-end=\"1382\">\n<p data-start=\"974\" data-end=\"1382\"><strong data-start=\"974\" data-end=\"1003\">Dayan\u0131kl\u0131l\u0131k ve G\u00fcvenlik:<\/strong> \u00c7elik kap\u0131lar, g\u00fcvenli\u011fi sa\u011flayan en sa\u011flam yap\u0131 malzemelerinden biridir. Beyaz \u00e7elik kap\u0131lar, d\u0131\u015far\u0131dan gelebilecek t\u00fcm darbelere kar\u015f\u0131 olduk\u00e7a dayan\u0131kl\u0131d\u0131r. <strong data-start=\"1163\" data-end=\"1196\">\u00c7ift kilitli beyaz \u00e7elik kap\u0131<\/strong> modeli, ekstra g\u00fcvenlik sa\u011flamak i\u00e7in m\u00fckemmel bir \u00e7\u00f6z\u00fcm sunar. H\u0131rs\u0131zl\u0131k ve izinsiz giri\u015flere kar\u015f\u0131 olduk\u00e7a etkili olan bu kilit sistemi, ailenizin g\u00fcvenli\u011fini en \u00fcst seviyeye \u00e7\u0131kar\u0131r.<\/p>\n<\/li>\n<li data-start=\"1384\" data-end=\"1778\">\n<p data-start=\"1387\" data-end=\"1778\"><strong data-start=\"1387\" data-end=\"1415\">Kolay Temizlik ve Bak\u0131m:<\/strong> Beyaz renkli \u00e7elik kap\u0131lar\u0131n bak\u0131m\u0131 olduk\u00e7a kolayd\u0131r. \u00c7elik, paslanmaz \u00f6zelli\u011fi sayesinde uzun y\u0131llar boyunca ilk g\u00fcnk\u00fc gibi kal\u0131r. Beyaz \u00e7elik kap\u0131, herhangi bir kimyasal veya temizleyici ile rahatl\u0131kla silinebilir ve p\u00fcr\u00fczs\u00fcz y\u00fczeyiyle her zaman temiz ve yeni g\u00f6r\u00fcn\u00fcr. Bu da kullan\u0131c\u0131ya ekstra bir avantaj sa\u011flar, \u00e7\u00fcnk\u00fc bak\u0131m\u0131 zaman almaz ve zahmetli de\u011fildir.<\/p>\n<\/li>\n<li data-start=\"1780\" data-end=\"2247\">\n<p data-start=\"1783\" data-end=\"2247\"><strong data-start=\"1783\" data-end=\"1823\">Estetik ve Fonksiyonellik Bir Arada:<\/strong> <strong data-start=\"1824\" data-end=\"1854\">Beyaz \u00e7elik kap\u0131 modelleri<\/strong>, sadece \u015f\u0131kl\u0131\u011f\u0131yla de\u011fil, ayn\u0131 zamanda i\u015flevselli\u011fiyle de \u00f6ne \u00e7\u0131kar. Sade g\u00f6r\u00fcn\u00fcme sahip olan bu kap\u0131lar, hem klasik hem de modern mimarilerle uyum sa\u011flar. \u00c7ift kilitli sistem, g\u00fcvenli\u011fi art\u0131r\u0131rken ayn\u0131 zamanda pratik bir kullan\u0131m sunar. Evdeki her t\u00fcrl\u00fc i\u00e7 ve d\u0131\u015f mekanla uyumlu olacak \u015fekilde tasarlanm\u0131\u015f beyaz \u00e7elik kap\u0131lar, estetikten \u00f6d\u00fcn vermek istemeyenler i\u00e7in m\u00fckemmel bir tercihtir.<\/p>\n<\/li>\n<li data-start=\"2249\" data-end=\"2675\">\n<p data-start=\"2252\" data-end=\"2675\"><strong data-start=\"2252\" data-end=\"2282\">Y\u00fcksek Enerji Verimlili\u011fi:<\/strong> Beyaz renk, \u00f6zellikle g\u00fcne\u015f \u0131\u015f\u0131\u011f\u0131n\u0131 daha fazla yans\u0131tma \u00f6zelli\u011fine sahiptir. Bu sayede <strong data-start=\"2370\" data-end=\"2393\">beyaz \u00e7elik kap\u0131lar<\/strong>, enerji verimlili\u011fi konusunda da fayda sa\u011flar. Ev i\u00e7indeki s\u0131cakl\u0131k dengesini koruyarak, \u0131s\u0131tma ve so\u011futma sistemlerinin daha verimli \u00e7al\u0131\u015fmas\u0131na yard\u0131mc\u0131 olur. Sonu\u00e7 olarak, hem g\u00fcvenli\u011fi hem de enerji tasarrufunu sa\u011flamak isteyenler i\u00e7in beyaz \u00e7elik kap\u0131lar olduk\u00e7a avantajl\u0131d\u0131r.<\/p>\n<\/li>\n<\/ol>\n<p data-start=\"2677\" data-end=\"2723\"><strong data-start=\"2677\" data-end=\"2723\">Beyaz \u00c7elik Kap\u0131 ile Evinizde Fark Yarat\u0131n<\/strong><\/p>\n<p data-start=\"2725\" data-end=\"3114\">Evinize, ofisinize veya i\u015f yerinize <strong data-start=\"2761\" data-end=\"2781\">beyaz \u00e7elik kap\u0131<\/strong> eklemek, d\u0131\u015f mekan\u0131n g\u00f6r\u00fcn\u00fcm\u00fcn\u00fc de\u011fi\u015ftirecek ve ona modern bir hava katacakt\u0131r. <strong data-start=\"2862\" data-end=\"2889\">Beyaz \u00e7elik kap\u0131 modeli<\/strong>, sade, \u015f\u0131k ve g\u00fcvenli yap\u0131s\u0131yla her ge\u00e7en g\u00fcn daha fazla tercih edilmektedir. E\u011fer hem estetik hem de g\u00fcvenlik a\u00e7\u0131s\u0131ndan tatmin edici bir \u00e7\u00f6z\u00fcm ar\u0131yorsan\u0131z, <strong data-start=\"3047\" data-end=\"3083\">\u00e7ift kilitli beyaz \u00e7elik kap\u0131lar<\/strong> tam arad\u0131\u011f\u0131n\u0131z \u00fcr\u00fcn olabilir.<\/p>\n<p data-start=\"3116\" data-end=\"3450\" data-is-last-node=\"\" data-is-only-node=\"\">\u015e\u0131kl\u0131\u011f\u0131, g\u00fcvenli\u011fi ve pratikli\u011fi bir arada sunan bu kap\u0131lar, evinizi daha g\u00fcvenli k\u0131larken, tasar\u0131mlar\u0131yla da g\u00f6z al\u0131c\u0131 bir g\u00f6r\u00fcn\u00fcm sa\u011flar. Beyaz\u0131n sade, temiz ve modern duru\u015fu, her t\u00fcr d\u0131\u015f mekanla m\u00fckemmel uyum sa\u011flar.<\/p>\n","protected":false},"excerpt":{"rendered":"<p>Beyaz \u00c7elik Kap\u0131: \u015e\u0131kl\u0131k ve G\u00fcvenli\u011fin M\u00fckemmel Uyumu Evinizin g\u00fcvenli\u011fini en \u00fcst seviyeye \u00e7\u0131karmak ve ayn\u0131 zamanda estetik a\u00e7\u0131dan modern bir g\u00f6r\u00fcn\u00fcm elde etmek mi istiyorsunuz? O zaman beyaz \u00e7elik kap\u0131 tam size g\u00f6re! Hem dayan\u0131kl\u0131 hem de \u015f\u0131k olan beyaz renkli \u00e7elik kap\u0131lar, evinizi d\u0131\u015f etkenlere kar\u015f\u0131 korurken, i\u00e7 mekan\u0131n\u0131za zarif bir dokunu\u015f katacakt\u0131r.<\/p>\n","protected":false},"featured_media":6455,"template":"","meta":{"_bbp_topic_count":0,"_bbp_reply_count":0,"_bbp_total_topic_count":0,"_bbp_total_reply_count":0,"_bbp_voice_count":0,"_bbp_anonymous_reply_count":0,"_bbp_topic_count_hidden":0,"_bbp_reply_count_hidden":0,"_bbp_forum_subforum_count":0},"product_brand":[],"product_cat":[733],"product_tag":[],"class_list":{"0":"post-6464","1":"product","2":"type-product","3":"status-publish","4":"has-post-thumbnail","6":"product_cat-733","8":"first","9":"instock","10":"shipping-taxable","11":"product-type-simple","12":"prodpage-classic"},"yoast_head":"<!-- This site is optimized with the Yoast SEO Premium plugin v26.6 (Yoast SEO v27.4) - https:\/\/yoast.com\/product\/yoast-seo-premium-wordpress\/ -->\n<title>\u0447\u0435\u043b\u0438\u0447\u043d\u0430 \u0432\u0440\u0430\u0442\u0430 \u0431\u0435\u043b\u0430 - \u0130\u00e7 Oda Kap\u0131lar\u0131 - \u00c7elik kap\u0131 modelleri - apartman kap\u0131lar\u0131<\/title>\n<meta name=\"robots\" content=\"index, follow, max-snippet:-1, max-image-preview:large, max-video-preview:-1\" \/>\n<link rel=\"canonical\" href=\"https:\/\/www.kapi.ltd\/mk\/urun\/%d1%87%d0%b5%d0%bb%d0%b8%d1%87%d0%bd%d0%b0-%d0%b2%d1%80%d0%b0%d1%82%d0%b0-%d0%b1%d0%b5%d0%bb%d0%b0\/\" \/>\n<meta property=\"og:locale\" content=\"mk_MK\" \/>\n<meta property=\"og:type\" content=\"article\" \/>\n<meta property=\"og:title\" content=\"\u0447\u0435\u043b\u0438\u0447\u043d\u0430 \u0432\u0440\u0430\u0442\u0430 \u0431\u0435\u043b\u0430\" \/>\n<meta property=\"og:description\" content=\"Beyaz \u00c7elik Kap\u0131: \u015e\u0131kl\u0131k ve G\u00fcvenli\u011fin M\u00fckemmel Uyumu Evinizin g\u00fcvenli\u011fini en \u00fcst seviyeye \u00e7\u0131karmak ve ayn\u0131 zamanda estetik a\u00e7\u0131dan modern bir g\u00f6r\u00fcn\u00fcm elde etmek mi istiyorsunuz? O zaman beyaz \u00e7elik kap\u0131 tam size g\u00f6re! Hem dayan\u0131kl\u0131 hem de \u015f\u0131k olan beyaz renkli \u00e7elik kap\u0131lar, evinizi d\u0131\u015f etkenlere kar\u015f\u0131 korurken, i\u00e7 mekan\u0131n\u0131za zarif bir dokunu\u015f katacakt\u0131r.\" \/>\n<meta property=\"og:url\" content=\"https:\/\/www.kapi.ltd\/mk\/urun\/%d1%87%d0%b5%d0%bb%d0%b8%d1%87%d0%bd%d0%b0-%d0%b2%d1%80%d0%b0%d1%82%d0%b0-%d0%b1%d0%b5%d0%bb%d0%b0\/\" \/>\n<meta property=\"og:site_name\" content=\"\u0130\u00e7 Oda Kap\u0131lar\u0131 - \u00c7elik kap\u0131 modelleri - apartman kap\u0131lar\u0131\" \/>\n<meta property=\"article:modified_time\" content=\"2025-11-10T20:10:17+00:00\" \/>\n<meta property=\"og:image\" content=\"https:\/\/www.kapi.ltd\/wp-content\/uploads\/2025\/09\/celik-kapi-beyaz.webp\" \/>\n\t<meta property=\"og:image:width\" content=\"1024\" \/>\n\t<meta property=\"og:image:height\" content=\"1536\" \/>\n\t<meta property=\"og:image:type\" content=\"image\/webp\" \/>\n<meta name=\"twitter:card\" content=\"summary_large_image\" \/>\n<meta name=\"twitter:label1\" content=\"Est. reading time\" \/>\n\t<meta name=\"twitter:data1\" content=\"3 \u043c\u0438\u043d\u0443\u0442\u0438\" \/>\n<script type=\"application\/ld+json\" class=\"yoast-schema-graph\">{\"@context\":\"https:\\\/\\\/schema.org\",\"@graph\":[{\"@type\":\"WebPage\",\"@id\":\"https:\\\/\\\/www.kapi.ltd\\\/mk\\\/urun\\\/%d1%87%d0%b5%d0%bb%d0%b8%d1%87%d0%bd%d0%b0-%d0%b2%d1%80%d0%b0%d1%82%d0%b0-%d0%b1%d0%b5%d0%bb%d0%b0\\\/\",\"url\":\"https:\\\/\\\/www.kapi.ltd\\\/mk\\\/urun\\\/%d1%87%d0%b5%d0%bb%d0%b8%d1%87%d0%bd%d0%b0-%d0%b2%d1%80%d0%b0%d1%82%d0%b0-%d0%b1%d0%b5%d0%bb%d0%b0\\\/\",\"name\":\"\u0447\u0435\u043b\u0438\u0447\u043d\u0430 \u0432\u0440\u0430\u0442\u0430 \u0431\u0435\u043b\u0430 - \u0130\u00e7 Oda Kap\u0131lar\u0131 - \u00c7elik kap\u0131 modelleri - apartman kap\u0131lar\u0131\",\"isPartOf\":{\"@id\":\"https:\\\/\\\/www.kapi.ltd\\\/mk\\\/#website\"},\"primaryImageOfPage\":{\"@id\":\"https:\\\/\\\/www.kapi.ltd\\\/mk\\\/urun\\\/%d1%87%d0%b5%d0%bb%d0%b8%d1%87%d0%bd%d0%b0-%d0%b2%d1%80%d0%b0%d1%82%d0%b0-%d0%b1%d0%b5%d0%bb%d0%b0\\\/#primaryimage\"},\"image\":{\"@id\":\"https:\\\/\\\/www.kapi.ltd\\\/mk\\\/urun\\\/%d1%87%d0%b5%d0%bb%d0%b8%d1%87%d0%bd%d0%b0-%d0%b2%d1%80%d0%b0%d1%82%d0%b0-%d0%b1%d0%b5%d0%bb%d0%b0\\\/#primaryimage\"},\"thumbnailUrl\":\"https:\\\/\\\/www.kapi.ltd\\\/wp-content\\\/uploads\\\/2025\\\/09\\\/celik-kapi-beyaz.webp\",\"datePublished\":\"2025-09-14T16:40:05+00:00\",\"dateModified\":\"2025-11-10T20:10:17+00:00\",\"breadcrumb\":{\"@id\":\"https:\\\/\\\/www.kapi.ltd\\\/mk\\\/urun\\\/%d1%87%d0%b5%d0%bb%d0%b8%d1%87%d0%bd%d0%b0-%d0%b2%d1%80%d0%b0%d1%82%d0%b0-%d0%b1%d0%b5%d0%bb%d0%b0\\\/#breadcrumb\"},\"inLanguage\":\"mk-MK\",\"potentialAction\":[{\"@type\":\"ReadAction\",\"target\":[\"https:\\\/\\\/www.kapi.ltd\\\/mk\\\/urun\\\/%d1%87%d0%b5%d0%bb%d0%b8%d1%87%d0%bd%d0%b0-%d0%b2%d1%80%d0%b0%d1%82%d0%b0-%d0%b1%d0%b5%d0%bb%d0%b0\\\/\"]}]},{\"@type\":\"ImageObject\",\"inLanguage\":\"mk-MK\",\"@id\":\"https:\\\/\\\/www.kapi.ltd\\\/mk\\\/urun\\\/%d1%87%d0%b5%d0%bb%d0%b8%d1%87%d0%bd%d0%b0-%d0%b2%d1%80%d0%b0%d1%82%d0%b0-%d0%b1%d0%b5%d0%bb%d0%b0\\\/#primaryimage\",\"url\":\"https:\\\/\\\/www.kapi.ltd\\\/wp-content\\\/uploads\\\/2025\\\/09\\\/celik-kapi-beyaz.webp\",\"contentUrl\":\"https:\\\/\\\/www.kapi.ltd\\\/wp-content\\\/uploads\\\/2025\\\/09\\\/celik-kapi-beyaz.webp\",\"width\":1024,\"height\":1536,\"caption\":\"\u00e7elik kap\u0131 beyaz\"},{\"@type\":\"BreadcrumbList\",\"@id\":\"https:\\\/\\\/www.kapi.ltd\\\/mk\\\/urun\\\/%d1%87%d0%b5%d0%bb%d0%b8%d1%87%d0%bd%d0%b0-%d0%b2%d1%80%d0%b0%d1%82%d0%b0-%d0%b1%d0%b5%d0%bb%d0%b0\\\/#breadcrumb\",\"itemListElement\":[{\"@type\":\"ListItem\",\"position\":1,\"name\":\"Anasayfa\",\"item\":\"https:\\\/\\\/www.kapi.ltd\\\/mk\\\/\"},{\"@type\":\"ListItem\",\"position\":2,\"name\":\"ic-kapi-celik-kapi-modelleri\",\"item\":\"https:\\\/\\\/www.kapi.ltd\\\/?page_id=4263\"},{\"@type\":\"ListItem\",\"position\":3,\"name\":\"\u0447\u0435\u043b\u0438\u0447\u043d\u0430 \u0432\u0440\u0430\u0442\u0430 \u0431\u0435\u043b\u0430\"}]},{\"@type\":\"WebSite\",\"@id\":\"https:\\\/\\\/www.kapi.ltd\\\/mk\\\/#website\",\"url\":\"https:\\\/\\\/www.kapi.ltd\\\/mk\\\/\",\"name\":\"\u0130\u00e7 Kap\u0131 Ve \u00c7elik Kap\u0131 Modelleri\",\"description\":\"T\u00fcrkiye Kap\u0131 Modelleri Merkezi\",\"potentialAction\":[{\"@type\":\"SearchAction\",\"target\":{\"@type\":\"EntryPoint\",\"urlTemplate\":\"https:\\\/\\\/www.kapi.ltd\\\/mk\\\/?s={search_term_string}\"},\"query-input\":{\"@type\":\"PropertyValueSpecification\",\"valueRequired\":true,\"valueName\":\"search_term_string\"}}],\"inLanguage\":\"mk-MK\"}]}<\/script>\n<!-- \/ Yoast SEO Premium plugin. -->","yoast_head_json":{"title":"\u0447\u0435\u043b\u0438\u0447\u043d\u0430 \u0432\u0440\u0430\u0442\u0430 \u0431\u0435\u043b\u0430 - \u0130\u00e7 Oda Kap\u0131lar\u0131 - \u00c7elik kap\u0131 modelleri - apartman kap\u0131lar\u0131","robots":{"index":"index","follow":"follow","max-snippet":"max-snippet:-1","max-image-preview":"max-image-preview:large","max-video-preview":"max-video-preview:-1"},"canonical":"https:\/\/www.kapi.ltd\/mk\/urun\/%d1%87%d0%b5%d0%bb%d0%b8%d1%87%d0%bd%d0%b0-%d0%b2%d1%80%d0%b0%d1%82%d0%b0-%d0%b1%d0%b5%d0%bb%d0%b0\/","og_locale":"mk_MK","og_type":"article","og_title":"\u0447\u0435\u043b\u0438\u0447\u043d\u0430 \u0432\u0440\u0430\u0442\u0430 \u0431\u0435\u043b\u0430","og_description":"Beyaz \u00c7elik Kap\u0131: \u015e\u0131kl\u0131k ve G\u00fcvenli\u011fin M\u00fckemmel Uyumu Evinizin g\u00fcvenli\u011fini en \u00fcst seviyeye \u00e7\u0131karmak ve ayn\u0131 zamanda estetik a\u00e7\u0131dan modern bir g\u00f6r\u00fcn\u00fcm elde etmek mi istiyorsunuz? O zaman beyaz \u00e7elik kap\u0131 tam size g\u00f6re! Hem dayan\u0131kl\u0131 hem de \u015f\u0131k olan beyaz renkli \u00e7elik kap\u0131lar, evinizi d\u0131\u015f etkenlere kar\u015f\u0131 korurken, i\u00e7 mekan\u0131n\u0131za zarif bir dokunu\u015f katacakt\u0131r.","og_url":"https:\/\/www.kapi.ltd\/mk\/urun\/%d1%87%d0%b5%d0%bb%d0%b8%d1%87%d0%bd%d0%b0-%d0%b2%d1%80%d0%b0%d1%82%d0%b0-%d0%b1%d0%b5%d0%bb%d0%b0\/","og_site_name":"\u0130\u00e7 Oda Kap\u0131lar\u0131 - \u00c7elik kap\u0131 modelleri - apartman kap\u0131lar\u0131","article_modified_time":"2025-11-10T20:10:17+00:00","og_image":[{"width":1024,"height":1536,"url":"https:\/\/www.kapi.ltd\/wp-content\/uploads\/2025\/09\/celik-kapi-beyaz.webp","type":"image\/webp"}],"twitter_card":"summary_large_image","twitter_misc":{"Est. reading time":"3 \u043c\u0438\u043d\u0443\u0442\u0438"},"schema":{"@context":"https:\/\/schema.org","@graph":[{"@type":"WebPage","@id":"https:\/\/www.kapi.ltd\/mk\/urun\/%d1%87%d0%b5%d0%bb%d0%b8%d1%87%d0%bd%d0%b0-%d0%b2%d1%80%d0%b0%d1%82%d0%b0-%d0%b1%d0%b5%d0%bb%d0%b0\/","url":"https:\/\/www.kapi.ltd\/mk\/urun\/%d1%87%d0%b5%d0%bb%d0%b8%d1%87%d0%bd%d0%b0-%d0%b2%d1%80%d0%b0%d1%82%d0%b0-%d0%b1%d0%b5%d0%bb%d0%b0\/","name":"\u0447\u0435\u043b\u0438\u0447\u043d\u0430 \u0432\u0440\u0430\u0442\u0430 \u0431\u0435\u043b\u0430 - \u0130\u00e7 Oda Kap\u0131lar\u0131 - \u00c7elik kap\u0131 modelleri - apartman kap\u0131lar\u0131","isPartOf":{"@id":"https:\/\/www.kapi.ltd\/mk\/#website"},"primaryImageOfPage":{"@id":"https:\/\/www.kapi.ltd\/mk\/urun\/%d1%87%d0%b5%d0%bb%d0%b8%d1%87%d0%bd%d0%b0-%d0%b2%d1%80%d0%b0%d1%82%d0%b0-%d0%b1%d0%b5%d0%bb%d0%b0\/#primaryimage"},"image":{"@id":"https:\/\/www.kapi.ltd\/mk\/urun\/%d1%87%d0%b5%d0%bb%d0%b8%d1%87%d0%bd%d0%b0-%d0%b2%d1%80%d0%b0%d1%82%d0%b0-%d0%b1%d0%b5%d0%bb%d0%b0\/#primaryimage"},"thumbnailUrl":"https:\/\/www.kapi.ltd\/wp-content\/uploads\/2025\/09\/celik-kapi-beyaz.webp","datePublished":"2025-09-14T16:40:05+00:00","dateModified":"2025-11-10T20:10:17+00:00","breadcrumb":{"@id":"https:\/\/www.kapi.ltd\/mk\/urun\/%d1%87%d0%b5%d0%bb%d0%b8%d1%87%d0%bd%d0%b0-%d0%b2%d1%80%d0%b0%d1%82%d0%b0-%d0%b1%d0%b5%d0%bb%d0%b0\/#breadcrumb"},"inLanguage":"mk-MK","potentialAction":[{"@type":"ReadAction","target":["https:\/\/www.kapi.ltd\/mk\/urun\/%d1%87%d0%b5%d0%bb%d0%b8%d1%87%d0%bd%d0%b0-%d0%b2%d1%80%d0%b0%d1%82%d0%b0-%d0%b1%d0%b5%d0%bb%d0%b0\/"]}]},{"@type":"ImageObject","inLanguage":"mk-MK","@id":"https:\/\/www.kapi.ltd\/mk\/urun\/%d1%87%d0%b5%d0%bb%d0%b8%d1%87%d0%bd%d0%b0-%d0%b2%d1%80%d0%b0%d1%82%d0%b0-%d0%b1%d0%b5%d0%bb%d0%b0\/#primaryimage","url":"https:\/\/www.kapi.ltd\/wp-content\/uploads\/2025\/09\/celik-kapi-beyaz.webp","contentUrl":"https:\/\/www.kapi.ltd\/wp-content\/uploads\/2025\/09\/celik-kapi-beyaz.webp","width":1024,"height":1536,"caption":"\u00e7elik kap\u0131 beyaz"},{"@type":"BreadcrumbList","@id":"https:\/\/www.kapi.ltd\/mk\/urun\/%d1%87%d0%b5%d0%bb%d0%b8%d1%87%d0%bd%d0%b0-%d0%b2%d1%80%d0%b0%d1%82%d0%b0-%d0%b1%d0%b5%d0%bb%d0%b0\/#breadcrumb","itemListElement":[{"@type":"ListItem","position":1,"name":"Anasayfa","item":"https:\/\/www.kapi.ltd\/mk\/"},{"@type":"ListItem","position":2,"name":"ic-kapi-celik-kapi-modelleri","item":"https:\/\/www.kapi.ltd\/?page_id=4263"},{"@type":"ListItem","position":3,"name":"\u0447\u0435\u043b\u0438\u0447\u043d\u0430 \u0432\u0440\u0430\u0442\u0430 \u0431\u0435\u043b\u0430"}]},{"@type":"WebSite","@id":"https:\/\/www.kapi.ltd\/mk\/#website","url":"https:\/\/www.kapi.ltd\/mk\/","name":"\u0130\u00e7 Kap\u0131 Ve \u00c7elik Kap\u0131 Modelleri","description":"T\u00fcrkiye Kap\u0131 Modelleri Merkezi","potentialAction":[{"@type":"SearchAction","target":{"@type":"EntryPoint","urlTemplate":"https:\/\/www.kapi.ltd\/mk\/?s={search_term_string}"},"query-input":{"@type":"PropertyValueSpecification","valueRequired":true,"valueName":"search_term_string"}}],"inLanguage":"mk-MK"}]}},"_links":{"self":[{"href":"https:\/\/www.kapi.ltd\/mk\/wp-json\/wp\/v2\/product\/6464","targetHints":{"allow":["GET"]}}],"collection":[{"href":"https:\/\/www.kapi.ltd\/mk\/wp-json\/wp\/v2\/product"}],"about":[{"href":"https:\/\/www.kapi.ltd\/mk\/wp-json\/wp\/v2\/types\/product"}],"version-history":[{"count":2,"href":"https:\/\/www.kapi.ltd\/mk\/wp-json\/wp\/v2\/product\/6464\/revisions"}],"predecessor-version":[{"id":6470,"href":"https:\/\/www.kapi.ltd\/mk\/wp-json\/wp\/v2\/product\/6464\/revisions\/6470"}],"wp:featuredmedia":[{"embeddable":true,"href":"https:\/\/www.kapi.ltd\/mk\/wp-json\/wp\/v2\/media\/6455"}],"wp:attachment":[{"href":"https:\/\/www.kapi.ltd\/mk\/wp-json\/wp\/v2\/media?parent=6464"}],"wp:term":[{"taxonomy":"product_brand","embeddable":true,"href":"https:\/\/www.kapi.ltd\/mk\/wp-json\/wp\/v2\/product_brand?post=6464"},{"taxonomy":"product_cat","embeddable":true,"href":"https:\/\/www.kapi.ltd\/mk\/wp-json\/wp\/v2\/product_cat?post=6464"},{"taxonomy":"product_tag","embeddable":true,"href":"https:\/\/www.kapi.ltd\/mk\/wp-json\/wp\/v2\/product_tag?post=6464"}],"curies":[{"name":"wp","href":"https:\/\/api.w.org\/{rel}","templated":true}]}}