{"id":10076,"date":"2026-02-28T16:48:27","date_gmt":"2026-02-28T13:48:27","guid":{"rendered":"https:\/\/www.kapi.ltd\/urun\/camli-oda-kapilari\/"},"modified":"2026-03-08T10:03:32","modified_gmt":"2026-03-08T07:03:32","slug":"camli-oda-kapilari","status":"publish","type":"product","link":"https:\/\/www.kapi.ltd\/mk\/urun\/camli-oda-kapilari\/","title":{"rendered":"Caml\u0131 Oda Kap\u0131lar\u0131"},"content":{"rendered":"<div class=\"relative basis-auto flex-col -mb-(--composer-overlap-px) [--composer-overlap-px:28px] grow flex\">\n<div class=\"flex flex-col text-sm pb-25\">\n<article class=\"text-token-text-primary w-full focus:outline-none [--shadow-height:45px] has-data-writing-block:pointer-events-none has-data-writing-block:-mt-(--shadow-height) has-data-writing-block:pt-(--shadow-height) [&amp;:has([data-writing-block])&gt;*]:pointer-events-auto scroll-mt-[calc(var(--header-height)+min(200px,max(70px,20svh)))]\" dir=\"auto\" tabindex=\"-1\" data-turn-id=\"request-WEB:2b9e6435-ceff-4ba4-bf60-66abfd099f94-4\" data-testid=\"conversation-turn-6\" data-scroll-anchor=\"true\" data-turn=\"assistant\">\n<div class=\"text-base my-auto mx-auto pb-10 [--thread-content-margin:--spacing(4)] @w-sm\/main:[--thread-content-margin:--spacing(6)] @w-lg\/main:[--thread-content-margin:--spacing(16)] px-(--thread-content-margin)\">\n<div class=\"[--thread-content-max-width:40rem] @w-lg\/main:[--thread-content-max-width:48rem] mx-auto max-w-(--thread-content-max-width) flex-1 group\/turn-messages focus-visible:outline-hidden relative flex w-full min-w-0 flex-col agent-turn\" tabindex=\"-1\">\n<div class=\"flex max-w-full flex-col grow\">\n<div class=\"min-h-8 text-message relative flex w-full flex-col items-end gap-2 text-start break-words whitespace-normal [.text-message+&amp;]:mt-1\" dir=\"auto\" data-message-author-role=\"assistant\" data-message-id=\"7e3d4023-93e5-4f40-b9b4-ca2e1a7065cc\" data-message-model-slug=\"gpt-5-2\">\n<div class=\"flex w-full flex-col gap-1 empty:hidden first:pt-[1px]\">\n<div class=\"markdown prose dark:prose-invert w-full wrap-break-word light markdown-new-styling\">\n<div class=\"flex flex-col text-sm\">\n<article class=\"text-token-text-primary w-full focus:outline-none [--shadow-height:45px] has-data-writing-block:pointer-events-none has-data-writing-block:-mt-(--shadow-height) has-data-writing-block:pt-(--shadow-height) [&amp;:has([data-writing-block])&gt;*]:pointer-events-auto scroll-mt-[calc(var(--header-height)+min(200px,max(70px,20svh)))]\" dir=\"auto\" tabindex=\"-1\" data-turn-id=\"request-WEB:cd5deb19-94c9-483e-9ebf-bd612e199c7a-4\" data-testid=\"conversation-turn-10\" data-scroll-anchor=\"true\" data-turn=\"assistant\">\n<div class=\"text-base my-auto mx-auto pb-10 [--thread-content-margin:--spacing(4)] @w-sm\/main:[--thread-content-margin:--spacing(6)] @w-lg\/main:[--thread-content-margin:--spacing(16)] px-(--thread-content-margin)\">\n<div class=\"[--thread-content-max-width:40rem] @w-lg\/main:[--thread-content-max-width:48rem] mx-auto max-w-(--thread-content-max-width) flex-1 group\/turn-messages focus-visible:outline-hidden relative flex w-full min-w-0 flex-col agent-turn\" tabindex=\"-1\">\n<div class=\"flex max-w-full flex-col grow\">\n<div class=\"min-h-8 text-message relative flex w-full flex-col items-end gap-2 text-start break-words whitespace-normal [.text-message+&amp;]:mt-1\" dir=\"auto\" data-message-author-role=\"assistant\" data-message-id=\"b96b74e1-3daa-4b7d-9619-2887dd84cbb3\" data-message-model-slug=\"gpt-5-2\">\n<div class=\"flex w-full flex-col gap-1 empty:hidden first:pt-[1px]\">\n<div class=\"markdown prose dark:prose-invert w-full wrap-break-word light markdown-new-styling\">\n<h3 data-start=\"0\" data-end=\"73\"><strong data-start=\"4\" data-end=\"73\">Caml\u0131 Oda Kap\u0131lar\u0131: Estetik ve Fonksiyonelli\u011fi Birle\u015ftiren \u015e\u0131kl\u0131k<\/strong><\/h3>\n<p data-start=\"75\" data-end=\"647\">\u0130\u00e7 mekanlarda kullan\u0131lan kap\u0131lar, yaln\u0131zca i\u015flevsel de\u011fil, ayn\u0131 zamanda dekoratif unsurlar olarak da \u00f6nemli bir rol oynar. <strong data-start=\"198\" data-end=\"220\">Caml\u0131 oda kap\u0131lar\u0131<\/strong>\u00a0modern i\u00e7 mekanlarda \u015f\u0131kl\u0131\u011f\u0131 ve ferahl\u0131\u011f\u0131 art\u0131ran m\u00fckemmel se\u00e7eneklerden biridir. <strong data-start=\"304\" data-end=\"332\">Caml\u0131 oda kap\u0131 modelleri<\/strong>, <strong data-start=\"334\" data-end=\"357\">caml\u0131 i\u00e7 oda kap\u0131s\u0131<\/strong>, <strong data-start=\"359\" data-end=\"383\">caml\u0131 i\u00e7 kap\u0131 modeli<\/strong> gibi farkl\u0131 tasar\u0131mlar, hem do\u011fal \u0131\u015f\u0131\u011f\u0131n i\u00e7eri girmesine olanak tan\u0131r hem de odalar aras\u0131nda g\u00f6rsel bir \u015feffafl\u0131k sa\u011flar. Bu yaz\u0131m\u0131zda, <strong data-start=\"520\" data-end=\"542\">caml\u0131 oda kap\u0131lar\u0131<\/strong> hakk\u0131nda detayl\u0131 bilgi verecek ve nas\u0131l \u015f\u0131k ve fonksiyonel bir i\u00e7 mekan yaratabilece\u011finizi ke\u015ffedece\u011fiz.<\/p>\n<h4 data-start=\"649\" data-end=\"711\"><strong data-start=\"654\" data-end=\"711\">Caml\u0131 Oda Kap\u0131lar\u0131: Modern \u0130\u00e7 Mekanlar\u0131n Vazge\u00e7ilmezi<\/strong><\/h4>\n<p data-start=\"713\" data-end=\"1108\"><strong data-start=\"713\" data-end=\"735\">Caml\u0131 oda kap\u0131lar\u0131<\/strong>, i\u00e7 mekanlarda \u0131\u015f\u0131k ge\u00e7i\u015fini art\u0131rarak, mek\u00e2nlar\u0131 daha geni\u015f ve ayd\u0131nl\u0131k g\u00f6sterir. <strong data-start=\"819\" data-end=\"847\">Caml\u0131 oda kap\u0131 modelleri<\/strong>, \u00f6zellikle k\u00fc\u00e7\u00fck ve karanl\u0131k odalar i\u00e7in ideal bir se\u00e7enektir. Caml\u0131 kap\u0131lar, hem estetik hem de fonksiyonel a\u00e7\u0131dan evinize \u015f\u0131kl\u0131k katar. <strong data-start=\"986\" data-end=\"1009\">Caml\u0131 i\u00e7 oda kap\u0131s\u0131<\/strong>, g\u00f6rsel olarak odalar aras\u0131nda bir ba\u011f kurarak, daha ferah bir atmosfer yaratman\u0131za yard\u0131mc\u0131 olur.<\/p>\n<p data-start=\"1110\" data-end=\"1379\">Caml\u0131 kap\u0131lar\u0131n en b\u00fcy\u00fck avantaj\u0131, \u0131\u015f\u0131k ge\u00e7irmeleri sayesinde i\u00e7 mekan\u0131n daha ayd\u0131nl\u0131k ve ferah g\u00f6r\u00fcnmesini sa\u011flamalar\u0131d\u0131r. Ayr\u0131ca, <strong data-start=\"1242\" data-end=\"1264\">caml\u0131 oda kap\u0131lar\u0131<\/strong>, odalar aras\u0131nda g\u00f6rsel bir \u015feffafl\u0131k yaratarak, odalar\u0131n birbiriyle daha ba\u011flant\u0131l\u0131 ve geni\u015f hissetmesini sa\u011flar.<\/p>\n<h4 data-start=\"1381\" data-end=\"1450\"><strong data-start=\"1386\" data-end=\"1450\">Caml\u0131 \u0130\u00e7 Oda Kap\u0131s\u0131 Modelleri: \u015e\u0131k ve Fonksiyonel Tasar\u0131mlar<\/strong><\/h4>\n<p data-start=\"1452\" data-end=\"1763\"><strong data-start=\"1452\" data-end=\"1475\">Caml\u0131 i\u00e7 oda kap\u0131s\u0131<\/strong> modelleri, farkl\u0131 stillere ve tercihlere g\u00f6re tasarlanabilir. Caml\u0131 kap\u0131lar, genellikle modern i\u00e7 mekanlarla uyumlu olan minimalist ve \u015f\u0131k tasar\u0131mlar sunar. Ancak klasik tarzda dekorasyon yapanlar i\u00e7in de uygun caml\u0131 kap\u0131 se\u00e7enekleri mevcuttur. \u0130\u015fte baz\u0131 pop\u00fcler caml\u0131 i\u00e7 kap\u0131 modelleri:<\/p>\n<ul data-start=\"1765\" data-end=\"2486\">\n<li data-start=\"1765\" data-end=\"2019\">\n<p data-start=\"1767\" data-end=\"2019\"><strong data-start=\"1767\" data-end=\"1788\">Tam Caml\u0131 Kap\u0131lar<\/strong>: Bu tarz kap\u0131lar, tamamen camdan \u00fcretilmi\u015ftir ve odalar aras\u0131nda tam bir \u015feffafl\u0131k sa\u011flar. Tam caml\u0131 kap\u0131lar, \u0131\u015f\u0131\u011f\u0131n ge\u00e7i\u015fine izin verirken, odalar aras\u0131ndaki g\u00f6rsel ba\u011flant\u0131y\u0131 art\u0131r\u0131r. Genellikle modern i\u00e7 mekanlar i\u00e7in idealdir.<\/p>\n<\/li>\n<li data-start=\"2021\" data-end=\"2261\">\n<p data-start=\"2023\" data-end=\"2261\"><strong data-start=\"2023\" data-end=\"2046\">Panel Caml\u0131 Kap\u0131lar<\/strong>: Bu kap\u0131larda cam, panel k\u0131sm\u0131nda yer al\u0131r. Panel caml\u0131 kap\u0131lar, geleneksel tasar\u0131mlar ile modern \u015f\u0131kl\u0131\u011f\u0131 birle\u015ftirir. Hem \u015feffafl\u0131k sa\u011flamak hem de estetik bir dokunu\u015f katmak isteyenler i\u00e7in m\u00fckemmel bir se\u00e7imdir.<\/p>\n<\/li>\n<li data-start=\"2263\" data-end=\"2486\">\n<p data-start=\"2265\" data-end=\"2486\"><strong data-start=\"2265\" data-end=\"2303\">Caml\u0131 Kap\u0131 Modelleri (Cam B\u00f6lmeli)<\/strong>: Cam\u0131n alt veya \u00fcst k\u0131sm\u0131nda yer alan b\u00f6lmeler, hem dekoratif hem de i\u015flevsel bir g\u00f6r\u00fcn\u00fcm sunar. Bu kap\u0131lar, odalar\u0131n daha a\u00e7\u0131k ve ferah g\u00f6r\u00fcnmesini sa\u011flarken, mahremiyeti de korur.<\/p>\n<\/li>\n<\/ul>\n<h4 data-start=\"2488\" data-end=\"2549\"><strong data-start=\"2493\" data-end=\"2549\">Caml\u0131 Kap\u0131 Modelleri: Hangi Tarz \u0130\u00e7 Mekanlara Uygun?<\/strong><\/h4>\n<p data-start=\"2551\" data-end=\"2722\"><strong data-start=\"2551\" data-end=\"2573\">Caml\u0131 oda kap\u0131lar\u0131<\/strong>, \u00f6zellikle modern i\u00e7 mekanlar i\u00e7in tercih edilen bir se\u00e7enek olsa da, farkl\u0131 dekorasyon stilleriyle uyumlu bir\u00e7ok caml\u0131 kap\u0131 modeli vard\u0131r. \u00d6rne\u011fin:<\/p>\n<ul data-start=\"2724\" data-end=\"3408\">\n<li data-start=\"2724\" data-end=\"2942\">\n<p data-start=\"2726\" data-end=\"2942\"><strong data-start=\"2726\" data-end=\"2748\">Modern \u0130\u00e7 Mekanlar<\/strong>: Caml\u0131 kap\u0131lar, minimal ve \u015f\u0131k tasar\u0131mlarla modern i\u00e7 mekanlara uyum sa\u011flar. <strong data-start=\"2826\" data-end=\"2850\">Caml\u0131 i\u00e7 kap\u0131 modeli<\/strong> se\u00e7enekleri, sade \u00e7izgiler ve \u015feffaf y\u00fczeyler ile odalar aras\u0131nda do\u011fal bir ba\u011flant\u0131 kurar.<\/p>\n<\/li>\n<li data-start=\"2944\" data-end=\"3187\">\n<p data-start=\"2946\" data-end=\"3187\"><strong data-start=\"2946\" data-end=\"2968\">Klasik \u0130\u00e7 Mekanlar<\/strong>: Klasik tarzda tasarlanm\u0131\u015f evlerde, caml\u0131 kap\u0131lar genellikle panel detaylar\u0131yla birle\u015ftirilerek estetik bir g\u00f6r\u00fcn\u00fcm elde edilir. <strong data-start=\"3098\" data-end=\"3120\">Caml\u0131 oda kap\u0131lar\u0131<\/strong>, ah\u015fap \u00e7er\u00e7evelerle daha s\u0131cak ve geleneksel bir atmosfer yarat\u0131r.<\/p>\n<\/li>\n<li data-start=\"3189\" data-end=\"3408\">\n<p data-start=\"3191\" data-end=\"3408\"><strong data-start=\"3191\" data-end=\"3224\">End\u00fcstriyel Tarzda Dekorasyon<\/strong>: End\u00fcstriyel tarzda evlerde, daha ham ve do\u011fal malzemelerin kullan\u0131ld\u0131\u011f\u0131 <strong data-start=\"3298\" data-end=\"3322\">caml\u0131 kap\u0131 modelleri<\/strong> tercih edilir. Metal \u00e7er\u00e7eveli caml\u0131 kap\u0131lar, modern ve end\u00fcstriyel bir hava yarat\u0131r.<\/p>\n<\/li>\n<\/ul>\n<h4 data-start=\"3410\" data-end=\"3452\"><strong data-start=\"3415\" data-end=\"3452\">Caml\u0131 Oda Kap\u0131lar\u0131n\u0131n Avantajlar\u0131<\/strong><\/h4>\n<p data-start=\"3454\" data-end=\"3539\"><strong data-start=\"3454\" data-end=\"3476\">Caml\u0131 oda kap\u0131lar\u0131<\/strong>, estetik faydalar\u0131n\u0131n yan\u0131 s\u0131ra bir\u00e7ok i\u015flevsel avantaj sunar:<\/p>\n<ol data-start=\"3541\" data-end=\"4232\">\n<li data-start=\"3541\" data-end=\"3669\">\n<p data-start=\"3544\" data-end=\"3669\"><strong data-start=\"3544\" data-end=\"3565\">I\u015f\u0131k Ge\u00e7irgenli\u011fi<\/strong>: Caml\u0131 kap\u0131lar, odalar aras\u0131nda \u0131\u015f\u0131k ge\u00e7i\u015fini sa\u011flad\u0131\u011f\u0131 i\u00e7in mekanlar\u0131 daha ayd\u0131nl\u0131k ve geni\u015f g\u00f6sterir.<\/p>\n<\/li>\n<li data-start=\"3674\" data-end=\"3872\">\n<p data-start=\"3677\" data-end=\"3872\"><strong data-start=\"3677\" data-end=\"3696\">G\u00f6rsel Ba\u011flant\u0131<\/strong>: Caml\u0131 kap\u0131lar, odalar aras\u0131nda g\u00f6rsel bir ba\u011f kurar. Bu, \u00f6zellikle k\u00fc\u00e7\u00fck mekanlarda olduk\u00e7a faydal\u0131d\u0131r. <strong data-start=\"3802\" data-end=\"3825\">Caml\u0131 i\u00e7 oda kap\u0131s\u0131<\/strong>, odalar aras\u0131nda daha \u015feffaf bir ge\u00e7i\u015f sa\u011flar.<\/p>\n<\/li>\n<li data-start=\"3874\" data-end=\"4040\">\n<p data-start=\"3877\" data-end=\"4040\"><strong data-start=\"3877\" data-end=\"3894\">Estetik De\u011fer<\/strong>: <strong data-start=\"3896\" data-end=\"3920\">Caml\u0131 kap\u0131 modelleri<\/strong>, i\u00e7 mekan\u0131n dekorasyonunu tamamlar ve estetik a\u00e7\u0131dan \u015f\u0131kl\u0131k katar. Farkl\u0131 cam t\u00fcrleri, kap\u0131lar\u0131n \u015f\u0131kl\u0131\u011f\u0131n\u0131 art\u0131rabilir.<\/p>\n<\/li>\n<li data-start=\"4042\" data-end=\"4232\">\n<p data-start=\"4045\" data-end=\"4232\"><strong data-start=\"4045\" data-end=\"4074\">\u0130\u015flevsellik ve Mahremiyet<\/strong>: Caml\u0131 kap\u0131lar, tasar\u0131m\u0131na ba\u011fl\u0131 olarak mahremiyet sa\u011flamada da etkili olabilir. \u00d6rne\u011fin, mat caml\u0131 kap\u0131lar, i\u00e7 mekanda \u0131\u015f\u0131k ge\u00e7irirken mahremiyet de sa\u011flar.<\/p>\n<\/li>\n<\/ol>\n<h4 data-start=\"4234\" data-end=\"4296\"><strong data-start=\"4239\" data-end=\"4296\">Sonu\u00e7: Caml\u0131 Oda Kap\u0131lar\u0131 ile \u0130\u00e7 Mekan\u0131n\u0131z\u0131 Yenileyin<\/strong><\/h4>\n<p data-start=\"4298\" data-end=\"4707\"><strong data-start=\"4298\" data-end=\"4320\">Caml\u0131 oda kap\u0131lar\u0131<\/strong>, i\u00e7 mekanlarda \u015f\u0131kl\u0131\u011f\u0131, ferahl\u0131\u011f\u0131 ve \u0131\u015f\u0131k ge\u00e7irgenli\u011fini art\u0131ran m\u00fckemmel bir tercihtir. <strong data-start=\"4410\" data-end=\"4438\">Caml\u0131 oda kap\u0131 modelleri<\/strong> aras\u0131nda farkl\u0131 stiller ve tasar\u0131mlar bulunur. Bu kap\u0131lar, sadece g\u00f6rsel olarak de\u011fil, i\u015flevsel olarak da odalar aras\u0131ndaki ba\u011flant\u0131y\u0131 g\u00fc\u00e7lendirir. <strong data-start=\"4587\" data-end=\"4610\">Caml\u0131 i\u00e7 oda kap\u0131s\u0131<\/strong> se\u00e7imi, her t\u00fcrl\u00fc dekorasyon tarz\u0131na uyum sa\u011flar ve ya\u015fam alan\u0131n\u0131zda modern bir dokunu\u015f yarat\u0131r.<\/p>\n<p data-start=\"4709\" data-end=\"4945\">\u0130ster modern ister klasik bir i\u00e7 mekan\u0131n\u0131z olsun, <strong data-start=\"4759\" data-end=\"4783\">caml\u0131 kap\u0131 modelleri<\/strong>, her t\u00fcr ihtiyaca ve dekorasyon tarz\u0131na hitap eder. \u0130\u00e7 mekanlar\u0131n\u0131z\u0131 daha ayd\u0131nl\u0131k, ferah ve \u015f\u0131k hale getirmek i\u00e7in <strong data-start=\"4900\" data-end=\"4922\">caml\u0131 oda kap\u0131lar\u0131<\/strong> m\u00fckemmel bir se\u00e7imdir.<\/p>\n<h3 data-start=\"0\" data-end=\"76\"><span style=\"font-size: 16px;\"> hale getirecektir.<\/span><\/h3>\n<\/div>\n<\/div>\n<\/div>\n<\/div>\n<\/div>\n<\/div>\n<\/article>\n<\/div>\n<\/div>\n<\/div>\n<\/div>\n<\/div>\n<\/div>\n<\/div>\n<\/article>\n<\/div>\n<\/div>\n","protected":false},"excerpt":{"rendered":"<p>Caml\u0131 Oda Kap\u0131lar\u0131: Estetik ve Fonksiyonelli\u011fi Birle\u015ftiren \u015e\u0131kl\u0131k \u0130\u00e7 mekanlarda kullan\u0131lan kap\u0131lar, yaln\u0131zca i\u015flevsel de\u011fil, ayn\u0131 zamanda dekoratif unsurlar olarak da \u00f6nemli bir rol oynar. Caml\u0131 oda kap\u0131lar\u0131\u00a0modern i\u00e7 mekanlarda \u015f\u0131kl\u0131\u011f\u0131 ve ferahl\u0131\u011f\u0131 art\u0131ran m\u00fckemmel se\u00e7eneklerden biridir. Caml\u0131 oda kap\u0131 modelleri, caml\u0131 i\u00e7 oda kap\u0131s\u0131, caml\u0131 i\u00e7 kap\u0131 modeli gibi farkl\u0131 tasar\u0131mlar, hem do\u011fal \u0131\u015f\u0131\u011f\u0131n<\/p>\n","protected":false},"featured_media":10077,"template":"","meta":{"_bbp_topic_count":0,"_bbp_reply_count":0,"_bbp_total_topic_count":0,"_bbp_total_reply_count":0,"_bbp_voice_count":0,"_bbp_anonymous_reply_count":0,"_bbp_topic_count_hidden":0,"_bbp_reply_count_hidden":0,"_bbp_forum_subforum_count":0},"product_brand":[],"product_cat":[913],"product_tag":[],"class_list":{"0":"post-10076","1":"product","2":"type-product","3":"status-publish","4":"has-post-thumbnail","6":"product_cat-913","8":"first","9":"instock","10":"shipping-taxable","11":"product-type-simple","12":"prodpage-classic"},"yoast_head":"<!-- This site is optimized with the Yoast SEO Premium plugin v26.6 (Yoast SEO v27.3) - https:\/\/yoast.com\/product\/yoast-seo-premium-wordpress\/ -->\n<title>Caml\u0131 Oda Kap\u0131lar\u0131 - \u0130\u00e7 Oda Kap\u0131lar\u0131 - \u00c7elik kap\u0131 modelleri - apartman kap\u0131lar\u0131<\/title>\n<meta name=\"robots\" content=\"index, follow, max-snippet:-1, max-image-preview:large, max-video-preview:-1\" \/>\n<link rel=\"canonical\" href=\"https:\/\/www.kapi.ltd\/mk\/urun\/camli-oda-kapilari\/\" \/>\n<meta property=\"og:locale\" content=\"mk_MK\" \/>\n<meta property=\"og:type\" content=\"article\" \/>\n<meta property=\"og:title\" content=\"Caml\u0131 Oda Kap\u0131lar\u0131\" \/>\n<meta property=\"og:description\" content=\"Caml\u0131 Oda Kap\u0131lar\u0131: Estetik ve Fonksiyonelli\u011fi Birle\u015ftiren \u015e\u0131kl\u0131k \u0130\u00e7 mekanlarda kullan\u0131lan kap\u0131lar, yaln\u0131zca i\u015flevsel de\u011fil, ayn\u0131 zamanda dekoratif unsurlar olarak da \u00f6nemli bir rol oynar. Caml\u0131 oda kap\u0131lar\u0131\u00a0modern i\u00e7 mekanlarda \u015f\u0131kl\u0131\u011f\u0131 ve ferahl\u0131\u011f\u0131 art\u0131ran m\u00fckemmel se\u00e7eneklerden biridir. Caml\u0131 oda kap\u0131 modelleri, caml\u0131 i\u00e7 oda kap\u0131s\u0131, caml\u0131 i\u00e7 kap\u0131 modeli gibi farkl\u0131 tasar\u0131mlar, hem do\u011fal \u0131\u015f\u0131\u011f\u0131n\" \/>\n<meta property=\"og:url\" content=\"https:\/\/www.kapi.ltd\/mk\/urun\/camli-oda-kapilari\/\" \/>\n<meta property=\"og:site_name\" content=\"\u0130\u00e7 Oda Kap\u0131lar\u0131 - \u00c7elik kap\u0131 modelleri - apartman kap\u0131lar\u0131\" \/>\n<meta property=\"article:modified_time\" content=\"2026-03-08T07:03:32+00:00\" \/>\n<meta name=\"twitter:card\" content=\"summary_large_image\" \/>\n<meta name=\"twitter:label1\" content=\"Est. reading time\" \/>\n\t<meta name=\"twitter:data1\" content=\"5 \u043c\u0438\u043d\u0443\u0442\u0438\" \/>\n<script type=\"application\/ld+json\" class=\"yoast-schema-graph\">{\"@context\":\"https:\\\/\\\/schema.org\",\"@graph\":[{\"@type\":\"WebPage\",\"@id\":\"https:\\\/\\\/www.kapi.ltd\\\/mk\\\/urun\\\/camli-oda-kapilari\\\/\",\"url\":\"https:\\\/\\\/www.kapi.ltd\\\/mk\\\/urun\\\/camli-oda-kapilari\\\/\",\"name\":\"Caml\u0131 Oda Kap\u0131lar\u0131 - \u0130\u00e7 Oda Kap\u0131lar\u0131 - \u00c7elik kap\u0131 modelleri - apartman kap\u0131lar\u0131\",\"isPartOf\":{\"@id\":\"https:\\\/\\\/www.kapi.ltd\\\/mk\\\/#website\"},\"primaryImageOfPage\":{\"@id\":\"https:\\\/\\\/www.kapi.ltd\\\/mk\\\/urun\\\/camli-oda-kapilari\\\/#primaryimage\"},\"image\":{\"@id\":\"https:\\\/\\\/www.kapi.ltd\\\/mk\\\/urun\\\/camli-oda-kapilari\\\/#primaryimage\"},\"thumbnailUrl\":\"https:\\\/\\\/www.kapi.ltd\\\/wp-content\\\/uploads\\\/2026\\\/02\\\/camli-oda-kapisi.webp\",\"datePublished\":\"2026-02-28T13:48:27+00:00\",\"dateModified\":\"2026-03-08T07:03:32+00:00\",\"breadcrumb\":{\"@id\":\"https:\\\/\\\/www.kapi.ltd\\\/mk\\\/urun\\\/camli-oda-kapilari\\\/#breadcrumb\"},\"inLanguage\":\"mk-MK\",\"potentialAction\":[{\"@type\":\"ReadAction\",\"target\":[\"https:\\\/\\\/www.kapi.ltd\\\/mk\\\/urun\\\/camli-oda-kapilari\\\/\"]}]},{\"@type\":\"ImageObject\",\"inLanguage\":\"mk-MK\",\"@id\":\"https:\\\/\\\/www.kapi.ltd\\\/mk\\\/urun\\\/camli-oda-kapilari\\\/#primaryimage\",\"url\":\"https:\\\/\\\/www.kapi.ltd\\\/wp-content\\\/uploads\\\/2026\\\/02\\\/camli-oda-kapisi.webp\",\"contentUrl\":\"https:\\\/\\\/www.kapi.ltd\\\/wp-content\\\/uploads\\\/2026\\\/02\\\/camli-oda-kapisi.webp\",\"width\":500,\"height\":750,\"caption\":\"caml\u0131 oda kap\u0131s\u0131\"},{\"@type\":\"BreadcrumbList\",\"@id\":\"https:\\\/\\\/www.kapi.ltd\\\/mk\\\/urun\\\/camli-oda-kapilari\\\/#breadcrumb\",\"itemListElement\":[{\"@type\":\"ListItem\",\"position\":1,\"name\":\"Anasayfa\",\"item\":\"https:\\\/\\\/www.kapi.ltd\\\/mk\\\/\"},{\"@type\":\"ListItem\",\"position\":2,\"name\":\"ic-kapi-celik-kapi-modelleri\",\"item\":\"https:\\\/\\\/www.kapi.ltd\\\/?page_id=4263\"},{\"@type\":\"ListItem\",\"position\":3,\"name\":\"Caml\u0131 Oda Kap\u0131lar\u0131\"}]},{\"@type\":\"WebSite\",\"@id\":\"https:\\\/\\\/www.kapi.ltd\\\/mk\\\/#website\",\"url\":\"https:\\\/\\\/www.kapi.ltd\\\/mk\\\/\",\"name\":\"\u0130\u00e7 Kap\u0131 Ve \u00c7elik Kap\u0131 Modelleri\",\"description\":\"T\u00fcrkiye Kap\u0131 Modelleri Merkezi\",\"potentialAction\":[{\"@type\":\"SearchAction\",\"target\":{\"@type\":\"EntryPoint\",\"urlTemplate\":\"https:\\\/\\\/www.kapi.ltd\\\/mk\\\/?s={search_term_string}\"},\"query-input\":{\"@type\":\"PropertyValueSpecification\",\"valueRequired\":true,\"valueName\":\"search_term_string\"}}],\"inLanguage\":\"mk-MK\"}]}<\/script>\n<!-- \/ Yoast SEO Premium plugin. -->","yoast_head_json":{"title":"Caml\u0131 Oda Kap\u0131lar\u0131 - \u0130\u00e7 Oda Kap\u0131lar\u0131 - \u00c7elik kap\u0131 modelleri - apartman kap\u0131lar\u0131","robots":{"index":"index","follow":"follow","max-snippet":"max-snippet:-1","max-image-preview":"max-image-preview:large","max-video-preview":"max-video-preview:-1"},"canonical":"https:\/\/www.kapi.ltd\/mk\/urun\/camli-oda-kapilari\/","og_locale":"mk_MK","og_type":"article","og_title":"Caml\u0131 Oda Kap\u0131lar\u0131","og_description":"Caml\u0131 Oda Kap\u0131lar\u0131: Estetik ve Fonksiyonelli\u011fi Birle\u015ftiren \u015e\u0131kl\u0131k \u0130\u00e7 mekanlarda kullan\u0131lan kap\u0131lar, yaln\u0131zca i\u015flevsel de\u011fil, ayn\u0131 zamanda dekoratif unsurlar olarak da \u00f6nemli bir rol oynar. Caml\u0131 oda kap\u0131lar\u0131\u00a0modern i\u00e7 mekanlarda \u015f\u0131kl\u0131\u011f\u0131 ve ferahl\u0131\u011f\u0131 art\u0131ran m\u00fckemmel se\u00e7eneklerden biridir. Caml\u0131 oda kap\u0131 modelleri, caml\u0131 i\u00e7 oda kap\u0131s\u0131, caml\u0131 i\u00e7 kap\u0131 modeli gibi farkl\u0131 tasar\u0131mlar, hem do\u011fal \u0131\u015f\u0131\u011f\u0131n","og_url":"https:\/\/www.kapi.ltd\/mk\/urun\/camli-oda-kapilari\/","og_site_name":"\u0130\u00e7 Oda Kap\u0131lar\u0131 - \u00c7elik kap\u0131 modelleri - apartman kap\u0131lar\u0131","article_modified_time":"2026-03-08T07:03:32+00:00","twitter_card":"summary_large_image","twitter_misc":{"Est. reading time":"5 \u043c\u0438\u043d\u0443\u0442\u0438"},"schema":{"@context":"https:\/\/schema.org","@graph":[{"@type":"WebPage","@id":"https:\/\/www.kapi.ltd\/mk\/urun\/camli-oda-kapilari\/","url":"https:\/\/www.kapi.ltd\/mk\/urun\/camli-oda-kapilari\/","name":"Caml\u0131 Oda Kap\u0131lar\u0131 - \u0130\u00e7 Oda Kap\u0131lar\u0131 - \u00c7elik kap\u0131 modelleri - apartman kap\u0131lar\u0131","isPartOf":{"@id":"https:\/\/www.kapi.ltd\/mk\/#website"},"primaryImageOfPage":{"@id":"https:\/\/www.kapi.ltd\/mk\/urun\/camli-oda-kapilari\/#primaryimage"},"image":{"@id":"https:\/\/www.kapi.ltd\/mk\/urun\/camli-oda-kapilari\/#primaryimage"},"thumbnailUrl":"https:\/\/www.kapi.ltd\/wp-content\/uploads\/2026\/02\/camli-oda-kapisi.webp","datePublished":"2026-02-28T13:48:27+00:00","dateModified":"2026-03-08T07:03:32+00:00","breadcrumb":{"@id":"https:\/\/www.kapi.ltd\/mk\/urun\/camli-oda-kapilari\/#breadcrumb"},"inLanguage":"mk-MK","potentialAction":[{"@type":"ReadAction","target":["https:\/\/www.kapi.ltd\/mk\/urun\/camli-oda-kapilari\/"]}]},{"@type":"ImageObject","inLanguage":"mk-MK","@id":"https:\/\/www.kapi.ltd\/mk\/urun\/camli-oda-kapilari\/#primaryimage","url":"https:\/\/www.kapi.ltd\/wp-content\/uploads\/2026\/02\/camli-oda-kapisi.webp","contentUrl":"https:\/\/www.kapi.ltd\/wp-content\/uploads\/2026\/02\/camli-oda-kapisi.webp","width":500,"height":750,"caption":"caml\u0131 oda kap\u0131s\u0131"},{"@type":"BreadcrumbList","@id":"https:\/\/www.kapi.ltd\/mk\/urun\/camli-oda-kapilari\/#breadcrumb","itemListElement":[{"@type":"ListItem","position":1,"name":"Anasayfa","item":"https:\/\/www.kapi.ltd\/mk\/"},{"@type":"ListItem","position":2,"name":"ic-kapi-celik-kapi-modelleri","item":"https:\/\/www.kapi.ltd\/?page_id=4263"},{"@type":"ListItem","position":3,"name":"Caml\u0131 Oda Kap\u0131lar\u0131"}]},{"@type":"WebSite","@id":"https:\/\/www.kapi.ltd\/mk\/#website","url":"https:\/\/www.kapi.ltd\/mk\/","name":"\u0130\u00e7 Kap\u0131 Ve \u00c7elik Kap\u0131 Modelleri","description":"T\u00fcrkiye Kap\u0131 Modelleri Merkezi","potentialAction":[{"@type":"SearchAction","target":{"@type":"EntryPoint","urlTemplate":"https:\/\/www.kapi.ltd\/mk\/?s={search_term_string}"},"query-input":{"@type":"PropertyValueSpecification","valueRequired":true,"valueName":"search_term_string"}}],"inLanguage":"mk-MK"}]}},"_links":{"self":[{"href":"https:\/\/www.kapi.ltd\/mk\/wp-json\/wp\/v2\/product\/10076","targetHints":{"allow":["GET"]}}],"collection":[{"href":"https:\/\/www.kapi.ltd\/mk\/wp-json\/wp\/v2\/product"}],"about":[{"href":"https:\/\/www.kapi.ltd\/mk\/wp-json\/wp\/v2\/types\/product"}],"version-history":[{"count":0,"href":"https:\/\/www.kapi.ltd\/mk\/wp-json\/wp\/v2\/product\/10076\/revisions"}],"wp:featuredmedia":[{"embeddable":true,"href":"https:\/\/www.kapi.ltd\/mk\/wp-json\/wp\/v2\/media\/10077"}],"wp:attachment":[{"href":"https:\/\/www.kapi.ltd\/mk\/wp-json\/wp\/v2\/media?parent=10076"}],"wp:term":[{"taxonomy":"product_brand","embeddable":true,"href":"https:\/\/www.kapi.ltd\/mk\/wp-json\/wp\/v2\/product_brand?post=10076"},{"taxonomy":"product_cat","embeddable":true,"href":"https:\/\/www.kapi.ltd\/mk\/wp-json\/wp\/v2\/product_cat?post=10076"},{"taxonomy":"product_tag","embeddable":true,"href":"https:\/\/www.kapi.ltd\/mk\/wp-json\/wp\/v2\/product_tag?post=10076"}],"curies":[{"name":"wp","href":"https:\/\/api.w.org\/{rel}","templated":true}]}}