{"id":10064,"date":"2026-02-28T16:01:20","date_gmt":"2026-02-28T13:01:20","guid":{"rendered":"https:\/\/www.kapi.ltd\/urun\/yatak-odasi-kapisi\/"},"modified":"2026-03-08T09:58:46","modified_gmt":"2026-03-08T06:58:46","slug":"yatak-odasi-kapisi","status":"publish","type":"product","link":"https:\/\/www.kapi.ltd\/mk\/urun\/yatak-odasi-kapisi\/","title":{"rendered":"Yatak Odas\u0131 Kap\u0131s\u0131"},"content":{"rendered":"<div class=\"relative basis-auto flex-col -mb-(--composer-overlap-px) [--composer-overlap-px:28px] grow flex\">\n<div class=\"flex flex-col text-sm pb-25\">\n<article class=\"text-token-text-primary w-full focus:outline-none [--shadow-height:45px] has-data-writing-block:pointer-events-none has-data-writing-block:-mt-(--shadow-height) has-data-writing-block:pt-(--shadow-height) [&amp;:has([data-writing-block])&gt;*]:pointer-events-auto scroll-mt-[calc(var(--header-height)+min(200px,max(70px,20svh)))]\" dir=\"auto\" tabindex=\"-1\" data-turn-id=\"request-WEB:2b9e6435-ceff-4ba4-bf60-66abfd099f94-4\" data-testid=\"conversation-turn-6\" data-scroll-anchor=\"true\" data-turn=\"assistant\">\n<div class=\"text-base my-auto mx-auto pb-10 [--thread-content-margin:--spacing(4)] @w-sm\/main:[--thread-content-margin:--spacing(6)] @w-lg\/main:[--thread-content-margin:--spacing(16)] px-(--thread-content-margin)\">\n<div class=\"[--thread-content-max-width:40rem] @w-lg\/main:[--thread-content-max-width:48rem] mx-auto max-w-(--thread-content-max-width) flex-1 group\/turn-messages focus-visible:outline-hidden relative flex w-full min-w-0 flex-col agent-turn\" tabindex=\"-1\">\n<div class=\"flex max-w-full flex-col grow\">\n<div class=\"min-h-8 text-message relative flex w-full flex-col items-end gap-2 text-start break-words whitespace-normal [.text-message+&amp;]:mt-1\" dir=\"auto\" data-message-author-role=\"assistant\" data-message-id=\"7e3d4023-93e5-4f40-b9b4-ca2e1a7065cc\" data-message-model-slug=\"gpt-5-2\">\n<div class=\"flex w-full flex-col gap-1 empty:hidden first:pt-[1px]\">\n<div class=\"markdown prose dark:prose-invert w-full wrap-break-word light markdown-new-styling\">\n<div class=\"flex flex-col text-sm\">\n<article class=\"text-token-text-primary w-full focus:outline-none [--shadow-height:45px] has-data-writing-block:pointer-events-none has-data-writing-block:-mt-(--shadow-height) has-data-writing-block:pt-(--shadow-height) [&amp;:has([data-writing-block])&gt;*]:pointer-events-auto scroll-mt-[calc(var(--header-height)+min(200px,max(70px,20svh)))]\" dir=\"auto\" tabindex=\"-1\" data-turn-id=\"request-WEB:cd5deb19-94c9-483e-9ebf-bd612e199c7a-4\" data-testid=\"conversation-turn-10\" data-scroll-anchor=\"true\" data-turn=\"assistant\">\n<div class=\"text-base my-auto mx-auto pb-10 [--thread-content-margin:--spacing(4)] @w-sm\/main:[--thread-content-margin:--spacing(6)] @w-lg\/main:[--thread-content-margin:--spacing(16)] px-(--thread-content-margin)\">\n<div class=\"[--thread-content-max-width:40rem] @w-lg\/main:[--thread-content-max-width:48rem] mx-auto max-w-(--thread-content-max-width) flex-1 group\/turn-messages focus-visible:outline-hidden relative flex w-full min-w-0 flex-col agent-turn\" tabindex=\"-1\">\n<div class=\"flex max-w-full flex-col grow\">\n<div class=\"min-h-8 text-message relative flex w-full flex-col items-end gap-2 text-start break-words whitespace-normal [.text-message+&amp;]:mt-1\" dir=\"auto\" data-message-author-role=\"assistant\" data-message-id=\"b96b74e1-3daa-4b7d-9619-2887dd84cbb3\" data-message-model-slug=\"gpt-5-2\">\n<div class=\"flex w-full flex-col gap-1 empty:hidden first:pt-[1px]\">\n<div class=\"markdown prose dark:prose-invert w-full wrap-break-word light markdown-new-styling\">\n<h3 data-start=\"0\" data-end=\"76\"><strong data-start=\"4\" data-end=\"76\">Yatak Odas\u0131 Kap\u0131lar\u0131: Estetik ve Fonksiyonellik \u0130\u00e7in En \u0130yi Se\u00e7imler<\/strong><\/h3>\n<p data-start=\"78\" data-end=\"694\">\u0130\u00e7 mekanlarda kullan\u0131lan kap\u0131lar, odalar\u0131n i\u015flevselli\u011fini art\u0131r\u0131rken ayn\u0131 zamanda estetik bir g\u00f6r\u00fcn\u00fcm sa\u011flar. <strong data-start=\"188\" data-end=\"212\">Yatak odas\u0131 kap\u0131lar\u0131<\/strong>, evdeki en \u00f6nemli odalardan birine ait olan bu kap\u0131lar, yaln\u0131zca mahremiyet sa\u011flamakla kalmaz, ayn\u0131 zamanda odan\u0131n dekorasyonunu tamamlar. <strong data-start=\"352\" data-end=\"382\">Yatak odas\u0131 kap\u0131 modelleri<\/strong> ve <strong data-start=\"386\" data-end=\"410\">ev i\u00e7 kap\u0131 modelleri<\/strong> aras\u0131ndaki do\u011fru se\u00e7imi yapmak, ya\u015fam alan\u0131n\u0131z\u0131n g\u00f6r\u00fcn\u00fcm\u00fcn\u00fc ve kullan\u0131m\u0131n\u0131 do\u011frudan etkiler. Bu yaz\u0131da, <strong data-start=\"515\" data-end=\"539\">yatak odas\u0131 kap\u0131lar\u0131<\/strong>, <strong data-start=\"541\" data-end=\"563\">yatak odas\u0131 kap\u0131s\u0131<\/strong> ve <strong data-start=\"567\" data-end=\"587\">ev i\u00e7 oda kap\u0131s\u0131<\/strong> gibi anahtar kelimeleri kullanarak, yatak odas\u0131 kap\u0131lar\u0131yla ilgili \u00e7e\u015fitli \u00f6nemli bilgileri inceleyece\u011fiz.<\/p>\n<h2 data-start=\"696\" data-end=\"765\"><strong data-start=\"701\" data-end=\"765\">Yatak Odas\u0131 Kap\u0131lar\u0131: Mahremiyet ve \u015e\u0131kl\u0131\u011f\u0131n Bulu\u015ftu\u011fu Nokta<\/strong><\/h2>\n<p data-start=\"767\" data-end=\"1277\"><strong data-start=\"767\" data-end=\"791\">Yatak odas\u0131 kap\u0131lar\u0131<\/strong>, sadece odalar\u0131 birbirinden ay\u0131rmakla kalmaz, ayn\u0131 zamanda ki\u015fisel alan\u0131 korur ve odalar\u0131n dekoratif yap\u0131s\u0131n\u0131 tamamlar. Yatak odas\u0131 kap\u0131lar\u0131, genellikle ses yal\u0131t\u0131m\u0131, gizlilik ve estetik a\u00e7\u0131dan \u00f6nemli \u00f6zellikler ta\u015f\u0131r. <strong data-start=\"1011\" data-end=\"1035\">Yatak odas\u0131 kap\u0131lar\u0131<\/strong> se\u00e7erken, odan\u0131n i\u015flevini ve evin genel dekorasyonunu g\u00f6z \u00f6n\u00fcnde bulundurmak \u00e7ok \u00f6nemlidir. \u00d6rne\u011fin, <strong data-start=\"1137\" data-end=\"1159\">yatak odas\u0131 kap\u0131s\u0131<\/strong> se\u00e7imi, odada huzurlu bir uyku ortam\u0131 yaratmak i\u00e7in ses yal\u0131t\u0131m\u0131 sa\u011flayan bir modelin tercih edilmesine olanak tan\u0131r.<\/p>\n<p data-start=\"1279\" data-end=\"1560\">Farkl\u0131 <strong data-start=\"1286\" data-end=\"1306\">yatak oda kap\u0131s\u0131<\/strong> modelleri, farkl\u0131 stillere uygun olarak \u00fcretilir. Modern, klasik, minimalist veya rustik gibi \u00e7e\u015fitli dekorasyon stillerine uyum sa\u011flayacak kap\u0131 modelleri bulunur. <strong data-start=\"1471\" data-end=\"1501\">Yatak odas\u0131 kap\u0131 modelleri<\/strong> aras\u0131nda caml\u0131, panel, d\u00fcz ve ah\u015fap se\u00e7enekleri mevcuttur.<\/p>\n<h2 data-start=\"1562\" data-end=\"1629\"><strong data-start=\"1567\" data-end=\"1629\">Yatak Odas\u0131 Kap\u0131 Modelleri: Farkl\u0131 Tarzlara Uygun \u00c7e\u015fitler<\/strong><\/h2>\n<p data-start=\"1631\" data-end=\"1912\"><strong data-start=\"1631\" data-end=\"1655\">Yatak odas\u0131 kap\u0131lar\u0131<\/strong>, odalar\u0131n dekorasyonuna uyum sa\u011flayacak \u015fekilde \u00e7ok \u00e7e\u015fitli modellerde \u00fcretilir. <strong data-start=\"1737\" data-end=\"1767\">Yatak odas\u0131 kap\u0131 modelleri<\/strong>, odan\u0131n stiline, b\u00fcy\u00fckl\u00fc\u011f\u00fcne ve kullan\u0131m amac\u0131na g\u00f6re farkl\u0131l\u0131k g\u00f6sterir. \u0130\u015fte yatak odas\u0131 i\u00e7in tercih edilebilecek baz\u0131 pop\u00fcler kap\u0131 modelleri:<\/p>\n<ul data-start=\"1914\" data-end=\"2578\">\n<li data-start=\"1914\" data-end=\"2143\">\n<p data-start=\"1916\" data-end=\"2143\"><strong data-start=\"1916\" data-end=\"1946\">Panel Yatak Odas\u0131 Kap\u0131lar\u0131<\/strong>: Klasik bir tasar\u0131m\u0131 tercih edenler i\u00e7in ideal olan panel kap\u0131lar, odada zarif bir atmosfer yarat\u0131r. Ah\u015fap veya MDF malzemelerle \u00fcretilen bu kap\u0131lar, geleneksel tarzda dekorasyonlarla uyum sa\u011flar.<\/p>\n<\/li>\n<li data-start=\"2147\" data-end=\"2392\">\n<p data-start=\"2149\" data-end=\"2392\"><strong data-start=\"2149\" data-end=\"2179\">Caml\u0131 Yatak Odas\u0131 Kap\u0131lar\u0131<\/strong>: Caml\u0131 kap\u0131lar, i\u00e7 mekanlarda daha fazla \u0131\u015f\u0131\u011f\u0131n ge\u00e7i\u015fine izin verir, b\u00f6ylece odalar daha ayd\u0131nl\u0131k ve geni\u015f g\u00f6r\u00fcn\u00fcr. Ayr\u0131ca, caml\u0131 kap\u0131lar, odalar aras\u0131nda g\u00f6rsel bir \u015feffafl\u0131k sa\u011flayarak modern bir g\u00f6r\u00fcn\u00fcm sunar.<\/p>\n<\/li>\n<li data-start=\"2394\" data-end=\"2578\">\n<p data-start=\"2396\" data-end=\"2578\"><strong data-start=\"2396\" data-end=\"2424\">D\u00fcz Yatak Odas\u0131 Kap\u0131lar\u0131<\/strong>: Minimalist tasar\u0131mlar\u0131 sevenler i\u00e7in d\u00fcz kap\u0131lar en uygun tercihtir. Sade bir g\u00f6r\u00fcn\u00fcme sahip olan bu kap\u0131lar, modern i\u00e7 mekanlarla m\u00fckemmel uyum sa\u011flar.<\/p>\n<\/li>\n<\/ul>\n<h4 data-start=\"2580\" data-end=\"2662\"><strong data-start=\"2585\" data-end=\"2662\">Ev \u0130\u00e7 Oda Kap\u0131s\u0131 ve Ev \u0130\u00e7 Kap\u0131 Modelleri: Evdeki Her Odaya Uygun \u00c7\u00f6z\u00fcmler<\/strong><\/h4>\n<p data-start=\"2664\" data-end=\"2940\"><strong data-start=\"2664\" data-end=\"2684\">Ev i\u00e7 oda kap\u0131s\u0131<\/strong>, evin farkl\u0131 odalar\u0131n\u0131 birbirinden ay\u0131ran kap\u0131lard\u0131r. <strong data-start=\"2739\" data-end=\"2760\">Ev i\u00e7 kap\u0131 modeli<\/strong> se\u00e7imi, evdeki t\u00fcm i\u00e7 mekanlar\u0131n d\u00fczenini ve atmosferini etkiler. <strong data-start=\"2827\" data-end=\"2847\">Ev i\u00e7 oda kap\u0131s\u0131<\/strong> se\u00e7iminde kullan\u0131lan malzeme, renk ve tasar\u0131m, odalar\u0131n i\u015flevini ve dekorasyonunu destekler.<\/p>\n<p data-start=\"2942\" data-end=\"3365\"><strong data-start=\"2942\" data-end=\"2966\">Ev i\u00e7 kap\u0131 modelleri<\/strong>, genellikle dayan\u0131kl\u0131 malzemelerden \u00fcretilir ve uzun \u00f6m\u00fcrl\u00fc kullan\u0131m sunar. MDF, PVC, ah\u015fap gibi malzemeler, ev i\u00e7 kap\u0131lar\u0131n\u0131n \u00fcretiminde en \u00e7ok tercih edilen se\u00e7eneklerdir. Bu kap\u0131lar, ses yal\u0131t\u0131m\u0131 sa\u011flamak, \u0131\u015f\u0131k ge\u00e7i\u015fini d\u00fczenlemek ve estetik g\u00f6r\u00fcn\u00fcm\u00fc art\u0131rmak i\u00e7in kullan\u0131l\u0131r. <strong data-start=\"3247\" data-end=\"3267\">Ev i\u00e7 oda kap\u0131s\u0131<\/strong> olarak kullan\u0131lan bu modeller, yatak odas\u0131, oturma odas\u0131, banyo gibi farkl\u0131 alanlara uyum sa\u011flar.<\/p>\n<h4 data-start=\"3367\" data-end=\"3446\"><strong data-start=\"3372\" data-end=\"3446\">Yatak Odas\u0131 Kap\u0131lar\u0131nda Do\u011fru Se\u00e7im: Dayan\u0131kl\u0131l\u0131k ve Estetik Bir Arada<\/strong><\/h4>\n<p data-start=\"3448\" data-end=\"3783\"><strong data-start=\"3448\" data-end=\"3472\">Yatak odas\u0131 kap\u0131lar\u0131<\/strong> sadece g\u00f6r\u00fcn\u00fc\u015f\u00fcyle de\u011fil, ayn\u0131 zamanda sa\u011flaml\u0131klar\u0131yla da dikkat etmelidir. <strong data-start=\"3550\" data-end=\"3570\">Yatak oda kap\u0131s\u0131<\/strong> ve <strong data-start=\"3574\" data-end=\"3595\">ev i\u00e7 kap\u0131 modeli<\/strong> se\u00e7erken, dayan\u0131kl\u0131l\u0131k, kullan\u0131m kolayl\u0131\u011f\u0131 ve malzeme kalitesi g\u00f6z \u00f6n\u00fcnde bulundurulmal\u0131d\u0131r. Ah\u015fap, MDF, PVC ve metal gibi malzemeler, farkl\u0131 dekorasyon stillerine uygun se\u00e7enekler sunar.<\/p>\n<ul data-start=\"3785\" data-end=\"4344\">\n<li data-start=\"3785\" data-end=\"3990\">\n<p data-start=\"3787\" data-end=\"3990\"><strong data-start=\"3787\" data-end=\"3802\">MDF Kap\u0131lar<\/strong>: Hafif, dayan\u0131kl\u0131 ve ekonomik olan MDF kap\u0131lar, genellikle modern tasar\u0131mlar i\u00e7in tercih edilir. Renk ve desen \u00e7e\u015fitlili\u011fi sunarak, i\u00e7 mekandaki di\u011fer dekorasyon unsurlar\u0131yla uyum sa\u011flar.<\/p>\n<\/li>\n<li data-start=\"3991\" data-end=\"4156\">\n<p data-start=\"3993\" data-end=\"4156\"><strong data-start=\"3993\" data-end=\"4010\">Ah\u015fap Kap\u0131lar<\/strong>: Ah\u015fap kap\u0131lar, do\u011fal bir g\u00f6r\u00fcn\u00fcm sa\u011flar ve klasik tarz\u0131 sevenler i\u00e7in idealdir. Ayn\u0131 zamanda g\u00fc\u00e7l\u00fc ve dayan\u0131kl\u0131d\u0131r, uzun s\u00fcreli kullan\u0131m sa\u011flar.<\/p>\n<\/li>\n<li data-start=\"4157\" data-end=\"4344\">\n<p data-start=\"4159\" data-end=\"4344\"><strong data-start=\"4159\" data-end=\"4174\">PVC Kap\u0131lar<\/strong>: PVC kap\u0131lar, suya ve neme kar\u015f\u0131 dayan\u0131kl\u0131d\u0131r, bu y\u00fczden \u00f6zellikle banyo ve mutfak gibi nemli alanlarda tercih edilir. Ayr\u0131ca, kolay temizlenebilir ve bak\u0131m gerektirmez.<\/p>\n<\/li>\n<\/ul>\n<h4 data-start=\"4346\" data-end=\"4404\"><strong data-start=\"4351\" data-end=\"4404\">Sonu\u00e7: Yatak Odas\u0131 Kap\u0131lar\u0131 ile \u015e\u0131kl\u0131\u011f\u0131 Yakalay\u0131n<\/strong><\/h4>\n<p data-start=\"4406\" data-end=\"4788\"><strong data-start=\"4406\" data-end=\"4430\">Yatak odas\u0131 kap\u0131lar\u0131<\/strong>, ev dekorasyonunun \u00f6nemli bir par\u00e7as\u0131d\u0131r. <strong data-start=\"4473\" data-end=\"4503\">Yatak oda kap\u0131s\u0131 modelleri<\/strong>, farkl\u0131 tasar\u0131mlar, renkler ve malzemelerle evinizin genel dekorasyonuna uyum sa\u011flar. <strong data-start=\"4590\" data-end=\"4614\">Ev i\u00e7 kap\u0131 modelleri<\/strong> ve <strong data-start=\"4618\" data-end=\"4642\">yatak odas\u0131 kap\u0131lar\u0131<\/strong>, sadece \u015f\u0131k bir g\u00f6r\u00fcn\u00fcm sunmakla kalmaz, ayn\u0131 zamanda odalar aras\u0131nda mahremiyet, ses yal\u0131t\u0131m\u0131 ve g\u00fcvenlik gibi fonksiyonel \u00f6zellikler de sa\u011flar.<\/p>\n<p data-start=\"4790\" data-end=\"5072\"><strong data-start=\"4790\" data-end=\"4814\">Yatak odas\u0131 kap\u0131lar\u0131<\/strong> ile hem estetik hem de fonksiyonellik a\u00e7\u0131s\u0131ndan ideal bir se\u00e7im yaparak ya\u015fam alan\u0131n\u0131z\u0131n atmosferini de\u011fi\u015ftirebilirsiniz. \u0130\u00e7 mekanlar\u0131n\u0131zda \u015f\u0131kl\u0131\u011f\u0131 ve konforu bir arada sunacak do\u011fru kap\u0131y\u0131 se\u00e7mek, ya\u015fam alan\u0131n\u0131z\u0131 daha rahat ve kullan\u0131\u015fl\u0131 hale getirecektir.<\/p>\n<\/div>\n<\/div>\n<\/div>\n<\/div>\n<\/div>\n<\/div>\n<\/article>\n<\/div>\n<\/div>\n<\/div>\n<\/div>\n<\/div>\n<\/div>\n<\/div>\n<\/article>\n<\/div>\n<\/div>\n","protected":false},"excerpt":{"rendered":"<p>Yatak Odas\u0131 Kap\u0131lar\u0131: Estetik ve Fonksiyonellik \u0130\u00e7in En \u0130yi Se\u00e7imler \u0130\u00e7 mekanlarda kullan\u0131lan kap\u0131lar, odalar\u0131n i\u015flevselli\u011fini art\u0131r\u0131rken ayn\u0131 zamanda estetik bir g\u00f6r\u00fcn\u00fcm sa\u011flar. Yatak odas\u0131 kap\u0131lar\u0131, evdeki en \u00f6nemli odalardan birine ait olan bu kap\u0131lar, yaln\u0131zca mahremiyet sa\u011flamakla kalmaz, ayn\u0131 zamanda odan\u0131n dekorasyonunu tamamlar. Yatak odas\u0131 kap\u0131 modelleri ve ev i\u00e7 kap\u0131 modelleri aras\u0131ndaki do\u011fru<\/p>\n","protected":false},"featured_media":10065,"template":"","meta":{"_bbp_topic_count":0,"_bbp_reply_count":0,"_bbp_total_topic_count":0,"_bbp_total_reply_count":0,"_bbp_voice_count":0,"_bbp_anonymous_reply_count":0,"_bbp_topic_count_hidden":0,"_bbp_reply_count_hidden":0,"_bbp_forum_subforum_count":0},"product_brand":[],"product_cat":[913],"product_tag":[],"class_list":{"0":"post-10064","1":"product","2":"type-product","3":"status-publish","4":"has-post-thumbnail","6":"product_cat-913","8":"first","9":"instock","10":"shipping-taxable","11":"product-type-simple","12":"prodpage-classic"},"yoast_head":"<!-- This site is optimized with the Yoast SEO Premium plugin v26.6 (Yoast SEO v27.3) - https:\/\/yoast.com\/product\/yoast-seo-premium-wordpress\/ -->\n<title>Yatak Odas\u0131 Kap\u0131s\u0131 - \u0130\u00e7 Oda Kap\u0131lar\u0131 - \u00c7elik kap\u0131 modelleri - apartman kap\u0131lar\u0131<\/title>\n<meta name=\"robots\" content=\"index, follow, max-snippet:-1, max-image-preview:large, max-video-preview:-1\" \/>\n<link rel=\"canonical\" href=\"https:\/\/www.kapi.ltd\/mk\/urun\/yatak-odasi-kapisi\/\" \/>\n<meta property=\"og:locale\" content=\"mk_MK\" \/>\n<meta property=\"og:type\" content=\"article\" \/>\n<meta property=\"og:title\" content=\"Yatak Odas\u0131 Kap\u0131s\u0131\" \/>\n<meta property=\"og:description\" content=\"Yatak Odas\u0131 Kap\u0131lar\u0131: Estetik ve Fonksiyonellik \u0130\u00e7in En \u0130yi Se\u00e7imler \u0130\u00e7 mekanlarda kullan\u0131lan kap\u0131lar, odalar\u0131n i\u015flevselli\u011fini art\u0131r\u0131rken ayn\u0131 zamanda estetik bir g\u00f6r\u00fcn\u00fcm sa\u011flar. Yatak odas\u0131 kap\u0131lar\u0131, evdeki en \u00f6nemli odalardan birine ait olan bu kap\u0131lar, yaln\u0131zca mahremiyet sa\u011flamakla kalmaz, ayn\u0131 zamanda odan\u0131n dekorasyonunu tamamlar. Yatak odas\u0131 kap\u0131 modelleri ve ev i\u00e7 kap\u0131 modelleri aras\u0131ndaki do\u011fru\" \/>\n<meta property=\"og:url\" content=\"https:\/\/www.kapi.ltd\/mk\/urun\/yatak-odasi-kapisi\/\" \/>\n<meta property=\"og:site_name\" content=\"\u0130\u00e7 Oda Kap\u0131lar\u0131 - \u00c7elik kap\u0131 modelleri - apartman kap\u0131lar\u0131\" \/>\n<meta property=\"article:modified_time\" content=\"2026-03-08T06:58:46+00:00\" \/>\n<meta name=\"twitter:card\" content=\"summary_large_image\" \/>\n<meta name=\"twitter:label1\" content=\"Est. reading time\" \/>\n\t<meta name=\"twitter:data1\" content=\"5 \u043c\u0438\u043d\u0443\u0442\u0438\" \/>\n<script type=\"application\/ld+json\" class=\"yoast-schema-graph\">{\"@context\":\"https:\\\/\\\/schema.org\",\"@graph\":[{\"@type\":\"WebPage\",\"@id\":\"https:\\\/\\\/www.kapi.ltd\\\/mk\\\/urun\\\/yatak-odasi-kapisi\\\/\",\"url\":\"https:\\\/\\\/www.kapi.ltd\\\/mk\\\/urun\\\/yatak-odasi-kapisi\\\/\",\"name\":\"Yatak Odas\u0131 Kap\u0131s\u0131 - \u0130\u00e7 Oda Kap\u0131lar\u0131 - \u00c7elik kap\u0131 modelleri - apartman kap\u0131lar\u0131\",\"isPartOf\":{\"@id\":\"https:\\\/\\\/www.kapi.ltd\\\/mk\\\/#website\"},\"primaryImageOfPage\":{\"@id\":\"https:\\\/\\\/www.kapi.ltd\\\/mk\\\/urun\\\/yatak-odasi-kapisi\\\/#primaryimage\"},\"image\":{\"@id\":\"https:\\\/\\\/www.kapi.ltd\\\/mk\\\/urun\\\/yatak-odasi-kapisi\\\/#primaryimage\"},\"thumbnailUrl\":\"https:\\\/\\\/www.kapi.ltd\\\/wp-content\\\/uploads\\\/2026\\\/02\\\/yatak-odasi-kapisi.webp\",\"datePublished\":\"2026-02-28T13:01:20+00:00\",\"dateModified\":\"2026-03-08T06:58:46+00:00\",\"breadcrumb\":{\"@id\":\"https:\\\/\\\/www.kapi.ltd\\\/mk\\\/urun\\\/yatak-odasi-kapisi\\\/#breadcrumb\"},\"inLanguage\":\"mk-MK\",\"potentialAction\":[{\"@type\":\"ReadAction\",\"target\":[\"https:\\\/\\\/www.kapi.ltd\\\/mk\\\/urun\\\/yatak-odasi-kapisi\\\/\"]}]},{\"@type\":\"ImageObject\",\"inLanguage\":\"mk-MK\",\"@id\":\"https:\\\/\\\/www.kapi.ltd\\\/mk\\\/urun\\\/yatak-odasi-kapisi\\\/#primaryimage\",\"url\":\"https:\\\/\\\/www.kapi.ltd\\\/wp-content\\\/uploads\\\/2026\\\/02\\\/yatak-odasi-kapisi.webp\",\"contentUrl\":\"https:\\\/\\\/www.kapi.ltd\\\/wp-content\\\/uploads\\\/2026\\\/02\\\/yatak-odasi-kapisi.webp\",\"width\":500,\"height\":750,\"caption\":\"yatak odas\u0131 kap\u0131s\u0131\"},{\"@type\":\"BreadcrumbList\",\"@id\":\"https:\\\/\\\/www.kapi.ltd\\\/mk\\\/urun\\\/yatak-odasi-kapisi\\\/#breadcrumb\",\"itemListElement\":[{\"@type\":\"ListItem\",\"position\":1,\"name\":\"Anasayfa\",\"item\":\"https:\\\/\\\/www.kapi.ltd\\\/mk\\\/\"},{\"@type\":\"ListItem\",\"position\":2,\"name\":\"ic-kapi-celik-kapi-modelleri\",\"item\":\"https:\\\/\\\/www.kapi.ltd\\\/?page_id=4263\"},{\"@type\":\"ListItem\",\"position\":3,\"name\":\"Yatak Odas\u0131 Kap\u0131s\u0131\"}]},{\"@type\":\"WebSite\",\"@id\":\"https:\\\/\\\/www.kapi.ltd\\\/mk\\\/#website\",\"url\":\"https:\\\/\\\/www.kapi.ltd\\\/mk\\\/\",\"name\":\"\u0130\u00e7 Kap\u0131 Ve \u00c7elik Kap\u0131 Modelleri\",\"description\":\"T\u00fcrkiye Kap\u0131 Modelleri Merkezi\",\"potentialAction\":[{\"@type\":\"SearchAction\",\"target\":{\"@type\":\"EntryPoint\",\"urlTemplate\":\"https:\\\/\\\/www.kapi.ltd\\\/mk\\\/?s={search_term_string}\"},\"query-input\":{\"@type\":\"PropertyValueSpecification\",\"valueRequired\":true,\"valueName\":\"search_term_string\"}}],\"inLanguage\":\"mk-MK\"}]}<\/script>\n<!-- \/ Yoast SEO Premium plugin. -->","yoast_head_json":{"title":"Yatak Odas\u0131 Kap\u0131s\u0131 - \u0130\u00e7 Oda Kap\u0131lar\u0131 - \u00c7elik kap\u0131 modelleri - apartman kap\u0131lar\u0131","robots":{"index":"index","follow":"follow","max-snippet":"max-snippet:-1","max-image-preview":"max-image-preview:large","max-video-preview":"max-video-preview:-1"},"canonical":"https:\/\/www.kapi.ltd\/mk\/urun\/yatak-odasi-kapisi\/","og_locale":"mk_MK","og_type":"article","og_title":"Yatak Odas\u0131 Kap\u0131s\u0131","og_description":"Yatak Odas\u0131 Kap\u0131lar\u0131: Estetik ve Fonksiyonellik \u0130\u00e7in En \u0130yi Se\u00e7imler \u0130\u00e7 mekanlarda kullan\u0131lan kap\u0131lar, odalar\u0131n i\u015flevselli\u011fini art\u0131r\u0131rken ayn\u0131 zamanda estetik bir g\u00f6r\u00fcn\u00fcm sa\u011flar. Yatak odas\u0131 kap\u0131lar\u0131, evdeki en \u00f6nemli odalardan birine ait olan bu kap\u0131lar, yaln\u0131zca mahremiyet sa\u011flamakla kalmaz, ayn\u0131 zamanda odan\u0131n dekorasyonunu tamamlar. Yatak odas\u0131 kap\u0131 modelleri ve ev i\u00e7 kap\u0131 modelleri aras\u0131ndaki do\u011fru","og_url":"https:\/\/www.kapi.ltd\/mk\/urun\/yatak-odasi-kapisi\/","og_site_name":"\u0130\u00e7 Oda Kap\u0131lar\u0131 - \u00c7elik kap\u0131 modelleri - apartman kap\u0131lar\u0131","article_modified_time":"2026-03-08T06:58:46+00:00","twitter_card":"summary_large_image","twitter_misc":{"Est. reading time":"5 \u043c\u0438\u043d\u0443\u0442\u0438"},"schema":{"@context":"https:\/\/schema.org","@graph":[{"@type":"WebPage","@id":"https:\/\/www.kapi.ltd\/mk\/urun\/yatak-odasi-kapisi\/","url":"https:\/\/www.kapi.ltd\/mk\/urun\/yatak-odasi-kapisi\/","name":"Yatak Odas\u0131 Kap\u0131s\u0131 - \u0130\u00e7 Oda Kap\u0131lar\u0131 - \u00c7elik kap\u0131 modelleri - apartman kap\u0131lar\u0131","isPartOf":{"@id":"https:\/\/www.kapi.ltd\/mk\/#website"},"primaryImageOfPage":{"@id":"https:\/\/www.kapi.ltd\/mk\/urun\/yatak-odasi-kapisi\/#primaryimage"},"image":{"@id":"https:\/\/www.kapi.ltd\/mk\/urun\/yatak-odasi-kapisi\/#primaryimage"},"thumbnailUrl":"https:\/\/www.kapi.ltd\/wp-content\/uploads\/2026\/02\/yatak-odasi-kapisi.webp","datePublished":"2026-02-28T13:01:20+00:00","dateModified":"2026-03-08T06:58:46+00:00","breadcrumb":{"@id":"https:\/\/www.kapi.ltd\/mk\/urun\/yatak-odasi-kapisi\/#breadcrumb"},"inLanguage":"mk-MK","potentialAction":[{"@type":"ReadAction","target":["https:\/\/www.kapi.ltd\/mk\/urun\/yatak-odasi-kapisi\/"]}]},{"@type":"ImageObject","inLanguage":"mk-MK","@id":"https:\/\/www.kapi.ltd\/mk\/urun\/yatak-odasi-kapisi\/#primaryimage","url":"https:\/\/www.kapi.ltd\/wp-content\/uploads\/2026\/02\/yatak-odasi-kapisi.webp","contentUrl":"https:\/\/www.kapi.ltd\/wp-content\/uploads\/2026\/02\/yatak-odasi-kapisi.webp","width":500,"height":750,"caption":"yatak odas\u0131 kap\u0131s\u0131"},{"@type":"BreadcrumbList","@id":"https:\/\/www.kapi.ltd\/mk\/urun\/yatak-odasi-kapisi\/#breadcrumb","itemListElement":[{"@type":"ListItem","position":1,"name":"Anasayfa","item":"https:\/\/www.kapi.ltd\/mk\/"},{"@type":"ListItem","position":2,"name":"ic-kapi-celik-kapi-modelleri","item":"https:\/\/www.kapi.ltd\/?page_id=4263"},{"@type":"ListItem","position":3,"name":"Yatak Odas\u0131 Kap\u0131s\u0131"}]},{"@type":"WebSite","@id":"https:\/\/www.kapi.ltd\/mk\/#website","url":"https:\/\/www.kapi.ltd\/mk\/","name":"\u0130\u00e7 Kap\u0131 Ve \u00c7elik Kap\u0131 Modelleri","description":"T\u00fcrkiye Kap\u0131 Modelleri Merkezi","potentialAction":[{"@type":"SearchAction","target":{"@type":"EntryPoint","urlTemplate":"https:\/\/www.kapi.ltd\/mk\/?s={search_term_string}"},"query-input":{"@type":"PropertyValueSpecification","valueRequired":true,"valueName":"search_term_string"}}],"inLanguage":"mk-MK"}]}},"_links":{"self":[{"href":"https:\/\/www.kapi.ltd\/mk\/wp-json\/wp\/v2\/product\/10064","targetHints":{"allow":["GET"]}}],"collection":[{"href":"https:\/\/www.kapi.ltd\/mk\/wp-json\/wp\/v2\/product"}],"about":[{"href":"https:\/\/www.kapi.ltd\/mk\/wp-json\/wp\/v2\/types\/product"}],"version-history":[{"count":0,"href":"https:\/\/www.kapi.ltd\/mk\/wp-json\/wp\/v2\/product\/10064\/revisions"}],"wp:featuredmedia":[{"embeddable":true,"href":"https:\/\/www.kapi.ltd\/mk\/wp-json\/wp\/v2\/media\/10065"}],"wp:attachment":[{"href":"https:\/\/www.kapi.ltd\/mk\/wp-json\/wp\/v2\/media?parent=10064"}],"wp:term":[{"taxonomy":"product_brand","embeddable":true,"href":"https:\/\/www.kapi.ltd\/mk\/wp-json\/wp\/v2\/product_brand?post=10064"},{"taxonomy":"product_cat","embeddable":true,"href":"https:\/\/www.kapi.ltd\/mk\/wp-json\/wp\/v2\/product_cat?post=10064"},{"taxonomy":"product_tag","embeddable":true,"href":"https:\/\/www.kapi.ltd\/mk\/wp-json\/wp\/v2\/product_tag?post=10064"}],"curies":[{"name":"wp","href":"https:\/\/api.w.org\/{rel}","templated":true}]}}