{"id":5642,"date":"2015-08-07T15:58:13","date_gmt":"2015-08-07T12:58:13","guid":{"rendered":"https:\/\/www.kapi.ltd\/ic-kapi-ve-celik-kapi-yazilari\/"},"modified":"2025-10-25T11:42:59","modified_gmt":"2025-10-25T08:42:59","slug":"%d0%b8%d0%bd%d1%84%d0%be%d1%80%d0%bc%d0%b0%d1%86%d0%b8%d0%b8-%d0%b7%d0%b0-%d0%b2%d0%bd%d0%b0%d1%82%d1%80%d0%b5%d1%88%d0%bd%d0%b8-%d0%b2%d1%80%d0%b0%d1%82%d0%b8-%d0%b8-%d1%87%d0%b5%d0%bb%d0%b8%d1%87","status":"publish","type":"page","link":"https:\/\/www.kapi.ltd\/mk\/%d0%b8%d0%bd%d1%84%d0%be%d1%80%d0%bc%d0%b0%d1%86%d0%b8%d0%b8-%d0%b7%d0%b0-%d0%b2%d0%bd%d0%b0%d1%82%d1%80%d0%b5%d1%88%d0%bd%d0%b8-%d0%b2%d1%80%d0%b0%d1%82%d0%b8-%d0%b8-%d1%87%d0%b5%d0%bb%d0%b8%d1%87\/","title":{"rendered":"\u0418\u043d\u0444\u043e\u0440\u043c\u0430\u0446\u0438\u0438 \u0437\u0430 \u0432\u043d\u0430\u0442\u0440\u0435\u0448\u043d\u0438 \u0432\u0440\u0430\u0442\u0438 \u0438 \u0447\u0435\u043b\u0438\u0447\u043d\u0438 \u0432\u0440\u0430\u0442\u0438"},"content":{"rendered":"","protected":false},"excerpt":{"rendered":"","protected":false},"author":1,"featured_media":0,"parent":0,"menu_order":0,"comment_status":"closed","ping_status":"closed","template":"","meta":{"_bbp_topic_count":0,"_bbp_reply_count":0,"_bbp_total_topic_count":0,"_bbp_total_reply_count":0,"_bbp_voice_count":0,"_bbp_anonymous_reply_count":0,"_bbp_topic_count_hidden":0,"_bbp_reply_count_hidden":0,"_bbp_forum_subforum_count":0,"footnotes":""},"class_list":["post-5642","page","type-page","status-publish","hentry","prodpage-classic"],"yoast_head":"<!-- This site is optimized with the Yoast SEO Premium plugin v26.6 (Yoast SEO v27.4) - https:\/\/yoast.com\/product\/yoast-seo-premium-wordpress\/ -->\n<title>kap\u0131 modelleri - i\u00e7 kap\u0131 - \u00e7elik kap\u0131 - i\u00e7 kap\u0131 modelleri - \u00e7elik kap\u0131 modeller<\/title>\n<meta name=\"description\" content=\"\u041c\u043e\u0434\u0435\u043b\u0438 \u043d\u0430 \u0432\u043d\u0430\u0442\u0440\u0435\u0448\u043d\u0438 \u0432\u0440\u0430\u0442\u0438 \u0438 \u043c\u043e\u0434\u0435\u043b\u0438 \u043d\u0430 \u0447\u0435\u043b\u0438\u0447\u043d\u0438 \u0432\u0440\u0430\u0442\u0438, \u043e\u043f\u0446\u0438\u0438 \u0437\u0430 \u0431\u043e\u0438, \u0438\u043d\u0444\u043e\u0440\u043c\u0430\u0446\u0438\u0438 \u0437\u0430 \u043f\u0440\u043e\u0438\u0437\u0432\u043e\u0434\u0438\u0442\u0435\u043b\u0438\u0442\u0435 \u0432\u043e \u0422\u0443\u0440\u0446\u0438\u0458\u0430 \u0438 \u043a\u043e\u0440\u0438\u0441\u043d\u0438 \u0438\u043d\u0444\u043e\u0440\u043c\u0430\u0446\u0438\u0438\" \/>\n<meta name=\"robots\" content=\"index, follow, max-snippet:-1, max-image-preview:large, max-video-preview:-1\" \/>\n<link rel=\"canonical\" href=\"https:\/\/www.kapi.ltd\/mk\/%d0%b8%d0%bd%d1%84%d0%be%d1%80%d0%bc%d0%b0%d1%86%d0%b8%d0%b8-%d0%b7%d0%b0-%d0%b2%d0%bd%d0%b0%d1%82%d1%80%d0%b5%d1%88%d0%bd%d0%b8-%d0%b2%d1%80%d0%b0%d1%82%d0%b8-%d0%b8-%d1%87%d0%b5%d0%bb%d0%b8%d1%87\/\" \/>\n<meta property=\"og:locale\" content=\"mk_MK\" \/>\n<meta property=\"og:type\" content=\"article\" \/>\n<meta property=\"og:title\" content=\"\u0418\u043d\u0444\u043e\u0440\u043c\u0430\u0446\u0438\u0438 \u0437\u0430 \u0432\u043d\u0430\u0442\u0440\u0435\u0448\u043d\u0438 \u0432\u0440\u0430\u0442\u0438 \u0438 \u0447\u0435\u043b\u0438\u0447\u043d\u0438 \u0432\u0440\u0430\u0442\u0438\" \/>\n<meta property=\"og:description\" content=\"\u041c\u043e\u0434\u0435\u043b\u0438 \u043d\u0430 \u0432\u043d\u0430\u0442\u0440\u0435\u0448\u043d\u0438 \u0432\u0440\u0430\u0442\u0438 \u0438 \u043c\u043e\u0434\u0435\u043b\u0438 \u043d\u0430 \u0447\u0435\u043b\u0438\u0447\u043d\u0438 \u0432\u0440\u0430\u0442\u0438, \u043e\u043f\u0446\u0438\u0438 \u0437\u0430 \u0431\u043e\u0438, \u0438\u043d\u0444\u043e\u0440\u043c\u0430\u0446\u0438\u0438 \u0437\u0430 \u043f\u0440\u043e\u0438\u0437\u0432\u043e\u0434\u0438\u0442\u0435\u043b\u0438\u0442\u0435 \u0432\u043e \u0422\u0443\u0440\u0446\u0438\u0458\u0430 \u0438 \u043a\u043e\u0440\u0438\u0441\u043d\u0438 \u0438\u043d\u0444\u043e\u0440\u043c\u0430\u0446\u0438\u0438\" \/>\n<meta property=\"og:url\" content=\"https:\/\/www.kapi.ltd\/mk\/%d0%b8%d0%bd%d1%84%d0%be%d1%80%d0%bc%d0%b0%d1%86%d0%b8%d0%b8-%d0%b7%d0%b0-%d0%b2%d0%bd%d0%b0%d1%82%d1%80%d0%b5%d1%88%d0%bd%d0%b8-%d0%b2%d1%80%d0%b0%d1%82%d0%b8-%d0%b8-%d1%87%d0%b5%d0%bb%d0%b8%d1%87\/\" \/>\n<meta property=\"og:site_name\" content=\"\u0130\u00e7 Oda Kap\u0131lar\u0131 - \u00c7elik kap\u0131 modelleri - apartman kap\u0131lar\u0131\" \/>\n<meta property=\"article:modified_time\" content=\"2025-10-25T08:42:59+00:00\" \/>\n<meta name=\"twitter:card\" content=\"summary_large_image\" \/>\n<meta name=\"twitter:label1\" content=\"Est. reading time\" \/>\n\t<meta name=\"twitter:data1\" content=\"2 \u043c\u0438\u043d\u0443\u0442\u0438\" \/>\n<script type=\"application\/ld+json\" class=\"yoast-schema-graph\">{\"@context\":\"https:\\\/\\\/schema.org\",\"@graph\":[{\"@type\":\"WebPage\",\"@id\":\"https:\\\/\\\/www.kapi.ltd\\\/mk\\\/%d0%b8%d0%bd%d1%84%d0%be%d1%80%d0%bc%d0%b0%d1%86%d0%b8%d0%b8-%d0%b7%d0%b0-%d0%b2%d0%bd%d0%b0%d1%82%d1%80%d0%b5%d1%88%d0%bd%d0%b8-%d0%b2%d1%80%d0%b0%d1%82%d0%b8-%d0%b8-%d1%87%d0%b5%d0%bb%d0%b8%d1%87\\\/\",\"url\":\"https:\\\/\\\/www.kapi.ltd\\\/mk\\\/%d0%b8%d0%bd%d1%84%d0%be%d1%80%d0%bc%d0%b0%d1%86%d0%b8%d0%b8-%d0%b7%d0%b0-%d0%b2%d0%bd%d0%b0%d1%82%d1%80%d0%b5%d1%88%d0%bd%d0%b8-%d0%b2%d1%80%d0%b0%d1%82%d0%b8-%d0%b8-%d1%87%d0%b5%d0%bb%d0%b8%d1%87\\\/\",\"name\":\"kap\u0131 modelleri - i\u00e7 kap\u0131 - \u00e7elik kap\u0131 - i\u00e7 kap\u0131 modelleri - \u00e7elik kap\u0131 modeller\",\"isPartOf\":{\"@id\":\"https:\\\/\\\/www.kapi.ltd\\\/mk\\\/#website\"},\"datePublished\":\"2015-08-07T12:58:13+00:00\",\"dateModified\":\"2025-10-25T08:42:59+00:00\",\"description\":\"\u041c\u043e\u0434\u0435\u043b\u0438 \u043d\u0430 \u0432\u043d\u0430\u0442\u0440\u0435\u0448\u043d\u0438 \u0432\u0440\u0430\u0442\u0438 \u0438 \u043c\u043e\u0434\u0435\u043b\u0438 \u043d\u0430 \u0447\u0435\u043b\u0438\u0447\u043d\u0438 \u0432\u0440\u0430\u0442\u0438, \u043e\u043f\u0446\u0438\u0438 \u0437\u0430 \u0431\u043e\u0438, \u0438\u043d\u0444\u043e\u0440\u043c\u0430\u0446\u0438\u0438 \u0437\u0430 \u043f\u0440\u043e\u0438\u0437\u0432\u043e\u0434\u0438\u0442\u0435\u043b\u0438\u0442\u0435 \u0432\u043e \u0422\u0443\u0440\u0446\u0438\u0458\u0430 \u0438 \u043a\u043e\u0440\u0438\u0441\u043d\u0438 \u0438\u043d\u0444\u043e\u0440\u043c\u0430\u0446\u0438\u0438\",\"breadcrumb\":{\"@id\":\"https:\\\/\\\/www.kapi.ltd\\\/mk\\\/%d0%b8%d0%bd%d1%84%d0%be%d1%80%d0%bc%d0%b0%d1%86%d0%b8%d0%b8-%d0%b7%d0%b0-%d0%b2%d0%bd%d0%b0%d1%82%d1%80%d0%b5%d1%88%d0%bd%d0%b8-%d0%b2%d1%80%d0%b0%d1%82%d0%b8-%d0%b8-%d1%87%d0%b5%d0%bb%d0%b8%d1%87\\\/#breadcrumb\"},\"inLanguage\":\"mk-MK\",\"potentialAction\":[{\"@type\":\"ReadAction\",\"target\":[\"https:\\\/\\\/www.kapi.ltd\\\/mk\\\/%d0%b8%d0%bd%d1%84%d0%be%d1%80%d0%bc%d0%b0%d1%86%d0%b8%d0%b8-%d0%b7%d0%b0-%d0%b2%d0%bd%d0%b0%d1%82%d1%80%d0%b5%d1%88%d0%bd%d0%b8-%d0%b2%d1%80%d0%b0%d1%82%d0%b8-%d0%b8-%d1%87%d0%b5%d0%bb%d0%b8%d1%87\\\/\"]}]},{\"@type\":\"BreadcrumbList\",\"@id\":\"https:\\\/\\\/www.kapi.ltd\\\/mk\\\/%d0%b8%d0%bd%d1%84%d0%be%d1%80%d0%bc%d0%b0%d1%86%d0%b8%d0%b8-%d0%b7%d0%b0-%d0%b2%d0%bd%d0%b0%d1%82%d1%80%d0%b5%d1%88%d0%bd%d0%b8-%d0%b2%d1%80%d0%b0%d1%82%d0%b8-%d0%b8-%d1%87%d0%b5%d0%bb%d0%b8%d1%87\\\/#breadcrumb\",\"itemListElement\":[{\"@type\":\"ListItem\",\"position\":1,\"name\":\"Anasayfa\",\"item\":\"https:\\\/\\\/www.kapi.ltd\\\/mk\\\/\"},{\"@type\":\"ListItem\",\"position\":2,\"name\":\"\u0418\u043d\u0444\u043e\u0440\u043c\u0430\u0446\u0438\u0438 \u0437\u0430 \u0432\u043d\u0430\u0442\u0440\u0435\u0448\u043d\u0438 \u0432\u0440\u0430\u0442\u0438 \u0438 \u0447\u0435\u043b\u0438\u0447\u043d\u0438 \u0432\u0440\u0430\u0442\u0438\"}]},{\"@type\":\"WebSite\",\"@id\":\"https:\\\/\\\/www.kapi.ltd\\\/mk\\\/#website\",\"url\":\"https:\\\/\\\/www.kapi.ltd\\\/mk\\\/\",\"name\":\"\u0130\u00e7 Kap\u0131 Ve \u00c7elik Kap\u0131 Modelleri\",\"description\":\"T\u00fcrkiye Kap\u0131 Modelleri Merkezi\",\"potentialAction\":[{\"@type\":\"SearchAction\",\"target\":{\"@type\":\"EntryPoint\",\"urlTemplate\":\"https:\\\/\\\/www.kapi.ltd\\\/mk\\\/?s={search_term_string}\"},\"query-input\":{\"@type\":\"PropertyValueSpecification\",\"valueRequired\":true,\"valueName\":\"search_term_string\"}}],\"inLanguage\":\"mk-MK\"}]}<\/script>\n<!-- \/ Yoast SEO Premium plugin. -->","yoast_head_json":{"title":"kap\u0131 modelleri - i\u00e7 kap\u0131 - \u00e7elik kap\u0131 - i\u00e7 kap\u0131 modelleri - \u00e7elik kap\u0131 modeller","description":"\u041c\u043e\u0434\u0435\u043b\u0438 \u043d\u0430 \u0432\u043d\u0430\u0442\u0440\u0435\u0448\u043d\u0438 \u0432\u0440\u0430\u0442\u0438 \u0438 \u043c\u043e\u0434\u0435\u043b\u0438 \u043d\u0430 \u0447\u0435\u043b\u0438\u0447\u043d\u0438 \u0432\u0440\u0430\u0442\u0438, \u043e\u043f\u0446\u0438\u0438 \u0437\u0430 \u0431\u043e\u0438, \u0438\u043d\u0444\u043e\u0440\u043c\u0430\u0446\u0438\u0438 \u0437\u0430 \u043f\u0440\u043e\u0438\u0437\u0432\u043e\u0434\u0438\u0442\u0435\u043b\u0438\u0442\u0435 \u0432\u043e \u0422\u0443\u0440\u0446\u0438\u0458\u0430 \u0438 \u043a\u043e\u0440\u0438\u0441\u043d\u0438 \u0438\u043d\u0444\u043e\u0440\u043c\u0430\u0446\u0438\u0438","robots":{"index":"index","follow":"follow","max-snippet":"max-snippet:-1","max-image-preview":"max-image-preview:large","max-video-preview":"max-video-preview:-1"},"canonical":"https:\/\/www.kapi.ltd\/mk\/%d0%b8%d0%bd%d1%84%d0%be%d1%80%d0%bc%d0%b0%d1%86%d0%b8%d0%b8-%d0%b7%d0%b0-%d0%b2%d0%bd%d0%b0%d1%82%d1%80%d0%b5%d1%88%d0%bd%d0%b8-%d0%b2%d1%80%d0%b0%d1%82%d0%b8-%d0%b8-%d1%87%d0%b5%d0%bb%d0%b8%d1%87\/","og_locale":"mk_MK","og_type":"article","og_title":"\u0418\u043d\u0444\u043e\u0440\u043c\u0430\u0446\u0438\u0438 \u0437\u0430 \u0432\u043d\u0430\u0442\u0440\u0435\u0448\u043d\u0438 \u0432\u0440\u0430\u0442\u0438 \u0438 \u0447\u0435\u043b\u0438\u0447\u043d\u0438 \u0432\u0440\u0430\u0442\u0438","og_description":"\u041c\u043e\u0434\u0435\u043b\u0438 \u043d\u0430 \u0432\u043d\u0430\u0442\u0440\u0435\u0448\u043d\u0438 \u0432\u0440\u0430\u0442\u0438 \u0438 \u043c\u043e\u0434\u0435\u043b\u0438 \u043d\u0430 \u0447\u0435\u043b\u0438\u0447\u043d\u0438 \u0432\u0440\u0430\u0442\u0438, \u043e\u043f\u0446\u0438\u0438 \u0437\u0430 \u0431\u043e\u0438, \u0438\u043d\u0444\u043e\u0440\u043c\u0430\u0446\u0438\u0438 \u0437\u0430 \u043f\u0440\u043e\u0438\u0437\u0432\u043e\u0434\u0438\u0442\u0435\u043b\u0438\u0442\u0435 \u0432\u043e \u0422\u0443\u0440\u0446\u0438\u0458\u0430 \u0438 \u043a\u043e\u0440\u0438\u0441\u043d\u0438 \u0438\u043d\u0444\u043e\u0440\u043c\u0430\u0446\u0438\u0438","og_url":"https:\/\/www.kapi.ltd\/mk\/%d0%b8%d0%bd%d1%84%d0%be%d1%80%d0%bc%d0%b0%d1%86%d0%b8%d0%b8-%d0%b7%d0%b0-%d0%b2%d0%bd%d0%b0%d1%82%d1%80%d0%b5%d1%88%d0%bd%d0%b8-%d0%b2%d1%80%d0%b0%d1%82%d0%b8-%d0%b8-%d1%87%d0%b5%d0%bb%d0%b8%d1%87\/","og_site_name":"\u0130\u00e7 Oda Kap\u0131lar\u0131 - \u00c7elik kap\u0131 modelleri - apartman kap\u0131lar\u0131","article_modified_time":"2025-10-25T08:42:59+00:00","twitter_card":"summary_large_image","twitter_misc":{"Est. reading time":"2 \u043c\u0438\u043d\u0443\u0442\u0438"},"schema":{"@context":"https:\/\/schema.org","@graph":[{"@type":"WebPage","@id":"https:\/\/www.kapi.ltd\/mk\/%d0%b8%d0%bd%d1%84%d0%be%d1%80%d0%bc%d0%b0%d1%86%d0%b8%d0%b8-%d0%b7%d0%b0-%d0%b2%d0%bd%d0%b0%d1%82%d1%80%d0%b5%d1%88%d0%bd%d0%b8-%d0%b2%d1%80%d0%b0%d1%82%d0%b8-%d0%b8-%d1%87%d0%b5%d0%bb%d0%b8%d1%87\/","url":"https:\/\/www.kapi.ltd\/mk\/%d0%b8%d0%bd%d1%84%d0%be%d1%80%d0%bc%d0%b0%d1%86%d0%b8%d0%b8-%d0%b7%d0%b0-%d0%b2%d0%bd%d0%b0%d1%82%d1%80%d0%b5%d1%88%d0%bd%d0%b8-%d0%b2%d1%80%d0%b0%d1%82%d0%b8-%d0%b8-%d1%87%d0%b5%d0%bb%d0%b8%d1%87\/","name":"kap\u0131 modelleri - i\u00e7 kap\u0131 - \u00e7elik kap\u0131 - i\u00e7 kap\u0131 modelleri - \u00e7elik kap\u0131 modeller","isPartOf":{"@id":"https:\/\/www.kapi.ltd\/mk\/#website"},"datePublished":"2015-08-07T12:58:13+00:00","dateModified":"2025-10-25T08:42:59+00:00","description":"\u041c\u043e\u0434\u0435\u043b\u0438 \u043d\u0430 \u0432\u043d\u0430\u0442\u0440\u0435\u0448\u043d\u0438 \u0432\u0440\u0430\u0442\u0438 \u0438 \u043c\u043e\u0434\u0435\u043b\u0438 \u043d\u0430 \u0447\u0435\u043b\u0438\u0447\u043d\u0438 \u0432\u0440\u0430\u0442\u0438, \u043e\u043f\u0446\u0438\u0438 \u0437\u0430 \u0431\u043e\u0438, \u0438\u043d\u0444\u043e\u0440\u043c\u0430\u0446\u0438\u0438 \u0437\u0430 \u043f\u0440\u043e\u0438\u0437\u0432\u043e\u0434\u0438\u0442\u0435\u043b\u0438\u0442\u0435 \u0432\u043e \u0422\u0443\u0440\u0446\u0438\u0458\u0430 \u0438 \u043a\u043e\u0440\u0438\u0441\u043d\u0438 \u0438\u043d\u0444\u043e\u0440\u043c\u0430\u0446\u0438\u0438","breadcrumb":{"@id":"https:\/\/www.kapi.ltd\/mk\/%d0%b8%d0%bd%d1%84%d0%be%d1%80%d0%bc%d0%b0%d1%86%d0%b8%d0%b8-%d0%b7%d0%b0-%d0%b2%d0%bd%d0%b0%d1%82%d1%80%d0%b5%d1%88%d0%bd%d0%b8-%d0%b2%d1%80%d0%b0%d1%82%d0%b8-%d0%b8-%d1%87%d0%b5%d0%bb%d0%b8%d1%87\/#breadcrumb"},"inLanguage":"mk-MK","potentialAction":[{"@type":"ReadAction","target":["https:\/\/www.kapi.ltd\/mk\/%d0%b8%d0%bd%d1%84%d0%be%d1%80%d0%bc%d0%b0%d1%86%d0%b8%d0%b8-%d0%b7%d0%b0-%d0%b2%d0%bd%d0%b0%d1%82%d1%80%d0%b5%d1%88%d0%bd%d0%b8-%d0%b2%d1%80%d0%b0%d1%82%d0%b8-%d0%b8-%d1%87%d0%b5%d0%bb%d0%b8%d1%87\/"]}]},{"@type":"BreadcrumbList","@id":"https:\/\/www.kapi.ltd\/mk\/%d0%b8%d0%bd%d1%84%d0%be%d1%80%d0%bc%d0%b0%d1%86%d0%b8%d0%b8-%d0%b7%d0%b0-%d0%b2%d0%bd%d0%b0%d1%82%d1%80%d0%b5%d1%88%d0%bd%d0%b8-%d0%b2%d1%80%d0%b0%d1%82%d0%b8-%d0%b8-%d1%87%d0%b5%d0%bb%d0%b8%d1%87\/#breadcrumb","itemListElement":[{"@type":"ListItem","position":1,"name":"Anasayfa","item":"https:\/\/www.kapi.ltd\/mk\/"},{"@type":"ListItem","position":2,"name":"\u0418\u043d\u0444\u043e\u0440\u043c\u0430\u0446\u0438\u0438 \u0437\u0430 \u0432\u043d\u0430\u0442\u0440\u0435\u0448\u043d\u0438 \u0432\u0440\u0430\u0442\u0438 \u0438 \u0447\u0435\u043b\u0438\u0447\u043d\u0438 \u0432\u0440\u0430\u0442\u0438"}]},{"@type":"WebSite","@id":"https:\/\/www.kapi.ltd\/mk\/#website","url":"https:\/\/www.kapi.ltd\/mk\/","name":"\u0130\u00e7 Kap\u0131 Ve \u00c7elik Kap\u0131 Modelleri","description":"T\u00fcrkiye Kap\u0131 Modelleri Merkezi","potentialAction":[{"@type":"SearchAction","target":{"@type":"EntryPoint","urlTemplate":"https:\/\/www.kapi.ltd\/mk\/?s={search_term_string}"},"query-input":{"@type":"PropertyValueSpecification","valueRequired":true,"valueName":"search_term_string"}}],"inLanguage":"mk-MK"}]}},"_links":{"self":[{"href":"https:\/\/www.kapi.ltd\/mk\/wp-json\/wp\/v2\/pages\/5642","targetHints":{"allow":["GET"]}}],"collection":[{"href":"https:\/\/www.kapi.ltd\/mk\/wp-json\/wp\/v2\/pages"}],"about":[{"href":"https:\/\/www.kapi.ltd\/mk\/wp-json\/wp\/v2\/types\/page"}],"author":[{"embeddable":true,"href":"https:\/\/www.kapi.ltd\/mk\/wp-json\/wp\/v2\/users\/1"}],"replies":[{"embeddable":true,"href":"https:\/\/www.kapi.ltd\/mk\/wp-json\/wp\/v2\/comments?post=5642"}],"version-history":[{"count":1,"href":"https:\/\/www.kapi.ltd\/mk\/wp-json\/wp\/v2\/pages\/5642\/revisions"}],"predecessor-version":[{"id":5650,"href":"https:\/\/www.kapi.ltd\/mk\/wp-json\/wp\/v2\/pages\/5642\/revisions\/5650"}],"wp:attachment":[{"href":"https:\/\/www.kapi.ltd\/mk\/wp-json\/wp\/v2\/media?parent=5642"}],"curies":[{"name":"wp","href":"https:\/\/api.w.org\/{rel}","templated":true}]}}