{"id":9366,"date":"2026-02-22T09:57:58","date_gmt":"2026-02-22T06:57:58","guid":{"rendered":"https:\/\/www.kapi.ltd\/urun\/otel-kapisi\/"},"modified":"2026-02-23T17:17:56","modified_gmt":"2026-02-23T14:17:56","slug":"porte-dhotel","status":"publish","type":"product","link":"https:\/\/www.kapi.ltd\/fr\/urun\/porte-dhotel\/","title":{"rendered":"Porte d&rsquo;h\u00f4tel"},"content":{"rendered":"<div class=\"relative basis-auto flex-col -mb-(--composer-overlap-px) [--composer-overlap-px:28px] grow flex\">\n<div class=\"flex flex-col text-sm pb-25\">\n<article class=\"text-token-text-primary w-full focus:outline-none [--shadow-height:45px] has-data-writing-block:pointer-events-none has-data-writing-block:-mt-(--shadow-height) has-data-writing-block:pt-(--shadow-height) [&amp;:has([data-writing-block])&gt;*]:pointer-events-auto scroll-mt-[calc(var(--header-height)+min(200px,max(70px,20svh)))]\" dir=\"auto\" tabindex=\"-1\" data-turn-id=\"request-WEB:2b9e6435-ceff-4ba4-bf60-66abfd099f94-4\" data-testid=\"conversation-turn-6\" data-scroll-anchor=\"true\" data-turn=\"assistant\">\n<div class=\"text-base my-auto mx-auto pb-10 [--thread-content-margin:--spacing(4)] @w-sm\/main:[--thread-content-margin:--spacing(6)] @w-lg\/main:[--thread-content-margin:--spacing(16)] px-(--thread-content-margin)\">\n<div class=\"[--thread-content-max-width:40rem] @w-lg\/main:[--thread-content-max-width:48rem] mx-auto max-w-(--thread-content-max-width) flex-1 group\/turn-messages focus-visible:outline-hidden relative flex w-full min-w-0 flex-col agent-turn\" tabindex=\"-1\">\n<div class=\"flex max-w-full flex-col grow\">\n<div class=\"min-h-8 text-message relative flex w-full flex-col items-end gap-2 text-start break-words whitespace-normal [.text-message+&amp;]:mt-1\" dir=\"auto\" data-message-author-role=\"assistant\" data-message-id=\"7e3d4023-93e5-4f40-b9b4-ca2e1a7065cc\" data-message-model-slug=\"gpt-5-2\">\n<div class=\"flex w-full flex-col gap-1 empty:hidden first:pt-[1px]\">\n<div class=\"markdown prose dark:prose-invert w-full wrap-break-word light markdown-new-styling\">\n<h1><strong>Portes d&rsquo;h\u00f4tel et solutions de portes durables\u00a0: options r\u00e9sistantes au feu, au soleil et \u00e0 la chaleur<\/strong><\/h1>\n<p>Les \u00e9tablissements h\u00f4teliers doivent allier s\u00e9curit\u00e9, esth\u00e9tique et durabilit\u00e9. Le choix <strong>des portes <\/strong>est primordial, tant pour l&rsquo;attrait visuel que pour la robustesse et la s\u00e9curit\u00e9. Des portes sp\u00e9cialis\u00e9es, telles que <strong>les portes coupe-feu <\/strong>, <strong>les portes r\u00e9sistantes aux UV <\/strong>, <strong>les portes isolantes thermiques <\/strong>et <strong>les portes int\u00e9rieures composites <\/strong>, offrent des solutions durables et s\u00e9curis\u00e9es, r\u00e9pondant aux besoins vari\u00e9s des h\u00f4tels. Cet article pr\u00e9sente les options de portes les plus adapt\u00e9es aux \u00e9tablissements h\u00f4teliers et leurs avantages.<\/p>\n<h2><strong>Choix des portes d&rsquo;h\u00f4tel : s\u00e9curit\u00e9 et esth\u00e9tique r\u00e9unies<\/strong><\/h2>\n<p><strong>portes d&rsquo;un h\u00f4tel <\/strong>rev\u00eatent une importance capitale, tant du point de vue de la s\u00e9curit\u00e9 que de l&rsquo;esth\u00e9tique. Elles doivent garantir la s\u00e9curit\u00e9 des clients tout en s&rsquo;harmonisant avec la d\u00e9coration. La s\u00e9curit\u00e9 incendie est un facteur essentiel, notamment dans les lieux tr\u00e8s fr\u00e9quent\u00e9s comme les h\u00f4tels. C&rsquo;est pourquoi <strong>les portes coupe-feu <\/strong>sont g\u00e9n\u00e9ralement privil\u00e9gi\u00e9es.<\/p>\n<p><strong>portes coupe-feu <\/strong>renforce la s\u00e9curit\u00e9 entre les chambres et les espaces communs des h\u00f4tels. Connues sous le nom <strong>de portes int\u00e9rieures coupe-feu <\/strong>, ces portes emp\u00eachent la propagation des flammes en cas d&rsquo;incendie, garantissant ainsi la s\u00e9curit\u00e9 des clients et du personnel. Con\u00e7ues conform\u00e9ment \u00e0 la r\u00e9glementation incendie, elles aident les h\u00f4teliers \u00e0 mettre en \u0153uvre des mesures de s\u00e9curit\u00e9 incendie efficaces.<\/p>\n<h2><strong>Portes r\u00e9sistantes au soleil et \u00e0 la chaleur : des solutions durables<\/strong><\/h2>\n<p>Les portes d&rsquo;h\u00f4tel doivent \u00e9galement r\u00e9sister au soleil et \u00e0 la chaleur. Dans les h\u00f4tels situ\u00e9s dans les r\u00e9gions chaudes, <strong>les portes r\u00e9sistantes au soleil <\/strong>constituent une excellente solution pour une utilisation \u00e0 long terme. <strong>Les portes r\u00e9sistantes \u00e0 la chaleur <\/strong>minimisent les effets du soleil sur les portes, pr\u00e9servant ainsi leur aspect esth\u00e9tique durablement.<\/p>\n<p><strong>Les portes en PVC <\/strong>et <strong>UPVC <\/strong>sont tr\u00e8s r\u00e9sistantes \u00e0 la chaleur et aux rayons du soleil. Elles sont particuli\u00e8rement appr\u00e9ci\u00e9es dans les h\u00f4tels des r\u00e9gions chaudes. <strong>Les portes en UPVC <\/strong>se distinguent par leur l\u00e9g\u00e8ret\u00e9 et leur durabilit\u00e9, et n\u00e9cessitent un entretien minimal. Elles offrent \u00e9galement une grande polyvalence esth\u00e9tique, s&rsquo;int\u00e9grant harmonieusement \u00e0 la d\u00e9coration de l&rsquo;h\u00f4tel.<\/p>\n<p><strong>composites et portes int\u00e9rieures composites\u00a0: esth\u00e9tique et durabilit\u00e9<\/strong><\/p>\n<p><strong>Les portes composites <\/strong>et <strong>les portes int\u00e9rieures <\/strong>utilis\u00e9es dans les h\u00f4tels allient \u00e9l\u00e9gance et grande durabilit\u00e9. La technologie <strong>des portes composites leur conf\u00e8re une structure robuste, fruit de l&rsquo;association du bois, du PVC et <\/strong>d&rsquo;autres mat\u00e9riaux. Ces portes offrent une excellente protection contre la chaleur, l&rsquo;humidit\u00e9 et les agressions ext\u00e9rieures.<\/p>\n<p>Les chambres et les couloirs de l&rsquo;h\u00f4tel sont \u00e9quip\u00e9s <strong>de portes int\u00e9rieures en composite .<\/strong> L&rsquo;utilisation de ces portes renforce la s\u00e9curit\u00e9 et contribue \u00e0 l&rsquo;esth\u00e9tique moderne de l&rsquo;h\u00f4tel. Elles am\u00e9liorent \u00e9galement la s\u00e9curit\u00e9 incendie gr\u00e2ce \u00e0 leur conception <strong>coupe-feu . De plus, les mod\u00e8les r\u00e9sistants \u00e0 l&rsquo;eau et \u00e0 l&rsquo;humidit\u00e9 <\/strong>garantissent une utilisation durable dans les pi\u00e8ces humides comme les salles de bains.<\/p>\n<h2><strong>Portes en PVC et UPVC\u00a0: des solutions durables et \u00e9conomiques<\/strong><\/h2>\n<p><strong>en PVC <\/strong>et <strong>en UPVC <\/strong>figurent parmi les solutions durables et \u00e9conomiques privil\u00e9gi\u00e9es pour les portes d&rsquo;h\u00f4tel. <strong>Les portes en PVC <\/strong>offrent une grande r\u00e9sistance aux intemp\u00e9ries, tandis que <strong>celles en UPVC <\/strong>r\u00e9sistent aux rayons du soleil. Ces portes sont id\u00e9ales pour une utilisation en ext\u00e9rieur, notamment dans les jardins ou les v\u00e9randas d&rsquo;h\u00f4tels.<\/p>\n<p><strong>Les portes en PVC <\/strong>offrent une esth\u00e9tique agr\u00e9able aux fa\u00e7ades d&rsquo;h\u00f4tels. De plus, leurs excellentes propri\u00e9t\u00e9s d&rsquo;isolation contribuent \u00e0 l&rsquo;efficacit\u00e9 \u00e9nerg\u00e9tique de l&rsquo;\u00e9tablissement. Gr\u00e2ce \u00e0 leur grande r\u00e9sistance \u00e0 la chaleur, les h\u00f4tels conservent leurs performances m\u00eame pendant les chauds mois d&rsquo;\u00e9t\u00e9.<\/p>\n<p><strong>Avantages des portes durables<\/strong><\/p>\n<p><strong>de portes d&rsquo;h\u00f4tel <\/strong>, les avantages offerts par les portes durables sont primordiaux. Les portes <strong>coupe-feu <\/strong>et <strong>\u00e9tanches <\/strong>renforcent la s\u00e9curit\u00e9 des h\u00f4tels tout en r\u00e9duisant les co\u00fbts d&rsquo;entretien. Comme elles ne risquent pas de se d\u00e9former avec le temps, elles peuvent \u00eatre utilis\u00e9es pendant de nombreuses ann\u00e9es.<\/p>\n<ol>\n<li><strong>S\u00e9curit\u00e9 garantie : <\/strong>Les portes r\u00e9sistantes au feu, aux effractions et autres situations d&rsquo;urgence assurent la s\u00e9curit\u00e9 des clients.<\/li>\n<li><strong>Efficacit\u00e9 \u00e9nerg\u00e9tique :<\/strong> Les portes \u00e0 haute performance \u00e9nerg\u00e9tique, telles que les portes <strong>en PVC <\/strong>et <strong>UPVC <\/strong>, pr\u00e9viennent les pertes de chaleur dans les h\u00f4tels et r\u00e9duisent les factures d&rsquo;\u00e9nergie.<\/li>\n<li><strong>Harmonie esth\u00e9tique :<\/strong> Les portes en composite et en PVC s&rsquo;harmonisent avec le d\u00e9cor de l&rsquo;h\u00f4tel, cr\u00e9ant une atmosph\u00e8re \u00e9l\u00e9gante.<\/li>\n<li><strong>Facilit\u00e9 d&rsquo;entretien\u00a0: <\/strong>Ces portes n\u00e9cessitent moins d&rsquo;entretien que les portes traditionnelles. Leur longue dur\u00e9e de vie permet de r\u00e9duire les budgets d&rsquo;entretien pour les h\u00f4teliers.<\/li>\n<\/ol>\n<h2><strong>\u00c9l\u00e9ments \u00e0 prendre en compte lors du choix des portes d&rsquo;h\u00f4tel<\/strong><\/h2>\n<p>Plusieurs facteurs importants sont \u00e0 prendre en compte lors du choix <strong>des portes d&rsquo;h\u00f4tel\u00a0:<\/strong><\/p>\n<ul>\n<li><strong>S\u00e9curit\u00e9\u00a0: <\/strong>Pour la s\u00e9curit\u00e9 incendie, l\u2019utilisation de <strong>portes coupe-feu <\/strong>et <strong>de portes int\u00e9rieures ignifug\u00e9es <\/strong>est essentielle. Ces portes sont indispensables pour garantir la s\u00e9curit\u00e9 des clients en cas d\u2019incendie.<\/li>\n<li><strong>Durabilit\u00e9:<\/strong> Des portes <strong>r\u00e9sistantes \u00e0 la chaleur <\/strong>et <strong>aux UV <\/strong>peuvent \u00eatre install\u00e9es dans les espaces ext\u00e9rieurs de l&rsquo;h\u00f4tel. De plus, des mat\u00e9riaux durables comme <strong>les portes composites peuvent \u00eatre utilis\u00e9s dans les chambres pour une utilisation prolong\u00e9e.<\/strong><\/li>\n<li><strong>Esth\u00e9tique\u00a0: <\/strong>L\u2019aspect esth\u00e9tique des portes doit \u00eatre en harmonie avec la d\u00e9coration g\u00e9n\u00e9rale de l\u2019h\u00f4tel. Des portes \u00e9l\u00e9gantes, comme <strong>les portes en PVC <\/strong>et <strong>les portes int\u00e9rieures composites , peuvent apporter une touche de modernit\u00e9 aux int\u00e9rieurs de l\u2019h\u00f4tel.<\/strong><\/li>\n<\/ul>\n<p><strong>Conclusion<\/strong><\/p>\n<p>Lors du choix <strong>des portes d&rsquo;h\u00f4tel, <\/strong>des options telles que <strong>les portes coupe-feu <\/strong>, <strong>les portes r\u00e9sistantes aux UV <\/strong>, <strong>les portes composites <\/strong>et <strong>les portes en PVC <\/strong>offrent des atouts importants, alliant s\u00e9curit\u00e9 renforc\u00e9e et esth\u00e9tique soign\u00e9e . Les portes r\u00e9sistantes <strong>\u00e0 la chaleur <\/strong>et <strong>\u00e0 l&rsquo;eau constituent des solutions durables et performantes pour les h\u00f4tels. Elles garantissent \u00e0 la fois s\u00e9curit\u00e9 et esth\u00e9tique, tant \u00e0 l&rsquo;int\u00e9rieur qu&rsquo;\u00e0 l&rsquo;ext\u00e9rieur des \u00e9tablissements. Pour les h\u00f4teliers, <\/strong>le choix des portes est crucial pour la s\u00e9curit\u00e9 des clients et la qualit\u00e9 globale de l&rsquo;\u00e9tablissement.<\/p>\n<\/div>\n<\/div>\n<\/div>\n<\/div>\n<\/div>\n<\/div>\n<\/article>\n<\/div>\n<\/div>\n<div id=\"simple-translate\" class=\"simple-translate-system-theme\">\n<div>\n<div class=\"simple-translate-button isShow\" style=\"background-image: url('chrome-extension:\/\/ibplnjkanclpjokhdolnendpplpjiace\/icons\/512.png'); height: 22px; width: 22px; top: -3px; left: -11px;\"><\/div>\n<div class=\"simple-translate-panel \" style=\"width: 300px; height: 200px; top: 0px; left: 0px; font-size: 13px;\">\n<div class=\"simple-translate-result-wrapper\" style=\"overflow: hidden;\">\n<div class=\"simple-translate-move\" draggable=\"true\"><\/div>\n<div class=\"simple-translate-result-contents\">\n<p class=\"simple-translate-result\" dir=\"auto\">\n<p class=\"simple-translate-candidate\" dir=\"auto\">\n<\/div>\n<\/div>\n<\/div>\n<\/div>\n<\/div>\n","protected":false},"excerpt":{"rendered":"<p>Portes d&rsquo;h\u00f4tel et solutions de portes durables\u00a0: options r\u00e9sistantes au feu, au soleil et \u00e0 la chaleur Les \u00e9tablissements h\u00f4teliers doivent allier s\u00e9curit\u00e9, esth\u00e9tique et durabilit\u00e9. Le choix des portes est primordial, tant pour l&rsquo;attrait visuel que pour la robustesse et la s\u00e9curit\u00e9. Des portes sp\u00e9cialis\u00e9es, telles que les portes coupe-feu , les portes r\u00e9sistantes<\/p>\n","protected":false},"featured_media":9367,"template":"","meta":{"_bbp_topic_count":0,"_bbp_reply_count":0,"_bbp_total_topic_count":0,"_bbp_total_reply_count":0,"_bbp_voice_count":0,"_bbp_anonymous_reply_count":0,"_bbp_topic_count_hidden":0,"_bbp_reply_count_hidden":0,"_bbp_forum_subforum_count":0},"product_brand":[],"product_cat":[1053],"product_tag":[],"class_list":{"0":"post-9366","1":"product","2":"type-product","3":"status-publish","4":"has-post-thumbnail","6":"product_cat-porte-composite","8":"first","9":"instock","10":"shipping-taxable","11":"product-type-simple","12":"prodpage-classic"},"yoast_head":"<!-- This site is optimized with the Yoast SEO Premium plugin v26.6 (Yoast SEO v27.3) - https:\/\/yoast.com\/product\/yoast-seo-premium-wordpress\/ -->\n<title>Portes d&#039;h\u00f4tel : Portes r\u00e9sistantes au feu et au soleil<\/title>\n<meta name=\"description\" content=\"Les portes d&#039;h\u00f4tel offrent une r\u00e9sistance au feu, au soleil et \u00e0 la chaleur, ainsi qu&#039;un design esth\u00e9tique. Des portes durables et r\u00e9sistantes.\" \/>\n<meta name=\"robots\" content=\"index, follow, max-snippet:-1, max-image-preview:large, max-video-preview:-1\" \/>\n<link rel=\"canonical\" href=\"https:\/\/www.kapi.ltd\/fr\/urun\/porte-dhotel\/\" \/>\n<meta property=\"og:locale\" content=\"fr_FR\" \/>\n<meta property=\"og:type\" content=\"article\" \/>\n<meta property=\"og:title\" content=\"Porte d&#039;h\u00f4tel\" \/>\n<meta property=\"og:description\" content=\"sac kap\u0131 d\u0131\u015f mekan kap\u0131lar\u0131 sac \u00e7elik kap\u0131 Metal \u00c7elik Kap\u0131\" \/>\n<meta property=\"og:url\" content=\"https:\/\/www.kapi.ltd\/fr\/urun\/porte-dhotel\/\" \/>\n<meta property=\"og:site_name\" content=\"\u0130\u00e7 Oda Kap\u0131lar\u0131 - \u00c7elik kap\u0131 modelleri - apartman kap\u0131lar\u0131\" \/>\n<meta property=\"article:modified_time\" content=\"2026-02-23T14:17:56+00:00\" \/>\n<meta property=\"og:image\" content=\"https:\/\/www.kapi.ltd\/wp-content\/uploads\/2026\/02\/otel-kapisi.webp\" \/>\n\t<meta property=\"og:image:width\" content=\"500\" \/>\n\t<meta property=\"og:image:height\" content=\"750\" \/>\n\t<meta property=\"og:image:type\" content=\"image\/webp\" \/>\n<meta name=\"twitter:card\" content=\"summary_large_image\" \/>\n<meta name=\"twitter:label1\" content=\"Dur\u00e9e de lecture estim\u00e9e\" \/>\n\t<meta name=\"twitter:data1\" content=\"6 minutes\" \/>\n<script type=\"application\/ld+json\" class=\"yoast-schema-graph\">{\"@context\":\"https:\\\/\\\/schema.org\",\"@graph\":[{\"@type\":\"WebPage\",\"@id\":\"https:\\\/\\\/www.kapi.ltd\\\/fr\\\/urun\\\/porte-dhotel\\\/\",\"url\":\"https:\\\/\\\/www.kapi.ltd\\\/fr\\\/urun\\\/porte-dhotel\\\/\",\"name\":\"Portes d'h\u00f4tel : Portes r\u00e9sistantes au feu et au soleil\",\"isPartOf\":{\"@id\":\"https:\\\/\\\/www.kapi.ltd\\\/fr\\\/#website\"},\"primaryImageOfPage\":{\"@id\":\"https:\\\/\\\/www.kapi.ltd\\\/fr\\\/urun\\\/porte-dhotel\\\/#primaryimage\"},\"image\":{\"@id\":\"https:\\\/\\\/www.kapi.ltd\\\/fr\\\/urun\\\/porte-dhotel\\\/#primaryimage\"},\"thumbnailUrl\":\"https:\\\/\\\/www.kapi.ltd\\\/wp-content\\\/uploads\\\/2026\\\/02\\\/otel-kapisi.webp\",\"datePublished\":\"2026-02-22T06:57:58+00:00\",\"dateModified\":\"2026-02-23T14:17:56+00:00\",\"description\":\"Les portes d'h\u00f4tel offrent une r\u00e9sistance au feu, au soleil et \u00e0 la chaleur, ainsi qu'un design esth\u00e9tique. Des portes durables et r\u00e9sistantes.\",\"breadcrumb\":{\"@id\":\"https:\\\/\\\/www.kapi.ltd\\\/fr\\\/urun\\\/porte-dhotel\\\/#breadcrumb\"},\"inLanguage\":\"fr-FR\",\"potentialAction\":[{\"@type\":\"ReadAction\",\"target\":[\"https:\\\/\\\/www.kapi.ltd\\\/fr\\\/urun\\\/porte-dhotel\\\/\"]}]},{\"@type\":\"ImageObject\",\"inLanguage\":\"fr-FR\",\"@id\":\"https:\\\/\\\/www.kapi.ltd\\\/fr\\\/urun\\\/porte-dhotel\\\/#primaryimage\",\"url\":\"https:\\\/\\\/www.kapi.ltd\\\/wp-content\\\/uploads\\\/2026\\\/02\\\/otel-kapisi.webp\",\"contentUrl\":\"https:\\\/\\\/www.kapi.ltd\\\/wp-content\\\/uploads\\\/2026\\\/02\\\/otel-kapisi.webp\",\"width\":500,\"height\":750,\"caption\":\"otel kap\u0131s\u0131\"},{\"@type\":\"BreadcrumbList\",\"@id\":\"https:\\\/\\\/www.kapi.ltd\\\/fr\\\/urun\\\/porte-dhotel\\\/#breadcrumb\",\"itemListElement\":[{\"@type\":\"ListItem\",\"position\":1,\"name\":\"Anasayfa\",\"item\":\"https:\\\/\\\/www.kapi.ltd\\\/fr\\\/\"},{\"@type\":\"ListItem\",\"position\":2,\"name\":\"ic-kapi-celik-kapi-modelleri\",\"item\":\"https:\\\/\\\/www.kapi.ltd\\\/?page_id=4263\"},{\"@type\":\"ListItem\",\"position\":3,\"name\":\"Porte d&#8217;h\u00f4tel\"}]},{\"@type\":\"WebSite\",\"@id\":\"https:\\\/\\\/www.kapi.ltd\\\/fr\\\/#website\",\"url\":\"https:\\\/\\\/www.kapi.ltd\\\/fr\\\/\",\"name\":\"\u0130\u00e7 Kap\u0131 Ve \u00c7elik Kap\u0131 Modelleri\",\"description\":\"T\u00fcrkiye Kap\u0131 Modelleri Merkezi\",\"potentialAction\":[{\"@type\":\"SearchAction\",\"target\":{\"@type\":\"EntryPoint\",\"urlTemplate\":\"https:\\\/\\\/www.kapi.ltd\\\/fr\\\/?s={search_term_string}\"},\"query-input\":{\"@type\":\"PropertyValueSpecification\",\"valueRequired\":true,\"valueName\":\"search_term_string\"}}],\"inLanguage\":\"fr-FR\"}]}<\/script>\n<!-- \/ Yoast SEO Premium plugin. -->","yoast_head_json":{"title":"Portes d'h\u00f4tel : Portes r\u00e9sistantes au feu et au soleil","description":"Les portes d'h\u00f4tel offrent une r\u00e9sistance au feu, au soleil et \u00e0 la chaleur, ainsi qu'un design esth\u00e9tique. Des portes durables et r\u00e9sistantes.","robots":{"index":"index","follow":"follow","max-snippet":"max-snippet:-1","max-image-preview":"max-image-preview:large","max-video-preview":"max-video-preview:-1"},"canonical":"https:\/\/www.kapi.ltd\/fr\/urun\/porte-dhotel\/","og_locale":"fr_FR","og_type":"article","og_title":"Porte d'h\u00f4tel","og_description":"sac kap\u0131 d\u0131\u015f mekan kap\u0131lar\u0131 sac \u00e7elik kap\u0131 Metal \u00c7elik Kap\u0131","og_url":"https:\/\/www.kapi.ltd\/fr\/urun\/porte-dhotel\/","og_site_name":"\u0130\u00e7 Oda Kap\u0131lar\u0131 - \u00c7elik kap\u0131 modelleri - apartman kap\u0131lar\u0131","article_modified_time":"2026-02-23T14:17:56+00:00","og_image":[{"width":500,"height":750,"url":"https:\/\/www.kapi.ltd\/wp-content\/uploads\/2026\/02\/otel-kapisi.webp","type":"image\/webp"}],"twitter_card":"summary_large_image","twitter_misc":{"Dur\u00e9e de lecture estim\u00e9e":"6 minutes"},"schema":{"@context":"https:\/\/schema.org","@graph":[{"@type":"WebPage","@id":"https:\/\/www.kapi.ltd\/fr\/urun\/porte-dhotel\/","url":"https:\/\/www.kapi.ltd\/fr\/urun\/porte-dhotel\/","name":"Portes d'h\u00f4tel : Portes r\u00e9sistantes au feu et au soleil","isPartOf":{"@id":"https:\/\/www.kapi.ltd\/fr\/#website"},"primaryImageOfPage":{"@id":"https:\/\/www.kapi.ltd\/fr\/urun\/porte-dhotel\/#primaryimage"},"image":{"@id":"https:\/\/www.kapi.ltd\/fr\/urun\/porte-dhotel\/#primaryimage"},"thumbnailUrl":"https:\/\/www.kapi.ltd\/wp-content\/uploads\/2026\/02\/otel-kapisi.webp","datePublished":"2026-02-22T06:57:58+00:00","dateModified":"2026-02-23T14:17:56+00:00","description":"Les portes d'h\u00f4tel offrent une r\u00e9sistance au feu, au soleil et \u00e0 la chaleur, ainsi qu'un design esth\u00e9tique. Des portes durables et r\u00e9sistantes.","breadcrumb":{"@id":"https:\/\/www.kapi.ltd\/fr\/urun\/porte-dhotel\/#breadcrumb"},"inLanguage":"fr-FR","potentialAction":[{"@type":"ReadAction","target":["https:\/\/www.kapi.ltd\/fr\/urun\/porte-dhotel\/"]}]},{"@type":"ImageObject","inLanguage":"fr-FR","@id":"https:\/\/www.kapi.ltd\/fr\/urun\/porte-dhotel\/#primaryimage","url":"https:\/\/www.kapi.ltd\/wp-content\/uploads\/2026\/02\/otel-kapisi.webp","contentUrl":"https:\/\/www.kapi.ltd\/wp-content\/uploads\/2026\/02\/otel-kapisi.webp","width":500,"height":750,"caption":"otel kap\u0131s\u0131"},{"@type":"BreadcrumbList","@id":"https:\/\/www.kapi.ltd\/fr\/urun\/porte-dhotel\/#breadcrumb","itemListElement":[{"@type":"ListItem","position":1,"name":"Anasayfa","item":"https:\/\/www.kapi.ltd\/fr\/"},{"@type":"ListItem","position":2,"name":"ic-kapi-celik-kapi-modelleri","item":"https:\/\/www.kapi.ltd\/?page_id=4263"},{"@type":"ListItem","position":3,"name":"Porte d&#8217;h\u00f4tel"}]},{"@type":"WebSite","@id":"https:\/\/www.kapi.ltd\/fr\/#website","url":"https:\/\/www.kapi.ltd\/fr\/","name":"\u0130\u00e7 Kap\u0131 Ve \u00c7elik Kap\u0131 Modelleri","description":"T\u00fcrkiye Kap\u0131 Modelleri Merkezi","potentialAction":[{"@type":"SearchAction","target":{"@type":"EntryPoint","urlTemplate":"https:\/\/www.kapi.ltd\/fr\/?s={search_term_string}"},"query-input":{"@type":"PropertyValueSpecification","valueRequired":true,"valueName":"search_term_string"}}],"inLanguage":"fr-FR"}]}},"_links":{"self":[{"href":"https:\/\/www.kapi.ltd\/fr\/wp-json\/wp\/v2\/product\/9366","targetHints":{"allow":["GET"]}}],"collection":[{"href":"https:\/\/www.kapi.ltd\/fr\/wp-json\/wp\/v2\/product"}],"about":[{"href":"https:\/\/www.kapi.ltd\/fr\/wp-json\/wp\/v2\/types\/product"}],"version-history":[{"count":4,"href":"https:\/\/www.kapi.ltd\/fr\/wp-json\/wp\/v2\/product\/9366\/revisions"}],"predecessor-version":[{"id":9377,"href":"https:\/\/www.kapi.ltd\/fr\/wp-json\/wp\/v2\/product\/9366\/revisions\/9377"}],"wp:featuredmedia":[{"embeddable":true,"href":"https:\/\/www.kapi.ltd\/fr\/wp-json\/wp\/v2\/media\/9367"}],"wp:attachment":[{"href":"https:\/\/www.kapi.ltd\/fr\/wp-json\/wp\/v2\/media?parent=9366"}],"wp:term":[{"taxonomy":"product_brand","embeddable":true,"href":"https:\/\/www.kapi.ltd\/fr\/wp-json\/wp\/v2\/product_brand?post=9366"},{"taxonomy":"product_cat","embeddable":true,"href":"https:\/\/www.kapi.ltd\/fr\/wp-json\/wp\/v2\/product_cat?post=9366"},{"taxonomy":"product_tag","embeddable":true,"href":"https:\/\/www.kapi.ltd\/fr\/wp-json\/wp\/v2\/product_tag?post=9366"}],"curies":[{"name":"wp","href":"https:\/\/api.w.org\/{rel}","templated":true}]}}