{"id":9348,"date":"2026-02-22T09:36:08","date_gmt":"2026-02-22T06:36:08","guid":{"rendered":"https:\/\/www.kapi.ltd\/urun\/kompozit-ic-kapi\/"},"modified":"2026-02-22T22:07:40","modified_gmt":"2026-02-22T19:07:40","slug":"porte-interieure-composite","status":"publish","type":"product","link":"https:\/\/www.kapi.ltd\/fr\/urun\/porte-interieure-composite\/","title":{"rendered":"Porte int\u00e9rieure composite"},"content":{"rendered":"<div class=\"relative basis-auto flex-col -mb-(--composer-overlap-px) [--composer-overlap-px:28px] grow flex\">\n<div class=\"flex flex-col text-sm pb-25\">\n<article class=\"text-token-text-primary w-full focus:outline-none [--shadow-height:45px] has-data-writing-block:pointer-events-none has-data-writing-block:-mt-(--shadow-height) has-data-writing-block:pt-(--shadow-height) [&amp;:has([data-writing-block])&gt;*]:pointer-events-auto scroll-mt-[calc(var(--header-height)+min(200px,max(70px,20svh)))]\" dir=\"auto\" tabindex=\"-1\" data-turn-id=\"request-WEB:2b9e6435-ceff-4ba4-bf60-66abfd099f94-4\" data-testid=\"conversation-turn-6\" data-scroll-anchor=\"true\" data-turn=\"assistant\">\n<div class=\"text-base my-auto mx-auto pb-10 [--thread-content-margin:--spacing(4)] @w-sm\/main:[--thread-content-margin:--spacing(6)] @w-lg\/main:[--thread-content-margin:--spacing(16)] px-(--thread-content-margin)\">\n<div class=\"[--thread-content-max-width:40rem] @w-lg\/main:[--thread-content-max-width:48rem] mx-auto max-w-(--thread-content-max-width) flex-1 group\/turn-messages focus-visible:outline-hidden relative flex w-full min-w-0 flex-col agent-turn\" tabindex=\"-1\">\n<div class=\"flex max-w-full flex-col grow\">\n<div class=\"min-h-8 text-message relative flex w-full flex-col items-end gap-2 text-start break-words whitespace-normal [.text-message+&amp;]:mt-1\" dir=\"auto\" data-message-author-role=\"assistant\" data-message-id=\"7e3d4023-93e5-4f40-b9b4-ca2e1a7065cc\" data-message-model-slug=\"gpt-5-2\">\n<div class=\"flex w-full flex-col gap-1 empty:hidden first:pt-[1px]\">\n<div class=\"markdown prose dark:prose-invert w-full wrap-break-word light markdown-new-styling\">\n<h2><strong>Portes int\u00e9rieures composites : solutions r\u00e9sistantes au feu et \u00e0 l&rsquo;eau<\/strong><\/h2>\n<p>Alliant s\u00e9curit\u00e9 et esth\u00e9tique , <strong>les portes int\u00e9rieures composites <\/strong>se distinguent notamment par leur r\u00e9sistance au feu et \u00e0 l&rsquo;humidit\u00e9. Gr\u00e2ce \u00e0 leur durabilit\u00e9 et leur longue dur\u00e9e de vie, elles constituent un choix id\u00e9al pour renforcer la s\u00e9curit\u00e9 des habitations et des lieux de travail, face aux d\u00e9fis de la vie moderne. Quels sont donc les avantages des portes int\u00e9rieures composites offrant des caract\u00e9ristiques telles que la <strong>r\u00e9sistance au feu <\/strong>et <strong>\u00e0 l&rsquo;eau et \u00e0 l&rsquo;humidit\u00e9\u00a0?<\/strong><\/p>\n<h2><strong>qu&rsquo;une porte int\u00e9rieure composite\u00a0?<\/strong><\/h2>\n<p><strong>Les portes int\u00e9rieures composites <\/strong>sont fabriqu\u00e9es \u00e0 partir d&rsquo;une combinaison de diff\u00e9rents mat\u00e9riaux et pr\u00e9sentent une grande durabilit\u00e9. G\u00e9n\u00e9ralement compos\u00e9es de bois, de PVC, d&rsquo;aluminium ou d&rsquo;acier , elles se distinguent par leur esth\u00e9tique et leurs caract\u00e9ristiques fonctionnelles. Les portes int\u00e9rieures composites offrent une grande vari\u00e9t\u00e9 d&rsquo;applications , r\u00e9pondant ainsi aux exigences de d\u00e9coration et de s\u00e9curit\u00e9.<\/p>\n<h2><strong>Portes coupe-feu\u00a0: un choix important pour la s\u00e9curit\u00e9<\/strong><\/h2>\n<p><strong>Les portes coupe-feu <\/strong>constituent un \u00e9l\u00e9ment essentiel pour garantir la s\u00e9curit\u00e9 de votre domicile et de vos bureaux en cas d&rsquo;incendie. \u00c9galement appel\u00e9es <strong>portes ignifug\u00e9es <\/strong>, elles offrent une haute r\u00e9sistance \u00e0 la chaleur et contribuent \u00e0 limiter la propagation de la fum\u00e9e. Les portes int\u00e9rieures composites poss\u00e8dent g\u00e9n\u00e9ralement ces caract\u00e9ristiques et minimisent les risques de dommages en cas d&rsquo;incendie.<\/p>\n<p>Les portes int\u00e9rieures composites renforcent la s\u00e9curit\u00e9 incendie des espaces int\u00e9rieurs gr\u00e2ce \u00e0 leurs <strong>propri\u00e9t\u00e9s ignifuges <\/strong>. La s\u00e9curit\u00e9 incendie est primordiale, notamment dans les lieux \u00e0 forte fr\u00e9quentation comme les appartements, les immeubles de bureaux et les h\u00f4tels. L&rsquo;utilisation de ces portes permet de s\u00e9curiser les espaces de vie et de garantir un environnement conforme aux normes de s\u00e9curit\u00e9 incendie.<\/p>\n<h2><strong>Portes \u00e9tanches et r\u00e9sistantes \u00e0 l&rsquo;humidit\u00e9<\/strong><\/h2>\n<p><strong>Les portes r\u00e9sistantes \u00e0 l&rsquo;eau et \u00e0 l&rsquo;humidit\u00e9 <\/strong>sont un choix id\u00e9al, notamment pour les personnes vivant dans des environnements humides. Les portes int\u00e9rieures composites sont con\u00e7ues pour r\u00e9sister \u00e0 ces conditions. <strong>Leur r\u00e9sistance \u00e0 l&rsquo;eau <\/strong>offre un avantage consid\u00e9rable dans les pi\u00e8ces \u00e0 forte humidit\u00e9, comme les salles de bains, ou dans les espaces int\u00e9rieurs proches de l&rsquo;ext\u00e9rieur.<\/p>\n<p>De plus, l&rsquo;utilisation <strong>de portes r\u00e9sistantes \u00e0 l&rsquo;eau et \u00e0 l&rsquo;humidit\u00e9 <\/strong>garantit leur long\u00e9vit\u00e9 et r\u00e9duit les risques de d\u00e9formation. Alors que les portes en bois peuvent se d\u00e9former avec le temps \u00e0 cause de l&rsquo;humidit\u00e9, les portes int\u00e9rieures composites offrent une r\u00e9sistance \u00e0 ces effets n\u00e9fastes.<\/p>\n<h2><strong>Am\u00e9liorez la s\u00e9curit\u00e9 avec des portes coupe-feu<\/strong><\/h2>\n<p><strong>de portes coupe-feu <\/strong>est une mesure importante pour am\u00e9liorer la s\u00e9curit\u00e9 incendie des b\u00e2timents. Les portes int\u00e9rieures composites r\u00e9pondent \u00e0 des normes \u00e9lev\u00e9es en mati\u00e8re de s\u00e9curit\u00e9 incendie et leur utilisation garantit une meilleure protection aux particuliers comme aux entreprises.<\/p>\n<p>En cas d&rsquo;incendie, les portes contribuent souvent \u00e0 limiter la propagation des flammes. <strong>La r\u00e9sistance au feu des portes int\u00e9rieures <\/strong>emp\u00eache non seulement la propagation de l&rsquo;incendie, mais cr\u00e9e \u00e9galement une barri\u00e8re qui facilite l&rsquo;intervention des pompiers. Cette caract\u00e9ristique est primordiale, notamment dans les b\u00e2timents publics, les immeubles d&rsquo;habitation et les tours.<\/p>\n<p><strong>portes int\u00e9rieures composites<\/strong><\/p>\n<p>composites offrent plusieurs avantages par rapport aux portes traditionnelles. En voici quelques-uns\u00a0:<\/p>\n<ol>\n<li><strong>Durabilit\u00e9:<\/strong> Les portes int\u00e9rieures composites sont plus r\u00e9sistantes que les portes en bois et en m\u00e9tal. Leur long\u00e9vit\u00e9 est due \u00e0 leur r\u00e9sistance aux hautes temp\u00e9ratures, \u00e0 l&rsquo;humidit\u00e9, aux chocs et aux rayures.<\/li>\n<li><strong>R\u00e9sistance au feu et \u00e0 l&rsquo;humidit\u00e9 :<\/strong> <strong>La r\u00e9sistance au feu <\/strong>, <strong>\u00e0 l&rsquo;eau et \u00e0 l&rsquo;humidit\u00e9 <\/strong>figure parmi les principaux atouts de ces portes. Elles sont id\u00e9ales pour renforcer votre s\u00e9curit\u00e9 et prot\u00e9ger vos espaces de vie.<\/li>\n<li><strong>Aspect esth\u00e9tique :<\/strong> Les portes composites offrent une grande vari\u00e9t\u00e9 de mod\u00e8les et de coloris, ce qui leur permet de s&rsquo;int\u00e9grer harmonieusement \u00e0 la d\u00e9coration int\u00e9rieure . Leur aspect moderne et \u00e9l\u00e9gant cr\u00e9e une ambiance agr\u00e9able \u00e0 l&rsquo;int\u00e9rieur.<\/li>\n<li><strong>Efficacit\u00e9 \u00e9nerg\u00e9tique :<\/strong> Les portes composites sont \u00e9galement tr\u00e8s performantes en mati\u00e8re d&rsquo;isolation thermique. Elles emp\u00eachent les d\u00e9perditions de chaleur, permettant ainsi des \u00e9conomies d&rsquo;\u00e9nergie.<\/li>\n<li><strong>Facilit\u00e9 d&rsquo;entretien :<\/strong> Les portes int\u00e9rieures composites n\u00e9cessitent moins d&rsquo;entretien que les autres types de portes. Leur capacit\u00e9 \u00e0 rester en parfait \u00e9tat pendant de longues p\u00e9riodes en fait une option tr\u00e8s pris\u00e9e.<\/li>\n<\/ol>\n<h3><strong>Applications des portes int\u00e9rieures composites<\/strong><\/h3>\n<p>composites sont facilement pl\u00e9biscit\u00e9es dans de nombreuses applications. Largement utilis\u00e9es dans les appartements, les bureaux, les h\u00f4tels et les h\u00f4pitaux, notamment gr\u00e2ce \u00e0 <strong>leurs propri\u00e9t\u00e9s coupe-feu <\/strong>, elles conviennent \u00e9galement aux habitations, salles de bains, cuisines et autres environnements humides, en tant que <strong>portes r\u00e9sistantes \u00e0 l&rsquo;eau et \u00e0 l&rsquo;humidit\u00e9 <\/strong>.<\/p>\n<p>composites valorisent les espaces int\u00e9rieurs, tant sur le plan de la s\u00e9curit\u00e9 que sur celui de l&rsquo;esth\u00e9tique. Gr\u00e2ce \u00e0 un large choix de couleurs et de motifs, vous pouvez sublimer l&rsquo;\u00e9l\u00e9gance de vos pi\u00e8ces \u00e0 vivre tout en garantissant une s\u00e9curit\u00e9 optimale.<\/p>\n<h4><strong>Conclusion<\/strong><\/h4>\n<p><strong>Les portes int\u00e9rieures composites <\/strong>allient esth\u00e9tique et s\u00e9curit\u00e9, jouant un r\u00f4le important dans les espaces de vie modernes. Elles sont <strong>r\u00e9sistantes au feu <\/strong>, <strong>\u00e0 l&rsquo;eau et \u00e0 l&rsquo;humidit\u00e9.<\/strong> Gr\u00e2ce \u00e0 leurs caract\u00e9ristiques, ces portes offrent une r\u00e9sistance sup\u00e9rieure au feu et aux agressions ext\u00e9rieures telles que l&rsquo;humidit\u00e9. Elles garantissent la s\u00e9curit\u00e9 de vos espaces int\u00e9rieurs tout en constituant un investissement rentable gr\u00e2ce \u00e0 leur longue dur\u00e9e de vie. Que ce soit \u00e0 la maison ou au travail, choisir <strong>des portes coupe-feu <\/strong>renforce la s\u00e9curit\u00e9 de votre habitat.<\/p>\n<p>&nbsp;<\/p>\n<\/div>\n<\/div>\n<\/div>\n<\/div>\n<\/div>\n<\/div>\n<\/article>\n<\/div>\n<\/div>\n<div id=\"simple-translate\" class=\"simple-translate-system-theme\">\n<div>\n<div class=\"simple-translate-button isShow\" style=\"background-image: url('chrome-extension:\/\/ibplnjkanclpjokhdolnendpplpjiace\/icons\/512.png'); height: 22px; width: 22px; top: 564px; left: 728px;\"><\/div>\n<div class=\"simple-translate-panel \" style=\"width: 300px; height: 200px; top: 0px; left: 0px; font-size: 13px;\">\n<div class=\"simple-translate-result-wrapper\" style=\"overflow: hidden;\">\n<div class=\"simple-translate-move\" draggable=\"true\"><\/div>\n<div class=\"simple-translate-result-contents\">\n<p class=\"simple-translate-candidate\" dir=\"auto\">\n<\/div>\n<\/div>\n<\/div>\n<\/div>\n<\/div>\n","protected":false},"excerpt":{"rendered":"<p>Portes int\u00e9rieures composites : solutions r\u00e9sistantes au feu et \u00e0 l&rsquo;eau Alliant s\u00e9curit\u00e9 et esth\u00e9tique , les portes int\u00e9rieures composites se distinguent notamment par leur r\u00e9sistance au feu et \u00e0 l&rsquo;humidit\u00e9. Gr\u00e2ce \u00e0 leur durabilit\u00e9 et leur longue dur\u00e9e de vie, elles constituent un choix id\u00e9al pour renforcer la s\u00e9curit\u00e9 des habitations et des lieux<\/p>\n","protected":false},"featured_media":9349,"template":"","meta":{"_bbp_topic_count":0,"_bbp_reply_count":0,"_bbp_total_topic_count":0,"_bbp_total_reply_count":0,"_bbp_voice_count":0,"_bbp_anonymous_reply_count":0,"_bbp_topic_count_hidden":0,"_bbp_reply_count_hidden":0,"_bbp_forum_subforum_count":0},"product_brand":[],"product_cat":[923],"product_tag":[],"class_list":{"0":"post-9348","1":"product","2":"type-product","3":"status-publish","4":"has-post-thumbnail","6":"product_cat-portes-metalliques","8":"first","9":"instock","10":"shipping-taxable","11":"product-type-simple","12":"prodpage-classic"},"yoast_head":"<!-- This site is optimized with the Yoast SEO Premium plugin v26.6 (Yoast SEO v27.4) - https:\/\/yoast.com\/product\/yoast-seo-premium-wordpress\/ -->\n<title>Porte int\u00e9rieure composite : Porte r\u00e9sistante au feu<\/title>\n<meta name=\"description\" content=\"Les portes int\u00e9rieures composites renforcent la s\u00e9curit\u00e9 gr\u00e2ce \u00e0 leurs propri\u00e9t\u00e9s coupe-feu et hydrofuges. Porte int\u00e9rieure composite\" \/>\n<meta name=\"robots\" content=\"index, follow, max-snippet:-1, max-image-preview:large, max-video-preview:-1\" \/>\n<link rel=\"canonical\" href=\"https:\/\/www.kapi.ltd\/fr\/urun\/porte-interieure-composite\/\" \/>\n<meta property=\"og:locale\" content=\"fr_FR\" \/>\n<meta property=\"og:type\" content=\"article\" \/>\n<meta property=\"og:title\" content=\"Porte int\u00e9rieure composite\" \/>\n<meta property=\"og:description\" content=\"sac kap\u0131 d\u0131\u015f mekan kap\u0131lar\u0131 sac \u00e7elik kap\u0131 Metal \u00c7elik Kap\u0131\" \/>\n<meta property=\"og:url\" content=\"https:\/\/www.kapi.ltd\/fr\/urun\/porte-interieure-composite\/\" \/>\n<meta property=\"og:site_name\" content=\"\u0130\u00e7 Oda Kap\u0131lar\u0131 - \u00c7elik kap\u0131 modelleri - apartman kap\u0131lar\u0131\" \/>\n<meta property=\"article:modified_time\" content=\"2026-02-22T19:07:40+00:00\" \/>\n<meta property=\"og:image\" content=\"https:\/\/www.kapi.ltd\/wp-content\/uploads\/2026\/02\/kompozit-ic-kapi.webp\" \/>\n\t<meta property=\"og:image:width\" content=\"500\" \/>\n\t<meta property=\"og:image:height\" content=\"750\" \/>\n\t<meta property=\"og:image:type\" content=\"image\/webp\" \/>\n<meta name=\"twitter:card\" content=\"summary_large_image\" \/>\n<meta name=\"twitter:label1\" content=\"Dur\u00e9e de lecture estim\u00e9e\" \/>\n\t<meta name=\"twitter:data1\" content=\"6 minutes\" \/>\n<script type=\"application\/ld+json\" class=\"yoast-schema-graph\">{\"@context\":\"https:\\\/\\\/schema.org\",\"@graph\":[{\"@type\":\"WebPage\",\"@id\":\"https:\\\/\\\/www.kapi.ltd\\\/fr\\\/urun\\\/porte-interieure-composite\\\/\",\"url\":\"https:\\\/\\\/www.kapi.ltd\\\/fr\\\/urun\\\/porte-interieure-composite\\\/\",\"name\":\"Porte int\u00e9rieure composite : Porte r\u00e9sistante au feu\",\"isPartOf\":{\"@id\":\"https:\\\/\\\/www.kapi.ltd\\\/fr\\\/#website\"},\"primaryImageOfPage\":{\"@id\":\"https:\\\/\\\/www.kapi.ltd\\\/fr\\\/urun\\\/porte-interieure-composite\\\/#primaryimage\"},\"image\":{\"@id\":\"https:\\\/\\\/www.kapi.ltd\\\/fr\\\/urun\\\/porte-interieure-composite\\\/#primaryimage\"},\"thumbnailUrl\":\"https:\\\/\\\/www.kapi.ltd\\\/wp-content\\\/uploads\\\/2026\\\/02\\\/kompozit-ic-kapi.webp\",\"datePublished\":\"2026-02-22T06:36:08+00:00\",\"dateModified\":\"2026-02-22T19:07:40+00:00\",\"description\":\"Les portes int\u00e9rieures composites renforcent la s\u00e9curit\u00e9 gr\u00e2ce \u00e0 leurs propri\u00e9t\u00e9s coupe-feu et hydrofuges. Porte int\u00e9rieure composite\",\"breadcrumb\":{\"@id\":\"https:\\\/\\\/www.kapi.ltd\\\/fr\\\/urun\\\/porte-interieure-composite\\\/#breadcrumb\"},\"inLanguage\":\"fr-FR\",\"potentialAction\":[{\"@type\":\"ReadAction\",\"target\":[\"https:\\\/\\\/www.kapi.ltd\\\/fr\\\/urun\\\/porte-interieure-composite\\\/\"]}]},{\"@type\":\"ImageObject\",\"inLanguage\":\"fr-FR\",\"@id\":\"https:\\\/\\\/www.kapi.ltd\\\/fr\\\/urun\\\/porte-interieure-composite\\\/#primaryimage\",\"url\":\"https:\\\/\\\/www.kapi.ltd\\\/wp-content\\\/uploads\\\/2026\\\/02\\\/kompozit-ic-kapi.webp\",\"contentUrl\":\"https:\\\/\\\/www.kapi.ltd\\\/wp-content\\\/uploads\\\/2026\\\/02\\\/kompozit-ic-kapi.webp\",\"width\":500,\"height\":750,\"caption\":\"kompozit i\u00e7 kap\u0131\"},{\"@type\":\"BreadcrumbList\",\"@id\":\"https:\\\/\\\/www.kapi.ltd\\\/fr\\\/urun\\\/porte-interieure-composite\\\/#breadcrumb\",\"itemListElement\":[{\"@type\":\"ListItem\",\"position\":1,\"name\":\"Anasayfa\",\"item\":\"https:\\\/\\\/www.kapi.ltd\\\/fr\\\/\"},{\"@type\":\"ListItem\",\"position\":2,\"name\":\"ic-kapi-celik-kapi-modelleri\",\"item\":\"https:\\\/\\\/www.kapi.ltd\\\/?page_id=4263\"},{\"@type\":\"ListItem\",\"position\":3,\"name\":\"Porte int\u00e9rieure composite\"}]},{\"@type\":\"WebSite\",\"@id\":\"https:\\\/\\\/www.kapi.ltd\\\/fr\\\/#website\",\"url\":\"https:\\\/\\\/www.kapi.ltd\\\/fr\\\/\",\"name\":\"\u0130\u00e7 Kap\u0131 Ve \u00c7elik Kap\u0131 Modelleri\",\"description\":\"T\u00fcrkiye Kap\u0131 Modelleri Merkezi\",\"potentialAction\":[{\"@type\":\"SearchAction\",\"target\":{\"@type\":\"EntryPoint\",\"urlTemplate\":\"https:\\\/\\\/www.kapi.ltd\\\/fr\\\/?s={search_term_string}\"},\"query-input\":{\"@type\":\"PropertyValueSpecification\",\"valueRequired\":true,\"valueName\":\"search_term_string\"}}],\"inLanguage\":\"fr-FR\"}]}<\/script>\n<!-- \/ Yoast SEO Premium plugin. -->","yoast_head_json":{"title":"Porte int\u00e9rieure composite : Porte r\u00e9sistante au feu","description":"Les portes int\u00e9rieures composites renforcent la s\u00e9curit\u00e9 gr\u00e2ce \u00e0 leurs propri\u00e9t\u00e9s coupe-feu et hydrofuges. Porte int\u00e9rieure composite","robots":{"index":"index","follow":"follow","max-snippet":"max-snippet:-1","max-image-preview":"max-image-preview:large","max-video-preview":"max-video-preview:-1"},"canonical":"https:\/\/www.kapi.ltd\/fr\/urun\/porte-interieure-composite\/","og_locale":"fr_FR","og_type":"article","og_title":"Porte int\u00e9rieure composite","og_description":"sac kap\u0131 d\u0131\u015f mekan kap\u0131lar\u0131 sac \u00e7elik kap\u0131 Metal \u00c7elik Kap\u0131","og_url":"https:\/\/www.kapi.ltd\/fr\/urun\/porte-interieure-composite\/","og_site_name":"\u0130\u00e7 Oda Kap\u0131lar\u0131 - \u00c7elik kap\u0131 modelleri - apartman kap\u0131lar\u0131","article_modified_time":"2026-02-22T19:07:40+00:00","og_image":[{"width":500,"height":750,"url":"https:\/\/www.kapi.ltd\/wp-content\/uploads\/2026\/02\/kompozit-ic-kapi.webp","type":"image\/webp"}],"twitter_card":"summary_large_image","twitter_misc":{"Dur\u00e9e de lecture estim\u00e9e":"6 minutes"},"schema":{"@context":"https:\/\/schema.org","@graph":[{"@type":"WebPage","@id":"https:\/\/www.kapi.ltd\/fr\/urun\/porte-interieure-composite\/","url":"https:\/\/www.kapi.ltd\/fr\/urun\/porte-interieure-composite\/","name":"Porte int\u00e9rieure composite : Porte r\u00e9sistante au feu","isPartOf":{"@id":"https:\/\/www.kapi.ltd\/fr\/#website"},"primaryImageOfPage":{"@id":"https:\/\/www.kapi.ltd\/fr\/urun\/porte-interieure-composite\/#primaryimage"},"image":{"@id":"https:\/\/www.kapi.ltd\/fr\/urun\/porte-interieure-composite\/#primaryimage"},"thumbnailUrl":"https:\/\/www.kapi.ltd\/wp-content\/uploads\/2026\/02\/kompozit-ic-kapi.webp","datePublished":"2026-02-22T06:36:08+00:00","dateModified":"2026-02-22T19:07:40+00:00","description":"Les portes int\u00e9rieures composites renforcent la s\u00e9curit\u00e9 gr\u00e2ce \u00e0 leurs propri\u00e9t\u00e9s coupe-feu et hydrofuges. Porte int\u00e9rieure composite","breadcrumb":{"@id":"https:\/\/www.kapi.ltd\/fr\/urun\/porte-interieure-composite\/#breadcrumb"},"inLanguage":"fr-FR","potentialAction":[{"@type":"ReadAction","target":["https:\/\/www.kapi.ltd\/fr\/urun\/porte-interieure-composite\/"]}]},{"@type":"ImageObject","inLanguage":"fr-FR","@id":"https:\/\/www.kapi.ltd\/fr\/urun\/porte-interieure-composite\/#primaryimage","url":"https:\/\/www.kapi.ltd\/wp-content\/uploads\/2026\/02\/kompozit-ic-kapi.webp","contentUrl":"https:\/\/www.kapi.ltd\/wp-content\/uploads\/2026\/02\/kompozit-ic-kapi.webp","width":500,"height":750,"caption":"kompozit i\u00e7 kap\u0131"},{"@type":"BreadcrumbList","@id":"https:\/\/www.kapi.ltd\/fr\/urun\/porte-interieure-composite\/#breadcrumb","itemListElement":[{"@type":"ListItem","position":1,"name":"Anasayfa","item":"https:\/\/www.kapi.ltd\/fr\/"},{"@type":"ListItem","position":2,"name":"ic-kapi-celik-kapi-modelleri","item":"https:\/\/www.kapi.ltd\/?page_id=4263"},{"@type":"ListItem","position":3,"name":"Porte int\u00e9rieure composite"}]},{"@type":"WebSite","@id":"https:\/\/www.kapi.ltd\/fr\/#website","url":"https:\/\/www.kapi.ltd\/fr\/","name":"\u0130\u00e7 Kap\u0131 Ve \u00c7elik Kap\u0131 Modelleri","description":"T\u00fcrkiye Kap\u0131 Modelleri Merkezi","potentialAction":[{"@type":"SearchAction","target":{"@type":"EntryPoint","urlTemplate":"https:\/\/www.kapi.ltd\/fr\/?s={search_term_string}"},"query-input":{"@type":"PropertyValueSpecification","valueRequired":true,"valueName":"search_term_string"}}],"inLanguage":"fr-FR"}]}},"_links":{"self":[{"href":"https:\/\/www.kapi.ltd\/fr\/wp-json\/wp\/v2\/product\/9348","targetHints":{"allow":["GET"]}}],"collection":[{"href":"https:\/\/www.kapi.ltd\/fr\/wp-json\/wp\/v2\/product"}],"about":[{"href":"https:\/\/www.kapi.ltd\/fr\/wp-json\/wp\/v2\/types\/product"}],"version-history":[{"count":6,"href":"https:\/\/www.kapi.ltd\/fr\/wp-json\/wp\/v2\/product\/9348\/revisions"}],"predecessor-version":[{"id":9357,"href":"https:\/\/www.kapi.ltd\/fr\/wp-json\/wp\/v2\/product\/9348\/revisions\/9357"}],"wp:featuredmedia":[{"embeddable":true,"href":"https:\/\/www.kapi.ltd\/fr\/wp-json\/wp\/v2\/media\/9349"}],"wp:attachment":[{"href":"https:\/\/www.kapi.ltd\/fr\/wp-json\/wp\/v2\/media?parent=9348"}],"wp:term":[{"taxonomy":"product_brand","embeddable":true,"href":"https:\/\/www.kapi.ltd\/fr\/wp-json\/wp\/v2\/product_brand?post=9348"},{"taxonomy":"product_cat","embeddable":true,"href":"https:\/\/www.kapi.ltd\/fr\/wp-json\/wp\/v2\/product_cat?post=9348"},{"taxonomy":"product_tag","embeddable":true,"href":"https:\/\/www.kapi.ltd\/fr\/wp-json\/wp\/v2\/product_tag?post=9348"}],"curies":[{"name":"wp","href":"https:\/\/api.w.org\/{rel}","templated":true}]}}