{"id":9286,"date":"2026-02-20T16:22:50","date_gmt":"2026-02-20T13:22:50","guid":{"rendered":"https:\/\/www.kapi.ltd\/urun\/celik-sac-kapilar\/"},"modified":"2026-02-28T10:54:10","modified_gmt":"2026-02-28T07:54:10","slug":"portes-en-tole-dacier","status":"publish","type":"product","link":"https:\/\/www.kapi.ltd\/fr\/urun\/portes-en-tole-dacier\/","title":{"rendered":"Portes en t\u00f4le d&rsquo;acier"},"content":{"rendered":"<div class=\"relative basis-auto flex-col -mb-(--composer-overlap-px) [--composer-overlap-px:28px] grow flex\">\n<div class=\"flex flex-col text-sm pb-25\">\n<article class=\"text-token-text-primary w-full focus:outline-none [--shadow-height:45px] has-data-writing-block:pointer-events-none has-data-writing-block:-mt-(--shadow-height) has-data-writing-block:pt-(--shadow-height) [&amp;:has([data-writing-block])&gt;*]:pointer-events-auto scroll-mt-[calc(var(--header-height)+min(200px,max(70px,20svh)))]\" dir=\"auto\" tabindex=\"-1\" data-turn-id=\"request-WEB:2b9e6435-ceff-4ba4-bf60-66abfd099f94-4\" data-testid=\"conversation-turn-6\" data-scroll-anchor=\"true\" data-turn=\"assistant\">\n<div class=\"text-base my-auto mx-auto pb-10 [--thread-content-margin:--spacing(4)] @w-sm\/main:[--thread-content-margin:--spacing(6)] @w-lg\/main:[--thread-content-margin:--spacing(16)] px-(--thread-content-margin)\">\n<div class=\"[--thread-content-max-width:40rem] @w-lg\/main:[--thread-content-max-width:48rem] mx-auto max-w-(--thread-content-max-width) flex-1 group\/turn-messages focus-visible:outline-hidden relative flex w-full min-w-0 flex-col agent-turn\" tabindex=\"-1\">\n<div class=\"flex max-w-full flex-col grow\">\n<div class=\"min-h-8 text-message relative flex w-full flex-col items-end gap-2 text-start break-words whitespace-normal [.text-message+&amp;]:mt-1\" dir=\"auto\" data-message-author-role=\"assistant\" data-message-id=\"7e3d4023-93e5-4f40-b9b4-ca2e1a7065cc\" data-message-model-slug=\"gpt-5-2\">\n<div class=\"flex w-full flex-col gap-1 empty:hidden first:pt-[1px]\">\n<div class=\"markdown prose dark:prose-invert w-full wrap-break-word light markdown-new-styling\">\n<h2><strong>Portes en t\u00f4le d\u2019acier : des solutions durables, modernes et esth\u00e9tiques<\/strong><\/h2>\n<p class=\"first:mt-1.5!\">Les portes en acier figurent aujourd\u2019hui parmi les choix les plus populaires en mati\u00e8re de <strong>s\u00e9curit\u00e9<\/strong> et d\u2019<strong>esth\u00e9tique<\/strong>. Les <strong>portes en t\u00f4le d\u2019acier<\/strong> se distinguent par leur robustesse, leur s\u00e9curit\u00e9 et leur grande durabilit\u00e9, tout en offrant un design moderne et \u00e9l\u00e9gant. En particulier, les mod\u00e8les de <strong>portes ext\u00e9rieures<\/strong> et de <strong>portes en t\u00f4le m\u00e9tallique<\/strong> sont con\u00e7us pour s\u2019adapter \u00e0 tous types de b\u00e2timents et procurer aux utilisateurs un espace de vie s\u00fbr, fiable et durable. Contrairement aux mod\u00e8les traditionnels de portes en acier qui reprennent souvent des motifs imitation bois, les portes fabriqu\u00e9es en t\u00f4le d\u2019acier proposent aujourd\u2019hui une solution bien plus solide, esth\u00e9tique et innovante.<\/p>\n<h2><strong>Portes en t\u00f4le d\u2019acier : l\u00e0 o\u00f9 l\u2019esth\u00e9tique rencontre la fonctionnalit\u00e9<\/strong><\/h2>\n<p class=\"first:mt-1.5!\">L\u2019un des principaux avantages des portes en t\u00f4le d\u2019acier r\u00e9side dans le fait qu\u2019elles sont <strong>enti\u00e8rement fabriqu\u00e9es en acier<\/strong>. Dans les mod\u00e8les traditionnels, certaines parties d\u00e9coratives (souvent au centre) peuvent \u00eatre r\u00e9alis\u00e9es avec des motifs bois, ce qui apporte une richesse visuelle. En revanche, les portes produites en t\u00f4le d\u2019acier offrent un design <strong>sans bois<\/strong>, permettant d\u2019obtenir une esth\u00e9tique totalement m\u00e9tallique. Une porte sans \u00e9l\u00e9ments bois est particuli\u00e8rement adapt\u00e9e aux constructions modernes, car elle est \u00e0 la fois r\u00e9sistante et tr\u00e8s \u00e9l\u00e9gante.<\/p>\n<h2><strong>Renforcer la s\u00e9curit\u00e9 avec des portes en t\u00f4le m\u00e9tallique<\/strong><\/h2>\n<p class=\"first:mt-1.5!\">Les portes en t\u00f4le d\u2019acier constituent \u00e9galement une excellente option du point de vue de la s\u00e9curit\u00e9. Les portes m\u00e9talliques en acier sont bien plus robustes et difficiles \u00e0 forcer que les mod\u00e8les standards. Gr\u00e2ce \u00e0 leur mat\u00e9riau en t\u00f4le d\u2019acier r\u00e9sistante, elles offrent une protection \u00e9lev\u00e9e contre le vol, les chocs et les facteurs environnementaux. C\u2019est un choix id\u00e9al pour ceux qui placent la s\u00e9curit\u00e9 au premier plan.<\/p>\n<p class=\"first:mt-1.5!\">Utilis\u00e9es comme <strong>porte ext\u00e9rieure<\/strong>, les portes en t\u00f4le d\u2019acier conservent leurs performances m\u00eame dans des conditions climatiques exigeantes. Elles r\u00e9sistent \u00e0 la chaleur, au froid, \u00e0 la pluie et aux intemp\u00e9ries, et assurent un service fiable pendant de longues ann\u00e9es. Lorsqu\u2019elles sont install\u00e9es \u00e0 l\u2019ext\u00e9rieur\u2014par exemple comme <strong>portes d\u2019entr\u00e9e de villa<\/strong> ou <strong>portes d\u2019entr\u00e9e d\u2019immeuble<\/strong>\u2014elles renforcent la s\u00e9curit\u00e9 tout en apportant une touche de style.<\/p>\n<h2><strong>Portes en t\u00f4le d\u2019acier : des solutions durables et longue dur\u00e9e<\/strong><\/h2>\n<p class=\"first:mt-1.5!\">Les portes en t\u00f4le d\u2019acier sont r\u00e9put\u00e9es pour leur long\u00e9vit\u00e9. La r\u00e9sistance \u00e9lev\u00e9e du m\u00e9tal permet aux portes de rester solides pendant de nombreuses ann\u00e9es. Elles n\u00e9cessitent moins d\u2019entretien que les portes en bois et sont tr\u00e8s r\u00e9sistantes \u00e0 l\u2019eau, \u00e0 l\u2019humidit\u00e9 et au soleil. La dur\u00e9e de vie des portes en t\u00f4le d\u2019acier peut s\u2019\u00e9tendre sur de nombreuses ann\u00e9es selon l\u2019environnement d\u2019utilisation et l\u2019entretien.<\/p>\n<h3><strong>Des solutions innovantes en mati\u00e8re de design de porte<\/strong><\/h3>\n<p class=\"first:mt-1.5!\">En mati\u00e8re de design, les portes en t\u00f4le d\u2019acier ne se distinguent pas seulement par leur solidit\u00e9, mais aussi par les lignes innovantes et esth\u00e9tiques qu\u2019elles proposent. Les portes sans bois sont un excellent choix pour ceux qui recherchent un style minimaliste. Gr\u00e2ce \u00e0 leurs lignes sobres et contemporaines, elles s\u2019int\u00e8grent facilement dans tout type d\u2019am\u00e9nagement int\u00e9rieur ou ext\u00e9rieur.<\/p>\n<p class=\"first:mt-1.5!\">Particuli\u00e8rement appr\u00e9ci\u00e9es sur le plan d\u00e9coratif, les portes m\u00e9talliques en acier allient durabilit\u00e9 et \u00e9l\u00e9gance. Les portes en t\u00f4le d\u2019acier, avec leurs surfaces lisses, simples et esth\u00e9tiques (sans motif bois au centre), s\u2019adaptent \u00e0 tous les espaces.<\/p>\n<h2><strong>Conclusion : des portes modernes en t\u00f4le d\u2019acier<\/strong><\/h2>\n<p class=\"first:mt-1.5!\">Les portes en t\u00f4le d\u2019acier sont choisies pour la s\u00e9curit\u00e9, la durabilit\u00e9 et l\u2019esth\u00e9tique qu\u2019elles offrent. Les portes fabriqu\u00e9es en t\u00f4le d\u2019acier, gr\u00e2ce \u00e0 leur conception sans bois, apportent une apparence moderne tout en restant extr\u00eamement fiables en termes de solidit\u00e9. Les mod\u00e8les de portes en t\u00f4le m\u00e9tallique constituent des solutions faciles \u00e0 entretenir, durables et adapt\u00e9es \u00e0 un usage en ext\u00e9rieur. Pour ceux qui souhaitent une porte \u00e9l\u00e9gante et s\u00e9curis\u00e9e sans avoir recours \u00e0 des motifs bois, les portes en t\u00f4le d\u2019acier sont un excellent choix.<\/p>\n<p class=\"first:mt-1.5!\">Les avantages des portes en t\u00f4le d\u2019acier en font un produit recherch\u00e9 non seulement pour la s\u00e9curit\u00e9, mais aussi pour l\u2019esth\u00e9tique. Devenues indispensables dans les constructions modernes, ces portes prot\u00e8gent maisons et lieux de travail en r\u00e9unissant r\u00e9sistance et \u00e9l\u00e9gance.<\/p>\n<\/div>\n<\/div>\n<\/div>\n<\/div>\n<\/div>\n<\/div>\n<\/article>\n<\/div>\n<\/div>\n","protected":false},"excerpt":{"rendered":"<p>Portes en t\u00f4le d\u2019acier : des solutions durables, modernes et esth\u00e9tiques Les portes en acier figurent aujourd\u2019hui parmi les choix les plus populaires en mati\u00e8re de s\u00e9curit\u00e9 et d\u2019esth\u00e9tique. Les portes en t\u00f4le d\u2019acier se distinguent par leur robustesse, leur s\u00e9curit\u00e9 et leur grande durabilit\u00e9, tout en offrant un design moderne et \u00e9l\u00e9gant. En particulier,<\/p>\n","protected":false},"featured_media":9287,"template":"","meta":{"_bbp_topic_count":0,"_bbp_reply_count":0,"_bbp_total_topic_count":0,"_bbp_total_reply_count":0,"_bbp_voice_count":0,"_bbp_anonymous_reply_count":0,"_bbp_topic_count_hidden":0,"_bbp_reply_count_hidden":0,"_bbp_forum_subforum_count":0},"product_brand":[],"product_cat":[923],"product_tag":[1245],"class_list":{"0":"post-9286","1":"product","2":"type-product","3":"status-publish","4":"has-post-thumbnail","6":"product_cat-portes-metalliques","7":"product_tag-celik-sac-kapi","9":"first","10":"instock","11":"shipping-taxable","12":"product-type-simple","13":"prodpage-classic"},"yoast_head":"<!-- This site is optimized with the Yoast SEO Premium plugin v26.6 (Yoast SEO v27.4) - https:\/\/yoast.com\/product\/yoast-seo-premium-wordpress\/ -->\n<title>Portes en t\u00f4le d&#039;acier : mod\u00e8les m\u00e9talliques r\u00e9sistantes, et s\u00fbres<\/title>\n<meta name=\"description\" content=\"Les portes en t\u00f4le d&#039;acier sont la solution id\u00e9ale pour ceux qui recherchent s\u00e9curit\u00e9 et esth\u00e9tique ! Optez pour des portes m\u00e9talliques sans bois.\" \/>\n<meta name=\"robots\" content=\"index, follow, max-snippet:-1, max-image-preview:large, max-video-preview:-1\" \/>\n<link rel=\"canonical\" href=\"https:\/\/www.kapi.ltd\/fr\/urun\/portes-en-tole-dacier\/\" \/>\n<meta property=\"og:locale\" content=\"fr_FR\" \/>\n<meta property=\"og:type\" content=\"article\" \/>\n<meta property=\"og:title\" content=\"Portes en t\u00f4le d&#039;acier\" \/>\n<meta property=\"og:description\" content=\"sac kap\u0131 d\u0131\u015f mekan kap\u0131lar\u0131 sac \u00e7elik kap\u0131 Metal \u00c7elik Kap\u0131\" \/>\n<meta property=\"og:url\" content=\"https:\/\/www.kapi.ltd\/fr\/urun\/portes-en-tole-dacier\/\" \/>\n<meta property=\"og:site_name\" content=\"\u0130\u00e7 Oda Kap\u0131lar\u0131 - \u00c7elik kap\u0131 modelleri - apartman kap\u0131lar\u0131\" \/>\n<meta property=\"article:modified_time\" content=\"2026-02-28T07:54:10+00:00\" \/>\n<meta property=\"og:image\" content=\"https:\/\/www.kapi.ltd\/wp-content\/uploads\/2026\/02\/celik-sac-kapi.webp\" \/>\n\t<meta property=\"og:image:width\" content=\"500\" \/>\n\t<meta property=\"og:image:height\" content=\"750\" \/>\n\t<meta property=\"og:image:type\" content=\"image\/webp\" \/>\n<meta name=\"twitter:card\" content=\"summary_large_image\" \/>\n<meta name=\"twitter:label1\" content=\"Dur\u00e9e de lecture estim\u00e9e\" \/>\n\t<meta name=\"twitter:data1\" content=\"5 minutes\" \/>\n<script type=\"application\/ld+json\" class=\"yoast-schema-graph\">{\"@context\":\"https:\\\/\\\/schema.org\",\"@graph\":[{\"@type\":\"WebPage\",\"@id\":\"https:\\\/\\\/www.kapi.ltd\\\/fr\\\/urun\\\/portes-en-tole-dacier\\\/\",\"url\":\"https:\\\/\\\/www.kapi.ltd\\\/fr\\\/urun\\\/portes-en-tole-dacier\\\/\",\"name\":\"Portes en t\u00f4le d'acier : mod\u00e8les m\u00e9talliques r\u00e9sistantes, et s\u00fbres\",\"isPartOf\":{\"@id\":\"https:\\\/\\\/www.kapi.ltd\\\/fr\\\/#website\"},\"primaryImageOfPage\":{\"@id\":\"https:\\\/\\\/www.kapi.ltd\\\/fr\\\/urun\\\/portes-en-tole-dacier\\\/#primaryimage\"},\"image\":{\"@id\":\"https:\\\/\\\/www.kapi.ltd\\\/fr\\\/urun\\\/portes-en-tole-dacier\\\/#primaryimage\"},\"thumbnailUrl\":\"https:\\\/\\\/www.kapi.ltd\\\/wp-content\\\/uploads\\\/2026\\\/02\\\/celik-sac-kapi.webp\",\"datePublished\":\"2026-02-20T13:22:50+00:00\",\"dateModified\":\"2026-02-28T07:54:10+00:00\",\"description\":\"Les portes en t\u00f4le d'acier sont la solution id\u00e9ale pour ceux qui recherchent s\u00e9curit\u00e9 et esth\u00e9tique ! Optez pour des portes m\u00e9talliques sans bois.\",\"breadcrumb\":{\"@id\":\"https:\\\/\\\/www.kapi.ltd\\\/fr\\\/urun\\\/portes-en-tole-dacier\\\/#breadcrumb\"},\"inLanguage\":\"fr-FR\",\"potentialAction\":[{\"@type\":\"ReadAction\",\"target\":[\"https:\\\/\\\/www.kapi.ltd\\\/fr\\\/urun\\\/portes-en-tole-dacier\\\/\"]}]},{\"@type\":\"ImageObject\",\"inLanguage\":\"fr-FR\",\"@id\":\"https:\\\/\\\/www.kapi.ltd\\\/fr\\\/urun\\\/portes-en-tole-dacier\\\/#primaryimage\",\"url\":\"https:\\\/\\\/www.kapi.ltd\\\/wp-content\\\/uploads\\\/2026\\\/02\\\/celik-sac-kapi.webp\",\"contentUrl\":\"https:\\\/\\\/www.kapi.ltd\\\/wp-content\\\/uploads\\\/2026\\\/02\\\/celik-sac-kapi.webp\",\"width\":500,\"height\":750,\"caption\":\"\u00e7elik sac kap\u0131\"},{\"@type\":\"BreadcrumbList\",\"@id\":\"https:\\\/\\\/www.kapi.ltd\\\/fr\\\/urun\\\/portes-en-tole-dacier\\\/#breadcrumb\",\"itemListElement\":[{\"@type\":\"ListItem\",\"position\":1,\"name\":\"Anasayfa\",\"item\":\"https:\\\/\\\/www.kapi.ltd\\\/fr\\\/\"},{\"@type\":\"ListItem\",\"position\":2,\"name\":\"ic-kapi-celik-kapi-modelleri\",\"item\":\"https:\\\/\\\/www.kapi.ltd\\\/?page_id=4263\"},{\"@type\":\"ListItem\",\"position\":3,\"name\":\"Portes en t\u00f4le d&#8217;acier\"}]},{\"@type\":\"WebSite\",\"@id\":\"https:\\\/\\\/www.kapi.ltd\\\/fr\\\/#website\",\"url\":\"https:\\\/\\\/www.kapi.ltd\\\/fr\\\/\",\"name\":\"\u0130\u00e7 Kap\u0131 Ve \u00c7elik Kap\u0131 Modelleri\",\"description\":\"T\u00fcrkiye Kap\u0131 Modelleri Merkezi\",\"potentialAction\":[{\"@type\":\"SearchAction\",\"target\":{\"@type\":\"EntryPoint\",\"urlTemplate\":\"https:\\\/\\\/www.kapi.ltd\\\/fr\\\/?s={search_term_string}\"},\"query-input\":{\"@type\":\"PropertyValueSpecification\",\"valueRequired\":true,\"valueName\":\"search_term_string\"}}],\"inLanguage\":\"fr-FR\"}]}<\/script>\n<!-- \/ Yoast SEO Premium plugin. -->","yoast_head_json":{"title":"Portes en t\u00f4le d'acier : mod\u00e8les m\u00e9talliques r\u00e9sistantes, et s\u00fbres","description":"Les portes en t\u00f4le d'acier sont la solution id\u00e9ale pour ceux qui recherchent s\u00e9curit\u00e9 et esth\u00e9tique ! Optez pour des portes m\u00e9talliques sans bois.","robots":{"index":"index","follow":"follow","max-snippet":"max-snippet:-1","max-image-preview":"max-image-preview:large","max-video-preview":"max-video-preview:-1"},"canonical":"https:\/\/www.kapi.ltd\/fr\/urun\/portes-en-tole-dacier\/","og_locale":"fr_FR","og_type":"article","og_title":"Portes en t\u00f4le d'acier","og_description":"sac kap\u0131 d\u0131\u015f mekan kap\u0131lar\u0131 sac \u00e7elik kap\u0131 Metal \u00c7elik Kap\u0131","og_url":"https:\/\/www.kapi.ltd\/fr\/urun\/portes-en-tole-dacier\/","og_site_name":"\u0130\u00e7 Oda Kap\u0131lar\u0131 - \u00c7elik kap\u0131 modelleri - apartman kap\u0131lar\u0131","article_modified_time":"2026-02-28T07:54:10+00:00","og_image":[{"width":500,"height":750,"url":"https:\/\/www.kapi.ltd\/wp-content\/uploads\/2026\/02\/celik-sac-kapi.webp","type":"image\/webp"}],"twitter_card":"summary_large_image","twitter_misc":{"Dur\u00e9e de lecture estim\u00e9e":"5 minutes"},"schema":{"@context":"https:\/\/schema.org","@graph":[{"@type":"WebPage","@id":"https:\/\/www.kapi.ltd\/fr\/urun\/portes-en-tole-dacier\/","url":"https:\/\/www.kapi.ltd\/fr\/urun\/portes-en-tole-dacier\/","name":"Portes en t\u00f4le d'acier : mod\u00e8les m\u00e9talliques r\u00e9sistantes, et s\u00fbres","isPartOf":{"@id":"https:\/\/www.kapi.ltd\/fr\/#website"},"primaryImageOfPage":{"@id":"https:\/\/www.kapi.ltd\/fr\/urun\/portes-en-tole-dacier\/#primaryimage"},"image":{"@id":"https:\/\/www.kapi.ltd\/fr\/urun\/portes-en-tole-dacier\/#primaryimage"},"thumbnailUrl":"https:\/\/www.kapi.ltd\/wp-content\/uploads\/2026\/02\/celik-sac-kapi.webp","datePublished":"2026-02-20T13:22:50+00:00","dateModified":"2026-02-28T07:54:10+00:00","description":"Les portes en t\u00f4le d'acier sont la solution id\u00e9ale pour ceux qui recherchent s\u00e9curit\u00e9 et esth\u00e9tique ! Optez pour des portes m\u00e9talliques sans bois.","breadcrumb":{"@id":"https:\/\/www.kapi.ltd\/fr\/urun\/portes-en-tole-dacier\/#breadcrumb"},"inLanguage":"fr-FR","potentialAction":[{"@type":"ReadAction","target":["https:\/\/www.kapi.ltd\/fr\/urun\/portes-en-tole-dacier\/"]}]},{"@type":"ImageObject","inLanguage":"fr-FR","@id":"https:\/\/www.kapi.ltd\/fr\/urun\/portes-en-tole-dacier\/#primaryimage","url":"https:\/\/www.kapi.ltd\/wp-content\/uploads\/2026\/02\/celik-sac-kapi.webp","contentUrl":"https:\/\/www.kapi.ltd\/wp-content\/uploads\/2026\/02\/celik-sac-kapi.webp","width":500,"height":750,"caption":"\u00e7elik sac kap\u0131"},{"@type":"BreadcrumbList","@id":"https:\/\/www.kapi.ltd\/fr\/urun\/portes-en-tole-dacier\/#breadcrumb","itemListElement":[{"@type":"ListItem","position":1,"name":"Anasayfa","item":"https:\/\/www.kapi.ltd\/fr\/"},{"@type":"ListItem","position":2,"name":"ic-kapi-celik-kapi-modelleri","item":"https:\/\/www.kapi.ltd\/?page_id=4263"},{"@type":"ListItem","position":3,"name":"Portes en t\u00f4le d&#8217;acier"}]},{"@type":"WebSite","@id":"https:\/\/www.kapi.ltd\/fr\/#website","url":"https:\/\/www.kapi.ltd\/fr\/","name":"\u0130\u00e7 Kap\u0131 Ve \u00c7elik Kap\u0131 Modelleri","description":"T\u00fcrkiye Kap\u0131 Modelleri Merkezi","potentialAction":[{"@type":"SearchAction","target":{"@type":"EntryPoint","urlTemplate":"https:\/\/www.kapi.ltd\/fr\/?s={search_term_string}"},"query-input":{"@type":"PropertyValueSpecification","valueRequired":true,"valueName":"search_term_string"}}],"inLanguage":"fr-FR"}]}},"_links":{"self":[{"href":"https:\/\/www.kapi.ltd\/fr\/wp-json\/wp\/v2\/product\/9286","targetHints":{"allow":["GET"]}}],"collection":[{"href":"https:\/\/www.kapi.ltd\/fr\/wp-json\/wp\/v2\/product"}],"about":[{"href":"https:\/\/www.kapi.ltd\/fr\/wp-json\/wp\/v2\/types\/product"}],"version-history":[{"count":2,"href":"https:\/\/www.kapi.ltd\/fr\/wp-json\/wp\/v2\/product\/9286\/revisions"}],"predecessor-version":[{"id":9754,"href":"https:\/\/www.kapi.ltd\/fr\/wp-json\/wp\/v2\/product\/9286\/revisions\/9754"}],"wp:featuredmedia":[{"embeddable":true,"href":"https:\/\/www.kapi.ltd\/fr\/wp-json\/wp\/v2\/media\/9287"}],"wp:attachment":[{"href":"https:\/\/www.kapi.ltd\/fr\/wp-json\/wp\/v2\/media?parent=9286"}],"wp:term":[{"taxonomy":"product_brand","embeddable":true,"href":"https:\/\/www.kapi.ltd\/fr\/wp-json\/wp\/v2\/product_brand?post=9286"},{"taxonomy":"product_cat","embeddable":true,"href":"https:\/\/www.kapi.ltd\/fr\/wp-json\/wp\/v2\/product_cat?post=9286"},{"taxonomy":"product_tag","embeddable":true,"href":"https:\/\/www.kapi.ltd\/fr\/wp-json\/wp\/v2\/product_tag?post=9286"}],"curies":[{"name":"wp","href":"https:\/\/api.w.org\/{rel}","templated":true}]}}