{"id":9207,"date":"2026-02-20T07:02:45","date_gmt":"2026-02-20T04:02:45","guid":{"rendered":"https:\/\/www.kapi.ltd\/urun\/komple-metal-kapilar\/"},"modified":"2026-02-28T10:54:53","modified_gmt":"2026-02-28T07:54:53","slug":"completement-metallique-capillaire","status":"publish","type":"product","link":"https:\/\/www.kapi.ltd\/fr\/urun\/completement-metallique-capillaire\/","title":{"rendered":"Portes m\u00e9talliques compl\u00e8tes"},"content":{"rendered":"<div class=\"relative basis-auto flex-col -mb-(--composer-overlap-px) [--composer-overlap-px:28px] grow flex\">\n<div class=\"flex flex-col text-sm pb-25\">\n<article class=\"text-token-text-primary w-full focus:outline-none [--shadow-height:45px] has-data-writing-block:pointer-events-none has-data-writing-block:-mt-(--shadow-height) has-data-writing-block:pt-(--shadow-height) [&amp;:has([data-writing-block])&gt;*]:pointer-events-auto scroll-mt-[calc(var(--header-height)+min(200px,max(70px,20svh)))]\" dir=\"auto\" tabindex=\"-1\" data-turn-id=\"request-WEB:2b9e6435-ceff-4ba4-bf60-66abfd099f94-4\" data-testid=\"conversation-turn-6\" data-scroll-anchor=\"true\" data-turn=\"assistant\">\n<div class=\"text-base my-auto mx-auto pb-10 [--thread-content-margin:--spacing(4)] @w-sm\/main:[--thread-content-margin:--spacing(6)] @w-lg\/main:[--thread-content-margin:--spacing(16)] px-(--thread-content-margin)\">\n<div class=\"[--thread-content-max-width:40rem] @w-lg\/main:[--thread-content-max-width:48rem] mx-auto max-w-(--thread-content-max-width) flex-1 group\/turn-messages focus-visible:outline-hidden relative flex w-full min-w-0 flex-col agent-turn\" tabindex=\"-1\">\n<div class=\"flex max-w-full flex-col grow\">\n<div class=\"min-h-8 text-message relative flex w-full flex-col items-end gap-2 text-start break-words whitespace-normal [.text-message+&amp;]:mt-1\" dir=\"auto\" data-message-author-role=\"assistant\" data-message-id=\"7e3d4023-93e5-4f40-b9b4-ca2e1a7065cc\" data-message-model-slug=\"gpt-5-2\">\n<div class=\"flex w-full flex-col gap-1 empty:hidden first:pt-[1px]\">\n<div class=\"markdown prose dark:prose-invert w-full wrap-break-word light markdown-new-styling\">\n<h2><strong>Introduction : le r\u00f4le des portes m\u00e9talliques dans la s\u00e9curit\u00e9<\/strong><\/h2>\n<p class=\"first:mt-1.5!\">Les portes sont l\u2019un des \u00e9l\u00e9ments les plus importants pour assurer la s\u00e9curit\u00e9 d\u2019un b\u00e2timent. Trouver le bon \u00e9quilibre entre s\u00e9curit\u00e9, esth\u00e9tique et durabilit\u00e9 peut rendre le choix de la porte la plus adapt\u00e9e difficile. Cependant, des options telles que la <strong>porte enti\u00e8rement m\u00e9tallique<\/strong>, la <strong>porte enti\u00e8rement en t\u00f4le<\/strong>, la <strong>porte enti\u00e8rement en fer<\/strong> et les <strong>portes enti\u00e8rement en acier<\/strong> offrent des solutions excellentes, \u00e0 la fois sur le plan de la s\u00e9curit\u00e9 et de l\u2019esth\u00e9tique. En plus d\u2019\u00eatre durables pendant de nombreuses ann\u00e9es, les portes m\u00e9talliques assurent une protection solide contre le cambriolage, les chocs, l\u2019incendie et d\u2019autres menaces ext\u00e9rieures. Dans cet article, nous examinerons en d\u00e9tail les avantages des portes m\u00e9talliques et leurs domaines d\u2019utilisation.<\/p>\n<h2><strong>Qu\u2019est-ce qu\u2019une porte enti\u00e8rement m\u00e9tallique ?<\/strong><\/h2>\n<p class=\"first:mt-1.5!\">Une <strong>porte enti\u00e8rement m\u00e9tallique<\/strong> est une porte robuste et s\u00e9curis\u00e9e, fabriqu\u00e9e totalement \u00e0 partir de mat\u00e9riaux m\u00e9talliques. Elle est g\u00e9n\u00e9ralement produite en acier, aluminium, fer ou t\u00f4le. Ces portes sont con\u00e7ues pour prot\u00e9ger contre tous types de menaces ext\u00e9rieures. Les mod\u00e8les tels que la <strong>porte enti\u00e8rement en t\u00f4le<\/strong> ou la <strong>porte enti\u00e8rement en fer<\/strong> offrent une s\u00e9curit\u00e9 \u00e9lev\u00e9e et, gr\u00e2ce \u00e0 leur durabilit\u00e9, peuvent \u00eatre utilis\u00e9s pendant de nombreuses ann\u00e9es. La structure solide des portes m\u00e9talliques les rend r\u00e9sistantes aux chocs venant de l\u2019ext\u00e9rieur. De plus, des options comme les <strong>portes enti\u00e8rement en acier<\/strong> maximisent la s\u00e9curit\u00e9 et s\u2019adaptent parfaitement aux entr\u00e9es principales des b\u00e2timents.<\/p>\n<h2><strong>Porte enti\u00e8rement en t\u00f4le : un choix id\u00e9al pour l\u2019industrie et le commerce<\/strong><\/h2>\n<p class=\"first:mt-1.5!\">La <strong>porte enti\u00e8rement en t\u00f4le<\/strong> est un type de porte couramment privil\u00e9gi\u00e9 dans les zones industrielles et les b\u00e2timents commerciaux. La porte en t\u00f4le est fabriqu\u00e9e en formant des plaques d\u2019acier press\u00e9es, et elle est extr\u00eamement efficace en termes de solidit\u00e9. Ces portes sont g\u00e9n\u00e9ralement utilis\u00e9es dans les grandes usines, les entrep\u00f4ts et les installations industrielles. Les mod\u00e8les de <strong>portes enti\u00e8rement en t\u00f4le<\/strong> sont r\u00e9sistants aux chocs ext\u00e9rieurs et aux conditions climatiques.<\/p>\n<p class=\"first:mt-1.5!\">Le plus grand avantage des <strong>portes en t\u00f4le<\/strong>, outre leur haut niveau de s\u00e9curit\u00e9, est leur tr\u00e8s faible besoin d\u2019entretien. Gr\u00e2ce \u00e0 leurs propri\u00e9t\u00e9s anticorrosion, les portes en t\u00f4le peuvent \u00eatre utilis\u00e9es longtemps sans perdre leur fonctionnalit\u00e9. De plus, avec diverses options de couleurs et de motifs, elles r\u00e9pondent aussi \u00e0 diff\u00e9rents choix esth\u00e9tiques.<\/p>\n<h2><strong>Porte enti\u00e8rement en fer : un excellent choix pour une s\u00e9curit\u00e9 maximale<\/strong><\/h2>\n<p class=\"first:mt-1.5!\">La <strong>porte enti\u00e8rement en fer<\/strong> offre un niveau de protection au plus haut degr\u00e9 en mati\u00e8re de solidit\u00e9 et de s\u00e9curit\u00e9. Les portes en fer sont g\u00e9n\u00e9ralement pr\u00e9f\u00e9r\u00e9es dans les maisons, villas, immeubles et b\u00e2timents commerciaux. Elles sont extr\u00eamement r\u00e9sistantes au cambriolage, aux chocs et \u00e0 d\u2019autres menaces ext\u00e9rieures. Les mod\u00e8les de <strong>portes enti\u00e8rement en fer<\/strong> se distinguent par leur structure robuste et leurs surfaces durables. En outre, les portes en fer peuvent aussi \u00eatre \u00e9l\u00e9gantes et esth\u00e9tiques.<\/p>\n<p class=\"first:mt-1.5!\">Les <strong>portes en fer<\/strong>, tout en \u00e9tant durables \u00e0 l\u2019ext\u00e9rieur, apportent \u00e9galement une apparence esth\u00e9tique \u00e0 l\u2019int\u00e9rieur. Elles peuvent \u00eatre con\u00e7ues pour s\u2019harmoniser avec une architecture moderne et \u00eatre personnalis\u00e9es selon les pr\u00e9f\u00e9rences. Ces portes peuvent aussi \u00eatre \u00e9quip\u00e9es de syst\u00e8mes de verrouillage afin d\u2019assurer une s\u00e9curit\u00e9 renforc\u00e9e.<\/p>\n<h2><strong>Portes enti\u00e8rement en acier : s\u00e9curit\u00e9 et durabilit\u00e9 \u00e9lev\u00e9es<\/strong><\/h2>\n<p class=\"first:mt-1.5!\">Les <strong>portes enti\u00e8rement en acier<\/strong> figurent parmi les types de portes offrant le plus haut niveau de s\u00e9curit\u00e9. L\u2019acier \u00e9tant l\u2019un des mat\u00e9riaux les plus r\u00e9sistants, les <strong>portes enti\u00e8rement en acier<\/strong> sont id\u00e9ales pour se prot\u00e9ger contre toutes les menaces ext\u00e9rieures. Elles sont fabriqu\u00e9es par assemblage de t\u00f4les d\u2019acier et offrent une s\u00e9curit\u00e9 maximale contre le cambriolage, l\u2019incendie, les chocs et des dangers similaires.<\/p>\n<p class=\"first:mt-1.5!\">Les <strong>portes en acier<\/strong> sont connues pour leur structure solide et sont con\u00e7ues pour une utilisation de longue dur\u00e9e. De plus, afin d\u2019assurer une isolation phonique et thermique, les portes en acier peuvent contenir un mat\u00e9riau isolant \u00e0 l\u2019int\u00e9rieur. Cela augmente la fonctionnalit\u00e9 des portes et rend les espaces de vie plus confortables. Gr\u00e2ce \u00e0 leurs designs esth\u00e9tiques, les portes en acier s\u2019adaptent \u00e0 tous types d\u2019espaces int\u00e9rieurs et ext\u00e9rieurs.<\/p>\n<h2><strong>Avantages des portes m\u00e9talliques<\/strong><\/h2>\n<ol class=\"list-decimal\">\n<li class=\"ml-4\"><strong>Haute s\u00e9curit\u00e9 :<\/strong> les portes m\u00e9talliques offrent une excellente protection contre les facteurs ext\u00e9rieurs. Des options comme la <strong>porte enti\u00e8rement m\u00e9tallique<\/strong>, la <strong>porte enti\u00e8rement en t\u00f4le<\/strong> et la <strong>porte enti\u00e8rement en fer<\/strong> sont r\u00e9sistantes au cambriolage, aux chocs et \u00e0 l\u2019incendie.<\/li>\n<li class=\"ml-4\"><strong>Durabilit\u00e9 et longue dur\u00e9e de vie :<\/strong> les portes m\u00e9talliques ont une dur\u00e9e de vie plus longue que d\u2019autres types de portes. Les <strong>portes enti\u00e8rement en acier<\/strong> et les <strong>portes enti\u00e8rement m\u00e9talliques<\/strong> peuvent \u00eatre utilis\u00e9es en toute s\u00e9curit\u00e9 pendant de nombreuses ann\u00e9es gr\u00e2ce \u00e0 leur structure robuste.<\/li>\n<li class=\"ml-4\"><strong>Vari\u00e9t\u00e9 esth\u00e9tique :<\/strong> les portes m\u00e9talliques s\u2019harmonisent avec tous les styles architecturaux gr\u00e2ce \u00e0 leur apparence moderne et \u00e9l\u00e9gante. Les portes comme la <strong>porte enti\u00e8rement en t\u00f4le<\/strong> et la <strong>porte enti\u00e8rement en fer<\/strong> peuvent \u00eatre personnalis\u00e9es esth\u00e9tiquement selon les pr\u00e9f\u00e9rences.<\/li>\n<li class=\"ml-4\"><strong>Entretien facile :<\/strong> l\u2019entretien des portes m\u00e9talliques est tr\u00e8s simple. En particulier, les <strong>portes enti\u00e8rement m\u00e9talliques<\/strong> et les <strong>portes enti\u00e8rement en acier<\/strong> dot\u00e9es de propri\u00e9t\u00e9s anticorrosion ne n\u00e9cessitent pas d\u2019entretien pendant longtemps. Avec un nettoyage r\u00e9gulier, elles peuvent conserver leur fonctionnalit\u00e9 toute la vie.<\/li>\n<li class=\"ml-4\"><strong>\u00c9cologique :<\/strong> les portes m\u00e9talliques sont fabriqu\u00e9es \u00e0 partir de mat\u00e9riaux recyclables, ce qui en fait un choix respectueux de l\u2019environnement. De plus, comme elles sont durables, elles ont moins besoin d\u2019\u00eatre remplac\u00e9es.<\/li>\n<\/ol>\n<h2><strong>O\u00f9 utilise-t-on les portes m\u00e9talliques ?<\/strong><\/h2>\n<p class=\"first:mt-1.5!\">Les <strong>portes enti\u00e8rement m\u00e9talliques<\/strong> disposent d\u2019un large champ d\u2019utilisation. Les lieux o\u00f9 elles sont le plus souvent privil\u00e9gi\u00e9es sont :<\/p>\n<ul class=\"list-disc\">\n<li class=\"ml-4\"><strong>Maisons et villas :<\/strong> la <strong>porte enti\u00e8rement en fer<\/strong> et les <strong>portes enti\u00e8rement en acier<\/strong> sont des options qui maximisent la s\u00e9curit\u00e9. Elles sont largement utilis\u00e9es notamment aux entr\u00e9es principales des villas et des immeubles.<\/li>\n<li class=\"ml-4\"><strong>Lieux de travail et zones commerciales :<\/strong> dans les magasins, bureaux, usines et autres espaces commerciaux, les mod\u00e8les de <strong>portes enti\u00e8rement en t\u00f4le<\/strong> sont id\u00e9aux en mati\u00e8re de s\u00e9curit\u00e9 et de durabilit\u00e9.<\/li>\n<li class=\"ml-4\"><strong>Zones industrielles :<\/strong> les <strong>portes enti\u00e8rement en acier<\/strong> sont couramment utilis\u00e9es dans les usines et les sites industriels. Elles assurent \u00e0 la fois la s\u00e9curit\u00e9 et une durabilit\u00e9 \u00e0 long terme.<\/li>\n<li class=\"ml-4\"><strong>\u00c9coles et b\u00e2timents publics :<\/strong> les portes m\u00e9talliques sont utilis\u00e9es dans les \u00e9coles, h\u00f4pitaux et autres b\u00e2timents publics. Elles constituent un excellent choix pour allier s\u00e9curit\u00e9 et esth\u00e9tique.<\/li>\n<\/ul>\n<h3><strong>Conclusion : l\u2019avenir des portes m\u00e9talliques<\/strong><\/h3>\n<p class=\"first:mt-1.5!\">Les <strong>portes enti\u00e8rement m\u00e9talliques<\/strong> offrent la meilleure solution en termes de s\u00e9curit\u00e9, de durabilit\u00e9 et d\u2019esth\u00e9tique. La <strong>porte enti\u00e8rement en t\u00f4le<\/strong>, la <strong>porte enti\u00e8rement en fer<\/strong> et les <strong>portes enti\u00e8rement en acier<\/strong> vous prot\u00e8gent contre toutes sortes de menaces et offrent un espace de vie s\u00fbr pendant de nombreuses ann\u00e9es. Si la s\u00e9curit\u00e9 et l\u2019esth\u00e9tique sont importantes pour vous, les portes m\u00e9talliques sont un choix id\u00e9al. Elles s\u2019adaptent \u00e0 tout type de b\u00e2timent et offrent de hautes performances sur le long terme.<\/p>\n<\/div>\n<\/div>\n<\/div>\n<\/div>\n<\/div>\n<\/div>\n<\/article>\n<\/div>\n<\/div>\n","protected":false},"excerpt":{"rendered":"<p>Introduction : le r\u00f4le des portes m\u00e9talliques dans la s\u00e9curit\u00e9 Les portes sont l\u2019un des \u00e9l\u00e9ments les plus importants pour assurer la s\u00e9curit\u00e9 d\u2019un b\u00e2timent. Trouver le bon \u00e9quilibre entre s\u00e9curit\u00e9, esth\u00e9tique et durabilit\u00e9 peut rendre le choix de la porte la plus adapt\u00e9e difficile. Cependant, des options telles que la porte enti\u00e8rement m\u00e9tallique, la<\/p>\n","protected":false},"featured_media":9208,"template":"","meta":{"_bbp_topic_count":0,"_bbp_reply_count":0,"_bbp_total_topic_count":0,"_bbp_total_reply_count":0,"_bbp_voice_count":0,"_bbp_anonymous_reply_count":0,"_bbp_topic_count_hidden":0,"_bbp_reply_count_hidden":0,"_bbp_forum_subforum_count":0},"product_brand":[],"product_cat":[923],"product_tag":[1226],"class_list":{"0":"post-9207","1":"product","2":"type-product","3":"status-publish","4":"has-post-thumbnail","6":"product_cat-portes-metalliques","7":"product_tag-komple-metal-kapi","9":"first","10":"instock","11":"shipping-taxable","12":"product-type-simple","13":"prodpage-classic"},"yoast_head":"<!-- This site is optimized with the Yoast SEO Premium plugin v26.6 (Yoast SEO v27.4) - https:\/\/yoast.com\/product\/yoast-seo-premium-wordpress\/ -->\n<title>Portes m\u00e9talliques compl\u00e8tes : mod\u00e8les de portes en t\u00f4le, fer et<\/title>\n<meta name=\"description\" content=\"Les portes enti\u00e8rement m\u00e9talliques, disponibles en t\u00f4le, fer et acier, garantissent s\u00e9curit\u00e9 et durabilit\u00e9. Les portes m\u00e9talliques offrent.\" \/>\n<meta name=\"robots\" content=\"index, follow, max-snippet:-1, max-image-preview:large, max-video-preview:-1\" \/>\n<link rel=\"canonical\" href=\"https:\/\/www.kapi.ltd\/fr\/urun\/completement-metallique-capillaire\/\" \/>\n<meta property=\"og:locale\" content=\"fr_FR\" \/>\n<meta property=\"og:type\" content=\"article\" \/>\n<meta property=\"og:title\" content=\"Portes m\u00e9talliques compl\u00e8tes\" \/>\n<meta property=\"og:description\" content=\"sac kap\u0131 d\u0131\u015f mekan kap\u0131lar\u0131 sac \u00e7elik kap\u0131 Metal \u00c7elik Kap\u0131\" \/>\n<meta property=\"og:url\" content=\"https:\/\/www.kapi.ltd\/fr\/urun\/completement-metallique-capillaire\/\" \/>\n<meta property=\"og:site_name\" content=\"\u0130\u00e7 Oda Kap\u0131lar\u0131 - \u00c7elik kap\u0131 modelleri - apartman kap\u0131lar\u0131\" \/>\n<meta property=\"article:modified_time\" content=\"2026-02-28T07:54:53+00:00\" \/>\n<meta property=\"og:image\" content=\"https:\/\/www.kapi.ltd\/wp-content\/uploads\/2026\/02\/komple-metal-celik-kapi.webp\" \/>\n\t<meta property=\"og:image:width\" content=\"500\" \/>\n\t<meta property=\"og:image:height\" content=\"750\" \/>\n\t<meta property=\"og:image:type\" content=\"image\/webp\" \/>\n<meta name=\"twitter:card\" content=\"summary_large_image\" \/>\n<meta name=\"twitter:label1\" content=\"Dur\u00e9e de lecture estim\u00e9e\" \/>\n\t<meta name=\"twitter:data1\" content=\"7 minutes\" \/>\n<script type=\"application\/ld+json\" class=\"yoast-schema-graph\">{\"@context\":\"https:\\\/\\\/schema.org\",\"@graph\":[{\"@type\":\"WebPage\",\"@id\":\"https:\\\/\\\/www.kapi.ltd\\\/fr\\\/urun\\\/completement-metallique-capillaire\\\/\",\"url\":\"https:\\\/\\\/www.kapi.ltd\\\/fr\\\/urun\\\/completement-metallique-capillaire\\\/\",\"name\":\"Portes m\u00e9talliques compl\u00e8tes : mod\u00e8les de portes en t\u00f4le, fer et\",\"isPartOf\":{\"@id\":\"https:\\\/\\\/www.kapi.ltd\\\/fr\\\/#website\"},\"primaryImageOfPage\":{\"@id\":\"https:\\\/\\\/www.kapi.ltd\\\/fr\\\/urun\\\/completement-metallique-capillaire\\\/#primaryimage\"},\"image\":{\"@id\":\"https:\\\/\\\/www.kapi.ltd\\\/fr\\\/urun\\\/completement-metallique-capillaire\\\/#primaryimage\"},\"thumbnailUrl\":\"https:\\\/\\\/www.kapi.ltd\\\/wp-content\\\/uploads\\\/2026\\\/02\\\/komple-metal-celik-kapi.webp\",\"datePublished\":\"2026-02-20T04:02:45+00:00\",\"dateModified\":\"2026-02-28T07:54:53+00:00\",\"description\":\"Les portes enti\u00e8rement m\u00e9talliques, disponibles en t\u00f4le, fer et acier, garantissent s\u00e9curit\u00e9 et durabilit\u00e9. Les portes m\u00e9talliques offrent.\",\"breadcrumb\":{\"@id\":\"https:\\\/\\\/www.kapi.ltd\\\/fr\\\/urun\\\/completement-metallique-capillaire\\\/#breadcrumb\"},\"inLanguage\":\"fr-FR\",\"potentialAction\":[{\"@type\":\"ReadAction\",\"target\":[\"https:\\\/\\\/www.kapi.ltd\\\/fr\\\/urun\\\/completement-metallique-capillaire\\\/\"]}]},{\"@type\":\"ImageObject\",\"inLanguage\":\"fr-FR\",\"@id\":\"https:\\\/\\\/www.kapi.ltd\\\/fr\\\/urun\\\/completement-metallique-capillaire\\\/#primaryimage\",\"url\":\"https:\\\/\\\/www.kapi.ltd\\\/wp-content\\\/uploads\\\/2026\\\/02\\\/komple-metal-celik-kapi.webp\",\"contentUrl\":\"https:\\\/\\\/www.kapi.ltd\\\/wp-content\\\/uploads\\\/2026\\\/02\\\/komple-metal-celik-kapi.webp\",\"width\":500,\"height\":750,\"caption\":\"komple metal kap\u0131\"},{\"@type\":\"BreadcrumbList\",\"@id\":\"https:\\\/\\\/www.kapi.ltd\\\/fr\\\/urun\\\/completement-metallique-capillaire\\\/#breadcrumb\",\"itemListElement\":[{\"@type\":\"ListItem\",\"position\":1,\"name\":\"Anasayfa\",\"item\":\"https:\\\/\\\/www.kapi.ltd\\\/fr\\\/\"},{\"@type\":\"ListItem\",\"position\":2,\"name\":\"ic-kapi-celik-kapi-modelleri\",\"item\":\"https:\\\/\\\/www.kapi.ltd\\\/?page_id=4263\"},{\"@type\":\"ListItem\",\"position\":3,\"name\":\"Portes m\u00e9talliques compl\u00e8tes\"}]},{\"@type\":\"WebSite\",\"@id\":\"https:\\\/\\\/www.kapi.ltd\\\/fr\\\/#website\",\"url\":\"https:\\\/\\\/www.kapi.ltd\\\/fr\\\/\",\"name\":\"\u0130\u00e7 Kap\u0131 Ve \u00c7elik Kap\u0131 Modelleri\",\"description\":\"T\u00fcrkiye Kap\u0131 Modelleri Merkezi\",\"potentialAction\":[{\"@type\":\"SearchAction\",\"target\":{\"@type\":\"EntryPoint\",\"urlTemplate\":\"https:\\\/\\\/www.kapi.ltd\\\/fr\\\/?s={search_term_string}\"},\"query-input\":{\"@type\":\"PropertyValueSpecification\",\"valueRequired\":true,\"valueName\":\"search_term_string\"}}],\"inLanguage\":\"fr-FR\"}]}<\/script>\n<!-- \/ Yoast SEO Premium plugin. -->","yoast_head_json":{"title":"Portes m\u00e9talliques compl\u00e8tes : mod\u00e8les de portes en t\u00f4le, fer et","description":"Les portes enti\u00e8rement m\u00e9talliques, disponibles en t\u00f4le, fer et acier, garantissent s\u00e9curit\u00e9 et durabilit\u00e9. Les portes m\u00e9talliques offrent.","robots":{"index":"index","follow":"follow","max-snippet":"max-snippet:-1","max-image-preview":"max-image-preview:large","max-video-preview":"max-video-preview:-1"},"canonical":"https:\/\/www.kapi.ltd\/fr\/urun\/completement-metallique-capillaire\/","og_locale":"fr_FR","og_type":"article","og_title":"Portes m\u00e9talliques compl\u00e8tes","og_description":"sac kap\u0131 d\u0131\u015f mekan kap\u0131lar\u0131 sac \u00e7elik kap\u0131 Metal \u00c7elik Kap\u0131","og_url":"https:\/\/www.kapi.ltd\/fr\/urun\/completement-metallique-capillaire\/","og_site_name":"\u0130\u00e7 Oda Kap\u0131lar\u0131 - \u00c7elik kap\u0131 modelleri - apartman kap\u0131lar\u0131","article_modified_time":"2026-02-28T07:54:53+00:00","og_image":[{"width":500,"height":750,"url":"https:\/\/www.kapi.ltd\/wp-content\/uploads\/2026\/02\/komple-metal-celik-kapi.webp","type":"image\/webp"}],"twitter_card":"summary_large_image","twitter_misc":{"Dur\u00e9e de lecture estim\u00e9e":"7 minutes"},"schema":{"@context":"https:\/\/schema.org","@graph":[{"@type":"WebPage","@id":"https:\/\/www.kapi.ltd\/fr\/urun\/completement-metallique-capillaire\/","url":"https:\/\/www.kapi.ltd\/fr\/urun\/completement-metallique-capillaire\/","name":"Portes m\u00e9talliques compl\u00e8tes : mod\u00e8les de portes en t\u00f4le, fer et","isPartOf":{"@id":"https:\/\/www.kapi.ltd\/fr\/#website"},"primaryImageOfPage":{"@id":"https:\/\/www.kapi.ltd\/fr\/urun\/completement-metallique-capillaire\/#primaryimage"},"image":{"@id":"https:\/\/www.kapi.ltd\/fr\/urun\/completement-metallique-capillaire\/#primaryimage"},"thumbnailUrl":"https:\/\/www.kapi.ltd\/wp-content\/uploads\/2026\/02\/komple-metal-celik-kapi.webp","datePublished":"2026-02-20T04:02:45+00:00","dateModified":"2026-02-28T07:54:53+00:00","description":"Les portes enti\u00e8rement m\u00e9talliques, disponibles en t\u00f4le, fer et acier, garantissent s\u00e9curit\u00e9 et durabilit\u00e9. Les portes m\u00e9talliques offrent.","breadcrumb":{"@id":"https:\/\/www.kapi.ltd\/fr\/urun\/completement-metallique-capillaire\/#breadcrumb"},"inLanguage":"fr-FR","potentialAction":[{"@type":"ReadAction","target":["https:\/\/www.kapi.ltd\/fr\/urun\/completement-metallique-capillaire\/"]}]},{"@type":"ImageObject","inLanguage":"fr-FR","@id":"https:\/\/www.kapi.ltd\/fr\/urun\/completement-metallique-capillaire\/#primaryimage","url":"https:\/\/www.kapi.ltd\/wp-content\/uploads\/2026\/02\/komple-metal-celik-kapi.webp","contentUrl":"https:\/\/www.kapi.ltd\/wp-content\/uploads\/2026\/02\/komple-metal-celik-kapi.webp","width":500,"height":750,"caption":"komple metal kap\u0131"},{"@type":"BreadcrumbList","@id":"https:\/\/www.kapi.ltd\/fr\/urun\/completement-metallique-capillaire\/#breadcrumb","itemListElement":[{"@type":"ListItem","position":1,"name":"Anasayfa","item":"https:\/\/www.kapi.ltd\/fr\/"},{"@type":"ListItem","position":2,"name":"ic-kapi-celik-kapi-modelleri","item":"https:\/\/www.kapi.ltd\/?page_id=4263"},{"@type":"ListItem","position":3,"name":"Portes m\u00e9talliques compl\u00e8tes"}]},{"@type":"WebSite","@id":"https:\/\/www.kapi.ltd\/fr\/#website","url":"https:\/\/www.kapi.ltd\/fr\/","name":"\u0130\u00e7 Kap\u0131 Ve \u00c7elik Kap\u0131 Modelleri","description":"T\u00fcrkiye Kap\u0131 Modelleri Merkezi","potentialAction":[{"@type":"SearchAction","target":{"@type":"EntryPoint","urlTemplate":"https:\/\/www.kapi.ltd\/fr\/?s={search_term_string}"},"query-input":{"@type":"PropertyValueSpecification","valueRequired":true,"valueName":"search_term_string"}}],"inLanguage":"fr-FR"}]}},"_links":{"self":[{"href":"https:\/\/www.kapi.ltd\/fr\/wp-json\/wp\/v2\/product\/9207","targetHints":{"allow":["GET"]}}],"collection":[{"href":"https:\/\/www.kapi.ltd\/fr\/wp-json\/wp\/v2\/product"}],"about":[{"href":"https:\/\/www.kapi.ltd\/fr\/wp-json\/wp\/v2\/types\/product"}],"version-history":[{"count":2,"href":"https:\/\/www.kapi.ltd\/fr\/wp-json\/wp\/v2\/product\/9207\/revisions"}],"predecessor-version":[{"id":9239,"href":"https:\/\/www.kapi.ltd\/fr\/wp-json\/wp\/v2\/product\/9207\/revisions\/9239"}],"wp:featuredmedia":[{"embeddable":true,"href":"https:\/\/www.kapi.ltd\/fr\/wp-json\/wp\/v2\/media\/9208"}],"wp:attachment":[{"href":"https:\/\/www.kapi.ltd\/fr\/wp-json\/wp\/v2\/media?parent=9207"}],"wp:term":[{"taxonomy":"product_brand","embeddable":true,"href":"https:\/\/www.kapi.ltd\/fr\/wp-json\/wp\/v2\/product_brand?post=9207"},{"taxonomy":"product_cat","embeddable":true,"href":"https:\/\/www.kapi.ltd\/fr\/wp-json\/wp\/v2\/product_cat?post=9207"},{"taxonomy":"product_tag","embeddable":true,"href":"https:\/\/www.kapi.ltd\/fr\/wp-json\/wp\/v2\/product_tag?post=9207"}],"curies":[{"name":"wp","href":"https:\/\/api.w.org\/{rel}","templated":true}]}}