{"id":9181,"date":"2026-02-19T00:24:54","date_gmt":"2026-02-18T21:24:54","guid":{"rendered":"https:\/\/www.kapi.ltd\/urun\/yuksek-dis-kapilar\/"},"modified":"2026-02-28T11:01:17","modified_gmt":"2026-02-28T08:01:17","slug":"portes-exterieures-hautes","status":"publish","type":"product","link":"https:\/\/www.kapi.ltd\/fr\/urun\/portes-exterieures-hautes\/","title":{"rendered":"Portes ext\u00e9rieures hautes"},"content":{"rendered":"<div class=\"flex flex-col text-sm pb-25\">\n<article class=\"text-token-text-primary w-full focus:outline-none [--shadow-height:45px] has-data-writing-block:pointer-events-none has-data-writing-block:-mt-(--shadow-height) has-data-writing-block:pt-(--shadow-height) [&amp;:has([data-writing-block])&gt;*]:pointer-events-auto scroll-mt-[calc(var(--header-height)+min(200px,max(70px,20svh)))]\" dir=\"auto\" tabindex=\"-1\" data-turn-id=\"request-WEB:62ec7b1f-e7e4-42ad-98c2-9bfd996be834-1\" data-testid=\"conversation-turn-4\" data-scroll-anchor=\"true\" data-turn=\"assistant\">\n<div class=\"text-base my-auto mx-auto pb-10 [--thread-content-margin:--spacing(4)] @w-sm\/main:[--thread-content-margin:--spacing(6)] @w-lg\/main:[--thread-content-margin:--spacing(16)] px-(--thread-content-margin)\">\n<div class=\"[--thread-content-max-width:40rem] @w-lg\/main:[--thread-content-max-width:48rem] mx-auto max-w-(--thread-content-max-width) flex-1 group\/turn-messages focus-visible:outline-hidden relative flex w-full min-w-0 flex-col agent-turn\" tabindex=\"-1\">\n<div class=\"flex max-w-full flex-col grow\">\n<div class=\"min-h-8 text-message relative flex w-full flex-col items-end gap-2 text-start break-words whitespace-normal [.text-message+&amp;]:mt-1\" dir=\"auto\" data-message-author-role=\"assistant\" data-message-id=\"25b69a19-1083-4f8a-8d44-dcf8353a5022\" data-message-model-slug=\"gpt-5-2\">\n<div class=\"flex w-full flex-col gap-1 empty:hidden first:pt-[1px]\">\n<div class=\"markdown prose dark:prose-invert w-full wrap-break-word light markdown-new-styling\">\n<h3>Portes ext\u00e9rieures hautes : le point de rencontre entre s\u00e9curit\u00e9 et esth\u00e9tique<\/h3>\n<p class=\"first:mt-1.5!\">Pour votre maison, votre lieu de travail ou vos espaces priv\u00e9s, les portes ext\u00e9rieures qui r\u00e9unissent <strong>s\u00e9curit\u00e9<\/strong>, <strong>esth\u00e9tique<\/strong> et <strong>durabilit\u00e9<\/strong> sont essentielles. Les <strong>portes ext\u00e9rieures hautes<\/strong>, en particulier, se distinguent par leur robustesse, leur niveau de protection et leur apparence \u00e9l\u00e9gante. Les <strong>portes d\u2019entr\u00e9e composites contemporaines<\/strong> sont devenues l\u2019une des solutions les plus adapt\u00e9es aux exigences de la vie moderne. Dans cet article, nous nous concentrons sur les portes ext\u00e9rieures hautes, les portes d\u2019entr\u00e9e composites contemporaines et les principales caract\u00e9ristiques des portes ext\u00e9rieures.<\/p>\n<h4>Portes ext\u00e9rieures hautes : symbole de durabilit\u00e9 et d\u2019\u00e9l\u00e9gance<\/h4>\n<p class=\"first:mt-1.5!\">Les portes ext\u00e9rieures hautes jouent un r\u00f4le important dans la s\u00e9curit\u00e9 des habitations et des locaux professionnels gr\u00e2ce \u00e0 leur r\u00e9sistance aux conditions ext\u00e9rieures, leur s\u00e9curit\u00e9 et leur esth\u00e9tique. Elles constituent un choix id\u00e9al pour ceux qui souhaitent apporter une touche moderne \u00e0 leur fa\u00e7ade. Gr\u00e2ce \u00e0 leur <strong>structure en acier robuste<\/strong> et \u00e0 leurs <strong>surfaces en composite aluminium<\/strong>, elles peuvent bloquer et r\u00e9sister efficacement aux agressions ext\u00e9rieures. Leur r\u00e9sistance au soleil, \u00e0 la pluie et aux autres conditions climatiques leur permet de conserver, pendant de longues ann\u00e9es, leur solidit\u00e9 et leur aspect esth\u00e9tique d\u2019origine.<\/p>\n<h4>Portes d\u2019entr\u00e9e composites contemporaines : design moderne, s\u00e9curit\u00e9 \u00e9lev\u00e9e<\/h4>\n<p class=\"first:mt-1.5!\">Aujourd\u2019hui, les portes d\u2019entr\u00e9e composites contemporaines figurent parmi les choix les plus populaires, car elles offrent \u00e0 la fois s\u00e9curit\u00e9 et esth\u00e9tique. Le <strong>mat\u00e9riau composite<\/strong>, obtenu par la combinaison de l\u2019acier et de l\u2019aluminium, pr\u00e9sente une structure solide et une excellente r\u00e9sistance aux conditions ext\u00e9rieures. Ces portes ne se contentent pas de r\u00e9sister aux agressions ext\u00e9rieures : elles valorisent aussi vos espaces gr\u00e2ce \u00e0 leurs designs modernes et \u00e9l\u00e9gants.<\/p>\n<p class=\"first:mt-1.5!\">Gr\u00e2ce \u00e0 leur structure robuste, les portes composites offrent une s\u00e9curit\u00e9 \u00e9lev\u00e9e. Elles assurent une protection sup\u00e9rieure contre le vol, l\u2019incendie, le bruit et les facteurs ext\u00e9rieurs. Id\u00e9ales pour les habitations comme pour les b\u00e2timents commerciaux, elles garantissent un niveau de s\u00e9curit\u00e9 maximal face aux menaces venant de l\u2019ext\u00e9rieur. Elles peuvent \u00eatre personnalis\u00e9es selon les pr\u00e9f\u00e9rences, avec des options <strong>avec vitrage lat\u00e9ral<\/strong> ou <strong>sans vitrage<\/strong>. De plus, leur surface en composite aluminium assure une longue dur\u00e9e de vie et n\u00e9cessite tr\u00e8s peu d\u2019entretien.<\/p>\n<h4>Portes ext\u00e9rieures r\u00e9sistantes au soleil et \u00e0 la pluie<\/h4>\n<p class=\"first:mt-1.5!\">La durabilit\u00e9 d\u2019une porte ext\u00e9rieure est directement li\u00e9e \u00e0 sa r\u00e9sistance au soleil, \u00e0 la pluie et aux autres \u00e9l\u00e9ments naturels. Le soleil et la pluie peuvent, avec le temps, provoquer l\u2019usure, des changements de couleur ou des d\u00e9formations. Cependant, les technologies de mat\u00e9riaux actuelles permettent de fabriquer des portes ext\u00e9rieures r\u00e9sistantes au soleil et \u00e0 la pluie.<\/p>\n<p class=\"first:mt-1.5!\">Les portes ext\u00e9rieures hautes dot\u00e9es d\u2019une surface en composite aluminium peuvent r\u00e9sister longtemps sans \u00eatre affect\u00e9es par les rayons du soleil. Elles offrent aussi une protection sup\u00e9rieure contre la pluie, la neige et l\u2019humidit\u00e9. Associ\u00e9es \u00e0 une structure en acier, elles constituent une solution id\u00e9ale pour assurer une durabilit\u00e9 et une s\u00e9curit\u00e9 maximales en ext\u00e9rieur. Elles conservent longtemps leur aspect s\u00e9curis\u00e9 et esth\u00e9tique, tout en vous \u00e9vitant des co\u00fbts r\u00e9currents d\u2019entretien et de r\u00e9novation.<\/p>\n<h4>Les avantages de s\u00e9curit\u00e9 offerts par les portes composites<\/h4>\n<p class=\"first:mt-1.5!\">La s\u00e9curit\u00e9 est l\u2019une des caract\u00e9ristiques les plus importantes des portes ext\u00e9rieures. Les portes d\u2019entr\u00e9e composites peuvent \u00eatre \u00e9quip\u00e9es de diverses options de s\u00e9curit\u00e9. Les portes \u00e0 <strong>structure en acier<\/strong> offrent une protection de haut niveau contre le vol, l\u2019incendie et d\u2019autres risques. De plus, la surface des portes composites est tr\u00e8s r\u00e9sistante aux impacts, ce qui les rend difficiles \u00e0 casser.<\/p>\n<p class=\"first:mt-1.5!\">Par ailleurs, les portes composites pr\u00e9sentent un avantage important en mati\u00e8re d\u2019<strong>isolation acoustique<\/strong>. Elles assurent une protection maximale contre le bruit et cr\u00e9ent un environnement int\u00e9rieur calme et confortable. Pour ceux qui sont g\u00ean\u00e9s par le bruit urbain, cette caract\u00e9ristique repr\u00e9sente un v\u00e9ritable atout : elle aide \u00e0 bloquer les nuisances ext\u00e9rieures et \u00e0 instaurer une atmosph\u00e8re plus sereine \u00e0 l\u2019int\u00e9rieur.<\/p>\n<h4>Points \u00e0 consid\u00e9rer lors du choix d\u2019une porte ext\u00e9rieure haute<\/h4>\n<p class=\"first:mt-1.5!\">Lors du choix d\u2019une porte ext\u00e9rieure haute, plusieurs facteurs doivent \u00eatre pris en compte. Tout d\u2019abord, le <strong>mat\u00e9riau<\/strong> est d\u00e9terminant. Les mat\u00e9riaux composites, issus de la combinaison de surfaces durables comme l\u2019acier et l\u2019aluminium, permettent une utilisation prolong\u00e9e sans \u00eatre affect\u00e9s par les \u00e9l\u00e9ments ext\u00e9rieurs. Ces portes garantissent la s\u00e9curit\u00e9 tout en ajoutant de la valeur \u00e0 votre espace gr\u00e2ce \u00e0 leur apparence esth\u00e9tique.<\/p>\n<p class=\"first:mt-1.5!\">Ensuite, les <strong>performances d\u2019isolation<\/strong> sont tr\u00e8s importantes. Les portes ext\u00e9rieures doivent limiter les variations de temp\u00e9rature, am\u00e9liorer l\u2019efficacit\u00e9 \u00e9nerg\u00e9tique et assurer l\u2019isolation phonique. Gr\u00e2ce \u00e0 leurs surfaces en composite aluminium, les portes ext\u00e9rieures hautes offrent une isolation \u00e9lev\u00e9e : vous vous prot\u00e9gez des conditions ext\u00e9rieures tout en r\u00e9alisant des \u00e9conomies d\u2019\u00e9nergie.<\/p>\n<p class=\"first:mt-1.5!\">Enfin, le <strong>design<\/strong> doit \u00e9galement \u00eatre pris en compte. Les portes d\u2019entr\u00e9e composites contemporaines s\u2019adaptent \u00e0 de nombreux b\u00e2timents gr\u00e2ce \u00e0 leurs lignes modernes et leur allure \u00e9l\u00e9gante. Les versions avec vitrage lat\u00e9ral apportent une touche esth\u00e9tique, tandis que les versions sans vitrage offrent un style plus sobre et minimaliste. Les deux options sont dot\u00e9es de caract\u00e9ristiques de s\u00e9curit\u00e9 \u00e9lev\u00e9es et peuvent \u00eatre personnalis\u00e9es selon l\u2019usage.<\/p>\n<h4>Avantages des portes en acier en termes de solidit\u00e9 et d\u2019efficacit\u00e9<\/h4>\n<p class=\"first:mt-1.5!\">Les portes ext\u00e9rieures \u00e0 <strong>structure en acier<\/strong> figurent parmi les solutions les plus fiables pour assurer durabilit\u00e9 et s\u00e9curit\u00e9. Elles sont reconnues pour leur solidit\u00e9, leur niveau de protection et leur longue dur\u00e9e de vie. Combin\u00e9 aux portes composites, l\u2019acier devient encore plus r\u00e9sistant aux conditions ext\u00e9rieures. C\u2019est ce qui fait des portes en acier un choix privil\u00e9gi\u00e9, notamment dans les zones \u00e0 usage intensif.<\/p>\n<p class=\"first:mt-1.5!\">Les portes en acier offrent une r\u00e9sistance \u00e9lev\u00e9e au feu, ce qui les rend id\u00e9ales pour un espace de vie s\u00e9curis\u00e9. De plus, les portes ext\u00e9rieures hautes peuvent g\u00e9n\u00e9ralement \u00eatre \u00e9quip\u00e9es d\u2019accessoires de s\u00e9curit\u00e9 modernes, qui renforcent la protection tout en am\u00e9liorant le confort d\u2019utilisation.<\/p>\n<h4>Conclusion<\/h4>\n<p class=\"first:mt-1.5!\">Les portes ext\u00e9rieures hautes et les portes d\u2019entr\u00e9e composites contemporaines apportent de la valeur \u00e0 vos espaces de vie modernes en combinant s\u00e9curit\u00e9 et esth\u00e9tique. Les portes ext\u00e9rieures r\u00e9sistantes au soleil et \u00e0 la pluie offrent une utilisation durable, un aspect \u00e9l\u00e9gant et un haut niveau de s\u00e9curit\u00e9. Les portes \u00e0 surface en composite aluminium procurent une excellente protection contre les facteurs ext\u00e9rieurs, tout en offrant isolation acoustique, s\u00e9curit\u00e9 incendie et protection renforc\u00e9e contre les intrusions. La combinaison de l\u2019acier et des mat\u00e9riaux composites met l\u2019accent sur la solidit\u00e9 et l\u2019efficacit\u00e9, offrant ainsi une solution id\u00e9ale pour vos espaces ext\u00e9rieurs.<\/p>\n<p class=\"first:mt-1.5!\">Choisir la meilleure porte ext\u00e9rieure en privil\u00e9giant l\u2019esth\u00e9tique tout en mettant la s\u00e9curit\u00e9 et la durabilit\u00e9 au premier plan vous apportera, sur le long terme, des avantages \u00e0 la fois en mati\u00e8re de s\u00e9curit\u00e9 et d\u2019\u00e9conomie.<\/p>\n<\/div>\n<\/div>\n<\/div>\n<\/div>\n<\/div>\n<\/div>\n<\/article>\n<\/div>\n","protected":false},"excerpt":{"rendered":"<p>Portes ext\u00e9rieures hautes : le point de rencontre entre s\u00e9curit\u00e9 et esth\u00e9tique Pour votre maison, votre lieu de travail ou vos espaces priv\u00e9s, les portes ext\u00e9rieures qui r\u00e9unissent s\u00e9curit\u00e9, esth\u00e9tique et durabilit\u00e9 sont essentielles. Les portes ext\u00e9rieures hautes, en particulier, se distinguent par leur robustesse, leur niveau de protection et leur apparence \u00e9l\u00e9gante. Les portes<\/p>\n","protected":false},"featured_media":9182,"template":"","meta":{"_bbp_topic_count":0,"_bbp_reply_count":0,"_bbp_total_topic_count":0,"_bbp_total_reply_count":0,"_bbp_voice_count":0,"_bbp_anonymous_reply_count":0,"_bbp_topic_count_hidden":0,"_bbp_reply_count_hidden":0,"_bbp_forum_subforum_count":0},"product_brand":[],"product_cat":[909],"product_tag":[],"class_list":{"0":"post-9181","1":"product","2":"type-product","3":"status-publish","4":"has-post-thumbnail","6":"product_cat-portes-exterieures-du-batiment","8":"first","9":"instock","10":"shipping-taxable","11":"product-type-simple","12":"prodpage-classic"},"yoast_head":"<!-- This site is optimized with the Yoast SEO Premium plugin v26.6 (Yoast SEO v27.3) - https:\/\/yoast.com\/product\/yoast-seo-premium-wordpress\/ -->\n<title>Porte coupe-feu vitr\u00e9e - Porte coupe-feu \u00e0 battant - Porte coupe-feu<\/title>\n<meta name=\"description\" content=\"D\u00e9couvrez les caract\u00e9ristiques des portes coupe-feu \u00e0 double battant, des portes coupe-feu vitr\u00e9es et des charni\u00e8res de portes coupe-feu afin de\" \/>\n<meta name=\"robots\" content=\"index, follow, max-snippet:-1, max-image-preview:large, max-video-preview:-1\" \/>\n<link rel=\"canonical\" href=\"https:\/\/www.kapi.ltd\/fr\/urun\/portes-exterieures-hautes\/\" \/>\n<meta property=\"og:locale\" content=\"fr_FR\" \/>\n<meta property=\"og:type\" content=\"article\" \/>\n<meta property=\"og:title\" content=\"Portes ext\u00e9rieures hautes\" \/>\n<meta property=\"og:description\" content=\"D\u00e9couvrez les caract\u00e9ristiques des portes coupe-feu \u00e0 double battant, des portes coupe-feu vitr\u00e9es et des charni\u00e8res de portes coupe-feu afin de\" \/>\n<meta property=\"og:url\" content=\"https:\/\/www.kapi.ltd\/fr\/urun\/portes-exterieures-hautes\/\" \/>\n<meta property=\"og:site_name\" content=\"\u0130\u00e7 Oda Kap\u0131lar\u0131 - \u00c7elik kap\u0131 modelleri - apartman kap\u0131lar\u0131\" \/>\n<meta property=\"article:modified_time\" content=\"2026-02-28T08:01:17+00:00\" \/>\n<meta property=\"og:image\" content=\"https:\/\/www.kapi.ltd\/wp-content\/uploads\/2026\/02\/yuksek-giris-kapilari.webp\" \/>\n\t<meta property=\"og:image:width\" content=\"427\" \/>\n\t<meta property=\"og:image:height\" content=\"750\" \/>\n\t<meta property=\"og:image:type\" content=\"image\/webp\" \/>\n<meta name=\"twitter:card\" content=\"summary_large_image\" \/>\n<meta name=\"twitter:label1\" content=\"Dur\u00e9e de lecture estim\u00e9e\" \/>\n\t<meta name=\"twitter:data1\" content=\"7 minutes\" \/>\n<script type=\"application\/ld+json\" class=\"yoast-schema-graph\">{\"@context\":\"https:\\\/\\\/schema.org\",\"@graph\":[{\"@type\":\"WebPage\",\"@id\":\"https:\\\/\\\/www.kapi.ltd\\\/fr\\\/urun\\\/portes-exterieures-hautes\\\/\",\"url\":\"https:\\\/\\\/www.kapi.ltd\\\/fr\\\/urun\\\/portes-exterieures-hautes\\\/\",\"name\":\"Porte coupe-feu vitr\u00e9e - Porte coupe-feu \u00e0 battant - Porte coupe-feu\",\"isPartOf\":{\"@id\":\"https:\\\/\\\/www.kapi.ltd\\\/fr\\\/#website\"},\"primaryImageOfPage\":{\"@id\":\"https:\\\/\\\/www.kapi.ltd\\\/fr\\\/urun\\\/portes-exterieures-hautes\\\/#primaryimage\"},\"image\":{\"@id\":\"https:\\\/\\\/www.kapi.ltd\\\/fr\\\/urun\\\/portes-exterieures-hautes\\\/#primaryimage\"},\"thumbnailUrl\":\"https:\\\/\\\/www.kapi.ltd\\\/wp-content\\\/uploads\\\/2026\\\/02\\\/yuksek-giris-kapilari.webp\",\"datePublished\":\"2026-02-18T21:24:54+00:00\",\"dateModified\":\"2026-02-28T08:01:17+00:00\",\"description\":\"D\u00e9couvrez les caract\u00e9ristiques des portes coupe-feu \u00e0 double battant, des portes coupe-feu vitr\u00e9es et des charni\u00e8res de portes coupe-feu afin de\",\"breadcrumb\":{\"@id\":\"https:\\\/\\\/www.kapi.ltd\\\/fr\\\/urun\\\/portes-exterieures-hautes\\\/#breadcrumb\"},\"inLanguage\":\"fr-FR\",\"potentialAction\":[{\"@type\":\"ReadAction\",\"target\":[\"https:\\\/\\\/www.kapi.ltd\\\/fr\\\/urun\\\/portes-exterieures-hautes\\\/\"]}]},{\"@type\":\"ImageObject\",\"inLanguage\":\"fr-FR\",\"@id\":\"https:\\\/\\\/www.kapi.ltd\\\/fr\\\/urun\\\/portes-exterieures-hautes\\\/#primaryimage\",\"url\":\"https:\\\/\\\/www.kapi.ltd\\\/wp-content\\\/uploads\\\/2026\\\/02\\\/yuksek-giris-kapilari.webp\",\"contentUrl\":\"https:\\\/\\\/www.kapi.ltd\\\/wp-content\\\/uploads\\\/2026\\\/02\\\/yuksek-giris-kapilari.webp\",\"width\":427,\"height\":750,\"caption\":\"y\u00fcksek giri\u015f kap\u0131lar\u0131\"},{\"@type\":\"BreadcrumbList\",\"@id\":\"https:\\\/\\\/www.kapi.ltd\\\/fr\\\/urun\\\/portes-exterieures-hautes\\\/#breadcrumb\",\"itemListElement\":[{\"@type\":\"ListItem\",\"position\":1,\"name\":\"Anasayfa\",\"item\":\"https:\\\/\\\/www.kapi.ltd\\\/fr\\\/\"},{\"@type\":\"ListItem\",\"position\":2,\"name\":\"ic-kapi-celik-kapi-modelleri\",\"item\":\"https:\\\/\\\/www.kapi.ltd\\\/?page_id=4263\"},{\"@type\":\"ListItem\",\"position\":3,\"name\":\"Portes ext\u00e9rieures hautes\"}]},{\"@type\":\"WebSite\",\"@id\":\"https:\\\/\\\/www.kapi.ltd\\\/fr\\\/#website\",\"url\":\"https:\\\/\\\/www.kapi.ltd\\\/fr\\\/\",\"name\":\"\u0130\u00e7 Kap\u0131 Ve \u00c7elik Kap\u0131 Modelleri\",\"description\":\"T\u00fcrkiye Kap\u0131 Modelleri Merkezi\",\"potentialAction\":[{\"@type\":\"SearchAction\",\"target\":{\"@type\":\"EntryPoint\",\"urlTemplate\":\"https:\\\/\\\/www.kapi.ltd\\\/fr\\\/?s={search_term_string}\"},\"query-input\":{\"@type\":\"PropertyValueSpecification\",\"valueRequired\":true,\"valueName\":\"search_term_string\"}}],\"inLanguage\":\"fr-FR\"}]}<\/script>\n<!-- \/ Yoast SEO Premium plugin. -->","yoast_head_json":{"title":"Porte coupe-feu vitr\u00e9e - Porte coupe-feu \u00e0 battant - Porte coupe-feu","description":"D\u00e9couvrez les caract\u00e9ristiques des portes coupe-feu \u00e0 double battant, des portes coupe-feu vitr\u00e9es et des charni\u00e8res de portes coupe-feu afin de","robots":{"index":"index","follow":"follow","max-snippet":"max-snippet:-1","max-image-preview":"max-image-preview:large","max-video-preview":"max-video-preview:-1"},"canonical":"https:\/\/www.kapi.ltd\/fr\/urun\/portes-exterieures-hautes\/","og_locale":"fr_FR","og_type":"article","og_title":"Portes ext\u00e9rieures hautes","og_description":"D\u00e9couvrez les caract\u00e9ristiques des portes coupe-feu \u00e0 double battant, des portes coupe-feu vitr\u00e9es et des charni\u00e8res de portes coupe-feu afin de","og_url":"https:\/\/www.kapi.ltd\/fr\/urun\/portes-exterieures-hautes\/","og_site_name":"\u0130\u00e7 Oda Kap\u0131lar\u0131 - \u00c7elik kap\u0131 modelleri - apartman kap\u0131lar\u0131","article_modified_time":"2026-02-28T08:01:17+00:00","og_image":[{"width":427,"height":750,"url":"https:\/\/www.kapi.ltd\/wp-content\/uploads\/2026\/02\/yuksek-giris-kapilari.webp","type":"image\/webp"}],"twitter_card":"summary_large_image","twitter_misc":{"Dur\u00e9e de lecture estim\u00e9e":"7 minutes"},"schema":{"@context":"https:\/\/schema.org","@graph":[{"@type":"WebPage","@id":"https:\/\/www.kapi.ltd\/fr\/urun\/portes-exterieures-hautes\/","url":"https:\/\/www.kapi.ltd\/fr\/urun\/portes-exterieures-hautes\/","name":"Porte coupe-feu vitr\u00e9e - Porte coupe-feu \u00e0 battant - Porte coupe-feu","isPartOf":{"@id":"https:\/\/www.kapi.ltd\/fr\/#website"},"primaryImageOfPage":{"@id":"https:\/\/www.kapi.ltd\/fr\/urun\/portes-exterieures-hautes\/#primaryimage"},"image":{"@id":"https:\/\/www.kapi.ltd\/fr\/urun\/portes-exterieures-hautes\/#primaryimage"},"thumbnailUrl":"https:\/\/www.kapi.ltd\/wp-content\/uploads\/2026\/02\/yuksek-giris-kapilari.webp","datePublished":"2026-02-18T21:24:54+00:00","dateModified":"2026-02-28T08:01:17+00:00","description":"D\u00e9couvrez les caract\u00e9ristiques des portes coupe-feu \u00e0 double battant, des portes coupe-feu vitr\u00e9es et des charni\u00e8res de portes coupe-feu afin de","breadcrumb":{"@id":"https:\/\/www.kapi.ltd\/fr\/urun\/portes-exterieures-hautes\/#breadcrumb"},"inLanguage":"fr-FR","potentialAction":[{"@type":"ReadAction","target":["https:\/\/www.kapi.ltd\/fr\/urun\/portes-exterieures-hautes\/"]}]},{"@type":"ImageObject","inLanguage":"fr-FR","@id":"https:\/\/www.kapi.ltd\/fr\/urun\/portes-exterieures-hautes\/#primaryimage","url":"https:\/\/www.kapi.ltd\/wp-content\/uploads\/2026\/02\/yuksek-giris-kapilari.webp","contentUrl":"https:\/\/www.kapi.ltd\/wp-content\/uploads\/2026\/02\/yuksek-giris-kapilari.webp","width":427,"height":750,"caption":"y\u00fcksek giri\u015f kap\u0131lar\u0131"},{"@type":"BreadcrumbList","@id":"https:\/\/www.kapi.ltd\/fr\/urun\/portes-exterieures-hautes\/#breadcrumb","itemListElement":[{"@type":"ListItem","position":1,"name":"Anasayfa","item":"https:\/\/www.kapi.ltd\/fr\/"},{"@type":"ListItem","position":2,"name":"ic-kapi-celik-kapi-modelleri","item":"https:\/\/www.kapi.ltd\/?page_id=4263"},{"@type":"ListItem","position":3,"name":"Portes ext\u00e9rieures hautes"}]},{"@type":"WebSite","@id":"https:\/\/www.kapi.ltd\/fr\/#website","url":"https:\/\/www.kapi.ltd\/fr\/","name":"\u0130\u00e7 Kap\u0131 Ve \u00c7elik Kap\u0131 Modelleri","description":"T\u00fcrkiye Kap\u0131 Modelleri Merkezi","potentialAction":[{"@type":"SearchAction","target":{"@type":"EntryPoint","urlTemplate":"https:\/\/www.kapi.ltd\/fr\/?s={search_term_string}"},"query-input":{"@type":"PropertyValueSpecification","valueRequired":true,"valueName":"search_term_string"}}],"inLanguage":"fr-FR"}]}},"_links":{"self":[{"href":"https:\/\/www.kapi.ltd\/fr\/wp-json\/wp\/v2\/product\/9181","targetHints":{"allow":["GET"]}}],"collection":[{"href":"https:\/\/www.kapi.ltd\/fr\/wp-json\/wp\/v2\/product"}],"about":[{"href":"https:\/\/www.kapi.ltd\/fr\/wp-json\/wp\/v2\/types\/product"}],"version-history":[{"count":2,"href":"https:\/\/www.kapi.ltd\/fr\/wp-json\/wp\/v2\/product\/9181\/revisions"}],"predecessor-version":[{"id":9756,"href":"https:\/\/www.kapi.ltd\/fr\/wp-json\/wp\/v2\/product\/9181\/revisions\/9756"}],"wp:featuredmedia":[{"embeddable":true,"href":"https:\/\/www.kapi.ltd\/fr\/wp-json\/wp\/v2\/media\/9182"}],"wp:attachment":[{"href":"https:\/\/www.kapi.ltd\/fr\/wp-json\/wp\/v2\/media?parent=9181"}],"wp:term":[{"taxonomy":"product_brand","embeddable":true,"href":"https:\/\/www.kapi.ltd\/fr\/wp-json\/wp\/v2\/product_brand?post=9181"},{"taxonomy":"product_cat","embeddable":true,"href":"https:\/\/www.kapi.ltd\/fr\/wp-json\/wp\/v2\/product_cat?post=9181"},{"taxonomy":"product_tag","embeddable":true,"href":"https:\/\/www.kapi.ltd\/fr\/wp-json\/wp\/v2\/product_tag?post=9181"}],"curies":[{"name":"wp","href":"https:\/\/api.w.org\/{rel}","templated":true}]}}