{"id":9121,"date":"2025-10-29T16:44:00","date_gmt":"2025-10-29T13:44:00","guid":{"rendered":"https:\/\/www.kapi.ltd\/urun\/yeni-kapi-modeli\/"},"modified":"2026-01-24T12:23:40","modified_gmt":"2026-01-24T09:23:40","slug":"nouveau-modele-de-porte","status":"publish","type":"product","link":"https:\/\/www.kapi.ltd\/fr\/urun\/nouveau-modele-de-porte\/","title":{"rendered":"Nouveau mod\u00e8le de porte"},"content":{"rendered":"<p>Mod\u00e8le de porte en acier : L&rsquo;alliance parfaite du design moderne et de l&rsquo;\u00e9l\u00e9gance<\/p>\n<p>Les mod\u00e8les de portes en acier, alliant style et s\u00e9curit\u00e9 pour les espaces de vie modernes, sont chaque jour plus esth\u00e9tiques et fonctionnels. Les mod\u00e8les combinant les tons anthracite et bois constituent une excellente option, tant en termes d&rsquo;attrait visuel que de durabilit\u00e9.<\/p>\n<p>Sur ce mod\u00e8le de porte en acier moderne, la longue poign\u00e9e noire se distingue comme un \u00e9l\u00e9ment remarquable. L&rsquo;\u00e9l\u00e9gante texture noire apporte une touche de luxe \u00e0 votre porte, tandis que la longueur de la poign\u00e9e lui conf\u00e8re un style r\u00e9solument contemporain. Alliant style et fonctionnalit\u00e9, cette porte en acier est id\u00e9ale pour ceux qui privil\u00e9gient la s\u00e9curit\u00e9 et l&rsquo;esth\u00e9tique de leurs espaces ext\u00e9rieurs.<\/p>\n<p>La couleur anthracite de ce mod\u00e8le s&rsquo;harmonise parfaitement avec tout type de d\u00e9coration ext\u00e9rieure. Associ\u00e9e aux tons bois, elle cr\u00e9e un aspect naturel et raffin\u00e9. Ce design \u00e9l\u00e9gant embellit la fa\u00e7ade de votre maison, tout en offrant des performances optimales en mati\u00e8re de protection et d&rsquo;esth\u00e9tique.<\/p>\n<p>Ce mod\u00e8le de porte en acier moderne rehaussera le prestige de votre entr\u00e9e gr\u00e2ce \u00e0 sa structure robuste, son design \u00e9l\u00e9gant et ses dispositifs de s\u00e9curit\u00e9.<\/p>\n","protected":false},"excerpt":{"rendered":"<p>Mod\u00e8le de porte en acier : L&rsquo;alliance parfaite du design moderne et de l&rsquo;\u00e9l\u00e9gance Les mod\u00e8les de portes en acier, alliant style et s\u00e9curit\u00e9 pour les espaces de vie modernes, sont chaque jour plus esth\u00e9tiques et fonctionnels. Les mod\u00e8les combinant les tons anthracite et bois constituent une excellente option, tant en termes d&rsquo;attrait visuel que<\/p>\n","protected":false},"featured_media":9122,"template":"","meta":{"_bbp_topic_count":0,"_bbp_reply_count":0,"_bbp_total_topic_count":0,"_bbp_total_reply_count":0,"_bbp_voice_count":0,"_bbp_anonymous_reply_count":0,"_bbp_topic_count_hidden":0,"_bbp_reply_count_hidden":0,"_bbp_forum_subforum_count":0},"product_brand":[],"product_cat":[732],"product_tag":[],"class_list":{"0":"post-9121","1":"product","2":"type-product","3":"status-publish","4":"has-post-thumbnail","6":"product_cat-porte-moderne-en-acier","8":"first","9":"instock","10":"shipping-taxable","11":"product-type-simple","12":"prodpage-classic"},"yoast_head":"<!-- This site is optimized with the Yoast SEO Premium plugin v26.6 (Yoast SEO v27.5) - https:\/\/yoast.com\/product\/yoast-seo-premium-wordpress\/ -->\n<title>Nouveau mod\u00e8le de porte - mod\u00e8le de porte en acier moderne - \u00e7elik kap\u0131 modeli<\/title>\n<meta name=\"description\" content=\"Mod\u00e8les de portes en acier modernes - Combinaison de couleurs anthracite et bois, diff\u00e9rents designs dans le nouveau mod\u00e8le de porte avec longue poign\u00e9e de porte en acier noir\" \/>\n<meta name=\"robots\" content=\"index, follow, max-snippet:-1, max-image-preview:large, max-video-preview:-1\" \/>\n<link rel=\"canonical\" href=\"https:\/\/www.kapi.ltd\/fr\/urun\/nouveau-modele-de-porte\/\" \/>\n<meta property=\"og:locale\" content=\"fr_FR\" \/>\n<meta property=\"og:type\" content=\"article\" \/>\n<meta property=\"og:title\" content=\"Nouveau mod\u00e8le de porte\" \/>\n<meta property=\"og:description\" content=\"Mod\u00e8les de portes en acier modernes - Combinaison de couleurs anthracite et bois, diff\u00e9rents designs dans le nouveau mod\u00e8le de porte avec longue poign\u00e9e de porte en acier noir\" \/>\n<meta property=\"og:url\" content=\"https:\/\/www.kapi.ltd\/fr\/urun\/nouveau-modele-de-porte\/\" \/>\n<meta property=\"og:site_name\" content=\"\u0130\u00e7 Oda Kap\u0131lar\u0131 - \u00c7elik kap\u0131 modelleri - apartman kap\u0131lar\u0131\" \/>\n<meta property=\"article:modified_time\" content=\"2026-01-24T09:23:40+00:00\" \/>\n<meta property=\"og:image\" content=\"https:\/\/www.kapi.ltd\/wp-content\/uploads\/2025\/10\/yeni-kapi-modeli.webp\" \/>\n\t<meta property=\"og:image:width\" content=\"650\" \/>\n\t<meta property=\"og:image:height\" content=\"975\" \/>\n\t<meta property=\"og:image:type\" content=\"image\/webp\" \/>\n<meta name=\"twitter:card\" content=\"summary_large_image\" \/>\n<meta name=\"twitter:label1\" content=\"Dur\u00e9e de lecture estim\u00e9e\" \/>\n\t<meta name=\"twitter:data1\" content=\"2 minutes\" \/>\n<script type=\"application\/ld+json\" class=\"yoast-schema-graph\">{\"@context\":\"https:\\\/\\\/schema.org\",\"@graph\":[{\"@type\":\"WebPage\",\"@id\":\"https:\\\/\\\/www.kapi.ltd\\\/fr\\\/urun\\\/nouveau-modele-de-porte\\\/\",\"url\":\"https:\\\/\\\/www.kapi.ltd\\\/fr\\\/urun\\\/nouveau-modele-de-porte\\\/\",\"name\":\"Nouveau mod\u00e8le de porte - mod\u00e8le de porte en acier moderne - \u00e7elik kap\u0131 modeli\",\"isPartOf\":{\"@id\":\"https:\\\/\\\/www.kapi.ltd\\\/fr\\\/#website\"},\"primaryImageOfPage\":{\"@id\":\"https:\\\/\\\/www.kapi.ltd\\\/fr\\\/urun\\\/nouveau-modele-de-porte\\\/#primaryimage\"},\"image\":{\"@id\":\"https:\\\/\\\/www.kapi.ltd\\\/fr\\\/urun\\\/nouveau-modele-de-porte\\\/#primaryimage\"},\"thumbnailUrl\":\"https:\\\/\\\/www.kapi.ltd\\\/wp-content\\\/uploads\\\/2025\\\/10\\\/yeni-kapi-modeli.webp\",\"datePublished\":\"2025-10-29T13:44:00+00:00\",\"dateModified\":\"2026-01-24T09:23:40+00:00\",\"description\":\"Mod\u00e8les de portes en acier modernes - Combinaison de couleurs anthracite et bois, diff\u00e9rents designs dans le nouveau mod\u00e8le de porte avec longue poign\u00e9e de porte en acier noir\",\"breadcrumb\":{\"@id\":\"https:\\\/\\\/www.kapi.ltd\\\/fr\\\/urun\\\/nouveau-modele-de-porte\\\/#breadcrumb\"},\"inLanguage\":\"fr-FR\",\"potentialAction\":[{\"@type\":\"ReadAction\",\"target\":[\"https:\\\/\\\/www.kapi.ltd\\\/fr\\\/urun\\\/nouveau-modele-de-porte\\\/\"]}]},{\"@type\":\"ImageObject\",\"inLanguage\":\"fr-FR\",\"@id\":\"https:\\\/\\\/www.kapi.ltd\\\/fr\\\/urun\\\/nouveau-modele-de-porte\\\/#primaryimage\",\"url\":\"https:\\\/\\\/www.kapi.ltd\\\/wp-content\\\/uploads\\\/2025\\\/10\\\/yeni-kapi-modeli.webp\",\"contentUrl\":\"https:\\\/\\\/www.kapi.ltd\\\/wp-content\\\/uploads\\\/2025\\\/10\\\/yeni-kapi-modeli.webp\",\"width\":650,\"height\":975,\"caption\":\"yeni kap\u0131 modeli\"},{\"@type\":\"BreadcrumbList\",\"@id\":\"https:\\\/\\\/www.kapi.ltd\\\/fr\\\/urun\\\/nouveau-modele-de-porte\\\/#breadcrumb\",\"itemListElement\":[{\"@type\":\"ListItem\",\"position\":1,\"name\":\"Anasayfa\",\"item\":\"https:\\\/\\\/www.kapi.ltd\\\/fr\\\/\"},{\"@type\":\"ListItem\",\"position\":2,\"name\":\"ic-kapi-celik-kapi-modelleri\",\"item\":\"https:\\\/\\\/www.kapi.ltd\\\/?page_id=4263\"},{\"@type\":\"ListItem\",\"position\":3,\"name\":\"Nouveau mod\u00e8le de porte\"}]},{\"@type\":\"WebSite\",\"@id\":\"https:\\\/\\\/www.kapi.ltd\\\/fr\\\/#website\",\"url\":\"https:\\\/\\\/www.kapi.ltd\\\/fr\\\/\",\"name\":\"\u0130\u00e7 Kap\u0131 Ve \u00c7elik Kap\u0131 Modelleri\",\"description\":\"T\u00fcrkiye Kap\u0131 Modelleri Merkezi\",\"potentialAction\":[{\"@type\":\"SearchAction\",\"target\":{\"@type\":\"EntryPoint\",\"urlTemplate\":\"https:\\\/\\\/www.kapi.ltd\\\/fr\\\/?s={search_term_string}\"},\"query-input\":{\"@type\":\"PropertyValueSpecification\",\"valueRequired\":true,\"valueName\":\"search_term_string\"}}],\"inLanguage\":\"fr-FR\"}]}<\/script>\n<!-- \/ Yoast SEO Premium plugin. -->","yoast_head_json":{"title":"Nouveau mod\u00e8le de porte - mod\u00e8le de porte en acier moderne - \u00e7elik kap\u0131 modeli","description":"Mod\u00e8les de portes en acier modernes - Combinaison de couleurs anthracite et bois, diff\u00e9rents designs dans le nouveau mod\u00e8le de porte avec longue poign\u00e9e de porte en acier noir","robots":{"index":"index","follow":"follow","max-snippet":"max-snippet:-1","max-image-preview":"max-image-preview:large","max-video-preview":"max-video-preview:-1"},"canonical":"https:\/\/www.kapi.ltd\/fr\/urun\/nouveau-modele-de-porte\/","og_locale":"fr_FR","og_type":"article","og_title":"Nouveau mod\u00e8le de porte","og_description":"Mod\u00e8les de portes en acier modernes - Combinaison de couleurs anthracite et bois, diff\u00e9rents designs dans le nouveau mod\u00e8le de porte avec longue poign\u00e9e de porte en acier noir","og_url":"https:\/\/www.kapi.ltd\/fr\/urun\/nouveau-modele-de-porte\/","og_site_name":"\u0130\u00e7 Oda Kap\u0131lar\u0131 - \u00c7elik kap\u0131 modelleri - apartman kap\u0131lar\u0131","article_modified_time":"2026-01-24T09:23:40+00:00","og_image":[{"width":650,"height":975,"url":"https:\/\/www.kapi.ltd\/wp-content\/uploads\/2025\/10\/yeni-kapi-modeli.webp","type":"image\/webp"}],"twitter_card":"summary_large_image","twitter_misc":{"Dur\u00e9e de lecture estim\u00e9e":"2 minutes"},"schema":{"@context":"https:\/\/schema.org","@graph":[{"@type":"WebPage","@id":"https:\/\/www.kapi.ltd\/fr\/urun\/nouveau-modele-de-porte\/","url":"https:\/\/www.kapi.ltd\/fr\/urun\/nouveau-modele-de-porte\/","name":"Nouveau mod\u00e8le de porte - mod\u00e8le de porte en acier moderne - \u00e7elik kap\u0131 modeli","isPartOf":{"@id":"https:\/\/www.kapi.ltd\/fr\/#website"},"primaryImageOfPage":{"@id":"https:\/\/www.kapi.ltd\/fr\/urun\/nouveau-modele-de-porte\/#primaryimage"},"image":{"@id":"https:\/\/www.kapi.ltd\/fr\/urun\/nouveau-modele-de-porte\/#primaryimage"},"thumbnailUrl":"https:\/\/www.kapi.ltd\/wp-content\/uploads\/2025\/10\/yeni-kapi-modeli.webp","datePublished":"2025-10-29T13:44:00+00:00","dateModified":"2026-01-24T09:23:40+00:00","description":"Mod\u00e8les de portes en acier modernes - Combinaison de couleurs anthracite et bois, diff\u00e9rents designs dans le nouveau mod\u00e8le de porte avec longue poign\u00e9e de porte en acier noir","breadcrumb":{"@id":"https:\/\/www.kapi.ltd\/fr\/urun\/nouveau-modele-de-porte\/#breadcrumb"},"inLanguage":"fr-FR","potentialAction":[{"@type":"ReadAction","target":["https:\/\/www.kapi.ltd\/fr\/urun\/nouveau-modele-de-porte\/"]}]},{"@type":"ImageObject","inLanguage":"fr-FR","@id":"https:\/\/www.kapi.ltd\/fr\/urun\/nouveau-modele-de-porte\/#primaryimage","url":"https:\/\/www.kapi.ltd\/wp-content\/uploads\/2025\/10\/yeni-kapi-modeli.webp","contentUrl":"https:\/\/www.kapi.ltd\/wp-content\/uploads\/2025\/10\/yeni-kapi-modeli.webp","width":650,"height":975,"caption":"yeni kap\u0131 modeli"},{"@type":"BreadcrumbList","@id":"https:\/\/www.kapi.ltd\/fr\/urun\/nouveau-modele-de-porte\/#breadcrumb","itemListElement":[{"@type":"ListItem","position":1,"name":"Anasayfa","item":"https:\/\/www.kapi.ltd\/fr\/"},{"@type":"ListItem","position":2,"name":"ic-kapi-celik-kapi-modelleri","item":"https:\/\/www.kapi.ltd\/?page_id=4263"},{"@type":"ListItem","position":3,"name":"Nouveau mod\u00e8le de porte"}]},{"@type":"WebSite","@id":"https:\/\/www.kapi.ltd\/fr\/#website","url":"https:\/\/www.kapi.ltd\/fr\/","name":"\u0130\u00e7 Kap\u0131 Ve \u00c7elik Kap\u0131 Modelleri","description":"T\u00fcrkiye Kap\u0131 Modelleri Merkezi","potentialAction":[{"@type":"SearchAction","target":{"@type":"EntryPoint","urlTemplate":"https:\/\/www.kapi.ltd\/fr\/?s={search_term_string}"},"query-input":{"@type":"PropertyValueSpecification","valueRequired":true,"valueName":"search_term_string"}}],"inLanguage":"fr-FR"}]}},"_links":{"self":[{"href":"https:\/\/www.kapi.ltd\/fr\/wp-json\/wp\/v2\/product\/9121","targetHints":{"allow":["GET"]}}],"collection":[{"href":"https:\/\/www.kapi.ltd\/fr\/wp-json\/wp\/v2\/product"}],"about":[{"href":"https:\/\/www.kapi.ltd\/fr\/wp-json\/wp\/v2\/types\/product"}],"version-history":[{"count":2,"href":"https:\/\/www.kapi.ltd\/fr\/wp-json\/wp\/v2\/product\/9121\/revisions"}],"predecessor-version":[{"id":9151,"href":"https:\/\/www.kapi.ltd\/fr\/wp-json\/wp\/v2\/product\/9121\/revisions\/9151"}],"wp:featuredmedia":[{"embeddable":true,"href":"https:\/\/www.kapi.ltd\/fr\/wp-json\/wp\/v2\/media\/9122"}],"wp:attachment":[{"href":"https:\/\/www.kapi.ltd\/fr\/wp-json\/wp\/v2\/media?parent=9121"}],"wp:term":[{"taxonomy":"product_brand","embeddable":true,"href":"https:\/\/www.kapi.ltd\/fr\/wp-json\/wp\/v2\/product_brand?post=9121"},{"taxonomy":"product_cat","embeddable":true,"href":"https:\/\/www.kapi.ltd\/fr\/wp-json\/wp\/v2\/product_cat?post=9121"},{"taxonomy":"product_tag","embeddable":true,"href":"https:\/\/www.kapi.ltd\/fr\/wp-json\/wp\/v2\/product_tag?post=9121"}],"curies":[{"name":"wp","href":"https:\/\/api.w.org\/{rel}","templated":true}]}}