{"id":8909,"date":"2025-10-30T00:36:39","date_gmt":"2025-10-29T21:36:39","guid":{"rendered":"https:\/\/www.kapi.ltd\/urun\/ev-kapisi\/"},"modified":"2026-01-20T19:13:31","modified_gmt":"2026-01-20T16:13:31","slug":"porte-de-maison","status":"publish","type":"product","link":"https:\/\/www.kapi.ltd\/fr\/urun\/porte-de-maison\/","title":{"rendered":"Porte de la maison"},"content":{"rendered":"<p><strong>Portes d&rsquo;entr\u00e9e grises et blanches\u00a0: mod\u00e8les de portes en acier modernes et s\u00e9curis\u00e9es<\/strong><\/p>\n<p>La porte d&rsquo;entr\u00e9e est le premier contact avec le monde ext\u00e9rieur et un \u00e9l\u00e9ment essentiel de votre s\u00e9curit\u00e9. C&rsquo;est pourquoi elle se doit d&rsquo;\u00eatre \u00e0 la fois esth\u00e9tique et fonctionnelle. Pour r\u00e9pondre aux exigences de la vie moderne et vous offrir un design \u00e9l\u00e9gant et s\u00e9curis\u00e9, nous vous pr\u00e9sentons une <em>porte d&rsquo;entr\u00e9e grise et blanche au style raffin\u00e9 <\/em>.<\/p>\n<p>Notre nouveau mod\u00e8le <strong>de porte d&rsquo;entr\u00e9e grise et blanche <\/strong>offre une solution \u00e0 la fois esth\u00e9tique et fonctionnelle gr\u00e2ce \u00e0 son \u00e9l\u00e9gante couleur et sa construction robuste. Associant des couleurs classiques comme <strong>le gris <\/strong>et <strong>le blanc <\/strong>, ce design unique s&rsquo;int\u00e8gre parfaitement aux fa\u00e7ades des maisons modernes. Cette porte en acier, id\u00e9ale pour une utilisation ext\u00e9rieure, embellit votre espace ext\u00e9rieur et vous garantit une s\u00e9curit\u00e9 optimale pour de nombreuses ann\u00e9es gr\u00e2ce \u00e0 sa construction durable.<\/p>\n<p><strong>Design moderne et haute s\u00e9curit\u00e9<\/strong><\/p>\n<p>Dans notre nouveau mod\u00e8le, nous avons cherch\u00e9 \u00e0 allier esth\u00e9tique et s\u00e9curit\u00e9 pour <strong>une porte d&rsquo;entr\u00e9e . L&rsquo;harmonie des gris et des blancs lui conf\u00e8re une allure moderne, tandis que la longue poign\u00e9e en acier <\/strong>apporte une touche d&rsquo;\u00e9l\u00e9gance. Ce design particulier est non seulement esth\u00e9tique, mais aussi tr\u00e8s pratique gr\u00e2ce \u00e0 sa facilit\u00e9 d&rsquo;utilisation. Cette porte en acier, id\u00e9ale comme <strong>porte d&rsquo;entr\u00e9e de maison <\/strong>, s\u00e9duit par sa robustesse et sa durabilit\u00e9.<\/p>\n<p>Cette porte est fabriqu\u00e9e en acier de haute qualit\u00e9 et est \u00e9quip\u00e9e d&rsquo;un syst\u00e8me de double verrouillage. Ce syst\u00e8me optimise la s\u00e9curit\u00e9 et emp\u00eache toute intrusion dans votre domicile. De plus, <em>ce mod\u00e8le de porte d&rsquo;entr\u00e9e gris et blanc <\/em>est extr\u00eamement r\u00e9sistant aux intemp\u00e9ries\u00a0; l&rsquo;humidit\u00e9, le vent et le soleil, loin d&rsquo;alt\u00e9rer sa dur\u00e9e de vie, la renforcent au contraire.<\/p>\n<p><strong>Pourquoi une porte de maison grise et blanche ?<\/strong><\/p>\n<p>Lors du choix d&rsquo;une porte d&rsquo;entr\u00e9e, l&rsquo;esth\u00e9tique, la durabilit\u00e9 et la s\u00e9curit\u00e9 sont primordiales. Traditionnellement, les portes blanches sont un choix courant. Cependant, <strong>une porte d&rsquo;entr\u00e9e grise et blanche <\/strong>constitue une alternative id\u00e9ale pour ceux qui recherchent une touche de modernit\u00e9. L&rsquo;\u00e9l\u00e9gance et la sobri\u00e9t\u00e9 du gris, associ\u00e9es \u00e0 la fra\u00eecheur du blanc, cr\u00e9ent un mod\u00e8le de porte qui s&rsquo;harmonise avec tous les styles de d\u00e9coration. Ce design convient aussi bien aux maisons traditionnelles qu&rsquo;aux demeures contemporaines.<\/p>\n<p>Fabriqu\u00e9e en acier de haute qualit\u00e9, cette <strong>porte d&rsquo;entr\u00e9e <\/strong>se distingue par son esth\u00e9tique et sa fonctionnalit\u00e9. Son syst\u00e8me de double verrouillage offre une s\u00e9curit\u00e9 renforc\u00e9e. De plus, sa longue poign\u00e9e en acier allie \u00e9l\u00e9gance et praticit\u00e9. La porte est tr\u00e8s facile \u00e0 installer et ne n\u00e9cessite aucun entretien pendant de nombreuses ann\u00e9es.<\/p>\n<p><strong>\u00c9l\u00e9gance et s\u00e9curit\u00e9 vous attendent<\/strong><\/p>\n<p>L&rsquo;harmonie des tons gris et blancs conf\u00e8re une \u00e9l\u00e9gance certaine \u00e0 l&rsquo;ext\u00e9rieur, tandis que ce mod\u00e8le, id\u00e9al pour <strong>une porte d&rsquo;entr\u00e9e <\/strong>, n&rsquo;en n\u00e9glige pas pour autant la s\u00e9curit\u00e9. Gr\u00e2ce \u00e0 son syst\u00e8me de double verrouillage, la porte assure votre s\u00e9curit\u00e9 en toutes circonstances. La longue poign\u00e9e en acier, au design moderne, apporte une touche d&rsquo;\u00e9l\u00e9gance \u00e0 votre int\u00e9rieur et offre une grande facilit\u00e9 d&rsquo;utilisation.<\/p>\n<p>En conclusion, <strong>le mod\u00e8le de porte d&rsquo;entr\u00e9e grise et blanche <\/strong>allie style et s\u00e9curit\u00e9 pour les maisons modernes. Solution id\u00e9ale pour ceux qui privil\u00e9gient l&rsquo;esth\u00e9tique et la s\u00e9curit\u00e9, cette porte garantit des ann\u00e9es d&rsquo;utilisation sans souci et une s\u00e9curit\u00e9 optimale. R\u00e9pondant \u00e0 vos attentes tant sur le plan esth\u00e9tique que fonctionnel, son design s&rsquo;int\u00e9grera parfaitement \u00e0 votre maison.<\/p>\n","protected":false},"excerpt":{"rendered":"<p>Portes d&rsquo;entr\u00e9e grises et blanches\u00a0: mod\u00e8les de portes en acier modernes et s\u00e9curis\u00e9es La porte d&rsquo;entr\u00e9e est le premier contact avec le monde ext\u00e9rieur et un \u00e9l\u00e9ment essentiel de votre s\u00e9curit\u00e9. C&rsquo;est pourquoi elle se doit d&rsquo;\u00eatre \u00e0 la fois esth\u00e9tique et fonctionnelle. Pour r\u00e9pondre aux exigences de la vie moderne et vous offrir un<\/p>\n","protected":false},"featured_media":8910,"template":"","meta":{"_bbp_topic_count":0,"_bbp_reply_count":0,"_bbp_total_topic_count":0,"_bbp_total_reply_count":0,"_bbp_voice_count":0,"_bbp_anonymous_reply_count":0,"_bbp_topic_count_hidden":0,"_bbp_reply_count_hidden":0,"_bbp_forum_subforum_count":0},"product_brand":[],"product_cat":[732],"product_tag":[],"class_list":{"0":"post-8909","1":"product","2":"type-product","3":"status-publish","4":"has-post-thumbnail","6":"product_cat-porte-moderne-en-acier","8":"first","9":"instock","10":"shipping-taxable","11":"product-type-simple","12":"prodpage-classic"},"yoast_head":"<!-- This site is optimized with the Yoast SEO Premium plugin v26.6 (Yoast SEO v27.4) - https:\/\/yoast.com\/product\/yoast-seo-premium-wordpress\/ -->\n<title>porte de maison - porte d&#039;entr\u00e9e de la maison - porte d&#039;entr\u00e9e de la maison - porte grise - porte de la maison blanche<\/title>\n<meta name=\"description\" content=\"Cette porte d&#039;entr\u00e9e grise et blanche, r\u00e9put\u00e9e pour sa haute s\u00e9curit\u00e9, allie style et robustesse. Elle constitue un excellent choix pour une porte en acier.\" \/>\n<meta name=\"robots\" content=\"index, follow, max-snippet:-1, max-image-preview:large, max-video-preview:-1\" \/>\n<link rel=\"canonical\" href=\"https:\/\/www.kapi.ltd\/fr\/urun\/porte-de-maison\/\" \/>\n<meta property=\"og:locale\" content=\"fr_FR\" \/>\n<meta property=\"og:type\" content=\"article\" \/>\n<meta property=\"og:title\" content=\"Porte de la maison\" \/>\n<meta property=\"og:description\" content=\"Cette porte d&#039;entr\u00e9e grise et blanche, r\u00e9put\u00e9e pour sa haute s\u00e9curit\u00e9, allie style et robustesse. Elle constitue un excellent choix pour une porte en acier.\" \/>\n<meta property=\"og:url\" content=\"https:\/\/www.kapi.ltd\/fr\/urun\/porte-de-maison\/\" \/>\n<meta property=\"og:site_name\" content=\"\u0130\u00e7 Oda Kap\u0131lar\u0131 - \u00c7elik kap\u0131 modelleri - apartman kap\u0131lar\u0131\" \/>\n<meta property=\"article:modified_time\" content=\"2026-01-20T16:13:31+00:00\" \/>\n<meta property=\"og:image\" content=\"https:\/\/www.kapi.ltd\/wp-content\/uploads\/2025\/10\/ev-kapisi.webp\" \/>\n\t<meta property=\"og:image:width\" content=\"650\" \/>\n\t<meta property=\"og:image:height\" content=\"975\" \/>\n\t<meta property=\"og:image:type\" content=\"image\/webp\" \/>\n<meta name=\"twitter:card\" content=\"summary_large_image\" \/>\n<meta name=\"twitter:label1\" content=\"Dur\u00e9e de lecture estim\u00e9e\" \/>\n\t<meta name=\"twitter:data1\" content=\"4 minutes\" \/>\n<script type=\"application\/ld+json\" class=\"yoast-schema-graph\">{\"@context\":\"https:\\\/\\\/schema.org\",\"@graph\":[{\"@type\":\"WebPage\",\"@id\":\"https:\\\/\\\/www.kapi.ltd\\\/fr\\\/urun\\\/porte-de-maison\\\/\",\"url\":\"https:\\\/\\\/www.kapi.ltd\\\/fr\\\/urun\\\/porte-de-maison\\\/\",\"name\":\"porte de maison - porte d'entr\u00e9e de la maison - porte d'entr\u00e9e de la maison - porte grise - porte de la maison blanche\",\"isPartOf\":{\"@id\":\"https:\\\/\\\/www.kapi.ltd\\\/fr\\\/#website\"},\"primaryImageOfPage\":{\"@id\":\"https:\\\/\\\/www.kapi.ltd\\\/fr\\\/urun\\\/porte-de-maison\\\/#primaryimage\"},\"image\":{\"@id\":\"https:\\\/\\\/www.kapi.ltd\\\/fr\\\/urun\\\/porte-de-maison\\\/#primaryimage\"},\"thumbnailUrl\":\"https:\\\/\\\/www.kapi.ltd\\\/wp-content\\\/uploads\\\/2025\\\/10\\\/ev-kapisi.webp\",\"datePublished\":\"2025-10-29T21:36:39+00:00\",\"dateModified\":\"2026-01-20T16:13:31+00:00\",\"description\":\"Cette porte d'entr\u00e9e grise et blanche, r\u00e9put\u00e9e pour sa haute s\u00e9curit\u00e9, allie style et robustesse. Elle constitue un excellent choix pour une porte en acier.\",\"breadcrumb\":{\"@id\":\"https:\\\/\\\/www.kapi.ltd\\\/fr\\\/urun\\\/porte-de-maison\\\/#breadcrumb\"},\"inLanguage\":\"fr-FR\",\"potentialAction\":[{\"@type\":\"ReadAction\",\"target\":[\"https:\\\/\\\/www.kapi.ltd\\\/fr\\\/urun\\\/porte-de-maison\\\/\"]}]},{\"@type\":\"ImageObject\",\"inLanguage\":\"fr-FR\",\"@id\":\"https:\\\/\\\/www.kapi.ltd\\\/fr\\\/urun\\\/porte-de-maison\\\/#primaryimage\",\"url\":\"https:\\\/\\\/www.kapi.ltd\\\/wp-content\\\/uploads\\\/2025\\\/10\\\/ev-kapisi.webp\",\"contentUrl\":\"https:\\\/\\\/www.kapi.ltd\\\/wp-content\\\/uploads\\\/2025\\\/10\\\/ev-kapisi.webp\",\"width\":650,\"height\":975,\"caption\":\"ev kap\u0131s\u0131 modeli\"},{\"@type\":\"BreadcrumbList\",\"@id\":\"https:\\\/\\\/www.kapi.ltd\\\/fr\\\/urun\\\/porte-de-maison\\\/#breadcrumb\",\"itemListElement\":[{\"@type\":\"ListItem\",\"position\":1,\"name\":\"Anasayfa\",\"item\":\"https:\\\/\\\/www.kapi.ltd\\\/fr\\\/\"},{\"@type\":\"ListItem\",\"position\":2,\"name\":\"ic-kapi-celik-kapi-modelleri\",\"item\":\"https:\\\/\\\/www.kapi.ltd\\\/?page_id=4263\"},{\"@type\":\"ListItem\",\"position\":3,\"name\":\"Porte de la maison\"}]},{\"@type\":\"WebSite\",\"@id\":\"https:\\\/\\\/www.kapi.ltd\\\/fr\\\/#website\",\"url\":\"https:\\\/\\\/www.kapi.ltd\\\/fr\\\/\",\"name\":\"\u0130\u00e7 Kap\u0131 Ve \u00c7elik Kap\u0131 Modelleri\",\"description\":\"T\u00fcrkiye Kap\u0131 Modelleri Merkezi\",\"potentialAction\":[{\"@type\":\"SearchAction\",\"target\":{\"@type\":\"EntryPoint\",\"urlTemplate\":\"https:\\\/\\\/www.kapi.ltd\\\/fr\\\/?s={search_term_string}\"},\"query-input\":{\"@type\":\"PropertyValueSpecification\",\"valueRequired\":true,\"valueName\":\"search_term_string\"}}],\"inLanguage\":\"fr-FR\"}]}<\/script>\n<!-- \/ Yoast SEO Premium plugin. -->","yoast_head_json":{"title":"porte de maison - porte d'entr\u00e9e de la maison - porte d'entr\u00e9e de la maison - porte grise - porte de la maison blanche","description":"Cette porte d'entr\u00e9e grise et blanche, r\u00e9put\u00e9e pour sa haute s\u00e9curit\u00e9, allie style et robustesse. Elle constitue un excellent choix pour une porte en acier.","robots":{"index":"index","follow":"follow","max-snippet":"max-snippet:-1","max-image-preview":"max-image-preview:large","max-video-preview":"max-video-preview:-1"},"canonical":"https:\/\/www.kapi.ltd\/fr\/urun\/porte-de-maison\/","og_locale":"fr_FR","og_type":"article","og_title":"Porte de la maison","og_description":"Cette porte d'entr\u00e9e grise et blanche, r\u00e9put\u00e9e pour sa haute s\u00e9curit\u00e9, allie style et robustesse. Elle constitue un excellent choix pour une porte en acier.","og_url":"https:\/\/www.kapi.ltd\/fr\/urun\/porte-de-maison\/","og_site_name":"\u0130\u00e7 Oda Kap\u0131lar\u0131 - \u00c7elik kap\u0131 modelleri - apartman kap\u0131lar\u0131","article_modified_time":"2026-01-20T16:13:31+00:00","og_image":[{"width":650,"height":975,"url":"https:\/\/www.kapi.ltd\/wp-content\/uploads\/2025\/10\/ev-kapisi.webp","type":"image\/webp"}],"twitter_card":"summary_large_image","twitter_misc":{"Dur\u00e9e de lecture estim\u00e9e":"4 minutes"},"schema":{"@context":"https:\/\/schema.org","@graph":[{"@type":"WebPage","@id":"https:\/\/www.kapi.ltd\/fr\/urun\/porte-de-maison\/","url":"https:\/\/www.kapi.ltd\/fr\/urun\/porte-de-maison\/","name":"porte de maison - porte d'entr\u00e9e de la maison - porte d'entr\u00e9e de la maison - porte grise - porte de la maison blanche","isPartOf":{"@id":"https:\/\/www.kapi.ltd\/fr\/#website"},"primaryImageOfPage":{"@id":"https:\/\/www.kapi.ltd\/fr\/urun\/porte-de-maison\/#primaryimage"},"image":{"@id":"https:\/\/www.kapi.ltd\/fr\/urun\/porte-de-maison\/#primaryimage"},"thumbnailUrl":"https:\/\/www.kapi.ltd\/wp-content\/uploads\/2025\/10\/ev-kapisi.webp","datePublished":"2025-10-29T21:36:39+00:00","dateModified":"2026-01-20T16:13:31+00:00","description":"Cette porte d'entr\u00e9e grise et blanche, r\u00e9put\u00e9e pour sa haute s\u00e9curit\u00e9, allie style et robustesse. Elle constitue un excellent choix pour une porte en acier.","breadcrumb":{"@id":"https:\/\/www.kapi.ltd\/fr\/urun\/porte-de-maison\/#breadcrumb"},"inLanguage":"fr-FR","potentialAction":[{"@type":"ReadAction","target":["https:\/\/www.kapi.ltd\/fr\/urun\/porte-de-maison\/"]}]},{"@type":"ImageObject","inLanguage":"fr-FR","@id":"https:\/\/www.kapi.ltd\/fr\/urun\/porte-de-maison\/#primaryimage","url":"https:\/\/www.kapi.ltd\/wp-content\/uploads\/2025\/10\/ev-kapisi.webp","contentUrl":"https:\/\/www.kapi.ltd\/wp-content\/uploads\/2025\/10\/ev-kapisi.webp","width":650,"height":975,"caption":"ev kap\u0131s\u0131 modeli"},{"@type":"BreadcrumbList","@id":"https:\/\/www.kapi.ltd\/fr\/urun\/porte-de-maison\/#breadcrumb","itemListElement":[{"@type":"ListItem","position":1,"name":"Anasayfa","item":"https:\/\/www.kapi.ltd\/fr\/"},{"@type":"ListItem","position":2,"name":"ic-kapi-celik-kapi-modelleri","item":"https:\/\/www.kapi.ltd\/?page_id=4263"},{"@type":"ListItem","position":3,"name":"Porte de la maison"}]},{"@type":"WebSite","@id":"https:\/\/www.kapi.ltd\/fr\/#website","url":"https:\/\/www.kapi.ltd\/fr\/","name":"\u0130\u00e7 Kap\u0131 Ve \u00c7elik Kap\u0131 Modelleri","description":"T\u00fcrkiye Kap\u0131 Modelleri Merkezi","potentialAction":[{"@type":"SearchAction","target":{"@type":"EntryPoint","urlTemplate":"https:\/\/www.kapi.ltd\/fr\/?s={search_term_string}"},"query-input":{"@type":"PropertyValueSpecification","valueRequired":true,"valueName":"search_term_string"}}],"inLanguage":"fr-FR"}]}},"_links":{"self":[{"href":"https:\/\/www.kapi.ltd\/fr\/wp-json\/wp\/v2\/product\/8909","targetHints":{"allow":["GET"]}}],"collection":[{"href":"https:\/\/www.kapi.ltd\/fr\/wp-json\/wp\/v2\/product"}],"about":[{"href":"https:\/\/www.kapi.ltd\/fr\/wp-json\/wp\/v2\/types\/product"}],"version-history":[{"count":2,"href":"https:\/\/www.kapi.ltd\/fr\/wp-json\/wp\/v2\/product\/8909\/revisions"}],"predecessor-version":[{"id":8954,"href":"https:\/\/www.kapi.ltd\/fr\/wp-json\/wp\/v2\/product\/8909\/revisions\/8954"}],"wp:featuredmedia":[{"embeddable":true,"href":"https:\/\/www.kapi.ltd\/fr\/wp-json\/wp\/v2\/media\/8910"}],"wp:attachment":[{"href":"https:\/\/www.kapi.ltd\/fr\/wp-json\/wp\/v2\/media?parent=8909"}],"wp:term":[{"taxonomy":"product_brand","embeddable":true,"href":"https:\/\/www.kapi.ltd\/fr\/wp-json\/wp\/v2\/product_brand?post=8909"},{"taxonomy":"product_cat","embeddable":true,"href":"https:\/\/www.kapi.ltd\/fr\/wp-json\/wp\/v2\/product_cat?post=8909"},{"taxonomy":"product_tag","embeddable":true,"href":"https:\/\/www.kapi.ltd\/fr\/wp-json\/wp\/v2\/product_tag?post=8909"}],"curies":[{"name":"wp","href":"https:\/\/api.w.org\/{rel}","templated":true}]}}