{"id":8032,"date":"2025-11-29T13:04:34","date_gmt":"2025-11-29T10:04:34","guid":{"rendered":"https:\/\/www.kapi.ltd\/urun\/cift-kanatli-cikis-kapisi\/"},"modified":"2025-12-06T00:44:34","modified_gmt":"2025-12-05T21:44:34","slug":"porte-de-sortie-a-double-battant","status":"publish","type":"product","link":"https:\/\/www.kapi.ltd\/fr\/urun\/porte-de-sortie-a-double-battant\/","title":{"rendered":"Porte de sortie \u00e0 double battant"},"content":{"rendered":"<p>Portes coupe-feu \u00e0 deux vantaux\u00a0: le choix id\u00e9al pour votre s\u00e9curit\u00e9<\/p>\n<p>La s\u00e9curit\u00e9 incendie est un \u00e9l\u00e9ment essentiel de tout b\u00e2timent. En cas d\u2019incendie, les portes coupe-feu jouent un r\u00f4le crucial pour assurer l\u2019\u00e9vacuation en toute s\u00e9curit\u00e9 des occupants. Les portes coupe-feu \u00e0 deux vantaux sont privil\u00e9gi\u00e9es, notamment dans les grands b\u00e2timents et les espaces commerciaux, afin de garantir une \u00e9vacuation rapide en cas d\u2019incendie. Cet article vous pr\u00e9sente tout ce que vous devez savoir sur les portes coupe-feu \u00e0 deux vantaux.<\/p>\n<p>Avantages des portes coupe-feu \u00e0 deux vantaux<\/p>\n<p>Les portes coupe-feu \u00e0 deux vantaux constituent une solution id\u00e9ale pour un passage rapide, en particulier dans les grands espaces. Gr\u00e2ce \u00e0 leur conception \u00e0 deux vantaux offrant une plus grande ouverture, elles repr\u00e9sentent une solution bien plus efficace dans les zones \u00e0 forte fr\u00e9quentation et en cas d\u2019urgence.<\/p>\n<p>1. Ouverture plus large<\/p>\n<p>Lorsqu\u2019une \u00e9vacuation rapide est n\u00e9cessaire en cas d\u2019incendie, les portes coupe-feu \u00e0 deux vantaux s\u2019ouvrent beaucoup plus vite que les portes \u00e0 un seul vantail. Cela permet aux personnes de sortir d\u2019un espace \u00e9troit sans \u00eatre bloqu\u00e9es. Ce type de porte offre un avantage consid\u00e9rable, notamment aux issues de secours ou dans les grands immeubles de bureaux.<\/p>\n<p>2. Haute s\u00e9curit\u00e9<\/p>\n<p>Les portes coupe-feu \u00e0 deux vantaux sont extr\u00eamement efficaces en mati\u00e8re de s\u00e9curit\u00e9 incendie car elles offrent un espace accru. Elles prot\u00e8gent contre les fum\u00e9es et la chaleur intenses en cas d&rsquo;incendie et r\u00e9sistent \u00e9galement aux conditions climatiques difficiles. Ces portes peuvent avoir une r\u00e9sistance au feu de 1, 2 ou 3 heures, optimisant ainsi la s\u00e9curit\u00e9 des b\u00e2timents.<\/p>\n<p>3. Esth\u00e9tique et \u00e9l\u00e9gance<\/p>\n<p>Les portes coupe-feu \u00e0 deux vantaux peuvent \u00eatre fabriqu\u00e9es dans une vari\u00e9t\u00e9 de designs esth\u00e9tiques. Leur apparence moderne et \u00e9l\u00e9gante assure non seulement la s\u00e9curit\u00e9 des immeubles de bureaux et des centres commerciaux, mais contribue \u00e9galement \u00e0 leur d\u00e9coration.<\/p>\n<p>Applications des portes coupe-feu \u00e0 deux vantaux<\/p>\n<p>Les portes coupe-feu \u00e0 deux vantaux sont particuli\u00e8rement appr\u00e9ci\u00e9es dans les grands espaces et les b\u00e2timents \u00e0 plusieurs \u00e9tages. Voici quelques exemples d&rsquo;application\u00a0:<\/p>\n<p>1. Bureaux et commerces<\/p>\n<p>Les portes coupe-feu \u00e0 deux vantaux sont privil\u00e9gi\u00e9es dans les lieux \u00e0 forte fr\u00e9quentation tels que les immeubles de bureaux, les centres commerciaux et les h\u00f4pitaux pour une \u00e9vacuation rapide en cas d&rsquo;incendie. Ces portes permettent une \u00e9vacuation rapide du b\u00e2timent et offrent une protection efficace contre l&rsquo;incendie.<\/p>\n<p>2. Installations industrielles<\/p>\n<p>Dans les grandes installations industrielles telles que les usines et les entrep\u00f4ts, les portes coupe-feu \u00e0 deux vantaux sont utilis\u00e9es pour garantir la s\u00e9curit\u00e9 en cas d&rsquo;incendie. Ces portes sont indispensables lorsque de vastes zones n\u00e9cessitent une \u00e9vacuation rapide.<\/p>\n<p>3. \u00c9coles et \u00e9tablissements d&rsquo;enseignement<\/p>\n<p>La s\u00e9curit\u00e9 est primordiale dans les lieux fr\u00e9quent\u00e9s par des enfants, comme les \u00e9coles. Les portes coupe-feu \u00e0 deux vantaux assurent non seulement une \u00e9vacuation s\u00fbre dans les \u00e9coles, mais renforcent \u00e9galement la s\u00e9curit\u00e9 du b\u00e2timent gr\u00e2ce \u00e0 leur r\u00e9sistance au feu.<\/p>\n<p>4. Centres commerciaux<\/p>\n<p>Compte tenu du grand nombre de personnes rassembl\u00e9es dans les centres commerciaux, les portes coupe-feu \u00e0 deux vantaux sont essentielles. Ces portes permettent une \u00e9vacuation rapide en cas d&rsquo;urgence.<\/p>\n<p>Caract\u00e9ristiques des portes coupe-feu \u00e0 deux vantaux<\/p>\n<p>Les portes coupe-feu \u00e0 deux vantaux sont g\u00e9n\u00e9ralement fabriqu\u00e9es en m\u00e9tal et en aluminium et peuvent pr\u00e9senter les caract\u00e9ristiques suivantes\u00a0:<\/p>\n<p>R\u00e9sistance au feu\u00a0: Offre une r\u00e9sistance au feu de 1, 2 ou 3\u00a0heures.<\/p>\n<p>Sens d&rsquo;ouverture\u00a0: Le sens d&rsquo;ouverture des portes est con\u00e7u en fonction de leur utilisation pr\u00e9vue. Les portes \u00e0 deux vantaux peuvent g\u00e9n\u00e9ralement s&rsquo;ouvrir dans les deux sens.<\/p>\n<p>Syst\u00e8me de verrouillage coupe-feu automatique\u00a0: Les portes se verrouillent automatiquement en cas d\u2019alarme incendie, garantissant ainsi une \u00e9vacuation en toute s\u00e9curit\u00e9 pendant un incendie.<\/p>\n<p>Isolation thermique\u00a0: Les chants des portes sont rev\u00eatus de mat\u00e9riaux r\u00e9sistants aux hautes temp\u00e9ratures et au feu.<\/p>\n<p>\u00c9l\u00e9ments \u00e0 prendre en compte lors du choix d\u2019une porte coupe-feu \u00e0 deux vantaux<\/p>\n<p>Certification de r\u00e9sistance au feu\u00a0: V\u00e9rifiez que la porte choisie est conforme \u00e0 la r\u00e9glementation locale en mati\u00e8re de s\u00e9curit\u00e9 incendie.<\/p>\n<p>Dimensions et surface d\u2019installation\u00a0: La largeur et le diam\u00e8tre d\u2019ouverture de la porte \u00e0 deux vantaux doivent \u00eatre adapt\u00e9s \u00e0 la surface d\u2019installation.<\/p>\n<p>Quincaillerie\u00a0: La quincaillerie (charni\u00e8res, serrures, poign\u00e9es, joints, etc.) doit \u00eatre de haute qualit\u00e9 pour garantir la s\u00e9curit\u00e9 incendie.<\/p>\n<p>Entretien\u00a0: Les portes coupe-feu n\u00e9cessitent un entretien r\u00e9gulier. Des inspections p\u00e9riodiques assurent leur bon fonctionnement et leur efficacit\u00e9.<\/p>\n<p>Conclusion\u00a0: Les portes coupe-feu \u00e0 deux vantaux sont essentielles pour la s\u00e9curit\u00e9<\/p>\n<p>Les portes coupe-feu \u00e0 deux vantaux offrent une s\u00e9curit\u00e9 efficace dans les grands espaces, permettant une \u00e9vacuation rapide en cas d\u2019incendie. Esth\u00e9tiques et fonctionnelles, ces portes constituent un \u00e9l\u00e9ment important qui renforce la s\u00e9curit\u00e9 dans divers secteurs et espaces de vie. Si vous recherchez une solution esth\u00e9tique et fonctionnelle qui privil\u00e9gie la s\u00e9curit\u00e9, les portes coupe-feu \u00e0 deux vantaux sont un choix id\u00e9al.<\/p>\n<p>Pour garantir la s\u00e9curit\u00e9, choisissez votre porte coupe-feu avec soin et assurez-vous qu&rsquo;elle poss\u00e8de les certifications requises.<\/p>\n","protected":false},"excerpt":{"rendered":"<p>Portes coupe-feu \u00e0 deux vantaux\u00a0: le choix id\u00e9al pour votre s\u00e9curit\u00e9 La s\u00e9curit\u00e9 incendie est un \u00e9l\u00e9ment essentiel de tout b\u00e2timent. En cas d\u2019incendie, les portes coupe-feu jouent un r\u00f4le crucial pour assurer l\u2019\u00e9vacuation en toute s\u00e9curit\u00e9 des occupants. Les portes coupe-feu \u00e0 deux vantaux sont privil\u00e9gi\u00e9es, notamment dans les grands b\u00e2timents et les espaces<\/p>\n","protected":false},"featured_media":8033,"template":"","meta":{"_bbp_topic_count":0,"_bbp_reply_count":0,"_bbp_total_topic_count":0,"_bbp_total_reply_count":0,"_bbp_voice_count":0,"_bbp_anonymous_reply_count":0,"_bbp_topic_count_hidden":0,"_bbp_reply_count_hidden":0,"_bbp_forum_subforum_count":0},"product_brand":[],"product_cat":[922],"product_tag":[1110,1111],"class_list":{"0":"post-8032","1":"product","2":"type-product","3":"status-publish","4":"has-post-thumbnail","6":"product_cat-portes-coupe-feu","7":"product_tag-cift-kanatli-cikis-kapisi","8":"product_tag-cift-kanatli-yangin-kapilari","10":"first","11":"instock","12":"shipping-taxable","13":"product-type-simple","14":"prodpage-classic"},"yoast_head":"<!-- This site is optimized with the Yoast SEO Premium plugin v26.6 (Yoast SEO v27.4) - https:\/\/yoast.com\/product\/yoast-seo-premium-wordpress\/ -->\n<title>Porte de sortie \u00e0 double battant-porte coupe-feu \u00e0 double battant - portes coupe-feu<\/title>\n<meta name=\"description\" content=\"Choisissez une porte s\u00fbre et conforme \u00e0 la r\u00e9glementation en vous informant sur les caract\u00e9ristiques des portes coupe-feu \u00e0 double vantail, des portes coupe-feu vitr\u00e9es et des charni\u00e8res pour portes coupe-feu.\" \/>\n<meta name=\"robots\" content=\"index, follow, max-snippet:-1, max-image-preview:large, max-video-preview:-1\" \/>\n<link rel=\"canonical\" href=\"https:\/\/www.kapi.ltd\/fr\/urun\/porte-de-sortie-a-double-battant\/\" \/>\n<meta property=\"og:locale\" content=\"fr_FR\" \/>\n<meta property=\"og:type\" content=\"article\" \/>\n<meta property=\"og:title\" content=\"Porte de sortie \u00e0 double battant\" \/>\n<meta property=\"og:description\" content=\"Choisissez une porte s\u00fbre et conforme \u00e0 la r\u00e9glementation en vous informant sur les caract\u00e9ristiques des portes coupe-feu \u00e0 double vantail, des portes coupe-feu vitr\u00e9es et des charni\u00e8res pour portes coupe-feu.\" \/>\n<meta property=\"og:url\" content=\"https:\/\/www.kapi.ltd\/fr\/urun\/porte-de-sortie-a-double-battant\/\" \/>\n<meta property=\"og:site_name\" content=\"\u0130\u00e7 Oda Kap\u0131lar\u0131 - \u00c7elik kap\u0131 modelleri - apartman kap\u0131lar\u0131\" \/>\n<meta property=\"article:modified_time\" content=\"2025-12-05T21:44:34+00:00\" \/>\n<meta property=\"og:image\" content=\"https:\/\/www.kapi.ltd\/wp-content\/uploads\/2025\/11\/cift-kanatli-yangin-kapisi.webp\" \/>\n\t<meta property=\"og:image:width\" content=\"650\" \/>\n\t<meta property=\"og:image:height\" content=\"975\" \/>\n\t<meta property=\"og:image:type\" content=\"image\/webp\" \/>\n<meta name=\"twitter:card\" content=\"summary_large_image\" \/>\n<meta name=\"twitter:label1\" content=\"Dur\u00e9e de lecture estim\u00e9e\" \/>\n\t<meta name=\"twitter:data1\" content=\"6 minutes\" \/>\n<script type=\"application\/ld+json\" class=\"yoast-schema-graph\">{\"@context\":\"https:\\\/\\\/schema.org\",\"@graph\":[{\"@type\":\"WebPage\",\"@id\":\"https:\\\/\\\/www.kapi.ltd\\\/fr\\\/urun\\\/porte-de-sortie-a-double-battant\\\/\",\"url\":\"https:\\\/\\\/www.kapi.ltd\\\/fr\\\/urun\\\/porte-de-sortie-a-double-battant\\\/\",\"name\":\"Porte de sortie \u00e0 double battant-porte coupe-feu \u00e0 double battant - portes coupe-feu\",\"isPartOf\":{\"@id\":\"https:\\\/\\\/www.kapi.ltd\\\/fr\\\/#website\"},\"primaryImageOfPage\":{\"@id\":\"https:\\\/\\\/www.kapi.ltd\\\/fr\\\/urun\\\/porte-de-sortie-a-double-battant\\\/#primaryimage\"},\"image\":{\"@id\":\"https:\\\/\\\/www.kapi.ltd\\\/fr\\\/urun\\\/porte-de-sortie-a-double-battant\\\/#primaryimage\"},\"thumbnailUrl\":\"https:\\\/\\\/www.kapi.ltd\\\/wp-content\\\/uploads\\\/2025\\\/11\\\/cift-kanatli-yangin-kapisi.webp\",\"datePublished\":\"2025-11-29T10:04:34+00:00\",\"dateModified\":\"2025-12-05T21:44:34+00:00\",\"description\":\"Choisissez une porte s\u00fbre et conforme \u00e0 la r\u00e9glementation en vous informant sur les caract\u00e9ristiques des portes coupe-feu \u00e0 double vantail, des portes coupe-feu vitr\u00e9es et des charni\u00e8res pour portes coupe-feu.\",\"breadcrumb\":{\"@id\":\"https:\\\/\\\/www.kapi.ltd\\\/fr\\\/urun\\\/porte-de-sortie-a-double-battant\\\/#breadcrumb\"},\"inLanguage\":\"fr-FR\",\"potentialAction\":[{\"@type\":\"ReadAction\",\"target\":[\"https:\\\/\\\/www.kapi.ltd\\\/fr\\\/urun\\\/porte-de-sortie-a-double-battant\\\/\"]}]},{\"@type\":\"ImageObject\",\"inLanguage\":\"fr-FR\",\"@id\":\"https:\\\/\\\/www.kapi.ltd\\\/fr\\\/urun\\\/porte-de-sortie-a-double-battant\\\/#primaryimage\",\"url\":\"https:\\\/\\\/www.kapi.ltd\\\/wp-content\\\/uploads\\\/2025\\\/11\\\/cift-kanatli-yangin-kapisi.webp\",\"contentUrl\":\"https:\\\/\\\/www.kapi.ltd\\\/wp-content\\\/uploads\\\/2025\\\/11\\\/cift-kanatli-yangin-kapisi.webp\",\"width\":650,\"height\":975,\"caption\":\"\u00e7ift kanatl\u0131 yang\u0131n kap\u0131s\u0131\"},{\"@type\":\"BreadcrumbList\",\"@id\":\"https:\\\/\\\/www.kapi.ltd\\\/fr\\\/urun\\\/porte-de-sortie-a-double-battant\\\/#breadcrumb\",\"itemListElement\":[{\"@type\":\"ListItem\",\"position\":1,\"name\":\"Anasayfa\",\"item\":\"https:\\\/\\\/www.kapi.ltd\\\/fr\\\/\"},{\"@type\":\"ListItem\",\"position\":2,\"name\":\"ic-kapi-celik-kapi-modelleri\",\"item\":\"https:\\\/\\\/www.kapi.ltd\\\/?page_id=4263\"},{\"@type\":\"ListItem\",\"position\":3,\"name\":\"Porte de sortie \u00e0 double battant\"}]},{\"@type\":\"WebSite\",\"@id\":\"https:\\\/\\\/www.kapi.ltd\\\/fr\\\/#website\",\"url\":\"https:\\\/\\\/www.kapi.ltd\\\/fr\\\/\",\"name\":\"\u0130\u00e7 Kap\u0131 Ve \u00c7elik Kap\u0131 Modelleri\",\"description\":\"T\u00fcrkiye Kap\u0131 Modelleri Merkezi\",\"potentialAction\":[{\"@type\":\"SearchAction\",\"target\":{\"@type\":\"EntryPoint\",\"urlTemplate\":\"https:\\\/\\\/www.kapi.ltd\\\/fr\\\/?s={search_term_string}\"},\"query-input\":{\"@type\":\"PropertyValueSpecification\",\"valueRequired\":true,\"valueName\":\"search_term_string\"}}],\"inLanguage\":\"fr-FR\"}]}<\/script>\n<!-- \/ Yoast SEO Premium plugin. -->","yoast_head_json":{"title":"Porte de sortie \u00e0 double battant-porte coupe-feu \u00e0 double battant - portes coupe-feu","description":"Choisissez une porte s\u00fbre et conforme \u00e0 la r\u00e9glementation en vous informant sur les caract\u00e9ristiques des portes coupe-feu \u00e0 double vantail, des portes coupe-feu vitr\u00e9es et des charni\u00e8res pour portes coupe-feu.","robots":{"index":"index","follow":"follow","max-snippet":"max-snippet:-1","max-image-preview":"max-image-preview:large","max-video-preview":"max-video-preview:-1"},"canonical":"https:\/\/www.kapi.ltd\/fr\/urun\/porte-de-sortie-a-double-battant\/","og_locale":"fr_FR","og_type":"article","og_title":"Porte de sortie \u00e0 double battant","og_description":"Choisissez une porte s\u00fbre et conforme \u00e0 la r\u00e9glementation en vous informant sur les caract\u00e9ristiques des portes coupe-feu \u00e0 double vantail, des portes coupe-feu vitr\u00e9es et des charni\u00e8res pour portes coupe-feu.","og_url":"https:\/\/www.kapi.ltd\/fr\/urun\/porte-de-sortie-a-double-battant\/","og_site_name":"\u0130\u00e7 Oda Kap\u0131lar\u0131 - \u00c7elik kap\u0131 modelleri - apartman kap\u0131lar\u0131","article_modified_time":"2025-12-05T21:44:34+00:00","og_image":[{"width":650,"height":975,"url":"https:\/\/www.kapi.ltd\/wp-content\/uploads\/2025\/11\/cift-kanatli-yangin-kapisi.webp","type":"image\/webp"}],"twitter_card":"summary_large_image","twitter_misc":{"Dur\u00e9e de lecture estim\u00e9e":"6 minutes"},"schema":{"@context":"https:\/\/schema.org","@graph":[{"@type":"WebPage","@id":"https:\/\/www.kapi.ltd\/fr\/urun\/porte-de-sortie-a-double-battant\/","url":"https:\/\/www.kapi.ltd\/fr\/urun\/porte-de-sortie-a-double-battant\/","name":"Porte de sortie \u00e0 double battant-porte coupe-feu \u00e0 double battant - portes coupe-feu","isPartOf":{"@id":"https:\/\/www.kapi.ltd\/fr\/#website"},"primaryImageOfPage":{"@id":"https:\/\/www.kapi.ltd\/fr\/urun\/porte-de-sortie-a-double-battant\/#primaryimage"},"image":{"@id":"https:\/\/www.kapi.ltd\/fr\/urun\/porte-de-sortie-a-double-battant\/#primaryimage"},"thumbnailUrl":"https:\/\/www.kapi.ltd\/wp-content\/uploads\/2025\/11\/cift-kanatli-yangin-kapisi.webp","datePublished":"2025-11-29T10:04:34+00:00","dateModified":"2025-12-05T21:44:34+00:00","description":"Choisissez une porte s\u00fbre et conforme \u00e0 la r\u00e9glementation en vous informant sur les caract\u00e9ristiques des portes coupe-feu \u00e0 double vantail, des portes coupe-feu vitr\u00e9es et des charni\u00e8res pour portes coupe-feu.","breadcrumb":{"@id":"https:\/\/www.kapi.ltd\/fr\/urun\/porte-de-sortie-a-double-battant\/#breadcrumb"},"inLanguage":"fr-FR","potentialAction":[{"@type":"ReadAction","target":["https:\/\/www.kapi.ltd\/fr\/urun\/porte-de-sortie-a-double-battant\/"]}]},{"@type":"ImageObject","inLanguage":"fr-FR","@id":"https:\/\/www.kapi.ltd\/fr\/urun\/porte-de-sortie-a-double-battant\/#primaryimage","url":"https:\/\/www.kapi.ltd\/wp-content\/uploads\/2025\/11\/cift-kanatli-yangin-kapisi.webp","contentUrl":"https:\/\/www.kapi.ltd\/wp-content\/uploads\/2025\/11\/cift-kanatli-yangin-kapisi.webp","width":650,"height":975,"caption":"\u00e7ift kanatl\u0131 yang\u0131n kap\u0131s\u0131"},{"@type":"BreadcrumbList","@id":"https:\/\/www.kapi.ltd\/fr\/urun\/porte-de-sortie-a-double-battant\/#breadcrumb","itemListElement":[{"@type":"ListItem","position":1,"name":"Anasayfa","item":"https:\/\/www.kapi.ltd\/fr\/"},{"@type":"ListItem","position":2,"name":"ic-kapi-celik-kapi-modelleri","item":"https:\/\/www.kapi.ltd\/?page_id=4263"},{"@type":"ListItem","position":3,"name":"Porte de sortie \u00e0 double battant"}]},{"@type":"WebSite","@id":"https:\/\/www.kapi.ltd\/fr\/#website","url":"https:\/\/www.kapi.ltd\/fr\/","name":"\u0130\u00e7 Kap\u0131 Ve \u00c7elik Kap\u0131 Modelleri","description":"T\u00fcrkiye Kap\u0131 Modelleri Merkezi","potentialAction":[{"@type":"SearchAction","target":{"@type":"EntryPoint","urlTemplate":"https:\/\/www.kapi.ltd\/fr\/?s={search_term_string}"},"query-input":{"@type":"PropertyValueSpecification","valueRequired":true,"valueName":"search_term_string"}}],"inLanguage":"fr-FR"}]}},"_links":{"self":[{"href":"https:\/\/www.kapi.ltd\/fr\/wp-json\/wp\/v2\/product\/8032","targetHints":{"allow":["GET"]}}],"collection":[{"href":"https:\/\/www.kapi.ltd\/fr\/wp-json\/wp\/v2\/product"}],"about":[{"href":"https:\/\/www.kapi.ltd\/fr\/wp-json\/wp\/v2\/types\/product"}],"version-history":[{"count":2,"href":"https:\/\/www.kapi.ltd\/fr\/wp-json\/wp\/v2\/product\/8032\/revisions"}],"predecessor-version":[{"id":8160,"href":"https:\/\/www.kapi.ltd\/fr\/wp-json\/wp\/v2\/product\/8032\/revisions\/8160"}],"wp:featuredmedia":[{"embeddable":true,"href":"https:\/\/www.kapi.ltd\/fr\/wp-json\/wp\/v2\/media\/8033"}],"wp:attachment":[{"href":"https:\/\/www.kapi.ltd\/fr\/wp-json\/wp\/v2\/media?parent=8032"}],"wp:term":[{"taxonomy":"product_brand","embeddable":true,"href":"https:\/\/www.kapi.ltd\/fr\/wp-json\/wp\/v2\/product_brand?post=8032"},{"taxonomy":"product_cat","embeddable":true,"href":"https:\/\/www.kapi.ltd\/fr\/wp-json\/wp\/v2\/product_cat?post=8032"},{"taxonomy":"product_tag","embeddable":true,"href":"https:\/\/www.kapi.ltd\/fr\/wp-json\/wp\/v2\/product_tag?post=8032"}],"curies":[{"name":"wp","href":"https:\/\/api.w.org\/{rel}","templated":true}]}}