{"id":7866,"date":"2025-10-07T16:47:53","date_gmt":"2025-10-07T16:47:53","guid":{"rendered":"https:\/\/www.kapi.ltd\/urun\/lake-ic-kapi-modeli-2\/"},"modified":"2026-03-03T17:11:19","modified_gmt":"2026-03-03T14:11:19","slug":"modele-de-porte-interieure-lake","status":"publish","type":"product","link":"https:\/\/www.kapi.ltd\/fr\/urun\/modele-de-porte-interieure-lake\/","title":{"rendered":"Mod\u00e8le de porte int\u00e9rieure Lake"},"content":{"rendered":"<p>Le mod\u00e8le de porte int\u00e9rieure laqu\u00e9e est un choix id\u00e9al qui allie \u00e9l\u00e9gance et raffinement \u00e0 votre int\u00e9rieur. Se distinguant par leur design moderne et leurs mat\u00e9riaux de fabrication de qualit\u00e9, les mod\u00e8les de portes laqu\u00e9es s&rsquo;adaptent \u00e0 tous les styles de d\u00e9coration et apportent une valeur ajout\u00e9e \u00e0 votre int\u00e9rieur. La surface laqu\u00e9e de haute qualit\u00e9 offre un aspect esth\u00e9tique agr\u00e9able et une structure r\u00e9sistante qui garantit une longue dur\u00e9e de vie.<\/p>\n<p>Les mod\u00e8les de portes int\u00e9rieures laqu\u00e9es sont disponibles dans diff\u00e9rentes couleurs et textures pour s&rsquo;adapter \u00e0 tous les styles. Ils offrent un large \u00e9ventail de choix, des designs modernes et minimalistes aux mod\u00e8les aux d\u00e9tails classiques. Les portes laqu\u00e9es, qui peuvent \u00eatre utilis\u00e9es aussi bien dans les maisons que dans les bureaux, apportent une touche d&rsquo;\u00e9l\u00e9gance qui transforme l&rsquo;atmosph\u00e8re de la pi\u00e8ce.<\/p>\n<p>Les portes vitr\u00e9es ajoutent une touche esth\u00e9tique diff\u00e9rente aux mod\u00e8les de portes laqu\u00e9es. Les portes int\u00e9rieures vitr\u00e9es permettent \u00e0 la lumi\u00e8re naturelle de passer entre les pi\u00e8ces et donnent une impression d&rsquo;espace et de luminosit\u00e9. Disponibles en verre transparent ou d\u00e9poli, elles offrent des solutions esth\u00e9tiques adapt\u00e9es \u00e0 tous les besoins. Les portes vitr\u00e9es cr\u00e9ent une atmosph\u00e8re agr\u00e9able tout en pr\u00e9servant l&rsquo;intimit\u00e9, vous permettant ainsi de combiner \u00e9l\u00e9gance et fonctionnalit\u00e9 dans vos int\u00e9rieurs.<\/p>\n<p>Les portes int\u00e9rieures laqu\u00e9es et les portes vitr\u00e9es s&rsquo;harmonisent parfaitement gr\u00e2ce \u00e0 leur durabilit\u00e9 et leur \u00e9l\u00e9gance. Dans les espaces de vie modernes, ces portes offrent de grands avantages non seulement sur le plan esth\u00e9tique, mais aussi en termes de s\u00e9curit\u00e9 et de facilit\u00e9 d&rsquo;utilisation. Fabriqu\u00e9es \u00e0 partir de mat\u00e9riaux de haute qualit\u00e9, les portes laqu\u00e9es offrent des solutions id\u00e9ales pour tous les espaces et garantissent une longue dur\u00e9e de vie.<\/p>\n","protected":false},"excerpt":{"rendered":"<p>Le mod\u00e8le de porte int\u00e9rieure laqu\u00e9e est un choix id\u00e9al qui allie \u00e9l\u00e9gance et raffinement \u00e0 votre int\u00e9rieur. Se distinguant par leur design moderne et leurs mat\u00e9riaux de fabrication de qualit\u00e9, les mod\u00e8les de portes laqu\u00e9es s&rsquo;adaptent \u00e0 tous les styles de d\u00e9coration et apportent une valeur ajout\u00e9e \u00e0 votre int\u00e9rieur. La surface laqu\u00e9e de<\/p>\n","protected":false},"featured_media":7867,"template":"","meta":{"_bbp_topic_count":0,"_bbp_reply_count":0,"_bbp_total_topic_count":0,"_bbp_total_reply_count":0,"_bbp_voice_count":0,"_bbp_anonymous_reply_count":0,"_bbp_topic_count_hidden":0,"_bbp_reply_count_hidden":0,"_bbp_forum_subforum_count":0},"product_brand":[],"product_cat":[792],"product_tag":[],"class_list":{"0":"post-7866","1":"product","2":"type-product","3":"status-publish","4":"has-post-thumbnail","6":"product_cat-porte-laquee","8":"first","9":"instock","10":"shipping-taxable","11":"product-type-simple","12":"prodpage-classic"},"yoast_head":"<!-- This site is optimized with the Yoast SEO Premium plugin v26.6 (Yoast SEO v27.3) - https:\/\/yoast.com\/product\/yoast-seo-premium-wordpress\/ -->\n<title>Mod\u00e8le de porte int\u00e9rieure Lake - \u0130\u00e7 Oda Kap\u0131lar\u0131 - \u00c7elik kap\u0131 modelleri - apartman kap\u0131lar\u0131<\/title>\n<meta name=\"robots\" content=\"index, follow, max-snippet:-1, max-image-preview:large, max-video-preview:-1\" \/>\n<link rel=\"canonical\" href=\"https:\/\/www.kapi.ltd\/fr\/urun\/modele-de-porte-interieure-lake\/\" \/>\n<meta property=\"og:locale\" content=\"fr_FR\" \/>\n<meta property=\"og:type\" content=\"article\" \/>\n<meta property=\"og:title\" content=\"Mod\u00e8le de porte int\u00e9rieure Lake\" \/>\n<meta property=\"og:description\" content=\"Le mod\u00e8le de porte int\u00e9rieure laqu\u00e9e est un choix id\u00e9al qui allie \u00e9l\u00e9gance et raffinement \u00e0 votre int\u00e9rieur. Se distinguant par leur design moderne et leurs mat\u00e9riaux de fabrication de qualit\u00e9, les mod\u00e8les de portes laqu\u00e9es s&rsquo;adaptent \u00e0 tous les styles de d\u00e9coration et apportent une valeur ajout\u00e9e \u00e0 votre int\u00e9rieur. La surface laqu\u00e9e de\" \/>\n<meta property=\"og:url\" content=\"https:\/\/www.kapi.ltd\/fr\/urun\/modele-de-porte-interieure-lake\/\" \/>\n<meta property=\"og:site_name\" content=\"\u0130\u00e7 Oda Kap\u0131lar\u0131 - \u00c7elik kap\u0131 modelleri - apartman kap\u0131lar\u0131\" \/>\n<meta property=\"article:modified_time\" content=\"2026-03-03T14:11:19+00:00\" \/>\n<meta property=\"og:image\" content=\"https:\/\/www.kapi.ltd\/wp-content\/uploads\/2025\/10\/lake-ic-kapi-modeli-2.webp\" \/>\n\t<meta property=\"og:image:width\" content=\"650\" \/>\n\t<meta property=\"og:image:height\" content=\"975\" \/>\n\t<meta property=\"og:image:type\" content=\"image\/webp\" \/>\n<meta name=\"twitter:card\" content=\"summary_large_image\" \/>\n<meta name=\"twitter:label1\" content=\"Dur\u00e9e de lecture estim\u00e9e\" \/>\n\t<meta name=\"twitter:data1\" content=\"2 minutes\" \/>\n<script type=\"application\/ld+json\" class=\"yoast-schema-graph\">{\"@context\":\"https:\\\/\\\/schema.org\",\"@graph\":[{\"@type\":\"WebPage\",\"@id\":\"https:\\\/\\\/www.kapi.ltd\\\/fr\\\/urun\\\/modele-de-porte-interieure-lake\\\/\",\"url\":\"https:\\\/\\\/www.kapi.ltd\\\/fr\\\/urun\\\/modele-de-porte-interieure-lake\\\/\",\"name\":\"Mod\u00e8le de porte int\u00e9rieure Lake - \u0130\u00e7 Oda Kap\u0131lar\u0131 - \u00c7elik kap\u0131 modelleri - apartman kap\u0131lar\u0131\",\"isPartOf\":{\"@id\":\"https:\\\/\\\/www.kapi.ltd\\\/fr\\\/#website\"},\"primaryImageOfPage\":{\"@id\":\"https:\\\/\\\/www.kapi.ltd\\\/fr\\\/urun\\\/modele-de-porte-interieure-lake\\\/#primaryimage\"},\"image\":{\"@id\":\"https:\\\/\\\/www.kapi.ltd\\\/fr\\\/urun\\\/modele-de-porte-interieure-lake\\\/#primaryimage\"},\"thumbnailUrl\":\"https:\\\/\\\/www.kapi.ltd\\\/wp-content\\\/uploads\\\/2025\\\/10\\\/lake-ic-kapi-modeli-2.webp\",\"datePublished\":\"2025-10-07T16:47:53+00:00\",\"dateModified\":\"2026-03-03T14:11:19+00:00\",\"breadcrumb\":{\"@id\":\"https:\\\/\\\/www.kapi.ltd\\\/fr\\\/urun\\\/modele-de-porte-interieure-lake\\\/#breadcrumb\"},\"inLanguage\":\"fr-FR\",\"potentialAction\":[{\"@type\":\"ReadAction\",\"target\":[\"https:\\\/\\\/www.kapi.ltd\\\/fr\\\/urun\\\/modele-de-porte-interieure-lake\\\/\"]}]},{\"@type\":\"ImageObject\",\"inLanguage\":\"fr-FR\",\"@id\":\"https:\\\/\\\/www.kapi.ltd\\\/fr\\\/urun\\\/modele-de-porte-interieure-lake\\\/#primaryimage\",\"url\":\"https:\\\/\\\/www.kapi.ltd\\\/wp-content\\\/uploads\\\/2025\\\/10\\\/lake-ic-kapi-modeli-2.webp\",\"contentUrl\":\"https:\\\/\\\/www.kapi.ltd\\\/wp-content\\\/uploads\\\/2025\\\/10\\\/lake-ic-kapi-modeli-2.webp\",\"width\":650,\"height\":975,\"caption\":\"Lake \u0130\u00e7 Kap\u0131 Modeli\"},{\"@type\":\"BreadcrumbList\",\"@id\":\"https:\\\/\\\/www.kapi.ltd\\\/fr\\\/urun\\\/modele-de-porte-interieure-lake\\\/#breadcrumb\",\"itemListElement\":[{\"@type\":\"ListItem\",\"position\":1,\"name\":\"Anasayfa\",\"item\":\"https:\\\/\\\/www.kapi.ltd\\\/fr\\\/\"},{\"@type\":\"ListItem\",\"position\":2,\"name\":\"ic-kapi-celik-kapi-modelleri\",\"item\":\"https:\\\/\\\/www.kapi.ltd\\\/?page_id=4263\"},{\"@type\":\"ListItem\",\"position\":3,\"name\":\"Mod\u00e8le de porte int\u00e9rieure Lake\"}]},{\"@type\":\"WebSite\",\"@id\":\"https:\\\/\\\/www.kapi.ltd\\\/fr\\\/#website\",\"url\":\"https:\\\/\\\/www.kapi.ltd\\\/fr\\\/\",\"name\":\"\u0130\u00e7 Kap\u0131 Ve \u00c7elik Kap\u0131 Modelleri\",\"description\":\"T\u00fcrkiye Kap\u0131 Modelleri Merkezi\",\"potentialAction\":[{\"@type\":\"SearchAction\",\"target\":{\"@type\":\"EntryPoint\",\"urlTemplate\":\"https:\\\/\\\/www.kapi.ltd\\\/fr\\\/?s={search_term_string}\"},\"query-input\":{\"@type\":\"PropertyValueSpecification\",\"valueRequired\":true,\"valueName\":\"search_term_string\"}}],\"inLanguage\":\"fr-FR\"}]}<\/script>\n<!-- \/ Yoast SEO Premium plugin. -->","yoast_head_json":{"title":"Mod\u00e8le de porte int\u00e9rieure Lake - \u0130\u00e7 Oda Kap\u0131lar\u0131 - \u00c7elik kap\u0131 modelleri - apartman kap\u0131lar\u0131","robots":{"index":"index","follow":"follow","max-snippet":"max-snippet:-1","max-image-preview":"max-image-preview:large","max-video-preview":"max-video-preview:-1"},"canonical":"https:\/\/www.kapi.ltd\/fr\/urun\/modele-de-porte-interieure-lake\/","og_locale":"fr_FR","og_type":"article","og_title":"Mod\u00e8le de porte int\u00e9rieure Lake","og_description":"Le mod\u00e8le de porte int\u00e9rieure laqu\u00e9e est un choix id\u00e9al qui allie \u00e9l\u00e9gance et raffinement \u00e0 votre int\u00e9rieur. Se distinguant par leur design moderne et leurs mat\u00e9riaux de fabrication de qualit\u00e9, les mod\u00e8les de portes laqu\u00e9es s&rsquo;adaptent \u00e0 tous les styles de d\u00e9coration et apportent une valeur ajout\u00e9e \u00e0 votre int\u00e9rieur. La surface laqu\u00e9e de","og_url":"https:\/\/www.kapi.ltd\/fr\/urun\/modele-de-porte-interieure-lake\/","og_site_name":"\u0130\u00e7 Oda Kap\u0131lar\u0131 - \u00c7elik kap\u0131 modelleri - apartman kap\u0131lar\u0131","article_modified_time":"2026-03-03T14:11:19+00:00","og_image":[{"width":650,"height":975,"url":"https:\/\/www.kapi.ltd\/wp-content\/uploads\/2025\/10\/lake-ic-kapi-modeli-2.webp","type":"image\/webp"}],"twitter_card":"summary_large_image","twitter_misc":{"Dur\u00e9e de lecture estim\u00e9e":"2 minutes"},"schema":{"@context":"https:\/\/schema.org","@graph":[{"@type":"WebPage","@id":"https:\/\/www.kapi.ltd\/fr\/urun\/modele-de-porte-interieure-lake\/","url":"https:\/\/www.kapi.ltd\/fr\/urun\/modele-de-porte-interieure-lake\/","name":"Mod\u00e8le de porte int\u00e9rieure Lake - \u0130\u00e7 Oda Kap\u0131lar\u0131 - \u00c7elik kap\u0131 modelleri - apartman kap\u0131lar\u0131","isPartOf":{"@id":"https:\/\/www.kapi.ltd\/fr\/#website"},"primaryImageOfPage":{"@id":"https:\/\/www.kapi.ltd\/fr\/urun\/modele-de-porte-interieure-lake\/#primaryimage"},"image":{"@id":"https:\/\/www.kapi.ltd\/fr\/urun\/modele-de-porte-interieure-lake\/#primaryimage"},"thumbnailUrl":"https:\/\/www.kapi.ltd\/wp-content\/uploads\/2025\/10\/lake-ic-kapi-modeli-2.webp","datePublished":"2025-10-07T16:47:53+00:00","dateModified":"2026-03-03T14:11:19+00:00","breadcrumb":{"@id":"https:\/\/www.kapi.ltd\/fr\/urun\/modele-de-porte-interieure-lake\/#breadcrumb"},"inLanguage":"fr-FR","potentialAction":[{"@type":"ReadAction","target":["https:\/\/www.kapi.ltd\/fr\/urun\/modele-de-porte-interieure-lake\/"]}]},{"@type":"ImageObject","inLanguage":"fr-FR","@id":"https:\/\/www.kapi.ltd\/fr\/urun\/modele-de-porte-interieure-lake\/#primaryimage","url":"https:\/\/www.kapi.ltd\/wp-content\/uploads\/2025\/10\/lake-ic-kapi-modeli-2.webp","contentUrl":"https:\/\/www.kapi.ltd\/wp-content\/uploads\/2025\/10\/lake-ic-kapi-modeli-2.webp","width":650,"height":975,"caption":"Lake \u0130\u00e7 Kap\u0131 Modeli"},{"@type":"BreadcrumbList","@id":"https:\/\/www.kapi.ltd\/fr\/urun\/modele-de-porte-interieure-lake\/#breadcrumb","itemListElement":[{"@type":"ListItem","position":1,"name":"Anasayfa","item":"https:\/\/www.kapi.ltd\/fr\/"},{"@type":"ListItem","position":2,"name":"ic-kapi-celik-kapi-modelleri","item":"https:\/\/www.kapi.ltd\/?page_id=4263"},{"@type":"ListItem","position":3,"name":"Mod\u00e8le de porte int\u00e9rieure Lake"}]},{"@type":"WebSite","@id":"https:\/\/www.kapi.ltd\/fr\/#website","url":"https:\/\/www.kapi.ltd\/fr\/","name":"\u0130\u00e7 Kap\u0131 Ve \u00c7elik Kap\u0131 Modelleri","description":"T\u00fcrkiye Kap\u0131 Modelleri Merkezi","potentialAction":[{"@type":"SearchAction","target":{"@type":"EntryPoint","urlTemplate":"https:\/\/www.kapi.ltd\/fr\/?s={search_term_string}"},"query-input":{"@type":"PropertyValueSpecification","valueRequired":true,"valueName":"search_term_string"}}],"inLanguage":"fr-FR"}]}},"_links":{"self":[{"href":"https:\/\/www.kapi.ltd\/fr\/wp-json\/wp\/v2\/product\/7866","targetHints":{"allow":["GET"]}}],"collection":[{"href":"https:\/\/www.kapi.ltd\/fr\/wp-json\/wp\/v2\/product"}],"about":[{"href":"https:\/\/www.kapi.ltd\/fr\/wp-json\/wp\/v2\/types\/product"}],"version-history":[{"count":2,"href":"https:\/\/www.kapi.ltd\/fr\/wp-json\/wp\/v2\/product\/7866\/revisions"}],"predecessor-version":[{"id":9924,"href":"https:\/\/www.kapi.ltd\/fr\/wp-json\/wp\/v2\/product\/7866\/revisions\/9924"}],"wp:featuredmedia":[{"embeddable":true,"href":"https:\/\/www.kapi.ltd\/fr\/wp-json\/wp\/v2\/media\/7867"}],"wp:attachment":[{"href":"https:\/\/www.kapi.ltd\/fr\/wp-json\/wp\/v2\/media?parent=7866"}],"wp:term":[{"taxonomy":"product_brand","embeddable":true,"href":"https:\/\/www.kapi.ltd\/fr\/wp-json\/wp\/v2\/product_brand?post=7866"},{"taxonomy":"product_cat","embeddable":true,"href":"https:\/\/www.kapi.ltd\/fr\/wp-json\/wp\/v2\/product_cat?post=7866"},{"taxonomy":"product_tag","embeddable":true,"href":"https:\/\/www.kapi.ltd\/fr\/wp-json\/wp\/v2\/product_tag?post=7866"}],"curies":[{"name":"wp","href":"https:\/\/api.w.org\/{rel}","templated":true}]}}