{"id":7842,"date":"2025-10-07T17:11:35","date_gmt":"2025-10-07T17:11:35","guid":{"rendered":"https:\/\/www.kapi.ltd\/urun\/membran-kapi-modelleri-5\/"},"modified":"2025-12-15T18:33:35","modified_gmt":"2025-12-15T15:33:35","slug":"modeles-de-portes-a-membrane-5","status":"publish","type":"product","link":"https:\/\/www.kapi.ltd\/fr\/urun\/modeles-de-portes-a-membrane-5\/","title":{"rendered":"Mod\u00e8les de portes \u00e0 membrane"},"content":{"rendered":"","protected":false},"excerpt":{"rendered":"","protected":false},"featured_media":7843,"template":"","meta":{"_bbp_topic_count":0,"_bbp_reply_count":0,"_bbp_total_topic_count":0,"_bbp_total_reply_count":0,"_bbp_voice_count":0,"_bbp_anonymous_reply_count":0,"_bbp_topic_count_hidden":0,"_bbp_reply_count_hidden":0,"_bbp_forum_subforum_count":0},"product_brand":[],"product_cat":[792,931],"product_tag":[],"class_list":{"0":"post-7842","1":"product","2":"type-product","3":"status-publish","4":"has-post-thumbnail","6":"product_cat-porte-laquee","7":"product_cat-portes-interieures-de-luxe","9":"first","10":"instock","11":"shipping-taxable","12":"product-type-simple","13":"prodpage-classic"},"yoast_head":"<!-- This site is optimized with the Yoast SEO Premium plugin v26.6 (Yoast SEO v27.4) - https:\/\/yoast.com\/product\/yoast-seo-premium-wordpress\/ -->\n<title>Mod\u00e8les de portes \u00e0 membrane - \u0130\u00e7 Oda Kap\u0131lar\u0131 - \u00c7elik kap\u0131 modelleri - apartman kap\u0131lar\u0131<\/title>\n<meta name=\"robots\" content=\"index, follow, max-snippet:-1, max-image-preview:large, max-video-preview:-1\" \/>\n<link rel=\"canonical\" href=\"https:\/\/www.kapi.ltd\/fr\/urun\/modeles-de-portes-a-membrane-5\/\" \/>\n<meta property=\"og:locale\" content=\"fr_FR\" \/>\n<meta property=\"og:type\" content=\"article\" \/>\n<meta property=\"og:title\" content=\"Mod\u00e8les de portes \u00e0 membrane\" \/>\n<meta property=\"og:url\" content=\"https:\/\/www.kapi.ltd\/fr\/urun\/modeles-de-portes-a-membrane-5\/\" \/>\n<meta property=\"og:site_name\" content=\"\u0130\u00e7 Oda Kap\u0131lar\u0131 - \u00c7elik kap\u0131 modelleri - apartman kap\u0131lar\u0131\" \/>\n<meta property=\"article:modified_time\" content=\"2025-12-15T15:33:35+00:00\" \/>\n<meta property=\"og:image\" content=\"https:\/\/www.kapi.ltd\/wp-content\/uploads\/2025\/10\/membran-kapi-modelleri-13.webp\" \/>\n\t<meta property=\"og:image:width\" content=\"650\" \/>\n\t<meta property=\"og:image:height\" content=\"975\" \/>\n\t<meta property=\"og:image:type\" content=\"image\/webp\" \/>\n<meta name=\"twitter:card\" content=\"summary_large_image\" \/>\n<script type=\"application\/ld+json\" class=\"yoast-schema-graph\">{\"@context\":\"https:\\\/\\\/schema.org\",\"@graph\":[{\"@type\":\"WebPage\",\"@id\":\"https:\\\/\\\/www.kapi.ltd\\\/fr\\\/urun\\\/modeles-de-portes-a-membrane-5\\\/\",\"url\":\"https:\\\/\\\/www.kapi.ltd\\\/fr\\\/urun\\\/modeles-de-portes-a-membrane-5\\\/\",\"name\":\"Mod\u00e8les de portes \u00e0 membrane - \u0130\u00e7 Oda Kap\u0131lar\u0131 - \u00c7elik kap\u0131 modelleri - apartman kap\u0131lar\u0131\",\"isPartOf\":{\"@id\":\"https:\\\/\\\/www.kapi.ltd\\\/fr\\\/#website\"},\"primaryImageOfPage\":{\"@id\":\"https:\\\/\\\/www.kapi.ltd\\\/fr\\\/urun\\\/modeles-de-portes-a-membrane-5\\\/#primaryimage\"},\"image\":{\"@id\":\"https:\\\/\\\/www.kapi.ltd\\\/fr\\\/urun\\\/modeles-de-portes-a-membrane-5\\\/#primaryimage\"},\"thumbnailUrl\":\"https:\\\/\\\/www.kapi.ltd\\\/wp-content\\\/uploads\\\/2025\\\/10\\\/membran-kapi-modelleri-13.webp\",\"datePublished\":\"2025-10-07T17:11:35+00:00\",\"dateModified\":\"2025-12-15T15:33:35+00:00\",\"breadcrumb\":{\"@id\":\"https:\\\/\\\/www.kapi.ltd\\\/fr\\\/urun\\\/modeles-de-portes-a-membrane-5\\\/#breadcrumb\"},\"inLanguage\":\"fr-FR\",\"potentialAction\":[{\"@type\":\"ReadAction\",\"target\":[\"https:\\\/\\\/www.kapi.ltd\\\/fr\\\/urun\\\/modeles-de-portes-a-membrane-5\\\/\"]}]},{\"@type\":\"ImageObject\",\"inLanguage\":\"fr-FR\",\"@id\":\"https:\\\/\\\/www.kapi.ltd\\\/fr\\\/urun\\\/modeles-de-portes-a-membrane-5\\\/#primaryimage\",\"url\":\"https:\\\/\\\/www.kapi.ltd\\\/wp-content\\\/uploads\\\/2025\\\/10\\\/membran-kapi-modelleri-13.webp\",\"contentUrl\":\"https:\\\/\\\/www.kapi.ltd\\\/wp-content\\\/uploads\\\/2025\\\/10\\\/membran-kapi-modelleri-13.webp\",\"width\":650,\"height\":975,\"caption\":\"membran kap\u0131 modelleri\"},{\"@type\":\"BreadcrumbList\",\"@id\":\"https:\\\/\\\/www.kapi.ltd\\\/fr\\\/urun\\\/modeles-de-portes-a-membrane-5\\\/#breadcrumb\",\"itemListElement\":[{\"@type\":\"ListItem\",\"position\":1,\"name\":\"Anasayfa\",\"item\":\"https:\\\/\\\/www.kapi.ltd\\\/fr\\\/\"},{\"@type\":\"ListItem\",\"position\":2,\"name\":\"ic-kapi-celik-kapi-modelleri\",\"item\":\"https:\\\/\\\/www.kapi.ltd\\\/?page_id=4263\"},{\"@type\":\"ListItem\",\"position\":3,\"name\":\"Mod\u00e8les de portes \u00e0 membrane\"}]},{\"@type\":\"WebSite\",\"@id\":\"https:\\\/\\\/www.kapi.ltd\\\/fr\\\/#website\",\"url\":\"https:\\\/\\\/www.kapi.ltd\\\/fr\\\/\",\"name\":\"\u0130\u00e7 Kap\u0131 Ve \u00c7elik Kap\u0131 Modelleri\",\"description\":\"T\u00fcrkiye Kap\u0131 Modelleri Merkezi\",\"potentialAction\":[{\"@type\":\"SearchAction\",\"target\":{\"@type\":\"EntryPoint\",\"urlTemplate\":\"https:\\\/\\\/www.kapi.ltd\\\/fr\\\/?s={search_term_string}\"},\"query-input\":{\"@type\":\"PropertyValueSpecification\",\"valueRequired\":true,\"valueName\":\"search_term_string\"}}],\"inLanguage\":\"fr-FR\"}]}<\/script>\n<!-- \/ Yoast SEO Premium plugin. -->","yoast_head_json":{"title":"Mod\u00e8les de portes \u00e0 membrane - \u0130\u00e7 Oda Kap\u0131lar\u0131 - \u00c7elik kap\u0131 modelleri - apartman kap\u0131lar\u0131","robots":{"index":"index","follow":"follow","max-snippet":"max-snippet:-1","max-image-preview":"max-image-preview:large","max-video-preview":"max-video-preview:-1"},"canonical":"https:\/\/www.kapi.ltd\/fr\/urun\/modeles-de-portes-a-membrane-5\/","og_locale":"fr_FR","og_type":"article","og_title":"Mod\u00e8les de portes \u00e0 membrane","og_url":"https:\/\/www.kapi.ltd\/fr\/urun\/modeles-de-portes-a-membrane-5\/","og_site_name":"\u0130\u00e7 Oda Kap\u0131lar\u0131 - \u00c7elik kap\u0131 modelleri - apartman kap\u0131lar\u0131","article_modified_time":"2025-12-15T15:33:35+00:00","og_image":[{"width":650,"height":975,"url":"https:\/\/www.kapi.ltd\/wp-content\/uploads\/2025\/10\/membran-kapi-modelleri-13.webp","type":"image\/webp"}],"twitter_card":"summary_large_image","schema":{"@context":"https:\/\/schema.org","@graph":[{"@type":"WebPage","@id":"https:\/\/www.kapi.ltd\/fr\/urun\/modeles-de-portes-a-membrane-5\/","url":"https:\/\/www.kapi.ltd\/fr\/urun\/modeles-de-portes-a-membrane-5\/","name":"Mod\u00e8les de portes \u00e0 membrane - \u0130\u00e7 Oda Kap\u0131lar\u0131 - \u00c7elik kap\u0131 modelleri - apartman kap\u0131lar\u0131","isPartOf":{"@id":"https:\/\/www.kapi.ltd\/fr\/#website"},"primaryImageOfPage":{"@id":"https:\/\/www.kapi.ltd\/fr\/urun\/modeles-de-portes-a-membrane-5\/#primaryimage"},"image":{"@id":"https:\/\/www.kapi.ltd\/fr\/urun\/modeles-de-portes-a-membrane-5\/#primaryimage"},"thumbnailUrl":"https:\/\/www.kapi.ltd\/wp-content\/uploads\/2025\/10\/membran-kapi-modelleri-13.webp","datePublished":"2025-10-07T17:11:35+00:00","dateModified":"2025-12-15T15:33:35+00:00","breadcrumb":{"@id":"https:\/\/www.kapi.ltd\/fr\/urun\/modeles-de-portes-a-membrane-5\/#breadcrumb"},"inLanguage":"fr-FR","potentialAction":[{"@type":"ReadAction","target":["https:\/\/www.kapi.ltd\/fr\/urun\/modeles-de-portes-a-membrane-5\/"]}]},{"@type":"ImageObject","inLanguage":"fr-FR","@id":"https:\/\/www.kapi.ltd\/fr\/urun\/modeles-de-portes-a-membrane-5\/#primaryimage","url":"https:\/\/www.kapi.ltd\/wp-content\/uploads\/2025\/10\/membran-kapi-modelleri-13.webp","contentUrl":"https:\/\/www.kapi.ltd\/wp-content\/uploads\/2025\/10\/membran-kapi-modelleri-13.webp","width":650,"height":975,"caption":"membran kap\u0131 modelleri"},{"@type":"BreadcrumbList","@id":"https:\/\/www.kapi.ltd\/fr\/urun\/modeles-de-portes-a-membrane-5\/#breadcrumb","itemListElement":[{"@type":"ListItem","position":1,"name":"Anasayfa","item":"https:\/\/www.kapi.ltd\/fr\/"},{"@type":"ListItem","position":2,"name":"ic-kapi-celik-kapi-modelleri","item":"https:\/\/www.kapi.ltd\/?page_id=4263"},{"@type":"ListItem","position":3,"name":"Mod\u00e8les de portes \u00e0 membrane"}]},{"@type":"WebSite","@id":"https:\/\/www.kapi.ltd\/fr\/#website","url":"https:\/\/www.kapi.ltd\/fr\/","name":"\u0130\u00e7 Kap\u0131 Ve \u00c7elik Kap\u0131 Modelleri","description":"T\u00fcrkiye Kap\u0131 Modelleri Merkezi","potentialAction":[{"@type":"SearchAction","target":{"@type":"EntryPoint","urlTemplate":"https:\/\/www.kapi.ltd\/fr\/?s={search_term_string}"},"query-input":{"@type":"PropertyValueSpecification","valueRequired":true,"valueName":"search_term_string"}}],"inLanguage":"fr-FR"}]}},"_links":{"self":[{"href":"https:\/\/www.kapi.ltd\/fr\/wp-json\/wp\/v2\/product\/7842","targetHints":{"allow":["GET"]}}],"collection":[{"href":"https:\/\/www.kapi.ltd\/fr\/wp-json\/wp\/v2\/product"}],"about":[{"href":"https:\/\/www.kapi.ltd\/fr\/wp-json\/wp\/v2\/types\/product"}],"version-history":[{"count":1,"href":"https:\/\/www.kapi.ltd\/fr\/wp-json\/wp\/v2\/product\/7842\/revisions"}],"predecessor-version":[{"id":8327,"href":"https:\/\/www.kapi.ltd\/fr\/wp-json\/wp\/v2\/product\/7842\/revisions\/8327"}],"wp:featuredmedia":[{"embeddable":true,"href":"https:\/\/www.kapi.ltd\/fr\/wp-json\/wp\/v2\/media\/7843"}],"wp:attachment":[{"href":"https:\/\/www.kapi.ltd\/fr\/wp-json\/wp\/v2\/media?parent=7842"}],"wp:term":[{"taxonomy":"product_brand","embeddable":true,"href":"https:\/\/www.kapi.ltd\/fr\/wp-json\/wp\/v2\/product_brand?post=7842"},{"taxonomy":"product_cat","embeddable":true,"href":"https:\/\/www.kapi.ltd\/fr\/wp-json\/wp\/v2\/product_cat?post=7842"},{"taxonomy":"product_tag","embeddable":true,"href":"https:\/\/www.kapi.ltd\/fr\/wp-json\/wp\/v2\/product_tag?post=7842"}],"curies":[{"name":"wp","href":"https:\/\/api.w.org\/{rel}","templated":true}]}}