{"id":7712,"date":"2025-11-28T21:07:11","date_gmt":"2025-11-28T18:07:11","guid":{"rendered":"https:\/\/www.kapi.ltd\/urun\/kompozit-giris-kapisi\/"},"modified":"2026-03-03T11:40:20","modified_gmt":"2026-03-03T08:40:20","slug":"porte-dentree-composite","status":"publish","type":"product","link":"https:\/\/www.kapi.ltd\/fr\/urun\/porte-dentree-composite\/","title":{"rendered":"Porte d&rsquo;entr\u00e9e composite"},"content":{"rendered":"<p><strong>Porte d&rsquo;entr\u00e9e composite : une option de porte ext\u00e9rieure durable et esth\u00e9tique<\/strong><\/p>\n<p>Les portes ext\u00e9rieures sont essentielles \u00e0 la s\u00e9curit\u00e9 et \u00e0 l&rsquo;esth\u00e9tique de nos maisons. Cependant, avec le temps, les intemp\u00e9ries, notamment le soleil, l&rsquo;humidit\u00e9 et les fortes pluies, peuvent alt\u00e9rer leur aspect. C&rsquo;est l\u00e0 que les portes composites entrent en jeu. <strong>Les portes d&rsquo;entr\u00e9e <\/strong>, <strong>les portes ext\u00e9rieures <\/strong>et <strong>les portes de fa\u00e7ade en composite <\/strong>, gr\u00e2ce \u00e0 leur durabilit\u00e9 et leur esth\u00e9tique, peuvent conserver leur aspect impeccable pendant de nombreuses ann\u00e9es. Alors, pourquoi choisir des portes composites\u00a0? Examinons cette question ensemble.<\/p>\n<p><strong>Qu&rsquo;est-ce qu&rsquo;une porte composite\u00a0?<\/strong><\/p>\n<p><strong>Les portes composites <\/strong>sont fabriqu\u00e9es \u00e0 partir d&rsquo;une combinaison de mat\u00e9riaux de haute qualit\u00e9. Leur structure, compos\u00e9e de diff\u00e9rents mat\u00e9riaux, leur conf\u00e8re une grande durabilit\u00e9, une l\u00e9g\u00e8ret\u00e9 accrue et un aspect esth\u00e9tique agr\u00e9able. Ces portes utilisent g\u00e9n\u00e9ralement des mat\u00e9riaux tels que le bois, le PVC, la fibre de verre et les polym\u00e8res. Leur construction robuste et leur grande durabilit\u00e9 en font un excellent choix pour les espaces ext\u00e9rieurs.<\/p>\n<p><strong>R\u00e9sistance au soleil des portes composites<\/strong><\/p>\n<p>L&rsquo;un des principaux avantages des portes composites <strong>r\u00e9side dans leur r\u00e9sistance aux rayons du soleil <\/strong>. Ces rayons ultraviolets (UV) nocifs peuvent d\u00e9colorer les portes et user le mat\u00e9riau au fil du temps. Cependant, gr\u00e2ce \u00e0 leur rev\u00eatement de surface sp\u00e9cial, les portes composites sont extr\u00eamement r\u00e9sistantes \u00e0 ces agressions ext\u00e9rieures. Elles conservent ainsi leur aspect esth\u00e9tique pendant de nombreuses ann\u00e9es , \u00e0 l&rsquo;abri des rayons du soleil. De plus <strong>, les portes composites <\/strong>r\u00e9sistent aux variations de temp\u00e9rature et ne se d\u00e9forment pas avec le temps.<\/p>\n<p><strong>Haute r\u00e9sistance \u00e0 l&rsquo;humidit\u00e9 et \u00e0 la pluie<\/strong><\/p>\n<p>ext\u00e9rieures , surtout celles install\u00e9es dans les r\u00e9gions humides et pluvieuses, ont souvent tendance \u00e0 gonfler, se d\u00e9former ou pourrir avec le temps. Les portes composites, <strong>insensibles \u00e0 l&rsquo;humidit\u00e9 et aux fortes pluies, <\/strong>r\u00e9sistent parfaitement \u00e0 ces conditions climatiques difficiles. Leur imperm\u00e9abilit\u00e9 garantit leur long\u00e9vit\u00e9 . Contrairement aux portes en bois, les portes composites ne subissent ni gonflement, ni fissures, ni d\u00e9formations. Elles constituent donc un excellent choix pour les r\u00e9gions \u00e0 forte humidit\u00e9.<\/p>\n<p><strong>Apparence durable et esth\u00e9tique<\/strong><\/p>\n<p>Les portes composites sont non seulement durables, mais aussi <strong>esth\u00e9tiques et modernes <\/strong>. Disponibles dans une vari\u00e9t\u00e9 de couleurs et de motifs, elles s&rsquo;adaptent \u00e0 tous les go\u00fbts et s&rsquo;harmonisent avec tous les styles architecturaux. Elles assurent la s\u00e9curit\u00e9 des espaces ext\u00e9rieurs et constituent un excellent choix pour embellir la fa\u00e7ade d&rsquo;une maison. Les portes <strong>d&rsquo;entr\u00e9e composites <\/strong>offrent aux propri\u00e9taires des solutions durables et esth\u00e9tiques.<\/p>\n<p><strong>Avantages des portes composites<\/strong><\/p>\n<ol>\n<li><strong>Durabilit\u00e9 \u00e0 long terme<\/strong>\u00a0: Les portes en acier composite r\u00e9sistent aux intemp\u00e9ries telles que le soleil, l\u2019humidit\u00e9 et la pluie. Leur couleur reste inchang\u00e9e au fil du temps.<\/li>\n<li><strong>Peu d&rsquo;entretien <\/strong>: Les portes composites n\u00e9cessitent beaucoup moins d&rsquo;entretien que les mat\u00e9riaux comme le bois, ce qui minimise les co\u00fbts d&rsquo;entretien et de r\u00e9paration p\u00e9riodiques.<\/li>\n<li><strong>Aspect esth\u00e9tique <\/strong>: Gr\u00e2ce \u00e0 ses diff\u00e9rents mod\u00e8les et coloris, il apporte une touche d&rsquo;\u00e9l\u00e9gance \u00e0 votre int\u00e9rieur.<\/li>\n<li><strong>\u00c9cologiques <\/strong>: Les portes composites sont fabriqu\u00e9es \u00e0 partir de mat\u00e9riaux qui n&rsquo;ont pas d&rsquo;effets nocifs sur l&rsquo;environnement.<\/li>\n<li><strong>Haute s\u00e9curit\u00e9 <\/strong>: Les portes en acier composite offrent une s\u00e9curit\u00e9 accrue contre les cambrioleurs gr\u00e2ce \u00e0 leur structure robuste.<\/li>\n<\/ol>\n<p><strong>Prix des portes composites<\/strong><\/p>\n<p>Le prix des portes composites varie selon la qualit\u00e9 des mat\u00e9riaux utilis\u00e9s, leur conception et leurs dimensions. Cependant, leur durabilit\u00e9 et leur faible entretien en font une option \u00e9conomique. Le rapport qualit\u00e9-prix des <strong>portes ext\u00e9rieures en acier composite <\/strong>et <strong>des portes d&rsquo;entr\u00e9e composites <\/strong>est nettement sup\u00e9rieur \u00e0 celui des portes traditionnelles.<\/p>\n<p><strong>Conclusion<\/strong><\/p>\n<p><strong>Les portes composites <\/strong>repr\u00e9sentent une option moderne pour les propri\u00e9taires, alliant s\u00e9curit\u00e9, esth\u00e9tique et durabilit\u00e9 . R\u00e9sistantes aux effets n\u00e9fastes du soleil, de l&rsquo;humidit\u00e9 et des fortes pluies, les portes <strong>d&rsquo;entr\u00e9e <\/strong>, <strong>qu&rsquo;elles soient ext\u00e9rieures <\/strong>ou <strong>de fa\u00e7ade <\/strong>, sont con\u00e7ues pour durer. Leur esth\u00e9tique embellit \u00e9galement l&rsquo;ext\u00e9rieur de votre maison. Si vous recherchez une porte ext\u00e9rieure durable, facile d&rsquo;entretien, \u00e9l\u00e9gante et s\u00e9curis\u00e9e, les portes composites sont peut-\u00eatre la solution id\u00e9ale.<\/p>\n","protected":false},"excerpt":{"rendered":"<p>Porte d&rsquo;entr\u00e9e composite : une option de porte ext\u00e9rieure durable et esth\u00e9tique Les portes ext\u00e9rieures sont essentielles \u00e0 la s\u00e9curit\u00e9 et \u00e0 l&rsquo;esth\u00e9tique de nos maisons. Cependant, avec le temps, les intemp\u00e9ries, notamment le soleil, l&rsquo;humidit\u00e9 et les fortes pluies, peuvent alt\u00e9rer leur aspect. C&rsquo;est l\u00e0 que les portes composites entrent en jeu. Les portes<\/p>\n","protected":false},"featured_media":7713,"template":"","meta":{"_bbp_topic_count":0,"_bbp_reply_count":0,"_bbp_total_topic_count":0,"_bbp_total_reply_count":0,"_bbp_voice_count":0,"_bbp_anonymous_reply_count":0,"_bbp_topic_count_hidden":0,"_bbp_reply_count_hidden":0,"_bbp_forum_subforum_count":0},"product_brand":[],"product_cat":[1053],"product_tag":[1072],"class_list":{"0":"post-7712","1":"product","2":"type-product","3":"status-publish","4":"has-post-thumbnail","6":"product_cat-porte-composite","7":"product_tag-kompozit-giris-kapilari","9":"first","10":"instock","11":"shipping-taxable","12":"product-type-simple","13":"prodpage-classic"},"yoast_head":"<!-- This site is optimized with the Yoast SEO Premium plugin v26.6 (Yoast SEO v27.5) - https:\/\/yoast.com\/product\/yoast-seo-premium-wordpress\/ -->\n<title>Porte en acier noir - Porte en acier et verre- Porte ext\u00e9rieure en acier avec vitrage<\/title>\n<meta name=\"description\" content=\"Renforcez la s\u00e9curit\u00e9 de l&#039;entr\u00e9e de votre immeuble avec des portes en acier noir, des portes vitr\u00e9es en acier et des portes ext\u00e9rieures vitr\u00e9es en acier. Des solutions id\u00e9ales dot\u00e9es de fonctionnalit\u00e9s de s\u00e9curit\u00e9 modernes.\" \/>\n<meta name=\"robots\" content=\"index, follow, max-snippet:-1, max-image-preview:large, max-video-preview:-1\" \/>\n<link rel=\"canonical\" href=\"https:\/\/www.kapi.ltd\/fr\/urun\/porte-dentree-composite\/\" \/>\n<meta property=\"og:locale\" content=\"fr_FR\" \/>\n<meta property=\"og:type\" content=\"article\" \/>\n<meta property=\"og:title\" content=\"Porte d&#039;entr\u00e9e composite\" \/>\n<meta property=\"og:description\" content=\"Renforcez la s\u00e9curit\u00e9 de l&#039;entr\u00e9e de votre immeuble avec des portes en acier noir, des portes vitr\u00e9es en acier et des portes ext\u00e9rieures vitr\u00e9es en acier. Des solutions id\u00e9ales dot\u00e9es de fonctionnalit\u00e9s de s\u00e9curit\u00e9 modernes.\" \/>\n<meta property=\"og:url\" content=\"https:\/\/www.kapi.ltd\/fr\/urun\/porte-dentree-composite\/\" \/>\n<meta property=\"og:site_name\" content=\"\u0130\u00e7 Oda Kap\u0131lar\u0131 - \u00c7elik kap\u0131 modelleri - apartman kap\u0131lar\u0131\" \/>\n<meta property=\"article:modified_time\" content=\"2026-03-03T08:40:20+00:00\" \/>\n<meta property=\"og:image\" content=\"https:\/\/www.kapi.ltd\/wp-content\/uploads\/2025\/11\/kompozit-giris-kapisi.webp\" \/>\n\t<meta property=\"og:image:width\" content=\"650\" \/>\n\t<meta property=\"og:image:height\" content=\"975\" \/>\n\t<meta property=\"og:image:type\" content=\"image\/webp\" \/>\n<meta name=\"twitter:card\" content=\"summary_large_image\" \/>\n<meta name=\"twitter:label1\" content=\"Dur\u00e9e de lecture estim\u00e9e\" \/>\n\t<meta name=\"twitter:data1\" content=\"5 minutes\" \/>\n<script type=\"application\/ld+json\" class=\"yoast-schema-graph\">{\"@context\":\"https:\\\/\\\/schema.org\",\"@graph\":[{\"@type\":\"WebPage\",\"@id\":\"https:\\\/\\\/www.kapi.ltd\\\/fr\\\/urun\\\/porte-dentree-composite\\\/\",\"url\":\"https:\\\/\\\/www.kapi.ltd\\\/fr\\\/urun\\\/porte-dentree-composite\\\/\",\"name\":\"Porte en acier noir - Porte en acier et verre- Porte ext\u00e9rieure en acier avec vitrage\",\"isPartOf\":{\"@id\":\"https:\\\/\\\/www.kapi.ltd\\\/fr\\\/#website\"},\"primaryImageOfPage\":{\"@id\":\"https:\\\/\\\/www.kapi.ltd\\\/fr\\\/urun\\\/porte-dentree-composite\\\/#primaryimage\"},\"image\":{\"@id\":\"https:\\\/\\\/www.kapi.ltd\\\/fr\\\/urun\\\/porte-dentree-composite\\\/#primaryimage\"},\"thumbnailUrl\":\"https:\\\/\\\/www.kapi.ltd\\\/wp-content\\\/uploads\\\/2025\\\/11\\\/kompozit-giris-kapisi.webp\",\"datePublished\":\"2025-11-28T18:07:11+00:00\",\"dateModified\":\"2026-03-03T08:40:20+00:00\",\"description\":\"Renforcez la s\u00e9curit\u00e9 de l'entr\u00e9e de votre immeuble avec des portes en acier noir, des portes vitr\u00e9es en acier et des portes ext\u00e9rieures vitr\u00e9es en acier. Des solutions id\u00e9ales dot\u00e9es de fonctionnalit\u00e9s de s\u00e9curit\u00e9 modernes.\",\"breadcrumb\":{\"@id\":\"https:\\\/\\\/www.kapi.ltd\\\/fr\\\/urun\\\/porte-dentree-composite\\\/#breadcrumb\"},\"inLanguage\":\"fr-FR\",\"potentialAction\":[{\"@type\":\"ReadAction\",\"target\":[\"https:\\\/\\\/www.kapi.ltd\\\/fr\\\/urun\\\/porte-dentree-composite\\\/\"]}]},{\"@type\":\"ImageObject\",\"inLanguage\":\"fr-FR\",\"@id\":\"https:\\\/\\\/www.kapi.ltd\\\/fr\\\/urun\\\/porte-dentree-composite\\\/#primaryimage\",\"url\":\"https:\\\/\\\/www.kapi.ltd\\\/wp-content\\\/uploads\\\/2025\\\/11\\\/kompozit-giris-kapisi.webp\",\"contentUrl\":\"https:\\\/\\\/www.kapi.ltd\\\/wp-content\\\/uploads\\\/2025\\\/11\\\/kompozit-giris-kapisi.webp\",\"width\":650,\"height\":975,\"caption\":\"kompozit giri\u015f kap\u0131lar\u0131\"},{\"@type\":\"BreadcrumbList\",\"@id\":\"https:\\\/\\\/www.kapi.ltd\\\/fr\\\/urun\\\/porte-dentree-composite\\\/#breadcrumb\",\"itemListElement\":[{\"@type\":\"ListItem\",\"position\":1,\"name\":\"Anasayfa\",\"item\":\"https:\\\/\\\/www.kapi.ltd\\\/fr\\\/\"},{\"@type\":\"ListItem\",\"position\":2,\"name\":\"ic-kapi-celik-kapi-modelleri\",\"item\":\"https:\\\/\\\/www.kapi.ltd\\\/?page_id=4263\"},{\"@type\":\"ListItem\",\"position\":3,\"name\":\"Porte d&#8217;entr\u00e9e composite\"}]},{\"@type\":\"WebSite\",\"@id\":\"https:\\\/\\\/www.kapi.ltd\\\/fr\\\/#website\",\"url\":\"https:\\\/\\\/www.kapi.ltd\\\/fr\\\/\",\"name\":\"\u0130\u00e7 Kap\u0131 Ve \u00c7elik Kap\u0131 Modelleri\",\"description\":\"T\u00fcrkiye Kap\u0131 Modelleri Merkezi\",\"potentialAction\":[{\"@type\":\"SearchAction\",\"target\":{\"@type\":\"EntryPoint\",\"urlTemplate\":\"https:\\\/\\\/www.kapi.ltd\\\/fr\\\/?s={search_term_string}\"},\"query-input\":{\"@type\":\"PropertyValueSpecification\",\"valueRequired\":true,\"valueName\":\"search_term_string\"}}],\"inLanguage\":\"fr-FR\"}]}<\/script>\n<!-- \/ Yoast SEO Premium plugin. -->","yoast_head_json":{"title":"Porte en acier noir - Porte en acier et verre- Porte ext\u00e9rieure en acier avec vitrage","description":"Renforcez la s\u00e9curit\u00e9 de l'entr\u00e9e de votre immeuble avec des portes en acier noir, des portes vitr\u00e9es en acier et des portes ext\u00e9rieures vitr\u00e9es en acier. Des solutions id\u00e9ales dot\u00e9es de fonctionnalit\u00e9s de s\u00e9curit\u00e9 modernes.","robots":{"index":"index","follow":"follow","max-snippet":"max-snippet:-1","max-image-preview":"max-image-preview:large","max-video-preview":"max-video-preview:-1"},"canonical":"https:\/\/www.kapi.ltd\/fr\/urun\/porte-dentree-composite\/","og_locale":"fr_FR","og_type":"article","og_title":"Porte d'entr\u00e9e composite","og_description":"Renforcez la s\u00e9curit\u00e9 de l'entr\u00e9e de votre immeuble avec des portes en acier noir, des portes vitr\u00e9es en acier et des portes ext\u00e9rieures vitr\u00e9es en acier. Des solutions id\u00e9ales dot\u00e9es de fonctionnalit\u00e9s de s\u00e9curit\u00e9 modernes.","og_url":"https:\/\/www.kapi.ltd\/fr\/urun\/porte-dentree-composite\/","og_site_name":"\u0130\u00e7 Oda Kap\u0131lar\u0131 - \u00c7elik kap\u0131 modelleri - apartman kap\u0131lar\u0131","article_modified_time":"2026-03-03T08:40:20+00:00","og_image":[{"width":650,"height":975,"url":"https:\/\/www.kapi.ltd\/wp-content\/uploads\/2025\/11\/kompozit-giris-kapisi.webp","type":"image\/webp"}],"twitter_card":"summary_large_image","twitter_misc":{"Dur\u00e9e de lecture estim\u00e9e":"5 minutes"},"schema":{"@context":"https:\/\/schema.org","@graph":[{"@type":"WebPage","@id":"https:\/\/www.kapi.ltd\/fr\/urun\/porte-dentree-composite\/","url":"https:\/\/www.kapi.ltd\/fr\/urun\/porte-dentree-composite\/","name":"Porte en acier noir - Porte en acier et verre- Porte ext\u00e9rieure en acier avec vitrage","isPartOf":{"@id":"https:\/\/www.kapi.ltd\/fr\/#website"},"primaryImageOfPage":{"@id":"https:\/\/www.kapi.ltd\/fr\/urun\/porte-dentree-composite\/#primaryimage"},"image":{"@id":"https:\/\/www.kapi.ltd\/fr\/urun\/porte-dentree-composite\/#primaryimage"},"thumbnailUrl":"https:\/\/www.kapi.ltd\/wp-content\/uploads\/2025\/11\/kompozit-giris-kapisi.webp","datePublished":"2025-11-28T18:07:11+00:00","dateModified":"2026-03-03T08:40:20+00:00","description":"Renforcez la s\u00e9curit\u00e9 de l'entr\u00e9e de votre immeuble avec des portes en acier noir, des portes vitr\u00e9es en acier et des portes ext\u00e9rieures vitr\u00e9es en acier. Des solutions id\u00e9ales dot\u00e9es de fonctionnalit\u00e9s de s\u00e9curit\u00e9 modernes.","breadcrumb":{"@id":"https:\/\/www.kapi.ltd\/fr\/urun\/porte-dentree-composite\/#breadcrumb"},"inLanguage":"fr-FR","potentialAction":[{"@type":"ReadAction","target":["https:\/\/www.kapi.ltd\/fr\/urun\/porte-dentree-composite\/"]}]},{"@type":"ImageObject","inLanguage":"fr-FR","@id":"https:\/\/www.kapi.ltd\/fr\/urun\/porte-dentree-composite\/#primaryimage","url":"https:\/\/www.kapi.ltd\/wp-content\/uploads\/2025\/11\/kompozit-giris-kapisi.webp","contentUrl":"https:\/\/www.kapi.ltd\/wp-content\/uploads\/2025\/11\/kompozit-giris-kapisi.webp","width":650,"height":975,"caption":"kompozit giri\u015f kap\u0131lar\u0131"},{"@type":"BreadcrumbList","@id":"https:\/\/www.kapi.ltd\/fr\/urun\/porte-dentree-composite\/#breadcrumb","itemListElement":[{"@type":"ListItem","position":1,"name":"Anasayfa","item":"https:\/\/www.kapi.ltd\/fr\/"},{"@type":"ListItem","position":2,"name":"ic-kapi-celik-kapi-modelleri","item":"https:\/\/www.kapi.ltd\/?page_id=4263"},{"@type":"ListItem","position":3,"name":"Porte d&#8217;entr\u00e9e composite"}]},{"@type":"WebSite","@id":"https:\/\/www.kapi.ltd\/fr\/#website","url":"https:\/\/www.kapi.ltd\/fr\/","name":"\u0130\u00e7 Kap\u0131 Ve \u00c7elik Kap\u0131 Modelleri","description":"T\u00fcrkiye Kap\u0131 Modelleri Merkezi","potentialAction":[{"@type":"SearchAction","target":{"@type":"EntryPoint","urlTemplate":"https:\/\/www.kapi.ltd\/fr\/?s={search_term_string}"},"query-input":{"@type":"PropertyValueSpecification","valueRequired":true,"valueName":"search_term_string"}}],"inLanguage":"fr-FR"}]}},"_links":{"self":[{"href":"https:\/\/www.kapi.ltd\/fr\/wp-json\/wp\/v2\/product\/7712","targetHints":{"allow":["GET"]}}],"collection":[{"href":"https:\/\/www.kapi.ltd\/fr\/wp-json\/wp\/v2\/product"}],"about":[{"href":"https:\/\/www.kapi.ltd\/fr\/wp-json\/wp\/v2\/types\/product"}],"version-history":[{"count":2,"href":"https:\/\/www.kapi.ltd\/fr\/wp-json\/wp\/v2\/product\/7712\/revisions"}],"predecessor-version":[{"id":7785,"href":"https:\/\/www.kapi.ltd\/fr\/wp-json\/wp\/v2\/product\/7712\/revisions\/7785"}],"wp:featuredmedia":[{"embeddable":true,"href":"https:\/\/www.kapi.ltd\/fr\/wp-json\/wp\/v2\/media\/7713"}],"wp:attachment":[{"href":"https:\/\/www.kapi.ltd\/fr\/wp-json\/wp\/v2\/media?parent=7712"}],"wp:term":[{"taxonomy":"product_brand","embeddable":true,"href":"https:\/\/www.kapi.ltd\/fr\/wp-json\/wp\/v2\/product_brand?post=7712"},{"taxonomy":"product_cat","embeddable":true,"href":"https:\/\/www.kapi.ltd\/fr\/wp-json\/wp\/v2\/product_cat?post=7712"},{"taxonomy":"product_tag","embeddable":true,"href":"https:\/\/www.kapi.ltd\/fr\/wp-json\/wp\/v2\/product_tag?post=7712"}],"curies":[{"name":"wp","href":"https:\/\/api.w.org\/{rel}","templated":true}]}}