{"id":7662,"date":"2025-11-28T01:11:29","date_gmt":"2025-11-27T22:11:29","guid":{"rendered":"https:\/\/www.kapi.ltd\/?post_type=product&#038;p=7662"},"modified":"2026-03-03T11:40:35","modified_gmt":"2026-03-03T08:40:35","slug":"porte-coupe-feu-4","status":"publish","type":"product","link":"https:\/\/www.kapi.ltd\/fr\/urun\/porte-coupe-feu-4\/","title":{"rendered":"porte coupe-feu"},"content":{"rendered":"<h2><strong>Sortie de secours Portes : un \u00e9l\u00e9ment indispensable de la s\u00e9curit\u00e9 B\u00e2timents<\/strong><\/h2>\n<p>Sortie de secours portes sont l&rsquo; un des la plupart critique s\u00e9curit\u00e9 \u00e9l\u00e9ments d&rsquo;un b\u00e2timent , assurant le s\u00fbr \u00e9vacuation des occupants dans le En cas d&rsquo;incendie. Barre de pouss\u00e9e pour porte coupe-feu vitr\u00e9e . sont fabriqu\u00e9 depuis r\u00e9sistant aux hautes temp\u00e9ratures mat\u00e9riels et gagner du temps en pr\u00e9vention le feu de diffusion \u00e0 autre zones . Une zone correctement porte coupe-feu con\u00e7ue de mani\u00e8re significative augmentations le b\u00e2timent s\u00e9curit\u00e9 . Fabriqu\u00e9 conform\u00e9ment aux normes avec les r\u00e9glementations en mati\u00e8re d&rsquo;incendie , ces portes de mani\u00e8re significative contribuer \u00e0 le \u00e9vacuation des occupants par pr\u00e9vention le passage de fum\u00e9e et flammes dans le en cas d&rsquo; urgence .<\/p>\n<p>portes coupe-feu inclure <strong>portes coupe- feu \u00e0 double vantail <\/strong>, <strong>Sortie de secours vitr\u00e9e portes <\/strong>, et autre crucial \u00e9l\u00e9ments que directement impact le portes performance , comme par exemple <strong>une porte coupe-feu charni\u00e8res <\/strong>. Chaque offres diff\u00e9rent avantages en fonction de destin\u00e9 utilisation , b\u00e2timent densit\u00e9 et\u200b s\u00e9curit\u00e9 exigences . Vous pouvez explorer ces produit groupes dans plus d\u00e9tail sous le suivant titres .<\/p>\n<h1><strong>Sortie de secours \u00e0 double volet Portes<\/strong><\/h1>\n<p>Sortie de secours \u00e0 double aile portes sont une sortie de secours privil\u00e9gi\u00e9e mod\u00e8le de porte , notamment dans les b\u00e2timents avec large acc\u00e9der zones ou zones avec haut trafic . Ils fournir significatif commodit\u00e9s dans les zones comme faire du shopping centres commerciaux , h\u00f4pitaux , h\u00f4tels , usines et\u200b entrep\u00f4ts . Leurs grande ouverture conception permet pour facile passage des foules pendant \u00e9vacuations .<\/p>\n<p>Ces portes sont en g\u00e9n\u00e9ral fabriqu\u00e9 avec <strong>r\u00e9sistance au feu de 120 ou 180 minutes <\/strong>options . Quand ferm\u00e9 en cas d&rsquo;incendie, ils sans risque isoler le zone ils sont en place. Syst\u00e8mes sp\u00e9ciaux sont utilis\u00e9 \u00e0 assurer le simultan\u00e9 fonctionnement de\u200b double ailes . De plus , elles fonctionnalit\u00e9 <strong>\u00e9quilibre des ailes m\u00e9canismes que assurer le porte ailes fermer en synchronisation avec chaque autre <\/strong>.<\/p>\n<p>Malgr\u00e9 c&rsquo;est lourd et large la construction , la porte coupe-feu \u00e0 double vantail , construite en acier que r\u00e9siste d\u00e9formation dans le visage de haut temp\u00e9ratures , offres beaucoup des ann\u00e9es sans probl\u00e8me op\u00e9ration . Con\u00e7u \u00e0 ouvrir vers le urgence sortie , si n\u00e9cessaire par r\u00e9glementations , c&rsquo;est souvent \u00e9quip\u00e9 avec un syst\u00e8me de barre anti &#8211; panique . permet le porte \u00e0 ouvrir\u200b rapidement et facilement dans le \u00e9v\u00e9nement chaotique .\u200b<\/p>\n<h2><strong>Sortie de secours vitr\u00e9e Porte<\/strong><\/h2>\n<p>Le sortie de secours vitr\u00e9e La porte est sp\u00e9ciale mod\u00e8le de porte qui rencontre les deux s\u00e9curit\u00e9 et esth\u00e9tique attentes .\u200b ajoute \u00e9l\u00e9gance \u00e0 le int\u00e9rieur alors que aussi assurer un niveau \u00e9lev\u00e9 niveau de s\u00e9curit\u00e9 merci \u00e0 sa r\u00e9sistance au feu verre . Le verre utilis\u00e9 est sp\u00e9cialement fabriqu\u00e9 <strong>r\u00e9sistant \u00e0 la chaleur , tremp\u00e9 , et Verre \u00e0 feu feuillet\u00e9 <\/strong>. Ce verre entretient c&rsquo;est protecteur fonction sans craquement ou \u00e9clatement sous haut temp\u00e9ratures .<\/p>\n<p>Portes coupe-feu vitr\u00e9es sont souvent Pr\u00e9f\u00e9r\u00e9 dans les h\u00f4tels , les bureaux , les commerces centres commerciaux et b\u00e2timents modernes .\u200b cr\u00e9er un plus spacieux apparence et aide \u00e9vacuation parce que fum\u00e9e ou un incendie \u00e0 l&rsquo;int\u00e9rieur peut \u00eatre vu depuis le \u00e0 l&rsquo;ext\u00e9rieur, dans le en cas d&rsquo;incendie.<\/p>\n<p>De plus , les portes coupe-feu vitr\u00e9es peuvent offrir variable degr\u00e9s de chaleur r\u00e9sistance conform\u00e9ment\u200b avec r\u00e9glementations . Sp\u00e9cialis\u00e9es cadres et isolation mat\u00e9riels sont utilis\u00e9 dans le verre zones . Ces portes , utilis\u00e9es pour les deux d\u00e9coratif et s\u00e9curit\u00e9 \u00e0 des fins , peuvent fournir le m\u00eame niveau de protection \u00e9quivalent \u00e0 celui des autres portes coupe-feu mod\u00e8les .<\/p>\n<h2><strong>Porte coupe-feu Charni\u00e8re<\/strong><\/h2>\n<p>Une porte coupe-feu La charni\u00e8re est l&rsquo; une des la plupart important facteurs d\u00e9terminer la valeur d&rsquo; une porte coupe-feu performance . Bien qu&rsquo;elle ressemble \u00e0 une norme porte charni\u00e8re , elle est fabriqu\u00e9e gr\u00e2ce \u00e0 la r\u00e9sistance au feu test . Le portes capacit\u00e9 \u00e0 maintenir sa forme et maintenir c&rsquo;est fermeture sous haut temp\u00e9ratures d\u00e9pend de\u200b la qualit\u00e9 de la charni\u00e8re utilis\u00e9 .<\/p>\n<p>porte coupe-feu charni\u00e8res sont con\u00e7u \u00e0 r\u00e9sister \u00e0 le portes poids . Utilis\u00e9 sur une feuille double ou lourd acier portes , ces charni\u00e8res sont con\u00e7u \u00e0 pr\u00e9venir le porte depuis chute ou affaissement pendant un incendie . assure complet fermeture \u00e0 pr\u00e9venir fum\u00e9e depuis entrer .<\/p>\n<p>\u00e0 ressort charni\u00e8re mod\u00e8les aussi permettre le porte \u00e0 automatiquement fermer si gauche ouvert . Parce que c&rsquo;est crucial pour le porte \u00e0 rester ouvert dans le en cas d&rsquo;incendie, ces charni\u00e8res de mani\u00e8re significative augmenter s\u00e9curit\u00e9 .<\/p>\n<p>Nous sont un leader fabricant en Turquie sp\u00e9cialis\u00e9 dans le production de sorties de secours \u00e9conomiques et de haute qualit\u00e9 portes . Nos portes sont sur mesure \u00e0 rencontrer chaque sp\u00e9cification et dimension , assurant elles s&rsquo;int\u00e8grent parfaitement dans n&rsquo;importe quelle b\u00e2timent design . Fabriqu\u00e9 artisanalement avec le plus haut normes de s\u00e9curit\u00e9 et durabilit\u00e9 , notre sortie de secours portes sont con\u00e7u \u00e0 fournir rapide et fiable \u00e9vacuation solutions dans le En cas d&rsquo; urgence . Fi\u00e8rement. offre turc ing\u00e9nierie excellence , nous assurer que notre produits non seulement atteindre mais d\u00e9passer international s\u00e9curit\u00e9 normes , offrant des services de premier ordre performance et fiabilit\u00e9 \u00e0 un niveau comp\u00e9titif prix .<\/p>\n<p>&nbsp;<\/p>\n","protected":false},"excerpt":{"rendered":"<p>Sortie de secours Portes : un \u00e9l\u00e9ment indispensable de la s\u00e9curit\u00e9 B\u00e2timents Sortie de secours portes sont l&rsquo; un des la plupart critique s\u00e9curit\u00e9 \u00e9l\u00e9ments d&rsquo;un b\u00e2timent , assurant le s\u00fbr \u00e9vacuation des occupants dans le En cas d&rsquo;incendie. Barre de pouss\u00e9e pour porte coupe-feu vitr\u00e9e . sont fabriqu\u00e9 depuis r\u00e9sistant aux hautes temp\u00e9ratures mat\u00e9riels<\/p>\n","protected":false},"featured_media":7675,"template":"","meta":{"_bbp_topic_count":0,"_bbp_reply_count":0,"_bbp_total_topic_count":0,"_bbp_total_reply_count":0,"_bbp_voice_count":0,"_bbp_anonymous_reply_count":0,"_bbp_topic_count_hidden":0,"_bbp_reply_count_hidden":0,"_bbp_forum_subforum_count":0},"product_brand":[],"product_cat":[922],"product_tag":[1039],"class_list":{"0":"post-7662","1":"product","2":"type-product","3":"status-publish","4":"has-post-thumbnail","6":"product_cat-portes-coupe-feu","7":"product_tag-camli-yangin-kapisi","9":"first","10":"instock","11":"shipping-taxable","12":"product-type-simple","13":"prodpage-classic"},"yoast_head":"<!-- This site is optimized with the Yoast SEO Premium plugin v26.6 (Yoast SEO v27.4) - https:\/\/yoast.com\/product\/yoast-seo-premium-wordpress\/ -->\n<title>porte coupe-feu - Porte coupe-feu \u00e0 double battant - Porte coupe-feu<\/title>\n<meta name=\"description\" content=\"Choisissez une porte s\u00fbre et conforme \u00e0 la r\u00e9glementation en vous informant sur les caract\u00e9ristiques des portes coupe-feu \u00e0 double vantail, des portes coupe-feu vitr\u00e9es et des charni\u00e8res pour portes coupe-feu.\" \/>\n<meta name=\"robots\" content=\"index, follow, max-snippet:-1, max-image-preview:large, max-video-preview:-1\" \/>\n<link rel=\"canonical\" href=\"https:\/\/www.kapi.ltd\/fr\/urun\/porte-coupe-feu-4\/\" \/>\n<meta property=\"og:locale\" content=\"fr_FR\" \/>\n<meta property=\"og:type\" content=\"article\" \/>\n<meta property=\"og:title\" content=\"porte coupe-feu\" \/>\n<meta property=\"og:description\" content=\"Choisissez une porte s\u00fbre et conforme \u00e0 la r\u00e9glementation en vous informant sur les caract\u00e9ristiques des portes coupe-feu \u00e0 double vantail, des portes coupe-feu vitr\u00e9es et des charni\u00e8res pour portes coupe-feu.\" \/>\n<meta property=\"og:url\" content=\"https:\/\/www.kapi.ltd\/fr\/urun\/porte-coupe-feu-4\/\" \/>\n<meta property=\"og:site_name\" content=\"\u0130\u00e7 Oda Kap\u0131lar\u0131 - \u00c7elik kap\u0131 modelleri - apartman kap\u0131lar\u0131\" \/>\n<meta property=\"article:modified_time\" content=\"2026-03-03T08:40:35+00:00\" \/>\n<meta property=\"og:image\" content=\"https:\/\/www.kapi.ltd\/wp-content\/uploads\/2025\/11\/yangin-cikis-kapisi.webp\" \/>\n\t<meta property=\"og:image:width\" content=\"650\" \/>\n\t<meta property=\"og:image:height\" content=\"975\" \/>\n\t<meta property=\"og:image:type\" content=\"image\/webp\" \/>\n<meta name=\"twitter:card\" content=\"summary_large_image\" \/>\n<meta name=\"twitter:label1\" content=\"Dur\u00e9e de lecture estim\u00e9e\" \/>\n\t<meta name=\"twitter:data1\" content=\"5 minutes\" \/>\n<script type=\"application\/ld+json\" class=\"yoast-schema-graph\">{\"@context\":\"https:\\\/\\\/schema.org\",\"@graph\":[{\"@type\":\"WebPage\",\"@id\":\"https:\\\/\\\/www.kapi.ltd\\\/fr\\\/urun\\\/porte-coupe-feu-4\\\/\",\"url\":\"https:\\\/\\\/www.kapi.ltd\\\/fr\\\/urun\\\/porte-coupe-feu-4\\\/\",\"name\":\"porte coupe-feu - Porte coupe-feu \u00e0 double battant - Porte coupe-feu\",\"isPartOf\":{\"@id\":\"https:\\\/\\\/www.kapi.ltd\\\/fr\\\/#website\"},\"primaryImageOfPage\":{\"@id\":\"https:\\\/\\\/www.kapi.ltd\\\/fr\\\/urun\\\/porte-coupe-feu-4\\\/#primaryimage\"},\"image\":{\"@id\":\"https:\\\/\\\/www.kapi.ltd\\\/fr\\\/urun\\\/porte-coupe-feu-4\\\/#primaryimage\"},\"thumbnailUrl\":\"https:\\\/\\\/www.kapi.ltd\\\/wp-content\\\/uploads\\\/2025\\\/11\\\/yangin-cikis-kapisi.webp\",\"datePublished\":\"2025-11-27T22:11:29+00:00\",\"dateModified\":\"2026-03-03T08:40:35+00:00\",\"description\":\"Choisissez une porte s\u00fbre et conforme \u00e0 la r\u00e9glementation en vous informant sur les caract\u00e9ristiques des portes coupe-feu \u00e0 double vantail, des portes coupe-feu vitr\u00e9es et des charni\u00e8res pour portes coupe-feu.\",\"breadcrumb\":{\"@id\":\"https:\\\/\\\/www.kapi.ltd\\\/fr\\\/urun\\\/porte-coupe-feu-4\\\/#breadcrumb\"},\"inLanguage\":\"fr-FR\",\"potentialAction\":[{\"@type\":\"ReadAction\",\"target\":[\"https:\\\/\\\/www.kapi.ltd\\\/fr\\\/urun\\\/porte-coupe-feu-4\\\/\"]}]},{\"@type\":\"ImageObject\",\"inLanguage\":\"fr-FR\",\"@id\":\"https:\\\/\\\/www.kapi.ltd\\\/fr\\\/urun\\\/porte-coupe-feu-4\\\/#primaryimage\",\"url\":\"https:\\\/\\\/www.kapi.ltd\\\/wp-content\\\/uploads\\\/2025\\\/11\\\/yangin-cikis-kapisi.webp\",\"contentUrl\":\"https:\\\/\\\/www.kapi.ltd\\\/wp-content\\\/uploads\\\/2025\\\/11\\\/yangin-cikis-kapisi.webp\",\"width\":650,\"height\":975,\"caption\":\"yang\u0131n \u00e7\u0131k\u0131\u015f kap\u0131s\u0131\"},{\"@type\":\"BreadcrumbList\",\"@id\":\"https:\\\/\\\/www.kapi.ltd\\\/fr\\\/urun\\\/porte-coupe-feu-4\\\/#breadcrumb\",\"itemListElement\":[{\"@type\":\"ListItem\",\"position\":1,\"name\":\"Anasayfa\",\"item\":\"https:\\\/\\\/www.kapi.ltd\\\/fr\\\/\"},{\"@type\":\"ListItem\",\"position\":2,\"name\":\"ic-kapi-celik-kapi-modelleri\",\"item\":\"https:\\\/\\\/www.kapi.ltd\\\/?page_id=4263\"},{\"@type\":\"ListItem\",\"position\":3,\"name\":\"porte coupe-feu\"}]},{\"@type\":\"WebSite\",\"@id\":\"https:\\\/\\\/www.kapi.ltd\\\/fr\\\/#website\",\"url\":\"https:\\\/\\\/www.kapi.ltd\\\/fr\\\/\",\"name\":\"\u0130\u00e7 Kap\u0131 Ve \u00c7elik Kap\u0131 Modelleri\",\"description\":\"T\u00fcrkiye Kap\u0131 Modelleri Merkezi\",\"potentialAction\":[{\"@type\":\"SearchAction\",\"target\":{\"@type\":\"EntryPoint\",\"urlTemplate\":\"https:\\\/\\\/www.kapi.ltd\\\/fr\\\/?s={search_term_string}\"},\"query-input\":{\"@type\":\"PropertyValueSpecification\",\"valueRequired\":true,\"valueName\":\"search_term_string\"}}],\"inLanguage\":\"fr-FR\"}]}<\/script>\n<!-- \/ Yoast SEO Premium plugin. -->","yoast_head_json":{"title":"porte coupe-feu - Porte coupe-feu \u00e0 double battant - Porte coupe-feu","description":"Choisissez une porte s\u00fbre et conforme \u00e0 la r\u00e9glementation en vous informant sur les caract\u00e9ristiques des portes coupe-feu \u00e0 double vantail, des portes coupe-feu vitr\u00e9es et des charni\u00e8res pour portes coupe-feu.","robots":{"index":"index","follow":"follow","max-snippet":"max-snippet:-1","max-image-preview":"max-image-preview:large","max-video-preview":"max-video-preview:-1"},"canonical":"https:\/\/www.kapi.ltd\/fr\/urun\/porte-coupe-feu-4\/","og_locale":"fr_FR","og_type":"article","og_title":"porte coupe-feu","og_description":"Choisissez une porte s\u00fbre et conforme \u00e0 la r\u00e9glementation en vous informant sur les caract\u00e9ristiques des portes coupe-feu \u00e0 double vantail, des portes coupe-feu vitr\u00e9es et des charni\u00e8res pour portes coupe-feu.","og_url":"https:\/\/www.kapi.ltd\/fr\/urun\/porte-coupe-feu-4\/","og_site_name":"\u0130\u00e7 Oda Kap\u0131lar\u0131 - \u00c7elik kap\u0131 modelleri - apartman kap\u0131lar\u0131","article_modified_time":"2026-03-03T08:40:35+00:00","og_image":[{"width":650,"height":975,"url":"https:\/\/www.kapi.ltd\/wp-content\/uploads\/2025\/11\/yangin-cikis-kapisi.webp","type":"image\/webp"}],"twitter_card":"summary_large_image","twitter_misc":{"Dur\u00e9e de lecture estim\u00e9e":"5 minutes"},"schema":{"@context":"https:\/\/schema.org","@graph":[{"@type":"WebPage","@id":"https:\/\/www.kapi.ltd\/fr\/urun\/porte-coupe-feu-4\/","url":"https:\/\/www.kapi.ltd\/fr\/urun\/porte-coupe-feu-4\/","name":"porte coupe-feu - Porte coupe-feu \u00e0 double battant - Porte coupe-feu","isPartOf":{"@id":"https:\/\/www.kapi.ltd\/fr\/#website"},"primaryImageOfPage":{"@id":"https:\/\/www.kapi.ltd\/fr\/urun\/porte-coupe-feu-4\/#primaryimage"},"image":{"@id":"https:\/\/www.kapi.ltd\/fr\/urun\/porte-coupe-feu-4\/#primaryimage"},"thumbnailUrl":"https:\/\/www.kapi.ltd\/wp-content\/uploads\/2025\/11\/yangin-cikis-kapisi.webp","datePublished":"2025-11-27T22:11:29+00:00","dateModified":"2026-03-03T08:40:35+00:00","description":"Choisissez une porte s\u00fbre et conforme \u00e0 la r\u00e9glementation en vous informant sur les caract\u00e9ristiques des portes coupe-feu \u00e0 double vantail, des portes coupe-feu vitr\u00e9es et des charni\u00e8res pour portes coupe-feu.","breadcrumb":{"@id":"https:\/\/www.kapi.ltd\/fr\/urun\/porte-coupe-feu-4\/#breadcrumb"},"inLanguage":"fr-FR","potentialAction":[{"@type":"ReadAction","target":["https:\/\/www.kapi.ltd\/fr\/urun\/porte-coupe-feu-4\/"]}]},{"@type":"ImageObject","inLanguage":"fr-FR","@id":"https:\/\/www.kapi.ltd\/fr\/urun\/porte-coupe-feu-4\/#primaryimage","url":"https:\/\/www.kapi.ltd\/wp-content\/uploads\/2025\/11\/yangin-cikis-kapisi.webp","contentUrl":"https:\/\/www.kapi.ltd\/wp-content\/uploads\/2025\/11\/yangin-cikis-kapisi.webp","width":650,"height":975,"caption":"yang\u0131n \u00e7\u0131k\u0131\u015f kap\u0131s\u0131"},{"@type":"BreadcrumbList","@id":"https:\/\/www.kapi.ltd\/fr\/urun\/porte-coupe-feu-4\/#breadcrumb","itemListElement":[{"@type":"ListItem","position":1,"name":"Anasayfa","item":"https:\/\/www.kapi.ltd\/fr\/"},{"@type":"ListItem","position":2,"name":"ic-kapi-celik-kapi-modelleri","item":"https:\/\/www.kapi.ltd\/?page_id=4263"},{"@type":"ListItem","position":3,"name":"porte coupe-feu"}]},{"@type":"WebSite","@id":"https:\/\/www.kapi.ltd\/fr\/#website","url":"https:\/\/www.kapi.ltd\/fr\/","name":"\u0130\u00e7 Kap\u0131 Ve \u00c7elik Kap\u0131 Modelleri","description":"T\u00fcrkiye Kap\u0131 Modelleri Merkezi","potentialAction":[{"@type":"SearchAction","target":{"@type":"EntryPoint","urlTemplate":"https:\/\/www.kapi.ltd\/fr\/?s={search_term_string}"},"query-input":{"@type":"PropertyValueSpecification","valueRequired":true,"valueName":"search_term_string"}}],"inLanguage":"fr-FR"}]}},"_links":{"self":[{"href":"https:\/\/www.kapi.ltd\/fr\/wp-json\/wp\/v2\/product\/7662","targetHints":{"allow":["GET"]}}],"collection":[{"href":"https:\/\/www.kapi.ltd\/fr\/wp-json\/wp\/v2\/product"}],"about":[{"href":"https:\/\/www.kapi.ltd\/fr\/wp-json\/wp\/v2\/types\/product"}],"version-history":[{"count":2,"href":"https:\/\/www.kapi.ltd\/fr\/wp-json\/wp\/v2\/product\/7662\/revisions"}],"predecessor-version":[{"id":9905,"href":"https:\/\/www.kapi.ltd\/fr\/wp-json\/wp\/v2\/product\/7662\/revisions\/9905"}],"wp:featuredmedia":[{"embeddable":true,"href":"https:\/\/www.kapi.ltd\/fr\/wp-json\/wp\/v2\/media\/7675"}],"wp:attachment":[{"href":"https:\/\/www.kapi.ltd\/fr\/wp-json\/wp\/v2\/media?parent=7662"}],"wp:term":[{"taxonomy":"product_brand","embeddable":true,"href":"https:\/\/www.kapi.ltd\/fr\/wp-json\/wp\/v2\/product_brand?post=7662"},{"taxonomy":"product_cat","embeddable":true,"href":"https:\/\/www.kapi.ltd\/fr\/wp-json\/wp\/v2\/product_cat?post=7662"},{"taxonomy":"product_tag","embeddable":true,"href":"https:\/\/www.kapi.ltd\/fr\/wp-json\/wp\/v2\/product_tag?post=7662"}],"curies":[{"name":"wp","href":"https:\/\/api.w.org\/{rel}","templated":true}]}}