{"id":7604,"date":"2025-10-04T09:48:15","date_gmt":"2025-10-04T09:48:15","guid":{"rendered":"https:\/\/www.kapi.ltd\/urun\/membran-kapi\/"},"modified":"2025-11-29T20:53:19","modified_gmt":"2025-11-29T17:53:19","slug":"porte-a-membrane","status":"publish","type":"product","link":"https:\/\/www.kapi.ltd\/fr\/urun\/porte-a-membrane\/","title":{"rendered":"Porte \u00e0 membrane"},"content":{"rendered":"<p>pour l&rsquo;int\u00e9rieur , alliant \u00e9l\u00e9gance et durabilit\u00e9 . Fabriqu\u00e9es avec un rev\u00eatement de surface en PVC de haute qualit\u00e9, elles garantissent une longue dur\u00e9e de vie et s&rsquo;adaptent \u00e0 tous les espaces gr\u00e2ce \u00e0 une grande vari\u00e9t\u00e9 de designs. Des technologies sp\u00e9cifiques sont utilis\u00e9es dans leur production afin d&rsquo;accro\u00eetre leur r\u00e9sistance et de les rendre particuli\u00e8rement r\u00e9sistantes aux rayures.<\/p>\n<p>Une gamme vari\u00e9e de portes int\u00e9rieures \u00e0 membrane est disponible pour s&rsquo;adapter \u00e0 diff\u00e9rents espaces int\u00e9rieurs, alliant \u00e9l\u00e9gance et fonctionnalit\u00e9. Les portes \u00e0 membrane vitr\u00e9es laissent entrer la lumi\u00e8re naturelle tout en pr\u00e9servant l&rsquo;intimit\u00e9. R\u00e9sistantes aux rayures, les surfaces de ces portes \u00e0 membrane supportent les dommages li\u00e9s \u00e0 l&rsquo;usage quotidien et conservent leur aspect d&rsquo;origine durablement.<\/p>\n<p>Les portes \u00e0 membrane offrent un large \u00e9ventail d&rsquo;options, des designs minimalistes aux lignes modernes, cr\u00e9ant ainsi des solutions esth\u00e9tiques pour tous les besoins. Leur fabrication de haute qualit\u00e9 et leur design \u00e9l\u00e9gant apporteront \u00e0 la fois \u00e9l\u00e9gance et s\u00e9curit\u00e9 \u00e0 vos espaces.<\/p>\n<p>int\u00e9rieures modernes qui allient \u00e9l\u00e9gance et durabilit\u00e9 . Fabriqu\u00e9es avec un rev\u00eatement PVC de haute qualit\u00e9, elles sont r\u00e9sistantes aux rayures et garantissent une longue dur\u00e9e de vie. Gr\u00e2ce \u00e0 une vari\u00e9t\u00e9 de designs et de finitions, elles s&rsquo;adaptent \u00e0 tous les espaces. Les portes \u00e0 membrane vitr\u00e9es laissent passer la lumi\u00e8re naturelle tout en pr\u00e9servant votre intimit\u00e9. Leurs surfaces r\u00e9sistantes aux rayures sont extr\u00eamement r\u00e9sistantes aux al\u00e9as du quotidien. Avec leur esth\u00e9tique et leur fonctionnalit\u00e9, les portes \u00e0 membrane valorisent votre int\u00e9rieur. Elles s&rsquo;int\u00e8grent harmonieusement aux styles modernes et classiques. Offrant un large choix de mod\u00e8les pour r\u00e9pondre \u00e0 tous les besoins, elles garantissent \u00e9l\u00e9gance et s\u00e9curit\u00e9. Offrez-vous une nouvelle jeunesse avec des portes \u00e0 membrane PVC de haute qualit\u00e9 et profitez d&rsquo;une utilisation durable.<\/p>\n<p>&nbsp;<\/p>\n","protected":false},"excerpt":{"rendered":"<p>pour l&rsquo;int\u00e9rieur , alliant \u00e9l\u00e9gance et durabilit\u00e9 . Fabriqu\u00e9es avec un rev\u00eatement de surface en PVC de haute qualit\u00e9, elles garantissent une longue dur\u00e9e de vie et s&rsquo;adaptent \u00e0 tous les espaces gr\u00e2ce \u00e0 une grande vari\u00e9t\u00e9 de designs. Des technologies sp\u00e9cifiques sont utilis\u00e9es dans leur production afin d&rsquo;accro\u00eetre leur r\u00e9sistance et de les rendre<\/p>\n","protected":false},"featured_media":7605,"template":"","meta":{"_bbp_topic_count":0,"_bbp_reply_count":0,"_bbp_total_topic_count":0,"_bbp_total_reply_count":0,"_bbp_voice_count":0,"_bbp_anonymous_reply_count":0,"_bbp_topic_count_hidden":0,"_bbp_reply_count_hidden":0,"_bbp_forum_subforum_count":0},"product_brand":[],"product_cat":[931],"product_tag":[],"class_list":{"0":"post-7604","1":"product","2":"type-product","3":"status-publish","4":"has-post-thumbnail","6":"product_cat-portes-interieures-de-luxe","8":"first","9":"instock","10":"shipping-taxable","11":"product-type-simple","12":"prodpage-classic"},"yoast_head":"<!-- This site is optimized with the Yoast SEO Premium plugin v26.6 (Yoast SEO v27.3) - https:\/\/yoast.com\/product\/yoast-seo-premium-wordpress\/ -->\n<title>Mod\u00e8les de portes \u00e0 membrane - porte \u00e0 membrane PVC - Porte \u00e0 membrane<\/title>\n<meta name=\"description\" content=\"La fabrication de portes \u00e0 membrane allie \u00e9l\u00e9gance et durabilit\u00e9. D\u00e9couvrez des solutions p\u00e9rennes avec des mod\u00e8les en verre et des portes \u00e0 membrane r\u00e9sistantes aux rayures.\" \/>\n<meta name=\"robots\" content=\"index, follow, max-snippet:-1, max-image-preview:large, max-video-preview:-1\" \/>\n<link rel=\"canonical\" href=\"https:\/\/www.kapi.ltd\/fr\/urun\/porte-a-membrane\/\" \/>\n<meta property=\"og:locale\" content=\"fr_FR\" \/>\n<meta property=\"og:type\" content=\"article\" \/>\n<meta property=\"og:title\" content=\"Porte \u00e0 membrane\" \/>\n<meta property=\"og:description\" content=\"La fabrication de portes \u00e0 membrane allie \u00e9l\u00e9gance et durabilit\u00e9. D\u00e9couvrez des solutions p\u00e9rennes avec des mod\u00e8les en verre et des portes \u00e0 membrane r\u00e9sistantes aux rayures.\" \/>\n<meta property=\"og:url\" content=\"https:\/\/www.kapi.ltd\/fr\/urun\/porte-a-membrane\/\" \/>\n<meta property=\"og:site_name\" content=\"\u0130\u00e7 Oda Kap\u0131lar\u0131 - \u00c7elik kap\u0131 modelleri - apartman kap\u0131lar\u0131\" \/>\n<meta property=\"article:modified_time\" content=\"2025-11-29T17:53:19+00:00\" \/>\n<meta property=\"og:image\" content=\"https:\/\/www.kapi.ltd\/wp-content\/uploads\/2025\/10\/membran-kapi.webp\" \/>\n\t<meta property=\"og:image:width\" content=\"650\" \/>\n\t<meta property=\"og:image:height\" content=\"922\" \/>\n\t<meta property=\"og:image:type\" content=\"image\/webp\" \/>\n<meta name=\"twitter:card\" content=\"summary_large_image\" \/>\n<meta name=\"twitter:label1\" content=\"Dur\u00e9e de lecture estim\u00e9e\" \/>\n\t<meta name=\"twitter:data1\" content=\"2 minutes\" \/>\n<script type=\"application\/ld+json\" class=\"yoast-schema-graph\">{\"@context\":\"https:\\\/\\\/schema.org\",\"@graph\":[{\"@type\":\"WebPage\",\"@id\":\"https:\\\/\\\/www.kapi.ltd\\\/fr\\\/urun\\\/porte-a-membrane\\\/\",\"url\":\"https:\\\/\\\/www.kapi.ltd\\\/fr\\\/urun\\\/porte-a-membrane\\\/\",\"name\":\"Mod\u00e8les de portes \u00e0 membrane - porte \u00e0 membrane PVC - Porte \u00e0 membrane\",\"isPartOf\":{\"@id\":\"https:\\\/\\\/www.kapi.ltd\\\/fr\\\/#website\"},\"primaryImageOfPage\":{\"@id\":\"https:\\\/\\\/www.kapi.ltd\\\/fr\\\/urun\\\/porte-a-membrane\\\/#primaryimage\"},\"image\":{\"@id\":\"https:\\\/\\\/www.kapi.ltd\\\/fr\\\/urun\\\/porte-a-membrane\\\/#primaryimage\"},\"thumbnailUrl\":\"https:\\\/\\\/www.kapi.ltd\\\/wp-content\\\/uploads\\\/2025\\\/10\\\/membran-kapi.webp\",\"datePublished\":\"2025-10-04T09:48:15+00:00\",\"dateModified\":\"2025-11-29T17:53:19+00:00\",\"description\":\"La fabrication de portes \u00e0 membrane allie \u00e9l\u00e9gance et durabilit\u00e9. D\u00e9couvrez des solutions p\u00e9rennes avec des mod\u00e8les en verre et des portes \u00e0 membrane r\u00e9sistantes aux rayures.\",\"breadcrumb\":{\"@id\":\"https:\\\/\\\/www.kapi.ltd\\\/fr\\\/urun\\\/porte-a-membrane\\\/#breadcrumb\"},\"inLanguage\":\"fr-FR\",\"potentialAction\":[{\"@type\":\"ReadAction\",\"target\":[\"https:\\\/\\\/www.kapi.ltd\\\/fr\\\/urun\\\/porte-a-membrane\\\/\"]}]},{\"@type\":\"ImageObject\",\"inLanguage\":\"fr-FR\",\"@id\":\"https:\\\/\\\/www.kapi.ltd\\\/fr\\\/urun\\\/porte-a-membrane\\\/#primaryimage\",\"url\":\"https:\\\/\\\/www.kapi.ltd\\\/wp-content\\\/uploads\\\/2025\\\/10\\\/membran-kapi.webp\",\"contentUrl\":\"https:\\\/\\\/www.kapi.ltd\\\/wp-content\\\/uploads\\\/2025\\\/10\\\/membran-kapi.webp\",\"width\":650,\"height\":922,\"caption\":\"membran kap\u0131\"},{\"@type\":\"BreadcrumbList\",\"@id\":\"https:\\\/\\\/www.kapi.ltd\\\/fr\\\/urun\\\/porte-a-membrane\\\/#breadcrumb\",\"itemListElement\":[{\"@type\":\"ListItem\",\"position\":1,\"name\":\"Anasayfa\",\"item\":\"https:\\\/\\\/www.kapi.ltd\\\/fr\\\/\"},{\"@type\":\"ListItem\",\"position\":2,\"name\":\"ic-kapi-celik-kapi-modelleri\",\"item\":\"https:\\\/\\\/www.kapi.ltd\\\/?page_id=4263\"},{\"@type\":\"ListItem\",\"position\":3,\"name\":\"Porte \u00e0 membrane\"}]},{\"@type\":\"WebSite\",\"@id\":\"https:\\\/\\\/www.kapi.ltd\\\/fr\\\/#website\",\"url\":\"https:\\\/\\\/www.kapi.ltd\\\/fr\\\/\",\"name\":\"\u0130\u00e7 Kap\u0131 Ve \u00c7elik Kap\u0131 Modelleri\",\"description\":\"T\u00fcrkiye Kap\u0131 Modelleri Merkezi\",\"potentialAction\":[{\"@type\":\"SearchAction\",\"target\":{\"@type\":\"EntryPoint\",\"urlTemplate\":\"https:\\\/\\\/www.kapi.ltd\\\/fr\\\/?s={search_term_string}\"},\"query-input\":{\"@type\":\"PropertyValueSpecification\",\"valueRequired\":true,\"valueName\":\"search_term_string\"}}],\"inLanguage\":\"fr-FR\"}]}<\/script>\n<!-- \/ Yoast SEO Premium plugin. -->","yoast_head_json":{"title":"Mod\u00e8les de portes \u00e0 membrane - porte \u00e0 membrane PVC - Porte \u00e0 membrane","description":"La fabrication de portes \u00e0 membrane allie \u00e9l\u00e9gance et durabilit\u00e9. D\u00e9couvrez des solutions p\u00e9rennes avec des mod\u00e8les en verre et des portes \u00e0 membrane r\u00e9sistantes aux rayures.","robots":{"index":"index","follow":"follow","max-snippet":"max-snippet:-1","max-image-preview":"max-image-preview:large","max-video-preview":"max-video-preview:-1"},"canonical":"https:\/\/www.kapi.ltd\/fr\/urun\/porte-a-membrane\/","og_locale":"fr_FR","og_type":"article","og_title":"Porte \u00e0 membrane","og_description":"La fabrication de portes \u00e0 membrane allie \u00e9l\u00e9gance et durabilit\u00e9. D\u00e9couvrez des solutions p\u00e9rennes avec des mod\u00e8les en verre et des portes \u00e0 membrane r\u00e9sistantes aux rayures.","og_url":"https:\/\/www.kapi.ltd\/fr\/urun\/porte-a-membrane\/","og_site_name":"\u0130\u00e7 Oda Kap\u0131lar\u0131 - \u00c7elik kap\u0131 modelleri - apartman kap\u0131lar\u0131","article_modified_time":"2025-11-29T17:53:19+00:00","og_image":[{"width":650,"height":922,"url":"https:\/\/www.kapi.ltd\/wp-content\/uploads\/2025\/10\/membran-kapi.webp","type":"image\/webp"}],"twitter_card":"summary_large_image","twitter_misc":{"Dur\u00e9e de lecture estim\u00e9e":"2 minutes"},"schema":{"@context":"https:\/\/schema.org","@graph":[{"@type":"WebPage","@id":"https:\/\/www.kapi.ltd\/fr\/urun\/porte-a-membrane\/","url":"https:\/\/www.kapi.ltd\/fr\/urun\/porte-a-membrane\/","name":"Mod\u00e8les de portes \u00e0 membrane - porte \u00e0 membrane PVC - Porte \u00e0 membrane","isPartOf":{"@id":"https:\/\/www.kapi.ltd\/fr\/#website"},"primaryImageOfPage":{"@id":"https:\/\/www.kapi.ltd\/fr\/urun\/porte-a-membrane\/#primaryimage"},"image":{"@id":"https:\/\/www.kapi.ltd\/fr\/urun\/porte-a-membrane\/#primaryimage"},"thumbnailUrl":"https:\/\/www.kapi.ltd\/wp-content\/uploads\/2025\/10\/membran-kapi.webp","datePublished":"2025-10-04T09:48:15+00:00","dateModified":"2025-11-29T17:53:19+00:00","description":"La fabrication de portes \u00e0 membrane allie \u00e9l\u00e9gance et durabilit\u00e9. D\u00e9couvrez des solutions p\u00e9rennes avec des mod\u00e8les en verre et des portes \u00e0 membrane r\u00e9sistantes aux rayures.","breadcrumb":{"@id":"https:\/\/www.kapi.ltd\/fr\/urun\/porte-a-membrane\/#breadcrumb"},"inLanguage":"fr-FR","potentialAction":[{"@type":"ReadAction","target":["https:\/\/www.kapi.ltd\/fr\/urun\/porte-a-membrane\/"]}]},{"@type":"ImageObject","inLanguage":"fr-FR","@id":"https:\/\/www.kapi.ltd\/fr\/urun\/porte-a-membrane\/#primaryimage","url":"https:\/\/www.kapi.ltd\/wp-content\/uploads\/2025\/10\/membran-kapi.webp","contentUrl":"https:\/\/www.kapi.ltd\/wp-content\/uploads\/2025\/10\/membran-kapi.webp","width":650,"height":922,"caption":"membran kap\u0131"},{"@type":"BreadcrumbList","@id":"https:\/\/www.kapi.ltd\/fr\/urun\/porte-a-membrane\/#breadcrumb","itemListElement":[{"@type":"ListItem","position":1,"name":"Anasayfa","item":"https:\/\/www.kapi.ltd\/fr\/"},{"@type":"ListItem","position":2,"name":"ic-kapi-celik-kapi-modelleri","item":"https:\/\/www.kapi.ltd\/?page_id=4263"},{"@type":"ListItem","position":3,"name":"Porte \u00e0 membrane"}]},{"@type":"WebSite","@id":"https:\/\/www.kapi.ltd\/fr\/#website","url":"https:\/\/www.kapi.ltd\/fr\/","name":"\u0130\u00e7 Kap\u0131 Ve \u00c7elik Kap\u0131 Modelleri","description":"T\u00fcrkiye Kap\u0131 Modelleri Merkezi","potentialAction":[{"@type":"SearchAction","target":{"@type":"EntryPoint","urlTemplate":"https:\/\/www.kapi.ltd\/fr\/?s={search_term_string}"},"query-input":{"@type":"PropertyValueSpecification","valueRequired":true,"valueName":"search_term_string"}}],"inLanguage":"fr-FR"}]}},"_links":{"self":[{"href":"https:\/\/www.kapi.ltd\/fr\/wp-json\/wp\/v2\/product\/7604","targetHints":{"allow":["GET"]}}],"collection":[{"href":"https:\/\/www.kapi.ltd\/fr\/wp-json\/wp\/v2\/product"}],"about":[{"href":"https:\/\/www.kapi.ltd\/fr\/wp-json\/wp\/v2\/types\/product"}],"version-history":[{"count":3,"href":"https:\/\/www.kapi.ltd\/fr\/wp-json\/wp\/v2\/product\/7604\/revisions"}],"predecessor-version":[{"id":7788,"href":"https:\/\/www.kapi.ltd\/fr\/wp-json\/wp\/v2\/product\/7604\/revisions\/7788"}],"wp:featuredmedia":[{"embeddable":true,"href":"https:\/\/www.kapi.ltd\/fr\/wp-json\/wp\/v2\/media\/7605"}],"wp:attachment":[{"href":"https:\/\/www.kapi.ltd\/fr\/wp-json\/wp\/v2\/media?parent=7604"}],"wp:term":[{"taxonomy":"product_brand","embeddable":true,"href":"https:\/\/www.kapi.ltd\/fr\/wp-json\/wp\/v2\/product_brand?post=7604"},{"taxonomy":"product_cat","embeddable":true,"href":"https:\/\/www.kapi.ltd\/fr\/wp-json\/wp\/v2\/product_cat?post=7604"},{"taxonomy":"product_tag","embeddable":true,"href":"https:\/\/www.kapi.ltd\/fr\/wp-json\/wp\/v2\/product_tag?post=7604"}],"curies":[{"name":"wp","href":"https:\/\/api.w.org\/{rel}","templated":true}]}}