{"id":7435,"date":"2025-11-24T08:29:41","date_gmt":"2025-11-24T05:29:41","guid":{"rendered":"https:\/\/www.kapi.ltd\/urun\/kompozit-celik-kapi\/"},"modified":"2026-03-03T11:40:58","modified_gmt":"2026-03-03T08:40:58","slug":"porte-en-acier-composite","status":"publish","type":"product","link":"https:\/\/www.kapi.ltd\/fr\/urun\/porte-en-acier-composite\/","title":{"rendered":"porte en acier composite"},"content":{"rendered":"<p>Qu&rsquo;est-ce qu&rsquo;une porte en acier composite\u00a0?<\/p>\n<p>Une porte en acier composite est un type de porte fabriqu\u00e9e \u00e0 partir d&rsquo;une combinaison d&rsquo;acier et de mat\u00e9riaux composites. Elle se distingue par sa durabilit\u00e9, sa s\u00e9curit\u00e9 et son esth\u00e9tique. L&rsquo;acier est un mat\u00e9riau essentiel pour sa robustesse et sa s\u00e9curit\u00e9, tandis que le rev\u00eatement composite apporte esth\u00e9tique, isolation et r\u00e9sistance aux intemp\u00e9ries. Ce rev\u00eatement est g\u00e9n\u00e9ralement compos\u00e9 de mat\u00e9riaux tels que le polyester, le PVC ou la m\u00e9lamine, qui prot\u00e8gent l&rsquo;ext\u00e9rieur des portes en acier et les rendent adapt\u00e9es \u00e0 une utilisation int\u00e9rieure et ext\u00e9rieure. Ces portes peuvent \u00eatre utilis\u00e9es dans de nombreuses applications, des maisons et bureaux aux espaces commerciaux et installations industrielles.<\/p>\n<p>Pourquoi les portes en acier \u00e0 rev\u00eatement composite sont-elles n\u00e9cessaires\u00a0?<\/p>\n<p>Les portes en acier \u00e0 rev\u00eatement composite offrent de nombreux avantages par rapport aux portes en acier traditionnelles. Tout d&rsquo;abord, le rev\u00eatement composite prot\u00e8ge l&rsquo;ext\u00e9rieur de la porte de l&rsquo;humidit\u00e9, des variations de temp\u00e9rature et autres facteurs environnementaux. Cela garantit la durabilit\u00e9 de la porte \u00e0 long terme. En particulier, en ext\u00e9rieur, l&rsquo;exposition constante au soleil, \u00e0 la pluie et \u00e0 l&rsquo;humidit\u00e9 peut entra\u00eener une d\u00e9t\u00e9rioration au fil du temps. Or, les portes en acier \u00e0 rev\u00eatement composite sont tr\u00e8s peu affect\u00e9es par ces effets n\u00e9fastes.<\/p>\n<p>Le bardage composite joue \u00e9galement un r\u00f4le important en mati\u00e8re d&rsquo;esth\u00e9tique. Offrant une vari\u00e9t\u00e9 de couleurs et de motifs, il apporte une touche d&rsquo;\u00e9l\u00e9gance aux espaces int\u00e9rieurs et ext\u00e9rieurs. De plus, il am\u00e9liore consid\u00e9rablement l&rsquo;isolation thermique et acoustique des portes en acier. Cela permet non seulement de r\u00e9aliser des \u00e9conomies d&rsquo;\u00e9nergie, mais aussi d&#8217;emp\u00eacher les bruits ext\u00e9rieurs de p\u00e9n\u00e9trer \u00e0 l&rsquo;int\u00e9rieur, cr\u00e9ant ainsi un environnement plus paisible.<\/p>\n<p>Portes en acier r\u00e9sistantes aux rayons UV<\/p>\n<p>L&rsquo;utilisation de portes en acier \u00e0 l&rsquo;ext\u00e9rieur entra\u00eene souvent des probl\u00e8mes tels que la surchauffe, la d\u00e9coloration et la d\u00e9formation dues au soleil. Cependant, le bardage composite r\u00e9siste \u00e0 ces effets n\u00e9fastes. Alors que les temp\u00e9ratures \u00e9lev\u00e9es dues \u00e0 la lumi\u00e8re directe du soleil peuvent provoquer une d\u00e9t\u00e9rioration, notamment pour les portes de mauvaise qualit\u00e9, les portes en acier avec bardage composite r\u00e9sistent aux rayons UV. Des rev\u00eatements protecteurs sp\u00e9ciaux appliqu\u00e9s au bardage r\u00e9duisent les effets nocifs du soleil, prolongeant ainsi la dur\u00e9e de vie de la porte.<\/p>\n<p>De plus, le bardage composite pr\u00e9vient la d\u00e9coloration et conserve son aspect esth\u00e9tique pendant longtemps. Il offre ainsi un avantage d\u00e9coratif consid\u00e9rable, tant \u00e0 l&rsquo;int\u00e9rieur qu&rsquo;\u00e0 l&rsquo;ext\u00e9rieur.<\/p>\n<p>Portes en acier r\u00e9sistantes \u00e0 la pluie et \u00e0 l&rsquo;humidit\u00e9<\/p>\n<p>La pluie et l&rsquo;humidit\u00e9 comptent parmi les principaux ennemis des portes en acier. Avec le temps, l&rsquo;humidit\u00e9 peut provoquer de la rouille, de la corrosion et une d\u00e9t\u00e9rioration. Cependant, les portes en acier \u00e0 rev\u00eatement composite pr\u00e9viennent ces probl\u00e8mes gr\u00e2ce \u00e0 leurs propri\u00e9t\u00e9s imperm\u00e9ables. Les composants hydrofuges du rev\u00eatement prot\u00e8gent l&rsquo;ext\u00e9rieur de la porte, emp\u00eachant la rouille et la d\u00e9gradation.<\/p>\n<p>Ce type de porte offre un avantage consid\u00e9rable pour les personnes vivant dans des r\u00e9gions pluvieuses et humides. Les rev\u00eatements composites emp\u00eachent l&rsquo;humidit\u00e9 de p\u00e9n\u00e9trer \u00e0 l&rsquo;int\u00e9rieur de la porte, garantissant ainsi sa durabilit\u00e9. De plus, les propri\u00e9t\u00e9s d&rsquo;isolation thermique de la porte emp\u00eachent l&rsquo;humidit\u00e9 de p\u00e9n\u00e9trer \u00e0 l&rsquo;int\u00e9rieur, maintenant ainsi une temp\u00e9rature int\u00e9rieure stable.<\/p>\n<p>Des portes en acier qui restent comme neuves<\/p>\n<p>L&rsquo;un des principaux avantages des portes en acier \u00e0 rev\u00eatement composite est leur long\u00e9vit\u00e9. Les mat\u00e9riaux composites de haute qualit\u00e9 leur assurent une longue dur\u00e9e de vie, tout en conservant leur aspect neuf. Ces portes r\u00e9sistent aux intemp\u00e9ries, minimisant ainsi les besoins d&rsquo;entretien et de r\u00e9paration. Leur construction robuste les rend \u00e9galement tr\u00e8s efficaces en mati\u00e8re de s\u00e9curit\u00e9.<\/p>\n<p>Les portes en acier peuvent souvent pr\u00e9senter des probl\u00e8mes tels que la d\u00e9coloration, la rouille ou la d\u00e9formation lorsqu&rsquo;elles sont expos\u00e9es aux intemp\u00e9ries au fil du temps. Cependant, les rev\u00eatements composites pr\u00e9viennent ces effets ind\u00e9sirables, vous permettant ainsi de conserver une esth\u00e9tique et une fonctionnalit\u00e9 optimales pendant de nombreuses ann\u00e9es.<\/p>\n<p>Conclusion<\/p>\n<p>Les portes en acier composite offrent des avantages consid\u00e9rables en termes de s\u00e9curit\u00e9, de durabilit\u00e9 et d&rsquo;esth\u00e9tique. R\u00e9sistantes aux rayons du soleil, \u00e0 la pluie et \u00e0 l&rsquo;humidit\u00e9, elles garantissent une utilisation ext\u00e9rieure s\u00fbre et durable. De plus, gr\u00e2ce au rev\u00eatement composite, leur dur\u00e9e de vie est prolong\u00e9e, leur aspect esth\u00e9tique est pr\u00e9serv\u00e9 et elles r\u00e9sistent aux agressions ext\u00e9rieures. Par cons\u00e9quent, les portes en acier avec rev\u00eatement composite constituent un choix id\u00e9al pour ceux qui recherchent \u00e0 la fois s\u00e9curit\u00e9 et long\u00e9vit\u00e9.<\/p>\n","protected":false},"excerpt":{"rendered":"<p>Qu&rsquo;est-ce qu&rsquo;une porte en acier composite\u00a0? Une porte en acier composite est un type de porte fabriqu\u00e9e \u00e0 partir d&rsquo;une combinaison d&rsquo;acier et de mat\u00e9riaux composites. Elle se distingue par sa durabilit\u00e9, sa s\u00e9curit\u00e9 et son esth\u00e9tique. L&rsquo;acier est un mat\u00e9riau essentiel pour sa robustesse et sa s\u00e9curit\u00e9, tandis que le rev\u00eatement composite apporte esth\u00e9tique,<\/p>\n","protected":false},"featured_media":7436,"template":"","meta":{"_bbp_topic_count":0,"_bbp_reply_count":0,"_bbp_total_topic_count":0,"_bbp_total_reply_count":0,"_bbp_voice_count":0,"_bbp_anonymous_reply_count":0,"_bbp_topic_count_hidden":0,"_bbp_reply_count_hidden":0,"_bbp_forum_subforum_count":0},"product_brand":[],"product_cat":[1053],"product_tag":[1065],"class_list":{"0":"post-7435","1":"product","2":"type-product","3":"status-publish","4":"has-post-thumbnail","6":"product_cat-porte-composite","7":"product_tag-kompozit-celik-kapi","9":"first","10":"instock","11":"shipping-taxable","12":"product-type-simple","13":"prodpage-classic"},"yoast_head":"<!-- This site is optimized with the Yoast SEO Premium plugin v26.6 (Yoast SEO v27.5) - https:\/\/yoast.com\/product\/yoast-seo-premium-wordpress\/ -->\n<title>porte en acier composite- porte ext\u00e9rieure composite -<\/title>\n<meta name=\"description\" content=\"Ce mod\u00e8le de porte ext\u00e9rieure en acier composite r\u00e9siste aux rayons du soleil et sa couleur ne se d\u00e9colore pas. R\u00e9sistante \u00e0 la pluie, elle conservera son aspect neuf pendant des ann\u00e9es.\" \/>\n<meta name=\"robots\" content=\"index, follow, max-snippet:-1, max-image-preview:large, max-video-preview:-1\" \/>\n<link rel=\"canonical\" href=\"https:\/\/www.kapi.ltd\/fr\/urun\/porte-en-acier-composite\/\" \/>\n<meta property=\"og:locale\" content=\"fr_FR\" \/>\n<meta property=\"og:type\" content=\"article\" \/>\n<meta property=\"og:title\" content=\"porte en acier composite\" \/>\n<meta property=\"og:description\" content=\"Ce mod\u00e8le de porte ext\u00e9rieure en acier composite r\u00e9siste aux rayons du soleil et sa couleur ne se d\u00e9colore pas. R\u00e9sistante \u00e0 la pluie, elle conservera son aspect neuf pendant des ann\u00e9es.\" \/>\n<meta property=\"og:url\" content=\"https:\/\/www.kapi.ltd\/fr\/urun\/porte-en-acier-composite\/\" \/>\n<meta property=\"og:site_name\" content=\"\u0130\u00e7 Oda Kap\u0131lar\u0131 - \u00c7elik kap\u0131 modelleri - apartman kap\u0131lar\u0131\" \/>\n<meta property=\"article:modified_time\" content=\"2026-03-03T08:40:58+00:00\" \/>\n<meta property=\"og:image\" content=\"https:\/\/www.kapi.ltd\/wp-content\/uploads\/2025\/11\/kompozit-celik-kapi.webp\" \/>\n\t<meta property=\"og:image:width\" content=\"650\" \/>\n\t<meta property=\"og:image:height\" content=\"975\" \/>\n\t<meta property=\"og:image:type\" content=\"image\/webp\" \/>\n<meta name=\"twitter:card\" content=\"summary_large_image\" \/>\n<meta name=\"twitter:label1\" content=\"Dur\u00e9e de lecture estim\u00e9e\" \/>\n\t<meta name=\"twitter:data1\" content=\"5 minutes\" \/>\n<script type=\"application\/ld+json\" class=\"yoast-schema-graph\">{\"@context\":\"https:\\\/\\\/schema.org\",\"@graph\":[{\"@type\":\"WebPage\",\"@id\":\"https:\\\/\\\/www.kapi.ltd\\\/fr\\\/urun\\\/porte-en-acier-composite\\\/\",\"url\":\"https:\\\/\\\/www.kapi.ltd\\\/fr\\\/urun\\\/porte-en-acier-composite\\\/\",\"name\":\"porte en acier composite- porte ext\u00e9rieure composite -\",\"isPartOf\":{\"@id\":\"https:\\\/\\\/www.kapi.ltd\\\/fr\\\/#website\"},\"primaryImageOfPage\":{\"@id\":\"https:\\\/\\\/www.kapi.ltd\\\/fr\\\/urun\\\/porte-en-acier-composite\\\/#primaryimage\"},\"image\":{\"@id\":\"https:\\\/\\\/www.kapi.ltd\\\/fr\\\/urun\\\/porte-en-acier-composite\\\/#primaryimage\"},\"thumbnailUrl\":\"https:\\\/\\\/www.kapi.ltd\\\/wp-content\\\/uploads\\\/2025\\\/11\\\/kompozit-celik-kapi.webp\",\"datePublished\":\"2025-11-24T05:29:41+00:00\",\"dateModified\":\"2026-03-03T08:40:58+00:00\",\"description\":\"Ce mod\u00e8le de porte ext\u00e9rieure en acier composite r\u00e9siste aux rayons du soleil et sa couleur ne se d\u00e9colore pas. R\u00e9sistante \u00e0 la pluie, elle conservera son aspect neuf pendant des ann\u00e9es.\",\"breadcrumb\":{\"@id\":\"https:\\\/\\\/www.kapi.ltd\\\/fr\\\/urun\\\/porte-en-acier-composite\\\/#breadcrumb\"},\"inLanguage\":\"fr-FR\",\"potentialAction\":[{\"@type\":\"ReadAction\",\"target\":[\"https:\\\/\\\/www.kapi.ltd\\\/fr\\\/urun\\\/porte-en-acier-composite\\\/\"]}]},{\"@type\":\"ImageObject\",\"inLanguage\":\"fr-FR\",\"@id\":\"https:\\\/\\\/www.kapi.ltd\\\/fr\\\/urun\\\/porte-en-acier-composite\\\/#primaryimage\",\"url\":\"https:\\\/\\\/www.kapi.ltd\\\/wp-content\\\/uploads\\\/2025\\\/11\\\/kompozit-celik-kapi.webp\",\"contentUrl\":\"https:\\\/\\\/www.kapi.ltd\\\/wp-content\\\/uploads\\\/2025\\\/11\\\/kompozit-celik-kapi.webp\",\"width\":650,\"height\":975,\"caption\":\"kompozit \u00e7elik kap\u0131\"},{\"@type\":\"BreadcrumbList\",\"@id\":\"https:\\\/\\\/www.kapi.ltd\\\/fr\\\/urun\\\/porte-en-acier-composite\\\/#breadcrumb\",\"itemListElement\":[{\"@type\":\"ListItem\",\"position\":1,\"name\":\"Anasayfa\",\"item\":\"https:\\\/\\\/www.kapi.ltd\\\/fr\\\/\"},{\"@type\":\"ListItem\",\"position\":2,\"name\":\"ic-kapi-celik-kapi-modelleri\",\"item\":\"https:\\\/\\\/www.kapi.ltd\\\/?page_id=4263\"},{\"@type\":\"ListItem\",\"position\":3,\"name\":\"porte en acier composite\"}]},{\"@type\":\"WebSite\",\"@id\":\"https:\\\/\\\/www.kapi.ltd\\\/fr\\\/#website\",\"url\":\"https:\\\/\\\/www.kapi.ltd\\\/fr\\\/\",\"name\":\"\u0130\u00e7 Kap\u0131 Ve \u00c7elik Kap\u0131 Modelleri\",\"description\":\"T\u00fcrkiye Kap\u0131 Modelleri Merkezi\",\"potentialAction\":[{\"@type\":\"SearchAction\",\"target\":{\"@type\":\"EntryPoint\",\"urlTemplate\":\"https:\\\/\\\/www.kapi.ltd\\\/fr\\\/?s={search_term_string}\"},\"query-input\":{\"@type\":\"PropertyValueSpecification\",\"valueRequired\":true,\"valueName\":\"search_term_string\"}}],\"inLanguage\":\"fr-FR\"}]}<\/script>\n<!-- \/ Yoast SEO Premium plugin. -->","yoast_head_json":{"title":"porte en acier composite- porte ext\u00e9rieure composite -","description":"Ce mod\u00e8le de porte ext\u00e9rieure en acier composite r\u00e9siste aux rayons du soleil et sa couleur ne se d\u00e9colore pas. R\u00e9sistante \u00e0 la pluie, elle conservera son aspect neuf pendant des ann\u00e9es.","robots":{"index":"index","follow":"follow","max-snippet":"max-snippet:-1","max-image-preview":"max-image-preview:large","max-video-preview":"max-video-preview:-1"},"canonical":"https:\/\/www.kapi.ltd\/fr\/urun\/porte-en-acier-composite\/","og_locale":"fr_FR","og_type":"article","og_title":"porte en acier composite","og_description":"Ce mod\u00e8le de porte ext\u00e9rieure en acier composite r\u00e9siste aux rayons du soleil et sa couleur ne se d\u00e9colore pas. R\u00e9sistante \u00e0 la pluie, elle conservera son aspect neuf pendant des ann\u00e9es.","og_url":"https:\/\/www.kapi.ltd\/fr\/urun\/porte-en-acier-composite\/","og_site_name":"\u0130\u00e7 Oda Kap\u0131lar\u0131 - \u00c7elik kap\u0131 modelleri - apartman kap\u0131lar\u0131","article_modified_time":"2026-03-03T08:40:58+00:00","og_image":[{"width":650,"height":975,"url":"https:\/\/www.kapi.ltd\/wp-content\/uploads\/2025\/11\/kompozit-celik-kapi.webp","type":"image\/webp"}],"twitter_card":"summary_large_image","twitter_misc":{"Dur\u00e9e de lecture estim\u00e9e":"5 minutes"},"schema":{"@context":"https:\/\/schema.org","@graph":[{"@type":"WebPage","@id":"https:\/\/www.kapi.ltd\/fr\/urun\/porte-en-acier-composite\/","url":"https:\/\/www.kapi.ltd\/fr\/urun\/porte-en-acier-composite\/","name":"porte en acier composite- porte ext\u00e9rieure composite -","isPartOf":{"@id":"https:\/\/www.kapi.ltd\/fr\/#website"},"primaryImageOfPage":{"@id":"https:\/\/www.kapi.ltd\/fr\/urun\/porte-en-acier-composite\/#primaryimage"},"image":{"@id":"https:\/\/www.kapi.ltd\/fr\/urun\/porte-en-acier-composite\/#primaryimage"},"thumbnailUrl":"https:\/\/www.kapi.ltd\/wp-content\/uploads\/2025\/11\/kompozit-celik-kapi.webp","datePublished":"2025-11-24T05:29:41+00:00","dateModified":"2026-03-03T08:40:58+00:00","description":"Ce mod\u00e8le de porte ext\u00e9rieure en acier composite r\u00e9siste aux rayons du soleil et sa couleur ne se d\u00e9colore pas. R\u00e9sistante \u00e0 la pluie, elle conservera son aspect neuf pendant des ann\u00e9es.","breadcrumb":{"@id":"https:\/\/www.kapi.ltd\/fr\/urun\/porte-en-acier-composite\/#breadcrumb"},"inLanguage":"fr-FR","potentialAction":[{"@type":"ReadAction","target":["https:\/\/www.kapi.ltd\/fr\/urun\/porte-en-acier-composite\/"]}]},{"@type":"ImageObject","inLanguage":"fr-FR","@id":"https:\/\/www.kapi.ltd\/fr\/urun\/porte-en-acier-composite\/#primaryimage","url":"https:\/\/www.kapi.ltd\/wp-content\/uploads\/2025\/11\/kompozit-celik-kapi.webp","contentUrl":"https:\/\/www.kapi.ltd\/wp-content\/uploads\/2025\/11\/kompozit-celik-kapi.webp","width":650,"height":975,"caption":"kompozit \u00e7elik kap\u0131"},{"@type":"BreadcrumbList","@id":"https:\/\/www.kapi.ltd\/fr\/urun\/porte-en-acier-composite\/#breadcrumb","itemListElement":[{"@type":"ListItem","position":1,"name":"Anasayfa","item":"https:\/\/www.kapi.ltd\/fr\/"},{"@type":"ListItem","position":2,"name":"ic-kapi-celik-kapi-modelleri","item":"https:\/\/www.kapi.ltd\/?page_id=4263"},{"@type":"ListItem","position":3,"name":"porte en acier composite"}]},{"@type":"WebSite","@id":"https:\/\/www.kapi.ltd\/fr\/#website","url":"https:\/\/www.kapi.ltd\/fr\/","name":"\u0130\u00e7 Kap\u0131 Ve \u00c7elik Kap\u0131 Modelleri","description":"T\u00fcrkiye Kap\u0131 Modelleri Merkezi","potentialAction":[{"@type":"SearchAction","target":{"@type":"EntryPoint","urlTemplate":"https:\/\/www.kapi.ltd\/fr\/?s={search_term_string}"},"query-input":{"@type":"PropertyValueSpecification","valueRequired":true,"valueName":"search_term_string"}}],"inLanguage":"fr-FR"}]}},"_links":{"self":[{"href":"https:\/\/www.kapi.ltd\/fr\/wp-json\/wp\/v2\/product\/7435","targetHints":{"allow":["GET"]}}],"collection":[{"href":"https:\/\/www.kapi.ltd\/fr\/wp-json\/wp\/v2\/product"}],"about":[{"href":"https:\/\/www.kapi.ltd\/fr\/wp-json\/wp\/v2\/types\/product"}],"version-history":[{"count":2,"href":"https:\/\/www.kapi.ltd\/fr\/wp-json\/wp\/v2\/product\/7435\/revisions"}],"predecessor-version":[{"id":7444,"href":"https:\/\/www.kapi.ltd\/fr\/wp-json\/wp\/v2\/product\/7435\/revisions\/7444"}],"wp:featuredmedia":[{"embeddable":true,"href":"https:\/\/www.kapi.ltd\/fr\/wp-json\/wp\/v2\/media\/7436"}],"wp:attachment":[{"href":"https:\/\/www.kapi.ltd\/fr\/wp-json\/wp\/v2\/media?parent=7435"}],"wp:term":[{"taxonomy":"product_brand","embeddable":true,"href":"https:\/\/www.kapi.ltd\/fr\/wp-json\/wp\/v2\/product_brand?post=7435"},{"taxonomy":"product_cat","embeddable":true,"href":"https:\/\/www.kapi.ltd\/fr\/wp-json\/wp\/v2\/product_cat?post=7435"},{"taxonomy":"product_tag","embeddable":true,"href":"https:\/\/www.kapi.ltd\/fr\/wp-json\/wp\/v2\/product_tag?post=7435"}],"curies":[{"name":"wp","href":"https:\/\/api.w.org\/{rel}","templated":true}]}}