{"id":7407,"date":"2025-10-30T00:48:17","date_gmt":"2025-10-29T21:48:17","guid":{"rendered":"https:\/\/www.kapi.ltd\/urun\/ev-dis-kapisi\/"},"modified":"2025-11-23T22:17:59","modified_gmt":"2025-11-23T19:17:59","slug":"porte-exterieure-de-maison","status":"publish","type":"product","link":"https:\/\/www.kapi.ltd\/fr\/urun\/porte-exterieure-de-maison\/","title":{"rendered":"Porte ext\u00e9rieure de maison"},"content":{"rendered":"<p>Porte d&rsquo;entr\u00e9e en acier au design moderne, coloris anthracite et bois<\/p>\n<p>La porte d&rsquo;entr\u00e9e est un \u00e9l\u00e9ment essentiel pour la s\u00e9curit\u00e9 de votre maison et la transition entre l&rsquo;int\u00e9rieur et l&rsquo;ext\u00e9rieur. Elle s&rsquo;int\u00e8gre harmonieusement \u00e0 la fa\u00e7ade et refl\u00e8te le style de votre espace de vie. Les portes d&rsquo;entr\u00e9e en acier, alliant s\u00e9curit\u00e9 et \u00e9l\u00e9gance, sont devenues incontournables en mati\u00e8re de design int\u00e9rieur et ext\u00e9rieur. D\u00e9couvrez notre nouveau mod\u00e8le de porte d&rsquo;entr\u00e9e en acier, coloris anthracite et bois. Cette porte est id\u00e9ale pour ceux qui recherchent \u00e0 la fois esth\u00e9tique et fonctionnalit\u00e9 !<\/p>\n<p>Un design alliant esth\u00e9tique et s\u00e9curit\u00e9<\/p>\n<p>Notre nouvelle porte d&rsquo;entr\u00e9e en acier est con\u00e7ue pour s\u00e9curiser votre maison tout en sublimant votre fa\u00e7ade moderne. L&rsquo;\u00e9l\u00e9gance et la modernit\u00e9 de la couleur anthracite, associ\u00e9es \u00e0 la chaleur et au naturel du bois, cr\u00e9ent un design intemporel. Cette porte en acier deviendra un atout majeur de votre fa\u00e7ade. L&rsquo;association de l&rsquo;anthracite et du bois est particuli\u00e8rement appr\u00e9ci\u00e9e en architecture contemporaine et s&rsquo;accorde avec tous les styles de maisons.<\/p>\n<p>Lors du choix d&rsquo;une porte d&rsquo;entr\u00e9e, la s\u00e9curit\u00e9 est aussi importante que l&rsquo;esth\u00e9tique. Ce mod\u00e8le de porte d&rsquo;entr\u00e9e en acier allie durabilit\u00e9 et s\u00e9curit\u00e9 gr\u00e2ce \u00e0 sa structure robuste. Sa conception solide offre une protection optimale \u00e0 votre maison contre les agressions ext\u00e9rieures. De plus, la durabilit\u00e9 des mat\u00e9riaux et la long\u00e9vit\u00e9 de sa construction garantissent votre s\u00e9curit\u00e9 pour de nombreuses ann\u00e9es.<\/p>\n<p>Haute qualit\u00e9 et longue dur\u00e9e de vie<\/p>\n<p>Cette porte d&rsquo;entr\u00e9e moderne en acier se distingue non seulement par son esth\u00e9tique, mais aussi par sa robustesse. L&rsquo;acier offre une solution s\u00e9curis\u00e9e et sans entretien pour de nombreuses ann\u00e9es. R\u00e9sistante aux intemp\u00e9ries, elle est insensible aux facteurs ext\u00e9rieurs. Qu&rsquo;il s&rsquo;agisse du soleil, de la pluie ou du vent, cette porte ext\u00e9rieure conserve sa durabilit\u00e9 d&rsquo;origine. De plus, l&rsquo;acier est un mat\u00e9riau naturel, \u00e0 l&rsquo;abri de la rouille et de la corrosion.<\/p>\n<p>Par ailleurs, les d\u00e9tails en bois int\u00e9gr\u00e9s \u00e0 nos portes d&rsquo;entr\u00e9e apportent une touche naturelle et s&rsquo;harmonisent avec votre int\u00e9rieur. Le bois cr\u00e9e une ambiance chaleureuse et confortable, tout en offrant un contraste moderne \u00e0 l&rsquo;ext\u00e9rieur. Les tons froids de l&rsquo;anthracite se marient parfaitement avec la chaleur du bois, pour un r\u00e9sultat visuellement harmonieux.<\/p>\n<p>Fonctionnalit\u00e9 et facilit\u00e9 d&rsquo;utilisation<\/p>\n<p>Chaque invit\u00e9 et toute personne entrant chez vous voit d&rsquo;abord la porte d&rsquo;entr\u00e9e. C&rsquo;est pourquoi sa fonctionnalit\u00e9 est primordiale. Cette porte d&rsquo;entr\u00e9e en acier, qui a fait ses preuves depuis de nombreuses ann\u00e9es, est dot\u00e9e de caract\u00e9ristiques pratiques con\u00e7ues pour une utilisation simplifi\u00e9e. Son m\u00e9canisme d&rsquo;ouverture et de fermeture est fluide et silencieux. De plus, son syst\u00e8me de verrouillage bidirectionnel offre une s\u00e9curit\u00e9 renforc\u00e9e. Ce dispositif constitue une mesure de s\u00e9curit\u00e9 efficace pour emp\u00eacher toute intrusion dans votre domicile.<\/p>\n<p>Outre son esth\u00e9tique, cette porte d&rsquo;entr\u00e9e en acier se distingue \u00e9galement par ses caract\u00e9ristiques pratiques. Ce mod\u00e8le est un excellent choix, notamment pour ceux qui recherchent la praticit\u00e9. Durable et r\u00e9sistante aux intemp\u00e9ries, elle ne n\u00e9cessite aucun entretien.<\/p>\n<p>En conclusion<\/p>\n<p>Choisir une porte d&rsquo;entr\u00e9e est essentiel pour embellir votre maison et garantir sa s\u00e9curit\u00e9. Cette porte en acier moderne, disponible en anthracite et en bois, allie ces deux atouts majeurs, assurant la s\u00e9curit\u00e9 de votre maison tout en sublimant l&rsquo;\u00e9l\u00e9gance de votre fa\u00e7ade. Offrant des performances sup\u00e9rieures en mati\u00e8re de s\u00e9curit\u00e9 et d&rsquo;esth\u00e9tique, cette porte d&rsquo;entr\u00e9e en acier rehaussera le prestige de votre maison et garantira une durabilit\u00e9 \u00e0 long terme.<\/p>\n<p>Si vous souhaitez prot\u00e9ger votre maison tout en mettant en valeur son design ext\u00e9rieur, notre mod\u00e8le de porte ext\u00e9rieure anthracite et bois est le choix id\u00e9al.<\/p>\n","protected":false},"excerpt":{"rendered":"<p>Porte d&rsquo;entr\u00e9e en acier au design moderne, coloris anthracite et bois La porte d&rsquo;entr\u00e9e est un \u00e9l\u00e9ment essentiel pour la s\u00e9curit\u00e9 de votre maison et la transition entre l&rsquo;int\u00e9rieur et l&rsquo;ext\u00e9rieur. Elle s&rsquo;int\u00e8gre harmonieusement \u00e0 la fa\u00e7ade et refl\u00e8te le style de votre espace de vie. Les portes d&rsquo;entr\u00e9e en acier, alliant s\u00e9curit\u00e9 et \u00e9l\u00e9gance,<\/p>\n","protected":false},"featured_media":7408,"template":"","meta":{"_bbp_topic_count":0,"_bbp_reply_count":0,"_bbp_total_topic_count":0,"_bbp_total_reply_count":0,"_bbp_voice_count":0,"_bbp_anonymous_reply_count":0,"_bbp_topic_count_hidden":0,"_bbp_reply_count_hidden":0,"_bbp_forum_subforum_count":0},"product_brand":[],"product_cat":[732],"product_tag":[],"class_list":{"0":"post-7407","1":"product","2":"type-product","3":"status-publish","4":"has-post-thumbnail","6":"product_cat-porte-moderne-en-acier","8":"first","9":"instock","10":"shipping-taxable","11":"product-type-simple","12":"prodpage-classic"},"yoast_head":"<!-- This site is optimized with the Yoast SEO Premium plugin v26.6 (Yoast SEO v27.5) - https:\/\/yoast.com\/product\/yoast-seo-premium-wordpress\/ -->\n<title>Porte ext\u00e9rieure de maison - porte d&#039;entr\u00e9e de la maison % -<\/title>\n<meta name=\"description\" content=\"Les portes d&#039;entr\u00e9e en acier robuste allient s\u00e9curit\u00e9 et \u00e9l\u00e9gance. Disponibles avec des mod\u00e8les modernes.\" \/>\n<meta name=\"robots\" content=\"index, follow, max-snippet:-1, max-image-preview:large, max-video-preview:-1\" \/>\n<link rel=\"canonical\" href=\"https:\/\/www.kapi.ltd\/fr\/urun\/porte-exterieure-de-maison\/\" \/>\n<meta property=\"og:locale\" content=\"fr_FR\" \/>\n<meta property=\"og:type\" content=\"article\" \/>\n<meta property=\"og:title\" content=\"Porte ext\u00e9rieure de maison\" \/>\n<meta property=\"og:description\" content=\"Les portes d&#039;entr\u00e9e en acier robuste allient s\u00e9curit\u00e9 et \u00e9l\u00e9gance. Disponibles avec des mod\u00e8les modernes.\" \/>\n<meta property=\"og:url\" content=\"https:\/\/www.kapi.ltd\/fr\/urun\/porte-exterieure-de-maison\/\" \/>\n<meta property=\"og:site_name\" content=\"\u0130\u00e7 Oda Kap\u0131lar\u0131 - \u00c7elik kap\u0131 modelleri - apartman kap\u0131lar\u0131\" \/>\n<meta property=\"article:modified_time\" content=\"2025-11-23T19:17:59+00:00\" \/>\n<meta property=\"og:image\" content=\"https:\/\/www.kapi.ltd\/wp-content\/uploads\/2025\/10\/ev-dis-kapisi.webp\" \/>\n\t<meta property=\"og:image:width\" content=\"650\" \/>\n\t<meta property=\"og:image:height\" content=\"975\" \/>\n\t<meta property=\"og:image:type\" content=\"image\/webp\" \/>\n<meta name=\"twitter:card\" content=\"summary_large_image\" \/>\n<meta name=\"twitter:label1\" content=\"Dur\u00e9e de lecture estim\u00e9e\" \/>\n\t<meta name=\"twitter:data1\" content=\"4 minutes\" \/>\n<script type=\"application\/ld+json\" class=\"yoast-schema-graph\">{\"@context\":\"https:\\\/\\\/schema.org\",\"@graph\":[{\"@type\":\"WebPage\",\"@id\":\"https:\\\/\\\/www.kapi.ltd\\\/fr\\\/urun\\\/porte-exterieure-de-maison\\\/\",\"url\":\"https:\\\/\\\/www.kapi.ltd\\\/fr\\\/urun\\\/porte-exterieure-de-maison\\\/\",\"name\":\"Porte ext\u00e9rieure de maison - porte d'entr\u00e9e de la maison % -\",\"isPartOf\":{\"@id\":\"https:\\\/\\\/www.kapi.ltd\\\/fr\\\/#website\"},\"primaryImageOfPage\":{\"@id\":\"https:\\\/\\\/www.kapi.ltd\\\/fr\\\/urun\\\/porte-exterieure-de-maison\\\/#primaryimage\"},\"image\":{\"@id\":\"https:\\\/\\\/www.kapi.ltd\\\/fr\\\/urun\\\/porte-exterieure-de-maison\\\/#primaryimage\"},\"thumbnailUrl\":\"https:\\\/\\\/www.kapi.ltd\\\/wp-content\\\/uploads\\\/2025\\\/10\\\/ev-dis-kapisi.webp\",\"datePublished\":\"2025-10-29T21:48:17+00:00\",\"dateModified\":\"2025-11-23T19:17:59+00:00\",\"description\":\"Les portes d'entr\u00e9e en acier robuste allient s\u00e9curit\u00e9 et \u00e9l\u00e9gance. Disponibles avec des mod\u00e8les modernes.\",\"breadcrumb\":{\"@id\":\"https:\\\/\\\/www.kapi.ltd\\\/fr\\\/urun\\\/porte-exterieure-de-maison\\\/#breadcrumb\"},\"inLanguage\":\"fr-FR\",\"potentialAction\":[{\"@type\":\"ReadAction\",\"target\":[\"https:\\\/\\\/www.kapi.ltd\\\/fr\\\/urun\\\/porte-exterieure-de-maison\\\/\"]}]},{\"@type\":\"ImageObject\",\"inLanguage\":\"fr-FR\",\"@id\":\"https:\\\/\\\/www.kapi.ltd\\\/fr\\\/urun\\\/porte-exterieure-de-maison\\\/#primaryimage\",\"url\":\"https:\\\/\\\/www.kapi.ltd\\\/wp-content\\\/uploads\\\/2025\\\/10\\\/ev-dis-kapisi.webp\",\"contentUrl\":\"https:\\\/\\\/www.kapi.ltd\\\/wp-content\\\/uploads\\\/2025\\\/10\\\/ev-dis-kapisi.webp\",\"width\":650,\"height\":975,\"caption\":\"ev d\u0131\u015f kap\u0131s\u0131\"},{\"@type\":\"BreadcrumbList\",\"@id\":\"https:\\\/\\\/www.kapi.ltd\\\/fr\\\/urun\\\/porte-exterieure-de-maison\\\/#breadcrumb\",\"itemListElement\":[{\"@type\":\"ListItem\",\"position\":1,\"name\":\"Anasayfa\",\"item\":\"https:\\\/\\\/www.kapi.ltd\\\/fr\\\/\"},{\"@type\":\"ListItem\",\"position\":2,\"name\":\"ic-kapi-celik-kapi-modelleri\",\"item\":\"https:\\\/\\\/www.kapi.ltd\\\/?page_id=4263\"},{\"@type\":\"ListItem\",\"position\":3,\"name\":\"Porte ext\u00e9rieure de maison\"}]},{\"@type\":\"WebSite\",\"@id\":\"https:\\\/\\\/www.kapi.ltd\\\/fr\\\/#website\",\"url\":\"https:\\\/\\\/www.kapi.ltd\\\/fr\\\/\",\"name\":\"\u0130\u00e7 Kap\u0131 Ve \u00c7elik Kap\u0131 Modelleri\",\"description\":\"T\u00fcrkiye Kap\u0131 Modelleri Merkezi\",\"potentialAction\":[{\"@type\":\"SearchAction\",\"target\":{\"@type\":\"EntryPoint\",\"urlTemplate\":\"https:\\\/\\\/www.kapi.ltd\\\/fr\\\/?s={search_term_string}\"},\"query-input\":{\"@type\":\"PropertyValueSpecification\",\"valueRequired\":true,\"valueName\":\"search_term_string\"}}],\"inLanguage\":\"fr-FR\"}]}<\/script>\n<!-- \/ Yoast SEO Premium plugin. -->","yoast_head_json":{"title":"Porte ext\u00e9rieure de maison - porte d'entr\u00e9e de la maison % -","description":"Les portes d'entr\u00e9e en acier robuste allient s\u00e9curit\u00e9 et \u00e9l\u00e9gance. Disponibles avec des mod\u00e8les modernes.","robots":{"index":"index","follow":"follow","max-snippet":"max-snippet:-1","max-image-preview":"max-image-preview:large","max-video-preview":"max-video-preview:-1"},"canonical":"https:\/\/www.kapi.ltd\/fr\/urun\/porte-exterieure-de-maison\/","og_locale":"fr_FR","og_type":"article","og_title":"Porte ext\u00e9rieure de maison","og_description":"Les portes d'entr\u00e9e en acier robuste allient s\u00e9curit\u00e9 et \u00e9l\u00e9gance. Disponibles avec des mod\u00e8les modernes.","og_url":"https:\/\/www.kapi.ltd\/fr\/urun\/porte-exterieure-de-maison\/","og_site_name":"\u0130\u00e7 Oda Kap\u0131lar\u0131 - \u00c7elik kap\u0131 modelleri - apartman kap\u0131lar\u0131","article_modified_time":"2025-11-23T19:17:59+00:00","og_image":[{"width":650,"height":975,"url":"https:\/\/www.kapi.ltd\/wp-content\/uploads\/2025\/10\/ev-dis-kapisi.webp","type":"image\/webp"}],"twitter_card":"summary_large_image","twitter_misc":{"Dur\u00e9e de lecture estim\u00e9e":"4 minutes"},"schema":{"@context":"https:\/\/schema.org","@graph":[{"@type":"WebPage","@id":"https:\/\/www.kapi.ltd\/fr\/urun\/porte-exterieure-de-maison\/","url":"https:\/\/www.kapi.ltd\/fr\/urun\/porte-exterieure-de-maison\/","name":"Porte ext\u00e9rieure de maison - porte d'entr\u00e9e de la maison % -","isPartOf":{"@id":"https:\/\/www.kapi.ltd\/fr\/#website"},"primaryImageOfPage":{"@id":"https:\/\/www.kapi.ltd\/fr\/urun\/porte-exterieure-de-maison\/#primaryimage"},"image":{"@id":"https:\/\/www.kapi.ltd\/fr\/urun\/porte-exterieure-de-maison\/#primaryimage"},"thumbnailUrl":"https:\/\/www.kapi.ltd\/wp-content\/uploads\/2025\/10\/ev-dis-kapisi.webp","datePublished":"2025-10-29T21:48:17+00:00","dateModified":"2025-11-23T19:17:59+00:00","description":"Les portes d'entr\u00e9e en acier robuste allient s\u00e9curit\u00e9 et \u00e9l\u00e9gance. Disponibles avec des mod\u00e8les modernes.","breadcrumb":{"@id":"https:\/\/www.kapi.ltd\/fr\/urun\/porte-exterieure-de-maison\/#breadcrumb"},"inLanguage":"fr-FR","potentialAction":[{"@type":"ReadAction","target":["https:\/\/www.kapi.ltd\/fr\/urun\/porte-exterieure-de-maison\/"]}]},{"@type":"ImageObject","inLanguage":"fr-FR","@id":"https:\/\/www.kapi.ltd\/fr\/urun\/porte-exterieure-de-maison\/#primaryimage","url":"https:\/\/www.kapi.ltd\/wp-content\/uploads\/2025\/10\/ev-dis-kapisi.webp","contentUrl":"https:\/\/www.kapi.ltd\/wp-content\/uploads\/2025\/10\/ev-dis-kapisi.webp","width":650,"height":975,"caption":"ev d\u0131\u015f kap\u0131s\u0131"},{"@type":"BreadcrumbList","@id":"https:\/\/www.kapi.ltd\/fr\/urun\/porte-exterieure-de-maison\/#breadcrumb","itemListElement":[{"@type":"ListItem","position":1,"name":"Anasayfa","item":"https:\/\/www.kapi.ltd\/fr\/"},{"@type":"ListItem","position":2,"name":"ic-kapi-celik-kapi-modelleri","item":"https:\/\/www.kapi.ltd\/?page_id=4263"},{"@type":"ListItem","position":3,"name":"Porte ext\u00e9rieure de maison"}]},{"@type":"WebSite","@id":"https:\/\/www.kapi.ltd\/fr\/#website","url":"https:\/\/www.kapi.ltd\/fr\/","name":"\u0130\u00e7 Kap\u0131 Ve \u00c7elik Kap\u0131 Modelleri","description":"T\u00fcrkiye Kap\u0131 Modelleri Merkezi","potentialAction":[{"@type":"SearchAction","target":{"@type":"EntryPoint","urlTemplate":"https:\/\/www.kapi.ltd\/fr\/?s={search_term_string}"},"query-input":{"@type":"PropertyValueSpecification","valueRequired":true,"valueName":"search_term_string"}}],"inLanguage":"fr-FR"}]}},"_links":{"self":[{"href":"https:\/\/www.kapi.ltd\/fr\/wp-json\/wp\/v2\/product\/7407","targetHints":{"allow":["GET"]}}],"collection":[{"href":"https:\/\/www.kapi.ltd\/fr\/wp-json\/wp\/v2\/product"}],"about":[{"href":"https:\/\/www.kapi.ltd\/fr\/wp-json\/wp\/v2\/types\/product"}],"version-history":[{"count":2,"href":"https:\/\/www.kapi.ltd\/fr\/wp-json\/wp\/v2\/product\/7407\/revisions"}],"predecessor-version":[{"id":7419,"href":"https:\/\/www.kapi.ltd\/fr\/wp-json\/wp\/v2\/product\/7407\/revisions\/7419"}],"wp:featuredmedia":[{"embeddable":true,"href":"https:\/\/www.kapi.ltd\/fr\/wp-json\/wp\/v2\/media\/7408"}],"wp:attachment":[{"href":"https:\/\/www.kapi.ltd\/fr\/wp-json\/wp\/v2\/media?parent=7407"}],"wp:term":[{"taxonomy":"product_brand","embeddable":true,"href":"https:\/\/www.kapi.ltd\/fr\/wp-json\/wp\/v2\/product_brand?post=7407"},{"taxonomy":"product_cat","embeddable":true,"href":"https:\/\/www.kapi.ltd\/fr\/wp-json\/wp\/v2\/product_cat?post=7407"},{"taxonomy":"product_tag","embeddable":true,"href":"https:\/\/www.kapi.ltd\/fr\/wp-json\/wp\/v2\/product_tag?post=7407"}],"curies":[{"name":"wp","href":"https:\/\/api.w.org\/{rel}","templated":true}]}}