{"id":7273,"date":"2025-10-18T20:45:02","date_gmt":"2025-10-18T17:45:02","guid":{"rendered":"https:\/\/www.kapi.ltd\/urun\/celik-kapilar\/"},"modified":"2025-11-23T11:25:37","modified_gmt":"2025-11-23T08:25:37","slug":"portes-en-acier","status":"publish","type":"product","link":"https:\/\/www.kapi.ltd\/fr\/urun\/portes-en-acier\/","title":{"rendered":"Portes en acier"},"content":{"rendered":"<p>Portes d&rsquo;entr\u00e9e modernes en acier anthracite\u00a0: Design innovant et haute s\u00e9curit\u00e9<\/p>\n<p>La solution id\u00e9ale pour ceux qui recherchent des portes d&rsquo;entr\u00e9e en acier alliant esth\u00e9tique et s\u00e9curit\u00e9\u00a0! Le mod\u00e8le de porte d&rsquo;entr\u00e9e moderne en acier anthracite, avec sa longue poign\u00e9e \u00e0 tirer, arbore un design r\u00e9solument contemporain et \u00e9l\u00e9gant. Ces portes d&rsquo;entr\u00e9e innovantes se distinguent par leur \u00e9l\u00e9gance visuelle et leur robustesse.<\/p>\n<p>Cette porte d&rsquo;entr\u00e9e en acier au design unique renforcera la s\u00e9curit\u00e9 de votre int\u00e9rieur et apportera une touche de modernit\u00e9 \u00e0 votre d\u00e9coration. Avec ces nouvelles portes d&rsquo;entr\u00e9e en acier, \u00e9l\u00e9gance et durabilit\u00e9 sont r\u00e9unies. Elles prot\u00e8gent vos ext\u00e9rieurs et s&rsquo;harmonisent avec votre int\u00e9rieur, s&rsquo;adaptant \u00e0 tous les espaces de vie.<\/p>\n<p>Privil\u00e9giant la s\u00e9curit\u00e9 et la modernit\u00e9, ce nouveau mod\u00e8le de porte d&rsquo;entr\u00e9e en acier valorisera votre espace de vie, vous permettant d&rsquo;affirmer votre style sans compromis sur la s\u00e9curit\u00e9.<\/p>\n","protected":false},"excerpt":{"rendered":"<p>Portes d&rsquo;entr\u00e9e modernes en acier anthracite\u00a0: Design innovant et haute s\u00e9curit\u00e9 La solution id\u00e9ale pour ceux qui recherchent des portes d&rsquo;entr\u00e9e en acier alliant esth\u00e9tique et s\u00e9curit\u00e9\u00a0! Le mod\u00e8le de porte d&rsquo;entr\u00e9e moderne en acier anthracite, avec sa longue poign\u00e9e \u00e0 tirer, arbore un design r\u00e9solument contemporain et \u00e9l\u00e9gant. Ces portes d&rsquo;entr\u00e9e innovantes se distinguent<\/p>\n","protected":false},"featured_media":7274,"template":"","meta":{"_bbp_topic_count":0,"_bbp_reply_count":0,"_bbp_total_topic_count":0,"_bbp_total_reply_count":0,"_bbp_voice_count":0,"_bbp_anonymous_reply_count":0,"_bbp_topic_count_hidden":0,"_bbp_reply_count_hidden":0,"_bbp_forum_subforum_count":0},"product_brand":[],"product_cat":[799],"product_tag":[],"class_list":{"0":"post-7273","1":"product","2":"type-product","3":"status-publish","4":"has-post-thumbnail","6":"product_cat-portes-en-acier-supplementaires","8":"first","9":"instock","10":"shipping-taxable","11":"product-type-simple","12":"prodpage-classic"},"yoast_head":"<!-- This site is optimized with the Yoast SEO Premium plugin v26.6 (Yoast SEO v27.4) - https:\/\/yoast.com\/product\/yoast-seo-premium-wordpress\/ -->\n<title>Portes en acier -<\/title>\n<meta name=\"description\" content=\"Pour ceux qui recherchent un design moderne et innovant parmi les portes en acier, les nouvelles portes en acier offrent \u00e0 la fois \u00e9l\u00e9gance et s\u00e9curit\u00e9.\" \/>\n<meta name=\"robots\" content=\"index, follow, max-snippet:-1, max-image-preview:large, max-video-preview:-1\" \/>\n<link rel=\"canonical\" href=\"https:\/\/www.kapi.ltd\/fr\/urun\/portes-en-acier\/\" \/>\n<meta property=\"og:locale\" content=\"fr_FR\" \/>\n<meta property=\"og:type\" content=\"article\" \/>\n<meta property=\"og:title\" content=\"Portes en acier\" \/>\n<meta property=\"og:description\" content=\"Pour ceux qui recherchent un design moderne et innovant parmi les portes en acier, les nouvelles portes en acier offrent \u00e0 la fois \u00e9l\u00e9gance et s\u00e9curit\u00e9.\" \/>\n<meta property=\"og:url\" content=\"https:\/\/www.kapi.ltd\/fr\/urun\/portes-en-acier\/\" \/>\n<meta property=\"og:site_name\" content=\"\u0130\u00e7 Oda Kap\u0131lar\u0131 - \u00c7elik kap\u0131 modelleri - apartman kap\u0131lar\u0131\" \/>\n<meta property=\"article:modified_time\" content=\"2025-11-23T08:25:37+00:00\" \/>\n<meta property=\"og:image\" content=\"https:\/\/www.kapi.ltd\/wp-content\/uploads\/2025\/10\/celik-kapilar.webp\" \/>\n\t<meta property=\"og:image:width\" content=\"650\" \/>\n\t<meta property=\"og:image:height\" content=\"975\" \/>\n\t<meta property=\"og:image:type\" content=\"image\/webp\" \/>\n<meta name=\"twitter:card\" content=\"summary_large_image\" \/>\n<meta name=\"twitter:label1\" content=\"Dur\u00e9e de lecture estim\u00e9e\" \/>\n\t<meta name=\"twitter:data1\" content=\"2 minutes\" \/>\n<script type=\"application\/ld+json\" class=\"yoast-schema-graph\">{\"@context\":\"https:\\\/\\\/schema.org\",\"@graph\":[{\"@type\":\"WebPage\",\"@id\":\"https:\\\/\\\/www.kapi.ltd\\\/fr\\\/urun\\\/portes-en-acier\\\/\",\"url\":\"https:\\\/\\\/www.kapi.ltd\\\/fr\\\/urun\\\/portes-en-acier\\\/\",\"name\":\"Portes en acier -\",\"isPartOf\":{\"@id\":\"https:\\\/\\\/www.kapi.ltd\\\/fr\\\/#website\"},\"primaryImageOfPage\":{\"@id\":\"https:\\\/\\\/www.kapi.ltd\\\/fr\\\/urun\\\/portes-en-acier\\\/#primaryimage\"},\"image\":{\"@id\":\"https:\\\/\\\/www.kapi.ltd\\\/fr\\\/urun\\\/portes-en-acier\\\/#primaryimage\"},\"thumbnailUrl\":\"https:\\\/\\\/www.kapi.ltd\\\/wp-content\\\/uploads\\\/2025\\\/10\\\/celik-kapilar.webp\",\"datePublished\":\"2025-10-18T17:45:02+00:00\",\"dateModified\":\"2025-11-23T08:25:37+00:00\",\"description\":\"Pour ceux qui recherchent un design moderne et innovant parmi les portes en acier, les nouvelles portes en acier offrent \u00e0 la fois \u00e9l\u00e9gance et s\u00e9curit\u00e9.\",\"breadcrumb\":{\"@id\":\"https:\\\/\\\/www.kapi.ltd\\\/fr\\\/urun\\\/portes-en-acier\\\/#breadcrumb\"},\"inLanguage\":\"fr-FR\",\"potentialAction\":[{\"@type\":\"ReadAction\",\"target\":[\"https:\\\/\\\/www.kapi.ltd\\\/fr\\\/urun\\\/portes-en-acier\\\/\"]}]},{\"@type\":\"ImageObject\",\"inLanguage\":\"fr-FR\",\"@id\":\"https:\\\/\\\/www.kapi.ltd\\\/fr\\\/urun\\\/portes-en-acier\\\/#primaryimage\",\"url\":\"https:\\\/\\\/www.kapi.ltd\\\/wp-content\\\/uploads\\\/2025\\\/10\\\/celik-kapilar.webp\",\"contentUrl\":\"https:\\\/\\\/www.kapi.ltd\\\/wp-content\\\/uploads\\\/2025\\\/10\\\/celik-kapilar.webp\",\"width\":650,\"height\":975,\"caption\":\"\u00e7elik kap\u0131lar\"},{\"@type\":\"BreadcrumbList\",\"@id\":\"https:\\\/\\\/www.kapi.ltd\\\/fr\\\/urun\\\/portes-en-acier\\\/#breadcrumb\",\"itemListElement\":[{\"@type\":\"ListItem\",\"position\":1,\"name\":\"Anasayfa\",\"item\":\"https:\\\/\\\/www.kapi.ltd\\\/fr\\\/\"},{\"@type\":\"ListItem\",\"position\":2,\"name\":\"ic-kapi-celik-kapi-modelleri\",\"item\":\"https:\\\/\\\/www.kapi.ltd\\\/?page_id=4263\"},{\"@type\":\"ListItem\",\"position\":3,\"name\":\"Portes en acier\"}]},{\"@type\":\"WebSite\",\"@id\":\"https:\\\/\\\/www.kapi.ltd\\\/fr\\\/#website\",\"url\":\"https:\\\/\\\/www.kapi.ltd\\\/fr\\\/\",\"name\":\"\u0130\u00e7 Kap\u0131 Ve \u00c7elik Kap\u0131 Modelleri\",\"description\":\"T\u00fcrkiye Kap\u0131 Modelleri Merkezi\",\"potentialAction\":[{\"@type\":\"SearchAction\",\"target\":{\"@type\":\"EntryPoint\",\"urlTemplate\":\"https:\\\/\\\/www.kapi.ltd\\\/fr\\\/?s={search_term_string}\"},\"query-input\":{\"@type\":\"PropertyValueSpecification\",\"valueRequired\":true,\"valueName\":\"search_term_string\"}}],\"inLanguage\":\"fr-FR\"}]}<\/script>\n<!-- \/ Yoast SEO Premium plugin. -->","yoast_head_json":{"title":"Portes en acier -","description":"Pour ceux qui recherchent un design moderne et innovant parmi les portes en acier, les nouvelles portes en acier offrent \u00e0 la fois \u00e9l\u00e9gance et s\u00e9curit\u00e9.","robots":{"index":"index","follow":"follow","max-snippet":"max-snippet:-1","max-image-preview":"max-image-preview:large","max-video-preview":"max-video-preview:-1"},"canonical":"https:\/\/www.kapi.ltd\/fr\/urun\/portes-en-acier\/","og_locale":"fr_FR","og_type":"article","og_title":"Portes en acier","og_description":"Pour ceux qui recherchent un design moderne et innovant parmi les portes en acier, les nouvelles portes en acier offrent \u00e0 la fois \u00e9l\u00e9gance et s\u00e9curit\u00e9.","og_url":"https:\/\/www.kapi.ltd\/fr\/urun\/portes-en-acier\/","og_site_name":"\u0130\u00e7 Oda Kap\u0131lar\u0131 - \u00c7elik kap\u0131 modelleri - apartman kap\u0131lar\u0131","article_modified_time":"2025-11-23T08:25:37+00:00","og_image":[{"width":650,"height":975,"url":"https:\/\/www.kapi.ltd\/wp-content\/uploads\/2025\/10\/celik-kapilar.webp","type":"image\/webp"}],"twitter_card":"summary_large_image","twitter_misc":{"Dur\u00e9e de lecture estim\u00e9e":"2 minutes"},"schema":{"@context":"https:\/\/schema.org","@graph":[{"@type":"WebPage","@id":"https:\/\/www.kapi.ltd\/fr\/urun\/portes-en-acier\/","url":"https:\/\/www.kapi.ltd\/fr\/urun\/portes-en-acier\/","name":"Portes en acier -","isPartOf":{"@id":"https:\/\/www.kapi.ltd\/fr\/#website"},"primaryImageOfPage":{"@id":"https:\/\/www.kapi.ltd\/fr\/urun\/portes-en-acier\/#primaryimage"},"image":{"@id":"https:\/\/www.kapi.ltd\/fr\/urun\/portes-en-acier\/#primaryimage"},"thumbnailUrl":"https:\/\/www.kapi.ltd\/wp-content\/uploads\/2025\/10\/celik-kapilar.webp","datePublished":"2025-10-18T17:45:02+00:00","dateModified":"2025-11-23T08:25:37+00:00","description":"Pour ceux qui recherchent un design moderne et innovant parmi les portes en acier, les nouvelles portes en acier offrent \u00e0 la fois \u00e9l\u00e9gance et s\u00e9curit\u00e9.","breadcrumb":{"@id":"https:\/\/www.kapi.ltd\/fr\/urun\/portes-en-acier\/#breadcrumb"},"inLanguage":"fr-FR","potentialAction":[{"@type":"ReadAction","target":["https:\/\/www.kapi.ltd\/fr\/urun\/portes-en-acier\/"]}]},{"@type":"ImageObject","inLanguage":"fr-FR","@id":"https:\/\/www.kapi.ltd\/fr\/urun\/portes-en-acier\/#primaryimage","url":"https:\/\/www.kapi.ltd\/wp-content\/uploads\/2025\/10\/celik-kapilar.webp","contentUrl":"https:\/\/www.kapi.ltd\/wp-content\/uploads\/2025\/10\/celik-kapilar.webp","width":650,"height":975,"caption":"\u00e7elik kap\u0131lar"},{"@type":"BreadcrumbList","@id":"https:\/\/www.kapi.ltd\/fr\/urun\/portes-en-acier\/#breadcrumb","itemListElement":[{"@type":"ListItem","position":1,"name":"Anasayfa","item":"https:\/\/www.kapi.ltd\/fr\/"},{"@type":"ListItem","position":2,"name":"ic-kapi-celik-kapi-modelleri","item":"https:\/\/www.kapi.ltd\/?page_id=4263"},{"@type":"ListItem","position":3,"name":"Portes en acier"}]},{"@type":"WebSite","@id":"https:\/\/www.kapi.ltd\/fr\/#website","url":"https:\/\/www.kapi.ltd\/fr\/","name":"\u0130\u00e7 Kap\u0131 Ve \u00c7elik Kap\u0131 Modelleri","description":"T\u00fcrkiye Kap\u0131 Modelleri Merkezi","potentialAction":[{"@type":"SearchAction","target":{"@type":"EntryPoint","urlTemplate":"https:\/\/www.kapi.ltd\/fr\/?s={search_term_string}"},"query-input":{"@type":"PropertyValueSpecification","valueRequired":true,"valueName":"search_term_string"}}],"inLanguage":"fr-FR"}]}},"_links":{"self":[{"href":"https:\/\/www.kapi.ltd\/fr\/wp-json\/wp\/v2\/product\/7273","targetHints":{"allow":["GET"]}}],"collection":[{"href":"https:\/\/www.kapi.ltd\/fr\/wp-json\/wp\/v2\/product"}],"about":[{"href":"https:\/\/www.kapi.ltd\/fr\/wp-json\/wp\/v2\/types\/product"}],"version-history":[{"count":2,"href":"https:\/\/www.kapi.ltd\/fr\/wp-json\/wp\/v2\/product\/7273\/revisions"}],"predecessor-version":[{"id":7302,"href":"https:\/\/www.kapi.ltd\/fr\/wp-json\/wp\/v2\/product\/7273\/revisions\/7302"}],"wp:featuredmedia":[{"embeddable":true,"href":"https:\/\/www.kapi.ltd\/fr\/wp-json\/wp\/v2\/media\/7274"}],"wp:attachment":[{"href":"https:\/\/www.kapi.ltd\/fr\/wp-json\/wp\/v2\/media?parent=7273"}],"wp:term":[{"taxonomy":"product_brand","embeddable":true,"href":"https:\/\/www.kapi.ltd\/fr\/wp-json\/wp\/v2\/product_brand?post=7273"},{"taxonomy":"product_cat","embeddable":true,"href":"https:\/\/www.kapi.ltd\/fr\/wp-json\/wp\/v2\/product_cat?post=7273"},{"taxonomy":"product_tag","embeddable":true,"href":"https:\/\/www.kapi.ltd\/fr\/wp-json\/wp\/v2\/product_tag?post=7273"}],"curies":[{"name":"wp","href":"https:\/\/api.w.org\/{rel}","templated":true}]}}